{"id":3440,"date":"2023-06-24T17:12:29","date_gmt":"2023-06-24T15:12:29","guid":{"rendered":"https:\/\/siemoneit.de\/produkt\/carbon-endrohrset-oval\/"},"modified":"2025-03-14T18:13:45","modified_gmt":"2025-03-14T17:13:45","slug":"kit-de-sortie-carbone-ovale","status":"publish","type":"product","link":"https:\/\/siemoneit.de\/fr\/boutique\/kit-de-sortie-carbone-ovale\/","title":{"rendered":"Kit de sortie d'\u00e9chappement en carbone, ovale"},"content":{"rendered":"<p><strong>Le tuyau d'\u00e9chappement est \u00e0 peu pr\u00e8s la seule partie du pot d'\u00e9chappement que l'on voit vraiment.<br \/>Si vous souhaitez personnaliser votre v\u00e9hicule non seulement sur le plan sonore mais aussi sur le plan visuel, vous pouvez choisir librement le tuyau d'\u00e9chappement qui s'adapte \u00e0 nos propres syst\u00e8mes d'\u00e9chappement.<\/strong><br \/><strong>Les sorties d'\u00e9chappement peuvent \u00e9galement \u00eatre mont\u00e9es sur des syst\u00e8mes d'\u00e9chappement existants - contactez-nous !<\/strong><\/p>\n<p><em>Contient<\/em><br \/><em>- un jeu d'embouts ovales en fibre de carbone de haute qualit\u00e9<\/em><br \/><em>- Colliers d'\u00e9chappement en acier inoxydable pour le montage<\/em><\/p>","protected":false},"excerpt":{"rendered":"<p>Le tuyau d'\u00e9chappement est la seule partie du pot d'\u00e9chappement que l'on voit vraiment. Si vous voulez personnaliser votre v\u00e9hicule non seulement au niveau sonore mais aussi au niveau visuel, vous pouvez choisir librement le tuyau d'\u00e9chappement qui s'adapte \u00e0 nos propres syst\u00e8mes d'\u00e9chappement. Vous pouvez \u00e9galement monter les tuyaux d'\u00e9chappement sur des syst\u00e8mes d'\u00e9chappement existants - contactez-nous ! Contient:- un ... <a title=\"Kit de sortie d&#039;\u00e9chappement en carbone, ovale\" class=\"read-more\" href=\"https:\/\/siemoneit.de\/fr\/boutique\/kit-de-sortie-carbone-ovale\/\" aria-label=\"En savoir plus sur Kit d&#039;\u00e9chappement en carbone, ovale\">Lire la suite<\/a><\/p>","protected":false},"featured_media":1422,"template":"","meta":{"_acf_changed":false},"product_brand":[239],"product_cat":[237,167,177],"product_tag":[],"class_list":{"0":"post-3440","1":"product","2":"type-product","3":"status-publish","4":"has-post-thumbnail","6":"product_brand-siemoneit-gmbh","7":"product_cat-endrohr","8":"product_cat-abgasanlagenzubehoer","9":"product_cat-tuning","11":"first","12":"instock","13":"taxable","14":"shipping-taxable","15":"product-type-variable","16":"has-default-attributes"},"acf":[],"yoast_head":"<!-- This site is optimized with the Yoast SEO plugin v26.6 - https:\/\/yoast.com\/wordpress\/plugins\/seo\/ -->\n<title>Carbon Endrohrset, oval - Siemoneit GmbH<\/title>\n<meta name=\"robots\" content=\"index, follow, max-snippet:-1, max-image-preview:large, max-video-preview:-1\" \/>\n<link rel=\"canonical\" href=\"https:\/\/siemoneit.de\/fr\/boutique\/kit-de-sortie-carbone-ovale\/\" \/>\n<meta property=\"og:locale\" content=\"fr_FR\" \/>\n<meta property=\"og:type\" content=\"article\" \/>\n<meta property=\"og:title\" content=\"Carbon Endrohrset, oval - Siemoneit GmbH\" \/>\n<meta property=\"og:description\" content=\"Das Endrohr ist so ziemlich das einzige Teil vom Auspuff, was man wirklich sieht.Wenn Ihr euer Fahrzeug also nicht nur klangtechnisch sondern auch noch optisch individualisieren wollt, k\u00f6nnt Ihr passend zu unseren hauseigenen Abgasanlagen auch das Endrohr frei w\u00e4hlen.Die Endrohre k\u00f6nnt Ihr auch bei vorhandenen Abgasanlagen montieren \u2013 Sprecht uns daf\u00fcr einfach an! Enth\u00e4lt:\u2013 ein ... Lire la suite\" \/>\n<meta property=\"og:url\" content=\"https:\/\/siemoneit.de\/fr\/boutique\/kit-de-sortie-carbone-ovale\/\" \/>\n<meta property=\"og:site_name\" content=\"Siemoneit GmbH\" \/>\n<meta property=\"article:publisher\" content=\"https:\/\/www.facebook.com\/siemoneit.racing\" \/>\n<meta property=\"article:modified_time\" content=\"2025-03-14T17:13:45+00:00\" \/>\n<meta property=\"og:image\" content=\"https:\/\/siemoneit.de\/wp-content\/uploads\/2023\/05\/17017_product_63819.jpg\" \/>\n\t<meta property=\"og:image:width\" content=\"430\" \/>\n\t<meta property=\"og:image:height\" content=\"297\" \/>\n\t<meta property=\"og:image:type\" content=\"image\/jpeg\" \/>\n<meta name=\"twitter:card\" content=\"summary_large_image\" \/>\n<meta name=\"twitter:label1\" content=\"Dur\u00e9e de lecture estim\u00e9e\" \/>\n\t<meta name=\"twitter:data1\" content=\"1 minute\" \/>\n<script type=\"application\/ld+json\" class=\"yoast-schema-graph\">{\"@context\":\"https:\/\/schema.org\",\"@graph\":[{\"@type\":\"WebPage\",\"@id\":\"https:\/\/siemoneit.de\/shop\/carbon-endrohrset-oval\/\",\"url\":\"https:\/\/siemoneit.de\/shop\/carbon-endrohrset-oval\/\",\"name\":\"Carbon Endrohrset, oval - Siemoneit GmbH\",\"isPartOf\":{\"@id\":\"https:\/\/siemoneit.de\/#website\"},\"primaryImageOfPage\":{\"@id\":\"https:\/\/siemoneit.de\/shop\/carbon-endrohrset-oval\/#primaryimage\"},\"image\":{\"@id\":\"https:\/\/siemoneit.de\/shop\/carbon-endrohrset-oval\/#primaryimage\"},\"thumbnailUrl\":\"https:\/\/siemoneit.de\/wp-content\/uploads\/2023\/05\/17017_product_63819.jpg\",\"datePublished\":\"2023-06-24T15:12:29+00:00\",\"dateModified\":\"2025-03-14T17:13:45+00:00\",\"breadcrumb\":{\"@id\":\"https:\/\/siemoneit.de\/shop\/carbon-endrohrset-oval\/#breadcrumb\"},\"inLanguage\":\"fr-FR\",\"potentialAction\":[{\"@type\":\"ReadAction\",\"target\":[\"https:\/\/siemoneit.de\/shop\/carbon-endrohrset-oval\/\"]}]},{\"@type\":\"ImageObject\",\"inLanguage\":\"fr-FR\",\"@id\":\"https:\/\/siemoneit.de\/shop\/carbon-endrohrset-oval\/#primaryimage\",\"url\":\"https:\/\/siemoneit.de\/wp-content\/uploads\/2023\/05\/17017_product_63819.jpg\",\"contentUrl\":\"https:\/\/siemoneit.de\/wp-content\/uploads\/2023\/05\/17017_product_63819.jpg\",\"width\":430,\"height\":297},{\"@type\":\"BreadcrumbList\",\"@id\":\"https:\/\/siemoneit.de\/shop\/carbon-endrohrset-oval\/#breadcrumb\",\"itemListElement\":[{\"@type\":\"ListItem\",\"position\":1,\"name\":\"Startseite\",\"item\":\"https:\/\/siemoneit.de\/\"},{\"@type\":\"ListItem\",\"position\":2,\"name\":\"Shop\",\"item\":\"https:\/\/siemoneit.de\/shop\/\"},{\"@type\":\"ListItem\",\"position\":3,\"name\":\"Carbon Endrohrset, oval\"}]},{\"@type\":\"WebSite\",\"@id\":\"https:\/\/siemoneit.de\/#website\",\"url\":\"https:\/\/siemoneit.de\/\",\"name\":\"Siemoneit GmbH\",\"description\":\"\",\"publisher\":{\"@id\":\"https:\/\/siemoneit.de\/#organization\"},\"potentialAction\":[{\"@type\":\"SearchAction\",\"target\":{\"@type\":\"EntryPoint\",\"urlTemplate\":\"https:\/\/siemoneit.de\/?s={search_term_string}\"},\"query-input\":{\"@type\":\"PropertyValueSpecification\",\"valueRequired\":true,\"valueName\":\"search_term_string\"}}],\"inLanguage\":\"fr-FR\"},{\"@type\":\"Organization\",\"@id\":\"https:\/\/siemoneit.de\/#organization\",\"name\":\"Siemoneit GmbH\",\"url\":\"https:\/\/siemoneit.de\/\",\"logo\":{\"@type\":\"ImageObject\",\"inLanguage\":\"fr-FR\",\"@id\":\"https:\/\/siemoneit.de\/#\/schema\/logo\/image\/\",\"url\":\"https:\/\/siemoneit.de\/wp-content\/uploads\/2023\/04\/images-removebg-preview.png\",\"contentUrl\":\"https:\/\/siemoneit.de\/wp-content\/uploads\/2023\/04\/images-removebg-preview.png\",\"width\":225,\"height\":225,\"caption\":\"Siemoneit GmbH\"},\"image\":{\"@id\":\"https:\/\/siemoneit.de\/#\/schema\/logo\/image\/\"},\"sameAs\":[\"https:\/\/www.facebook.com\/siemoneit.racing\",\"https:\/\/www.instagram.com\/siemoneit_racing\/\"]}]}<\/script>\n<!-- \/ Yoast SEO plugin. -->","yoast_head_json":{"title":"Kit de sortie d'\u00e9chappement en carbone, ovale - Siemoneit GmbH","robots":{"index":"index","follow":"follow","max-snippet":"max-snippet:-1","max-image-preview":"max-image-preview:large","max-video-preview":"max-video-preview:-1"},"canonical":"https:\/\/siemoneit.de\/fr\/boutique\/kit-de-sortie-carbone-ovale\/","og_locale":"fr_FR","og_type":"article","og_title":"Carbon Endrohrset, oval - Siemoneit GmbH","og_description":"Das Endrohr ist so ziemlich das einzige Teil vom Auspuff, was man wirklich sieht.Wenn Ihr euer Fahrzeug also nicht nur klangtechnisch sondern auch noch optisch individualisieren wollt, k\u00f6nnt Ihr passend zu unseren hauseigenen Abgasanlagen auch das Endrohr frei w\u00e4hlen.Die Endrohre k\u00f6nnt Ihr auch bei vorhandenen Abgasanlagen montieren \u2013 Sprecht uns daf\u00fcr einfach an! Enth\u00e4lt:\u2013 ein ... Lire la suite","og_url":"https:\/\/siemoneit.de\/fr\/boutique\/kit-de-sortie-carbone-ovale\/","og_site_name":"Siemoneit GmbH","article_publisher":"https:\/\/www.facebook.com\/siemoneit.racing","article_modified_time":"2025-03-14T17:13:45+00:00","og_image":[{"width":430,"height":297,"url":"https:\/\/siemoneit.de\/wp-content\/uploads\/2023\/05\/17017_product_63819.jpg","type":"image\/jpeg"}],"twitter_card":"summary_large_image","twitter_misc":{"Dur\u00e9e de lecture estim\u00e9e":"1 minute"},"schema":{"@context":"https:\/\/schema.org","@graph":[{"@type":"WebPage","@id":"https:\/\/siemoneit.de\/shop\/carbon-endrohrset-oval\/","url":"https:\/\/siemoneit.de\/shop\/carbon-endrohrset-oval\/","name":"Kit de sortie d'\u00e9chappement en carbone, ovale - Siemoneit GmbH","isPartOf":{"@id":"https:\/\/siemoneit.de\/#website"},"primaryImageOfPage":{"@id":"https:\/\/siemoneit.de\/shop\/carbon-endrohrset-oval\/#primaryimage"},"image":{"@id":"https:\/\/siemoneit.de\/shop\/carbon-endrohrset-oval\/#primaryimage"},"thumbnailUrl":"https:\/\/siemoneit.de\/wp-content\/uploads\/2023\/05\/17017_product_63819.jpg","datePublished":"2023-06-24T15:12:29+00:00","dateModified":"2025-03-14T17:13:45+00:00","breadcrumb":{"@id":"https:\/\/siemoneit.de\/shop\/carbon-endrohrset-oval\/#breadcrumb"},"inLanguage":"fr-FR","potentialAction":[{"@type":"ReadAction","target":["https:\/\/siemoneit.de\/shop\/carbon-endrohrset-oval\/"]}]},{"@type":"ImageObject","inLanguage":"fr-FR","@id":"https:\/\/siemoneit.de\/shop\/carbon-endrohrset-oval\/#primaryimage","url":"https:\/\/siemoneit.de\/wp-content\/uploads\/2023\/05\/17017_product_63819.jpg","contentUrl":"https:\/\/siemoneit.de\/wp-content\/uploads\/2023\/05\/17017_product_63819.jpg","width":430,"height":297},{"@type":"BreadcrumbList","@id":"https:\/\/siemoneit.de\/shop\/carbon-endrohrset-oval\/#breadcrumb","itemListElement":[{"@type":"ListItem","position":1,"name":"Startseite","item":"https:\/\/siemoneit.de\/"},{"@type":"ListItem","position":2,"name":"Shop","item":"https:\/\/siemoneit.de\/shop\/"},{"@type":"ListItem","position":3,"name":"Carbon Endrohrset, oval"}]},{"@type":"WebSite","@id":"https:\/\/siemoneit.de\/#website","url":"https:\/\/siemoneit.de\/","name":"Siemoneit GmbH","description":"","publisher":{"@id":"https:\/\/siemoneit.de\/#organization"},"potentialAction":[{"@type":"SearchAction","target":{"@type":"EntryPoint","urlTemplate":"https:\/\/siemoneit.de\/?s={search_term_string}"},"query-input":{"@type":"PropertyValueSpecification","valueRequired":true,"valueName":"search_term_string"}}],"inLanguage":"fr-FR"},{"@type":"Organization","@id":"https:\/\/siemoneit.de\/#organization","name":"Siemoneit GmbH","url":"https:\/\/siemoneit.de\/","logo":{"@type":"ImageObject","inLanguage":"fr-FR","@id":"https:\/\/siemoneit.de\/#\/schema\/logo\/image\/","url":"https:\/\/siemoneit.de\/wp-content\/uploads\/2023\/04\/images-removebg-preview.png","contentUrl":"https:\/\/siemoneit.de\/wp-content\/uploads\/2023\/04\/images-removebg-preview.png","width":225,"height":225,"caption":"Siemoneit GmbH"},"image":{"@id":"https:\/\/siemoneit.de\/#\/schema\/logo\/image\/"},"sameAs":["https:\/\/www.facebook.com\/siemoneit.racing","https:\/\/www.instagram.com\/siemoneit_racing\/"]}]}},"_links":{"self":[{"href":"https:\/\/siemoneit.de\/fr\/wp-json\/wp\/v2\/product\/3440","targetHints":{"allow":["GET"]}}],"collection":[{"href":"https:\/\/siemoneit.de\/fr\/wp-json\/wp\/v2\/product"}],"about":[{"href":"https:\/\/siemoneit.de\/fr\/wp-json\/wp\/v2\/types\/product"}],"wp:featuredmedia":[{"embeddable":true,"href":"https:\/\/siemoneit.de\/fr\/wp-json\/wp\/v2\/media\/1422"}],"wp:attachment":[{"href":"https:\/\/siemoneit.de\/fr\/wp-json\/wp\/v2\/media?parent=3440"}],"wp:term":[{"taxonomy":"product_brand","embeddable":true,"href":"https:\/\/siemoneit.de\/fr\/wp-json\/wp\/v2\/product_brand?post=3440"},{"taxonomy":"product_cat","embeddable":true,"href":"https:\/\/siemoneit.de\/fr\/wp-json\/wp\/v2\/product_cat?post=3440"},{"taxonomy":"product_tag","embeddable":true,"href":"https:\/\/siemoneit.de\/fr\/wp-json\/wp\/v2\/product_tag?post=3440"}],"curies":[{"name":"wp","href":"https:\/\/api.w.org\/{rel}","templated":true}]}}