{"id":3423,"date":"2023-06-24T17:12:26","date_gmt":"2023-06-24T15:12:26","guid":{"rendered":"https:\/\/siemoneit.de\/produkt\/wagner-competition-ladeluftkuehler-kit-vag-16-20-tdi\/"},"modified":"2023-06-24T20:14:32","modified_gmt":"2023-06-24T18:14:32","slug":"wagner-competition-kit-refroidisseur-dair-de-suralimentation-vag-16-20-tdi","status":"publish","type":"product","link":"https:\/\/siemoneit.de\/fr\/boutique\/wagner-competition-kit-refroidisseur-dair-de-suralimentation-vag-16-20-tdi\/","title":{"rendered":"WAGNER Competition Kit refroidisseur d'air de suralimentation VAG 1,6 \/ 2,0 TDI"},"content":{"rendered":"<p>Le refroidisseur d'air de suralimentation Competition a les dimensions suivantes (610mm x 440mm x 65mm) et offre ainsi une surface d'\u00e9coulement sup\u00e9rieure de 10% et un volume d'air de suralimentation sup\u00e9rieur de 50% par rapport au refroidisseur d'air de suralimentation Audi S3 d'origine. Le nouveau r\u00e9seau haute performance Competition garantit un flux d'air suffisant pour les composants adjacents, comme par exemple le radiateur d'eau, et est en outre tr\u00e8s l\u00e9ger (S3 OEM 8kg\/ WAGNERTUNING 9,2kg). Bo\u00eetiers d'extr\u00e9mit\u00e9 de forme libre en fonte d'aluminium d\u00e9velopp\u00e9s en CAO pour un flux d'air interne optimal. L'entr\u00e9e et la sortie ont \u00e9t\u00e9 agrandies (\u00d8 67mm), c'est pourquoi ce kit est livr\u00e9 avec des tuyaux en silicone adapt\u00e9s. Dans l'ensemble, ce refroidisseur d'air de suralimentation a beaucoup moins de contre-pression que le refroidisseur de s\u00e9rie. De plus, tous nos refroidisseurs d'air de suralimentation sont dot\u00e9s d'un rev\u00eatement anti-corrosion avec des propri\u00e9t\u00e9s de conduction thermique. Cela garantit un refroidissement optimal avec une nette augmentation de la puissance. Le montage s'effectue par le remplacement du refroidisseur d'air de suralimentation OEM et est facile \u00e0 r\u00e9aliser. Tous nos produits sont soumis \u00e0 un contr\u00f4le de qualit\u00e9 permanent. Disponible d\u00e8s maintenant avec une expertise T\u00dcV pour de nombreux v\u00e9hicules. Le diam\u00e8tre de raccordement est de 67 mm des deux c\u00f4t\u00e9s.<\/p>\n<p>Le kit de refroidisseur d'air de suralimentation WAGNERTUNING Competition pour le moteur VAG 1,6 \/ 2,0 TDI avec injection \u00e0 rampe commune est adapt\u00e9 aux v\u00e9hicules suivants.<br \/>\nLettres d'identification du moteur : CBAA,CBAB, CBAC, CBDB, CBDC, CBBB, CAYC, CLCA,CLCB, CFHC,CFHF, CEGA, CFFB,CFGB, CLJA, CAYB, CFJA, CFJB, CFHC, CJAA<\/p>\n<p>Audi A3 1,6 TDI 77KW\/105PS (2009-2013)<br \/>\nAudi A3 2,0 TDI 103-125KW\/140-170PS (2008-2013)<br \/>\nAudi TT 2,0 TDI 125KW\/170PS (2008-2014)<\/p>\n<p>VW Golf 6 1,6 TDI 77KW\/105PS (2009-2013)<br \/>\nVW Golf 6 2,0 TDI 103KW\/140PS (2008-2012)<br \/>\nVW Golf 6 GTD 125KW\/170PS (2009-2012)<br \/>\nVW Jetta 6 1,6TDI 77KW\/105PS(2010-2013)<br \/>\nVW Jetta 6 2,0 TDI 103KW\/140PS (2010-2013)<br \/>\nVW EOS 2,0 TDI 103KW\/140PS (2009-2014)<br \/>\nVW Passat B6 (type 3C) 1,6 TDI 77KW\/105PS (2009-2010)<br \/>\nVW Passat B6 (type 3C) 2,0 TDI 103KW - 125KW \/140PS - 170PS (2008-2010)<br \/>\nVW Passat B7 2,0TDI 103KW - 125KW \/140CV - 170CV (2010-2014)<br \/>\nVW Passat CC 2,0 TDI 103KW - 125KW \/140CV - 170CV (2008-2012)<br \/>\nVW Scirocco 3 2,0 TDI 103KW\/140PS (2008-2014)<br \/>\nVW Scirocco 3 2,0 TDI 125KW\/170PS (2009-2014)<br \/>\nVW Caddy 2,0 TDI 103KW\/140PS (2012-2015)<br \/>\nVW Caddy 2,0 TDI 125KW\/170PS (2012-2015)<br \/>\nVW Touran 1,6 TDI 66-77KW\/90-105PS (2010-2015)<br \/>\nVW Touran 2,0 TDI 103KW\/140PS (2010-2015)<br \/>\nVW Touran 2,0 TDI 125-130KW\/170-177PS (2010-2013)<br \/>\nVW Beetle 1,6 TDI 77KW\/105PS (2011-2014)<br \/>\nVW Beetle 2,0 TDI 81-103KW\/110-140PS (2012-2014)<\/p>\n<p>Skoda Octavia 1,6 TDI 77KW\/105PS (2009-2013)<br \/>\nSkoda Octavia 2,0 TDI 103KW\/140PS (2010-2013)<br \/>\nSkoda Octavia RS 2,0 TDI 125KW\/170PS (2008-2013)<br \/>\nSkoda Superb 1,6 TDI 77KW\/105PS (2010-2013)<br \/>\nSkoda Superb 2,0 TDI 103KW\/140PS (2010-2013)<br \/>\nSkoda Superb 2,0 TDI 125KW\/170PS (2010-2013)<\/p>\n<p>Seat Leon 1,6 TDI 77KW\/105PS (2010-2012)<br \/>\nSeat Leon 2,0 TDI 103KW\/140PS (2010-2012)<br \/>\nSeat Leon FR 2,0 TDI 125KW\/170PS (2009-2011)<\/p>\n<p>Contenu de la livraison :<br \/>\n1 refroidisseur d'air de suralimentation<br \/>\n2 tubes en silicone<br \/>\n4 colliers de serrage<br \/>\n1 certificat de pi\u00e8ces d\u00e9tach\u00e9es T\u00dcV<\/p>","protected":false},"excerpt":{"rendered":"<p>Der Competition Ladeluftk\u00fchler hat folgende Netzabma\u00dfe (610mm x 440mm x 65mm) und bietet damit eine 10% gr\u00f6\u00dfere Anstr\u00f6mfl\u00e4che sowie 50% mehr Ladeluftvolumen gegen\u00fcber dem originalen Audi S3 Ladeluftk\u00fchler. Das neuentwickelte Competition-Hochleistungsnetz gew\u00e4hrt den angrenzenden Bauteilen, wie z.B. dem Wasserk\u00fchler, noch gen\u00fcgend Luftstrom und ist zudem noch sehr leicht (S3 OEM 8kg\/ WAGNERTUNING 9,2kg) . Im &#8230; <a title=\"WAGNER Competition Kit refroidisseur d&#039;air de suralimentation VAG 1,6 \/ 2,0 TDI\" class=\"read-more\" href=\"https:\/\/siemoneit.de\/fr\/boutique\/wagner-competition-kit-refroidisseur-dair-de-suralimentation-vag-16-20-tdi\/\" aria-label=\"En savoir plus sur WAGNER Competition Ladeluftk\u00fchler Kit VAG 1,6 \/ 2,0 TDI\">Lire la suite<\/a><\/p>","protected":false},"featured_media":1494,"template":"","meta":{"_acf_changed":false},"product_brand":[],"product_cat":[171,177],"product_tag":[],"class_list":{"0":"post-3423","1":"product","2":"type-product","3":"status-publish","4":"has-post-thumbnail","6":"product_cat-ladeluftkuehler","7":"product_cat-tuning","9":"first","10":"instock","11":"taxable","12":"shipping-taxable","13":"product-type-simple"},"acf":[],"yoast_head":"<!-- This site is optimized with the Yoast SEO plugin v27.4 - https:\/\/yoast.com\/product\/yoast-seo-wordpress\/ -->\n<title>WAGNER Competition Ladeluftk\u00fchler Kit VAG 1,6 \/ 2,0 TDI - Siemoneit GmbH<\/title>\n<meta name=\"robots\" content=\"index, follow, max-snippet:-1, max-image-preview:large, max-video-preview:-1\" \/>\n<link rel=\"canonical\" href=\"https:\/\/siemoneit.de\/fr\/boutique\/wagner-competition-kit-refroidisseur-dair-de-suralimentation-vag-16-20-tdi\/\" \/>\n<meta property=\"og:locale\" content=\"fr_FR\" \/>\n<meta property=\"og:type\" content=\"article\" \/>\n<meta property=\"og:title\" content=\"WAGNER Competition Ladeluftk\u00fchler Kit VAG 1,6 \/ 2,0 TDI - Siemoneit GmbH\" \/>\n<meta property=\"og:description\" content=\"Der Competition Ladeluftk\u00fchler hat folgende Netzabma\u00dfe (610mm x 440mm x 65mm) und bietet damit eine 10% gr\u00f6\u00dfere Anstr\u00f6mfl\u00e4che sowie 50% mehr Ladeluftvolumen gegen\u00fcber dem originalen Audi S3 Ladeluftk\u00fchler. Das neuentwickelte Competition-Hochleistungsnetz gew\u00e4hrt den angrenzenden Bauteilen, wie z.B. dem Wasserk\u00fchler, noch gen\u00fcgend Luftstrom und ist zudem noch sehr leicht (S3 OEM 8kg\/ WAGNERTUNING 9,2kg) . Im ... Lire la suite\" \/>\n<meta property=\"og:url\" content=\"https:\/\/siemoneit.de\/fr\/boutique\/wagner-competition-kit-refroidisseur-dair-de-suralimentation-vag-16-20-tdi\/\" \/>\n<meta property=\"og:site_name\" content=\"Siemoneit GmbH\" \/>\n<meta property=\"article:publisher\" content=\"https:\/\/www.facebook.com\/siemoneit.racing\" \/>\n<meta property=\"article:modified_time\" content=\"2023-06-24T18:14:32+00:00\" \/>\n<meta property=\"og:image\" content=\"https:\/\/siemoneit.de\/wp-content\/uploads\/2023\/05\/9471_10891.jpeg\" \/>\n\t<meta property=\"og:image:width\" content=\"600\" \/>\n\t<meta property=\"og:image:height\" content=\"464\" \/>\n\t<meta property=\"og:image:type\" content=\"image\/jpeg\" \/>\n<meta name=\"twitter:card\" content=\"summary_large_image\" \/>\n<meta name=\"twitter:label1\" content=\"Dur\u00e9e de lecture estim\u00e9e\" \/>\n\t<meta name=\"twitter:data1\" content=\"2 minutes\" \/>\n<script type=\"application\/ld+json\" class=\"yoast-schema-graph\">{\"@context\":\"https:\\\/\\\/schema.org\",\"@graph\":[{\"@type\":\"WebPage\",\"@id\":\"https:\\\/\\\/siemoneit.de\\\/shop\\\/wagner-competition-ladeluftkuehler-kit-vag-16-20-tdi\\\/\",\"url\":\"https:\\\/\\\/siemoneit.de\\\/shop\\\/wagner-competition-ladeluftkuehler-kit-vag-16-20-tdi\\\/\",\"name\":\"WAGNER Competition Ladeluftk\u00fchler Kit VAG 1,6 \\\/ 2,0 TDI - Siemoneit GmbH\",\"isPartOf\":{\"@id\":\"https:\\\/\\\/siemoneit.de\\\/#website\"},\"primaryImageOfPage\":{\"@id\":\"https:\\\/\\\/siemoneit.de\\\/shop\\\/wagner-competition-ladeluftkuehler-kit-vag-16-20-tdi\\\/#primaryimage\"},\"image\":{\"@id\":\"https:\\\/\\\/siemoneit.de\\\/shop\\\/wagner-competition-ladeluftkuehler-kit-vag-16-20-tdi\\\/#primaryimage\"},\"thumbnailUrl\":\"https:\\\/\\\/siemoneit.de\\\/wp-content\\\/uploads\\\/2023\\\/05\\\/9471_10891.jpeg\",\"datePublished\":\"2023-06-24T15:12:26+00:00\",\"dateModified\":\"2023-06-24T18:14:32+00:00\",\"breadcrumb\":{\"@id\":\"https:\\\/\\\/siemoneit.de\\\/shop\\\/wagner-competition-ladeluftkuehler-kit-vag-16-20-tdi\\\/#breadcrumb\"},\"inLanguage\":\"fr-FR\",\"potentialAction\":[{\"@type\":\"ReadAction\",\"target\":[\"https:\\\/\\\/siemoneit.de\\\/shop\\\/wagner-competition-ladeluftkuehler-kit-vag-16-20-tdi\\\/\"]}]},{\"@type\":\"ImageObject\",\"inLanguage\":\"fr-FR\",\"@id\":\"https:\\\/\\\/siemoneit.de\\\/shop\\\/wagner-competition-ladeluftkuehler-kit-vag-16-20-tdi\\\/#primaryimage\",\"url\":\"https:\\\/\\\/siemoneit.de\\\/wp-content\\\/uploads\\\/2023\\\/05\\\/9471_10891.jpeg\",\"contentUrl\":\"https:\\\/\\\/siemoneit.de\\\/wp-content\\\/uploads\\\/2023\\\/05\\\/9471_10891.jpeg\",\"width\":600,\"height\":464},{\"@type\":\"BreadcrumbList\",\"@id\":\"https:\\\/\\\/siemoneit.de\\\/shop\\\/wagner-competition-ladeluftkuehler-kit-vag-16-20-tdi\\\/#breadcrumb\",\"itemListElement\":[{\"@type\":\"ListItem\",\"position\":1,\"name\":\"Startseite\",\"item\":\"https:\\\/\\\/siemoneit.de\\\/\"},{\"@type\":\"ListItem\",\"position\":2,\"name\":\"Shop\",\"item\":\"https:\\\/\\\/siemoneit.de\\\/shop\\\/\"},{\"@type\":\"ListItem\",\"position\":3,\"name\":\"WAGNER Competition Ladeluftk\u00fchler Kit VAG 1,6 \\\/ 2,0 TDI\"}]},{\"@type\":\"WebSite\",\"@id\":\"https:\\\/\\\/siemoneit.de\\\/#website\",\"url\":\"https:\\\/\\\/siemoneit.de\\\/\",\"name\":\"Siemoneit GmbH\",\"description\":\"\",\"publisher\":{\"@id\":\"https:\\\/\\\/siemoneit.de\\\/#organization\"},\"potentialAction\":[{\"@type\":\"SearchAction\",\"target\":{\"@type\":\"EntryPoint\",\"urlTemplate\":\"https:\\\/\\\/siemoneit.de\\\/?s={search_term_string}\"},\"query-input\":{\"@type\":\"PropertyValueSpecification\",\"valueRequired\":true,\"valueName\":\"search_term_string\"}}],\"inLanguage\":\"fr-FR\"},{\"@type\":\"Organization\",\"@id\":\"https:\\\/\\\/siemoneit.de\\\/#organization\",\"name\":\"Siemoneit GmbH\",\"url\":\"https:\\\/\\\/siemoneit.de\\\/\",\"logo\":{\"@type\":\"ImageObject\",\"inLanguage\":\"fr-FR\",\"@id\":\"https:\\\/\\\/siemoneit.de\\\/#\\\/schema\\\/logo\\\/image\\\/\",\"url\":\"https:\\\/\\\/siemoneit.de\\\/wp-content\\\/uploads\\\/2023\\\/04\\\/images-removebg-preview.png\",\"contentUrl\":\"https:\\\/\\\/siemoneit.de\\\/wp-content\\\/uploads\\\/2023\\\/04\\\/images-removebg-preview.png\",\"width\":225,\"height\":225,\"caption\":\"Siemoneit GmbH\"},\"image\":{\"@id\":\"https:\\\/\\\/siemoneit.de\\\/#\\\/schema\\\/logo\\\/image\\\/\"},\"sameAs\":[\"https:\\\/\\\/www.facebook.com\\\/siemoneit.racing\",\"https:\\\/\\\/www.instagram.com\\\/siemoneit_racing\\\/\"]}]}<\/script>\n<!-- \/ Yoast SEO plugin. -->","yoast_head_json":{"title":"WAGNER Competition Kit refroidisseur d'air de suralimentation VAG 1,6 \/ 2,0 TDI - Siemoneit GmbH","robots":{"index":"index","follow":"follow","max-snippet":"max-snippet:-1","max-image-preview":"max-image-preview:large","max-video-preview":"max-video-preview:-1"},"canonical":"https:\/\/siemoneit.de\/fr\/boutique\/wagner-competition-kit-refroidisseur-dair-de-suralimentation-vag-16-20-tdi\/","og_locale":"fr_FR","og_type":"article","og_title":"WAGNER Competition Ladeluftk\u00fchler Kit VAG 1,6 \/ 2,0 TDI - Siemoneit GmbH","og_description":"Der Competition Ladeluftk\u00fchler hat folgende Netzabma\u00dfe (610mm x 440mm x 65mm) und bietet damit eine 10% gr\u00f6\u00dfere Anstr\u00f6mfl\u00e4che sowie 50% mehr Ladeluftvolumen gegen\u00fcber dem originalen Audi S3 Ladeluftk\u00fchler. Das neuentwickelte Competition-Hochleistungsnetz gew\u00e4hrt den angrenzenden Bauteilen, wie z.B. dem Wasserk\u00fchler, noch gen\u00fcgend Luftstrom und ist zudem noch sehr leicht (S3 OEM 8kg\/ WAGNERTUNING 9,2kg) . Im ... Lire la suite","og_url":"https:\/\/siemoneit.de\/fr\/boutique\/wagner-competition-kit-refroidisseur-dair-de-suralimentation-vag-16-20-tdi\/","og_site_name":"Siemoneit GmbH","article_publisher":"https:\/\/www.facebook.com\/siemoneit.racing","article_modified_time":"2023-06-24T18:14:32+00:00","og_image":[{"width":600,"height":464,"url":"https:\/\/siemoneit.de\/wp-content\/uploads\/2023\/05\/9471_10891.jpeg","type":"image\/jpeg"}],"twitter_card":"summary_large_image","twitter_misc":{"Dur\u00e9e de lecture estim\u00e9e":"2 minutes"},"schema":{"@context":"https:\/\/schema.org","@graph":[{"@type":"WebPage","@id":"https:\/\/siemoneit.de\/shop\/wagner-competition-ladeluftkuehler-kit-vag-16-20-tdi\/","url":"https:\/\/siemoneit.de\/shop\/wagner-competition-ladeluftkuehler-kit-vag-16-20-tdi\/","name":"WAGNER Competition Kit refroidisseur d'air de suralimentation VAG 1,6 \/ 2,0 TDI - Siemoneit GmbH","isPartOf":{"@id":"https:\/\/siemoneit.de\/#website"},"primaryImageOfPage":{"@id":"https:\/\/siemoneit.de\/shop\/wagner-competition-ladeluftkuehler-kit-vag-16-20-tdi\/#primaryimage"},"image":{"@id":"https:\/\/siemoneit.de\/shop\/wagner-competition-ladeluftkuehler-kit-vag-16-20-tdi\/#primaryimage"},"thumbnailUrl":"https:\/\/siemoneit.de\/wp-content\/uploads\/2023\/05\/9471_10891.jpeg","datePublished":"2023-06-24T15:12:26+00:00","dateModified":"2023-06-24T18:14:32+00:00","breadcrumb":{"@id":"https:\/\/siemoneit.de\/shop\/wagner-competition-ladeluftkuehler-kit-vag-16-20-tdi\/#breadcrumb"},"inLanguage":"fr-FR","potentialAction":[{"@type":"ReadAction","target":["https:\/\/siemoneit.de\/shop\/wagner-competition-ladeluftkuehler-kit-vag-16-20-tdi\/"]}]},{"@type":"ImageObject","inLanguage":"fr-FR","@id":"https:\/\/siemoneit.de\/shop\/wagner-competition-ladeluftkuehler-kit-vag-16-20-tdi\/#primaryimage","url":"https:\/\/siemoneit.de\/wp-content\/uploads\/2023\/05\/9471_10891.jpeg","contentUrl":"https:\/\/siemoneit.de\/wp-content\/uploads\/2023\/05\/9471_10891.jpeg","width":600,"height":464},{"@type":"BreadcrumbList","@id":"https:\/\/siemoneit.de\/shop\/wagner-competition-ladeluftkuehler-kit-vag-16-20-tdi\/#breadcrumb","itemListElement":[{"@type":"ListItem","position":1,"name":"Startseite","item":"https:\/\/siemoneit.de\/"},{"@type":"ListItem","position":2,"name":"Shop","item":"https:\/\/siemoneit.de\/shop\/"},{"@type":"ListItem","position":3,"name":"WAGNER Competition Ladeluftk\u00fchler Kit VAG 1,6 \/ 2,0 TDI"}]},{"@type":"WebSite","@id":"https:\/\/siemoneit.de\/#website","url":"https:\/\/siemoneit.de\/","name":"Siemoneit GmbH","description":"","publisher":{"@id":"https:\/\/siemoneit.de\/#organization"},"potentialAction":[{"@type":"SearchAction","target":{"@type":"EntryPoint","urlTemplate":"https:\/\/siemoneit.de\/?s={search_term_string}"},"query-input":{"@type":"PropertyValueSpecification","valueRequired":true,"valueName":"search_term_string"}}],"inLanguage":"fr-FR"},{"@type":"Organization","@id":"https:\/\/siemoneit.de\/#organization","name":"Siemoneit GmbH","url":"https:\/\/siemoneit.de\/","logo":{"@type":"ImageObject","inLanguage":"fr-FR","@id":"https:\/\/siemoneit.de\/#\/schema\/logo\/image\/","url":"https:\/\/siemoneit.de\/wp-content\/uploads\/2023\/04\/images-removebg-preview.png","contentUrl":"https:\/\/siemoneit.de\/wp-content\/uploads\/2023\/04\/images-removebg-preview.png","width":225,"height":225,"caption":"Siemoneit GmbH"},"image":{"@id":"https:\/\/siemoneit.de\/#\/schema\/logo\/image\/"},"sameAs":["https:\/\/www.facebook.com\/siemoneit.racing","https:\/\/www.instagram.com\/siemoneit_racing\/"]}]}},"_links":{"self":[{"href":"https:\/\/siemoneit.de\/fr\/wp-json\/wp\/v2\/product\/3423","targetHints":{"allow":["GET"]}}],"collection":[{"href":"https:\/\/siemoneit.de\/fr\/wp-json\/wp\/v2\/product"}],"about":[{"href":"https:\/\/siemoneit.de\/fr\/wp-json\/wp\/v2\/types\/product"}],"wp:featuredmedia":[{"embeddable":true,"href":"https:\/\/siemoneit.de\/fr\/wp-json\/wp\/v2\/media\/1494"}],"wp:attachment":[{"href":"https:\/\/siemoneit.de\/fr\/wp-json\/wp\/v2\/media?parent=3423"}],"wp:term":[{"taxonomy":"product_brand","embeddable":true,"href":"https:\/\/siemoneit.de\/fr\/wp-json\/wp\/v2\/product_brand?post=3423"},{"taxonomy":"product_cat","embeddable":true,"href":"https:\/\/siemoneit.de\/fr\/wp-json\/wp\/v2\/product_cat?post=3423"},{"taxonomy":"product_tag","embeddable":true,"href":"https:\/\/siemoneit.de\/fr\/wp-json\/wp\/v2\/product_tag?post=3423"}],"curies":[{"name":"wp","href":"https:\/\/api.w.org\/{rel}","templated":true}]}}