{"id":3422,"date":"2023-06-24T17:12:26","date_gmt":"2023-06-24T15:12:26","guid":{"rendered":"https:\/\/siemoneit.de\/produkt\/wagner-competition-ladeluftkuehler-kit-vag-18-20tsi\/"},"modified":"2023-06-24T20:14:32","modified_gmt":"2023-06-24T18:14:32","slug":"wagner-competition-kit-refroidisseur-dair-de-suralimentation-vag-18-20tsi","status":"publish","type":"product","link":"https:\/\/siemoneit.de\/fr\/boutique\/wagner-competition-kit-refroidisseur-dair-de-suralimentation-vag-18-20tsi\/","title":{"rendered":"WAGNER Competition Kit refroidisseur d'air de suralimentation VAG 1,8-2,0TSI"},"content":{"rendered":"<p>Une performance accrue au plus haut niveau<\/p>\n<p>Le refroidisseur d'air de suralimentation Competition a les dimensions suivantes (640mm x 410mm x 65mm) et poss\u00e8de ainsi un volume d'air de suralimentation ext\u00e9rieur de 17 litres (9 litres OEM). Le nouveau filet haute performance Competition (Tube Fin) garantit un flux d'air suffisant pour les composants adjacents, comme le radiateur d'eau, et est en outre tr\u00e8s l\u00e9ger. Le refroidisseur d'air de suralimentation ne p\u00e8se ainsi que 8,4 kg au total. Les bo\u00eetes d'extr\u00e9mit\u00e9 en aluminium moul\u00e9 ont \u00e9t\u00e9 con\u00e7ues en CAO et optimis\u00e9es \u00e0 l'aide de simulations CFD pour obtenir le meilleur flux d'air interne possible. Un guidage de l'air int\u00e9gr\u00e9 dans le caisson d'extr\u00e9mit\u00e9 permet un remplissage homog\u00e8ne du r\u00e9seau haute performance Competition. Les entr\u00e9es et les sorties du refroidisseur d'air de suralimentation ont \u00e9t\u00e9 agrandies \u00e0 \u00d8 70mm, c'est pourquoi ce kit est livr\u00e9 avec des tuyaux en silicone renforc\u00e9s. Dans l'ensemble, ce refroidisseur d'air de suralimentation a beaucoup moins de contre-pression que le refroidisseur d'air de suralimentation mont\u00e9 en s\u00e9rie. De plus, tous nos refroidisseurs d'air de suralimentation poss\u00e8dent un rev\u00eatement anticorrosion avec des propri\u00e9t\u00e9s de conduction thermique. Cela garantit un refroidissement durable et optimal avec une nette augmentation de la puissance. Le montage s'effectue par le remplacement du refroidisseur d'air de suralimentation OEM et est facile \u00e0 r\u00e9aliser. Tous nos produits font l'objet d'une surveillance qualitative constante.<\/p>\n<p>Le kit de refroidisseur d'air de suralimentation WAGNERTUNING Competition pour le moteur VAG 1,8TSI - 2,0TSI est adapt\u00e9 aux v\u00e9hicules suivants :<\/p>\n<p>- VW Golf 7 GTI 2,0 TSI 162KW\/220PS 169KW\/230PS<br \/>\n- VW Golf 7 R 2,0 TSI 221KW\/300PS<br \/>\n- Skoda Superb 3V 2,0TSI 162KW\/220PS<br \/>\n- Skoda Superb 3V 2,0TSI 206KW\/280CV<\/p>\n<p>Avec d'autres modifications (voir remarques) sur le v\u00e9hicule, convient \u00e9galement pour :<br \/>\n- Audi A3 8V 1,8TSI 132KW\/180PS<br \/>\n- Audi S3 8V 2,0TSI 221KW\/300CV*<br \/>\n- Audi TT 8S 2.0TFSI 169KW \/ 230PS<br \/>\n- Audi TTS 8S 2,0TSI 228KW\/310CV*<br \/>\n- Seat Leon 5F Cupra 2,0TSI 206KW\/280CV*<br \/>\n- Skoda Octavia 5E 1,8TSI 132KW\/180CV*.<br \/>\n- Skoda Octavia 5E RS 2,0TSI 162KW\/220PS<\/p>\n<p>Contenu de la livraison :<br \/>\n1 refroidisseur d'air de suralimentation<br \/>\n2 tubes en silicone<br \/>\n2 colliers de serrage<br \/>\n1 mat\u00e9riel de fixation<br \/>\n1 notice de montage<\/p>\n<p>Non autoris\u00e9 dans le domaine du code de la route.<\/p>","protected":false},"excerpt":{"rendered":"<p>Le refroidisseur d'air de suralimentation Competition a les dimensions suivantes (640mm x 410mm x 65mm) et poss\u00e8de ainsi un volume d'air de suralimentation ext\u00e9rieur de 17 litres (9 litres OEM). Le nouveau filet haute performance Competition (Tube Fin) garantit un flux d'air suffisant pour les composants adjacents, comme le radiateur d'eau, et est en outre tr\u00e8s l\u00e9ger. Le refroidisseur d'air de suralimentation a ainsi un poids total de seulement ... <a title=\"WAGNER Competition Kit refroidisseur d&#039;air de suralimentation VAG 1,8-2,0TSI\" class=\"read-more\" href=\"https:\/\/siemoneit.de\/fr\/boutique\/wagner-competition-kit-refroidisseur-dair-de-suralimentation-vag-18-20tsi\/\" aria-label=\"En savoir plus sur WAGNER Competition Kit refroidisseur d&#039;air de suralimentation VAG 1,8-2,0TSI\">Lire la suite<\/a><\/p>","protected":false},"featured_media":1496,"template":"","meta":{"_acf_changed":false},"product_brand":[],"product_cat":[171,177],"product_tag":[],"class_list":{"0":"post-3422","1":"product","2":"type-product","3":"status-publish","4":"has-post-thumbnail","6":"product_cat-ladeluftkuehler","7":"product_cat-tuning","9":"first","10":"instock","11":"taxable","12":"shipping-taxable","13":"product-type-simple"},"acf":[],"yoast_head":"<!-- This site is optimized with the Yoast SEO plugin v27.4 - https:\/\/yoast.com\/product\/yoast-seo-wordpress\/ -->\n<title>WAGNER Competition Ladeluftk\u00fchler Kit VAG 1,8-2,0TSI - Siemoneit GmbH<\/title>\n<meta name=\"robots\" content=\"index, follow, max-snippet:-1, max-image-preview:large, max-video-preview:-1\" \/>\n<link rel=\"canonical\" href=\"https:\/\/siemoneit.de\/fr\/boutique\/wagner-competition-kit-refroidisseur-dair-de-suralimentation-vag-18-20tsi\/\" \/>\n<meta property=\"og:locale\" content=\"fr_FR\" \/>\n<meta property=\"og:type\" content=\"article\" \/>\n<meta property=\"og:title\" content=\"WAGNER Competition Ladeluftk\u00fchler Kit VAG 1,8-2,0TSI - Siemoneit GmbH\" \/>\n<meta property=\"og:description\" content=\"Mehrleistung auf h\u00f6chstem Niveau Der Competition Ladeluftk\u00fchler hat folgende Netzabma\u00dfe (640mm x 410mm x 65mm) und besitzt somit 17 Liter \u00e4u\u00dferes Ladeluftvolumen (OEM 9 Liter). Das neuentwickelte Competition-Hochleistungsnetz (Tube Fin) gew\u00e4hrt den angrenzenden Bauteilen, wie z.B. dem Wasserk\u00fchler, noch gen\u00fcgend Luftstrom und ist zudem noch sehr leicht. Der Ladeluftk\u00fchler besitzt dadurch ein Gesamtgewicht von nur ... Lire la suite\" \/>\n<meta property=\"og:url\" content=\"https:\/\/siemoneit.de\/fr\/boutique\/wagner-competition-kit-refroidisseur-dair-de-suralimentation-vag-18-20tsi\/\" \/>\n<meta property=\"og:site_name\" content=\"Siemoneit GmbH\" \/>\n<meta property=\"article:publisher\" content=\"https:\/\/www.facebook.com\/siemoneit.racing\" \/>\n<meta property=\"article:modified_time\" content=\"2023-06-24T18:14:32+00:00\" \/>\n<meta property=\"og:image\" content=\"https:\/\/siemoneit.de\/wp-content\/uploads\/2023\/05\/9470_96395.jpeg\" \/>\n\t<meta property=\"og:image:width\" content=\"600\" \/>\n\t<meta property=\"og:image:height\" content=\"464\" \/>\n\t<meta property=\"og:image:type\" content=\"image\/jpeg\" \/>\n<meta name=\"twitter:card\" content=\"summary_large_image\" \/>\n<meta name=\"twitter:label1\" content=\"Dur\u00e9e de lecture estim\u00e9e\" \/>\n\t<meta name=\"twitter:data1\" content=\"2 minutes\" \/>\n<script type=\"application\/ld+json\" class=\"yoast-schema-graph\">{\"@context\":\"https:\\\/\\\/schema.org\",\"@graph\":[{\"@type\":\"WebPage\",\"@id\":\"https:\\\/\\\/siemoneit.de\\\/shop\\\/wagner-competition-ladeluftkuehler-kit-vag-18-20tsi\\\/\",\"url\":\"https:\\\/\\\/siemoneit.de\\\/shop\\\/wagner-competition-ladeluftkuehler-kit-vag-18-20tsi\\\/\",\"name\":\"WAGNER Competition Ladeluftk\u00fchler Kit VAG 1,8-2,0TSI - Siemoneit GmbH\",\"isPartOf\":{\"@id\":\"https:\\\/\\\/siemoneit.de\\\/#website\"},\"primaryImageOfPage\":{\"@id\":\"https:\\\/\\\/siemoneit.de\\\/shop\\\/wagner-competition-ladeluftkuehler-kit-vag-18-20tsi\\\/#primaryimage\"},\"image\":{\"@id\":\"https:\\\/\\\/siemoneit.de\\\/shop\\\/wagner-competition-ladeluftkuehler-kit-vag-18-20tsi\\\/#primaryimage\"},\"thumbnailUrl\":\"https:\\\/\\\/siemoneit.de\\\/wp-content\\\/uploads\\\/2023\\\/05\\\/9470_96395.jpeg\",\"datePublished\":\"2023-06-24T15:12:26+00:00\",\"dateModified\":\"2023-06-24T18:14:32+00:00\",\"breadcrumb\":{\"@id\":\"https:\\\/\\\/siemoneit.de\\\/shop\\\/wagner-competition-ladeluftkuehler-kit-vag-18-20tsi\\\/#breadcrumb\"},\"inLanguage\":\"fr-FR\",\"potentialAction\":[{\"@type\":\"ReadAction\",\"target\":[\"https:\\\/\\\/siemoneit.de\\\/shop\\\/wagner-competition-ladeluftkuehler-kit-vag-18-20tsi\\\/\"]}]},{\"@type\":\"ImageObject\",\"inLanguage\":\"fr-FR\",\"@id\":\"https:\\\/\\\/siemoneit.de\\\/shop\\\/wagner-competition-ladeluftkuehler-kit-vag-18-20tsi\\\/#primaryimage\",\"url\":\"https:\\\/\\\/siemoneit.de\\\/wp-content\\\/uploads\\\/2023\\\/05\\\/9470_96395.jpeg\",\"contentUrl\":\"https:\\\/\\\/siemoneit.de\\\/wp-content\\\/uploads\\\/2023\\\/05\\\/9470_96395.jpeg\",\"width\":600,\"height\":464},{\"@type\":\"BreadcrumbList\",\"@id\":\"https:\\\/\\\/siemoneit.de\\\/shop\\\/wagner-competition-ladeluftkuehler-kit-vag-18-20tsi\\\/#breadcrumb\",\"itemListElement\":[{\"@type\":\"ListItem\",\"position\":1,\"name\":\"Startseite\",\"item\":\"https:\\\/\\\/siemoneit.de\\\/\"},{\"@type\":\"ListItem\",\"position\":2,\"name\":\"Shop\",\"item\":\"https:\\\/\\\/siemoneit.de\\\/shop\\\/\"},{\"@type\":\"ListItem\",\"position\":3,\"name\":\"WAGNER Competition Ladeluftk\u00fchler Kit VAG 1,8-2,0TSI\"}]},{\"@type\":\"WebSite\",\"@id\":\"https:\\\/\\\/siemoneit.de\\\/#website\",\"url\":\"https:\\\/\\\/siemoneit.de\\\/\",\"name\":\"Siemoneit GmbH\",\"description\":\"\",\"publisher\":{\"@id\":\"https:\\\/\\\/siemoneit.de\\\/#organization\"},\"potentialAction\":[{\"@type\":\"SearchAction\",\"target\":{\"@type\":\"EntryPoint\",\"urlTemplate\":\"https:\\\/\\\/siemoneit.de\\\/?s={search_term_string}\"},\"query-input\":{\"@type\":\"PropertyValueSpecification\",\"valueRequired\":true,\"valueName\":\"search_term_string\"}}],\"inLanguage\":\"fr-FR\"},{\"@type\":\"Organization\",\"@id\":\"https:\\\/\\\/siemoneit.de\\\/#organization\",\"name\":\"Siemoneit GmbH\",\"url\":\"https:\\\/\\\/siemoneit.de\\\/\",\"logo\":{\"@type\":\"ImageObject\",\"inLanguage\":\"fr-FR\",\"@id\":\"https:\\\/\\\/siemoneit.de\\\/#\\\/schema\\\/logo\\\/image\\\/\",\"url\":\"https:\\\/\\\/siemoneit.de\\\/wp-content\\\/uploads\\\/2023\\\/04\\\/images-removebg-preview.png\",\"contentUrl\":\"https:\\\/\\\/siemoneit.de\\\/wp-content\\\/uploads\\\/2023\\\/04\\\/images-removebg-preview.png\",\"width\":225,\"height\":225,\"caption\":\"Siemoneit GmbH\"},\"image\":{\"@id\":\"https:\\\/\\\/siemoneit.de\\\/#\\\/schema\\\/logo\\\/image\\\/\"},\"sameAs\":[\"https:\\\/\\\/www.facebook.com\\\/siemoneit.racing\",\"https:\\\/\\\/www.instagram.com\\\/siemoneit_racing\\\/\"]}]}<\/script>\n<!-- \/ Yoast SEO plugin. -->","yoast_head_json":{"title":"WAGNER Competition Kit refroidisseur d'air de suralimentation VAG 1,8-2,0TSI - Siemoneit GmbH","robots":{"index":"index","follow":"follow","max-snippet":"max-snippet:-1","max-image-preview":"max-image-preview:large","max-video-preview":"max-video-preview:-1"},"canonical":"https:\/\/siemoneit.de\/fr\/boutique\/wagner-competition-kit-refroidisseur-dair-de-suralimentation-vag-18-20tsi\/","og_locale":"fr_FR","og_type":"article","og_title":"WAGNER Competition Ladeluftk\u00fchler Kit VAG 1,8-2,0TSI - Siemoneit GmbH","og_description":"Mehrleistung auf h\u00f6chstem Niveau Der Competition Ladeluftk\u00fchler hat folgende Netzabma\u00dfe (640mm x 410mm x 65mm) und besitzt somit 17 Liter \u00e4u\u00dferes Ladeluftvolumen (OEM 9 Liter). Das neuentwickelte Competition-Hochleistungsnetz (Tube Fin) gew\u00e4hrt den angrenzenden Bauteilen, wie z.B. dem Wasserk\u00fchler, noch gen\u00fcgend Luftstrom und ist zudem noch sehr leicht. Der Ladeluftk\u00fchler besitzt dadurch ein Gesamtgewicht von nur ... Lire la suite","og_url":"https:\/\/siemoneit.de\/fr\/boutique\/wagner-competition-kit-refroidisseur-dair-de-suralimentation-vag-18-20tsi\/","og_site_name":"Siemoneit GmbH","article_publisher":"https:\/\/www.facebook.com\/siemoneit.racing","article_modified_time":"2023-06-24T18:14:32+00:00","og_image":[{"width":600,"height":464,"url":"https:\/\/siemoneit.de\/wp-content\/uploads\/2023\/05\/9470_96395.jpeg","type":"image\/jpeg"}],"twitter_card":"summary_large_image","twitter_misc":{"Dur\u00e9e de lecture estim\u00e9e":"2 minutes"},"schema":{"@context":"https:\/\/schema.org","@graph":[{"@type":"WebPage","@id":"https:\/\/siemoneit.de\/shop\/wagner-competition-ladeluftkuehler-kit-vag-18-20tsi\/","url":"https:\/\/siemoneit.de\/shop\/wagner-competition-ladeluftkuehler-kit-vag-18-20tsi\/","name":"WAGNER Competition Kit refroidisseur d'air de suralimentation VAG 1,8-2,0TSI - Siemoneit GmbH","isPartOf":{"@id":"https:\/\/siemoneit.de\/#website"},"primaryImageOfPage":{"@id":"https:\/\/siemoneit.de\/shop\/wagner-competition-ladeluftkuehler-kit-vag-18-20tsi\/#primaryimage"},"image":{"@id":"https:\/\/siemoneit.de\/shop\/wagner-competition-ladeluftkuehler-kit-vag-18-20tsi\/#primaryimage"},"thumbnailUrl":"https:\/\/siemoneit.de\/wp-content\/uploads\/2023\/05\/9470_96395.jpeg","datePublished":"2023-06-24T15:12:26+00:00","dateModified":"2023-06-24T18:14:32+00:00","breadcrumb":{"@id":"https:\/\/siemoneit.de\/shop\/wagner-competition-ladeluftkuehler-kit-vag-18-20tsi\/#breadcrumb"},"inLanguage":"fr-FR","potentialAction":[{"@type":"ReadAction","target":["https:\/\/siemoneit.de\/shop\/wagner-competition-ladeluftkuehler-kit-vag-18-20tsi\/"]}]},{"@type":"ImageObject","inLanguage":"fr-FR","@id":"https:\/\/siemoneit.de\/shop\/wagner-competition-ladeluftkuehler-kit-vag-18-20tsi\/#primaryimage","url":"https:\/\/siemoneit.de\/wp-content\/uploads\/2023\/05\/9470_96395.jpeg","contentUrl":"https:\/\/siemoneit.de\/wp-content\/uploads\/2023\/05\/9470_96395.jpeg","width":600,"height":464},{"@type":"BreadcrumbList","@id":"https:\/\/siemoneit.de\/shop\/wagner-competition-ladeluftkuehler-kit-vag-18-20tsi\/#breadcrumb","itemListElement":[{"@type":"ListItem","position":1,"name":"Startseite","item":"https:\/\/siemoneit.de\/"},{"@type":"ListItem","position":2,"name":"Shop","item":"https:\/\/siemoneit.de\/shop\/"},{"@type":"ListItem","position":3,"name":"WAGNER Competition Ladeluftk\u00fchler Kit VAG 1,8-2,0TSI"}]},{"@type":"WebSite","@id":"https:\/\/siemoneit.de\/#website","url":"https:\/\/siemoneit.de\/","name":"Siemoneit GmbH","description":"","publisher":{"@id":"https:\/\/siemoneit.de\/#organization"},"potentialAction":[{"@type":"SearchAction","target":{"@type":"EntryPoint","urlTemplate":"https:\/\/siemoneit.de\/?s={search_term_string}"},"query-input":{"@type":"PropertyValueSpecification","valueRequired":true,"valueName":"search_term_string"}}],"inLanguage":"fr-FR"},{"@type":"Organization","@id":"https:\/\/siemoneit.de\/#organization","name":"Siemoneit GmbH","url":"https:\/\/siemoneit.de\/","logo":{"@type":"ImageObject","inLanguage":"fr-FR","@id":"https:\/\/siemoneit.de\/#\/schema\/logo\/image\/","url":"https:\/\/siemoneit.de\/wp-content\/uploads\/2023\/04\/images-removebg-preview.png","contentUrl":"https:\/\/siemoneit.de\/wp-content\/uploads\/2023\/04\/images-removebg-preview.png","width":225,"height":225,"caption":"Siemoneit GmbH"},"image":{"@id":"https:\/\/siemoneit.de\/#\/schema\/logo\/image\/"},"sameAs":["https:\/\/www.facebook.com\/siemoneit.racing","https:\/\/www.instagram.com\/siemoneit_racing\/"]}]}},"_links":{"self":[{"href":"https:\/\/siemoneit.de\/fr\/wp-json\/wp\/v2\/product\/3422","targetHints":{"allow":["GET"]}}],"collection":[{"href":"https:\/\/siemoneit.de\/fr\/wp-json\/wp\/v2\/product"}],"about":[{"href":"https:\/\/siemoneit.de\/fr\/wp-json\/wp\/v2\/types\/product"}],"wp:featuredmedia":[{"embeddable":true,"href":"https:\/\/siemoneit.de\/fr\/wp-json\/wp\/v2\/media\/1496"}],"wp:attachment":[{"href":"https:\/\/siemoneit.de\/fr\/wp-json\/wp\/v2\/media?parent=3422"}],"wp:term":[{"taxonomy":"product_brand","embeddable":true,"href":"https:\/\/siemoneit.de\/fr\/wp-json\/wp\/v2\/product_brand?post=3422"},{"taxonomy":"product_cat","embeddable":true,"href":"https:\/\/siemoneit.de\/fr\/wp-json\/wp\/v2\/product_cat?post=3422"},{"taxonomy":"product_tag","embeddable":true,"href":"https:\/\/siemoneit.de\/fr\/wp-json\/wp\/v2\/product_tag?post=3422"}],"curies":[{"name":"wp","href":"https:\/\/api.w.org\/{rel}","templated":true}]}}