{"id":3421,"date":"2023-06-24T17:12:26","date_gmt":"2023-06-24T15:12:26","guid":{"rendered":"https:\/\/siemoneit.de\/produkt\/wagner-competition-ladeluftkuehler-kit-vag-14-tsi\/"},"modified":"2023-06-24T20:14:32","modified_gmt":"2023-06-24T18:14:32","slug":"wagner-competition-kit-refroidisseur-dair-de-suralimentation-vag-14-tsi","status":"publish","type":"product","link":"https:\/\/siemoneit.de\/fr\/boutique\/wagner-competition-kit-refroidisseur-dair-de-suralimentation-vag-14-tsi\/","title":{"rendered":"WAGNER Competition Kit refroidisseur d'air de suralimentation VAG 1,4 TSI"},"content":{"rendered":"<p>Le refroidisseur d'air de suralimentation Competition a les dimensions suivantes (610mm x 440mm x 65mm) et offre ainsi une surface d'\u00e9coulement sup\u00e9rieure de 10% et un volume d'air de suralimentation sup\u00e9rieur de 50% par rapport au refroidisseur d'air de suralimentation Audi S3 d'origine. Le nouveau r\u00e9seau haute performance Competition garantit un flux d'air suffisant pour les composants adjacents, comme par exemple le radiateur d'eau, et est en outre tr\u00e8s l\u00e9ger (S3 OEM 8kg\/ Wagner-Tuning 9,2kg). Bo\u00eetiers d'extr\u00e9mit\u00e9 de forme libre en fonte d'aluminium d\u00e9velopp\u00e9s en CAO pour un flux d'air interne optimal. L'entr\u00e9e et la sortie ont \u00e9t\u00e9 agrandies (\u00d8 67mm), c'est pourquoi ce kit est livr\u00e9 avec des tuyaux en silicone adapt\u00e9s. Dans l'ensemble, ce refroidisseur d'air de suralimentation a beaucoup moins de contre-pression que le refroidisseur de s\u00e9rie. De plus, tous nos refroidisseurs d'air de suralimentation sont dot\u00e9s d'un rev\u00eatement anti-corrosion avec des propri\u00e9t\u00e9s de conduction thermique. Cela garantit un refroidissement optimal avec une nette augmentation de la puissance. Le montage s'effectue par le remplacement du refroidisseur d'air de suralimentation OEM et est facile \u00e0 r\u00e9aliser. Tous nos produits sont soumis \u00e0 un contr\u00f4le de qualit\u00e9 permanent. D\u00e8s maintenant avec certificat de pi\u00e8ces T\u00dcV pour diff\u00e9rents mod\u00e8les (voir certificat de pi\u00e8ces T\u00dcV). Le diam\u00e8tre de raccordement est de 67 mm des deux c\u00f4t\u00e9s.<\/p>\n<p>Le kit de refroidisseur d'air de suralimentation Wagner Tuning Competition pour le moteur VAG 1,4 TSI est plug and play et convient aux v\u00e9hicules suivants :<\/p>\n<p>Volkswagen Golf 5 1,4TSI 103KW\/140PS (2006-2008)<br \/>\nVolkswagen Golf 6 1,4TSI 118KW\/160PS (2008-2012)<br \/>\nVolkswagen Jetta 5 1,4TSI 103KW\/140PS (2005-2010)<br \/>\nVolkswagen Jetta 6 1,4TSI 118KW\/160PS (2010-2013)<br \/>\nVolkswagen Scirocco 3 1,4TSI 118KW\/160PS (2008-2014)<br \/>\nVolkswagen Eos 1 1,4TSI 118KW\/160PS (2008-2014)<br \/>\nVolkswagen Beetle 1,4 TSI 118KW\/160PS (2011-2014)<\/p>\n<p>Contenu de la livraison :<br \/>\n1 refroidisseur d'air de suralimentation<br \/>\n2 tuyaux d'air de suralimentation<br \/>\n4 colliers de serrage<br \/>\n1 adaptateur en aluminium<br \/>\n1 notice de montage<br \/>\n1 certificat de pi\u00e8ces d\u00e9tach\u00e9es T\u00dcV<\/p>","protected":false},"excerpt":{"rendered":"<p>Le refroidisseur d'air de suralimentation Competition a les dimensions suivantes (610mm x 440mm x 65mm) et offre ainsi une surface d'\u00e9coulement sup\u00e9rieure de 10% et un volume d'air de suralimentation sup\u00e9rieur de 50% par rapport au refroidisseur d'air de suralimentation Audi S3 d'origine. Le nouveau r\u00e9seau haute performance Competition garantit un flux d'air suffisant pour les composants adjacents, comme par exemple le radiateur d'eau, et est en outre tr\u00e8s l\u00e9ger (S3 OEM 8kg\/ Wagner-Tuning 9,2kg). Dans le ... <a title=\"WAGNER Competition Kit refroidisseur d&#039;air de suralimentation VAG 1,4 TSI\" class=\"read-more\" href=\"https:\/\/siemoneit.de\/fr\/boutique\/wagner-competition-kit-refroidisseur-dair-de-suralimentation-vag-14-tsi\/\" aria-label=\"En savoir plus sur WAGNER Competition Kit refroidisseur d&#039;air de suralimentation VAG 1,4 TSI\">Lire la suite<\/a><\/p>","protected":false},"featured_media":1498,"template":"","meta":{"_acf_changed":false},"product_brand":[],"product_cat":[171,177],"product_tag":[],"class_list":{"0":"post-3421","1":"product","2":"type-product","3":"status-publish","4":"has-post-thumbnail","6":"product_cat-ladeluftkuehler","7":"product_cat-tuning","9":"first","10":"instock","11":"taxable","12":"shipping-taxable","13":"product-type-simple"},"acf":[],"yoast_head":"<!-- This site is optimized with the Yoast SEO plugin v27.4 - https:\/\/yoast.com\/product\/yoast-seo-wordpress\/ -->\n<title>WAGNER Competition Ladeluftk\u00fchler Kit VAG 1,4 TSI - Siemoneit GmbH<\/title>\n<meta name=\"robots\" content=\"index, follow, max-snippet:-1, max-image-preview:large, max-video-preview:-1\" \/>\n<link rel=\"canonical\" href=\"https:\/\/siemoneit.de\/fr\/boutique\/wagner-competition-kit-refroidisseur-dair-de-suralimentation-vag-14-tsi\/\" \/>\n<meta property=\"og:locale\" content=\"fr_FR\" \/>\n<meta property=\"og:type\" content=\"article\" \/>\n<meta property=\"og:title\" content=\"WAGNER Competition Ladeluftk\u00fchler Kit VAG 1,4 TSI - Siemoneit GmbH\" \/>\n<meta property=\"og:description\" content=\"Der Competition Ladeluftk\u00fchler hat folgende Netzabma\u00dfe (610mm x 440mm x 65mm) und bietet damit eine 10% gr\u00f6\u00dfere Anstr\u00f6mfl\u00e4che sowie 50% mehr Ladeluftvolumen gegen\u00fcber dem originalen Audi S3 Ladeluftk\u00fchler. Das neuentwickelte Competition-Hochleistungsnetz gew\u00e4hrt den angrenzenden Bauteilen, wie z.Bsp. dem Wasserk\u00fchler, noch gen\u00fcgend Luftstrom und ist zudem noch sehr leicht (S3 OEM 8kg\/ Wagner-Tuning 9,2kg) . Im ... Lire la suite\" \/>\n<meta property=\"og:url\" content=\"https:\/\/siemoneit.de\/fr\/boutique\/wagner-competition-kit-refroidisseur-dair-de-suralimentation-vag-14-tsi\/\" \/>\n<meta property=\"og:site_name\" content=\"Siemoneit GmbH\" \/>\n<meta property=\"article:publisher\" content=\"https:\/\/www.facebook.com\/siemoneit.racing\" \/>\n<meta property=\"article:modified_time\" content=\"2023-06-24T18:14:32+00:00\" \/>\n<meta property=\"og:image\" content=\"https:\/\/siemoneit.de\/wp-content\/uploads\/2023\/05\/9469_21128.jpeg\" \/>\n\t<meta property=\"og:image:width\" content=\"484\" \/>\n\t<meta property=\"og:image:height\" content=\"500\" \/>\n\t<meta property=\"og:image:type\" content=\"image\/jpeg\" \/>\n<meta name=\"twitter:card\" content=\"summary_large_image\" \/>\n<meta name=\"twitter:label1\" content=\"Dur\u00e9e de lecture estim\u00e9e\" \/>\n\t<meta name=\"twitter:data1\" content=\"1 minute\" \/>\n<script type=\"application\/ld+json\" class=\"yoast-schema-graph\">{\"@context\":\"https:\\\/\\\/schema.org\",\"@graph\":[{\"@type\":\"WebPage\",\"@id\":\"https:\\\/\\\/siemoneit.de\\\/shop\\\/wagner-competition-ladeluftkuehler-kit-vag-14-tsi\\\/\",\"url\":\"https:\\\/\\\/siemoneit.de\\\/shop\\\/wagner-competition-ladeluftkuehler-kit-vag-14-tsi\\\/\",\"name\":\"WAGNER Competition Ladeluftk\u00fchler Kit VAG 1,4 TSI - Siemoneit GmbH\",\"isPartOf\":{\"@id\":\"https:\\\/\\\/siemoneit.de\\\/#website\"},\"primaryImageOfPage\":{\"@id\":\"https:\\\/\\\/siemoneit.de\\\/shop\\\/wagner-competition-ladeluftkuehler-kit-vag-14-tsi\\\/#primaryimage\"},\"image\":{\"@id\":\"https:\\\/\\\/siemoneit.de\\\/shop\\\/wagner-competition-ladeluftkuehler-kit-vag-14-tsi\\\/#primaryimage\"},\"thumbnailUrl\":\"https:\\\/\\\/siemoneit.de\\\/wp-content\\\/uploads\\\/2023\\\/05\\\/9469_21128.jpeg\",\"datePublished\":\"2023-06-24T15:12:26+00:00\",\"dateModified\":\"2023-06-24T18:14:32+00:00\",\"breadcrumb\":{\"@id\":\"https:\\\/\\\/siemoneit.de\\\/shop\\\/wagner-competition-ladeluftkuehler-kit-vag-14-tsi\\\/#breadcrumb\"},\"inLanguage\":\"fr-FR\",\"potentialAction\":[{\"@type\":\"ReadAction\",\"target\":[\"https:\\\/\\\/siemoneit.de\\\/shop\\\/wagner-competition-ladeluftkuehler-kit-vag-14-tsi\\\/\"]}]},{\"@type\":\"ImageObject\",\"inLanguage\":\"fr-FR\",\"@id\":\"https:\\\/\\\/siemoneit.de\\\/shop\\\/wagner-competition-ladeluftkuehler-kit-vag-14-tsi\\\/#primaryimage\",\"url\":\"https:\\\/\\\/siemoneit.de\\\/wp-content\\\/uploads\\\/2023\\\/05\\\/9469_21128.jpeg\",\"contentUrl\":\"https:\\\/\\\/siemoneit.de\\\/wp-content\\\/uploads\\\/2023\\\/05\\\/9469_21128.jpeg\",\"width\":484,\"height\":500},{\"@type\":\"BreadcrumbList\",\"@id\":\"https:\\\/\\\/siemoneit.de\\\/shop\\\/wagner-competition-ladeluftkuehler-kit-vag-14-tsi\\\/#breadcrumb\",\"itemListElement\":[{\"@type\":\"ListItem\",\"position\":1,\"name\":\"Startseite\",\"item\":\"https:\\\/\\\/siemoneit.de\\\/\"},{\"@type\":\"ListItem\",\"position\":2,\"name\":\"Shop\",\"item\":\"https:\\\/\\\/siemoneit.de\\\/shop\\\/\"},{\"@type\":\"ListItem\",\"position\":3,\"name\":\"WAGNER Competition Ladeluftk\u00fchler Kit VAG 1,4 TSI\"}]},{\"@type\":\"WebSite\",\"@id\":\"https:\\\/\\\/siemoneit.de\\\/#website\",\"url\":\"https:\\\/\\\/siemoneit.de\\\/\",\"name\":\"Siemoneit GmbH\",\"description\":\"\",\"publisher\":{\"@id\":\"https:\\\/\\\/siemoneit.de\\\/#organization\"},\"potentialAction\":[{\"@type\":\"SearchAction\",\"target\":{\"@type\":\"EntryPoint\",\"urlTemplate\":\"https:\\\/\\\/siemoneit.de\\\/?s={search_term_string}\"},\"query-input\":{\"@type\":\"PropertyValueSpecification\",\"valueRequired\":true,\"valueName\":\"search_term_string\"}}],\"inLanguage\":\"fr-FR\"},{\"@type\":\"Organization\",\"@id\":\"https:\\\/\\\/siemoneit.de\\\/#organization\",\"name\":\"Siemoneit GmbH\",\"url\":\"https:\\\/\\\/siemoneit.de\\\/\",\"logo\":{\"@type\":\"ImageObject\",\"inLanguage\":\"fr-FR\",\"@id\":\"https:\\\/\\\/siemoneit.de\\\/#\\\/schema\\\/logo\\\/image\\\/\",\"url\":\"https:\\\/\\\/siemoneit.de\\\/wp-content\\\/uploads\\\/2023\\\/04\\\/images-removebg-preview.png\",\"contentUrl\":\"https:\\\/\\\/siemoneit.de\\\/wp-content\\\/uploads\\\/2023\\\/04\\\/images-removebg-preview.png\",\"width\":225,\"height\":225,\"caption\":\"Siemoneit GmbH\"},\"image\":{\"@id\":\"https:\\\/\\\/siemoneit.de\\\/#\\\/schema\\\/logo\\\/image\\\/\"},\"sameAs\":[\"https:\\\/\\\/www.facebook.com\\\/siemoneit.racing\",\"https:\\\/\\\/www.instagram.com\\\/siemoneit_racing\\\/\"]}]}<\/script>\n<!-- \/ Yoast SEO plugin. -->","yoast_head_json":{"title":"WAGNER Comp\u00e9tition Kit refroidisseur d'air de suralimentation VAG 1,4 TSI - Siemoneit GmbH","robots":{"index":"index","follow":"follow","max-snippet":"max-snippet:-1","max-image-preview":"max-image-preview:large","max-video-preview":"max-video-preview:-1"},"canonical":"https:\/\/siemoneit.de\/fr\/boutique\/wagner-competition-kit-refroidisseur-dair-de-suralimentation-vag-14-tsi\/","og_locale":"fr_FR","og_type":"article","og_title":"WAGNER Competition Ladeluftk\u00fchler Kit VAG 1,4 TSI - Siemoneit GmbH","og_description":"Der Competition Ladeluftk\u00fchler hat folgende Netzabma\u00dfe (610mm x 440mm x 65mm) und bietet damit eine 10% gr\u00f6\u00dfere Anstr\u00f6mfl\u00e4che sowie 50% mehr Ladeluftvolumen gegen\u00fcber dem originalen Audi S3 Ladeluftk\u00fchler. Das neuentwickelte Competition-Hochleistungsnetz gew\u00e4hrt den angrenzenden Bauteilen, wie z.Bsp. dem Wasserk\u00fchler, noch gen\u00fcgend Luftstrom und ist zudem noch sehr leicht (S3 OEM 8kg\/ Wagner-Tuning 9,2kg) . Im ... Lire la suite","og_url":"https:\/\/siemoneit.de\/fr\/boutique\/wagner-competition-kit-refroidisseur-dair-de-suralimentation-vag-14-tsi\/","og_site_name":"Siemoneit GmbH","article_publisher":"https:\/\/www.facebook.com\/siemoneit.racing","article_modified_time":"2023-06-24T18:14:32+00:00","og_image":[{"width":484,"height":500,"url":"https:\/\/siemoneit.de\/wp-content\/uploads\/2023\/05\/9469_21128.jpeg","type":"image\/jpeg"}],"twitter_card":"summary_large_image","twitter_misc":{"Dur\u00e9e de lecture estim\u00e9e":"1 minute"},"schema":{"@context":"https:\/\/schema.org","@graph":[{"@type":"WebPage","@id":"https:\/\/siemoneit.de\/shop\/wagner-competition-ladeluftkuehler-kit-vag-14-tsi\/","url":"https:\/\/siemoneit.de\/shop\/wagner-competition-ladeluftkuehler-kit-vag-14-tsi\/","name":"WAGNER Comp\u00e9tition Kit refroidisseur d'air de suralimentation VAG 1,4 TSI - Siemoneit GmbH","isPartOf":{"@id":"https:\/\/siemoneit.de\/#website"},"primaryImageOfPage":{"@id":"https:\/\/siemoneit.de\/shop\/wagner-competition-ladeluftkuehler-kit-vag-14-tsi\/#primaryimage"},"image":{"@id":"https:\/\/siemoneit.de\/shop\/wagner-competition-ladeluftkuehler-kit-vag-14-tsi\/#primaryimage"},"thumbnailUrl":"https:\/\/siemoneit.de\/wp-content\/uploads\/2023\/05\/9469_21128.jpeg","datePublished":"2023-06-24T15:12:26+00:00","dateModified":"2023-06-24T18:14:32+00:00","breadcrumb":{"@id":"https:\/\/siemoneit.de\/shop\/wagner-competition-ladeluftkuehler-kit-vag-14-tsi\/#breadcrumb"},"inLanguage":"fr-FR","potentialAction":[{"@type":"ReadAction","target":["https:\/\/siemoneit.de\/shop\/wagner-competition-ladeluftkuehler-kit-vag-14-tsi\/"]}]},{"@type":"ImageObject","inLanguage":"fr-FR","@id":"https:\/\/siemoneit.de\/shop\/wagner-competition-ladeluftkuehler-kit-vag-14-tsi\/#primaryimage","url":"https:\/\/siemoneit.de\/wp-content\/uploads\/2023\/05\/9469_21128.jpeg","contentUrl":"https:\/\/siemoneit.de\/wp-content\/uploads\/2023\/05\/9469_21128.jpeg","width":484,"height":500},{"@type":"BreadcrumbList","@id":"https:\/\/siemoneit.de\/shop\/wagner-competition-ladeluftkuehler-kit-vag-14-tsi\/#breadcrumb","itemListElement":[{"@type":"ListItem","position":1,"name":"Startseite","item":"https:\/\/siemoneit.de\/"},{"@type":"ListItem","position":2,"name":"Shop","item":"https:\/\/siemoneit.de\/shop\/"},{"@type":"ListItem","position":3,"name":"WAGNER Competition Ladeluftk\u00fchler Kit VAG 1,4 TSI"}]},{"@type":"WebSite","@id":"https:\/\/siemoneit.de\/#website","url":"https:\/\/siemoneit.de\/","name":"Siemoneit GmbH","description":"","publisher":{"@id":"https:\/\/siemoneit.de\/#organization"},"potentialAction":[{"@type":"SearchAction","target":{"@type":"EntryPoint","urlTemplate":"https:\/\/siemoneit.de\/?s={search_term_string}"},"query-input":{"@type":"PropertyValueSpecification","valueRequired":true,"valueName":"search_term_string"}}],"inLanguage":"fr-FR"},{"@type":"Organization","@id":"https:\/\/siemoneit.de\/#organization","name":"Siemoneit GmbH","url":"https:\/\/siemoneit.de\/","logo":{"@type":"ImageObject","inLanguage":"fr-FR","@id":"https:\/\/siemoneit.de\/#\/schema\/logo\/image\/","url":"https:\/\/siemoneit.de\/wp-content\/uploads\/2023\/04\/images-removebg-preview.png","contentUrl":"https:\/\/siemoneit.de\/wp-content\/uploads\/2023\/04\/images-removebg-preview.png","width":225,"height":225,"caption":"Siemoneit GmbH"},"image":{"@id":"https:\/\/siemoneit.de\/#\/schema\/logo\/image\/"},"sameAs":["https:\/\/www.facebook.com\/siemoneit.racing","https:\/\/www.instagram.com\/siemoneit_racing\/"]}]}},"_links":{"self":[{"href":"https:\/\/siemoneit.de\/fr\/wp-json\/wp\/v2\/product\/3421","targetHints":{"allow":["GET"]}}],"collection":[{"href":"https:\/\/siemoneit.de\/fr\/wp-json\/wp\/v2\/product"}],"about":[{"href":"https:\/\/siemoneit.de\/fr\/wp-json\/wp\/v2\/types\/product"}],"wp:featuredmedia":[{"embeddable":true,"href":"https:\/\/siemoneit.de\/fr\/wp-json\/wp\/v2\/media\/1498"}],"wp:attachment":[{"href":"https:\/\/siemoneit.de\/fr\/wp-json\/wp\/v2\/media?parent=3421"}],"wp:term":[{"taxonomy":"product_brand","embeddable":true,"href":"https:\/\/siemoneit.de\/fr\/wp-json\/wp\/v2\/product_brand?post=3421"},{"taxonomy":"product_cat","embeddable":true,"href":"https:\/\/siemoneit.de\/fr\/wp-json\/wp\/v2\/product_cat?post=3421"},{"taxonomy":"product_tag","embeddable":true,"href":"https:\/\/siemoneit.de\/fr\/wp-json\/wp\/v2\/product_tag?post=3421"}],"curies":[{"name":"wp","href":"https:\/\/api.w.org\/{rel}","templated":true}]}}