{"id":3410,"date":"2023-06-24T17:12:24","date_gmt":"2023-06-24T15:12:24","guid":{"rendered":"https:\/\/siemoneit.de\/produkt\/deatschwerks-dw400-universal\/"},"modified":"2023-06-24T20:14:33","modified_gmt":"2023-06-24T18:14:33","slug":"deatschwerks-dw400-universal","status":"publish","type":"product","link":"https:\/\/siemoneit.de\/fr\/boutique\/deatschwerks-dw400-universal\/","title":{"rendered":"Deatschwerks DW400 universel"},"content":{"rendered":"<p>D\u00e9bit : 415 litres par heure<\/p>\n<p>Contenu : pompe \u00e0 carburant compacte avec bornes, avec kit d'installation 9-1001<\/p>\n<p>Info : uniquement disponible en kit avec le kit d'installation Combo<\/p>\n<p>Compatibilit\u00e9 E85 : toutes les pompes DW peuvent \u00eatre utilis\u00e9es avec de l'E85 et de l'\u00e9thanol pur.<\/p>\n<p>Toutes les pompes \u00e0 carburant de DeatschWerks sont soumises \u00e0 un test de performance en plusieurs \u00e9tapes afin de garantir les normes les plus \u00e9lev\u00e9es. Ce processus, men\u00e9 par des techniciens form\u00e9s, donne aux consommateurs l'assurance de ne pas acheter n'importe quel produit \"pr\u00eat \u00e0 l'emploi\".<\/p>\n<p>Les tests de performance incluent<br \/>\n- D\u00e9bit \u00e0 des pressions de 40 psi, 60 psi, 80 psi, 100 psi<br \/>\n- Consommation de courant \u00e0 chaque pression<br \/>\n- Point d'activation PRV<br \/>\n- Fonction de clapet anti-retour<br \/>\n- Cavitation<br \/>\n- Contr\u00f4le de la qualit\u00e9<\/p>\n<p>S\u00e9rie DW400, pompe \u00e0 carburant compacte 415l\/h, avec colliers de serrage et kit d'installation universel.<\/p>","protected":false},"excerpt":{"rendered":"<p>D\u00e9bit : 415 litres par heure Contenu : pompe \u00e0 carburant compacte avec pinces, avec kit d'installation 9-1001 Info : uniquement disponible en kit avec le kit d'installation Combo Compatibilit\u00e9 E85 : toutes les pompes DW peuvent \u00eatre utilis\u00e9es avec l'E85 et l'\u00e9thanol pur. Toutes les pompes \u00e0 carburant de DeatschWerks sont soumises \u00e0 un test de performance en plusieurs \u00e9tapes afin de garantir les normes les plus \u00e9lev\u00e9es. Ce processus, men\u00e9 par des techniciens form\u00e9s ... <a title=\"Deatschwerks DW400 universel\" class=\"read-more\" href=\"https:\/\/siemoneit.de\/fr\/boutique\/deatschwerks-dw400-universal\/\" aria-label=\"En savoir plus sur Deatschwerks DW400 universal\">Lire la suite<\/a><\/p>","protected":false},"featured_media":1527,"template":"","meta":{"_acf_changed":false},"product_brand":[],"product_cat":[170,177],"product_tag":[],"class_list":{"0":"post-3410","1":"product","2":"type-product","3":"status-publish","4":"has-post-thumbnail","6":"product_cat-kraftstoff","7":"product_cat-tuning","9":"first","10":"instock","11":"taxable","12":"shipping-taxable","13":"product-type-simple"},"acf":[],"yoast_head":"<!-- This site is optimized with the Yoast SEO plugin v26.6 - https:\/\/yoast.com\/wordpress\/plugins\/seo\/ -->\n<title>Deatschwerks DW400 universal - Siemoneit GmbH<\/title>\n<meta name=\"robots\" content=\"index, follow, max-snippet:-1, max-image-preview:large, max-video-preview:-1\" \/>\n<link rel=\"canonical\" href=\"https:\/\/siemoneit.de\/fr\/boutique\/deatschwerks-dw400-universal\/\" \/>\n<meta property=\"og:locale\" content=\"fr_FR\" \/>\n<meta property=\"og:type\" content=\"article\" \/>\n<meta property=\"og:title\" content=\"Deatschwerks DW400 universal - Siemoneit GmbH\" \/>\n<meta property=\"og:description\" content=\"F\u00f6rderleistung: 415 Liter pro Stunde Inhalt: compact Kraftstoffpumpe mit Klemmen, mit 9-1001 Installations-Kit Info: Nur als Set mit dem Combo Installations-Kit erh\u00e4ltlich E85 Tauglichkeit: Alle DW Pumpen k\u00f6nnen mit E85 und reinem Ethanol verwendet werden. Alle Kraftstoffpumpen von DeatschWerks werden einem mehrstufigen Performance-Test unterzogen, um die h\u00f6chsten Standards sicherzustellen. Dieser von geschulten Technikern durchgef\u00fchrte Prozess ... Lire la suite\" \/>\n<meta property=\"og:url\" content=\"https:\/\/siemoneit.de\/fr\/boutique\/deatschwerks-dw400-universal\/\" \/>\n<meta property=\"og:site_name\" content=\"Siemoneit GmbH\" \/>\n<meta property=\"article:publisher\" content=\"https:\/\/www.facebook.com\/siemoneit.racing\" \/>\n<meta property=\"article:modified_time\" content=\"2023-06-24T18:14:33+00:00\" \/>\n<meta property=\"og:image\" content=\"https:\/\/siemoneit.de\/wp-content\/uploads\/2023\/05\/9457_31721.jpg\" \/>\n\t<meta property=\"og:image:width\" content=\"600\" \/>\n\t<meta property=\"og:image:height\" content=\"450\" \/>\n\t<meta property=\"og:image:type\" content=\"image\/jpeg\" \/>\n<meta name=\"twitter:card\" content=\"summary_large_image\" \/>\n<meta name=\"twitter:label1\" content=\"Dur\u00e9e de lecture estim\u00e9e\" \/>\n\t<meta name=\"twitter:data1\" content=\"1 minute\" \/>\n<script type=\"application\/ld+json\" class=\"yoast-schema-graph\">{\"@context\":\"https:\/\/schema.org\",\"@graph\":[{\"@type\":\"WebPage\",\"@id\":\"https:\/\/siemoneit.de\/shop\/deatschwerks-dw400-universal\/\",\"url\":\"https:\/\/siemoneit.de\/shop\/deatschwerks-dw400-universal\/\",\"name\":\"Deatschwerks DW400 universal - Siemoneit GmbH\",\"isPartOf\":{\"@id\":\"https:\/\/siemoneit.de\/#website\"},\"primaryImageOfPage\":{\"@id\":\"https:\/\/siemoneit.de\/shop\/deatschwerks-dw400-universal\/#primaryimage\"},\"image\":{\"@id\":\"https:\/\/siemoneit.de\/shop\/deatschwerks-dw400-universal\/#primaryimage\"},\"thumbnailUrl\":\"https:\/\/siemoneit.de\/wp-content\/uploads\/2023\/05\/9457_31721.jpg\",\"datePublished\":\"2023-06-24T15:12:24+00:00\",\"dateModified\":\"2023-06-24T18:14:33+00:00\",\"breadcrumb\":{\"@id\":\"https:\/\/siemoneit.de\/shop\/deatschwerks-dw400-universal\/#breadcrumb\"},\"inLanguage\":\"fr-FR\",\"potentialAction\":[{\"@type\":\"ReadAction\",\"target\":[\"https:\/\/siemoneit.de\/shop\/deatschwerks-dw400-universal\/\"]}]},{\"@type\":\"ImageObject\",\"inLanguage\":\"fr-FR\",\"@id\":\"https:\/\/siemoneit.de\/shop\/deatschwerks-dw400-universal\/#primaryimage\",\"url\":\"https:\/\/siemoneit.de\/wp-content\/uploads\/2023\/05\/9457_31721.jpg\",\"contentUrl\":\"https:\/\/siemoneit.de\/wp-content\/uploads\/2023\/05\/9457_31721.jpg\",\"width\":600,\"height\":450},{\"@type\":\"BreadcrumbList\",\"@id\":\"https:\/\/siemoneit.de\/shop\/deatschwerks-dw400-universal\/#breadcrumb\",\"itemListElement\":[{\"@type\":\"ListItem\",\"position\":1,\"name\":\"Startseite\",\"item\":\"https:\/\/siemoneit.de\/\"},{\"@type\":\"ListItem\",\"position\":2,\"name\":\"Shop\",\"item\":\"https:\/\/siemoneit.de\/shop\/\"},{\"@type\":\"ListItem\",\"position\":3,\"name\":\"Deatschwerks DW400 universal\"}]},{\"@type\":\"WebSite\",\"@id\":\"https:\/\/siemoneit.de\/#website\",\"url\":\"https:\/\/siemoneit.de\/\",\"name\":\"Siemoneit GmbH\",\"description\":\"\",\"publisher\":{\"@id\":\"https:\/\/siemoneit.de\/#organization\"},\"potentialAction\":[{\"@type\":\"SearchAction\",\"target\":{\"@type\":\"EntryPoint\",\"urlTemplate\":\"https:\/\/siemoneit.de\/?s={search_term_string}\"},\"query-input\":{\"@type\":\"PropertyValueSpecification\",\"valueRequired\":true,\"valueName\":\"search_term_string\"}}],\"inLanguage\":\"fr-FR\"},{\"@type\":\"Organization\",\"@id\":\"https:\/\/siemoneit.de\/#organization\",\"name\":\"Siemoneit GmbH\",\"url\":\"https:\/\/siemoneit.de\/\",\"logo\":{\"@type\":\"ImageObject\",\"inLanguage\":\"fr-FR\",\"@id\":\"https:\/\/siemoneit.de\/#\/schema\/logo\/image\/\",\"url\":\"https:\/\/siemoneit.de\/wp-content\/uploads\/2023\/04\/images-removebg-preview.png\",\"contentUrl\":\"https:\/\/siemoneit.de\/wp-content\/uploads\/2023\/04\/images-removebg-preview.png\",\"width\":225,\"height\":225,\"caption\":\"Siemoneit GmbH\"},\"image\":{\"@id\":\"https:\/\/siemoneit.de\/#\/schema\/logo\/image\/\"},\"sameAs\":[\"https:\/\/www.facebook.com\/siemoneit.racing\",\"https:\/\/www.instagram.com\/siemoneit_racing\/\"]}]}<\/script>\n<!-- \/ Yoast SEO plugin. -->","yoast_head_json":{"title":"Deatschwerks DW400 universal - Siemoneit GmbH","robots":{"index":"index","follow":"follow","max-snippet":"max-snippet:-1","max-image-preview":"max-image-preview:large","max-video-preview":"max-video-preview:-1"},"canonical":"https:\/\/siemoneit.de\/fr\/boutique\/deatschwerks-dw400-universal\/","og_locale":"fr_FR","og_type":"article","og_title":"Deatschwerks DW400 universal - Siemoneit GmbH","og_description":"F\u00f6rderleistung: 415 Liter pro Stunde Inhalt: compact Kraftstoffpumpe mit Klemmen, mit 9-1001 Installations-Kit Info: Nur als Set mit dem Combo Installations-Kit erh\u00e4ltlich E85 Tauglichkeit: Alle DW Pumpen k\u00f6nnen mit E85 und reinem Ethanol verwendet werden. Alle Kraftstoffpumpen von DeatschWerks werden einem mehrstufigen Performance-Test unterzogen, um die h\u00f6chsten Standards sicherzustellen. Dieser von geschulten Technikern durchgef\u00fchrte Prozess ... Lire la suite","og_url":"https:\/\/siemoneit.de\/fr\/boutique\/deatschwerks-dw400-universal\/","og_site_name":"Siemoneit GmbH","article_publisher":"https:\/\/www.facebook.com\/siemoneit.racing","article_modified_time":"2023-06-24T18:14:33+00:00","og_image":[{"width":600,"height":450,"url":"https:\/\/siemoneit.de\/wp-content\/uploads\/2023\/05\/9457_31721.jpg","type":"image\/jpeg"}],"twitter_card":"summary_large_image","twitter_misc":{"Dur\u00e9e de lecture estim\u00e9e":"1 minute"},"schema":{"@context":"https:\/\/schema.org","@graph":[{"@type":"WebPage","@id":"https:\/\/siemoneit.de\/shop\/deatschwerks-dw400-universal\/","url":"https:\/\/siemoneit.de\/shop\/deatschwerks-dw400-universal\/","name":"Deatschwerks DW400 universal - Siemoneit GmbH","isPartOf":{"@id":"https:\/\/siemoneit.de\/#website"},"primaryImageOfPage":{"@id":"https:\/\/siemoneit.de\/shop\/deatschwerks-dw400-universal\/#primaryimage"},"image":{"@id":"https:\/\/siemoneit.de\/shop\/deatschwerks-dw400-universal\/#primaryimage"},"thumbnailUrl":"https:\/\/siemoneit.de\/wp-content\/uploads\/2023\/05\/9457_31721.jpg","datePublished":"2023-06-24T15:12:24+00:00","dateModified":"2023-06-24T18:14:33+00:00","breadcrumb":{"@id":"https:\/\/siemoneit.de\/shop\/deatschwerks-dw400-universal\/#breadcrumb"},"inLanguage":"fr-FR","potentialAction":[{"@type":"ReadAction","target":["https:\/\/siemoneit.de\/shop\/deatschwerks-dw400-universal\/"]}]},{"@type":"ImageObject","inLanguage":"fr-FR","@id":"https:\/\/siemoneit.de\/shop\/deatschwerks-dw400-universal\/#primaryimage","url":"https:\/\/siemoneit.de\/wp-content\/uploads\/2023\/05\/9457_31721.jpg","contentUrl":"https:\/\/siemoneit.de\/wp-content\/uploads\/2023\/05\/9457_31721.jpg","width":600,"height":450},{"@type":"BreadcrumbList","@id":"https:\/\/siemoneit.de\/shop\/deatschwerks-dw400-universal\/#breadcrumb","itemListElement":[{"@type":"ListItem","position":1,"name":"Startseite","item":"https:\/\/siemoneit.de\/"},{"@type":"ListItem","position":2,"name":"Shop","item":"https:\/\/siemoneit.de\/shop\/"},{"@type":"ListItem","position":3,"name":"Deatschwerks DW400 universal"}]},{"@type":"WebSite","@id":"https:\/\/siemoneit.de\/#website","url":"https:\/\/siemoneit.de\/","name":"Siemoneit GmbH","description":"","publisher":{"@id":"https:\/\/siemoneit.de\/#organization"},"potentialAction":[{"@type":"SearchAction","target":{"@type":"EntryPoint","urlTemplate":"https:\/\/siemoneit.de\/?s={search_term_string}"},"query-input":{"@type":"PropertyValueSpecification","valueRequired":true,"valueName":"search_term_string"}}],"inLanguage":"fr-FR"},{"@type":"Organization","@id":"https:\/\/siemoneit.de\/#organization","name":"Siemoneit GmbH","url":"https:\/\/siemoneit.de\/","logo":{"@type":"ImageObject","inLanguage":"fr-FR","@id":"https:\/\/siemoneit.de\/#\/schema\/logo\/image\/","url":"https:\/\/siemoneit.de\/wp-content\/uploads\/2023\/04\/images-removebg-preview.png","contentUrl":"https:\/\/siemoneit.de\/wp-content\/uploads\/2023\/04\/images-removebg-preview.png","width":225,"height":225,"caption":"Siemoneit GmbH"},"image":{"@id":"https:\/\/siemoneit.de\/#\/schema\/logo\/image\/"},"sameAs":["https:\/\/www.facebook.com\/siemoneit.racing","https:\/\/www.instagram.com\/siemoneit_racing\/"]}]}},"_links":{"self":[{"href":"https:\/\/siemoneit.de\/fr\/wp-json\/wp\/v2\/product\/3410","targetHints":{"allow":["GET"]}}],"collection":[{"href":"https:\/\/siemoneit.de\/fr\/wp-json\/wp\/v2\/product"}],"about":[{"href":"https:\/\/siemoneit.de\/fr\/wp-json\/wp\/v2\/types\/product"}],"wp:featuredmedia":[{"embeddable":true,"href":"https:\/\/siemoneit.de\/fr\/wp-json\/wp\/v2\/media\/1527"}],"wp:attachment":[{"href":"https:\/\/siemoneit.de\/fr\/wp-json\/wp\/v2\/media?parent=3410"}],"wp:term":[{"taxonomy":"product_brand","embeddable":true,"href":"https:\/\/siemoneit.de\/fr\/wp-json\/wp\/v2\/product_brand?post=3410"},{"taxonomy":"product_cat","embeddable":true,"href":"https:\/\/siemoneit.de\/fr\/wp-json\/wp\/v2\/product_cat?post=3410"},{"taxonomy":"product_tag","embeddable":true,"href":"https:\/\/siemoneit.de\/fr\/wp-json\/wp\/v2\/product_tag?post=3410"}],"curies":[{"name":"wp","href":"https:\/\/api.w.org\/{rel}","templated":true}]}}