{"id":937,"date":"2023-04-28T18:42:01","date_gmt":"2023-04-28T16:42:01","guid":{"rendered":"https:\/\/siemoneit.de\/?page_id=937"},"modified":"2025-07-10T17:46:12","modified_gmt":"2025-07-10T15:46:12","slug":"certification","status":"publish","type":"page","link":"https:\/\/siemoneit.de\/fr\/certification\/","title":{"rendered":"Certification"},"content":{"rendered":"<h2>Certification T\u00dcV de SIemoneit<\/h2>\n<p>Notre entreprise est certifi\u00e9e T\u00dcV par le T\u00dcV Austria. Nous appliquons une gestion stricte de la qualit\u00e9 afin de pouvoir vous offrir une s\u00e9curit\u00e9 maximale et une qualit\u00e9 constante. Des contr\u00f4les p\u00e9riodiques garantissent un standard minimum constant, m\u00eame au fil des ann\u00e9es. Les outils, les r\u00e9cipients, les appareils de mesure, etc. sont soumis \u00e0 ces directives - de la station de soudage \u00e0 la cl\u00e9 dynamom\u00e9trique, tout est \u00e9talonn\u00e9 et contr\u00f4l\u00e9 r\u00e9guli\u00e8rement.<\/p>\n<p><strong>-&gt; La qualit\u00e9 n'est pas un hasard chez nous !<\/strong><\/p>\n<p><img decoding=\"async\" class=\"\" src=\"https:\/\/siemoneit.de\/wp-content\/uploads\/2023\/04\/siemoneit_racing_veri_talogo_13.jpg\" sizes=\"(max-width: 556px) 100vw, 556px\" srcset=\"https:\/\/siemoneit.de\/wp-content\/uploads\/2023\/04\/siemoneit_racing_veri_talogo_13.jpg 556w, https:\/\/siemoneit.de\/wp-content\/uploads\/2023\/04\/siemoneit_racing_veri_talogo_13-300x300.jpg 300w, https:\/\/siemoneit.de\/wp-content\/uploads\/2023\/04\/siemoneit_racing_veri_talogo_13-100x100.jpg 100w, https:\/\/siemoneit.de\/wp-content\/uploads\/2023\/04\/siemoneit_racing_veri_talogo_13-150x150.jpg 150w, https:\/\/siemoneit.de\/wp-content\/uploads\/2023\/04\/siemoneit_racing_veri_talogo_13-12x12.jpg 12w\" alt=\"\" width=\"244\" height=\"244\" \/><\/p>\n<p>En tant qu'atelier automobile, nous effectuons \u00e9galement des travaux sur des v\u00e9hicules qui n\u00e9cessitent une inscription au registre des m\u00e9tiers. Ici aussi, nous remplissons les qualifications requises et sommes inscrits aupr\u00e8s de la chambre des m\u00e9tiers de Braunschweig-L\u00fcneburg-Stade avec le num\u00e9ro d'entreprise 2250850617. En outre, nos collaborateurs participent r\u00e9guli\u00e8rement \u00e0 des cours interentreprises et \u00e0 des formations afin d'\u00eatre toujours au courant des techniques, des processus et des produits les plus r\u00e9cents.<\/p>\n<p><img decoding=\"async\" src=\"https:\/\/siemoneit.de\/wp-content\/uploads\/2023\/04\/HWK.jpg\" sizes=\"(max-width: 798px) 100vw, 798px\" srcset=\"https:\/\/siemoneit.de\/wp-content\/uploads\/2023\/04\/HWK.jpg 798w, https:\/\/siemoneit.de\/wp-content\/uploads\/2023\/04\/HWK-600x106.jpg 600w, https:\/\/siemoneit.de\/wp-content\/uploads\/2023\/04\/HWK-300x53.jpg 300w, https:\/\/siemoneit.de\/wp-content\/uploads\/2023\/04\/HWK-768x136.jpg 768w, https:\/\/siemoneit.de\/wp-content\/uploads\/2023\/04\/HWK-18x3.jpg 18w\" alt=\"\" width=\"798\" height=\"141\" \/><\/p>","protected":false},"excerpt":{"rendered":"<p>Certification T\u00dcV de SIemoneit Notre entreprise est certifi\u00e9e T\u00dcV par le T\u00dcV Austria. Nous appliquons une gestion stricte de la qualit\u00e9 afin de pouvoir vous offrir une s\u00e9curit\u00e9 maximale et une qualit\u00e9 constante. Des contr\u00f4les p\u00e9riodiques garantissent un standard minimum constant, m\u00eame au fil des ann\u00e9es. Les outils, les r\u00e9cipients, les appareils de mesure, etc. sont soumis \u00e0 ces directives - de la station de soudage \u00e0 la cl\u00e9 dynamom\u00e9trique, tout est \u00e9talonn\u00e9 et ... <a title=\"Certification\" class=\"read-more\" href=\"https:\/\/siemoneit.de\/fr\/certification\/\" aria-label=\"En savoir plus sur la certification\">Lire la suite<\/a><\/p>","protected":false},"author":1,"featured_media":997,"parent":0,"menu_order":0,"comment_status":"closed","ping_status":"closed","template":"leistungen-template.php","meta":{"_acf_changed":false,"footnotes":""},"class_list":["post-937","page","type-page","status-publish","has-post-thumbnail"],"acf":[],"yoast_head":"<!-- This site is optimized with the Yoast SEO plugin v27.4 - https:\/\/yoast.com\/product\/yoast-seo-wordpress\/ -->\n<title>Zertifizierung - Siemoneit GmbH<\/title>\n<meta name=\"robots\" content=\"index, follow, max-snippet:-1, max-image-preview:large, max-video-preview:-1\" \/>\n<link rel=\"canonical\" href=\"https:\/\/siemoneit.de\/fr\/certification\/\" \/>\n<meta property=\"og:locale\" content=\"fr_FR\" \/>\n<meta property=\"og:type\" content=\"article\" \/>\n<meta property=\"og:title\" content=\"Zertifizierung - Siemoneit GmbH\" \/>\n<meta property=\"og:description\" content=\"T\u00dcV Zertifizierung von SIemoneit Unser Betrieb ist T\u00dcV-Verifiziert beim T\u00dcV Austria. Wir f\u00fchren ein strenges Qualit\u00e4tsmanagement um Ihnen gr\u00f6\u00dftm\u00f6gliche Sicherheit und gleichbleibende Qualit\u00e4t anbieten zu k\u00f6nnen. Wiederkehrende Nachpr\u00fcfungen gew\u00e4hren auch \u00fcber Jahre hinweg einen gleichbleibenden Mindeststandard. Werkzeuge, Beh\u00e4lter, Messger\u00e4te, usw. unterliegen diesen Vorgaben &#8211; von der L\u00f6tstation bis zum Drehmomentschl\u00fcssel ist alles geeicht und wird ... Lire la suite\" \/>\n<meta property=\"og:url\" content=\"https:\/\/siemoneit.de\/fr\/certification\/\" \/>\n<meta property=\"og:site_name\" content=\"Siemoneit GmbH\" \/>\n<meta property=\"article:publisher\" content=\"https:\/\/www.facebook.com\/siemoneit.racing\" \/>\n<meta property=\"article:modified_time\" content=\"2025-07-10T15:46:12+00:00\" \/>\n<meta property=\"og:image\" content=\"https:\/\/siemoneit.de\/wp-content\/uploads\/2023\/04\/1548325950911_TUeV.jpg\" \/>\n\t<meta property=\"og:image:width\" content=\"1920\" \/>\n\t<meta property=\"og:image:height\" content=\"914\" \/>\n\t<meta property=\"og:image:type\" content=\"image\/jpeg\" \/>\n<meta name=\"twitter:card\" content=\"summary_large_image\" \/>\n<meta name=\"twitter:label1\" content=\"Dur\u00e9e de lecture estim\u00e9e\" \/>\n\t<meta name=\"twitter:data1\" content=\"2 minutes\" \/>\n<script type=\"application\/ld+json\" class=\"yoast-schema-graph\">{\"@context\":\"https:\\\/\\\/schema.org\",\"@graph\":[{\"@type\":\"WebPage\",\"@id\":\"https:\\\/\\\/siemoneit.de\\\/zertifizierung\\\/\",\"url\":\"https:\\\/\\\/siemoneit.de\\\/zertifizierung\\\/\",\"name\":\"Zertifizierung - Siemoneit GmbH\",\"isPartOf\":{\"@id\":\"https:\\\/\\\/siemoneit.de\\\/#website\"},\"primaryImageOfPage\":{\"@id\":\"https:\\\/\\\/siemoneit.de\\\/zertifizierung\\\/#primaryimage\"},\"image\":{\"@id\":\"https:\\\/\\\/siemoneit.de\\\/zertifizierung\\\/#primaryimage\"},\"thumbnailUrl\":\"https:\\\/\\\/siemoneit.de\\\/wp-content\\\/uploads\\\/2023\\\/04\\\/1548325950911_TUeV.jpg\",\"datePublished\":\"2023-04-28T16:42:01+00:00\",\"dateModified\":\"2025-07-10T15:46:12+00:00\",\"breadcrumb\":{\"@id\":\"https:\\\/\\\/siemoneit.de\\\/zertifizierung\\\/#breadcrumb\"},\"inLanguage\":\"fr-FR\",\"potentialAction\":[{\"@type\":\"ReadAction\",\"target\":[\"https:\\\/\\\/siemoneit.de\\\/zertifizierung\\\/\"]}]},{\"@type\":\"ImageObject\",\"inLanguage\":\"fr-FR\",\"@id\":\"https:\\\/\\\/siemoneit.de\\\/zertifizierung\\\/#primaryimage\",\"url\":\"https:\\\/\\\/siemoneit.de\\\/wp-content\\\/uploads\\\/2023\\\/04\\\/1548325950911_TUeV.jpg\",\"contentUrl\":\"https:\\\/\\\/siemoneit.de\\\/wp-content\\\/uploads\\\/2023\\\/04\\\/1548325950911_TUeV.jpg\",\"width\":1920,\"height\":914},{\"@type\":\"BreadcrumbList\",\"@id\":\"https:\\\/\\\/siemoneit.de\\\/zertifizierung\\\/#breadcrumb\",\"itemListElement\":[{\"@type\":\"ListItem\",\"position\":1,\"name\":\"Startseite\",\"item\":\"https:\\\/\\\/siemoneit.de\\\/\"},{\"@type\":\"ListItem\",\"position\":2,\"name\":\"Zertifizierung\"}]},{\"@type\":\"WebSite\",\"@id\":\"https:\\\/\\\/siemoneit.de\\\/#website\",\"url\":\"https:\\\/\\\/siemoneit.de\\\/\",\"name\":\"Siemoneit GmbH\",\"description\":\"\",\"publisher\":{\"@id\":\"https:\\\/\\\/siemoneit.de\\\/#organization\"},\"potentialAction\":[{\"@type\":\"SearchAction\",\"target\":{\"@type\":\"EntryPoint\",\"urlTemplate\":\"https:\\\/\\\/siemoneit.de\\\/?s={search_term_string}\"},\"query-input\":{\"@type\":\"PropertyValueSpecification\",\"valueRequired\":true,\"valueName\":\"search_term_string\"}}],\"inLanguage\":\"fr-FR\"},{\"@type\":\"Organization\",\"@id\":\"https:\\\/\\\/siemoneit.de\\\/#organization\",\"name\":\"Siemoneit GmbH\",\"url\":\"https:\\\/\\\/siemoneit.de\\\/\",\"logo\":{\"@type\":\"ImageObject\",\"inLanguage\":\"fr-FR\",\"@id\":\"https:\\\/\\\/siemoneit.de\\\/#\\\/schema\\\/logo\\\/image\\\/\",\"url\":\"https:\\\/\\\/siemoneit.de\\\/wp-content\\\/uploads\\\/2023\\\/04\\\/images-removebg-preview.png\",\"contentUrl\":\"https:\\\/\\\/siemoneit.de\\\/wp-content\\\/uploads\\\/2023\\\/04\\\/images-removebg-preview.png\",\"width\":225,\"height\":225,\"caption\":\"Siemoneit GmbH\"},\"image\":{\"@id\":\"https:\\\/\\\/siemoneit.de\\\/#\\\/schema\\\/logo\\\/image\\\/\"},\"sameAs\":[\"https:\\\/\\\/www.facebook.com\\\/siemoneit.racing\",\"https:\\\/\\\/www.instagram.com\\\/siemoneit_racing\\\/\"]}]}<\/script>\n<!-- \/ Yoast SEO plugin. -->","yoast_head_json":{"title":"Certification - Siemoneit GmbH","robots":{"index":"index","follow":"follow","max-snippet":"max-snippet:-1","max-image-preview":"max-image-preview:large","max-video-preview":"max-video-preview:-1"},"canonical":"https:\/\/siemoneit.de\/fr\/certification\/","og_locale":"fr_FR","og_type":"article","og_title":"Zertifizierung - Siemoneit GmbH","og_description":"T\u00dcV Zertifizierung von SIemoneit Unser Betrieb ist T\u00dcV-Verifiziert beim T\u00dcV Austria. Wir f\u00fchren ein strenges Qualit\u00e4tsmanagement um Ihnen gr\u00f6\u00dftm\u00f6gliche Sicherheit und gleichbleibende Qualit\u00e4t anbieten zu k\u00f6nnen. Wiederkehrende Nachpr\u00fcfungen gew\u00e4hren auch \u00fcber Jahre hinweg einen gleichbleibenden Mindeststandard. Werkzeuge, Beh\u00e4lter, Messger\u00e4te, usw. unterliegen diesen Vorgaben &#8211; von der L\u00f6tstation bis zum Drehmomentschl\u00fcssel ist alles geeicht und wird ... Lire la suite","og_url":"https:\/\/siemoneit.de\/fr\/certification\/","og_site_name":"Siemoneit GmbH","article_publisher":"https:\/\/www.facebook.com\/siemoneit.racing","article_modified_time":"2025-07-10T15:46:12+00:00","og_image":[{"width":1920,"height":914,"url":"https:\/\/siemoneit.de\/wp-content\/uploads\/2023\/04\/1548325950911_TUeV.jpg","type":"image\/jpeg"}],"twitter_card":"summary_large_image","twitter_misc":{"Dur\u00e9e de lecture estim\u00e9e":"2 minutes"},"schema":{"@context":"https:\/\/schema.org","@graph":[{"@type":"WebPage","@id":"https:\/\/siemoneit.de\/zertifizierung\/","url":"https:\/\/siemoneit.de\/zertifizierung\/","name":"Certification - Siemoneit GmbH","isPartOf":{"@id":"https:\/\/siemoneit.de\/#website"},"primaryImageOfPage":{"@id":"https:\/\/siemoneit.de\/zertifizierung\/#primaryimage"},"image":{"@id":"https:\/\/siemoneit.de\/zertifizierung\/#primaryimage"},"thumbnailUrl":"https:\/\/siemoneit.de\/wp-content\/uploads\/2023\/04\/1548325950911_TUeV.jpg","datePublished":"2023-04-28T16:42:01+00:00","dateModified":"2025-07-10T15:46:12+00:00","breadcrumb":{"@id":"https:\/\/siemoneit.de\/zertifizierung\/#breadcrumb"},"inLanguage":"fr-FR","potentialAction":[{"@type":"ReadAction","target":["https:\/\/siemoneit.de\/zertifizierung\/"]}]},{"@type":"ImageObject","inLanguage":"fr-FR","@id":"https:\/\/siemoneit.de\/zertifizierung\/#primaryimage","url":"https:\/\/siemoneit.de\/wp-content\/uploads\/2023\/04\/1548325950911_TUeV.jpg","contentUrl":"https:\/\/siemoneit.de\/wp-content\/uploads\/2023\/04\/1548325950911_TUeV.jpg","width":1920,"height":914},{"@type":"BreadcrumbList","@id":"https:\/\/siemoneit.de\/zertifizierung\/#breadcrumb","itemListElement":[{"@type":"ListItem","position":1,"name":"Startseite","item":"https:\/\/siemoneit.de\/"},{"@type":"ListItem","position":2,"name":"Zertifizierung"}]},{"@type":"WebSite","@id":"https:\/\/siemoneit.de\/#website","url":"https:\/\/siemoneit.de\/","name":"Siemoneit GmbH","description":"","publisher":{"@id":"https:\/\/siemoneit.de\/#organization"},"potentialAction":[{"@type":"SearchAction","target":{"@type":"EntryPoint","urlTemplate":"https:\/\/siemoneit.de\/?s={search_term_string}"},"query-input":{"@type":"PropertyValueSpecification","valueRequired":true,"valueName":"search_term_string"}}],"inLanguage":"fr-FR"},{"@type":"Organization","@id":"https:\/\/siemoneit.de\/#organization","name":"Siemoneit GmbH","url":"https:\/\/siemoneit.de\/","logo":{"@type":"ImageObject","inLanguage":"fr-FR","@id":"https:\/\/siemoneit.de\/#\/schema\/logo\/image\/","url":"https:\/\/siemoneit.de\/wp-content\/uploads\/2023\/04\/images-removebg-preview.png","contentUrl":"https:\/\/siemoneit.de\/wp-content\/uploads\/2023\/04\/images-removebg-preview.png","width":225,"height":225,"caption":"Siemoneit GmbH"},"image":{"@id":"https:\/\/siemoneit.de\/#\/schema\/logo\/image\/"},"sameAs":["https:\/\/www.facebook.com\/siemoneit.racing","https:\/\/www.instagram.com\/siemoneit_racing\/"]}]}},"_links":{"self":[{"href":"https:\/\/siemoneit.de\/fr\/wp-json\/wp\/v2\/pages\/937","targetHints":{"allow":["GET"]}}],"collection":[{"href":"https:\/\/siemoneit.de\/fr\/wp-json\/wp\/v2\/pages"}],"about":[{"href":"https:\/\/siemoneit.de\/fr\/wp-json\/wp\/v2\/types\/page"}],"author":[{"embeddable":true,"href":"https:\/\/siemoneit.de\/fr\/wp-json\/wp\/v2\/users\/1"}],"replies":[{"embeddable":true,"href":"https:\/\/siemoneit.de\/fr\/wp-json\/wp\/v2\/comments?post=937"}],"version-history":[{"count":2,"href":"https:\/\/siemoneit.de\/fr\/wp-json\/wp\/v2\/pages\/937\/revisions"}],"predecessor-version":[{"id":6364,"href":"https:\/\/siemoneit.de\/fr\/wp-json\/wp\/v2\/pages\/937\/revisions\/6364"}],"wp:featuredmedia":[{"embeddable":true,"href":"https:\/\/siemoneit.de\/fr\/wp-json\/wp\/v2\/media\/997"}],"wp:attachment":[{"href":"https:\/\/siemoneit.de\/fr\/wp-json\/wp\/v2\/media?parent=937"}],"curies":[{"name":"wp","href":"https:\/\/api.w.org\/{rel}","templated":true}]}}