{"id":632,"date":"2023-04-05T18:37:25","date_gmt":"2023-04-05T16:37:25","guid":{"rendered":"https:\/\/siemoneit.de\/?page_id=632"},"modified":"2025-07-10T17:40:51","modified_gmt":"2025-07-10T15:40:51","slug":"technique-de-roulement","status":"publish","type":"page","link":"https:\/\/siemoneit.de\/fr\/technique-de-roulement\/","title":{"rendered":"Technique de ch\u00e2ssis"},"content":{"rendered":"<h2>Technique de conduite de KW Suspensions<\/h2>\n<p>En tant que KW Suspensions Sales and Service Point, nous sommes \u00e9galement \u00e0 vos c\u00f4t\u00e9s en tant que partenaire comp\u00e9tent dans le domaine de la technique de suspension.<\/p>\n<p>Notre personnel sp\u00e9cialis\u00e9 a \u00e9t\u00e9 sp\u00e9cialement form\u00e9 par KW Suspensions et dispose en outre de l'exp\u00e9rience n\u00e9cessaire en mati\u00e8re de course automobile. Nous vous aidons \u00e0 choisir le bon ch\u00e2ssis, adapt\u00e9 \u00e0 votre v\u00e9hicule et \u00e0 vos exigences. Nous nous ferons un plaisir de le monter pour vous et de le r\u00e9gler correctement afin que vous puissiez profiter pleinement du plaisir de conduire sur la route.<\/p>\n<p>En fonction de l'utilisation souhait\u00e9e, nous vous offrons le choix entre des ressorts et des suspensions filet\u00e9s avec diff\u00e9rentes variantes d'amortissement.<\/p>\n<ul>\n<li>KW Variante 1 - 4<\/li>\n<li>KW Street Comfort<\/li>\n<li>KW DDC - Dynamic Damping Control (suspension filet\u00e9e avec r\u00e9glage \u00e9lectronique de l'amortissement)<\/li>\n<li>KW HLS - Hydraulic Lift System (syst\u00e8me de levage pour soulever et abaisser les v\u00e9hicules surbaiss\u00e9s)<\/li>\n<li>Ch\u00e2ssis filet\u00e9 KW Clubsport<\/li>\n<li>Ch\u00e2ssis filet\u00e9 KW Competition<\/li>\n<li>Ressorts filet\u00e9s KW<\/li>\n<\/ul>\n<p>Qu'il s'agisse d'une utilisation sportive ou d'une utilisation quotidienne sur route, nous vous proposons des suspensions hautes performances pour la sportivit\u00e9, un meilleur confort de conduite et une meilleure esth\u00e9tique du v\u00e9hicule.<\/p>","protected":false},"excerpt":{"rendered":"<p>Technique de suspension de KW Suspensions En tant que KW Suspensions Sales and Service Point, nous sommes \u00e0 vos c\u00f4t\u00e9s en tant que partenaire comp\u00e9tent dans le domaine de la technique de suspension. Notre personnel sp\u00e9cialis\u00e9 a \u00e9t\u00e9 sp\u00e9cialement form\u00e9 par KW Suspensions et dispose en outre de l'exp\u00e9rience n\u00e9cessaire en mati\u00e8re de course automobile. Nous vous aidons \u00e0 choisir le bon ch\u00e2ssis, adapt\u00e9 \u00e0 votre v\u00e9hicule et \u00e0 vos exigences. ... <a title=\"Technique de ch\u00e2ssis\" class=\"read-more\" href=\"https:\/\/siemoneit.de\/fr\/technique-de-roulement\/\" aria-label=\"En savoir plus sur Technique de ch\u00e2ssis\">Lire la suite<\/a><\/p>","protected":false},"author":1,"featured_media":855,"parent":0,"menu_order":0,"comment_status":"closed","ping_status":"closed","template":"leistungen-template.php","meta":{"_acf_changed":false,"footnotes":""},"class_list":["post-632","page","type-page","status-publish","has-post-thumbnail"],"acf":[],"yoast_head":"<!-- This site is optimized with the Yoast SEO plugin v27.4 - https:\/\/yoast.com\/product\/yoast-seo-wordpress\/ -->\n<title>Fahrwerkstechnik - Siemoneit GmbH<\/title>\n<meta name=\"robots\" content=\"index, follow, max-snippet:-1, max-image-preview:large, max-video-preview:-1\" \/>\n<link rel=\"canonical\" href=\"https:\/\/siemoneit.de\/fr\/technique-de-roulement\/\" \/>\n<meta property=\"og:locale\" content=\"fr_FR\" \/>\n<meta property=\"og:type\" content=\"article\" \/>\n<meta property=\"og:title\" content=\"Fahrwerkstechnik - Siemoneit GmbH\" \/>\n<meta property=\"og:description\" content=\"Fahrwekstechnik von KW Suspensions Als KW Suspensions Sales and Service Point stehen wir Ihnen auch im Bereich der Fahrwerkstechnik als kompetenter Partner zur Seite. Unser Fachpersonal wurde durch KW Suspensions speziell geschult und verf\u00fcgt zus\u00e4tzlich \u00fcber die notwendige Rennsporterfahrung. Wir helfen Ihnen bei der Auswahl des richtigen Fahrwerks, passend zu Ihrem Fahrzeug und Ihren Anspr\u00fcchen. ... Lire la suite\" \/>\n<meta property=\"og:url\" content=\"https:\/\/siemoneit.de\/fr\/technique-de-roulement\/\" \/>\n<meta property=\"og:site_name\" content=\"Siemoneit GmbH\" \/>\n<meta property=\"article:publisher\" content=\"https:\/\/www.facebook.com\/siemoneit.racing\" \/>\n<meta property=\"article:modified_time\" content=\"2025-07-10T15:40:51+00:00\" \/>\n<meta property=\"og:image\" content=\"https:\/\/siemoneit.de\/wp-content\/uploads\/2023\/04\/1570471378913_kwwebsite.jpg\" \/>\n\t<meta property=\"og:image:width\" content=\"1001\" \/>\n\t<meta property=\"og:image:height\" content=\"914\" \/>\n\t<meta property=\"og:image:type\" content=\"image\/jpeg\" \/>\n<meta name=\"twitter:card\" content=\"summary_large_image\" \/>\n<meta name=\"twitter:label1\" content=\"Dur\u00e9e de lecture estim\u00e9e\" \/>\n\t<meta name=\"twitter:data1\" content=\"2 minutes\" \/>\n<script type=\"application\/ld+json\" class=\"yoast-schema-graph\">{\"@context\":\"https:\\\/\\\/schema.org\",\"@graph\":[{\"@type\":\"WebPage\",\"@id\":\"https:\\\/\\\/siemoneit.de\\\/fahrwerkstechnik\\\/\",\"url\":\"https:\\\/\\\/siemoneit.de\\\/fahrwerkstechnik\\\/\",\"name\":\"Fahrwerkstechnik - Siemoneit GmbH\",\"isPartOf\":{\"@id\":\"https:\\\/\\\/siemoneit.de\\\/#website\"},\"primaryImageOfPage\":{\"@id\":\"https:\\\/\\\/siemoneit.de\\\/fahrwerkstechnik\\\/#primaryimage\"},\"image\":{\"@id\":\"https:\\\/\\\/siemoneit.de\\\/fahrwerkstechnik\\\/#primaryimage\"},\"thumbnailUrl\":\"https:\\\/\\\/siemoneit.de\\\/wp-content\\\/uploads\\\/2023\\\/04\\\/1570471378913_kwwebsite.jpg\",\"datePublished\":\"2023-04-05T16:37:25+00:00\",\"dateModified\":\"2025-07-10T15:40:51+00:00\",\"breadcrumb\":{\"@id\":\"https:\\\/\\\/siemoneit.de\\\/fahrwerkstechnik\\\/#breadcrumb\"},\"inLanguage\":\"fr-FR\",\"potentialAction\":[{\"@type\":\"ReadAction\",\"target\":[\"https:\\\/\\\/siemoneit.de\\\/fahrwerkstechnik\\\/\"]}]},{\"@type\":\"ImageObject\",\"inLanguage\":\"fr-FR\",\"@id\":\"https:\\\/\\\/siemoneit.de\\\/fahrwerkstechnik\\\/#primaryimage\",\"url\":\"https:\\\/\\\/siemoneit.de\\\/wp-content\\\/uploads\\\/2023\\\/04\\\/1570471378913_kwwebsite.jpg\",\"contentUrl\":\"https:\\\/\\\/siemoneit.de\\\/wp-content\\\/uploads\\\/2023\\\/04\\\/1570471378913_kwwebsite.jpg\",\"width\":1001,\"height\":914},{\"@type\":\"BreadcrumbList\",\"@id\":\"https:\\\/\\\/siemoneit.de\\\/fahrwerkstechnik\\\/#breadcrumb\",\"itemListElement\":[{\"@type\":\"ListItem\",\"position\":1,\"name\":\"Startseite\",\"item\":\"https:\\\/\\\/siemoneit.de\\\/\"},{\"@type\":\"ListItem\",\"position\":2,\"name\":\"Fahrwerkstechnik\"}]},{\"@type\":\"WebSite\",\"@id\":\"https:\\\/\\\/siemoneit.de\\\/#website\",\"url\":\"https:\\\/\\\/siemoneit.de\\\/\",\"name\":\"Siemoneit GmbH\",\"description\":\"\",\"publisher\":{\"@id\":\"https:\\\/\\\/siemoneit.de\\\/#organization\"},\"potentialAction\":[{\"@type\":\"SearchAction\",\"target\":{\"@type\":\"EntryPoint\",\"urlTemplate\":\"https:\\\/\\\/siemoneit.de\\\/?s={search_term_string}\"},\"query-input\":{\"@type\":\"PropertyValueSpecification\",\"valueRequired\":true,\"valueName\":\"search_term_string\"}}],\"inLanguage\":\"fr-FR\"},{\"@type\":\"Organization\",\"@id\":\"https:\\\/\\\/siemoneit.de\\\/#organization\",\"name\":\"Siemoneit GmbH\",\"url\":\"https:\\\/\\\/siemoneit.de\\\/\",\"logo\":{\"@type\":\"ImageObject\",\"inLanguage\":\"fr-FR\",\"@id\":\"https:\\\/\\\/siemoneit.de\\\/#\\\/schema\\\/logo\\\/image\\\/\",\"url\":\"https:\\\/\\\/siemoneit.de\\\/wp-content\\\/uploads\\\/2023\\\/04\\\/images-removebg-preview.png\",\"contentUrl\":\"https:\\\/\\\/siemoneit.de\\\/wp-content\\\/uploads\\\/2023\\\/04\\\/images-removebg-preview.png\",\"width\":225,\"height\":225,\"caption\":\"Siemoneit GmbH\"},\"image\":{\"@id\":\"https:\\\/\\\/siemoneit.de\\\/#\\\/schema\\\/logo\\\/image\\\/\"},\"sameAs\":[\"https:\\\/\\\/www.facebook.com\\\/siemoneit.racing\",\"https:\\\/\\\/www.instagram.com\\\/siemoneit_racing\\\/\"]}]}<\/script>\n<!-- \/ Yoast SEO plugin. -->","yoast_head_json":{"title":"Technique de ch\u00e2ssis - Siemoneit GmbH","robots":{"index":"index","follow":"follow","max-snippet":"max-snippet:-1","max-image-preview":"max-image-preview:large","max-video-preview":"max-video-preview:-1"},"canonical":"https:\/\/siemoneit.de\/fr\/technique-de-roulement\/","og_locale":"fr_FR","og_type":"article","og_title":"Fahrwerkstechnik - Siemoneit GmbH","og_description":"Fahrwekstechnik von KW Suspensions Als KW Suspensions Sales and Service Point stehen wir Ihnen auch im Bereich der Fahrwerkstechnik als kompetenter Partner zur Seite. Unser Fachpersonal wurde durch KW Suspensions speziell geschult und verf\u00fcgt zus\u00e4tzlich \u00fcber die notwendige Rennsporterfahrung. Wir helfen Ihnen bei der Auswahl des richtigen Fahrwerks, passend zu Ihrem Fahrzeug und Ihren Anspr\u00fcchen. ... Lire la suite","og_url":"https:\/\/siemoneit.de\/fr\/technique-de-roulement\/","og_site_name":"Siemoneit GmbH","article_publisher":"https:\/\/www.facebook.com\/siemoneit.racing","article_modified_time":"2025-07-10T15:40:51+00:00","og_image":[{"width":1001,"height":914,"url":"https:\/\/siemoneit.de\/wp-content\/uploads\/2023\/04\/1570471378913_kwwebsite.jpg","type":"image\/jpeg"}],"twitter_card":"summary_large_image","twitter_misc":{"Dur\u00e9e de lecture estim\u00e9e":"2 minutes"},"schema":{"@context":"https:\/\/schema.org","@graph":[{"@type":"WebPage","@id":"https:\/\/siemoneit.de\/fahrwerkstechnik\/","url":"https:\/\/siemoneit.de\/fahrwerkstechnik\/","name":"Technique de ch\u00e2ssis - Siemoneit GmbH","isPartOf":{"@id":"https:\/\/siemoneit.de\/#website"},"primaryImageOfPage":{"@id":"https:\/\/siemoneit.de\/fahrwerkstechnik\/#primaryimage"},"image":{"@id":"https:\/\/siemoneit.de\/fahrwerkstechnik\/#primaryimage"},"thumbnailUrl":"https:\/\/siemoneit.de\/wp-content\/uploads\/2023\/04\/1570471378913_kwwebsite.jpg","datePublished":"2023-04-05T16:37:25+00:00","dateModified":"2025-07-10T15:40:51+00:00","breadcrumb":{"@id":"https:\/\/siemoneit.de\/fahrwerkstechnik\/#breadcrumb"},"inLanguage":"fr-FR","potentialAction":[{"@type":"ReadAction","target":["https:\/\/siemoneit.de\/fahrwerkstechnik\/"]}]},{"@type":"ImageObject","inLanguage":"fr-FR","@id":"https:\/\/siemoneit.de\/fahrwerkstechnik\/#primaryimage","url":"https:\/\/siemoneit.de\/wp-content\/uploads\/2023\/04\/1570471378913_kwwebsite.jpg","contentUrl":"https:\/\/siemoneit.de\/wp-content\/uploads\/2023\/04\/1570471378913_kwwebsite.jpg","width":1001,"height":914},{"@type":"BreadcrumbList","@id":"https:\/\/siemoneit.de\/fahrwerkstechnik\/#breadcrumb","itemListElement":[{"@type":"ListItem","position":1,"name":"Startseite","item":"https:\/\/siemoneit.de\/"},{"@type":"ListItem","position":2,"name":"Fahrwerkstechnik"}]},{"@type":"WebSite","@id":"https:\/\/siemoneit.de\/#website","url":"https:\/\/siemoneit.de\/","name":"Siemoneit GmbH","description":"","publisher":{"@id":"https:\/\/siemoneit.de\/#organization"},"potentialAction":[{"@type":"SearchAction","target":{"@type":"EntryPoint","urlTemplate":"https:\/\/siemoneit.de\/?s={search_term_string}"},"query-input":{"@type":"PropertyValueSpecification","valueRequired":true,"valueName":"search_term_string"}}],"inLanguage":"fr-FR"},{"@type":"Organization","@id":"https:\/\/siemoneit.de\/#organization","name":"Siemoneit GmbH","url":"https:\/\/siemoneit.de\/","logo":{"@type":"ImageObject","inLanguage":"fr-FR","@id":"https:\/\/siemoneit.de\/#\/schema\/logo\/image\/","url":"https:\/\/siemoneit.de\/wp-content\/uploads\/2023\/04\/images-removebg-preview.png","contentUrl":"https:\/\/siemoneit.de\/wp-content\/uploads\/2023\/04\/images-removebg-preview.png","width":225,"height":225,"caption":"Siemoneit GmbH"},"image":{"@id":"https:\/\/siemoneit.de\/#\/schema\/logo\/image\/"},"sameAs":["https:\/\/www.facebook.com\/siemoneit.racing","https:\/\/www.instagram.com\/siemoneit_racing\/"]}]}},"_links":{"self":[{"href":"https:\/\/siemoneit.de\/fr\/wp-json\/wp\/v2\/pages\/632","targetHints":{"allow":["GET"]}}],"collection":[{"href":"https:\/\/siemoneit.de\/fr\/wp-json\/wp\/v2\/pages"}],"about":[{"href":"https:\/\/siemoneit.de\/fr\/wp-json\/wp\/v2\/types\/page"}],"author":[{"embeddable":true,"href":"https:\/\/siemoneit.de\/fr\/wp-json\/wp\/v2\/users\/1"}],"replies":[{"embeddable":true,"href":"https:\/\/siemoneit.de\/fr\/wp-json\/wp\/v2\/comments?post=632"}],"version-history":[{"count":2,"href":"https:\/\/siemoneit.de\/fr\/wp-json\/wp\/v2\/pages\/632\/revisions"}],"predecessor-version":[{"id":6356,"href":"https:\/\/siemoneit.de\/fr\/wp-json\/wp\/v2\/pages\/632\/revisions\/6356"}],"wp:featuredmedia":[{"embeddable":true,"href":"https:\/\/siemoneit.de\/fr\/wp-json\/wp\/v2\/media\/855"}],"wp:attachment":[{"href":"https:\/\/siemoneit.de\/fr\/wp-json\/wp\/v2\/media?parent=632"}],"curies":[{"name":"wp","href":"https:\/\/api.w.org\/{rel}","templated":true}]}}