{"id":626,"date":"2023-04-05T18:35:10","date_gmt":"2023-04-05T16:35:10","guid":{"rendered":"https:\/\/siemoneit.de\/?page_id=626"},"modified":"2025-07-10T17:39:55","modified_gmt":"2025-07-10T15:39:55","slug":"fabrication-de-jantes","status":"publish","type":"page","link":"https:\/\/siemoneit.de\/fr\/fabrication-de-jantes\/","title":{"rendered":"Fabrication de jantes"},"content":{"rendered":"<h2>FLOW FORMING \/ ROUES FORG\u00c9ES<\/h2>\n<p>Afin d'\u00e9largir notre portefeuille, nous avons d\u00e9cid\u00e9 en 2018 de proposer nos propres jantes. Nous avons rapidement con\u00e7u et fait fabriquer le premier design de jante VADER. Nous attachons une grande importance \u00e0 la qualit\u00e9 et \u00e0 la finition. C'est pourquoi nous avons opt\u00e9 pour le proc\u00e9d\u00e9 Flow Form de haute qualit\u00e9. Cela permet d'obtenir une grande solidit\u00e9 pour un poids r\u00e9duit. Nos jantes sont test\u00e9es exclusivement dans des institutions allemandes et autrichiennes afin de r\u00e9pondre aux crit\u00e8res requis. Nos jantes sont bien entendu livr\u00e9es avec l'expertise T\u00dcV n\u00e9cessaire.<\/p>\n<p>Nous proposons bien s\u00fbr notre premi\u00e8re jante VADER en tant que roue forg\u00e9e de haute qualit\u00e9. La jante est ainsi plus l\u00e9g\u00e8re et plus solide qu'avec d'autres proc\u00e9d\u00e9s de production. Les roues forg\u00e9es sont exclusivement fabriqu\u00e9es et peintes en Allemagne (MADE IN GERMANY). Notre deuxi\u00e8me jante FALCON sera exclusivement disponible en tant que roue forg\u00e9e. Cette jante est bidirectionnelle et offre \u00e9galement un large \u00e9ventail de possibilit\u00e9s de personnalisation. Pour les roues forg\u00e9es, il est par exemple possible de choisir librement entre le d\u00e9port, le cercle de trous, la taille\/largeur de la jante ou encore la couleur souhait\u00e9e, ce qui vous permet d'adapter la jante \u00e0 votre v\u00e9hicule.<\/p>","protected":false},"excerpt":{"rendered":"<p>FLOW FORMING- \/ SCHMIEDER\u00c4DER Afin d'\u00e9largir notre portefeuille, nous avons d\u00e9cid\u00e9 en 2018 de proposer nos propres jantes. Nous avons rapidement con\u00e7u et fait fabriquer le premier design de jante VADER. Nous accordons une grande importance \u00e0 la qualit\u00e9 et \u00e0 la finition. C'est pourquoi nous avons opt\u00e9 pour le proc\u00e9d\u00e9 Flow Form de haute qualit\u00e9. Cela permet ... <a title=\"Fabrication de jantes\" class=\"read-more\" href=\"https:\/\/siemoneit.de\/fr\/fabrication-de-jantes\/\" aria-label=\"En savoir plus sur Fabrication de jantes\">Lire la suite<\/a><\/p>","protected":false},"author":1,"featured_media":859,"parent":0,"menu_order":0,"comment_status":"closed","ping_status":"closed","template":"leistungen-template.php","meta":{"_acf_changed":false,"footnotes":""},"class_list":["post-626","page","type-page","status-publish","has-post-thumbnail"],"acf":[],"yoast_head":"<!-- This site is optimized with the Yoast SEO plugin v27.4 - https:\/\/yoast.com\/product\/yoast-seo-wordpress\/ -->\n<title>Felgenherstellung - Siemoneit GmbH<\/title>\n<meta name=\"robots\" content=\"index, follow, max-snippet:-1, max-image-preview:large, max-video-preview:-1\" \/>\n<link rel=\"canonical\" href=\"https:\/\/siemoneit.de\/fr\/fabrication-de-jantes\/\" \/>\n<meta property=\"og:locale\" content=\"fr_FR\" \/>\n<meta property=\"og:type\" content=\"article\" \/>\n<meta property=\"og:title\" content=\"Felgenherstellung - Siemoneit GmbH\" \/>\n<meta property=\"og:description\" content=\"FLOW FORMING- \/ SCHMIEDER\u00c4DER Um unser Portfolio zu erweitern, haben wir uns 2018 dazu entschlossen, eigene Felgen anzubieten. Das erste Felgendesign VADER haben wir kurzerhand entworfen und fertigen lassen. Wir legen einen gro\u00dfen Wert auf eine hohe Qualit\u00e4t und eine gute Verarbeitung. Wir haben uns deswegen f\u00fcr das hochwertige Flow Form- Verfahren entschieden. Dadurch ist ... Lire la suite\" \/>\n<meta property=\"og:url\" content=\"https:\/\/siemoneit.de\/fr\/fabrication-de-jantes\/\" \/>\n<meta property=\"og:site_name\" content=\"Siemoneit GmbH\" \/>\n<meta property=\"article:publisher\" content=\"https:\/\/www.facebook.com\/siemoneit.racing\" \/>\n<meta property=\"article:modified_time\" content=\"2025-07-10T15:39:55+00:00\" \/>\n<meta property=\"og:image\" content=\"https:\/\/siemoneit.de\/wp-content\/uploads\/2023\/04\/1606294877919_1855-1980_dwg_sim2.jpg\" \/>\n\t<meta property=\"og:image:width\" content=\"1259\" \/>\n\t<meta property=\"og:image:height\" content=\"798\" \/>\n\t<meta property=\"og:image:type\" content=\"image\/jpeg\" \/>\n<meta name=\"twitter:card\" content=\"summary_large_image\" \/>\n<meta name=\"twitter:label1\" content=\"Dur\u00e9e de lecture estim\u00e9e\" \/>\n\t<meta name=\"twitter:data1\" content=\"2 minutes\" \/>\n<script type=\"application\/ld+json\" class=\"yoast-schema-graph\">{\"@context\":\"https:\\\/\\\/schema.org\",\"@graph\":[{\"@type\":\"WebPage\",\"@id\":\"https:\\\/\\\/siemoneit.de\\\/felgenherstellung\\\/\",\"url\":\"https:\\\/\\\/siemoneit.de\\\/felgenherstellung\\\/\",\"name\":\"Felgenherstellung - Siemoneit GmbH\",\"isPartOf\":{\"@id\":\"https:\\\/\\\/siemoneit.de\\\/#website\"},\"primaryImageOfPage\":{\"@id\":\"https:\\\/\\\/siemoneit.de\\\/felgenherstellung\\\/#primaryimage\"},\"image\":{\"@id\":\"https:\\\/\\\/siemoneit.de\\\/felgenherstellung\\\/#primaryimage\"},\"thumbnailUrl\":\"https:\\\/\\\/siemoneit.de\\\/wp-content\\\/uploads\\\/2023\\\/04\\\/1606294877919_1855-1980_dwg_sim2.jpg\",\"datePublished\":\"2023-04-05T16:35:10+00:00\",\"dateModified\":\"2025-07-10T15:39:55+00:00\",\"breadcrumb\":{\"@id\":\"https:\\\/\\\/siemoneit.de\\\/felgenherstellung\\\/#breadcrumb\"},\"inLanguage\":\"fr-FR\",\"potentialAction\":[{\"@type\":\"ReadAction\",\"target\":[\"https:\\\/\\\/siemoneit.de\\\/felgenherstellung\\\/\"]}]},{\"@type\":\"ImageObject\",\"inLanguage\":\"fr-FR\",\"@id\":\"https:\\\/\\\/siemoneit.de\\\/felgenherstellung\\\/#primaryimage\",\"url\":\"https:\\\/\\\/siemoneit.de\\\/wp-content\\\/uploads\\\/2023\\\/04\\\/1606294877919_1855-1980_dwg_sim2.jpg\",\"contentUrl\":\"https:\\\/\\\/siemoneit.de\\\/wp-content\\\/uploads\\\/2023\\\/04\\\/1606294877919_1855-1980_dwg_sim2.jpg\",\"width\":1259,\"height\":798},{\"@type\":\"BreadcrumbList\",\"@id\":\"https:\\\/\\\/siemoneit.de\\\/felgenherstellung\\\/#breadcrumb\",\"itemListElement\":[{\"@type\":\"ListItem\",\"position\":1,\"name\":\"Startseite\",\"item\":\"https:\\\/\\\/siemoneit.de\\\/\"},{\"@type\":\"ListItem\",\"position\":2,\"name\":\"Felgenherstellung\"}]},{\"@type\":\"WebSite\",\"@id\":\"https:\\\/\\\/siemoneit.de\\\/#website\",\"url\":\"https:\\\/\\\/siemoneit.de\\\/\",\"name\":\"Siemoneit GmbH\",\"description\":\"\",\"publisher\":{\"@id\":\"https:\\\/\\\/siemoneit.de\\\/#organization\"},\"potentialAction\":[{\"@type\":\"SearchAction\",\"target\":{\"@type\":\"EntryPoint\",\"urlTemplate\":\"https:\\\/\\\/siemoneit.de\\\/?s={search_term_string}\"},\"query-input\":{\"@type\":\"PropertyValueSpecification\",\"valueRequired\":true,\"valueName\":\"search_term_string\"}}],\"inLanguage\":\"fr-FR\"},{\"@type\":\"Organization\",\"@id\":\"https:\\\/\\\/siemoneit.de\\\/#organization\",\"name\":\"Siemoneit GmbH\",\"url\":\"https:\\\/\\\/siemoneit.de\\\/\",\"logo\":{\"@type\":\"ImageObject\",\"inLanguage\":\"fr-FR\",\"@id\":\"https:\\\/\\\/siemoneit.de\\\/#\\\/schema\\\/logo\\\/image\\\/\",\"url\":\"https:\\\/\\\/siemoneit.de\\\/wp-content\\\/uploads\\\/2023\\\/04\\\/images-removebg-preview.png\",\"contentUrl\":\"https:\\\/\\\/siemoneit.de\\\/wp-content\\\/uploads\\\/2023\\\/04\\\/images-removebg-preview.png\",\"width\":225,\"height\":225,\"caption\":\"Siemoneit GmbH\"},\"image\":{\"@id\":\"https:\\\/\\\/siemoneit.de\\\/#\\\/schema\\\/logo\\\/image\\\/\"},\"sameAs\":[\"https:\\\/\\\/www.facebook.com\\\/siemoneit.racing\",\"https:\\\/\\\/www.instagram.com\\\/siemoneit_racing\\\/\"]}]}<\/script>\n<!-- \/ Yoast SEO plugin. -->","yoast_head_json":{"title":"Fabrication de jantes - Siemoneit GmbH","robots":{"index":"index","follow":"follow","max-snippet":"max-snippet:-1","max-image-preview":"max-image-preview:large","max-video-preview":"max-video-preview:-1"},"canonical":"https:\/\/siemoneit.de\/fr\/fabrication-de-jantes\/","og_locale":"fr_FR","og_type":"article","og_title":"Felgenherstellung - Siemoneit GmbH","og_description":"FLOW FORMING- \/ SCHMIEDER\u00c4DER Um unser Portfolio zu erweitern, haben wir uns 2018 dazu entschlossen, eigene Felgen anzubieten. Das erste Felgendesign VADER haben wir kurzerhand entworfen und fertigen lassen. Wir legen einen gro\u00dfen Wert auf eine hohe Qualit\u00e4t und eine gute Verarbeitung. Wir haben uns deswegen f\u00fcr das hochwertige Flow Form- Verfahren entschieden. Dadurch ist ... Lire la suite","og_url":"https:\/\/siemoneit.de\/fr\/fabrication-de-jantes\/","og_site_name":"Siemoneit GmbH","article_publisher":"https:\/\/www.facebook.com\/siemoneit.racing","article_modified_time":"2025-07-10T15:39:55+00:00","og_image":[{"width":1259,"height":798,"url":"https:\/\/siemoneit.de\/wp-content\/uploads\/2023\/04\/1606294877919_1855-1980_dwg_sim2.jpg","type":"image\/jpeg"}],"twitter_card":"summary_large_image","twitter_misc":{"Dur\u00e9e de lecture estim\u00e9e":"2 minutes"},"schema":{"@context":"https:\/\/schema.org","@graph":[{"@type":"WebPage","@id":"https:\/\/siemoneit.de\/felgenherstellung\/","url":"https:\/\/siemoneit.de\/felgenherstellung\/","name":"Fabrication de jantes - Siemoneit GmbH","isPartOf":{"@id":"https:\/\/siemoneit.de\/#website"},"primaryImageOfPage":{"@id":"https:\/\/siemoneit.de\/felgenherstellung\/#primaryimage"},"image":{"@id":"https:\/\/siemoneit.de\/felgenherstellung\/#primaryimage"},"thumbnailUrl":"https:\/\/siemoneit.de\/wp-content\/uploads\/2023\/04\/1606294877919_1855-1980_dwg_sim2.jpg","datePublished":"2023-04-05T16:35:10+00:00","dateModified":"2025-07-10T15:39:55+00:00","breadcrumb":{"@id":"https:\/\/siemoneit.de\/felgenherstellung\/#breadcrumb"},"inLanguage":"fr-FR","potentialAction":[{"@type":"ReadAction","target":["https:\/\/siemoneit.de\/felgenherstellung\/"]}]},{"@type":"ImageObject","inLanguage":"fr-FR","@id":"https:\/\/siemoneit.de\/felgenherstellung\/#primaryimage","url":"https:\/\/siemoneit.de\/wp-content\/uploads\/2023\/04\/1606294877919_1855-1980_dwg_sim2.jpg","contentUrl":"https:\/\/siemoneit.de\/wp-content\/uploads\/2023\/04\/1606294877919_1855-1980_dwg_sim2.jpg","width":1259,"height":798},{"@type":"BreadcrumbList","@id":"https:\/\/siemoneit.de\/felgenherstellung\/#breadcrumb","itemListElement":[{"@type":"ListItem","position":1,"name":"Startseite","item":"https:\/\/siemoneit.de\/"},{"@type":"ListItem","position":2,"name":"Felgenherstellung"}]},{"@type":"WebSite","@id":"https:\/\/siemoneit.de\/#website","url":"https:\/\/siemoneit.de\/","name":"Siemoneit GmbH","description":"","publisher":{"@id":"https:\/\/siemoneit.de\/#organization"},"potentialAction":[{"@type":"SearchAction","target":{"@type":"EntryPoint","urlTemplate":"https:\/\/siemoneit.de\/?s={search_term_string}"},"query-input":{"@type":"PropertyValueSpecification","valueRequired":true,"valueName":"search_term_string"}}],"inLanguage":"fr-FR"},{"@type":"Organization","@id":"https:\/\/siemoneit.de\/#organization","name":"Siemoneit GmbH","url":"https:\/\/siemoneit.de\/","logo":{"@type":"ImageObject","inLanguage":"fr-FR","@id":"https:\/\/siemoneit.de\/#\/schema\/logo\/image\/","url":"https:\/\/siemoneit.de\/wp-content\/uploads\/2023\/04\/images-removebg-preview.png","contentUrl":"https:\/\/siemoneit.de\/wp-content\/uploads\/2023\/04\/images-removebg-preview.png","width":225,"height":225,"caption":"Siemoneit GmbH"},"image":{"@id":"https:\/\/siemoneit.de\/#\/schema\/logo\/image\/"},"sameAs":["https:\/\/www.facebook.com\/siemoneit.racing","https:\/\/www.instagram.com\/siemoneit_racing\/"]}]}},"_links":{"self":[{"href":"https:\/\/siemoneit.de\/fr\/wp-json\/wp\/v2\/pages\/626","targetHints":{"allow":["GET"]}}],"collection":[{"href":"https:\/\/siemoneit.de\/fr\/wp-json\/wp\/v2\/pages"}],"about":[{"href":"https:\/\/siemoneit.de\/fr\/wp-json\/wp\/v2\/types\/page"}],"author":[{"embeddable":true,"href":"https:\/\/siemoneit.de\/fr\/wp-json\/wp\/v2\/users\/1"}],"replies":[{"embeddable":true,"href":"https:\/\/siemoneit.de\/fr\/wp-json\/wp\/v2\/comments?post=626"}],"version-history":[{"count":2,"href":"https:\/\/siemoneit.de\/fr\/wp-json\/wp\/v2\/pages\/626\/revisions"}],"predecessor-version":[{"id":6354,"href":"https:\/\/siemoneit.de\/fr\/wp-json\/wp\/v2\/pages\/626\/revisions\/6354"}],"wp:featuredmedia":[{"embeddable":true,"href":"https:\/\/siemoneit.de\/fr\/wp-json\/wp\/v2\/media\/859"}],"wp:attachment":[{"href":"https:\/\/siemoneit.de\/fr\/wp-json\/wp\/v2\/media?parent=626"}],"curies":[{"name":"wp","href":"https:\/\/api.w.org\/{rel}","templated":true}]}}