{"id":614,"date":"2023-04-05T18:27:28","date_gmt":"2023-04-05T16:27:28","guid":{"rendered":"https:\/\/siemoneit.de\/?page_id=614"},"modified":"2026-04-17T16:54:24","modified_gmt":"2026-04-17T14:54:24","slug":"banc-dessai-de-performance","status":"publish","type":"page","link":"https:\/\/siemoneit.de\/fr\/banc-dessai-de-performance\/","title":{"rendered":"Banc d'essai"},"content":{"rendered":"<h2>DYNOJET 424X LC\u00b2 LINX GEN8 TOUTES ROUES MOTRICES<\/h2>\n<p>SIEMONEIT RACING a opt\u00e9 pour le Dynojet en 2011 et a investi dans la pr\u00e9cision, le professionnalisme et l'honn\u00eatet\u00e9 envers notre client. Nous nous occupons d\u00e9sormais de vous et vous conseillons gr\u00e2ce \u00e0 d'excellentes formations et \u00e0 un personnel comp\u00e9tent. Chez nous, les mesures sont correctes et votre r\u00e9sultat est honn\u00eate ! Prenez rendez-vous sur notre banc d'essai de puissance Dynojet 424xLC2 Linx Allrad avec ventilateur haute performance de 43kW ! Nous disposons de 2x 17,5kW de soufflerie principale \u00e0 l'avant et de 2x 4kW de soufflerie lat\u00e9rale (par ex. Alfa 4C ou Porsche Turbo, Audi R8, etc.). Notre banc d'essai est entretenu et r\u00e9\u00e9talonn\u00e9 deux fois par an. Nous pouvons ainsi garantir des mesures toujours aussi pr\u00e9cises.<\/p>\n<p><em><strong>PRIX pour nos clients 249<br \/>\n<\/strong><\/em><em style=\"color: var( --e-global-color-primary ); font-family: var( --e-global-typography-text-font-family ), Sans-serif; font-size: var( --e-global-typography-text-font-size ); font-weight: var( --e-global-typography-text-font-weight ); background-color: var( --e-global-color-secondary );\"><strong>PRIX pour les v\u00e9hicules avec tuning \u00e9tranger 299<br \/>\nPRIX pour les v\u00e9hicules sp\u00e9ciaux (par ex. avec moteur arri\u00e8re) 349\u20ac<\/strong><\/em><\/p>\n<p>* LINK, les v\u00e9hicules suivants doivent par exemple \u00eatre mesur\u00e9s d'urgence, sinon la mesure est inutilisable ou dangereuse pour la cha\u00eene cin\u00e9matique, m\u00eame sur d'autres bancs d'essai :<\/p>\n<ul>\n<li>Tous les mod\u00e8les BMW M-GmbH<\/li>\n<li>Tous les mod\u00e8les Mercedes-Benz 4MATIC<\/li>\n<li>Toutes les Porsche Panamera et Cayenne<\/li>\n<li>Toutes les Alfa Romeo 4C avec bo\u00eete de vitesses TCT ou DNA<\/li>\n<\/ul>\n<p>Prix de groupe \u00e0 demander s\u00e9par\u00e9ment.<br \/>\nBien entendu, le banc d'essai et sa technique sont \u00e9galement \u00e0 la disposition d'autres tuners, experts et entreprises avec applicateurs pour une location journali\u00e8re ou horaire. Prix sur demande !<\/p>","protected":false},"excerpt":{"rendered":"<p>DYNOJET 424X LC\u00b2 LINX GEN8 ALLRAD SIEMONEIT RACING a opt\u00e9 pour le Dynojet en 2011 et a investi dans la pr\u00e9cision, le professionnalisme et l'honn\u00eatet\u00e9 envers notre client. Nous vous encadrons et vous conseillons d\u00e9sormais gr\u00e2ce \u00e0 d'excellentes formations et \u00e0 un personnel comp\u00e9tent. Chez nous, les mesures sont correctes et votre r\u00e9sultat est honn\u00eate ! Prenez rendez-vous sur notre Dynojet 424xLC2 ... <a title=\"Banc d&#039;essai\" class=\"read-more\" href=\"https:\/\/siemoneit.de\/fr\/banc-dessai-de-performance\/\" aria-label=\"En savoir plus sur Banc d&#039;essai\">Lire la suite<\/a><\/p>","protected":false},"author":1,"featured_media":871,"parent":0,"menu_order":0,"comment_status":"closed","ping_status":"closed","template":"leistungen-template.php","meta":{"_acf_changed":false,"footnotes":""},"class_list":["post-614","page","type-page","status-publish","has-post-thumbnail"],"acf":[],"yoast_head":"<!-- This site is optimized with the Yoast SEO plugin v27.4 - https:\/\/yoast.com\/product\/yoast-seo-wordpress\/ -->\n<title>Pr\u00fcfstand - Siemoneit GmbH<\/title>\n<meta name=\"robots\" content=\"index, follow, max-snippet:-1, max-image-preview:large, max-video-preview:-1\" \/>\n<link rel=\"canonical\" href=\"https:\/\/siemoneit.de\/fr\/banc-dessai-de-performance\/\" \/>\n<meta property=\"og:locale\" content=\"fr_FR\" \/>\n<meta property=\"og:type\" content=\"article\" \/>\n<meta property=\"og:title\" content=\"Pr\u00fcfstand - Siemoneit GmbH\" \/>\n<meta property=\"og:description\" content=\"DYNOJET 424X LC\u00b2 LINX GEN8 ALLRAD SIEMONEIT RACING hat sich 2011 f\u00fcr den Dynojet entschieden und investierte in Pr\u00e4zision, Professionalit\u00e4t und Ehrlichkeit gegen\u00fcber unserem Kunden. Wir betreuen und beraten Sie nun durch ausgezeichnete Schulungen und kompetentes Personal. Bei uns stimmen die Messungen und Ihr Ergebnis ist ehrlich! Machen Sie einen Termin auf unseren Dynojet 424xLC2 ... Lire la suite\" \/>\n<meta property=\"og:url\" content=\"https:\/\/siemoneit.de\/fr\/banc-dessai-de-performance\/\" \/>\n<meta property=\"og:site_name\" content=\"Siemoneit GmbH\" \/>\n<meta property=\"article:publisher\" content=\"https:\/\/www.facebook.com\/siemoneit.racing\" \/>\n<meta property=\"article:modified_time\" content=\"2026-04-17T14:54:24+00:00\" \/>\n<meta property=\"og:image\" content=\"https:\/\/siemoneit.de\/wp-content\/uploads\/2023\/04\/15464222177_DB_02098-Bearbeitet.jpg\" \/>\n\t<meta property=\"og:image:width\" content=\"1371\" \/>\n\t<meta property=\"og:image:height\" content=\"914\" \/>\n\t<meta property=\"og:image:type\" content=\"image\/jpeg\" \/>\n<meta name=\"twitter:card\" content=\"summary_large_image\" \/>\n<meta name=\"twitter:label1\" content=\"Dur\u00e9e de lecture estim\u00e9e\" \/>\n\t<meta name=\"twitter:data1\" content=\"2 minutes\" \/>\n<script type=\"application\/ld+json\" class=\"yoast-schema-graph\">{\"@context\":\"https:\\\/\\\/schema.org\",\"@graph\":[{\"@type\":\"WebPage\",\"@id\":\"https:\\\/\\\/siemoneit.de\\\/leistungspruefstand\\\/\",\"url\":\"https:\\\/\\\/siemoneit.de\\\/leistungspruefstand\\\/\",\"name\":\"Pr\u00fcfstand - Siemoneit GmbH\",\"isPartOf\":{\"@id\":\"https:\\\/\\\/siemoneit.de\\\/#website\"},\"primaryImageOfPage\":{\"@id\":\"https:\\\/\\\/siemoneit.de\\\/leistungspruefstand\\\/#primaryimage\"},\"image\":{\"@id\":\"https:\\\/\\\/siemoneit.de\\\/leistungspruefstand\\\/#primaryimage\"},\"thumbnailUrl\":\"https:\\\/\\\/siemoneit.de\\\/wp-content\\\/uploads\\\/2023\\\/04\\\/15464222177_DB_02098-Bearbeitet.jpg\",\"datePublished\":\"2023-04-05T16:27:28+00:00\",\"dateModified\":\"2026-04-17T14:54:24+00:00\",\"breadcrumb\":{\"@id\":\"https:\\\/\\\/siemoneit.de\\\/leistungspruefstand\\\/#breadcrumb\"},\"inLanguage\":\"fr-FR\",\"potentialAction\":[{\"@type\":\"ReadAction\",\"target\":[\"https:\\\/\\\/siemoneit.de\\\/leistungspruefstand\\\/\"]}]},{\"@type\":\"ImageObject\",\"inLanguage\":\"fr-FR\",\"@id\":\"https:\\\/\\\/siemoneit.de\\\/leistungspruefstand\\\/#primaryimage\",\"url\":\"https:\\\/\\\/siemoneit.de\\\/wp-content\\\/uploads\\\/2023\\\/04\\\/15464222177_DB_02098-Bearbeitet.jpg\",\"contentUrl\":\"https:\\\/\\\/siemoneit.de\\\/wp-content\\\/uploads\\\/2023\\\/04\\\/15464222177_DB_02098-Bearbeitet.jpg\",\"width\":1371,\"height\":914},{\"@type\":\"BreadcrumbList\",\"@id\":\"https:\\\/\\\/siemoneit.de\\\/leistungspruefstand\\\/#breadcrumb\",\"itemListElement\":[{\"@type\":\"ListItem\",\"position\":1,\"name\":\"Startseite\",\"item\":\"https:\\\/\\\/siemoneit.de\\\/\"},{\"@type\":\"ListItem\",\"position\":2,\"name\":\"Pr\u00fcfstand\"}]},{\"@type\":\"WebSite\",\"@id\":\"https:\\\/\\\/siemoneit.de\\\/#website\",\"url\":\"https:\\\/\\\/siemoneit.de\\\/\",\"name\":\"Siemoneit GmbH\",\"description\":\"\",\"publisher\":{\"@id\":\"https:\\\/\\\/siemoneit.de\\\/#organization\"},\"potentialAction\":[{\"@type\":\"SearchAction\",\"target\":{\"@type\":\"EntryPoint\",\"urlTemplate\":\"https:\\\/\\\/siemoneit.de\\\/?s={search_term_string}\"},\"query-input\":{\"@type\":\"PropertyValueSpecification\",\"valueRequired\":true,\"valueName\":\"search_term_string\"}}],\"inLanguage\":\"fr-FR\"},{\"@type\":\"Organization\",\"@id\":\"https:\\\/\\\/siemoneit.de\\\/#organization\",\"name\":\"Siemoneit GmbH\",\"url\":\"https:\\\/\\\/siemoneit.de\\\/\",\"logo\":{\"@type\":\"ImageObject\",\"inLanguage\":\"fr-FR\",\"@id\":\"https:\\\/\\\/siemoneit.de\\\/#\\\/schema\\\/logo\\\/image\\\/\",\"url\":\"https:\\\/\\\/siemoneit.de\\\/wp-content\\\/uploads\\\/2023\\\/04\\\/images-removebg-preview.png\",\"contentUrl\":\"https:\\\/\\\/siemoneit.de\\\/wp-content\\\/uploads\\\/2023\\\/04\\\/images-removebg-preview.png\",\"width\":225,\"height\":225,\"caption\":\"Siemoneit GmbH\"},\"image\":{\"@id\":\"https:\\\/\\\/siemoneit.de\\\/#\\\/schema\\\/logo\\\/image\\\/\"},\"sameAs\":[\"https:\\\/\\\/www.facebook.com\\\/siemoneit.racing\",\"https:\\\/\\\/www.instagram.com\\\/siemoneit_racing\\\/\"]}]}<\/script>\n<!-- \/ Yoast SEO plugin. -->","yoast_head_json":{"title":"Banc d'essai - Siemoneit GmbH","robots":{"index":"index","follow":"follow","max-snippet":"max-snippet:-1","max-image-preview":"max-image-preview:large","max-video-preview":"max-video-preview:-1"},"canonical":"https:\/\/siemoneit.de\/fr\/banc-dessai-de-performance\/","og_locale":"fr_FR","og_type":"article","og_title":"Pr\u00fcfstand - Siemoneit GmbH","og_description":"DYNOJET 424X LC\u00b2 LINX GEN8 ALLRAD SIEMONEIT RACING hat sich 2011 f\u00fcr den Dynojet entschieden und investierte in Pr\u00e4zision, Professionalit\u00e4t und Ehrlichkeit gegen\u00fcber unserem Kunden. Wir betreuen und beraten Sie nun durch ausgezeichnete Schulungen und kompetentes Personal. Bei uns stimmen die Messungen und Ihr Ergebnis ist ehrlich! Machen Sie einen Termin auf unseren Dynojet 424xLC2 ... Lire la suite","og_url":"https:\/\/siemoneit.de\/fr\/banc-dessai-de-performance\/","og_site_name":"Siemoneit GmbH","article_publisher":"https:\/\/www.facebook.com\/siemoneit.racing","article_modified_time":"2026-04-17T14:54:24+00:00","og_image":[{"width":1371,"height":914,"url":"https:\/\/siemoneit.de\/wp-content\/uploads\/2023\/04\/15464222177_DB_02098-Bearbeitet.jpg","type":"image\/jpeg"}],"twitter_card":"summary_large_image","twitter_misc":{"Dur\u00e9e de lecture estim\u00e9e":"2 minutes"},"schema":{"@context":"https:\/\/schema.org","@graph":[{"@type":"WebPage","@id":"https:\/\/siemoneit.de\/leistungspruefstand\/","url":"https:\/\/siemoneit.de\/leistungspruefstand\/","name":"Banc d'essai - Siemoneit GmbH","isPartOf":{"@id":"https:\/\/siemoneit.de\/#website"},"primaryImageOfPage":{"@id":"https:\/\/siemoneit.de\/leistungspruefstand\/#primaryimage"},"image":{"@id":"https:\/\/siemoneit.de\/leistungspruefstand\/#primaryimage"},"thumbnailUrl":"https:\/\/siemoneit.de\/wp-content\/uploads\/2023\/04\/15464222177_DB_02098-Bearbeitet.jpg","datePublished":"2023-04-05T16:27:28+00:00","dateModified":"2026-04-17T14:54:24+00:00","breadcrumb":{"@id":"https:\/\/siemoneit.de\/leistungspruefstand\/#breadcrumb"},"inLanguage":"fr-FR","potentialAction":[{"@type":"ReadAction","target":["https:\/\/siemoneit.de\/leistungspruefstand\/"]}]},{"@type":"ImageObject","inLanguage":"fr-FR","@id":"https:\/\/siemoneit.de\/leistungspruefstand\/#primaryimage","url":"https:\/\/siemoneit.de\/wp-content\/uploads\/2023\/04\/15464222177_DB_02098-Bearbeitet.jpg","contentUrl":"https:\/\/siemoneit.de\/wp-content\/uploads\/2023\/04\/15464222177_DB_02098-Bearbeitet.jpg","width":1371,"height":914},{"@type":"BreadcrumbList","@id":"https:\/\/siemoneit.de\/leistungspruefstand\/#breadcrumb","itemListElement":[{"@type":"ListItem","position":1,"name":"Startseite","item":"https:\/\/siemoneit.de\/"},{"@type":"ListItem","position":2,"name":"Pr\u00fcfstand"}]},{"@type":"WebSite","@id":"https:\/\/siemoneit.de\/#website","url":"https:\/\/siemoneit.de\/","name":"Siemoneit GmbH","description":"","publisher":{"@id":"https:\/\/siemoneit.de\/#organization"},"potentialAction":[{"@type":"SearchAction","target":{"@type":"EntryPoint","urlTemplate":"https:\/\/siemoneit.de\/?s={search_term_string}"},"query-input":{"@type":"PropertyValueSpecification","valueRequired":true,"valueName":"search_term_string"}}],"inLanguage":"fr-FR"},{"@type":"Organization","@id":"https:\/\/siemoneit.de\/#organization","name":"Siemoneit GmbH","url":"https:\/\/siemoneit.de\/","logo":{"@type":"ImageObject","inLanguage":"fr-FR","@id":"https:\/\/siemoneit.de\/#\/schema\/logo\/image\/","url":"https:\/\/siemoneit.de\/wp-content\/uploads\/2023\/04\/images-removebg-preview.png","contentUrl":"https:\/\/siemoneit.de\/wp-content\/uploads\/2023\/04\/images-removebg-preview.png","width":225,"height":225,"caption":"Siemoneit GmbH"},"image":{"@id":"https:\/\/siemoneit.de\/#\/schema\/logo\/image\/"},"sameAs":["https:\/\/www.facebook.com\/siemoneit.racing","https:\/\/www.instagram.com\/siemoneit_racing\/"]}]}},"_links":{"self":[{"href":"https:\/\/siemoneit.de\/fr\/wp-json\/wp\/v2\/pages\/614","targetHints":{"allow":["GET"]}}],"collection":[{"href":"https:\/\/siemoneit.de\/fr\/wp-json\/wp\/v2\/pages"}],"about":[{"href":"https:\/\/siemoneit.de\/fr\/wp-json\/wp\/v2\/types\/page"}],"author":[{"embeddable":true,"href":"https:\/\/siemoneit.de\/fr\/wp-json\/wp\/v2\/users\/1"}],"replies":[{"embeddable":true,"href":"https:\/\/siemoneit.de\/fr\/wp-json\/wp\/v2\/comments?post=614"}],"version-history":[{"count":5,"href":"https:\/\/siemoneit.de\/fr\/wp-json\/wp\/v2\/pages\/614\/revisions"}],"predecessor-version":[{"id":6490,"href":"https:\/\/siemoneit.de\/fr\/wp-json\/wp\/v2\/pages\/614\/revisions\/6490"}],"wp:featuredmedia":[{"embeddable":true,"href":"https:\/\/siemoneit.de\/fr\/wp-json\/wp\/v2\/media\/871"}],"wp:attachment":[{"href":"https:\/\/siemoneit.de\/fr\/wp-json\/wp\/v2\/media?parent=614"}],"curies":[{"name":"wp","href":"https:\/\/api.w.org\/{rel}","templated":true}]}}