{"id":4335,"date":"2023-07-26T00:16:18","date_gmt":"2023-07-25T22:16:18","guid":{"rendered":"https:\/\/siemoneit.de\/?page_id=4335"},"modified":"2023-07-27T01:42:23","modified_gmt":"2023-07-26T23:42:23","slug":"pour-les-entreprises","status":"publish","type":"page","link":"https:\/\/siemoneit.de\/fr\/preparation-des-vehicules\/pour-les-entreprises\/","title":{"rendered":"Pour les entreprises"},"content":{"rendered":"\t\t<div data-elementor-type=\"wp-page\" data-elementor-id=\"4335\" class=\"elementor elementor-4335\" data-elementor-post-type=\"page\">\n\t\t\t\t<div class=\"elementor-element elementor-element-56c57bd main_image e-flex e-con-boxed e-con e-parent\" data-id=\"56c57bd\" data-element_type=\"container\" data-e-type=\"container\" data-settings=\"{&quot;background_background&quot;:&quot;classic&quot;}\">\n\t\t\t\t\t<div class=\"e-con-inner\">\n\t\t<div class=\"elementor-element elementor-element-d4a14b3 e-con-full e-flex e-con e-child\" data-id=\"d4a14b3\" data-element_type=\"container\" data-e-type=\"container\" data-settings=\"{&quot;background_background&quot;:&quot;classic&quot;}\">\n\t\t\t\t<div class=\"elementor-element elementor-element-9cd7cd0 elementor-widget__width-inherit elementor-widget elementor-widget-heading\" data-id=\"9cd7cd0\" data-element_type=\"widget\" data-e-type=\"widget\" data-settings=\"{&quot;motion_fx_motion_fx_scrolling&quot;:&quot;yes&quot;,&quot;motion_fx_devices&quot;:[&quot;desktop&quot;,&quot;tablet&quot;,&quot;mobile&quot;]}\" data-widget_type=\"heading.default\">\n\t\t\t\t<div class=\"elementor-widget-container\">\n\t\t\t\t\t<h1 class=\"elementor-heading-title elementor-size-default\">Glanzliebe f\u00fcr Unternehmen<\/h1>\t\t\t\t<\/div>\n\t\t\t\t<\/div>\n\t\t\t\t<div class=\"elementor-element elementor-element-01c70e1 elementor-widget elementor-widget-heading\" data-id=\"01c70e1\" data-element_type=\"widget\" data-e-type=\"widget\" data-widget_type=\"heading.default\">\n\t\t\t\t<div class=\"elementor-widget-container\">\n\t\t\t\t\t<h2 class=\"elementor-heading-title elementor-size-default\"> Von Profis f\u00fcr Profis <\/h2>\t\t\t\t<\/div>\n\t\t\t\t<\/div>\n\t\t\t\t<\/div>\n\t\t\t\t\t<\/div>\n\t\t\t\t<\/div>\n\t\t<div class=\"elementor-element elementor-element-a204b7c e-flex e-con-boxed e-con e-parent\" data-id=\"a204b7c\" data-element_type=\"container\" data-e-type=\"container\">\n\t\t\t\t\t<div class=\"e-con-inner\">\n\t\t\t\t<div class=\"elementor-element elementor-element-398c9c8 elementor-widget elementor-widget-text-editor\" data-id=\"398c9c8\" data-element_type=\"widget\" data-e-type=\"widget\" data-widget_type=\"text-editor.default\">\n\t\t\t\t<div class=\"elementor-widget-container\">\n\t\t\t\t\t\t\t\t\t<div class=\"wpb_text_column wpb_content_element \"><div class=\"wpb_wrapper\"><div class=\"wpb_text_column wpb_content_element \"><div class=\"wpb_wrapper\"><div class=\"wpb_text_column wpb_content_element \"><div class=\"wpb_wrapper\"><p>Sie suchen einen verl\u00e4sslichen Partner f\u00fcr die professionelle Fahrzeugaufbereitung Ihrer Fahrzeuge und habe einen Qualit\u00e4tsanspruch, der bisher noch nicht vollumf\u00e4nglich erf\u00fcllt wurde? Dann haben wir gute Neuigkeiten f\u00fcr Sie: Ihre Suche ist vorbei. Wir sind f\u00fcr Sie da.<br \/><br \/>Mit Liebe zum Detail widmen wir uns jedem Fahrzeug, ganz gleich ob PKW, LKW, Bus, Wohnmobil, Motorrad oder Boot \u2013 wir lassen es in neuem Glanz erstrahlen.<\/p><p>Eine \u00dcbersicht unserer Leistungen finden Sie<span style=\"color: #cc99ff;\"> <a style=\"color: var( --e-global-color-0d4b8bc );\" href=\"https:\/\/siemoneit.de\/fahrzeugaufbereitung\/fahrzeugaufbereitung\/\">hier<\/a><\/span>.<\/p><p>F\u00fcr Autoh\u00e4user und Unternehmen mit Fuhrpark und f\u00fcr alle Unternehmen, die unsere professionellen Leistungen in Anspruch nehmen m\u00f6chten, haben wir gesonderte Konditionen. Kontaktieren Sie uns f\u00fcr ein Angebot, welches wir auf Ihre individuellen Bed\u00fcrfnisse abstimmen.<\/p><\/div><\/div><\/div><\/div><\/div><\/div>\t\t\t\t\t\t\t\t<\/div>\n\t\t\t\t<\/div>\n\t\t\t\t<div class=\"elementor-element elementor-element-2a1e4ea elementor-widget elementor-widget-button\" data-id=\"2a1e4ea\" data-element_type=\"widget\" data-e-type=\"widget\" data-widget_type=\"button.default\">\n\t\t\t\t<div class=\"elementor-widget-container\">\n\t\t\t\t\t\t\t\t\t<div class=\"elementor-button-wrapper\">\n\t\t\t\t\t<a class=\"elementor-button elementor-button-link elementor-size-sm\" href=\"https:\/\/siemoneit.de\/kontakt\/\">\n\t\t\t\t\t\t<span class=\"elementor-button-content-wrapper\">\n\t\t\t\t\t\t\t\t\t<span class=\"elementor-button-text\">Zum Kontaktformular<\/span>\n\t\t\t\t\t<\/span>\n\t\t\t\t\t<\/a>\n\t\t\t\t<\/div>\n\t\t\t\t\t\t\t\t<\/div>\n\t\t\t\t<\/div>\n\t\t\t\t\t<\/div>\n\t\t\t\t<\/div>\n\t\t\t\t<\/div>\n\t\t","protected":false},"excerpt":{"rendered":"<p>L'amour du brillant pour les entreprises Par des professionnels pour des professionnels Vous cherchez un partenaire fiable pour le traitement professionnel de vos v\u00e9hicules et vous avez des exigences de qualit\u00e9 qui n'ont pas encore \u00e9t\u00e9 enti\u00e8rement satisfaites ? Alors nous avons une bonne nouvelle pour vous : Votre recherche est termin\u00e9e. Nous sommes l\u00e0 pour vous. Nous nous consacrons \u00e0 chaque v\u00e9hicule avec l'amour du d\u00e9tail, ... <a title=\"Pour les entreprises\" class=\"read-more\" href=\"https:\/\/siemoneit.de\/fr\/preparation-des-vehicules\/pour-les-entreprises\/\" aria-label=\"En savoir plus sur Pour les entreprises\">Lire la suite<\/a><\/p>","protected":false},"author":1,"featured_media":0,"parent":178,"menu_order":0,"comment_status":"closed","ping_status":"closed","template":"elementor_header_footer","meta":{"_acf_changed":false,"footnotes":""},"class_list":["post-4335","page","type-page","status-publish"],"acf":[],"yoast_head":"<!-- This site is optimized with the Yoast SEO plugin v27.4 - https:\/\/yoast.com\/product\/yoast-seo-wordpress\/ -->\n<title>F\u00fcr Unternehmen - Siemoneit GmbH<\/title>\n<meta name=\"robots\" content=\"index, follow, max-snippet:-1, max-image-preview:large, max-video-preview:-1\" \/>\n<link rel=\"canonical\" href=\"https:\/\/siemoneit.de\/fr\/preparation-des-vehicules\/pour-les-entreprises\/\" \/>\n<meta property=\"og:locale\" content=\"fr_FR\" \/>\n<meta property=\"og:type\" content=\"article\" \/>\n<meta property=\"og:title\" content=\"F\u00fcr Unternehmen - Siemoneit GmbH\" \/>\n<meta property=\"og:description\" content=\"Glanzliebe f\u00fcr Unternehmen Von Profis f\u00fcr Profis Sie suchen einen verl\u00e4sslichen Partner f\u00fcr die professionelle Fahrzeugaufbereitung Ihrer Fahrzeuge und habe einen Qualit\u00e4tsanspruch, der bisher noch nicht vollumf\u00e4nglich erf\u00fcllt wurde? Dann haben wir gute Neuigkeiten f\u00fcr Sie: Ihre Suche ist vorbei. Wir sind f\u00fcr Sie da. Mit Liebe zum Detail widmen wir uns jedem Fahrzeug, ganz ... Lire la suite\" \/>\n<meta property=\"og:url\" content=\"https:\/\/siemoneit.de\/fr\/preparation-des-vehicules\/pour-les-entreprises\/\" \/>\n<meta property=\"og:site_name\" content=\"Siemoneit GmbH\" \/>\n<meta property=\"article:publisher\" content=\"https:\/\/www.facebook.com\/siemoneit.racing\" \/>\n<meta property=\"article:modified_time\" content=\"2023-07-26T23:42:23+00:00\" \/>\n<meta name=\"twitter:card\" content=\"summary_large_image\" \/>\n<meta name=\"twitter:label1\" content=\"Dur\u00e9e de lecture estim\u00e9e\" \/>\n\t<meta name=\"twitter:data1\" content=\"1 minute\" \/>\n<script type=\"application\/ld+json\" class=\"yoast-schema-graph\">{\"@context\":\"https:\\\/\\\/schema.org\",\"@graph\":[{\"@type\":\"WebPage\",\"@id\":\"https:\\\/\\\/siemoneit.de\\\/fahrzeugaufbereitung\\\/fuer-unternehmen\\\/\",\"url\":\"https:\\\/\\\/siemoneit.de\\\/fahrzeugaufbereitung\\\/fuer-unternehmen\\\/\",\"name\":\"F\u00fcr Unternehmen - Siemoneit GmbH\",\"isPartOf\":{\"@id\":\"https:\\\/\\\/siemoneit.de\\\/#website\"},\"datePublished\":\"2023-07-25T22:16:18+00:00\",\"dateModified\":\"2023-07-26T23:42:23+00:00\",\"breadcrumb\":{\"@id\":\"https:\\\/\\\/siemoneit.de\\\/fahrzeugaufbereitung\\\/fuer-unternehmen\\\/#breadcrumb\"},\"inLanguage\":\"fr-FR\",\"potentialAction\":[{\"@type\":\"ReadAction\",\"target\":[\"https:\\\/\\\/siemoneit.de\\\/fahrzeugaufbereitung\\\/fuer-unternehmen\\\/\"]}]},{\"@type\":\"BreadcrumbList\",\"@id\":\"https:\\\/\\\/siemoneit.de\\\/fahrzeugaufbereitung\\\/fuer-unternehmen\\\/#breadcrumb\",\"itemListElement\":[{\"@type\":\"ListItem\",\"position\":1,\"name\":\"Startseite\",\"item\":\"https:\\\/\\\/siemoneit.de\\\/\"},{\"@type\":\"ListItem\",\"position\":2,\"name\":\"Glanzliebe Fahrzeugaufbereitung\",\"item\":\"https:\\\/\\\/siemoneit.de\\\/fahrzeugaufbereitung\\\/\"},{\"@type\":\"ListItem\",\"position\":3,\"name\":\"F\u00fcr Unternehmen\"}]},{\"@type\":\"WebSite\",\"@id\":\"https:\\\/\\\/siemoneit.de\\\/#website\",\"url\":\"https:\\\/\\\/siemoneit.de\\\/\",\"name\":\"Siemoneit GmbH\",\"description\":\"\",\"publisher\":{\"@id\":\"https:\\\/\\\/siemoneit.de\\\/#organization\"},\"potentialAction\":[{\"@type\":\"SearchAction\",\"target\":{\"@type\":\"EntryPoint\",\"urlTemplate\":\"https:\\\/\\\/siemoneit.de\\\/?s={search_term_string}\"},\"query-input\":{\"@type\":\"PropertyValueSpecification\",\"valueRequired\":true,\"valueName\":\"search_term_string\"}}],\"inLanguage\":\"fr-FR\"},{\"@type\":\"Organization\",\"@id\":\"https:\\\/\\\/siemoneit.de\\\/#organization\",\"name\":\"Siemoneit GmbH\",\"url\":\"https:\\\/\\\/siemoneit.de\\\/\",\"logo\":{\"@type\":\"ImageObject\",\"inLanguage\":\"fr-FR\",\"@id\":\"https:\\\/\\\/siemoneit.de\\\/#\\\/schema\\\/logo\\\/image\\\/\",\"url\":\"https:\\\/\\\/siemoneit.de\\\/wp-content\\\/uploads\\\/2023\\\/04\\\/images-removebg-preview.png\",\"contentUrl\":\"https:\\\/\\\/siemoneit.de\\\/wp-content\\\/uploads\\\/2023\\\/04\\\/images-removebg-preview.png\",\"width\":225,\"height\":225,\"caption\":\"Siemoneit GmbH\"},\"image\":{\"@id\":\"https:\\\/\\\/siemoneit.de\\\/#\\\/schema\\\/logo\\\/image\\\/\"},\"sameAs\":[\"https:\\\/\\\/www.facebook.com\\\/siemoneit.racing\",\"https:\\\/\\\/www.instagram.com\\\/siemoneit_racing\\\/\"]}]}<\/script>\n<!-- \/ Yoast SEO plugin. -->","yoast_head_json":{"title":"Pour les entreprises - Siemoneit GmbH","robots":{"index":"index","follow":"follow","max-snippet":"max-snippet:-1","max-image-preview":"max-image-preview:large","max-video-preview":"max-video-preview:-1"},"canonical":"https:\/\/siemoneit.de\/fr\/preparation-des-vehicules\/pour-les-entreprises\/","og_locale":"fr_FR","og_type":"article","og_title":"F\u00fcr Unternehmen - Siemoneit GmbH","og_description":"Glanzliebe f\u00fcr Unternehmen Von Profis f\u00fcr Profis Sie suchen einen verl\u00e4sslichen Partner f\u00fcr die professionelle Fahrzeugaufbereitung Ihrer Fahrzeuge und habe einen Qualit\u00e4tsanspruch, der bisher noch nicht vollumf\u00e4nglich erf\u00fcllt wurde? Dann haben wir gute Neuigkeiten f\u00fcr Sie: Ihre Suche ist vorbei. Wir sind f\u00fcr Sie da. Mit Liebe zum Detail widmen wir uns jedem Fahrzeug, ganz ... Lire la suite","og_url":"https:\/\/siemoneit.de\/fr\/preparation-des-vehicules\/pour-les-entreprises\/","og_site_name":"Siemoneit GmbH","article_publisher":"https:\/\/www.facebook.com\/siemoneit.racing","article_modified_time":"2023-07-26T23:42:23+00:00","twitter_card":"summary_large_image","twitter_misc":{"Dur\u00e9e de lecture estim\u00e9e":"1 minute"},"schema":{"@context":"https:\/\/schema.org","@graph":[{"@type":"WebPage","@id":"https:\/\/siemoneit.de\/fahrzeugaufbereitung\/fuer-unternehmen\/","url":"https:\/\/siemoneit.de\/fahrzeugaufbereitung\/fuer-unternehmen\/","name":"Pour les entreprises - Siemoneit GmbH","isPartOf":{"@id":"https:\/\/siemoneit.de\/#website"},"datePublished":"2023-07-25T22:16:18+00:00","dateModified":"2023-07-26T23:42:23+00:00","breadcrumb":{"@id":"https:\/\/siemoneit.de\/fahrzeugaufbereitung\/fuer-unternehmen\/#breadcrumb"},"inLanguage":"fr-FR","potentialAction":[{"@type":"ReadAction","target":["https:\/\/siemoneit.de\/fahrzeugaufbereitung\/fuer-unternehmen\/"]}]},{"@type":"BreadcrumbList","@id":"https:\/\/siemoneit.de\/fahrzeugaufbereitung\/fuer-unternehmen\/#breadcrumb","itemListElement":[{"@type":"ListItem","position":1,"name":"Startseite","item":"https:\/\/siemoneit.de\/"},{"@type":"ListItem","position":2,"name":"Glanzliebe Fahrzeugaufbereitung","item":"https:\/\/siemoneit.de\/fahrzeugaufbereitung\/"},{"@type":"ListItem","position":3,"name":"F\u00fcr Unternehmen"}]},{"@type":"WebSite","@id":"https:\/\/siemoneit.de\/#website","url":"https:\/\/siemoneit.de\/","name":"Siemoneit GmbH","description":"","publisher":{"@id":"https:\/\/siemoneit.de\/#organization"},"potentialAction":[{"@type":"SearchAction","target":{"@type":"EntryPoint","urlTemplate":"https:\/\/siemoneit.de\/?s={search_term_string}"},"query-input":{"@type":"PropertyValueSpecification","valueRequired":true,"valueName":"search_term_string"}}],"inLanguage":"fr-FR"},{"@type":"Organization","@id":"https:\/\/siemoneit.de\/#organization","name":"Siemoneit GmbH","url":"https:\/\/siemoneit.de\/","logo":{"@type":"ImageObject","inLanguage":"fr-FR","@id":"https:\/\/siemoneit.de\/#\/schema\/logo\/image\/","url":"https:\/\/siemoneit.de\/wp-content\/uploads\/2023\/04\/images-removebg-preview.png","contentUrl":"https:\/\/siemoneit.de\/wp-content\/uploads\/2023\/04\/images-removebg-preview.png","width":225,"height":225,"caption":"Siemoneit GmbH"},"image":{"@id":"https:\/\/siemoneit.de\/#\/schema\/logo\/image\/"},"sameAs":["https:\/\/www.facebook.com\/siemoneit.racing","https:\/\/www.instagram.com\/siemoneit_racing\/"]}]}},"_links":{"self":[{"href":"https:\/\/siemoneit.de\/fr\/wp-json\/wp\/v2\/pages\/4335","targetHints":{"allow":["GET"]}}],"collection":[{"href":"https:\/\/siemoneit.de\/fr\/wp-json\/wp\/v2\/pages"}],"about":[{"href":"https:\/\/siemoneit.de\/fr\/wp-json\/wp\/v2\/types\/page"}],"author":[{"embeddable":true,"href":"https:\/\/siemoneit.de\/fr\/wp-json\/wp\/v2\/users\/1"}],"replies":[{"embeddable":true,"href":"https:\/\/siemoneit.de\/fr\/wp-json\/wp\/v2\/comments?post=4335"}],"version-history":[{"count":0,"href":"https:\/\/siemoneit.de\/fr\/wp-json\/wp\/v2\/pages\/4335\/revisions"}],"up":[{"embeddable":true,"href":"https:\/\/siemoneit.de\/fr\/wp-json\/wp\/v2\/pages\/178"}],"wp:attachment":[{"href":"https:\/\/siemoneit.de\/fr\/wp-json\/wp\/v2\/media?parent=4335"}],"curies":[{"name":"wp","href":"https:\/\/api.w.org\/{rel}","templated":true}]}}