{"id":29,"date":"2023-04-03T10:34:47","date_gmt":"2023-04-03T08:34:47","guid":{"rendered":"https:\/\/siemoneit.de\/?page_id=29"},"modified":"2026-01-28T18:19:09","modified_gmt":"2026-01-28T17:19:09","slug":"mentions-legales","status":"publish","type":"page","link":"https:\/\/siemoneit.de\/fr\/mentions-legales\/","title":{"rendered":"Mentions l\u00e9gales"},"content":{"rendered":"\t\t<div data-elementor-type=\"wp-page\" data-elementor-id=\"29\" class=\"elementor elementor-29\" data-elementor-post-type=\"page\">\n\t\t\t\t<div class=\"elementor-element elementor-element-034f813 main_image e-flex e-con-boxed e-con e-parent\" data-id=\"034f813\" data-element_type=\"container\" data-e-type=\"container\">\n\t\t\t\t\t<div class=\"e-con-inner\">\n\t\t<div class=\"elementor-element elementor-element-d5982ad e-con-full e-flex e-con e-child\" data-id=\"d5982ad\" data-element_type=\"container\" data-e-type=\"container\" data-settings=\"{&quot;background_background&quot;:&quot;classic&quot;}\">\n\t\t\t\t<div class=\"elementor-element elementor-element-eed58f2 elementor-widget__width-inherit elementor-widget elementor-widget-heading\" data-id=\"eed58f2\" data-element_type=\"widget\" data-e-type=\"widget\" data-settings=\"{&quot;motion_fx_motion_fx_scrolling&quot;:&quot;yes&quot;,&quot;motion_fx_devices&quot;:[&quot;desktop&quot;,&quot;tablet&quot;,&quot;mobile&quot;]}\" data-widget_type=\"heading.default\">\n\t\t\t\t<div class=\"elementor-widget-container\">\n\t\t\t\t\t<h1 class=\"elementor-heading-title elementor-size-default\">Impressum<\/h1>\t\t\t\t<\/div>\n\t\t\t\t<\/div>\n\t\t\t\t<\/div>\n\t\t\t\t\t<\/div>\n\t\t\t\t<\/div>\n\t\t<div class=\"elementor-element elementor-element-79e9ad2 e-flex e-con-boxed e-con e-parent\" data-id=\"79e9ad2\" data-element_type=\"container\" data-e-type=\"container\" data-settings=\"{&quot;background_background&quot;:&quot;classic&quot;}\">\n\t\t\t\t\t<div class=\"e-con-inner\">\n\t\t<div class=\"elementor-element elementor-element-adea002 e-transform e-flex e-con-boxed e-con e-child\" data-id=\"adea002\" data-element_type=\"container\" data-e-type=\"container\" data-settings=\"{&quot;_transform_translateX_effect&quot;:{&quot;unit&quot;:&quot;px&quot;,&quot;size&quot;:&quot;&quot;,&quot;sizes&quot;:[]},&quot;_transform_translateX_effect_tablet&quot;:{&quot;unit&quot;:&quot;px&quot;,&quot;size&quot;:&quot;&quot;,&quot;sizes&quot;:[]},&quot;_transform_translateX_effect_mobile&quot;:{&quot;unit&quot;:&quot;px&quot;,&quot;size&quot;:&quot;&quot;,&quot;sizes&quot;:[]},&quot;_transform_translateY_effect&quot;:{&quot;unit&quot;:&quot;px&quot;,&quot;size&quot;:&quot;&quot;,&quot;sizes&quot;:[]},&quot;_transform_translateY_effect_tablet&quot;:{&quot;unit&quot;:&quot;px&quot;,&quot;size&quot;:&quot;&quot;,&quot;sizes&quot;:[]},&quot;_transform_translateY_effect_mobile&quot;:{&quot;unit&quot;:&quot;px&quot;,&quot;size&quot;:&quot;&quot;,&quot;sizes&quot;:[]}}\">\n\t\t\t\t\t<div class=\"e-con-inner\">\n\t\t\t\t<div class=\"elementor-element elementor-element-20aee5b elementor-widget__width-initial elementor-widget-mobile__width-auto elementor-widget-divider--view-line elementor-widget elementor-widget-divider\" data-id=\"20aee5b\" data-element_type=\"widget\" data-e-type=\"widget\" data-widget_type=\"divider.default\">\n\t\t\t\t<div class=\"elementor-widget-container\">\n\t\t\t\t\t\t\t<div class=\"elementor-divider\">\n\t\t\t<span class=\"elementor-divider-separator\">\n\t\t\t\t\t\t<\/span>\n\t\t<\/div>\n\t\t\t\t\t\t<\/div>\n\t\t\t\t<\/div>\n\t\t\t\t<div class=\"elementor-element elementor-element-1a353e2 elementor-widget__width-initial elementor-widget-mobile__width-auto elementor-widget-divider--view-line elementor-widget elementor-widget-divider\" data-id=\"1a353e2\" data-element_type=\"widget\" data-e-type=\"widget\" data-widget_type=\"divider.default\">\n\t\t\t\t<div class=\"elementor-widget-container\">\n\t\t\t\t\t\t\t<div class=\"elementor-divider\">\n\t\t\t<span class=\"elementor-divider-separator\">\n\t\t\t\t\t\t<\/span>\n\t\t<\/div>\n\t\t\t\t\t\t<\/div>\n\t\t\t\t<\/div>\n\t\t\t\t<div class=\"elementor-element elementor-element-0b40668 elementor-widget__width-auto elementor-widget-mobile__width-inherit elementor-widget elementor-widget-heading\" data-id=\"0b40668\" data-element_type=\"widget\" data-e-type=\"widget\" data-widget_type=\"heading.default\">\n\t\t\t\t<div class=\"elementor-widget-container\">\n\t\t\t\t\t<h2 class=\"elementor-heading-title elementor-size-default\">ANGABEN LAUT \u00a76 DES TELEMEDIENSTGESETZ<\/h2>\t\t\t\t<\/div>\n\t\t\t\t<\/div>\n\t\t\t\t<div class=\"elementor-element elementor-element-05c1d6e elementor-widget__width-inherit elementor-widget elementor-widget-text-editor\" data-id=\"05c1d6e\" data-element_type=\"widget\" data-e-type=\"widget\" data-widget_type=\"text-editor.default\">\n\t\t\t\t<div class=\"elementor-widget-container\">\n\t\t\t\t\t\t\t\t\t<p><strong>SIEMONEIT GmbH<\/strong><br \/>Ottenbecker Damm 6<br \/>21684 Stade<br \/>Deutschland<\/p><p>Tel: +49 4141 9389616<br \/>Email: info@siemoneit.de<br \/>Web: www.siemoneit.de<\/p><p>Gesellschaft mit beschr\u00e4nkter Haftung<br \/>HRB-Nr.: HRB209944\u00a0beim Registergericht Tostedt<\/p><p>KFZ-Service und Werkstatt<br \/>Diagnose und Reparaturen<br \/>Import und Export von Tuningteilen<br \/>Entwicklung von Tuningapplikationen<br \/>Herstellung und Entwicklung von Abgassystemen<br \/>Fahrzeugaufbereitung<\/p><p>Vertretungsberechtigte Gesellschafterin und Gesch\u00e4ftsf\u00fchrerin <strong>Isidora Siemoneit<\/strong><\/p><p>Steuernummer:\u00a04320328271<br \/>UStID Nr.: DE359949354<br \/>Finanzamt Stade<br \/>Amtsgericht Stade<\/p><p>Eingetragen in der Handwerksrolle<br \/>HWK-Braunschweig-L\u00fcneburg-Stade<\/p><p><strong>Streitbelegung<br \/><\/strong>Die Europ\u00e4ische Kommission stellt eine Plattform zur Online-Streitbeilegung (OS) bereit, die Sie <span style=\"color: #8a2626;\"><a style=\"color: #8a2626;\" href=\"https:\/\/ec.europa.eu\/consumers\/odr\/main\/index.cfm?event=main.home.chooseLanguage\" target=\"_blank\" rel=\"noopener\">hier<\/a> <\/span>finden k\u00f6nnen. Wir sind weder verpflichtet noch bereit, an einem Streitbeilegungsverfahren vor einer Verbraucherschlichtungsstelle teilzunehmen.<\/p>\t\t\t\t\t\t\t\t<\/div>\n\t\t\t\t<\/div>\n\t\t\t\t\t<\/div>\n\t\t\t\t<\/div>\n\t\t\t\t\t<\/div>\n\t\t\t\t<\/div>\n\t\t\t\t<\/div>\n\t\t","protected":false},"excerpt":{"rendered":"<p>Mentions l\u00e9gales INFORMATIONS SELON LE \u00a76 DE LA LOI SIEMONEIT GmbHOttenbecker Damm 621684 StadeAllemagne T\u00e9l : +49 4141 9389616Email : info@siemoneit.deWeb : www.siemoneit.de Soci\u00e9t\u00e9 \u00e0 responsabilit\u00e9 limit\u00e9eHRB-Nr.HRB209944 aupr\u00e8s du tribunal d'enregistrement de Tostedt Service automobile et atelierDiagnostic et r\u00e9parationsImportation et exportation de pi\u00e8ces de tuningD\u00e9veloppement d'applications de tuningFabrication et d\u00e9veloppement de syst\u00e8mes d'\u00e9chappementPr\u00e9paration de v\u00e9hicules Associ\u00e9e habilit\u00e9e \u00e0 repr\u00e9senter la soci\u00e9t\u00e9 et g\u00e9rante Isidora Siemoneit Num\u00e9ro d'identification fiscale : 4320328271UStID Nr.DE359949354Centre des imp\u00f4ts de StadeTribunal de grande instance de Stade Inscrit au registre des m\u00e9tiersHWK-Braunschweig-L\u00fcneburg-Stade R\u00e8glement des litigesLes ... <a title=\"Mentions l\u00e9gales\" class=\"read-more\" href=\"https:\/\/siemoneit.de\/fr\/mentions-legales\/\" aria-label=\"En savoir plus sur Mentions l\u00e9gales\">Lire la suite<\/a><\/p>","protected":false},"author":1,"featured_media":0,"parent":0,"menu_order":0,"comment_status":"closed","ping_status":"closed","template":"elementor_header_footer","meta":{"_acf_changed":false,"footnotes":""},"class_list":["post-29","page","type-page","status-publish"],"acf":[],"yoast_head":"<!-- This site is optimized with the Yoast SEO plugin v27.4 - https:\/\/yoast.com\/product\/yoast-seo-wordpress\/ -->\n<title>Impressum - Siemoneit GmbH<\/title>\n<meta name=\"robots\" content=\"index, follow, max-snippet:-1, max-image-preview:large, max-video-preview:-1\" \/>\n<link rel=\"canonical\" href=\"https:\/\/siemoneit.de\/fr\/mentions-legales\/\" \/>\n<meta property=\"og:locale\" content=\"fr_FR\" \/>\n<meta property=\"og:type\" content=\"article\" \/>\n<meta property=\"og:title\" content=\"Impressum - Siemoneit GmbH\" \/>\n<meta property=\"og:description\" content=\"Impressum ANGABEN LAUT \u00a76 DES TELEMEDIENSTGESETZ SIEMONEIT GmbHOttenbecker Damm 621684 StadeDeutschland Tel: +49 4141 9389616Email: info@siemoneit.deWeb: www.siemoneit.de Gesellschaft mit beschr\u00e4nkter HaftungHRB-Nr.: HRB209944\u00a0beim Registergericht Tostedt KFZ-Service und WerkstattDiagnose und ReparaturenImport und Export von TuningteilenEntwicklung von TuningapplikationenHerstellung und Entwicklung von AbgassystemenFahrzeugaufbereitung Vertretungsberechtigte Gesellschafterin und Gesch\u00e4ftsf\u00fchrerin Isidora Siemoneit Steuernummer:\u00a04320328271UStID Nr.: DE359949354Finanzamt StadeAmtsgericht Stade Eingetragen in der HandwerksrolleHWK-Braunschweig-L\u00fcneburg-Stade StreitbelegungDie ... Lire la suite\" \/>\n<meta property=\"og:url\" content=\"https:\/\/siemoneit.de\/fr\/mentions-legales\/\" \/>\n<meta property=\"og:site_name\" content=\"Siemoneit GmbH\" \/>\n<meta property=\"article:publisher\" content=\"https:\/\/www.facebook.com\/siemoneit.racing\" \/>\n<meta property=\"article:modified_time\" content=\"2026-01-28T17:19:09+00:00\" \/>\n<meta name=\"twitter:card\" content=\"summary_large_image\" \/>\n<meta name=\"twitter:label1\" content=\"Dur\u00e9e de lecture estim\u00e9e\" \/>\n\t<meta name=\"twitter:data1\" content=\"1 minute\" \/>\n<script type=\"application\/ld+json\" class=\"yoast-schema-graph\">{\"@context\":\"https:\\\/\\\/schema.org\",\"@graph\":[{\"@type\":\"WebPage\",\"@id\":\"https:\\\/\\\/siemoneit.de\\\/impressum\\\/\",\"url\":\"https:\\\/\\\/siemoneit.de\\\/impressum\\\/\",\"name\":\"Impressum - Siemoneit GmbH\",\"isPartOf\":{\"@id\":\"https:\\\/\\\/siemoneit.de\\\/#website\"},\"datePublished\":\"2023-04-03T08:34:47+00:00\",\"dateModified\":\"2026-01-28T17:19:09+00:00\",\"breadcrumb\":{\"@id\":\"https:\\\/\\\/siemoneit.de\\\/impressum\\\/#breadcrumb\"},\"inLanguage\":\"fr-FR\",\"potentialAction\":[{\"@type\":\"ReadAction\",\"target\":[\"https:\\\/\\\/siemoneit.de\\\/impressum\\\/\"]}]},{\"@type\":\"BreadcrumbList\",\"@id\":\"https:\\\/\\\/siemoneit.de\\\/impressum\\\/#breadcrumb\",\"itemListElement\":[{\"@type\":\"ListItem\",\"position\":1,\"name\":\"Startseite\",\"item\":\"https:\\\/\\\/siemoneit.de\\\/\"},{\"@type\":\"ListItem\",\"position\":2,\"name\":\"Impressum\"}]},{\"@type\":\"WebSite\",\"@id\":\"https:\\\/\\\/siemoneit.de\\\/#website\",\"url\":\"https:\\\/\\\/siemoneit.de\\\/\",\"name\":\"Siemoneit GmbH\",\"description\":\"\",\"publisher\":{\"@id\":\"https:\\\/\\\/siemoneit.de\\\/#organization\"},\"potentialAction\":[{\"@type\":\"SearchAction\",\"target\":{\"@type\":\"EntryPoint\",\"urlTemplate\":\"https:\\\/\\\/siemoneit.de\\\/?s={search_term_string}\"},\"query-input\":{\"@type\":\"PropertyValueSpecification\",\"valueRequired\":true,\"valueName\":\"search_term_string\"}}],\"inLanguage\":\"fr-FR\"},{\"@type\":\"Organization\",\"@id\":\"https:\\\/\\\/siemoneit.de\\\/#organization\",\"name\":\"Siemoneit GmbH\",\"url\":\"https:\\\/\\\/siemoneit.de\\\/\",\"logo\":{\"@type\":\"ImageObject\",\"inLanguage\":\"fr-FR\",\"@id\":\"https:\\\/\\\/siemoneit.de\\\/#\\\/schema\\\/logo\\\/image\\\/\",\"url\":\"https:\\\/\\\/siemoneit.de\\\/wp-content\\\/uploads\\\/2023\\\/04\\\/images-removebg-preview.png\",\"contentUrl\":\"https:\\\/\\\/siemoneit.de\\\/wp-content\\\/uploads\\\/2023\\\/04\\\/images-removebg-preview.png\",\"width\":225,\"height\":225,\"caption\":\"Siemoneit GmbH\"},\"image\":{\"@id\":\"https:\\\/\\\/siemoneit.de\\\/#\\\/schema\\\/logo\\\/image\\\/\"},\"sameAs\":[\"https:\\\/\\\/www.facebook.com\\\/siemoneit.racing\",\"https:\\\/\\\/www.instagram.com\\\/siemoneit_racing\\\/\"]}]}<\/script>\n<!-- \/ Yoast SEO plugin. -->","yoast_head_json":{"title":"Mentions l\u00e9gales - Siemoneit GmbH","robots":{"index":"index","follow":"follow","max-snippet":"max-snippet:-1","max-image-preview":"max-image-preview:large","max-video-preview":"max-video-preview:-1"},"canonical":"https:\/\/siemoneit.de\/fr\/mentions-legales\/","og_locale":"fr_FR","og_type":"article","og_title":"Impressum - Siemoneit GmbH","og_description":"Impressum ANGABEN LAUT \u00a76 DES TELEMEDIENSTGESETZ SIEMONEIT GmbHOttenbecker Damm 621684 StadeDeutschland Tel: +49 4141 9389616Email: info@siemoneit.deWeb: www.siemoneit.de Gesellschaft mit beschr\u00e4nkter HaftungHRB-Nr.: HRB209944\u00a0beim Registergericht Tostedt KFZ-Service und WerkstattDiagnose und ReparaturenImport und Export von TuningteilenEntwicklung von TuningapplikationenHerstellung und Entwicklung von AbgassystemenFahrzeugaufbereitung Vertretungsberechtigte Gesellschafterin und Gesch\u00e4ftsf\u00fchrerin Isidora Siemoneit Steuernummer:\u00a04320328271UStID Nr.: DE359949354Finanzamt StadeAmtsgericht Stade Eingetragen in der HandwerksrolleHWK-Braunschweig-L\u00fcneburg-Stade StreitbelegungDie ... Lire la suite","og_url":"https:\/\/siemoneit.de\/fr\/mentions-legales\/","og_site_name":"Siemoneit GmbH","article_publisher":"https:\/\/www.facebook.com\/siemoneit.racing","article_modified_time":"2026-01-28T17:19:09+00:00","twitter_card":"summary_large_image","twitter_misc":{"Dur\u00e9e de lecture estim\u00e9e":"1 minute"},"schema":{"@context":"https:\/\/schema.org","@graph":[{"@type":"WebPage","@id":"https:\/\/siemoneit.de\/impressum\/","url":"https:\/\/siemoneit.de\/impressum\/","name":"Mentions l\u00e9gales - Siemoneit GmbH","isPartOf":{"@id":"https:\/\/siemoneit.de\/#website"},"datePublished":"2023-04-03T08:34:47+00:00","dateModified":"2026-01-28T17:19:09+00:00","breadcrumb":{"@id":"https:\/\/siemoneit.de\/impressum\/#breadcrumb"},"inLanguage":"fr-FR","potentialAction":[{"@type":"ReadAction","target":["https:\/\/siemoneit.de\/impressum\/"]}]},{"@type":"BreadcrumbList","@id":"https:\/\/siemoneit.de\/impressum\/#breadcrumb","itemListElement":[{"@type":"ListItem","position":1,"name":"Startseite","item":"https:\/\/siemoneit.de\/"},{"@type":"ListItem","position":2,"name":"Impressum"}]},{"@type":"WebSite","@id":"https:\/\/siemoneit.de\/#website","url":"https:\/\/siemoneit.de\/","name":"Siemoneit GmbH","description":"","publisher":{"@id":"https:\/\/siemoneit.de\/#organization"},"potentialAction":[{"@type":"SearchAction","target":{"@type":"EntryPoint","urlTemplate":"https:\/\/siemoneit.de\/?s={search_term_string}"},"query-input":{"@type":"PropertyValueSpecification","valueRequired":true,"valueName":"search_term_string"}}],"inLanguage":"fr-FR"},{"@type":"Organization","@id":"https:\/\/siemoneit.de\/#organization","name":"Siemoneit GmbH","url":"https:\/\/siemoneit.de\/","logo":{"@type":"ImageObject","inLanguage":"fr-FR","@id":"https:\/\/siemoneit.de\/#\/schema\/logo\/image\/","url":"https:\/\/siemoneit.de\/wp-content\/uploads\/2023\/04\/images-removebg-preview.png","contentUrl":"https:\/\/siemoneit.de\/wp-content\/uploads\/2023\/04\/images-removebg-preview.png","width":225,"height":225,"caption":"Siemoneit GmbH"},"image":{"@id":"https:\/\/siemoneit.de\/#\/schema\/logo\/image\/"},"sameAs":["https:\/\/www.facebook.com\/siemoneit.racing","https:\/\/www.instagram.com\/siemoneit_racing\/"]}]}},"_links":{"self":[{"href":"https:\/\/siemoneit.de\/fr\/wp-json\/wp\/v2\/pages\/29","targetHints":{"allow":["GET"]}}],"collection":[{"href":"https:\/\/siemoneit.de\/fr\/wp-json\/wp\/v2\/pages"}],"about":[{"href":"https:\/\/siemoneit.de\/fr\/wp-json\/wp\/v2\/types\/page"}],"author":[{"embeddable":true,"href":"https:\/\/siemoneit.de\/fr\/wp-json\/wp\/v2\/users\/1"}],"replies":[{"embeddable":true,"href":"https:\/\/siemoneit.de\/fr\/wp-json\/wp\/v2\/comments?post=29"}],"version-history":[{"count":3,"href":"https:\/\/siemoneit.de\/fr\/wp-json\/wp\/v2\/pages\/29\/revisions"}],"predecessor-version":[{"id":6478,"href":"https:\/\/siemoneit.de\/fr\/wp-json\/wp\/v2\/pages\/29\/revisions\/6478"}],"wp:attachment":[{"href":"https:\/\/siemoneit.de\/fr\/wp-json\/wp\/v2\/media?parent=29"}],"curies":[{"name":"wp","href":"https:\/\/api.w.org\/{rel}","templated":true}]}}