{"id":3451,"date":"2023-06-24T17:12:31","date_gmt":"2023-06-24T15:12:31","guid":{"rendered":"https:\/\/siemoneit.de\/produkt\/steel-line-black\/"},"modified":"2025-02-28T14:29:35","modified_gmt":"2025-02-28T13:29:35","slug":"linea-de-acero-negro","status":"publish","type":"product","link":"https:\/\/siemoneit.de\/es\/tienda\/linea-de-acero-negro\/","title":{"rendered":"L\u00ednea de acero Negro"},"content":{"rendered":"<p>Los tubos de escape de alta calidad, con un di\u00e1metro exterior de 102 mm, s\u00f3lo pueden seleccionarse para nuestros sistemas de escape internos.<br \/>\nLa brida tiene un di\u00e1metro de 60 mm.<br \/>\nEl precio se refiere a un tubo de escape.<\/p>","protected":false},"excerpt":{"rendered":"<p>Los tubos de escape de alta calidad, con un di\u00e1metro exterior de 102 mm, s\u00f3lo pueden elegirse para nuestros sistemas de escape internos. La brida tiene un di\u00e1metro de 60 mm. El precio se refiere a un tubo de escape.<\/p>","protected":false},"featured_media":1350,"template":"","meta":{"_acf_changed":false},"product_brand":[],"product_cat":[167,177],"product_tag":[],"class_list":{"0":"post-3451","1":"product","2":"type-product","3":"status-publish","4":"has-post-thumbnail","6":"product_cat-abgasanlagenzubehoer","7":"product_cat-tuning","9":"first","10":"outofstock","11":"taxable","12":"shipping-taxable","13":"product-type-simple"},"acf":[],"yoast_head":"<!-- This site is optimized with the Yoast SEO plugin v26.6 - https:\/\/yoast.com\/wordpress\/plugins\/seo\/ -->\n<title>Steel Line Black - Siemoneit GmbH<\/title>\n<meta name=\"robots\" content=\"index, follow, max-snippet:-1, max-image-preview:large, max-video-preview:-1\" \/>\n<link rel=\"canonical\" href=\"https:\/\/siemoneit.de\/es\/tienda\/linea-de-acero-negro\/\" \/>\n<meta property=\"og:locale\" content=\"es_ES\" \/>\n<meta property=\"og:type\" content=\"article\" \/>\n<meta property=\"og:title\" content=\"Steel Line Black - Siemoneit GmbH\" \/>\n<meta property=\"og:description\" content=\"Die hochwertigen Endrohre, mit einem Au\u00dfendurchmesser von 102 mm, k\u00f6nnen nur zu unseren hauseigenen Abgasanlagen gew\u00e4hlt werden. Der Flansch hat einen Durchmesser von 60 mm. Der Preis bezieht sich auf ein Endrohr.\" \/>\n<meta property=\"og:url\" content=\"https:\/\/siemoneit.de\/es\/tienda\/linea-de-acero-negro\/\" \/>\n<meta property=\"og:site_name\" content=\"Siemoneit GmbH\" \/>\n<meta property=\"article:publisher\" content=\"https:\/\/www.facebook.com\/siemoneit.racing\" \/>\n<meta property=\"article:modified_time\" content=\"2025-02-28T13:29:35+00:00\" \/>\n<meta property=\"og:image\" content=\"https:\/\/siemoneit.de\/wp-content\/uploads\/2023\/05\/17375_product_57410.jpg\" \/>\n\t<meta property=\"og:image:width\" content=\"430\" \/>\n\t<meta property=\"og:image:height\" content=\"286\" \/>\n\t<meta property=\"og:image:type\" content=\"image\/jpeg\" \/>\n<meta name=\"twitter:card\" content=\"summary_large_image\" \/>\n<script type=\"application\/ld+json\" class=\"yoast-schema-graph\">{\"@context\":\"https:\/\/schema.org\",\"@graph\":[{\"@type\":\"WebPage\",\"@id\":\"https:\/\/siemoneit.de\/shop\/steel-line-black\/\",\"url\":\"https:\/\/siemoneit.de\/shop\/steel-line-black\/\",\"name\":\"Steel Line Black - Siemoneit GmbH\",\"isPartOf\":{\"@id\":\"https:\/\/siemoneit.de\/#website\"},\"primaryImageOfPage\":{\"@id\":\"https:\/\/siemoneit.de\/shop\/steel-line-black\/#primaryimage\"},\"image\":{\"@id\":\"https:\/\/siemoneit.de\/shop\/steel-line-black\/#primaryimage\"},\"thumbnailUrl\":\"https:\/\/siemoneit.de\/wp-content\/uploads\/2023\/05\/17375_product_57410.jpg\",\"datePublished\":\"2023-06-24T15:12:31+00:00\",\"dateModified\":\"2025-02-28T13:29:35+00:00\",\"breadcrumb\":{\"@id\":\"https:\/\/siemoneit.de\/shop\/steel-line-black\/#breadcrumb\"},\"inLanguage\":\"es\",\"potentialAction\":[{\"@type\":\"ReadAction\",\"target\":[\"https:\/\/siemoneit.de\/shop\/steel-line-black\/\"]}]},{\"@type\":\"ImageObject\",\"inLanguage\":\"es\",\"@id\":\"https:\/\/siemoneit.de\/shop\/steel-line-black\/#primaryimage\",\"url\":\"https:\/\/siemoneit.de\/wp-content\/uploads\/2023\/05\/17375_product_57410.jpg\",\"contentUrl\":\"https:\/\/siemoneit.de\/wp-content\/uploads\/2023\/05\/17375_product_57410.jpg\",\"width\":430,\"height\":286},{\"@type\":\"BreadcrumbList\",\"@id\":\"https:\/\/siemoneit.de\/shop\/steel-line-black\/#breadcrumb\",\"itemListElement\":[{\"@type\":\"ListItem\",\"position\":1,\"name\":\"Startseite\",\"item\":\"https:\/\/siemoneit.de\/\"},{\"@type\":\"ListItem\",\"position\":2,\"name\":\"Shop\",\"item\":\"https:\/\/siemoneit.de\/shop\/\"},{\"@type\":\"ListItem\",\"position\":3,\"name\":\"Steel Line Black\"}]},{\"@type\":\"WebSite\",\"@id\":\"https:\/\/siemoneit.de\/#website\",\"url\":\"https:\/\/siemoneit.de\/\",\"name\":\"Siemoneit GmbH\",\"description\":\"\",\"publisher\":{\"@id\":\"https:\/\/siemoneit.de\/#organization\"},\"potentialAction\":[{\"@type\":\"SearchAction\",\"target\":{\"@type\":\"EntryPoint\",\"urlTemplate\":\"https:\/\/siemoneit.de\/?s={search_term_string}\"},\"query-input\":{\"@type\":\"PropertyValueSpecification\",\"valueRequired\":true,\"valueName\":\"search_term_string\"}}],\"inLanguage\":\"es\"},{\"@type\":\"Organization\",\"@id\":\"https:\/\/siemoneit.de\/#organization\",\"name\":\"Siemoneit GmbH\",\"url\":\"https:\/\/siemoneit.de\/\",\"logo\":{\"@type\":\"ImageObject\",\"inLanguage\":\"es\",\"@id\":\"https:\/\/siemoneit.de\/#\/schema\/logo\/image\/\",\"url\":\"https:\/\/siemoneit.de\/wp-content\/uploads\/2023\/04\/images-removebg-preview.png\",\"contentUrl\":\"https:\/\/siemoneit.de\/wp-content\/uploads\/2023\/04\/images-removebg-preview.png\",\"width\":225,\"height\":225,\"caption\":\"Siemoneit GmbH\"},\"image\":{\"@id\":\"https:\/\/siemoneit.de\/#\/schema\/logo\/image\/\"},\"sameAs\":[\"https:\/\/www.facebook.com\/siemoneit.racing\",\"https:\/\/www.instagram.com\/siemoneit_racing\/\"]}]}<\/script>\n<!-- \/ Yoast SEO plugin. -->","yoast_head_json":{"title":"L\u00ednea de acero Negro - Siemoneit GmbH","robots":{"index":"index","follow":"follow","max-snippet":"max-snippet:-1","max-image-preview":"max-image-preview:large","max-video-preview":"max-video-preview:-1"},"canonical":"https:\/\/siemoneit.de\/es\/tienda\/linea-de-acero-negro\/","og_locale":"es_ES","og_type":"article","og_title":"Steel Line Black - Siemoneit GmbH","og_description":"Die hochwertigen Endrohre, mit einem Au\u00dfendurchmesser von 102 mm, k\u00f6nnen nur zu unseren hauseigenen Abgasanlagen gew\u00e4hlt werden. Der Flansch hat einen Durchmesser von 60 mm. Der Preis bezieht sich auf ein Endrohr.","og_url":"https:\/\/siemoneit.de\/es\/tienda\/linea-de-acero-negro\/","og_site_name":"Siemoneit GmbH","article_publisher":"https:\/\/www.facebook.com\/siemoneit.racing","article_modified_time":"2025-02-28T13:29:35+00:00","og_image":[{"width":430,"height":286,"url":"https:\/\/siemoneit.de\/wp-content\/uploads\/2023\/05\/17375_product_57410.jpg","type":"image\/jpeg"}],"twitter_card":"summary_large_image","schema":{"@context":"https:\/\/schema.org","@graph":[{"@type":"WebPage","@id":"https:\/\/siemoneit.de\/shop\/steel-line-black\/","url":"https:\/\/siemoneit.de\/shop\/steel-line-black\/","name":"L\u00ednea de acero Negro - Siemoneit GmbH","isPartOf":{"@id":"https:\/\/siemoneit.de\/#website"},"primaryImageOfPage":{"@id":"https:\/\/siemoneit.de\/shop\/steel-line-black\/#primaryimage"},"image":{"@id":"https:\/\/siemoneit.de\/shop\/steel-line-black\/#primaryimage"},"thumbnailUrl":"https:\/\/siemoneit.de\/wp-content\/uploads\/2023\/05\/17375_product_57410.jpg","datePublished":"2023-06-24T15:12:31+00:00","dateModified":"2025-02-28T13:29:35+00:00","breadcrumb":{"@id":"https:\/\/siemoneit.de\/shop\/steel-line-black\/#breadcrumb"},"inLanguage":"es","potentialAction":[{"@type":"ReadAction","target":["https:\/\/siemoneit.de\/shop\/steel-line-black\/"]}]},{"@type":"ImageObject","inLanguage":"es","@id":"https:\/\/siemoneit.de\/shop\/steel-line-black\/#primaryimage","url":"https:\/\/siemoneit.de\/wp-content\/uploads\/2023\/05\/17375_product_57410.jpg","contentUrl":"https:\/\/siemoneit.de\/wp-content\/uploads\/2023\/05\/17375_product_57410.jpg","width":430,"height":286},{"@type":"BreadcrumbList","@id":"https:\/\/siemoneit.de\/shop\/steel-line-black\/#breadcrumb","itemListElement":[{"@type":"ListItem","position":1,"name":"Startseite","item":"https:\/\/siemoneit.de\/"},{"@type":"ListItem","position":2,"name":"Shop","item":"https:\/\/siemoneit.de\/shop\/"},{"@type":"ListItem","position":3,"name":"Steel Line Black"}]},{"@type":"WebSite","@id":"https:\/\/siemoneit.de\/#website","url":"https:\/\/siemoneit.de\/","name":"Siemoneit GmbH","description":"","publisher":{"@id":"https:\/\/siemoneit.de\/#organization"},"potentialAction":[{"@type":"SearchAction","target":{"@type":"EntryPoint","urlTemplate":"https:\/\/siemoneit.de\/?s={search_term_string}"},"query-input":{"@type":"PropertyValueSpecification","valueRequired":true,"valueName":"search_term_string"}}],"inLanguage":"es"},{"@type":"Organization","@id":"https:\/\/siemoneit.de\/#organization","name":"Siemoneit GmbH","url":"https:\/\/siemoneit.de\/","logo":{"@type":"ImageObject","inLanguage":"es","@id":"https:\/\/siemoneit.de\/#\/schema\/logo\/image\/","url":"https:\/\/siemoneit.de\/wp-content\/uploads\/2023\/04\/images-removebg-preview.png","contentUrl":"https:\/\/siemoneit.de\/wp-content\/uploads\/2023\/04\/images-removebg-preview.png","width":225,"height":225,"caption":"Siemoneit GmbH"},"image":{"@id":"https:\/\/siemoneit.de\/#\/schema\/logo\/image\/"},"sameAs":["https:\/\/www.facebook.com\/siemoneit.racing","https:\/\/www.instagram.com\/siemoneit_racing\/"]}]}},"_links":{"self":[{"href":"https:\/\/siemoneit.de\/es\/wp-json\/wp\/v2\/product\/3451","targetHints":{"allow":["GET"]}}],"collection":[{"href":"https:\/\/siemoneit.de\/es\/wp-json\/wp\/v2\/product"}],"about":[{"href":"https:\/\/siemoneit.de\/es\/wp-json\/wp\/v2\/types\/product"}],"wp:featuredmedia":[{"embeddable":true,"href":"https:\/\/siemoneit.de\/es\/wp-json\/wp\/v2\/media\/1350"}],"wp:attachment":[{"href":"https:\/\/siemoneit.de\/es\/wp-json\/wp\/v2\/media?parent=3451"}],"wp:term":[{"taxonomy":"product_brand","embeddable":true,"href":"https:\/\/siemoneit.de\/es\/wp-json\/wp\/v2\/product_brand?post=3451"},{"taxonomy":"product_cat","embeddable":true,"href":"https:\/\/siemoneit.de\/es\/wp-json\/wp\/v2\/product_cat?post=3451"},{"taxonomy":"product_tag","embeddable":true,"href":"https:\/\/siemoneit.de\/es\/wp-json\/wp\/v2\/product_tag?post=3451"}],"curies":[{"name":"wp","href":"https:\/\/api.w.org\/{rel}","templated":true}]}}