{"id":3436,"date":"2023-06-24T17:12:28","date_gmt":"2023-06-24T15:12:28","guid":{"rendered":"https:\/\/siemoneit.de\/produkt\/turbo-outlet-fuer-ea888g3\/"},"modified":"2023-06-24T20:14:31","modified_gmt":"2023-06-24T18:14:31","slug":"salida-turbo-para-ea888g3","status":"publish","type":"product","link":"https:\/\/siemoneit.de\/es\/tienda\/salida-turbo-para-ea888g3\/","title":{"rendered":"Salida turbo para EA888G3"},"content":{"rendered":"<p>Gracias al dise\u00f1o modificado, pudimos mejorar significativamente el flujo de aire en la salida del turbocompresor con nuestra salida y reducir masivamente las turbulencias (como con la pieza original). El comportamiento de respuesta y el rendimiento del motor han mejorado notablemente.<\/p>\n<p>La instalaci\u00f3n es \"plug and play\" y la salida del turbo simplemente se sustituye por la pieza original.<\/p>\n<p>Apto para estos modelos:<\/p>\n<p>Fabricante<br \/>\nVW Golf VII 1.8 4\u00d74 FSI 132 Kw<br \/>\nGolf VII 2.0 R TSI 206 Kw<br \/>\nGolf VII 2.0 R TSI 221 Kw<br \/>\nGolf VII 2.0 R TFSI 16V Variant 221 Kw<br \/>\nGolf VII GTI Facelift 169\/180 Kw<br \/>\n(incluida la actuaci\u00f3n)<br \/>\nGolf VII R Faceift 228 Kw<br \/>\nGolf VII GTI 2.0 TSI 162\/169 Kw<br \/>\nGolf VII GTI 2.0 TSI Clubsport 195 Kw<br \/>\nGolf VII GTI 2.0 TSI Clubsport S 228 Kw<br \/>\nPassat XI 4\u00d74 TSI 3C 206 Kw<br \/>\nPolo 6C 141 Kw<br \/>\nTiguan 5N 2.0 TSI 4 Motion 132 Kw<\/p>\n<p>Audi A1 8X 141 Kw<br \/>\nS1 8X 188 Kw<br \/>\nA3 III 1.8 FSI 8V 132 Kw<br \/>\nS3 III 1.8 4\u00d74 FSI 8V 132 Kw<br \/>\nS3 III 2.0 FSI 8V 206-221 Kw<br \/>\nS3 III 2.0 FSI 8V 213 Kw<br \/>\nS3 III 2.0 FSI 8V 228 Kw<br \/>\nTT 8J 228 Kw<br \/>\nTT 8J 169 Kw<br \/>\nSkoda Octavia III 4\u00d74 1.8 TSI 5E 132 Kw<br \/>\nOctavia III 5E 2.0 TSI 162 Kw<\/p>\n<p>Octavia III 5E 2.0 TFSI 16V RS 169 Kw<br \/>\nOctavia RS 245 180 Kw<\/p>\n<p>Superb 4\u00d74 2.0 TSI 3T (3V) 206 Kw<\/p>\n<p>Seat Ibiza 6J 141 Kw<br \/>\nLe\u00f3n Cupra 300 5F 221 Kw<br \/>\nLe\u00f3n III 1.8 TSI 5F 132 Kw<br \/>\nLe\u00f3n Cupra R 2.0 TSI 5F 195\/226 Kw<br \/>\nLe\u00f3n Cupra 5F 290 213 Kw<br \/>\nLe\u00f3n Cupra 5F 300 221 Kw<\/p>","protected":false},"excerpt":{"rendered":"<p>Gracias al dise\u00f1o modificado, pudimos mejorar significativamente el flujo de aire en la salida del turbocompresor con nuestra salida y reducir masivamente las turbulencias (como con la pieza original). El comportamiento de respuesta y el rendimiento del motor mejoran notablemente. La instalaci\u00f3n es \u201eplug and play\u201c y la salida del turbo simplemente se sustituye por la pieza original. Apto para estos modelos: Fabricante VW ... <a title=\"Salida turbo para EA888G3\" class=\"read-more\" href=\"https:\/\/siemoneit.de\/es\/tienda\/salida-turbo-para-ea888g3\/\" aria-label=\"Leer m\u00e1s sobre Turbo-Outlet para EA888G3\">Vaciar m\u00e1s<\/a><\/p>","protected":false},"featured_media":1437,"template":"","meta":{"_acf_changed":false},"product_brand":[],"product_cat":[177,176],"product_tag":[],"class_list":{"0":"post-3436","1":"product","2":"type-product","3":"status-publish","4":"has-post-thumbnail","6":"product_cat-tuning","7":"product_cat-turbozubehoer","9":"first","10":"instock","11":"taxable","12":"shipping-taxable","13":"product-type-simple"},"acf":[],"yoast_head":"<!-- This site is optimized with the Yoast SEO plugin v27.4 - https:\/\/yoast.com\/product\/yoast-seo-wordpress\/ -->\n<title>Turbo-Outlet f\u00fcr EA888G3 - Siemoneit GmbH<\/title>\n<meta name=\"robots\" content=\"index, follow, max-snippet:-1, max-image-preview:large, max-video-preview:-1\" \/>\n<link rel=\"canonical\" href=\"https:\/\/siemoneit.de\/es\/tienda\/salida-turbo-para-ea888g3\/\" \/>\n<meta property=\"og:locale\" content=\"es_ES\" \/>\n<meta property=\"og:type\" content=\"article\" \/>\n<meta property=\"og:title\" content=\"Turbo-Outlet f\u00fcr EA888G3 - Siemoneit GmbH\" \/>\n<meta property=\"og:description\" content=\"Aufgrund der ver\u00e4nderten Bauform konnten wir mit unserem Outlet die Luftstr\u00f6mung am Turboladerausgang deutlich verbessern und die Verwirbelungen (wie beim Originalteil) massiv reduzieren. Das Ansprechverhalten und die Motorleistung werden sp\u00fcrbar verbessert. Die Montage ist &#8222;Plug and Play&#8220; und das Turbooutlet wird einfach gegen das Originalteil ersetzt. Passend f\u00fcr diese Modelle: Hersteller VW\u00a0\u00a0 \u00a0 \u00a0 \u00a0 ... Leer m\u00e1s\" \/>\n<meta property=\"og:url\" content=\"https:\/\/siemoneit.de\/es\/tienda\/salida-turbo-para-ea888g3\/\" \/>\n<meta property=\"og:site_name\" content=\"Siemoneit GmbH\" \/>\n<meta property=\"article:publisher\" content=\"https:\/\/www.facebook.com\/siemoneit.racing\" \/>\n<meta property=\"article:modified_time\" content=\"2023-06-24T18:14:31+00:00\" \/>\n<meta property=\"og:image\" content=\"https:\/\/siemoneit.de\/wp-content\/uploads\/2023\/05\/16901_65642.jpg\" \/>\n\t<meta property=\"og:image:width\" content=\"900\" \/>\n\t<meta property=\"og:image:height\" content=\"599\" \/>\n\t<meta property=\"og:image:type\" content=\"image\/jpeg\" \/>\n<meta name=\"twitter:card\" content=\"summary_large_image\" \/>\n<meta name=\"twitter:label1\" content=\"Tiempo de lectura\" \/>\n\t<meta name=\"twitter:data1\" content=\"1 minuto\" \/>\n<script type=\"application\/ld+json\" class=\"yoast-schema-graph\">{\"@context\":\"https:\\\/\\\/schema.org\",\"@graph\":[{\"@type\":\"WebPage\",\"@id\":\"https:\\\/\\\/siemoneit.de\\\/shop\\\/turbo-outlet-fuer-ea888g3\\\/\",\"url\":\"https:\\\/\\\/siemoneit.de\\\/shop\\\/turbo-outlet-fuer-ea888g3\\\/\",\"name\":\"Turbo-Outlet f\u00fcr EA888G3 - Siemoneit GmbH\",\"isPartOf\":{\"@id\":\"https:\\\/\\\/siemoneit.de\\\/#website\"},\"primaryImageOfPage\":{\"@id\":\"https:\\\/\\\/siemoneit.de\\\/shop\\\/turbo-outlet-fuer-ea888g3\\\/#primaryimage\"},\"image\":{\"@id\":\"https:\\\/\\\/siemoneit.de\\\/shop\\\/turbo-outlet-fuer-ea888g3\\\/#primaryimage\"},\"thumbnailUrl\":\"https:\\\/\\\/siemoneit.de\\\/wp-content\\\/uploads\\\/2023\\\/05\\\/16901_65642.jpg\",\"datePublished\":\"2023-06-24T15:12:28+00:00\",\"dateModified\":\"2023-06-24T18:14:31+00:00\",\"breadcrumb\":{\"@id\":\"https:\\\/\\\/siemoneit.de\\\/shop\\\/turbo-outlet-fuer-ea888g3\\\/#breadcrumb\"},\"inLanguage\":\"es\",\"potentialAction\":[{\"@type\":\"ReadAction\",\"target\":[\"https:\\\/\\\/siemoneit.de\\\/shop\\\/turbo-outlet-fuer-ea888g3\\\/\"]}]},{\"@type\":\"ImageObject\",\"inLanguage\":\"es\",\"@id\":\"https:\\\/\\\/siemoneit.de\\\/shop\\\/turbo-outlet-fuer-ea888g3\\\/#primaryimage\",\"url\":\"https:\\\/\\\/siemoneit.de\\\/wp-content\\\/uploads\\\/2023\\\/05\\\/16901_65642.jpg\",\"contentUrl\":\"https:\\\/\\\/siemoneit.de\\\/wp-content\\\/uploads\\\/2023\\\/05\\\/16901_65642.jpg\",\"width\":900,\"height\":599},{\"@type\":\"BreadcrumbList\",\"@id\":\"https:\\\/\\\/siemoneit.de\\\/shop\\\/turbo-outlet-fuer-ea888g3\\\/#breadcrumb\",\"itemListElement\":[{\"@type\":\"ListItem\",\"position\":1,\"name\":\"Startseite\",\"item\":\"https:\\\/\\\/siemoneit.de\\\/\"},{\"@type\":\"ListItem\",\"position\":2,\"name\":\"Shop\",\"item\":\"https:\\\/\\\/siemoneit.de\\\/shop\\\/\"},{\"@type\":\"ListItem\",\"position\":3,\"name\":\"Turbo-Outlet f\u00fcr EA888G3\"}]},{\"@type\":\"WebSite\",\"@id\":\"https:\\\/\\\/siemoneit.de\\\/#website\",\"url\":\"https:\\\/\\\/siemoneit.de\\\/\",\"name\":\"Siemoneit GmbH\",\"description\":\"\",\"publisher\":{\"@id\":\"https:\\\/\\\/siemoneit.de\\\/#organization\"},\"potentialAction\":[{\"@type\":\"SearchAction\",\"target\":{\"@type\":\"EntryPoint\",\"urlTemplate\":\"https:\\\/\\\/siemoneit.de\\\/?s={search_term_string}\"},\"query-input\":{\"@type\":\"PropertyValueSpecification\",\"valueRequired\":true,\"valueName\":\"search_term_string\"}}],\"inLanguage\":\"es\"},{\"@type\":\"Organization\",\"@id\":\"https:\\\/\\\/siemoneit.de\\\/#organization\",\"name\":\"Siemoneit GmbH\",\"url\":\"https:\\\/\\\/siemoneit.de\\\/\",\"logo\":{\"@type\":\"ImageObject\",\"inLanguage\":\"es\",\"@id\":\"https:\\\/\\\/siemoneit.de\\\/#\\\/schema\\\/logo\\\/image\\\/\",\"url\":\"https:\\\/\\\/siemoneit.de\\\/wp-content\\\/uploads\\\/2023\\\/04\\\/images-removebg-preview.png\",\"contentUrl\":\"https:\\\/\\\/siemoneit.de\\\/wp-content\\\/uploads\\\/2023\\\/04\\\/images-removebg-preview.png\",\"width\":225,\"height\":225,\"caption\":\"Siemoneit GmbH\"},\"image\":{\"@id\":\"https:\\\/\\\/siemoneit.de\\\/#\\\/schema\\\/logo\\\/image\\\/\"},\"sameAs\":[\"https:\\\/\\\/www.facebook.com\\\/siemoneit.racing\",\"https:\\\/\\\/www.instagram.com\\\/siemoneit_racing\\\/\"]}]}<\/script>\n<!-- \/ Yoast SEO plugin. -->","yoast_head_json":{"title":"Salida turbo para EA888G3 - Siemoneit GmbH","robots":{"index":"index","follow":"follow","max-snippet":"max-snippet:-1","max-image-preview":"max-image-preview:large","max-video-preview":"max-video-preview:-1"},"canonical":"https:\/\/siemoneit.de\/es\/tienda\/salida-turbo-para-ea888g3\/","og_locale":"es_ES","og_type":"article","og_title":"Turbo-Outlet f\u00fcr EA888G3 - Siemoneit GmbH","og_description":"Aufgrund der ver\u00e4nderten Bauform konnten wir mit unserem Outlet die Luftstr\u00f6mung am Turboladerausgang deutlich verbessern und die Verwirbelungen (wie beim Originalteil) massiv reduzieren. Das Ansprechverhalten und die Motorleistung werden sp\u00fcrbar verbessert. Die Montage ist &#8222;Plug and Play&#8220; und das Turbooutlet wird einfach gegen das Originalteil ersetzt. Passend f\u00fcr diese Modelle: Hersteller VW\u00a0\u00a0 \u00a0 \u00a0 \u00a0 ... Leer m\u00e1s","og_url":"https:\/\/siemoneit.de\/es\/tienda\/salida-turbo-para-ea888g3\/","og_site_name":"Siemoneit GmbH","article_publisher":"https:\/\/www.facebook.com\/siemoneit.racing","article_modified_time":"2023-06-24T18:14:31+00:00","og_image":[{"width":900,"height":599,"url":"https:\/\/siemoneit.de\/wp-content\/uploads\/2023\/05\/16901_65642.jpg","type":"image\/jpeg"}],"twitter_card":"summary_large_image","twitter_misc":{"Tiempo de lectura":"1 minuto"},"schema":{"@context":"https:\/\/schema.org","@graph":[{"@type":"WebPage","@id":"https:\/\/siemoneit.de\/shop\/turbo-outlet-fuer-ea888g3\/","url":"https:\/\/siemoneit.de\/shop\/turbo-outlet-fuer-ea888g3\/","name":"Salida turbo para EA888G3 - Siemoneit GmbH","isPartOf":{"@id":"https:\/\/siemoneit.de\/#website"},"primaryImageOfPage":{"@id":"https:\/\/siemoneit.de\/shop\/turbo-outlet-fuer-ea888g3\/#primaryimage"},"image":{"@id":"https:\/\/siemoneit.de\/shop\/turbo-outlet-fuer-ea888g3\/#primaryimage"},"thumbnailUrl":"https:\/\/siemoneit.de\/wp-content\/uploads\/2023\/05\/16901_65642.jpg","datePublished":"2023-06-24T15:12:28+00:00","dateModified":"2023-06-24T18:14:31+00:00","breadcrumb":{"@id":"https:\/\/siemoneit.de\/shop\/turbo-outlet-fuer-ea888g3\/#breadcrumb"},"inLanguage":"es","potentialAction":[{"@type":"ReadAction","target":["https:\/\/siemoneit.de\/shop\/turbo-outlet-fuer-ea888g3\/"]}]},{"@type":"ImageObject","inLanguage":"es","@id":"https:\/\/siemoneit.de\/shop\/turbo-outlet-fuer-ea888g3\/#primaryimage","url":"https:\/\/siemoneit.de\/wp-content\/uploads\/2023\/05\/16901_65642.jpg","contentUrl":"https:\/\/siemoneit.de\/wp-content\/uploads\/2023\/05\/16901_65642.jpg","width":900,"height":599},{"@type":"BreadcrumbList","@id":"https:\/\/siemoneit.de\/shop\/turbo-outlet-fuer-ea888g3\/#breadcrumb","itemListElement":[{"@type":"ListItem","position":1,"name":"Startseite","item":"https:\/\/siemoneit.de\/"},{"@type":"ListItem","position":2,"name":"Shop","item":"https:\/\/siemoneit.de\/shop\/"},{"@type":"ListItem","position":3,"name":"Turbo-Outlet f\u00fcr EA888G3"}]},{"@type":"WebSite","@id":"https:\/\/siemoneit.de\/#website","url":"https:\/\/siemoneit.de\/","name":"Siemoneit GmbH","description":"","publisher":{"@id":"https:\/\/siemoneit.de\/#organization"},"potentialAction":[{"@type":"SearchAction","target":{"@type":"EntryPoint","urlTemplate":"https:\/\/siemoneit.de\/?s={search_term_string}"},"query-input":{"@type":"PropertyValueSpecification","valueRequired":true,"valueName":"search_term_string"}}],"inLanguage":"es"},{"@type":"Organization","@id":"https:\/\/siemoneit.de\/#organization","name":"Siemoneit GmbH","url":"https:\/\/siemoneit.de\/","logo":{"@type":"ImageObject","inLanguage":"es","@id":"https:\/\/siemoneit.de\/#\/schema\/logo\/image\/","url":"https:\/\/siemoneit.de\/wp-content\/uploads\/2023\/04\/images-removebg-preview.png","contentUrl":"https:\/\/siemoneit.de\/wp-content\/uploads\/2023\/04\/images-removebg-preview.png","width":225,"height":225,"caption":"Siemoneit GmbH"},"image":{"@id":"https:\/\/siemoneit.de\/#\/schema\/logo\/image\/"},"sameAs":["https:\/\/www.facebook.com\/siemoneit.racing","https:\/\/www.instagram.com\/siemoneit_racing\/"]}]}},"_links":{"self":[{"href":"https:\/\/siemoneit.de\/es\/wp-json\/wp\/v2\/product\/3436","targetHints":{"allow":["GET"]}}],"collection":[{"href":"https:\/\/siemoneit.de\/es\/wp-json\/wp\/v2\/product"}],"about":[{"href":"https:\/\/siemoneit.de\/es\/wp-json\/wp\/v2\/types\/product"}],"wp:featuredmedia":[{"embeddable":true,"href":"https:\/\/siemoneit.de\/es\/wp-json\/wp\/v2\/media\/1437"}],"wp:attachment":[{"href":"https:\/\/siemoneit.de\/es\/wp-json\/wp\/v2\/media?parent=3436"}],"wp:term":[{"taxonomy":"product_brand","embeddable":true,"href":"https:\/\/siemoneit.de\/es\/wp-json\/wp\/v2\/product_brand?post=3436"},{"taxonomy":"product_cat","embeddable":true,"href":"https:\/\/siemoneit.de\/es\/wp-json\/wp\/v2\/product_cat?post=3436"},{"taxonomy":"product_tag","embeddable":true,"href":"https:\/\/siemoneit.de\/es\/wp-json\/wp\/v2\/product_tag?post=3436"}],"curies":[{"name":"wp","href":"https:\/\/api.w.org\/{rel}","templated":true}]}}