{"id":3422,"date":"2023-06-24T17:12:26","date_gmt":"2023-06-24T15:12:26","guid":{"rendered":"https:\/\/siemoneit.de\/produkt\/wagner-competition-ladeluftkuehler-kit-vag-18-20tsi\/"},"modified":"2023-06-24T20:14:32","modified_gmt":"2023-06-24T18:14:32","slug":"wagner-competition-kit-intercooler-vag-18-20tsi","status":"publish","type":"product","link":"https:\/\/siemoneit.de\/es\/tienda\/wagner-competition-kit-intercooler-vag-18-20tsi\/","title":{"rendered":"WAGNER Kit de intercooler de competici\u00f3n VAG 1.8-2.0TSI"},"content":{"rendered":"<p>Rendimiento a\u00f1adido al m\u00e1s alto nivel<\/p>\n<p>El intercooler de competici\u00f3n tiene las siguientes dimensiones netas (640 mm x 410 mm x 65 mm) y por lo tanto tiene un volumen de aire de carga externa de 17 litros (OEM 9 litros). La nueva malla de competici\u00f3n de alto rendimiento (aleta tubular) garantiza un flujo de aire suficiente a los componentes vecinos, como el enfriador de agua, y tambi\u00e9n es muy ligera. Como resultado, el intercooler tiene un peso total de s\u00f3lo 8,4 kg. Las cajas finales de aluminio fundido se crearon en CAD y se optimizaron para obtener el mejor flujo de aire interno posible con la ayuda de simulaciones CFD. Un conducto de aire integrado en la caja final permite un llenado homog\u00e9neo de la malla de alto rendimiento de competici\u00f3n. Las entradas y salidas del intercooler se han ampliado a \u00d8 70 mm, por lo que este kit viene con mangueras de silicona reforzadas. En general, este intercooler tiene mucha menos contrapresi\u00f3n que el intercooler de serie. Adem\u00e1s, todos nuestros intercoolers tienen un revestimiento anticorrosi\u00f3n con propiedades de conducci\u00f3n del calor. Esto garantiza una refrigeraci\u00f3n permanente y \u00f3ptima con un aumento significativo del rendimiento. La instalaci\u00f3n se lleva a cabo mediante la sustituci\u00f3n del enfriador de aire de sobrealimentaci\u00f3n OEM y es f\u00e1cil de realizar. Todos nuestros productos est\u00e1n sujetos a un control de calidad constante.<\/p>\n<p>El kit de intercooler WAGNERTUNING Competition para el motor VAG 1.8TSI - 2.0TSI es adecuado para los siguientes veh\u00edculos:<\/p>\n<p>- VW Golf 7 GTI 2.0 TSI 162CV\/220CV 169CV\/230CV<br \/>\n- VW Golf 7 R 2.0 TSI 221CV\/300CV<br \/>\n- Skoda Superb 3V 2.0TSI 162CV\/220CV<br \/>\n- Skoda Superb 3V 2.0TSI 206CV\/280CV<\/p>\n<p>Con otras modificaciones (ver notas) en el veh\u00edculo, tambi\u00e9n es adecuado para:<br \/>\n- Audi A3 8V 1.8TSI 132KW\/180CV*.<br \/>\n- Audi S3 8V 2.0TSI 221KW\/300CV*.<br \/>\n- Audi TT 8S 2.0TFSI 169 kW \/ 230 CV*.<br \/>\n- Audi TTS 8S 2.0TSI 228CV\/310CV*.<br \/>\n- Seat Le\u00f3n 5F Cupra 2.0TSI 206CW\/280CV*.<br \/>\n- Skoda Octavia 5E 1,8TSI 132CW\/180CV*.<br \/>\n- Skoda Octavia 5E RS 2.0TSI 162CW\/220CV*.<\/p>\n<p>Volumen de suministro:<br \/>\n1 intercooler<br \/>\n2 mangueras de silicona<br \/>\n2 abrazaderas de manguera<br \/>\n1 Material de fijaci\u00f3n<br \/>\n1 Instrucciones de montaje<\/p>\n<p>No autorizada en la zona STVO.<\/p>","protected":false},"excerpt":{"rendered":"<p>Mehrleistung auf h\u00f6chstem Niveau Der Competition Ladeluftk\u00fchler hat folgende Netzabma\u00dfe (640mm x 410mm x 65mm) und besitzt somit 17 Liter \u00e4u\u00dferes Ladeluftvolumen (OEM 9 Liter). Das neuentwickelte Competition-Hochleistungsnetz (Tube Fin) gew\u00e4hrt den angrenzenden Bauteilen, wie z.B. dem Wasserk\u00fchler, noch gen\u00fcgend Luftstrom und ist zudem noch sehr leicht. Der Ladeluftk\u00fchler besitzt dadurch ein Gesamtgewicht von nur &#8230; <a title=\"WAGNER Kit de intercooler de competici\u00f3n VAG 1.8-2.0TSI\" class=\"read-more\" href=\"https:\/\/siemoneit.de\/es\/tienda\/wagner-competition-kit-intercooler-vag-18-20tsi\/\" aria-label=\"Leer m\u00e1s sobre WAGNER Competition Ladeluftk\u00fchler Kit VAG 1,8-2,0TSI\">Vaciar m\u00e1s<\/a><\/p>","protected":false},"featured_media":1496,"template":"","meta":{"_acf_changed":false},"product_brand":[],"product_cat":[171,177],"product_tag":[],"class_list":{"0":"post-3422","1":"product","2":"type-product","3":"status-publish","4":"has-post-thumbnail","6":"product_cat-ladeluftkuehler","7":"product_cat-tuning","9":"first","10":"instock","11":"taxable","12":"shipping-taxable","13":"product-type-simple"},"acf":[],"yoast_head":"<!-- This site is optimized with the Yoast SEO plugin v27.4 - https:\/\/yoast.com\/product\/yoast-seo-wordpress\/ -->\n<title>WAGNER Competition Ladeluftk\u00fchler Kit VAG 1,8-2,0TSI - Siemoneit GmbH<\/title>\n<meta name=\"robots\" content=\"index, follow, max-snippet:-1, max-image-preview:large, max-video-preview:-1\" \/>\n<link rel=\"canonical\" href=\"https:\/\/siemoneit.de\/es\/tienda\/wagner-competition-kit-intercooler-vag-18-20tsi\/\" \/>\n<meta property=\"og:locale\" content=\"es_ES\" \/>\n<meta property=\"og:type\" content=\"article\" \/>\n<meta property=\"og:title\" content=\"WAGNER Competition Ladeluftk\u00fchler Kit VAG 1,8-2,0TSI - Siemoneit GmbH\" \/>\n<meta property=\"og:description\" content=\"Mehrleistung auf h\u00f6chstem Niveau Der Competition Ladeluftk\u00fchler hat folgende Netzabma\u00dfe (640mm x 410mm x 65mm) und besitzt somit 17 Liter \u00e4u\u00dferes Ladeluftvolumen (OEM 9 Liter). Das neuentwickelte Competition-Hochleistungsnetz (Tube Fin) gew\u00e4hrt den angrenzenden Bauteilen, wie z.B. dem Wasserk\u00fchler, noch gen\u00fcgend Luftstrom und ist zudem noch sehr leicht. Der Ladeluftk\u00fchler besitzt dadurch ein Gesamtgewicht von nur ... Leer m\u00e1s\" \/>\n<meta property=\"og:url\" content=\"https:\/\/siemoneit.de\/es\/tienda\/wagner-competition-kit-intercooler-vag-18-20tsi\/\" \/>\n<meta property=\"og:site_name\" content=\"Siemoneit GmbH\" \/>\n<meta property=\"article:publisher\" content=\"https:\/\/www.facebook.com\/siemoneit.racing\" \/>\n<meta property=\"article:modified_time\" content=\"2023-06-24T18:14:32+00:00\" \/>\n<meta property=\"og:image\" content=\"https:\/\/siemoneit.de\/wp-content\/uploads\/2023\/05\/9470_96395.jpeg\" \/>\n\t<meta property=\"og:image:width\" content=\"600\" \/>\n\t<meta property=\"og:image:height\" content=\"464\" \/>\n\t<meta property=\"og:image:type\" content=\"image\/jpeg\" \/>\n<meta name=\"twitter:card\" content=\"summary_large_image\" \/>\n<meta name=\"twitter:label1\" content=\"Tiempo de lectura\" \/>\n\t<meta name=\"twitter:data1\" content=\"2 minutos\" \/>\n<script type=\"application\/ld+json\" class=\"yoast-schema-graph\">{\"@context\":\"https:\\\/\\\/schema.org\",\"@graph\":[{\"@type\":\"WebPage\",\"@id\":\"https:\\\/\\\/siemoneit.de\\\/shop\\\/wagner-competition-ladeluftkuehler-kit-vag-18-20tsi\\\/\",\"url\":\"https:\\\/\\\/siemoneit.de\\\/shop\\\/wagner-competition-ladeluftkuehler-kit-vag-18-20tsi\\\/\",\"name\":\"WAGNER Competition Ladeluftk\u00fchler Kit VAG 1,8-2,0TSI - Siemoneit GmbH\",\"isPartOf\":{\"@id\":\"https:\\\/\\\/siemoneit.de\\\/#website\"},\"primaryImageOfPage\":{\"@id\":\"https:\\\/\\\/siemoneit.de\\\/shop\\\/wagner-competition-ladeluftkuehler-kit-vag-18-20tsi\\\/#primaryimage\"},\"image\":{\"@id\":\"https:\\\/\\\/siemoneit.de\\\/shop\\\/wagner-competition-ladeluftkuehler-kit-vag-18-20tsi\\\/#primaryimage\"},\"thumbnailUrl\":\"https:\\\/\\\/siemoneit.de\\\/wp-content\\\/uploads\\\/2023\\\/05\\\/9470_96395.jpeg\",\"datePublished\":\"2023-06-24T15:12:26+00:00\",\"dateModified\":\"2023-06-24T18:14:32+00:00\",\"breadcrumb\":{\"@id\":\"https:\\\/\\\/siemoneit.de\\\/shop\\\/wagner-competition-ladeluftkuehler-kit-vag-18-20tsi\\\/#breadcrumb\"},\"inLanguage\":\"es\",\"potentialAction\":[{\"@type\":\"ReadAction\",\"target\":[\"https:\\\/\\\/siemoneit.de\\\/shop\\\/wagner-competition-ladeluftkuehler-kit-vag-18-20tsi\\\/\"]}]},{\"@type\":\"ImageObject\",\"inLanguage\":\"es\",\"@id\":\"https:\\\/\\\/siemoneit.de\\\/shop\\\/wagner-competition-ladeluftkuehler-kit-vag-18-20tsi\\\/#primaryimage\",\"url\":\"https:\\\/\\\/siemoneit.de\\\/wp-content\\\/uploads\\\/2023\\\/05\\\/9470_96395.jpeg\",\"contentUrl\":\"https:\\\/\\\/siemoneit.de\\\/wp-content\\\/uploads\\\/2023\\\/05\\\/9470_96395.jpeg\",\"width\":600,\"height\":464},{\"@type\":\"BreadcrumbList\",\"@id\":\"https:\\\/\\\/siemoneit.de\\\/shop\\\/wagner-competition-ladeluftkuehler-kit-vag-18-20tsi\\\/#breadcrumb\",\"itemListElement\":[{\"@type\":\"ListItem\",\"position\":1,\"name\":\"Startseite\",\"item\":\"https:\\\/\\\/siemoneit.de\\\/\"},{\"@type\":\"ListItem\",\"position\":2,\"name\":\"Shop\",\"item\":\"https:\\\/\\\/siemoneit.de\\\/shop\\\/\"},{\"@type\":\"ListItem\",\"position\":3,\"name\":\"WAGNER Competition Ladeluftk\u00fchler Kit VAG 1,8-2,0TSI\"}]},{\"@type\":\"WebSite\",\"@id\":\"https:\\\/\\\/siemoneit.de\\\/#website\",\"url\":\"https:\\\/\\\/siemoneit.de\\\/\",\"name\":\"Siemoneit GmbH\",\"description\":\"\",\"publisher\":{\"@id\":\"https:\\\/\\\/siemoneit.de\\\/#organization\"},\"potentialAction\":[{\"@type\":\"SearchAction\",\"target\":{\"@type\":\"EntryPoint\",\"urlTemplate\":\"https:\\\/\\\/siemoneit.de\\\/?s={search_term_string}\"},\"query-input\":{\"@type\":\"PropertyValueSpecification\",\"valueRequired\":true,\"valueName\":\"search_term_string\"}}],\"inLanguage\":\"es\"},{\"@type\":\"Organization\",\"@id\":\"https:\\\/\\\/siemoneit.de\\\/#organization\",\"name\":\"Siemoneit GmbH\",\"url\":\"https:\\\/\\\/siemoneit.de\\\/\",\"logo\":{\"@type\":\"ImageObject\",\"inLanguage\":\"es\",\"@id\":\"https:\\\/\\\/siemoneit.de\\\/#\\\/schema\\\/logo\\\/image\\\/\",\"url\":\"https:\\\/\\\/siemoneit.de\\\/wp-content\\\/uploads\\\/2023\\\/04\\\/images-removebg-preview.png\",\"contentUrl\":\"https:\\\/\\\/siemoneit.de\\\/wp-content\\\/uploads\\\/2023\\\/04\\\/images-removebg-preview.png\",\"width\":225,\"height\":225,\"caption\":\"Siemoneit GmbH\"},\"image\":{\"@id\":\"https:\\\/\\\/siemoneit.de\\\/#\\\/schema\\\/logo\\\/image\\\/\"},\"sameAs\":[\"https:\\\/\\\/www.facebook.com\\\/siemoneit.racing\",\"https:\\\/\\\/www.instagram.com\\\/siemoneit_racing\\\/\"]}]}<\/script>\n<!-- \/ Yoast SEO plugin. -->","yoast_head_json":{"title":"WAGNER Kit de intercooler de competici\u00f3n VAG 1.8-2.0TSI - Siemoneit GmbH","robots":{"index":"index","follow":"follow","max-snippet":"max-snippet:-1","max-image-preview":"max-image-preview:large","max-video-preview":"max-video-preview:-1"},"canonical":"https:\/\/siemoneit.de\/es\/tienda\/wagner-competition-kit-intercooler-vag-18-20tsi\/","og_locale":"es_ES","og_type":"article","og_title":"WAGNER Competition Ladeluftk\u00fchler Kit VAG 1,8-2,0TSI - Siemoneit GmbH","og_description":"Mehrleistung auf h\u00f6chstem Niveau Der Competition Ladeluftk\u00fchler hat folgende Netzabma\u00dfe (640mm x 410mm x 65mm) und besitzt somit 17 Liter \u00e4u\u00dferes Ladeluftvolumen (OEM 9 Liter). Das neuentwickelte Competition-Hochleistungsnetz (Tube Fin) gew\u00e4hrt den angrenzenden Bauteilen, wie z.B. dem Wasserk\u00fchler, noch gen\u00fcgend Luftstrom und ist zudem noch sehr leicht. Der Ladeluftk\u00fchler besitzt dadurch ein Gesamtgewicht von nur ... Leer m\u00e1s","og_url":"https:\/\/siemoneit.de\/es\/tienda\/wagner-competition-kit-intercooler-vag-18-20tsi\/","og_site_name":"Siemoneit GmbH","article_publisher":"https:\/\/www.facebook.com\/siemoneit.racing","article_modified_time":"2023-06-24T18:14:32+00:00","og_image":[{"width":600,"height":464,"url":"https:\/\/siemoneit.de\/wp-content\/uploads\/2023\/05\/9470_96395.jpeg","type":"image\/jpeg"}],"twitter_card":"summary_large_image","twitter_misc":{"Tiempo de lectura":"2 minutos"},"schema":{"@context":"https:\/\/schema.org","@graph":[{"@type":"WebPage","@id":"https:\/\/siemoneit.de\/shop\/wagner-competition-ladeluftkuehler-kit-vag-18-20tsi\/","url":"https:\/\/siemoneit.de\/shop\/wagner-competition-ladeluftkuehler-kit-vag-18-20tsi\/","name":"WAGNER Kit de intercooler de competici\u00f3n VAG 1.8-2.0TSI - Siemoneit GmbH","isPartOf":{"@id":"https:\/\/siemoneit.de\/#website"},"primaryImageOfPage":{"@id":"https:\/\/siemoneit.de\/shop\/wagner-competition-ladeluftkuehler-kit-vag-18-20tsi\/#primaryimage"},"image":{"@id":"https:\/\/siemoneit.de\/shop\/wagner-competition-ladeluftkuehler-kit-vag-18-20tsi\/#primaryimage"},"thumbnailUrl":"https:\/\/siemoneit.de\/wp-content\/uploads\/2023\/05\/9470_96395.jpeg","datePublished":"2023-06-24T15:12:26+00:00","dateModified":"2023-06-24T18:14:32+00:00","breadcrumb":{"@id":"https:\/\/siemoneit.de\/shop\/wagner-competition-ladeluftkuehler-kit-vag-18-20tsi\/#breadcrumb"},"inLanguage":"es","potentialAction":[{"@type":"ReadAction","target":["https:\/\/siemoneit.de\/shop\/wagner-competition-ladeluftkuehler-kit-vag-18-20tsi\/"]}]},{"@type":"ImageObject","inLanguage":"es","@id":"https:\/\/siemoneit.de\/shop\/wagner-competition-ladeluftkuehler-kit-vag-18-20tsi\/#primaryimage","url":"https:\/\/siemoneit.de\/wp-content\/uploads\/2023\/05\/9470_96395.jpeg","contentUrl":"https:\/\/siemoneit.de\/wp-content\/uploads\/2023\/05\/9470_96395.jpeg","width":600,"height":464},{"@type":"BreadcrumbList","@id":"https:\/\/siemoneit.de\/shop\/wagner-competition-ladeluftkuehler-kit-vag-18-20tsi\/#breadcrumb","itemListElement":[{"@type":"ListItem","position":1,"name":"Startseite","item":"https:\/\/siemoneit.de\/"},{"@type":"ListItem","position":2,"name":"Shop","item":"https:\/\/siemoneit.de\/shop\/"},{"@type":"ListItem","position":3,"name":"WAGNER Competition Ladeluftk\u00fchler Kit VAG 1,8-2,0TSI"}]},{"@type":"WebSite","@id":"https:\/\/siemoneit.de\/#website","url":"https:\/\/siemoneit.de\/","name":"Siemoneit GmbH","description":"","publisher":{"@id":"https:\/\/siemoneit.de\/#organization"},"potentialAction":[{"@type":"SearchAction","target":{"@type":"EntryPoint","urlTemplate":"https:\/\/siemoneit.de\/?s={search_term_string}"},"query-input":{"@type":"PropertyValueSpecification","valueRequired":true,"valueName":"search_term_string"}}],"inLanguage":"es"},{"@type":"Organization","@id":"https:\/\/siemoneit.de\/#organization","name":"Siemoneit GmbH","url":"https:\/\/siemoneit.de\/","logo":{"@type":"ImageObject","inLanguage":"es","@id":"https:\/\/siemoneit.de\/#\/schema\/logo\/image\/","url":"https:\/\/siemoneit.de\/wp-content\/uploads\/2023\/04\/images-removebg-preview.png","contentUrl":"https:\/\/siemoneit.de\/wp-content\/uploads\/2023\/04\/images-removebg-preview.png","width":225,"height":225,"caption":"Siemoneit GmbH"},"image":{"@id":"https:\/\/siemoneit.de\/#\/schema\/logo\/image\/"},"sameAs":["https:\/\/www.facebook.com\/siemoneit.racing","https:\/\/www.instagram.com\/siemoneit_racing\/"]}]}},"_links":{"self":[{"href":"https:\/\/siemoneit.de\/es\/wp-json\/wp\/v2\/product\/3422","targetHints":{"allow":["GET"]}}],"collection":[{"href":"https:\/\/siemoneit.de\/es\/wp-json\/wp\/v2\/product"}],"about":[{"href":"https:\/\/siemoneit.de\/es\/wp-json\/wp\/v2\/types\/product"}],"wp:featuredmedia":[{"embeddable":true,"href":"https:\/\/siemoneit.de\/es\/wp-json\/wp\/v2\/media\/1496"}],"wp:attachment":[{"href":"https:\/\/siemoneit.de\/es\/wp-json\/wp\/v2\/media?parent=3422"}],"wp:term":[{"taxonomy":"product_brand","embeddable":true,"href":"https:\/\/siemoneit.de\/es\/wp-json\/wp\/v2\/product_brand?post=3422"},{"taxonomy":"product_cat","embeddable":true,"href":"https:\/\/siemoneit.de\/es\/wp-json\/wp\/v2\/product_cat?post=3422"},{"taxonomy":"product_tag","embeddable":true,"href":"https:\/\/siemoneit.de\/es\/wp-json\/wp\/v2\/product_tag?post=3422"}],"curies":[{"name":"wp","href":"https:\/\/api.w.org\/{rel}","templated":true}]}}