{"id":931,"date":"2023-04-28T18:41:24","date_gmt":"2023-04-28T16:41:24","guid":{"rendered":"https:\/\/siemoneit.de\/?page_id=931"},"modified":"2023-06-17T12:02:02","modified_gmt":"2023-06-17T10:02:02","slug":"copyright","status":"publish","type":"page","link":"https:\/\/siemoneit.de\/es\/copyright\/","title":{"rendered":"Copyright"},"content":{"rendered":"\t\t<div data-elementor-type=\"wp-page\" data-elementor-id=\"931\" class=\"elementor elementor-931\" data-elementor-post-type=\"page\">\n\t\t\t\t<div class=\"elementor-element elementor-element-356f834 main_image e-flex e-con-boxed e-con e-parent\" data-id=\"356f834\" data-element_type=\"container\" data-e-type=\"container\">\n\t\t\t\t\t<div class=\"e-con-inner\">\n\t\t<div class=\"elementor-element elementor-element-f13ea36 e-con-full e-flex e-con e-child\" data-id=\"f13ea36\" data-element_type=\"container\" data-e-type=\"container\" data-settings=\"{&quot;background_background&quot;:&quot;classic&quot;}\">\n\t\t\t\t<div class=\"elementor-element elementor-element-2b5d15d elementor-widget__width-inherit elementor-widget elementor-widget-heading\" data-id=\"2b5d15d\" data-element_type=\"widget\" data-e-type=\"widget\" data-settings=\"{&quot;motion_fx_motion_fx_scrolling&quot;:&quot;yes&quot;,&quot;motion_fx_devices&quot;:[&quot;desktop&quot;,&quot;tablet&quot;,&quot;mobile&quot;]}\" data-widget_type=\"heading.default\">\n\t\t\t\t<div class=\"elementor-widget-container\">\n\t\t\t\t\t<h1 class=\"elementor-heading-title elementor-size-default\">Urheberrecht<\/h1>\t\t\t\t<\/div>\n\t\t\t\t<\/div>\n\t\t\t\t<\/div>\n\t\t\t\t\t<\/div>\n\t\t\t\t<\/div>\n\t\t<div class=\"elementor-element elementor-element-f106f92 e-flex e-con-boxed e-con e-parent\" data-id=\"f106f92\" data-element_type=\"container\" data-e-type=\"container\" data-settings=\"{&quot;background_background&quot;:&quot;classic&quot;}\">\n\t\t\t\t\t<div class=\"e-con-inner\">\n\t\t<div class=\"elementor-element elementor-element-8830c13 e-transform e-flex e-con-boxed e-con e-child\" data-id=\"8830c13\" data-element_type=\"container\" data-e-type=\"container\" data-settings=\"{&quot;_transform_translateX_effect&quot;:{&quot;unit&quot;:&quot;px&quot;,&quot;size&quot;:&quot;&quot;,&quot;sizes&quot;:[]},&quot;_transform_translateX_effect_tablet&quot;:{&quot;unit&quot;:&quot;px&quot;,&quot;size&quot;:&quot;&quot;,&quot;sizes&quot;:[]},&quot;_transform_translateX_effect_mobile&quot;:{&quot;unit&quot;:&quot;px&quot;,&quot;size&quot;:&quot;&quot;,&quot;sizes&quot;:[]},&quot;_transform_translateY_effect&quot;:{&quot;unit&quot;:&quot;px&quot;,&quot;size&quot;:&quot;&quot;,&quot;sizes&quot;:[]},&quot;_transform_translateY_effect_tablet&quot;:{&quot;unit&quot;:&quot;px&quot;,&quot;size&quot;:&quot;&quot;,&quot;sizes&quot;:[]},&quot;_transform_translateY_effect_mobile&quot;:{&quot;unit&quot;:&quot;px&quot;,&quot;size&quot;:&quot;&quot;,&quot;sizes&quot;:[]}}\">\n\t\t\t\t\t<div class=\"e-con-inner\">\n\t\t\t\t<div class=\"elementor-element elementor-element-f457471 elementor-widget__width-initial elementor-widget-mobile__width-auto elementor-widget-divider--view-line elementor-widget elementor-widget-divider\" data-id=\"f457471\" data-element_type=\"widget\" data-e-type=\"widget\" data-widget_type=\"divider.default\">\n\t\t\t\t<div class=\"elementor-widget-container\">\n\t\t\t\t\t\t\t<div class=\"elementor-divider\">\n\t\t\t<span class=\"elementor-divider-separator\">\n\t\t\t\t\t\t<\/span>\n\t\t<\/div>\n\t\t\t\t\t\t<\/div>\n\t\t\t\t<\/div>\n\t\t\t\t<div class=\"elementor-element elementor-element-94a9d9d elementor-widget__width-initial elementor-widget-mobile__width-auto elementor-widget-divider--view-line elementor-widget elementor-widget-divider\" data-id=\"94a9d9d\" data-element_type=\"widget\" data-e-type=\"widget\" data-widget_type=\"divider.default\">\n\t\t\t\t<div class=\"elementor-widget-container\">\n\t\t\t\t\t\t\t<div class=\"elementor-divider\">\n\t\t\t<span class=\"elementor-divider-separator\">\n\t\t\t\t\t\t<\/span>\n\t\t<\/div>\n\t\t\t\t\t\t<\/div>\n\t\t\t\t<\/div>\n\t\t\t\t<div class=\"elementor-element elementor-element-b27453a elementor-widget__width-auto elementor-widget-mobile__width-inherit elementor-widget elementor-widget-heading\" data-id=\"b27453a\" data-element_type=\"widget\" data-e-type=\"widget\" data-widget_type=\"heading.default\">\n\t\t\t\t<div class=\"elementor-widget-container\">\n\t\t\t\t\t<h2 class=\"elementor-heading-title elementor-size-default\">EIGENTUMSVORBEHALT INFORMATION<\/h2>\t\t\t\t<\/div>\n\t\t\t\t<\/div>\n\t\t\t\t<div class=\"elementor-element elementor-element-3a85823 elementor-widget elementor-widget-text-editor\" data-id=\"3a85823\" data-element_type=\"widget\" data-e-type=\"widget\" data-widget_type=\"text-editor.default\">\n\t\t\t\t<div class=\"elementor-widget-container\">\n\t\t\t\t\t\t\t\t\t<div class=\"serviceTextList\"><p>Die Bezeichnung &#8222;SIEMONEIT&#8220;, und der Markenname &#8222;SIEMONEIT&#8220; sowie das &#8222;SIEMONEIT-Logo&#8220; sind eingetragene Marken der Siemoneit GmbH (nachfolgend &#8222;SIEMONEIT&#8220;). SIEMONEIT ist ferner Inhaberin zahlreicher anderer Marken und Schutzrechte. Alle Texte, Bilder, Dateien, Graphiken und Animationsdateien sind urheberrechtlich gesch\u00fctzt und\/oder unterliegen anderweitigen Gesetzen zum Schutz des geistigen Eigentums. Die Verwendung dieser f\u00fcr gewerbliche Zwecke oder zur Weitergabe, eine Ver\u00e4nderung oder die Verwertung auf anderen Internetseiten, insbesondere die Reproduktion oder Wiedergabe von Texten, Bildern, Dateien im Ganzen oder in Teilen, ist ohne unsere schriftliche Genehmigung nicht zul\u00e4ssig. S\u00e4mtliche Verletzungen unserer Rechte werden rechtlich verfolgt.<\/p><p>Sofern unsere Seiten Links zu anderen Internetseiten enthalten, \u00fcbernimmt SIEMONEIT f\u00fcr die Inhalte dieser Seiten keine Verantwortung und keine Haftung. F\u00fcr die Richtigkeit und Vollst\u00e4ndigkeit der dort angebotenen Inhalte und Informationen wird dar\u00fcber hinaus keine Gew\u00e4hr \u00fcbernommen. Dies gilt auch f\u00fcr Links von und zu den eigenverantwortlichen SIEMONEIT-H\u00e4ndlern oder SIEMONEIT-Importeuren.<\/p><hr \/><p>Europ\u00e4ische Online-Plattform zur au\u00dfergerichtlichen Streitbeilegung (OS-Plattform):<\/p><p><em>Die Europ\u00e4ische Kommission stellt entsprechend Art. 14 Abs. 1 der Verordnung (EU) Nr. 524\/2013 \u00fcber die<\/em><\/p><p><em>Online-Streitbeilegung in Verbraucherangelegenheiten [ODR-VO] eine Plattform zur Online-Streitbeilegung (OS) bereit.<\/em><\/p><p><em>Diese k\u00f6nnen Sie unter folgendem Link finden:\u00a0<a href=\"https:\/\/ec.europa.eu\/consumers\/odr\/main\/index.cfm?event=main.home.chooseLanguage\">https:\/\/ec.europa.eu\/consumers\/odr\/main\/index.cfm?event=main.home.chooseLanguage<\/a>.<\/em><\/p><p><em>Unsere E-Mail-Adresse ist info@siemoneit.de<\/em><\/p><\/div>\t\t\t\t\t\t\t\t<\/div>\n\t\t\t\t<\/div>\n\t\t\t\t\t<\/div>\n\t\t\t\t<\/div>\n\t\t\t\t\t<\/div>\n\t\t\t\t<\/div>\n\t\t\t\t<\/div>\n\t\t","protected":false},"excerpt":{"rendered":"<p>Copyright INFORMACI\u00d3N DE PROPIEDAD La designaci\u00f3n \u201eSIEMONEIT\u201c, la marca \u201eSIEMONEIT\u201c y el \u201elogotipo SIEMONEIT\u201c son marcas registradas de Siemoneit GmbH (en adelante \u201eSIEMONEIT\u201c). SIEMONEIT es asimismo titular de otras numerosas marcas y derechos de propiedad industrial. Todos los textos, im\u00e1genes, archivos, gr\u00e1ficos y archivos de animaci\u00f3n est\u00e1n protegidos por derechos de autor y\/o est\u00e1n sujetos a otras leyes de protecci\u00f3n de la propiedad intelectual. El uso de los mismos con fines comerciales ... <a title=\"Copyright\" class=\"read-more\" href=\"https:\/\/siemoneit.de\/es\/copyright\/\" aria-label=\"Leer m\u00e1s sobre Derechos de autor\">Vaciar m\u00e1s<\/a><\/p>","protected":false},"author":1,"featured_media":0,"parent":0,"menu_order":0,"comment_status":"closed","ping_status":"closed","template":"","meta":{"_acf_changed":false,"footnotes":""},"class_list":["post-931","page","type-page","status-publish"],"acf":[],"yoast_head":"<!-- This site is optimized with the Yoast SEO plugin v27.4 - https:\/\/yoast.com\/product\/yoast-seo-wordpress\/ -->\n<title>Urheberrecht - Siemoneit GmbH<\/title>\n<meta name=\"robots\" content=\"index, follow, max-snippet:-1, max-image-preview:large, max-video-preview:-1\" \/>\n<link rel=\"canonical\" href=\"https:\/\/siemoneit.de\/es\/copyright\/\" \/>\n<meta property=\"og:locale\" content=\"es_ES\" \/>\n<meta property=\"og:type\" content=\"article\" \/>\n<meta property=\"og:title\" content=\"Urheberrecht - Siemoneit GmbH\" \/>\n<meta property=\"og:description\" content=\"Urheberrecht EIGENTUMSVORBEHALT INFORMATION Die Bezeichnung &#8222;SIEMONEIT&#8220;, und der Markenname &#8222;SIEMONEIT&#8220; sowie das &#8222;SIEMONEIT-Logo&#8220; sind eingetragene Marken der Siemoneit GmbH (nachfolgend &#8222;SIEMONEIT&#8220;). SIEMONEIT ist ferner Inhaberin zahlreicher anderer Marken und Schutzrechte. Alle Texte, Bilder, Dateien, Graphiken und Animationsdateien sind urheberrechtlich gesch\u00fctzt und\/oder unterliegen anderweitigen Gesetzen zum Schutz des geistigen Eigentums. Die Verwendung dieser f\u00fcr gewerbliche Zwecke ... Leer m\u00e1s\" \/>\n<meta property=\"og:url\" content=\"https:\/\/siemoneit.de\/es\/copyright\/\" \/>\n<meta property=\"og:site_name\" content=\"Siemoneit GmbH\" \/>\n<meta property=\"article:publisher\" content=\"https:\/\/www.facebook.com\/siemoneit.racing\" \/>\n<meta property=\"article:modified_time\" content=\"2023-06-17T10:02:02+00:00\" \/>\n<meta name=\"twitter:card\" content=\"summary_large_image\" \/>\n<meta name=\"twitter:label1\" content=\"Tiempo de lectura\" \/>\n\t<meta name=\"twitter:data1\" content=\"2 minutos\" \/>\n<script type=\"application\/ld+json\" class=\"yoast-schema-graph\">{\"@context\":\"https:\\\/\\\/schema.org\",\"@graph\":[{\"@type\":\"WebPage\",\"@id\":\"https:\\\/\\\/siemoneit.de\\\/urheberrecht\\\/\",\"url\":\"https:\\\/\\\/siemoneit.de\\\/urheberrecht\\\/\",\"name\":\"Urheberrecht - Siemoneit GmbH\",\"isPartOf\":{\"@id\":\"https:\\\/\\\/siemoneit.de\\\/#website\"},\"datePublished\":\"2023-04-28T16:41:24+00:00\",\"dateModified\":\"2023-06-17T10:02:02+00:00\",\"breadcrumb\":{\"@id\":\"https:\\\/\\\/siemoneit.de\\\/urheberrecht\\\/#breadcrumb\"},\"inLanguage\":\"es\",\"potentialAction\":[{\"@type\":\"ReadAction\",\"target\":[\"https:\\\/\\\/siemoneit.de\\\/urheberrecht\\\/\"]}]},{\"@type\":\"BreadcrumbList\",\"@id\":\"https:\\\/\\\/siemoneit.de\\\/urheberrecht\\\/#breadcrumb\",\"itemListElement\":[{\"@type\":\"ListItem\",\"position\":1,\"name\":\"Startseite\",\"item\":\"https:\\\/\\\/siemoneit.de\\\/\"},{\"@type\":\"ListItem\",\"position\":2,\"name\":\"Urheberrecht\"}]},{\"@type\":\"WebSite\",\"@id\":\"https:\\\/\\\/siemoneit.de\\\/#website\",\"url\":\"https:\\\/\\\/siemoneit.de\\\/\",\"name\":\"Siemoneit GmbH\",\"description\":\"\",\"publisher\":{\"@id\":\"https:\\\/\\\/siemoneit.de\\\/#organization\"},\"potentialAction\":[{\"@type\":\"SearchAction\",\"target\":{\"@type\":\"EntryPoint\",\"urlTemplate\":\"https:\\\/\\\/siemoneit.de\\\/?s={search_term_string}\"},\"query-input\":{\"@type\":\"PropertyValueSpecification\",\"valueRequired\":true,\"valueName\":\"search_term_string\"}}],\"inLanguage\":\"es\"},{\"@type\":\"Organization\",\"@id\":\"https:\\\/\\\/siemoneit.de\\\/#organization\",\"name\":\"Siemoneit GmbH\",\"url\":\"https:\\\/\\\/siemoneit.de\\\/\",\"logo\":{\"@type\":\"ImageObject\",\"inLanguage\":\"es\",\"@id\":\"https:\\\/\\\/siemoneit.de\\\/#\\\/schema\\\/logo\\\/image\\\/\",\"url\":\"https:\\\/\\\/siemoneit.de\\\/wp-content\\\/uploads\\\/2023\\\/04\\\/images-removebg-preview.png\",\"contentUrl\":\"https:\\\/\\\/siemoneit.de\\\/wp-content\\\/uploads\\\/2023\\\/04\\\/images-removebg-preview.png\",\"width\":225,\"height\":225,\"caption\":\"Siemoneit GmbH\"},\"image\":{\"@id\":\"https:\\\/\\\/siemoneit.de\\\/#\\\/schema\\\/logo\\\/image\\\/\"},\"sameAs\":[\"https:\\\/\\\/www.facebook.com\\\/siemoneit.racing\",\"https:\\\/\\\/www.instagram.com\\\/siemoneit_racing\\\/\"]}]}<\/script>\n<!-- \/ Yoast SEO plugin. -->","yoast_head_json":{"title":"Derechos de autor - Siemoneit GmbH","robots":{"index":"index","follow":"follow","max-snippet":"max-snippet:-1","max-image-preview":"max-image-preview:large","max-video-preview":"max-video-preview:-1"},"canonical":"https:\/\/siemoneit.de\/es\/copyright\/","og_locale":"es_ES","og_type":"article","og_title":"Urheberrecht - Siemoneit GmbH","og_description":"Urheberrecht EIGENTUMSVORBEHALT INFORMATION Die Bezeichnung &#8222;SIEMONEIT&#8220;, und der Markenname &#8222;SIEMONEIT&#8220; sowie das &#8222;SIEMONEIT-Logo&#8220; sind eingetragene Marken der Siemoneit GmbH (nachfolgend &#8222;SIEMONEIT&#8220;). SIEMONEIT ist ferner Inhaberin zahlreicher anderer Marken und Schutzrechte. Alle Texte, Bilder, Dateien, Graphiken und Animationsdateien sind urheberrechtlich gesch\u00fctzt und\/oder unterliegen anderweitigen Gesetzen zum Schutz des geistigen Eigentums. Die Verwendung dieser f\u00fcr gewerbliche Zwecke ... Leer m\u00e1s","og_url":"https:\/\/siemoneit.de\/es\/copyright\/","og_site_name":"Siemoneit GmbH","article_publisher":"https:\/\/www.facebook.com\/siemoneit.racing","article_modified_time":"2023-06-17T10:02:02+00:00","twitter_card":"summary_large_image","twitter_misc":{"Tiempo de lectura":"2 minutos"},"schema":{"@context":"https:\/\/schema.org","@graph":[{"@type":"WebPage","@id":"https:\/\/siemoneit.de\/urheberrecht\/","url":"https:\/\/siemoneit.de\/urheberrecht\/","name":"Derechos de autor - Siemoneit GmbH","isPartOf":{"@id":"https:\/\/siemoneit.de\/#website"},"datePublished":"2023-04-28T16:41:24+00:00","dateModified":"2023-06-17T10:02:02+00:00","breadcrumb":{"@id":"https:\/\/siemoneit.de\/urheberrecht\/#breadcrumb"},"inLanguage":"es","potentialAction":[{"@type":"ReadAction","target":["https:\/\/siemoneit.de\/urheberrecht\/"]}]},{"@type":"BreadcrumbList","@id":"https:\/\/siemoneit.de\/urheberrecht\/#breadcrumb","itemListElement":[{"@type":"ListItem","position":1,"name":"Startseite","item":"https:\/\/siemoneit.de\/"},{"@type":"ListItem","position":2,"name":"Urheberrecht"}]},{"@type":"WebSite","@id":"https:\/\/siemoneit.de\/#website","url":"https:\/\/siemoneit.de\/","name":"Siemoneit GmbH","description":"","publisher":{"@id":"https:\/\/siemoneit.de\/#organization"},"potentialAction":[{"@type":"SearchAction","target":{"@type":"EntryPoint","urlTemplate":"https:\/\/siemoneit.de\/?s={search_term_string}"},"query-input":{"@type":"PropertyValueSpecification","valueRequired":true,"valueName":"search_term_string"}}],"inLanguage":"es"},{"@type":"Organization","@id":"https:\/\/siemoneit.de\/#organization","name":"Siemoneit GmbH","url":"https:\/\/siemoneit.de\/","logo":{"@type":"ImageObject","inLanguage":"es","@id":"https:\/\/siemoneit.de\/#\/schema\/logo\/image\/","url":"https:\/\/siemoneit.de\/wp-content\/uploads\/2023\/04\/images-removebg-preview.png","contentUrl":"https:\/\/siemoneit.de\/wp-content\/uploads\/2023\/04\/images-removebg-preview.png","width":225,"height":225,"caption":"Siemoneit GmbH"},"image":{"@id":"https:\/\/siemoneit.de\/#\/schema\/logo\/image\/"},"sameAs":["https:\/\/www.facebook.com\/siemoneit.racing","https:\/\/www.instagram.com\/siemoneit_racing\/"]}]}},"_links":{"self":[{"href":"https:\/\/siemoneit.de\/es\/wp-json\/wp\/v2\/pages\/931","targetHints":{"allow":["GET"]}}],"collection":[{"href":"https:\/\/siemoneit.de\/es\/wp-json\/wp\/v2\/pages"}],"about":[{"href":"https:\/\/siemoneit.de\/es\/wp-json\/wp\/v2\/types\/page"}],"author":[{"embeddable":true,"href":"https:\/\/siemoneit.de\/es\/wp-json\/wp\/v2\/users\/1"}],"replies":[{"embeddable":true,"href":"https:\/\/siemoneit.de\/es\/wp-json\/wp\/v2\/comments?post=931"}],"version-history":[{"count":0,"href":"https:\/\/siemoneit.de\/es\/wp-json\/wp\/v2\/pages\/931\/revisions"}],"wp:attachment":[{"href":"https:\/\/siemoneit.de\/es\/wp-json\/wp\/v2\/media?parent=931"}],"curies":[{"name":"wp","href":"https:\/\/api.w.org\/{rel}","templated":true}]}}