{"id":632,"date":"2023-04-05T18:37:25","date_gmt":"2023-04-05T16:37:25","guid":{"rendered":"https:\/\/siemoneit.de\/?page_id=632"},"modified":"2025-07-10T17:40:51","modified_gmt":"2025-07-10T15:40:51","slug":"tecnologia-de-chasis","status":"publish","type":"page","link":"https:\/\/siemoneit.de\/es\/tecnologia-de-chasis\/","title":{"rendered":"Tecnolog\u00eda de chasis"},"content":{"rendered":"<h2>Tecnolog\u00eda de suspensi\u00f3n de KW Suspensions<\/h2>\n<p>Como punto de venta y servicio de KW Suspensions, tambi\u00e9n somos su socio competente en el campo de la tecnolog\u00eda de suspensi\u00f3n.<\/p>\n<p>Nuestro personal especializado ha sido especialmente formado por KW Suspensions y tambi\u00e9n cuenta con la experiencia necesaria en competici\u00f3n. Le ayudaremos a elegir la suspensi\u00f3n adecuada para su veh\u00edculo y sus necesidades. Estaremos encantados de mont\u00e1rsela y configurarla correctamente para que pueda disfrutar plenamente de la conducci\u00f3n en carretera.<\/p>\n<p>Dependiendo del \u00e1rea de aplicaci\u00f3n deseada, le ofrecemos la posibilidad de elegir entre muelles helicoidales y suspensiones coilover con diferentes variantes de amortiguaci\u00f3n.<\/p>\n<ul>\n<li>KW Variante 1 - 4<\/li>\n<li>KW Street Comfort<\/li>\n<li>KW DDC - Control Din\u00e1mico de la Amortiguaci\u00f3n (suspensi\u00f3n coilover con control electr\u00f3nico de la amortiguaci\u00f3n)<\/li>\n<li>KW HLS - Hydraulic Lift System (sistema de elevaci\u00f3n para subir y bajar veh\u00edculos rebajados)<\/li>\n<li>Suspensi\u00f3n KW Clubsport coilover<\/li>\n<li>Suspensi\u00f3n helicoidal KW Competition<\/li>\n<li>Muelles helicoidales KW<\/li>\n<\/ul>\n<p>Ya sea para carreras duras o para el uso diario en carretera, le ofrecemos suspensiones de alto rendimiento para una mayor deportividad, confort de marcha y aspecto del veh\u00edculo.<\/p>","protected":false},"excerpt":{"rendered":"<p>Tecnolog\u00eda de suspensi\u00f3n de KW Suspensions Como punto de venta y servicio de KW Suspensions, tambi\u00e9n somos su socio competente en el campo de la tecnolog\u00eda de suspensi\u00f3n. Nuestros especialistas han sido especialmente formados por KW Suspensions y tambi\u00e9n cuentan con la experiencia necesaria en competici\u00f3n. Le ayudaremos a elegir la suspensi\u00f3n adecuada para su veh\u00edculo y sus necesidades. ... <a title=\"Tecnolog\u00eda de chasis\" class=\"read-more\" href=\"https:\/\/siemoneit.de\/es\/tecnologia-de-chasis\/\" aria-label=\"Leer m\u00e1s sobre Tecnolog\u00eda de chasis\">Vaciar m\u00e1s<\/a><\/p>","protected":false},"author":1,"featured_media":855,"parent":0,"menu_order":0,"comment_status":"closed","ping_status":"closed","template":"leistungen-template.php","meta":{"_acf_changed":false,"footnotes":""},"class_list":["post-632","page","type-page","status-publish","has-post-thumbnail"],"acf":[],"yoast_head":"<!-- This site is optimized with the Yoast SEO plugin v26.6 - https:\/\/yoast.com\/wordpress\/plugins\/seo\/ -->\n<title>Fahrwerkstechnik - Siemoneit GmbH<\/title>\n<meta name=\"robots\" content=\"index, follow, max-snippet:-1, max-image-preview:large, max-video-preview:-1\" \/>\n<link rel=\"canonical\" href=\"https:\/\/siemoneit.de\/es\/tecnologia-de-chasis\/\" \/>\n<meta property=\"og:locale\" content=\"es_ES\" \/>\n<meta property=\"og:type\" content=\"article\" \/>\n<meta property=\"og:title\" content=\"Fahrwerkstechnik - Siemoneit GmbH\" \/>\n<meta property=\"og:description\" content=\"Fahrwekstechnik von KW Suspensions Als KW Suspensions Sales and Service Point stehen wir Ihnen auch im Bereich der Fahrwerkstechnik als kompetenter Partner zur Seite. Unser Fachpersonal wurde durch KW Suspensions speziell geschult und verf\u00fcgt zus\u00e4tzlich \u00fcber die notwendige Rennsporterfahrung. Wir helfen Ihnen bei der Auswahl des richtigen Fahrwerks, passend zu Ihrem Fahrzeug und Ihren Anspr\u00fcchen. ... Leer m\u00e1s\" \/>\n<meta property=\"og:url\" content=\"https:\/\/siemoneit.de\/es\/tecnologia-de-chasis\/\" \/>\n<meta property=\"og:site_name\" content=\"Siemoneit GmbH\" \/>\n<meta property=\"article:publisher\" content=\"https:\/\/www.facebook.com\/siemoneit.racing\" \/>\n<meta property=\"article:modified_time\" content=\"2025-07-10T15:40:51+00:00\" \/>\n<meta property=\"og:image\" content=\"https:\/\/siemoneit.de\/wp-content\/uploads\/2023\/04\/1570471378913_kwwebsite.jpg\" \/>\n\t<meta property=\"og:image:width\" content=\"1001\" \/>\n\t<meta property=\"og:image:height\" content=\"914\" \/>\n\t<meta property=\"og:image:type\" content=\"image\/jpeg\" \/>\n<meta name=\"twitter:card\" content=\"summary_large_image\" \/>\n<meta name=\"twitter:label1\" content=\"Tiempo de lectura\" \/>\n\t<meta name=\"twitter:data1\" content=\"2 minutos\" \/>\n<script type=\"application\/ld+json\" class=\"yoast-schema-graph\">{\"@context\":\"https:\/\/schema.org\",\"@graph\":[{\"@type\":\"WebPage\",\"@id\":\"https:\/\/siemoneit.de\/fahrwerkstechnik\/\",\"url\":\"https:\/\/siemoneit.de\/fahrwerkstechnik\/\",\"name\":\"Fahrwerkstechnik - Siemoneit GmbH\",\"isPartOf\":{\"@id\":\"https:\/\/siemoneit.de\/#website\"},\"primaryImageOfPage\":{\"@id\":\"https:\/\/siemoneit.de\/fahrwerkstechnik\/#primaryimage\"},\"image\":{\"@id\":\"https:\/\/siemoneit.de\/fahrwerkstechnik\/#primaryimage\"},\"thumbnailUrl\":\"https:\/\/siemoneit.de\/wp-content\/uploads\/2023\/04\/1570471378913_kwwebsite.jpg\",\"datePublished\":\"2023-04-05T16:37:25+00:00\",\"dateModified\":\"2025-07-10T15:40:51+00:00\",\"breadcrumb\":{\"@id\":\"https:\/\/siemoneit.de\/fahrwerkstechnik\/#breadcrumb\"},\"inLanguage\":\"es\",\"potentialAction\":[{\"@type\":\"ReadAction\",\"target\":[\"https:\/\/siemoneit.de\/fahrwerkstechnik\/\"]}]},{\"@type\":\"ImageObject\",\"inLanguage\":\"es\",\"@id\":\"https:\/\/siemoneit.de\/fahrwerkstechnik\/#primaryimage\",\"url\":\"https:\/\/siemoneit.de\/wp-content\/uploads\/2023\/04\/1570471378913_kwwebsite.jpg\",\"contentUrl\":\"https:\/\/siemoneit.de\/wp-content\/uploads\/2023\/04\/1570471378913_kwwebsite.jpg\",\"width\":1001,\"height\":914},{\"@type\":\"BreadcrumbList\",\"@id\":\"https:\/\/siemoneit.de\/fahrwerkstechnik\/#breadcrumb\",\"itemListElement\":[{\"@type\":\"ListItem\",\"position\":1,\"name\":\"Startseite\",\"item\":\"https:\/\/siemoneit.de\/\"},{\"@type\":\"ListItem\",\"position\":2,\"name\":\"Fahrwerkstechnik\"}]},{\"@type\":\"WebSite\",\"@id\":\"https:\/\/siemoneit.de\/#website\",\"url\":\"https:\/\/siemoneit.de\/\",\"name\":\"Siemoneit GmbH\",\"description\":\"\",\"publisher\":{\"@id\":\"https:\/\/siemoneit.de\/#organization\"},\"potentialAction\":[{\"@type\":\"SearchAction\",\"target\":{\"@type\":\"EntryPoint\",\"urlTemplate\":\"https:\/\/siemoneit.de\/?s={search_term_string}\"},\"query-input\":{\"@type\":\"PropertyValueSpecification\",\"valueRequired\":true,\"valueName\":\"search_term_string\"}}],\"inLanguage\":\"es\"},{\"@type\":\"Organization\",\"@id\":\"https:\/\/siemoneit.de\/#organization\",\"name\":\"Siemoneit GmbH\",\"url\":\"https:\/\/siemoneit.de\/\",\"logo\":{\"@type\":\"ImageObject\",\"inLanguage\":\"es\",\"@id\":\"https:\/\/siemoneit.de\/#\/schema\/logo\/image\/\",\"url\":\"https:\/\/siemoneit.de\/wp-content\/uploads\/2023\/04\/images-removebg-preview.png\",\"contentUrl\":\"https:\/\/siemoneit.de\/wp-content\/uploads\/2023\/04\/images-removebg-preview.png\",\"width\":225,\"height\":225,\"caption\":\"Siemoneit GmbH\"},\"image\":{\"@id\":\"https:\/\/siemoneit.de\/#\/schema\/logo\/image\/\"},\"sameAs\":[\"https:\/\/www.facebook.com\/siemoneit.racing\",\"https:\/\/www.instagram.com\/siemoneit_racing\/\"]}]}<\/script>\n<!-- \/ Yoast SEO plugin. -->","yoast_head_json":{"title":"Tecnolog\u00eda de chasis - Siemoneit GmbH","robots":{"index":"index","follow":"follow","max-snippet":"max-snippet:-1","max-image-preview":"max-image-preview:large","max-video-preview":"max-video-preview:-1"},"canonical":"https:\/\/siemoneit.de\/es\/tecnologia-de-chasis\/","og_locale":"es_ES","og_type":"article","og_title":"Fahrwerkstechnik - Siemoneit GmbH","og_description":"Fahrwekstechnik von KW Suspensions Als KW Suspensions Sales and Service Point stehen wir Ihnen auch im Bereich der Fahrwerkstechnik als kompetenter Partner zur Seite. Unser Fachpersonal wurde durch KW Suspensions speziell geschult und verf\u00fcgt zus\u00e4tzlich \u00fcber die notwendige Rennsporterfahrung. Wir helfen Ihnen bei der Auswahl des richtigen Fahrwerks, passend zu Ihrem Fahrzeug und Ihren Anspr\u00fcchen. ... Leer m\u00e1s","og_url":"https:\/\/siemoneit.de\/es\/tecnologia-de-chasis\/","og_site_name":"Siemoneit GmbH","article_publisher":"https:\/\/www.facebook.com\/siemoneit.racing","article_modified_time":"2025-07-10T15:40:51+00:00","og_image":[{"width":1001,"height":914,"url":"https:\/\/siemoneit.de\/wp-content\/uploads\/2023\/04\/1570471378913_kwwebsite.jpg","type":"image\/jpeg"}],"twitter_card":"summary_large_image","twitter_misc":{"Tiempo de lectura":"2 minutos"},"schema":{"@context":"https:\/\/schema.org","@graph":[{"@type":"WebPage","@id":"https:\/\/siemoneit.de\/fahrwerkstechnik\/","url":"https:\/\/siemoneit.de\/fahrwerkstechnik\/","name":"Tecnolog\u00eda de chasis - Siemoneit GmbH","isPartOf":{"@id":"https:\/\/siemoneit.de\/#website"},"primaryImageOfPage":{"@id":"https:\/\/siemoneit.de\/fahrwerkstechnik\/#primaryimage"},"image":{"@id":"https:\/\/siemoneit.de\/fahrwerkstechnik\/#primaryimage"},"thumbnailUrl":"https:\/\/siemoneit.de\/wp-content\/uploads\/2023\/04\/1570471378913_kwwebsite.jpg","datePublished":"2023-04-05T16:37:25+00:00","dateModified":"2025-07-10T15:40:51+00:00","breadcrumb":{"@id":"https:\/\/siemoneit.de\/fahrwerkstechnik\/#breadcrumb"},"inLanguage":"es","potentialAction":[{"@type":"ReadAction","target":["https:\/\/siemoneit.de\/fahrwerkstechnik\/"]}]},{"@type":"ImageObject","inLanguage":"es","@id":"https:\/\/siemoneit.de\/fahrwerkstechnik\/#primaryimage","url":"https:\/\/siemoneit.de\/wp-content\/uploads\/2023\/04\/1570471378913_kwwebsite.jpg","contentUrl":"https:\/\/siemoneit.de\/wp-content\/uploads\/2023\/04\/1570471378913_kwwebsite.jpg","width":1001,"height":914},{"@type":"BreadcrumbList","@id":"https:\/\/siemoneit.de\/fahrwerkstechnik\/#breadcrumb","itemListElement":[{"@type":"ListItem","position":1,"name":"Startseite","item":"https:\/\/siemoneit.de\/"},{"@type":"ListItem","position":2,"name":"Fahrwerkstechnik"}]},{"@type":"WebSite","@id":"https:\/\/siemoneit.de\/#website","url":"https:\/\/siemoneit.de\/","name":"Siemoneit GmbH","description":"","publisher":{"@id":"https:\/\/siemoneit.de\/#organization"},"potentialAction":[{"@type":"SearchAction","target":{"@type":"EntryPoint","urlTemplate":"https:\/\/siemoneit.de\/?s={search_term_string}"},"query-input":{"@type":"PropertyValueSpecification","valueRequired":true,"valueName":"search_term_string"}}],"inLanguage":"es"},{"@type":"Organization","@id":"https:\/\/siemoneit.de\/#organization","name":"Siemoneit GmbH","url":"https:\/\/siemoneit.de\/","logo":{"@type":"ImageObject","inLanguage":"es","@id":"https:\/\/siemoneit.de\/#\/schema\/logo\/image\/","url":"https:\/\/siemoneit.de\/wp-content\/uploads\/2023\/04\/images-removebg-preview.png","contentUrl":"https:\/\/siemoneit.de\/wp-content\/uploads\/2023\/04\/images-removebg-preview.png","width":225,"height":225,"caption":"Siemoneit GmbH"},"image":{"@id":"https:\/\/siemoneit.de\/#\/schema\/logo\/image\/"},"sameAs":["https:\/\/www.facebook.com\/siemoneit.racing","https:\/\/www.instagram.com\/siemoneit_racing\/"]}]}},"_links":{"self":[{"href":"https:\/\/siemoneit.de\/es\/wp-json\/wp\/v2\/pages\/632","targetHints":{"allow":["GET"]}}],"collection":[{"href":"https:\/\/siemoneit.de\/es\/wp-json\/wp\/v2\/pages"}],"about":[{"href":"https:\/\/siemoneit.de\/es\/wp-json\/wp\/v2\/types\/page"}],"author":[{"embeddable":true,"href":"https:\/\/siemoneit.de\/es\/wp-json\/wp\/v2\/users\/1"}],"replies":[{"embeddable":true,"href":"https:\/\/siemoneit.de\/es\/wp-json\/wp\/v2\/comments?post=632"}],"version-history":[{"count":2,"href":"https:\/\/siemoneit.de\/es\/wp-json\/wp\/v2\/pages\/632\/revisions"}],"predecessor-version":[{"id":6356,"href":"https:\/\/siemoneit.de\/es\/wp-json\/wp\/v2\/pages\/632\/revisions\/6356"}],"wp:featuredmedia":[{"embeddable":true,"href":"https:\/\/siemoneit.de\/es\/wp-json\/wp\/v2\/media\/855"}],"wp:attachment":[{"href":"https:\/\/siemoneit.de\/es\/wp-json\/wp\/v2\/media?parent=632"}],"curies":[{"name":"wp","href":"https:\/\/api.w.org\/{rel}","templated":true}]}}