{"id":626,"date":"2023-04-05T18:35:10","date_gmt":"2023-04-05T16:35:10","guid":{"rendered":"https:\/\/siemoneit.de\/?page_id=626"},"modified":"2025-07-10T17:39:55","modified_gmt":"2025-07-10T15:39:55","slug":"produccion-de-llantas","status":"publish","type":"page","link":"https:\/\/siemoneit.de\/es\/produccion-de-llantas\/","title":{"rendered":"Producci\u00f3n de llantas"},"content":{"rendered":"<h2>FLOW FORMING \/ RUEDAS FORJADAS<\/h2>\n<p>Para ampliar nuestra cartera, en 2018 decidimos ofrecer nuestras propias llantas. Dise\u00f1amos y mandamos producir sin m\u00e1s el primer dise\u00f1o de llanta VADER. Concedemos gran importancia a la alta calidad y al buen acabado. Por lo tanto, optamos por el proceso de moldeo por flujo de alta calidad. Esto hace posible crear una alta resistencia con un bajo peso. Nuestras llantas se prueban exclusivamente en instituciones germano-austriacas para que cumplan los criterios exigidos. Por supuesto, nuestras llantas se suministran con el certificado T\u00dcV necesario.<\/p>\n<p>Naturalmente, tambi\u00e9n ofrecemos nuestra primera llanta VADER como rueda forjada de alta calidad. Esto hace que la llanta sea m\u00e1s ligera y resistente que con otros m\u00e9todos de producci\u00f3n. Las llantas forjadas se fabrican y pintan exclusivamente en Alemania (MADE IN GERMANY). Nuestra segunda llanta FALCON estar\u00e1 disponible exclusivamente como rueda forjada. La llanta es bidireccional y tambi\u00e9n ofrece una amplia gama de opciones de personalizaci\u00f3n. Con las llantas forjadas, por ejemplo, puede elegir libremente entre el desplazamiento, el c\u00edrculo de tornillos, el tama\u00f1o de la llanta\/ancho de la llanta o incluso el color deseado, lo que le permite adaptar la llanta a su veh\u00edculo.<\/p>","protected":false},"excerpt":{"rendered":"<p>FLOW FORMING \/ FORGED WHEELS Para ampliar nuestra cartera, decidimos ofrecer nuestras propias llantas en 2018. Dise\u00f1amos y mandamos producir sin m\u00e1s el primer dise\u00f1o de llanta VADER. Damos gran importancia a la alta calidad y a la buena mano de obra. Por lo tanto, optamos por el proceso de moldeo por flujo de alta calidad. Esto ... <a title=\"Producci\u00f3n de llantas\" class=\"read-more\" href=\"https:\/\/siemoneit.de\/es\/produccion-de-llantas\/\" aria-label=\"Leer m\u00e1s sobre Fabricaci\u00f3n de llantas\">Vaciar m\u00e1s<\/a><\/p>","protected":false},"author":1,"featured_media":859,"parent":0,"menu_order":0,"comment_status":"closed","ping_status":"closed","template":"leistungen-template.php","meta":{"_acf_changed":false,"footnotes":""},"class_list":["post-626","page","type-page","status-publish","has-post-thumbnail"],"acf":[],"yoast_head":"<!-- This site is optimized with the Yoast SEO plugin v27.4 - https:\/\/yoast.com\/product\/yoast-seo-wordpress\/ -->\n<title>Felgenherstellung - Siemoneit GmbH<\/title>\n<meta name=\"robots\" content=\"index, follow, max-snippet:-1, max-image-preview:large, max-video-preview:-1\" \/>\n<link rel=\"canonical\" href=\"https:\/\/siemoneit.de\/es\/produccion-de-llantas\/\" \/>\n<meta property=\"og:locale\" content=\"es_ES\" \/>\n<meta property=\"og:type\" content=\"article\" \/>\n<meta property=\"og:title\" content=\"Felgenherstellung - Siemoneit GmbH\" \/>\n<meta property=\"og:description\" content=\"FLOW FORMING- \/ SCHMIEDER\u00c4DER Um unser Portfolio zu erweitern, haben wir uns 2018 dazu entschlossen, eigene Felgen anzubieten. Das erste Felgendesign VADER haben wir kurzerhand entworfen und fertigen lassen. Wir legen einen gro\u00dfen Wert auf eine hohe Qualit\u00e4t und eine gute Verarbeitung. Wir haben uns deswegen f\u00fcr das hochwertige Flow Form- Verfahren entschieden. Dadurch ist ... Leer m\u00e1s\" \/>\n<meta property=\"og:url\" content=\"https:\/\/siemoneit.de\/es\/produccion-de-llantas\/\" \/>\n<meta property=\"og:site_name\" content=\"Siemoneit GmbH\" \/>\n<meta property=\"article:publisher\" content=\"https:\/\/www.facebook.com\/siemoneit.racing\" \/>\n<meta property=\"article:modified_time\" content=\"2025-07-10T15:39:55+00:00\" \/>\n<meta property=\"og:image\" content=\"https:\/\/siemoneit.de\/wp-content\/uploads\/2023\/04\/1606294877919_1855-1980_dwg_sim2.jpg\" \/>\n\t<meta property=\"og:image:width\" content=\"1259\" \/>\n\t<meta property=\"og:image:height\" content=\"798\" \/>\n\t<meta property=\"og:image:type\" content=\"image\/jpeg\" \/>\n<meta name=\"twitter:card\" content=\"summary_large_image\" \/>\n<meta name=\"twitter:label1\" content=\"Tiempo de lectura\" \/>\n\t<meta name=\"twitter:data1\" content=\"2 minutos\" \/>\n<script type=\"application\/ld+json\" class=\"yoast-schema-graph\">{\"@context\":\"https:\\\/\\\/schema.org\",\"@graph\":[{\"@type\":\"WebPage\",\"@id\":\"https:\\\/\\\/siemoneit.de\\\/felgenherstellung\\\/\",\"url\":\"https:\\\/\\\/siemoneit.de\\\/felgenherstellung\\\/\",\"name\":\"Felgenherstellung - Siemoneit GmbH\",\"isPartOf\":{\"@id\":\"https:\\\/\\\/siemoneit.de\\\/#website\"},\"primaryImageOfPage\":{\"@id\":\"https:\\\/\\\/siemoneit.de\\\/felgenherstellung\\\/#primaryimage\"},\"image\":{\"@id\":\"https:\\\/\\\/siemoneit.de\\\/felgenherstellung\\\/#primaryimage\"},\"thumbnailUrl\":\"https:\\\/\\\/siemoneit.de\\\/wp-content\\\/uploads\\\/2023\\\/04\\\/1606294877919_1855-1980_dwg_sim2.jpg\",\"datePublished\":\"2023-04-05T16:35:10+00:00\",\"dateModified\":\"2025-07-10T15:39:55+00:00\",\"breadcrumb\":{\"@id\":\"https:\\\/\\\/siemoneit.de\\\/felgenherstellung\\\/#breadcrumb\"},\"inLanguage\":\"es\",\"potentialAction\":[{\"@type\":\"ReadAction\",\"target\":[\"https:\\\/\\\/siemoneit.de\\\/felgenherstellung\\\/\"]}]},{\"@type\":\"ImageObject\",\"inLanguage\":\"es\",\"@id\":\"https:\\\/\\\/siemoneit.de\\\/felgenherstellung\\\/#primaryimage\",\"url\":\"https:\\\/\\\/siemoneit.de\\\/wp-content\\\/uploads\\\/2023\\\/04\\\/1606294877919_1855-1980_dwg_sim2.jpg\",\"contentUrl\":\"https:\\\/\\\/siemoneit.de\\\/wp-content\\\/uploads\\\/2023\\\/04\\\/1606294877919_1855-1980_dwg_sim2.jpg\",\"width\":1259,\"height\":798},{\"@type\":\"BreadcrumbList\",\"@id\":\"https:\\\/\\\/siemoneit.de\\\/felgenherstellung\\\/#breadcrumb\",\"itemListElement\":[{\"@type\":\"ListItem\",\"position\":1,\"name\":\"Startseite\",\"item\":\"https:\\\/\\\/siemoneit.de\\\/\"},{\"@type\":\"ListItem\",\"position\":2,\"name\":\"Felgenherstellung\"}]},{\"@type\":\"WebSite\",\"@id\":\"https:\\\/\\\/siemoneit.de\\\/#website\",\"url\":\"https:\\\/\\\/siemoneit.de\\\/\",\"name\":\"Siemoneit GmbH\",\"description\":\"\",\"publisher\":{\"@id\":\"https:\\\/\\\/siemoneit.de\\\/#organization\"},\"potentialAction\":[{\"@type\":\"SearchAction\",\"target\":{\"@type\":\"EntryPoint\",\"urlTemplate\":\"https:\\\/\\\/siemoneit.de\\\/?s={search_term_string}\"},\"query-input\":{\"@type\":\"PropertyValueSpecification\",\"valueRequired\":true,\"valueName\":\"search_term_string\"}}],\"inLanguage\":\"es\"},{\"@type\":\"Organization\",\"@id\":\"https:\\\/\\\/siemoneit.de\\\/#organization\",\"name\":\"Siemoneit GmbH\",\"url\":\"https:\\\/\\\/siemoneit.de\\\/\",\"logo\":{\"@type\":\"ImageObject\",\"inLanguage\":\"es\",\"@id\":\"https:\\\/\\\/siemoneit.de\\\/#\\\/schema\\\/logo\\\/image\\\/\",\"url\":\"https:\\\/\\\/siemoneit.de\\\/wp-content\\\/uploads\\\/2023\\\/04\\\/images-removebg-preview.png\",\"contentUrl\":\"https:\\\/\\\/siemoneit.de\\\/wp-content\\\/uploads\\\/2023\\\/04\\\/images-removebg-preview.png\",\"width\":225,\"height\":225,\"caption\":\"Siemoneit GmbH\"},\"image\":{\"@id\":\"https:\\\/\\\/siemoneit.de\\\/#\\\/schema\\\/logo\\\/image\\\/\"},\"sameAs\":[\"https:\\\/\\\/www.facebook.com\\\/siemoneit.racing\",\"https:\\\/\\\/www.instagram.com\\\/siemoneit_racing\\\/\"]}]}<\/script>\n<!-- \/ Yoast SEO plugin. -->","yoast_head_json":{"title":"Producci\u00f3n de llantas - Siemoneit GmbH","robots":{"index":"index","follow":"follow","max-snippet":"max-snippet:-1","max-image-preview":"max-image-preview:large","max-video-preview":"max-video-preview:-1"},"canonical":"https:\/\/siemoneit.de\/es\/produccion-de-llantas\/","og_locale":"es_ES","og_type":"article","og_title":"Felgenherstellung - Siemoneit GmbH","og_description":"FLOW FORMING- \/ SCHMIEDER\u00c4DER Um unser Portfolio zu erweitern, haben wir uns 2018 dazu entschlossen, eigene Felgen anzubieten. Das erste Felgendesign VADER haben wir kurzerhand entworfen und fertigen lassen. Wir legen einen gro\u00dfen Wert auf eine hohe Qualit\u00e4t und eine gute Verarbeitung. Wir haben uns deswegen f\u00fcr das hochwertige Flow Form- Verfahren entschieden. Dadurch ist ... Leer m\u00e1s","og_url":"https:\/\/siemoneit.de\/es\/produccion-de-llantas\/","og_site_name":"Siemoneit GmbH","article_publisher":"https:\/\/www.facebook.com\/siemoneit.racing","article_modified_time":"2025-07-10T15:39:55+00:00","og_image":[{"width":1259,"height":798,"url":"https:\/\/siemoneit.de\/wp-content\/uploads\/2023\/04\/1606294877919_1855-1980_dwg_sim2.jpg","type":"image\/jpeg"}],"twitter_card":"summary_large_image","twitter_misc":{"Tiempo de lectura":"2 minutos"},"schema":{"@context":"https:\/\/schema.org","@graph":[{"@type":"WebPage","@id":"https:\/\/siemoneit.de\/felgenherstellung\/","url":"https:\/\/siemoneit.de\/felgenherstellung\/","name":"Producci\u00f3n de llantas - Siemoneit GmbH","isPartOf":{"@id":"https:\/\/siemoneit.de\/#website"},"primaryImageOfPage":{"@id":"https:\/\/siemoneit.de\/felgenherstellung\/#primaryimage"},"image":{"@id":"https:\/\/siemoneit.de\/felgenherstellung\/#primaryimage"},"thumbnailUrl":"https:\/\/siemoneit.de\/wp-content\/uploads\/2023\/04\/1606294877919_1855-1980_dwg_sim2.jpg","datePublished":"2023-04-05T16:35:10+00:00","dateModified":"2025-07-10T15:39:55+00:00","breadcrumb":{"@id":"https:\/\/siemoneit.de\/felgenherstellung\/#breadcrumb"},"inLanguage":"es","potentialAction":[{"@type":"ReadAction","target":["https:\/\/siemoneit.de\/felgenherstellung\/"]}]},{"@type":"ImageObject","inLanguage":"es","@id":"https:\/\/siemoneit.de\/felgenherstellung\/#primaryimage","url":"https:\/\/siemoneit.de\/wp-content\/uploads\/2023\/04\/1606294877919_1855-1980_dwg_sim2.jpg","contentUrl":"https:\/\/siemoneit.de\/wp-content\/uploads\/2023\/04\/1606294877919_1855-1980_dwg_sim2.jpg","width":1259,"height":798},{"@type":"BreadcrumbList","@id":"https:\/\/siemoneit.de\/felgenherstellung\/#breadcrumb","itemListElement":[{"@type":"ListItem","position":1,"name":"Startseite","item":"https:\/\/siemoneit.de\/"},{"@type":"ListItem","position":2,"name":"Felgenherstellung"}]},{"@type":"WebSite","@id":"https:\/\/siemoneit.de\/#website","url":"https:\/\/siemoneit.de\/","name":"Siemoneit GmbH","description":"","publisher":{"@id":"https:\/\/siemoneit.de\/#organization"},"potentialAction":[{"@type":"SearchAction","target":{"@type":"EntryPoint","urlTemplate":"https:\/\/siemoneit.de\/?s={search_term_string}"},"query-input":{"@type":"PropertyValueSpecification","valueRequired":true,"valueName":"search_term_string"}}],"inLanguage":"es"},{"@type":"Organization","@id":"https:\/\/siemoneit.de\/#organization","name":"Siemoneit GmbH","url":"https:\/\/siemoneit.de\/","logo":{"@type":"ImageObject","inLanguage":"es","@id":"https:\/\/siemoneit.de\/#\/schema\/logo\/image\/","url":"https:\/\/siemoneit.de\/wp-content\/uploads\/2023\/04\/images-removebg-preview.png","contentUrl":"https:\/\/siemoneit.de\/wp-content\/uploads\/2023\/04\/images-removebg-preview.png","width":225,"height":225,"caption":"Siemoneit GmbH"},"image":{"@id":"https:\/\/siemoneit.de\/#\/schema\/logo\/image\/"},"sameAs":["https:\/\/www.facebook.com\/siemoneit.racing","https:\/\/www.instagram.com\/siemoneit_racing\/"]}]}},"_links":{"self":[{"href":"https:\/\/siemoneit.de\/es\/wp-json\/wp\/v2\/pages\/626","targetHints":{"allow":["GET"]}}],"collection":[{"href":"https:\/\/siemoneit.de\/es\/wp-json\/wp\/v2\/pages"}],"about":[{"href":"https:\/\/siemoneit.de\/es\/wp-json\/wp\/v2\/types\/page"}],"author":[{"embeddable":true,"href":"https:\/\/siemoneit.de\/es\/wp-json\/wp\/v2\/users\/1"}],"replies":[{"embeddable":true,"href":"https:\/\/siemoneit.de\/es\/wp-json\/wp\/v2\/comments?post=626"}],"version-history":[{"count":2,"href":"https:\/\/siemoneit.de\/es\/wp-json\/wp\/v2\/pages\/626\/revisions"}],"predecessor-version":[{"id":6354,"href":"https:\/\/siemoneit.de\/es\/wp-json\/wp\/v2\/pages\/626\/revisions\/6354"}],"wp:featuredmedia":[{"embeddable":true,"href":"https:\/\/siemoneit.de\/es\/wp-json\/wp\/v2\/media\/859"}],"wp:attachment":[{"href":"https:\/\/siemoneit.de\/es\/wp-json\/wp\/v2\/media?parent=626"}],"curies":[{"name":"wp","href":"https:\/\/api.w.org\/{rel}","templated":true}]}}