{"id":614,"date":"2023-04-05T18:27:28","date_gmt":"2023-04-05T16:27:28","guid":{"rendered":"https:\/\/siemoneit.de\/?page_id=614"},"modified":"2026-04-17T16:54:24","modified_gmt":"2026-04-17T14:54:24","slug":"dinamometro","status":"publish","type":"page","link":"https:\/\/siemoneit.de\/es\/dinamometro\/","title":{"rendered":"Banco de pruebas"},"content":{"rendered":"<h2>DYNOJET 424X LC\u00b2 LINX GEN8 TRACCI\u00d3N TOTAL<\/h2>\n<p>SIEMONEIT RACING se decidi\u00f3 por el Dynojet en 2011 e invirti\u00f3 en precisi\u00f3n, profesionalidad y honestidad hacia nuestros clientes. Ahora le apoyamos y asesoramos con una excelente formaci\u00f3n y personal competente. Con nosotros, \u00a1las mediciones son correctas y sus resultados honestos! \u00a1Concierte una cita en nuestro dinam\u00f3metro Dynojet 424xLC2 Linx de tracci\u00f3n total con soplador de alto rendimiento de 43kW! Tenemos 2x sopladores principales delanteros de 17,5kW y 2x sopladores laterales de 4kW (por ejemplo Alfa 4C o Porsche Turbo, Audi R8, etc.). Nuestro banco de pruebas se revisa y recalibra dos veces al a\u00f1o. Esto significa que siempre podemos garantizar mediciones precisas y constantes.<\/p>\n<p><em><strong>PRECIOS para nuestros clientes 249<br \/>\n<\/strong><\/em><em style=\"color: var( --e-global-color-primary ); font-family: var( --e-global-typography-text-font-family ), Sans-serif; font-size: var( --e-global-typography-text-font-size ); font-weight: var( --e-global-typography-text-font-weight ); background-color: var( --e-global-color-secondary );\"><strong>PRECIOS para veh\u00edculos con tuning de terceros 299 euros<br \/>\nPRECIOS para veh\u00edculos especiales (por ejemplo, con motor trasero) 349 euros<\/strong><\/em><\/p>\n<p>* ENLACE los siguientes veh\u00edculos, por ejemplo, deben medirse con urgencia, de lo contrario la medici\u00f3n en otros bancos de pruebas tambi\u00e9n es inutilizable o peligrosa para la cadena cinem\u00e1tica:<\/p>\n<ul>\n<li>Todos los modelos BMW M-GmbH<\/li>\n<li>Todos los modelos Mercedes-Benz 4MATIC<\/li>\n<li>Todos los Porsche Panamera y Cayenne<\/li>\n<li>Todos los Alfa Romeo 4C con transmisi\u00f3n TCT o DNA<\/li>\n<\/ul>\n<p>Consulte los precios para grupos por separado.<br \/>\nPor supuesto, el banco de pruebas y su tecnolog\u00eda tambi\u00e9n est\u00e1n a disposici\u00f3n de otros afinadores, expertos y empresas con aplicadores para alquiler por d\u00edas o por horas. Precios a petici\u00f3n.<\/p>","protected":false},"excerpt":{"rendered":"<p>DYNOJET 424X LC\u00b2 LINX GEN8 ALLRAD SIEMONEIT RACING se decidi\u00f3 por el Dynojet en 2011 e invirti\u00f3 en precisi\u00f3n, profesionalidad y honestidad hacia nuestros clientes. Ahora le apoyamos y asesoramos con una excelente formaci\u00f3n y personal competente. Con nosotros, \u00a1las mediciones son correctas y sus resultados honestos! Concierte una cita en nuestro Dynojet 424xLC2 ... <a title=\"Banco de pruebas\" class=\"read-more\" href=\"https:\/\/siemoneit.de\/es\/dinamometro\/\" aria-label=\"Leer m\u00e1s sobre Banco de pruebas\">Vaciar m\u00e1s<\/a><\/p>","protected":false},"author":1,"featured_media":871,"parent":0,"menu_order":0,"comment_status":"closed","ping_status":"closed","template":"leistungen-template.php","meta":{"_acf_changed":false,"footnotes":""},"class_list":["post-614","page","type-page","status-publish","has-post-thumbnail"],"acf":[],"yoast_head":"<!-- This site is optimized with the Yoast SEO plugin v27.4 - https:\/\/yoast.com\/product\/yoast-seo-wordpress\/ -->\n<title>Pr\u00fcfstand - Siemoneit GmbH<\/title>\n<meta name=\"robots\" content=\"index, follow, max-snippet:-1, max-image-preview:large, max-video-preview:-1\" \/>\n<link rel=\"canonical\" href=\"https:\/\/siemoneit.de\/es\/dinamometro\/\" \/>\n<meta property=\"og:locale\" content=\"es_ES\" \/>\n<meta property=\"og:type\" content=\"article\" \/>\n<meta property=\"og:title\" content=\"Pr\u00fcfstand - Siemoneit GmbH\" \/>\n<meta property=\"og:description\" content=\"DYNOJET 424X LC\u00b2 LINX GEN8 ALLRAD SIEMONEIT RACING hat sich 2011 f\u00fcr den Dynojet entschieden und investierte in Pr\u00e4zision, Professionalit\u00e4t und Ehrlichkeit gegen\u00fcber unserem Kunden. Wir betreuen und beraten Sie nun durch ausgezeichnete Schulungen und kompetentes Personal. Bei uns stimmen die Messungen und Ihr Ergebnis ist ehrlich! Machen Sie einen Termin auf unseren Dynojet 424xLC2 ... Leer m\u00e1s\" \/>\n<meta property=\"og:url\" content=\"https:\/\/siemoneit.de\/es\/dinamometro\/\" \/>\n<meta property=\"og:site_name\" content=\"Siemoneit GmbH\" \/>\n<meta property=\"article:publisher\" content=\"https:\/\/www.facebook.com\/siemoneit.racing\" \/>\n<meta property=\"article:modified_time\" content=\"2026-04-17T14:54:24+00:00\" \/>\n<meta property=\"og:image\" content=\"https:\/\/siemoneit.de\/wp-content\/uploads\/2023\/04\/15464222177_DB_02098-Bearbeitet.jpg\" \/>\n\t<meta property=\"og:image:width\" content=\"1371\" \/>\n\t<meta property=\"og:image:height\" content=\"914\" \/>\n\t<meta property=\"og:image:type\" content=\"image\/jpeg\" \/>\n<meta name=\"twitter:card\" content=\"summary_large_image\" \/>\n<meta name=\"twitter:label1\" content=\"Tiempo de lectura\" \/>\n\t<meta name=\"twitter:data1\" content=\"2 minutos\" \/>\n<script type=\"application\/ld+json\" class=\"yoast-schema-graph\">{\"@context\":\"https:\\\/\\\/schema.org\",\"@graph\":[{\"@type\":\"WebPage\",\"@id\":\"https:\\\/\\\/siemoneit.de\\\/leistungspruefstand\\\/\",\"url\":\"https:\\\/\\\/siemoneit.de\\\/leistungspruefstand\\\/\",\"name\":\"Pr\u00fcfstand - Siemoneit GmbH\",\"isPartOf\":{\"@id\":\"https:\\\/\\\/siemoneit.de\\\/#website\"},\"primaryImageOfPage\":{\"@id\":\"https:\\\/\\\/siemoneit.de\\\/leistungspruefstand\\\/#primaryimage\"},\"image\":{\"@id\":\"https:\\\/\\\/siemoneit.de\\\/leistungspruefstand\\\/#primaryimage\"},\"thumbnailUrl\":\"https:\\\/\\\/siemoneit.de\\\/wp-content\\\/uploads\\\/2023\\\/04\\\/15464222177_DB_02098-Bearbeitet.jpg\",\"datePublished\":\"2023-04-05T16:27:28+00:00\",\"dateModified\":\"2026-04-17T14:54:24+00:00\",\"breadcrumb\":{\"@id\":\"https:\\\/\\\/siemoneit.de\\\/leistungspruefstand\\\/#breadcrumb\"},\"inLanguage\":\"es\",\"potentialAction\":[{\"@type\":\"ReadAction\",\"target\":[\"https:\\\/\\\/siemoneit.de\\\/leistungspruefstand\\\/\"]}]},{\"@type\":\"ImageObject\",\"inLanguage\":\"es\",\"@id\":\"https:\\\/\\\/siemoneit.de\\\/leistungspruefstand\\\/#primaryimage\",\"url\":\"https:\\\/\\\/siemoneit.de\\\/wp-content\\\/uploads\\\/2023\\\/04\\\/15464222177_DB_02098-Bearbeitet.jpg\",\"contentUrl\":\"https:\\\/\\\/siemoneit.de\\\/wp-content\\\/uploads\\\/2023\\\/04\\\/15464222177_DB_02098-Bearbeitet.jpg\",\"width\":1371,\"height\":914},{\"@type\":\"BreadcrumbList\",\"@id\":\"https:\\\/\\\/siemoneit.de\\\/leistungspruefstand\\\/#breadcrumb\",\"itemListElement\":[{\"@type\":\"ListItem\",\"position\":1,\"name\":\"Startseite\",\"item\":\"https:\\\/\\\/siemoneit.de\\\/\"},{\"@type\":\"ListItem\",\"position\":2,\"name\":\"Pr\u00fcfstand\"}]},{\"@type\":\"WebSite\",\"@id\":\"https:\\\/\\\/siemoneit.de\\\/#website\",\"url\":\"https:\\\/\\\/siemoneit.de\\\/\",\"name\":\"Siemoneit GmbH\",\"description\":\"\",\"publisher\":{\"@id\":\"https:\\\/\\\/siemoneit.de\\\/#organization\"},\"potentialAction\":[{\"@type\":\"SearchAction\",\"target\":{\"@type\":\"EntryPoint\",\"urlTemplate\":\"https:\\\/\\\/siemoneit.de\\\/?s={search_term_string}\"},\"query-input\":{\"@type\":\"PropertyValueSpecification\",\"valueRequired\":true,\"valueName\":\"search_term_string\"}}],\"inLanguage\":\"es\"},{\"@type\":\"Organization\",\"@id\":\"https:\\\/\\\/siemoneit.de\\\/#organization\",\"name\":\"Siemoneit GmbH\",\"url\":\"https:\\\/\\\/siemoneit.de\\\/\",\"logo\":{\"@type\":\"ImageObject\",\"inLanguage\":\"es\",\"@id\":\"https:\\\/\\\/siemoneit.de\\\/#\\\/schema\\\/logo\\\/image\\\/\",\"url\":\"https:\\\/\\\/siemoneit.de\\\/wp-content\\\/uploads\\\/2023\\\/04\\\/images-removebg-preview.png\",\"contentUrl\":\"https:\\\/\\\/siemoneit.de\\\/wp-content\\\/uploads\\\/2023\\\/04\\\/images-removebg-preview.png\",\"width\":225,\"height\":225,\"caption\":\"Siemoneit GmbH\"},\"image\":{\"@id\":\"https:\\\/\\\/siemoneit.de\\\/#\\\/schema\\\/logo\\\/image\\\/\"},\"sameAs\":[\"https:\\\/\\\/www.facebook.com\\\/siemoneit.racing\",\"https:\\\/\\\/www.instagram.com\\\/siemoneit_racing\\\/\"]}]}<\/script>\n<!-- \/ Yoast SEO plugin. -->","yoast_head_json":{"title":"Banco de pruebas - Siemoneit GmbH","robots":{"index":"index","follow":"follow","max-snippet":"max-snippet:-1","max-image-preview":"max-image-preview:large","max-video-preview":"max-video-preview:-1"},"canonical":"https:\/\/siemoneit.de\/es\/dinamometro\/","og_locale":"es_ES","og_type":"article","og_title":"Pr\u00fcfstand - Siemoneit GmbH","og_description":"DYNOJET 424X LC\u00b2 LINX GEN8 ALLRAD SIEMONEIT RACING hat sich 2011 f\u00fcr den Dynojet entschieden und investierte in Pr\u00e4zision, Professionalit\u00e4t und Ehrlichkeit gegen\u00fcber unserem Kunden. Wir betreuen und beraten Sie nun durch ausgezeichnete Schulungen und kompetentes Personal. Bei uns stimmen die Messungen und Ihr Ergebnis ist ehrlich! Machen Sie einen Termin auf unseren Dynojet 424xLC2 ... Leer m\u00e1s","og_url":"https:\/\/siemoneit.de\/es\/dinamometro\/","og_site_name":"Siemoneit GmbH","article_publisher":"https:\/\/www.facebook.com\/siemoneit.racing","article_modified_time":"2026-04-17T14:54:24+00:00","og_image":[{"width":1371,"height":914,"url":"https:\/\/siemoneit.de\/wp-content\/uploads\/2023\/04\/15464222177_DB_02098-Bearbeitet.jpg","type":"image\/jpeg"}],"twitter_card":"summary_large_image","twitter_misc":{"Tiempo de lectura":"2 minutos"},"schema":{"@context":"https:\/\/schema.org","@graph":[{"@type":"WebPage","@id":"https:\/\/siemoneit.de\/leistungspruefstand\/","url":"https:\/\/siemoneit.de\/leistungspruefstand\/","name":"Banco de pruebas - Siemoneit GmbH","isPartOf":{"@id":"https:\/\/siemoneit.de\/#website"},"primaryImageOfPage":{"@id":"https:\/\/siemoneit.de\/leistungspruefstand\/#primaryimage"},"image":{"@id":"https:\/\/siemoneit.de\/leistungspruefstand\/#primaryimage"},"thumbnailUrl":"https:\/\/siemoneit.de\/wp-content\/uploads\/2023\/04\/15464222177_DB_02098-Bearbeitet.jpg","datePublished":"2023-04-05T16:27:28+00:00","dateModified":"2026-04-17T14:54:24+00:00","breadcrumb":{"@id":"https:\/\/siemoneit.de\/leistungspruefstand\/#breadcrumb"},"inLanguage":"es","potentialAction":[{"@type":"ReadAction","target":["https:\/\/siemoneit.de\/leistungspruefstand\/"]}]},{"@type":"ImageObject","inLanguage":"es","@id":"https:\/\/siemoneit.de\/leistungspruefstand\/#primaryimage","url":"https:\/\/siemoneit.de\/wp-content\/uploads\/2023\/04\/15464222177_DB_02098-Bearbeitet.jpg","contentUrl":"https:\/\/siemoneit.de\/wp-content\/uploads\/2023\/04\/15464222177_DB_02098-Bearbeitet.jpg","width":1371,"height":914},{"@type":"BreadcrumbList","@id":"https:\/\/siemoneit.de\/leistungspruefstand\/#breadcrumb","itemListElement":[{"@type":"ListItem","position":1,"name":"Startseite","item":"https:\/\/siemoneit.de\/"},{"@type":"ListItem","position":2,"name":"Pr\u00fcfstand"}]},{"@type":"WebSite","@id":"https:\/\/siemoneit.de\/#website","url":"https:\/\/siemoneit.de\/","name":"Siemoneit GmbH","description":"","publisher":{"@id":"https:\/\/siemoneit.de\/#organization"},"potentialAction":[{"@type":"SearchAction","target":{"@type":"EntryPoint","urlTemplate":"https:\/\/siemoneit.de\/?s={search_term_string}"},"query-input":{"@type":"PropertyValueSpecification","valueRequired":true,"valueName":"search_term_string"}}],"inLanguage":"es"},{"@type":"Organization","@id":"https:\/\/siemoneit.de\/#organization","name":"Siemoneit GmbH","url":"https:\/\/siemoneit.de\/","logo":{"@type":"ImageObject","inLanguage":"es","@id":"https:\/\/siemoneit.de\/#\/schema\/logo\/image\/","url":"https:\/\/siemoneit.de\/wp-content\/uploads\/2023\/04\/images-removebg-preview.png","contentUrl":"https:\/\/siemoneit.de\/wp-content\/uploads\/2023\/04\/images-removebg-preview.png","width":225,"height":225,"caption":"Siemoneit GmbH"},"image":{"@id":"https:\/\/siemoneit.de\/#\/schema\/logo\/image\/"},"sameAs":["https:\/\/www.facebook.com\/siemoneit.racing","https:\/\/www.instagram.com\/siemoneit_racing\/"]}]}},"_links":{"self":[{"href":"https:\/\/siemoneit.de\/es\/wp-json\/wp\/v2\/pages\/614","targetHints":{"allow":["GET"]}}],"collection":[{"href":"https:\/\/siemoneit.de\/es\/wp-json\/wp\/v2\/pages"}],"about":[{"href":"https:\/\/siemoneit.de\/es\/wp-json\/wp\/v2\/types\/page"}],"author":[{"embeddable":true,"href":"https:\/\/siemoneit.de\/es\/wp-json\/wp\/v2\/users\/1"}],"replies":[{"embeddable":true,"href":"https:\/\/siemoneit.de\/es\/wp-json\/wp\/v2\/comments?post=614"}],"version-history":[{"count":5,"href":"https:\/\/siemoneit.de\/es\/wp-json\/wp\/v2\/pages\/614\/revisions"}],"predecessor-version":[{"id":6490,"href":"https:\/\/siemoneit.de\/es\/wp-json\/wp\/v2\/pages\/614\/revisions\/6490"}],"wp:featuredmedia":[{"embeddable":true,"href":"https:\/\/siemoneit.de\/es\/wp-json\/wp\/v2\/media\/871"}],"wp:attachment":[{"href":"https:\/\/siemoneit.de\/es\/wp-json\/wp\/v2\/media?parent=614"}],"curies":[{"name":"wp","href":"https:\/\/api.w.org\/{rel}","templated":true}]}}