{"id":557,"date":"2023-04-05T17:05:40","date_gmt":"2023-04-05T15:05:40","guid":{"rendered":"https:\/\/siemoneit.de\/?page_id=557"},"modified":"2025-07-10T17:35:52","modified_gmt":"2025-07-10T15:35:52","slug":"ecotuning","status":"publish","type":"page","link":"https:\/\/siemoneit.de\/es\/ecotuning\/","title":{"rendered":"Eco Tuning"},"content":{"rendered":"<h2>Chiptuning ecol\u00f3gico<\/h2>\n<p>Precios del combustible en constante aumento e incontrolables, incertidumbres impuestas a diario por las compa\u00f1\u00edas petroleras, y como conductor de un veh\u00edculo de motor o comercial no hay nada que hacer al respecto. Por este motivo, el chiptuning ecol\u00f3gico es cada vez m\u00e1s popular, especialmente en el sector de los veh\u00edculos industriales. El ahorro de combustible 20% con un par motor m\u00e1s elevado puede conseguirse f\u00e1cilmente mediante una reprogramaci\u00f3n espec\u00edfica de la unidad de control del motor y una curva de par adaptada.<\/p>\n<ul>\n<li>Optimizamos para usted el consumo de combustible en el sector de los turismos.<\/li>\n<li>Ayudamos a su empresa de flotas a reducir significativamente los costes de combustible.<\/li>\n<li>P\u00eddanos una oferta sin compromiso y referencias.<\/li>\n<li>Estaremos encantados de optimizar gratuitamente un veh\u00edculo de su flota para realizar pruebas.<\/li>\n<\/ul>","protected":false},"excerpt":{"rendered":"<p>Chiptuning ecol\u00f3gico Precios del combustible en constante aumento e incontrolables, incertidumbres impuestas a diario por las compa\u00f1\u00edas petroleras, y como conductor de un veh\u00edculo de motor o comercial no hay nada que hacer al respecto. Por este motivo, el chiptuning ecol\u00f3gico es cada vez m\u00e1s popular, especialmente en el sector de los veh\u00edculos industriales. 20% se puede conseguir mediante una reprogramaci\u00f3n espec\u00edfica de la unidad de control del motor y una curva de par adaptada. <a title=\"Eco Tuning\" class=\"read-more\" href=\"https:\/\/siemoneit.de\/es\/ecotuning\/\" aria-label=\"Leer m\u00e1s sobre Eco Tuning\">Vaciar m\u00e1s<\/a><\/p>","protected":false},"author":1,"featured_media":879,"parent":0,"menu_order":0,"comment_status":"closed","ping_status":"closed","template":"leistungen-template.php","meta":{"_acf_changed":false,"footnotes":""},"class_list":["post-557","page","type-page","status-publish","has-post-thumbnail"],"acf":[],"yoast_head":"<!-- This site is optimized with the Yoast SEO plugin v27.4 - https:\/\/yoast.com\/product\/yoast-seo-wordpress\/ -->\n<title>Eco Tuning - Siemoneit GmbH<\/title>\n<meta name=\"robots\" content=\"index, follow, max-snippet:-1, max-image-preview:large, max-video-preview:-1\" \/>\n<link rel=\"canonical\" href=\"https:\/\/siemoneit.de\/es\/ecotuning\/\" \/>\n<meta property=\"og:locale\" content=\"es_ES\" \/>\n<meta property=\"og:type\" content=\"article\" \/>\n<meta property=\"og:title\" content=\"Eco Tuning - Siemoneit GmbH\" \/>\n<meta property=\"og:description\" content=\"\u00d6kologisches Chiptuning St\u00e4ndig steigende und unkontrollierbare Kraftstoffpreise, Unsicherheiten, die einem t\u00e4glich von den Mineral\u00f6lkonzernen auferlegt werden, und man kann als Fahrer eines Kraftfahrzeugs oder eines Nutzfahrzeugs nichts daran \u00e4ndern. Aus diesem Grund wird das \u00f6kologische Chiptuning immer gefragter \u2013 vor allem in der Nutzfahrzeugebene.Durch gezielte Umprogrammierung der Motorsteuerung und angepasstem Drehmomentverlauf sind bis zu 20% ... Leer m\u00e1s\" \/>\n<meta property=\"og:url\" content=\"https:\/\/siemoneit.de\/es\/ecotuning\/\" \/>\n<meta property=\"og:site_name\" content=\"Siemoneit GmbH\" \/>\n<meta property=\"article:publisher\" content=\"https:\/\/www.facebook.com\/siemoneit.racing\" \/>\n<meta property=\"article:modified_time\" content=\"2025-07-10T15:35:52+00:00\" \/>\n<meta property=\"og:image\" content=\"https:\/\/siemoneit.de\/wp-content\/uploads\/2023\/04\/154654165015_DB_02359-Bearbeitet.jpg\" \/>\n\t<meta property=\"og:image:width\" content=\"1371\" \/>\n\t<meta property=\"og:image:height\" content=\"914\" \/>\n\t<meta property=\"og:image:type\" content=\"image\/jpeg\" \/>\n<meta name=\"twitter:card\" content=\"summary_large_image\" \/>\n<meta name=\"twitter:label1\" content=\"Tiempo de lectura\" \/>\n\t<meta name=\"twitter:data1\" content=\"1 minuto\" \/>\n<script type=\"application\/ld+json\" class=\"yoast-schema-graph\">{\"@context\":\"https:\\\/\\\/schema.org\",\"@graph\":[{\"@type\":\"WebPage\",\"@id\":\"https:\\\/\\\/siemoneit.de\\\/eco-tuning\\\/\",\"url\":\"https:\\\/\\\/siemoneit.de\\\/eco-tuning\\\/\",\"name\":\"Eco Tuning - Siemoneit GmbH\",\"isPartOf\":{\"@id\":\"https:\\\/\\\/siemoneit.de\\\/#website\"},\"primaryImageOfPage\":{\"@id\":\"https:\\\/\\\/siemoneit.de\\\/eco-tuning\\\/#primaryimage\"},\"image\":{\"@id\":\"https:\\\/\\\/siemoneit.de\\\/eco-tuning\\\/#primaryimage\"},\"thumbnailUrl\":\"https:\\\/\\\/siemoneit.de\\\/wp-content\\\/uploads\\\/2023\\\/04\\\/154654165015_DB_02359-Bearbeitet.jpg\",\"datePublished\":\"2023-04-05T15:05:40+00:00\",\"dateModified\":\"2025-07-10T15:35:52+00:00\",\"breadcrumb\":{\"@id\":\"https:\\\/\\\/siemoneit.de\\\/eco-tuning\\\/#breadcrumb\"},\"inLanguage\":\"es\",\"potentialAction\":[{\"@type\":\"ReadAction\",\"target\":[\"https:\\\/\\\/siemoneit.de\\\/eco-tuning\\\/\"]}]},{\"@type\":\"ImageObject\",\"inLanguage\":\"es\",\"@id\":\"https:\\\/\\\/siemoneit.de\\\/eco-tuning\\\/#primaryimage\",\"url\":\"https:\\\/\\\/siemoneit.de\\\/wp-content\\\/uploads\\\/2023\\\/04\\\/154654165015_DB_02359-Bearbeitet.jpg\",\"contentUrl\":\"https:\\\/\\\/siemoneit.de\\\/wp-content\\\/uploads\\\/2023\\\/04\\\/154654165015_DB_02359-Bearbeitet.jpg\",\"width\":1371,\"height\":914},{\"@type\":\"BreadcrumbList\",\"@id\":\"https:\\\/\\\/siemoneit.de\\\/eco-tuning\\\/#breadcrumb\",\"itemListElement\":[{\"@type\":\"ListItem\",\"position\":1,\"name\":\"Startseite\",\"item\":\"https:\\\/\\\/siemoneit.de\\\/\"},{\"@type\":\"ListItem\",\"position\":2,\"name\":\"Eco Tuning\"}]},{\"@type\":\"WebSite\",\"@id\":\"https:\\\/\\\/siemoneit.de\\\/#website\",\"url\":\"https:\\\/\\\/siemoneit.de\\\/\",\"name\":\"Siemoneit GmbH\",\"description\":\"\",\"publisher\":{\"@id\":\"https:\\\/\\\/siemoneit.de\\\/#organization\"},\"potentialAction\":[{\"@type\":\"SearchAction\",\"target\":{\"@type\":\"EntryPoint\",\"urlTemplate\":\"https:\\\/\\\/siemoneit.de\\\/?s={search_term_string}\"},\"query-input\":{\"@type\":\"PropertyValueSpecification\",\"valueRequired\":true,\"valueName\":\"search_term_string\"}}],\"inLanguage\":\"es\"},{\"@type\":\"Organization\",\"@id\":\"https:\\\/\\\/siemoneit.de\\\/#organization\",\"name\":\"Siemoneit GmbH\",\"url\":\"https:\\\/\\\/siemoneit.de\\\/\",\"logo\":{\"@type\":\"ImageObject\",\"inLanguage\":\"es\",\"@id\":\"https:\\\/\\\/siemoneit.de\\\/#\\\/schema\\\/logo\\\/image\\\/\",\"url\":\"https:\\\/\\\/siemoneit.de\\\/wp-content\\\/uploads\\\/2023\\\/04\\\/images-removebg-preview.png\",\"contentUrl\":\"https:\\\/\\\/siemoneit.de\\\/wp-content\\\/uploads\\\/2023\\\/04\\\/images-removebg-preview.png\",\"width\":225,\"height\":225,\"caption\":\"Siemoneit GmbH\"},\"image\":{\"@id\":\"https:\\\/\\\/siemoneit.de\\\/#\\\/schema\\\/logo\\\/image\\\/\"},\"sameAs\":[\"https:\\\/\\\/www.facebook.com\\\/siemoneit.racing\",\"https:\\\/\\\/www.instagram.com\\\/siemoneit_racing\\\/\"]}]}<\/script>\n<!-- \/ Yoast SEO plugin. -->","yoast_head_json":{"title":"Eco Tuning - Siemoneit GmbH","robots":{"index":"index","follow":"follow","max-snippet":"max-snippet:-1","max-image-preview":"max-image-preview:large","max-video-preview":"max-video-preview:-1"},"canonical":"https:\/\/siemoneit.de\/es\/ecotuning\/","og_locale":"es_ES","og_type":"article","og_title":"Eco Tuning - Siemoneit GmbH","og_description":"\u00d6kologisches Chiptuning St\u00e4ndig steigende und unkontrollierbare Kraftstoffpreise, Unsicherheiten, die einem t\u00e4glich von den Mineral\u00f6lkonzernen auferlegt werden, und man kann als Fahrer eines Kraftfahrzeugs oder eines Nutzfahrzeugs nichts daran \u00e4ndern. Aus diesem Grund wird das \u00f6kologische Chiptuning immer gefragter \u2013 vor allem in der Nutzfahrzeugebene.Durch gezielte Umprogrammierung der Motorsteuerung und angepasstem Drehmomentverlauf sind bis zu 20% ... Leer m\u00e1s","og_url":"https:\/\/siemoneit.de\/es\/ecotuning\/","og_site_name":"Siemoneit GmbH","article_publisher":"https:\/\/www.facebook.com\/siemoneit.racing","article_modified_time":"2025-07-10T15:35:52+00:00","og_image":[{"width":1371,"height":914,"url":"https:\/\/siemoneit.de\/wp-content\/uploads\/2023\/04\/154654165015_DB_02359-Bearbeitet.jpg","type":"image\/jpeg"}],"twitter_card":"summary_large_image","twitter_misc":{"Tiempo de lectura":"1 minuto"},"schema":{"@context":"https:\/\/schema.org","@graph":[{"@type":"WebPage","@id":"https:\/\/siemoneit.de\/eco-tuning\/","url":"https:\/\/siemoneit.de\/eco-tuning\/","name":"Eco Tuning - Siemoneit GmbH","isPartOf":{"@id":"https:\/\/siemoneit.de\/#website"},"primaryImageOfPage":{"@id":"https:\/\/siemoneit.de\/eco-tuning\/#primaryimage"},"image":{"@id":"https:\/\/siemoneit.de\/eco-tuning\/#primaryimage"},"thumbnailUrl":"https:\/\/siemoneit.de\/wp-content\/uploads\/2023\/04\/154654165015_DB_02359-Bearbeitet.jpg","datePublished":"2023-04-05T15:05:40+00:00","dateModified":"2025-07-10T15:35:52+00:00","breadcrumb":{"@id":"https:\/\/siemoneit.de\/eco-tuning\/#breadcrumb"},"inLanguage":"es","potentialAction":[{"@type":"ReadAction","target":["https:\/\/siemoneit.de\/eco-tuning\/"]}]},{"@type":"ImageObject","inLanguage":"es","@id":"https:\/\/siemoneit.de\/eco-tuning\/#primaryimage","url":"https:\/\/siemoneit.de\/wp-content\/uploads\/2023\/04\/154654165015_DB_02359-Bearbeitet.jpg","contentUrl":"https:\/\/siemoneit.de\/wp-content\/uploads\/2023\/04\/154654165015_DB_02359-Bearbeitet.jpg","width":1371,"height":914},{"@type":"BreadcrumbList","@id":"https:\/\/siemoneit.de\/eco-tuning\/#breadcrumb","itemListElement":[{"@type":"ListItem","position":1,"name":"Startseite","item":"https:\/\/siemoneit.de\/"},{"@type":"ListItem","position":2,"name":"Eco Tuning"}]},{"@type":"WebSite","@id":"https:\/\/siemoneit.de\/#website","url":"https:\/\/siemoneit.de\/","name":"Siemoneit GmbH","description":"","publisher":{"@id":"https:\/\/siemoneit.de\/#organization"},"potentialAction":[{"@type":"SearchAction","target":{"@type":"EntryPoint","urlTemplate":"https:\/\/siemoneit.de\/?s={search_term_string}"},"query-input":{"@type":"PropertyValueSpecification","valueRequired":true,"valueName":"search_term_string"}}],"inLanguage":"es"},{"@type":"Organization","@id":"https:\/\/siemoneit.de\/#organization","name":"Siemoneit GmbH","url":"https:\/\/siemoneit.de\/","logo":{"@type":"ImageObject","inLanguage":"es","@id":"https:\/\/siemoneit.de\/#\/schema\/logo\/image\/","url":"https:\/\/siemoneit.de\/wp-content\/uploads\/2023\/04\/images-removebg-preview.png","contentUrl":"https:\/\/siemoneit.de\/wp-content\/uploads\/2023\/04\/images-removebg-preview.png","width":225,"height":225,"caption":"Siemoneit GmbH"},"image":{"@id":"https:\/\/siemoneit.de\/#\/schema\/logo\/image\/"},"sameAs":["https:\/\/www.facebook.com\/siemoneit.racing","https:\/\/www.instagram.com\/siemoneit_racing\/"]}]}},"_links":{"self":[{"href":"https:\/\/siemoneit.de\/es\/wp-json\/wp\/v2\/pages\/557","targetHints":{"allow":["GET"]}}],"collection":[{"href":"https:\/\/siemoneit.de\/es\/wp-json\/wp\/v2\/pages"}],"about":[{"href":"https:\/\/siemoneit.de\/es\/wp-json\/wp\/v2\/types\/page"}],"author":[{"embeddable":true,"href":"https:\/\/siemoneit.de\/es\/wp-json\/wp\/v2\/users\/1"}],"replies":[{"embeddable":true,"href":"https:\/\/siemoneit.de\/es\/wp-json\/wp\/v2\/comments?post=557"}],"version-history":[{"count":2,"href":"https:\/\/siemoneit.de\/es\/wp-json\/wp\/v2\/pages\/557\/revisions"}],"predecessor-version":[{"id":6346,"href":"https:\/\/siemoneit.de\/es\/wp-json\/wp\/v2\/pages\/557\/revisions\/6346"}],"wp:featuredmedia":[{"embeddable":true,"href":"https:\/\/siemoneit.de\/es\/wp-json\/wp\/v2\/media\/879"}],"wp:attachment":[{"href":"https:\/\/siemoneit.de\/es\/wp-json\/wp\/v2\/media?parent=557"}],"curies":[{"name":"wp","href":"https:\/\/api.w.org\/{rel}","templated":true}]}}