{"id":4330,"date":"2023-07-26T00:14:11","date_gmt":"2023-07-25T22:14:11","guid":{"rendered":"https:\/\/siemoneit.de\/?page_id=4330"},"modified":"2023-07-27T01:41:48","modified_gmt":"2023-07-26T23:41:48","slug":"vale","status":"publish","type":"page","link":"https:\/\/siemoneit.de\/es\/preparacion-del-vehiculo\/vale\/","title":{"rendered":"Vale"},"content":{"rendered":"<div data-elementor-type=\"wp-page\" data-elementor-id=\"4330\" class=\"elementor elementor-4330\" data-elementor-post-type=\"page\">\n\t\t\t\t<div class=\"elementor-element elementor-element-7cdfd52 main_image e-flex e-con-boxed e-con e-parent\" data-id=\"7cdfd52\" data-element_type=\"container\" data-settings=\"{&quot;background_background&quot;:&quot;classic&quot;}\">\n\t\t\t\t\t<div class=\"e-con-inner\">\n\t\t<div class=\"elementor-element elementor-element-7806360 e-con-full e-flex e-con e-child\" data-id=\"7806360\" data-element_type=\"container\" data-settings=\"{&quot;background_background&quot;:&quot;classic&quot;}\">\n\t\t\t\t<div class=\"elementor-element elementor-element-56e1baf elementor-widget__width-inherit elementor-widget elementor-widget-heading\" data-id=\"56e1baf\" data-element_type=\"widget\" data-settings=\"{&quot;motion_fx_motion_fx_scrolling&quot;:&quot;yes&quot;,&quot;motion_fx_devices&quot;:[&quot;desktop&quot;,&quot;tablet&quot;,&quot;mobile&quot;]}\" data-widget_type=\"heading.default\">\n\t\t\t\t<div class=\"elementor-widget-container\">\n\t\t\t\t\t<h1 class=\"elementor-heading-title elementor-size-default\">Vale<\/h1>\t\t\t\t<\/div>\n\t\t\t\t<\/div>\n\t\t\t\t<div class=\"elementor-element elementor-element-e555cb7 elementor-widget elementor-widget-heading\" data-id=\"e555cb7\" data-element_type=\"widget\" data-widget_type=\"heading.default\">\n\t\t\t\t<div class=\"elementor-widget-container\">\n\t\t\t\t\t<h2 class=\"elementor-heading-title elementor-size-default\"> Regala glamour <\/h2>\t\t\t\t<\/div>\n\t\t\t\t<\/div>\n\t\t\t\t<\/div>\n\t\t\t\t\t<\/div>\n\t\t\t\t<\/div>\n\t\t<div class=\"elementor-element elementor-element-0fcaea4 e-flex e-con-boxed e-con e-parent\" data-id=\"0fcaea4\" data-element_type=\"container\">\n\t\t\t\t\t<div class=\"e-con-inner\">\n\t\t\t\t<div class=\"elementor-element elementor-element-810a427 elementor-widget elementor-widget-text-editor\" data-id=\"810a427\" data-element_type=\"widget\" data-widget_type=\"text-editor.default\">\n\t\t\t\t<div class=\"elementor-widget-container\">\n\t\t\t\t\t\t\t\t\t<div class=\"wpb_text_column wpb_content_element\"><div class=\"wpb_wrapper\"><div class=\"wpb_text_column wpb_content_element\"><div class=\"wpb_wrapper\"><p>\u00bfOtra vez calcetines? Mejor no. Reparta alegr\u00eda de verdad con su regalo: con un vale Glanzliebe. El destinatario se lo agradecer\u00e1 y tambi\u00e9n su veh\u00edculo. Ya sea para Navidad, un cumplea\u00f1os, Pascua o una ocasi\u00f3n especial, Glanzliebe siempre es una buena idea y siempre cae bien.<\/p><p>\u00bfConoces a alguien cuyo veh\u00edculo necesite cuidados y atenciones? Sorpr\u00e9ndele con el programa de mimos Glanzliebe.<\/p><p>Puede determinar el valor del vale individualmente y el destinatario puede elegir el que m\u00e1s le convenga. <a href=\"https:\/\/www.glanzliebe.de\/fahrzeugaufbereitung\/\">Programa de amor brillante<\/a> configuraci\u00f3n modular.<\/p><p>Ya sabe exactamente qu\u00e9 <a href=\"https:\/\/www.glanzliebe.de\/fahrzeugaufbereitung\/pkw-reinigung\/#preise\">Paquete<\/a> \u00bfes perfecto? A\u00fan mejor. Emitimos nuestros cheques regalo de acuerdo con sus requisitos.<\/p><p>Haga felices a amigos, familiares, colegas, conocidos y dem\u00e1s regal\u00e1ndoles un vale regalo Glanzliebe. S\u00f3lo tiene que ponerse en contacto con nosotros o utilizar el formulario de contacto.<\/p><\/div><\/div><\/div><\/div>\t\t\t\t\t\t\t\t<\/div>\n\t\t\t\t<\/div>\n\t\t\t\t<div class=\"elementor-element elementor-element-3ed9a6d elementor-widget elementor-widget-button\" data-id=\"3ed9a6d\" data-element_type=\"widget\" data-widget_type=\"button.default\">\n\t\t\t\t<div class=\"elementor-widget-container\">\n\t\t\t\t\t\t\t\t\t<div class=\"elementor-button-wrapper\">\n\t\t\t\t\t<a class=\"elementor-button elementor-button-link elementor-size-sm\" href=\"https:\/\/siemoneit.de\/es\/pongase-en-contacto-con\/\">\n\t\t\t\t\t\t<span class=\"elementor-button-content-wrapper\">\n\t\t\t\t\t\t\t\t\t<span class=\"elementor-button-text\">Al formulario de contacto<\/span>\n\t\t\t\t\t<\/span>\n\t\t\t\t\t<\/a>\n\t\t\t\t<\/div>\n\t\t\t\t\t\t\t\t<\/div>\n\t\t\t\t<\/div>\n\t\t\t\t\t<\/div>\n\t\t\t\t<\/div>\n\t\t\t\t<\/div>","protected":false},"excerpt":{"rendered":"<p>\u00bfOtra vez un cheque regalo para Calcetines Glanzliebe? Mejor no. Reparta alegr\u00eda con su regalo - con un vale Glanzliebe. El destinatario se lo agradecer\u00e1 y tambi\u00e9n su veh\u00edculo. Ya sea para Navidad, un cumplea\u00f1os, Pascua o una ocasi\u00f3n especial, Glanzliebe siempre es una buena idea y siempre cae bien. Usted ... <a title=\"Vale\" class=\"read-more\" href=\"https:\/\/siemoneit.de\/es\/preparacion-del-vehiculo\/vale\/\" aria-label=\"Leer m\u00e1s sobre bono\">Vaciar m\u00e1s<\/a><\/p>","protected":false},"author":1,"featured_media":0,"parent":178,"menu_order":0,"comment_status":"closed","ping_status":"closed","template":"elementor_header_footer","meta":{"_acf_changed":false,"footnotes":""},"class_list":["post-4330","page","type-page","status-publish"],"acf":[],"yoast_head":"<!-- This site is optimized with the Yoast SEO plugin v26.6 - https:\/\/yoast.com\/wordpress\/plugins\/seo\/ -->\n<title>Gutschein - Siemoneit GmbH<\/title>\n<meta name=\"robots\" content=\"index, follow, max-snippet:-1, max-image-preview:large, max-video-preview:-1\" \/>\n<link rel=\"canonical\" href=\"https:\/\/siemoneit.de\/es\/preparacion-del-vehiculo\/vale\/\" \/>\n<meta property=\"og:locale\" content=\"es_ES\" \/>\n<meta property=\"og:type\" content=\"article\" \/>\n<meta property=\"og:title\" content=\"Gutschein - Siemoneit GmbH\" \/>\n<meta property=\"og:description\" content=\"Gutschein Glanzliebe verschenken Schon wieder Socken? Lieber nicht. Verbreiten Sie mit Ihrem Geschenk echte Freude \u2013 mit einem Glanzliebe-Gutschein. Der oder die Beschenkte wird es Ihnen danken und ihr\/sein Fahrzeug auch. Egal ob zu Weihnachten, Geburtstag, Ostern oder zu einer besonderen Gelegenheit \u2013 Glanzliebe ist immer eine gute Idee und kommt immer gut an. Sie ... Leer m\u00e1s\" \/>\n<meta property=\"og:url\" content=\"https:\/\/siemoneit.de\/es\/preparacion-del-vehiculo\/vale\/\" \/>\n<meta property=\"og:site_name\" content=\"Siemoneit GmbH\" \/>\n<meta property=\"article:publisher\" content=\"https:\/\/www.facebook.com\/siemoneit.racing\" \/>\n<meta property=\"article:modified_time\" content=\"2023-07-26T23:41:48+00:00\" \/>\n<meta name=\"twitter:card\" content=\"summary_large_image\" \/>\n<meta name=\"twitter:label1\" content=\"Tiempo de lectura\" \/>\n\t<meta name=\"twitter:data1\" content=\"1 minuto\" \/>\n<script type=\"application\/ld+json\" class=\"yoast-schema-graph\">{\"@context\":\"https:\/\/schema.org\",\"@graph\":[{\"@type\":\"WebPage\",\"@id\":\"https:\/\/siemoneit.de\/fahrzeugaufbereitung\/gutschein\/\",\"url\":\"https:\/\/siemoneit.de\/fahrzeugaufbereitung\/gutschein\/\",\"name\":\"Gutschein - Siemoneit GmbH\",\"isPartOf\":{\"@id\":\"https:\/\/siemoneit.de\/#website\"},\"datePublished\":\"2023-07-25T22:14:11+00:00\",\"dateModified\":\"2023-07-26T23:41:48+00:00\",\"breadcrumb\":{\"@id\":\"https:\/\/siemoneit.de\/fahrzeugaufbereitung\/gutschein\/#breadcrumb\"},\"inLanguage\":\"es\",\"potentialAction\":[{\"@type\":\"ReadAction\",\"target\":[\"https:\/\/siemoneit.de\/fahrzeugaufbereitung\/gutschein\/\"]}]},{\"@type\":\"BreadcrumbList\",\"@id\":\"https:\/\/siemoneit.de\/fahrzeugaufbereitung\/gutschein\/#breadcrumb\",\"itemListElement\":[{\"@type\":\"ListItem\",\"position\":1,\"name\":\"Startseite\",\"item\":\"https:\/\/siemoneit.de\/\"},{\"@type\":\"ListItem\",\"position\":2,\"name\":\"Glanzliebe Fahrzeugaufbereitung\",\"item\":\"https:\/\/siemoneit.de\/fahrzeugaufbereitung\/\"},{\"@type\":\"ListItem\",\"position\":3,\"name\":\"Gutschein\"}]},{\"@type\":\"WebSite\",\"@id\":\"https:\/\/siemoneit.de\/#website\",\"url\":\"https:\/\/siemoneit.de\/\",\"name\":\"Siemoneit GmbH\",\"description\":\"\",\"publisher\":{\"@id\":\"https:\/\/siemoneit.de\/#organization\"},\"potentialAction\":[{\"@type\":\"SearchAction\",\"target\":{\"@type\":\"EntryPoint\",\"urlTemplate\":\"https:\/\/siemoneit.de\/?s={search_term_string}\"},\"query-input\":{\"@type\":\"PropertyValueSpecification\",\"valueRequired\":true,\"valueName\":\"search_term_string\"}}],\"inLanguage\":\"es\"},{\"@type\":\"Organization\",\"@id\":\"https:\/\/siemoneit.de\/#organization\",\"name\":\"Siemoneit GmbH\",\"url\":\"https:\/\/siemoneit.de\/\",\"logo\":{\"@type\":\"ImageObject\",\"inLanguage\":\"es\",\"@id\":\"https:\/\/siemoneit.de\/#\/schema\/logo\/image\/\",\"url\":\"https:\/\/siemoneit.de\/wp-content\/uploads\/2023\/04\/images-removebg-preview.png\",\"contentUrl\":\"https:\/\/siemoneit.de\/wp-content\/uploads\/2023\/04\/images-removebg-preview.png\",\"width\":225,\"height\":225,\"caption\":\"Siemoneit GmbH\"},\"image\":{\"@id\":\"https:\/\/siemoneit.de\/#\/schema\/logo\/image\/\"},\"sameAs\":[\"https:\/\/www.facebook.com\/siemoneit.racing\",\"https:\/\/www.instagram.com\/siemoneit_racing\/\"]}]}<\/script>\n<!-- \/ Yoast SEO plugin. -->","yoast_head_json":{"title":"Vale - Siemoneit GmbH","robots":{"index":"index","follow":"follow","max-snippet":"max-snippet:-1","max-image-preview":"max-image-preview:large","max-video-preview":"max-video-preview:-1"},"canonical":"https:\/\/siemoneit.de\/es\/preparacion-del-vehiculo\/vale\/","og_locale":"es_ES","og_type":"article","og_title":"Gutschein - Siemoneit GmbH","og_description":"Gutschein Glanzliebe verschenken Schon wieder Socken? Lieber nicht. Verbreiten Sie mit Ihrem Geschenk echte Freude \u2013 mit einem Glanzliebe-Gutschein. Der oder die Beschenkte wird es Ihnen danken und ihr\/sein Fahrzeug auch. Egal ob zu Weihnachten, Geburtstag, Ostern oder zu einer besonderen Gelegenheit \u2013 Glanzliebe ist immer eine gute Idee und kommt immer gut an. Sie ... Leer m\u00e1s","og_url":"https:\/\/siemoneit.de\/es\/preparacion-del-vehiculo\/vale\/","og_site_name":"Siemoneit GmbH","article_publisher":"https:\/\/www.facebook.com\/siemoneit.racing","article_modified_time":"2023-07-26T23:41:48+00:00","twitter_card":"summary_large_image","twitter_misc":{"Tiempo de lectura":"1 minuto"},"schema":{"@context":"https:\/\/schema.org","@graph":[{"@type":"WebPage","@id":"https:\/\/siemoneit.de\/fahrzeugaufbereitung\/gutschein\/","url":"https:\/\/siemoneit.de\/fahrzeugaufbereitung\/gutschein\/","name":"Vale - Siemoneit GmbH","isPartOf":{"@id":"https:\/\/siemoneit.de\/#website"},"datePublished":"2023-07-25T22:14:11+00:00","dateModified":"2023-07-26T23:41:48+00:00","breadcrumb":{"@id":"https:\/\/siemoneit.de\/fahrzeugaufbereitung\/gutschein\/#breadcrumb"},"inLanguage":"es","potentialAction":[{"@type":"ReadAction","target":["https:\/\/siemoneit.de\/fahrzeugaufbereitung\/gutschein\/"]}]},{"@type":"BreadcrumbList","@id":"https:\/\/siemoneit.de\/fahrzeugaufbereitung\/gutschein\/#breadcrumb","itemListElement":[{"@type":"ListItem","position":1,"name":"Startseite","item":"https:\/\/siemoneit.de\/"},{"@type":"ListItem","position":2,"name":"Glanzliebe Fahrzeugaufbereitung","item":"https:\/\/siemoneit.de\/fahrzeugaufbereitung\/"},{"@type":"ListItem","position":3,"name":"Gutschein"}]},{"@type":"WebSite","@id":"https:\/\/siemoneit.de\/#website","url":"https:\/\/siemoneit.de\/","name":"Siemoneit GmbH","description":"","publisher":{"@id":"https:\/\/siemoneit.de\/#organization"},"potentialAction":[{"@type":"SearchAction","target":{"@type":"EntryPoint","urlTemplate":"https:\/\/siemoneit.de\/?s={search_term_string}"},"query-input":{"@type":"PropertyValueSpecification","valueRequired":true,"valueName":"search_term_string"}}],"inLanguage":"es"},{"@type":"Organization","@id":"https:\/\/siemoneit.de\/#organization","name":"Siemoneit GmbH","url":"https:\/\/siemoneit.de\/","logo":{"@type":"ImageObject","inLanguage":"es","@id":"https:\/\/siemoneit.de\/#\/schema\/logo\/image\/","url":"https:\/\/siemoneit.de\/wp-content\/uploads\/2023\/04\/images-removebg-preview.png","contentUrl":"https:\/\/siemoneit.de\/wp-content\/uploads\/2023\/04\/images-removebg-preview.png","width":225,"height":225,"caption":"Siemoneit GmbH"},"image":{"@id":"https:\/\/siemoneit.de\/#\/schema\/logo\/image\/"},"sameAs":["https:\/\/www.facebook.com\/siemoneit.racing","https:\/\/www.instagram.com\/siemoneit_racing\/"]}]}},"_links":{"self":[{"href":"https:\/\/siemoneit.de\/es\/wp-json\/wp\/v2\/pages\/4330","targetHints":{"allow":["GET"]}}],"collection":[{"href":"https:\/\/siemoneit.de\/es\/wp-json\/wp\/v2\/pages"}],"about":[{"href":"https:\/\/siemoneit.de\/es\/wp-json\/wp\/v2\/types\/page"}],"author":[{"embeddable":true,"href":"https:\/\/siemoneit.de\/es\/wp-json\/wp\/v2\/users\/1"}],"replies":[{"embeddable":true,"href":"https:\/\/siemoneit.de\/es\/wp-json\/wp\/v2\/comments?post=4330"}],"version-history":[{"count":0,"href":"https:\/\/siemoneit.de\/es\/wp-json\/wp\/v2\/pages\/4330\/revisions"}],"up":[{"embeddable":true,"href":"https:\/\/siemoneit.de\/es\/wp-json\/wp\/v2\/pages\/178"}],"wp:attachment":[{"href":"https:\/\/siemoneit.de\/es\/wp-json\/wp\/v2\/media?parent=4330"}],"curies":[{"name":"wp","href":"https:\/\/api.w.org\/{rel}","templated":true}]}}