{"id":3431,"date":"2023-06-24T17:12:27","date_gmt":"2023-06-24T15:12:27","guid":{"rendered":"https:\/\/siemoneit.de\/produkt\/wagner-ladeluftkuehler-kit-evo-2-fuer-audi-80-s2-rs2\/"},"modified":"2023-06-24T20:14:31","modified_gmt":"2023-06-24T18:14:31","slug":"wagner-intercooler-kit-evo-2-for-audi-80-s2-rs2","status":"publish","type":"product","link":"https:\/\/siemoneit.de\/en\/store\/wagner-intercooler-kit-evo-2-for-audi-80-s2-rs2\/","title":{"rendered":"WAGNER intercooler kit EVO 2 for Audi 80 S2\/RS2"},"content":{"rendered":"<p>Intercooler kit EVO 2 for Audi 80 S2\/RS2 for our short intake manifold.<\/p>\n<p>The high-performance intercooler has the following net dimensions, 500mm x 220mm x 90mm, which corresponds to a volume of 10 liters. The performance high-performance mesh offers very good cooling properties. The end boxes of the intercooler are made of cast aluminium and have been optimized with the help of flow analyses in the CAD system. The intercooler kit was developed directly for the S2\/RS2 with our short intake manifold. It is fitted by replacing the OEM intercooler and is easy to install. Optimum cooling of the supercharged air with a significant increase in performance!<\/p>\n<p>Intercooler WAGNER S2\/RS2<br \/>\nStainless steel crossbar<br \/>\nPipe for additional air slide valve<br \/>\nSilicone hose from LLK to throttle valve<br \/>\nSilicone adapter 50\/70mm LLK inlet<br \/>\nSilicone hose for auxiliary water cooler<\/p>\n<p>Not permitted in the STVO area.<\/p>","protected":false},"excerpt":{"rendered":"<p>Intercooler kit EVO 2 for Audi 80 S2\/RS2 for our short intake manifold. The high-performance intercooler has the following net dimensions, 500mm x 220mm x 90mm, which corresponds to a volume of 10 liters. The performance high-performance mesh offers very good cooling properties. The end boxes of the intercooler are made of cast aluminium and have been optimized with the help of flow analyses in the CAD system. The intercooler kit was directly ... <a title=\"WAGNER intercooler kit EVO 2 for Audi 80 S2\/RS2\" class=\"read-more\" href=\"https:\/\/siemoneit.de\/en\/store\/wagner-intercooler-kit-evo-2-for-audi-80-s2-rs2\/\" aria-label=\"Read more about WAGNER intercooler kit EVO 2 for Audi 80 S2\/RS2\">Read more<\/a><\/p>","protected":false},"featured_media":1465,"template":"","meta":{"_acf_changed":false},"product_brand":[],"product_cat":[171,177],"product_tag":[],"class_list":{"0":"post-3431","1":"product","2":"type-product","3":"status-publish","4":"has-post-thumbnail","6":"product_cat-ladeluftkuehler","7":"product_cat-tuning","9":"first","10":"instock","11":"taxable","12":"shipping-taxable","13":"product-type-simple"},"acf":[],"yoast_head":"<!-- This site is optimized with the Yoast SEO plugin v27.4 - https:\/\/yoast.com\/product\/yoast-seo-wordpress\/ -->\n<title>WAGNER Ladeluftk\u00fchler Kit EVO 2 f\u00fcr Audi 80 S2\/RS2 - Siemoneit GmbH<\/title>\n<meta name=\"robots\" content=\"index, follow, max-snippet:-1, max-image-preview:large, max-video-preview:-1\" \/>\n<link rel=\"canonical\" href=\"https:\/\/siemoneit.de\/en\/store\/wagner-intercooler-kit-evo-2-for-audi-80-s2-rs2\/\" \/>\n<meta property=\"og:locale\" content=\"en_US\" \/>\n<meta property=\"og:type\" content=\"article\" \/>\n<meta property=\"og:title\" content=\"WAGNER Ladeluftk\u00fchler Kit EVO 2 f\u00fcr Audi 80 S2\/RS2 - Siemoneit GmbH\" \/>\n<meta property=\"og:description\" content=\"Ladeluftk\u00fchler Kit EVO 2 f\u00fcr Audi 80 S2\/RS2 f\u00fcr unser kurzes Saugrohr. Der Hochleistungsladeluftk\u00fchler hat folgende Netzabma\u00dfe, 500mm x 220mm x 90mm, das entspricht einem Volumen von 10 Litern. Das Performance-Hochleistungsnetz bietet sehr gute K\u00fchleigenschaften. Die Endk\u00e4sten des Ladeluftk\u00fchlers sind aus Aluminiumguss und wurden mit Hilfe von Str\u00f6mungsanalysen im CAD-System optimiert. Das Ladeluftk\u00fchler-Kit wurde direkt ... Read more\" \/>\n<meta property=\"og:url\" content=\"https:\/\/siemoneit.de\/en\/store\/wagner-intercooler-kit-evo-2-for-audi-80-s2-rs2\/\" \/>\n<meta property=\"og:site_name\" content=\"Siemoneit GmbH\" \/>\n<meta property=\"article:publisher\" content=\"https:\/\/www.facebook.com\/siemoneit.racing\" \/>\n<meta property=\"article:modified_time\" content=\"2023-06-24T18:14:31+00:00\" \/>\n<meta property=\"og:image\" content=\"https:\/\/siemoneit.de\/wp-content\/uploads\/2023\/05\/9481_80465.jpeg\" \/>\n\t<meta property=\"og:image:width\" content=\"600\" \/>\n\t<meta property=\"og:image:height\" content=\"400\" \/>\n\t<meta property=\"og:image:type\" content=\"image\/jpeg\" \/>\n<meta name=\"twitter:card\" content=\"summary_large_image\" \/>\n<meta name=\"twitter:label1\" content=\"Est. reading time\" \/>\n\t<meta name=\"twitter:data1\" content=\"1 minute\" \/>\n<script type=\"application\/ld+json\" class=\"yoast-schema-graph\">{\"@context\":\"https:\\\/\\\/schema.org\",\"@graph\":[{\"@type\":\"WebPage\",\"@id\":\"https:\\\/\\\/siemoneit.de\\\/shop\\\/wagner-ladeluftkuehler-kit-evo-2-fuer-audi-80-s2-rs2\\\/\",\"url\":\"https:\\\/\\\/siemoneit.de\\\/shop\\\/wagner-ladeluftkuehler-kit-evo-2-fuer-audi-80-s2-rs2\\\/\",\"name\":\"WAGNER Ladeluftk\u00fchler Kit EVO 2 f\u00fcr Audi 80 S2\\\/RS2 - Siemoneit GmbH\",\"isPartOf\":{\"@id\":\"https:\\\/\\\/siemoneit.de\\\/#website\"},\"primaryImageOfPage\":{\"@id\":\"https:\\\/\\\/siemoneit.de\\\/shop\\\/wagner-ladeluftkuehler-kit-evo-2-fuer-audi-80-s2-rs2\\\/#primaryimage\"},\"image\":{\"@id\":\"https:\\\/\\\/siemoneit.de\\\/shop\\\/wagner-ladeluftkuehler-kit-evo-2-fuer-audi-80-s2-rs2\\\/#primaryimage\"},\"thumbnailUrl\":\"https:\\\/\\\/siemoneit.de\\\/wp-content\\\/uploads\\\/2023\\\/05\\\/9481_80465.jpeg\",\"datePublished\":\"2023-06-24T15:12:27+00:00\",\"dateModified\":\"2023-06-24T18:14:31+00:00\",\"breadcrumb\":{\"@id\":\"https:\\\/\\\/siemoneit.de\\\/shop\\\/wagner-ladeluftkuehler-kit-evo-2-fuer-audi-80-s2-rs2\\\/#breadcrumb\"},\"inLanguage\":\"en-US\",\"potentialAction\":[{\"@type\":\"ReadAction\",\"target\":[\"https:\\\/\\\/siemoneit.de\\\/shop\\\/wagner-ladeluftkuehler-kit-evo-2-fuer-audi-80-s2-rs2\\\/\"]}]},{\"@type\":\"ImageObject\",\"inLanguage\":\"en-US\",\"@id\":\"https:\\\/\\\/siemoneit.de\\\/shop\\\/wagner-ladeluftkuehler-kit-evo-2-fuer-audi-80-s2-rs2\\\/#primaryimage\",\"url\":\"https:\\\/\\\/siemoneit.de\\\/wp-content\\\/uploads\\\/2023\\\/05\\\/9481_80465.jpeg\",\"contentUrl\":\"https:\\\/\\\/siemoneit.de\\\/wp-content\\\/uploads\\\/2023\\\/05\\\/9481_80465.jpeg\",\"width\":600,\"height\":400},{\"@type\":\"BreadcrumbList\",\"@id\":\"https:\\\/\\\/siemoneit.de\\\/shop\\\/wagner-ladeluftkuehler-kit-evo-2-fuer-audi-80-s2-rs2\\\/#breadcrumb\",\"itemListElement\":[{\"@type\":\"ListItem\",\"position\":1,\"name\":\"Startseite\",\"item\":\"https:\\\/\\\/siemoneit.de\\\/\"},{\"@type\":\"ListItem\",\"position\":2,\"name\":\"Shop\",\"item\":\"https:\\\/\\\/siemoneit.de\\\/shop\\\/\"},{\"@type\":\"ListItem\",\"position\":3,\"name\":\"WAGNER Ladeluftk\u00fchler Kit EVO 2 f\u00fcr Audi 80 S2\\\/RS2\"}]},{\"@type\":\"WebSite\",\"@id\":\"https:\\\/\\\/siemoneit.de\\\/#website\",\"url\":\"https:\\\/\\\/siemoneit.de\\\/\",\"name\":\"Siemoneit GmbH\",\"description\":\"\",\"publisher\":{\"@id\":\"https:\\\/\\\/siemoneit.de\\\/#organization\"},\"potentialAction\":[{\"@type\":\"SearchAction\",\"target\":{\"@type\":\"EntryPoint\",\"urlTemplate\":\"https:\\\/\\\/siemoneit.de\\\/?s={search_term_string}\"},\"query-input\":{\"@type\":\"PropertyValueSpecification\",\"valueRequired\":true,\"valueName\":\"search_term_string\"}}],\"inLanguage\":\"en-US\"},{\"@type\":\"Organization\",\"@id\":\"https:\\\/\\\/siemoneit.de\\\/#organization\",\"name\":\"Siemoneit GmbH\",\"url\":\"https:\\\/\\\/siemoneit.de\\\/\",\"logo\":{\"@type\":\"ImageObject\",\"inLanguage\":\"en-US\",\"@id\":\"https:\\\/\\\/siemoneit.de\\\/#\\\/schema\\\/logo\\\/image\\\/\",\"url\":\"https:\\\/\\\/siemoneit.de\\\/wp-content\\\/uploads\\\/2023\\\/04\\\/images-removebg-preview.png\",\"contentUrl\":\"https:\\\/\\\/siemoneit.de\\\/wp-content\\\/uploads\\\/2023\\\/04\\\/images-removebg-preview.png\",\"width\":225,\"height\":225,\"caption\":\"Siemoneit GmbH\"},\"image\":{\"@id\":\"https:\\\/\\\/siemoneit.de\\\/#\\\/schema\\\/logo\\\/image\\\/\"},\"sameAs\":[\"https:\\\/\\\/www.facebook.com\\\/siemoneit.racing\",\"https:\\\/\\\/www.instagram.com\\\/siemoneit_racing\\\/\"]}]}<\/script>\n<!-- \/ Yoast SEO plugin. -->","yoast_head_json":{"title":"WAGNER intercooler kit EVO 2 for Audi 80 S2\/RS2 - Siemoneit GmbH","robots":{"index":"index","follow":"follow","max-snippet":"max-snippet:-1","max-image-preview":"max-image-preview:large","max-video-preview":"max-video-preview:-1"},"canonical":"https:\/\/siemoneit.de\/en\/store\/wagner-intercooler-kit-evo-2-for-audi-80-s2-rs2\/","og_locale":"en_US","og_type":"article","og_title":"WAGNER Ladeluftk\u00fchler Kit EVO 2 f\u00fcr Audi 80 S2\/RS2 - Siemoneit GmbH","og_description":"Ladeluftk\u00fchler Kit EVO 2 f\u00fcr Audi 80 S2\/RS2 f\u00fcr unser kurzes Saugrohr. Der Hochleistungsladeluftk\u00fchler hat folgende Netzabma\u00dfe, 500mm x 220mm x 90mm, das entspricht einem Volumen von 10 Litern. Das Performance-Hochleistungsnetz bietet sehr gute K\u00fchleigenschaften. Die Endk\u00e4sten des Ladeluftk\u00fchlers sind aus Aluminiumguss und wurden mit Hilfe von Str\u00f6mungsanalysen im CAD-System optimiert. Das Ladeluftk\u00fchler-Kit wurde direkt ... Read more","og_url":"https:\/\/siemoneit.de\/en\/store\/wagner-intercooler-kit-evo-2-for-audi-80-s2-rs2\/","og_site_name":"Siemoneit GmbH","article_publisher":"https:\/\/www.facebook.com\/siemoneit.racing","article_modified_time":"2023-06-24T18:14:31+00:00","og_image":[{"width":600,"height":400,"url":"https:\/\/siemoneit.de\/wp-content\/uploads\/2023\/05\/9481_80465.jpeg","type":"image\/jpeg"}],"twitter_card":"summary_large_image","twitter_misc":{"Est. reading time":"1 minute"},"schema":{"@context":"https:\/\/schema.org","@graph":[{"@type":"WebPage","@id":"https:\/\/siemoneit.de\/shop\/wagner-ladeluftkuehler-kit-evo-2-fuer-audi-80-s2-rs2\/","url":"https:\/\/siemoneit.de\/shop\/wagner-ladeluftkuehler-kit-evo-2-fuer-audi-80-s2-rs2\/","name":"WAGNER intercooler kit EVO 2 for Audi 80 S2\/RS2 - Siemoneit GmbH","isPartOf":{"@id":"https:\/\/siemoneit.de\/#website"},"primaryImageOfPage":{"@id":"https:\/\/siemoneit.de\/shop\/wagner-ladeluftkuehler-kit-evo-2-fuer-audi-80-s2-rs2\/#primaryimage"},"image":{"@id":"https:\/\/siemoneit.de\/shop\/wagner-ladeluftkuehler-kit-evo-2-fuer-audi-80-s2-rs2\/#primaryimage"},"thumbnailUrl":"https:\/\/siemoneit.de\/wp-content\/uploads\/2023\/05\/9481_80465.jpeg","datePublished":"2023-06-24T15:12:27+00:00","dateModified":"2023-06-24T18:14:31+00:00","breadcrumb":{"@id":"https:\/\/siemoneit.de\/shop\/wagner-ladeluftkuehler-kit-evo-2-fuer-audi-80-s2-rs2\/#breadcrumb"},"inLanguage":"en-US","potentialAction":[{"@type":"ReadAction","target":["https:\/\/siemoneit.de\/shop\/wagner-ladeluftkuehler-kit-evo-2-fuer-audi-80-s2-rs2\/"]}]},{"@type":"ImageObject","inLanguage":"en-US","@id":"https:\/\/siemoneit.de\/shop\/wagner-ladeluftkuehler-kit-evo-2-fuer-audi-80-s2-rs2\/#primaryimage","url":"https:\/\/siemoneit.de\/wp-content\/uploads\/2023\/05\/9481_80465.jpeg","contentUrl":"https:\/\/siemoneit.de\/wp-content\/uploads\/2023\/05\/9481_80465.jpeg","width":600,"height":400},{"@type":"BreadcrumbList","@id":"https:\/\/siemoneit.de\/shop\/wagner-ladeluftkuehler-kit-evo-2-fuer-audi-80-s2-rs2\/#breadcrumb","itemListElement":[{"@type":"ListItem","position":1,"name":"Startseite","item":"https:\/\/siemoneit.de\/"},{"@type":"ListItem","position":2,"name":"Shop","item":"https:\/\/siemoneit.de\/shop\/"},{"@type":"ListItem","position":3,"name":"WAGNER Ladeluftk\u00fchler Kit EVO 2 f\u00fcr Audi 80 S2\/RS2"}]},{"@type":"WebSite","@id":"https:\/\/siemoneit.de\/#website","url":"https:\/\/siemoneit.de\/","name":"Siemoneit GmbH","description":"","publisher":{"@id":"https:\/\/siemoneit.de\/#organization"},"potentialAction":[{"@type":"SearchAction","target":{"@type":"EntryPoint","urlTemplate":"https:\/\/siemoneit.de\/?s={search_term_string}"},"query-input":{"@type":"PropertyValueSpecification","valueRequired":true,"valueName":"search_term_string"}}],"inLanguage":"en-US"},{"@type":"Organization","@id":"https:\/\/siemoneit.de\/#organization","name":"Siemoneit GmbH","url":"https:\/\/siemoneit.de\/","logo":{"@type":"ImageObject","inLanguage":"en-US","@id":"https:\/\/siemoneit.de\/#\/schema\/logo\/image\/","url":"https:\/\/siemoneit.de\/wp-content\/uploads\/2023\/04\/images-removebg-preview.png","contentUrl":"https:\/\/siemoneit.de\/wp-content\/uploads\/2023\/04\/images-removebg-preview.png","width":225,"height":225,"caption":"Siemoneit GmbH"},"image":{"@id":"https:\/\/siemoneit.de\/#\/schema\/logo\/image\/"},"sameAs":["https:\/\/www.facebook.com\/siemoneit.racing","https:\/\/www.instagram.com\/siemoneit_racing\/"]}]}},"_links":{"self":[{"href":"https:\/\/siemoneit.de\/en\/wp-json\/wp\/v2\/product\/3431","targetHints":{"allow":["GET"]}}],"collection":[{"href":"https:\/\/siemoneit.de\/en\/wp-json\/wp\/v2\/product"}],"about":[{"href":"https:\/\/siemoneit.de\/en\/wp-json\/wp\/v2\/types\/product"}],"wp:featuredmedia":[{"embeddable":true,"href":"https:\/\/siemoneit.de\/en\/wp-json\/wp\/v2\/media\/1465"}],"wp:attachment":[{"href":"https:\/\/siemoneit.de\/en\/wp-json\/wp\/v2\/media?parent=3431"}],"wp:term":[{"taxonomy":"product_brand","embeddable":true,"href":"https:\/\/siemoneit.de\/en\/wp-json\/wp\/v2\/product_brand?post=3431"},{"taxonomy":"product_cat","embeddable":true,"href":"https:\/\/siemoneit.de\/en\/wp-json\/wp\/v2\/product_cat?post=3431"},{"taxonomy":"product_tag","embeddable":true,"href":"https:\/\/siemoneit.de\/en\/wp-json\/wp\/v2\/product_tag?post=3431"}],"curies":[{"name":"wp","href":"https:\/\/api.w.org\/{rel}","templated":true}]}}