{"id":3424,"date":"2023-06-24T17:12:26","date_gmt":"2023-06-24T15:12:26","guid":{"rendered":"https:\/\/siemoneit.de\/produkt\/wagner-competition-ladeluftkuehler-kit-vag-20-tfsi-tsi\/"},"modified":"2023-06-24T20:14:32","modified_gmt":"2023-06-24T18:14:32","slug":"wagner-competition-intercooler-kit-vag-20-tfsi-tsi","status":"publish","type":"product","link":"https:\/\/siemoneit.de\/en\/store\/wagner-competition-intercooler-kit-vag-20-tfsi-tsi\/","title":{"rendered":"WAGNER Competition intercooler kit VAG 2.0 TFSI \/ TSI"},"content":{"rendered":"<p>The Competition intercooler has the following net dimensions (610mm x 440mm x 65mm \/ 17.45L) and thus offers a 10% larger flow area and 50% more charge air volume compared to the original Audi S3 intercooler. The newly developed competition high-performance mesh ensures sufficient airflow to the adjacent components, such as the water cooler, and is also very light (S3 OEM 8kg \/ WAGNERTUNING 9.2kg). CAD-developed free-form end boxes made of cast aluminum for the best possible internal airflow. The inlet and outlet have been enlarged (\u00d8 67mm), so this kit comes with matching silicone hoses. Overall, this intercooler has far less back pressure than the standard intercooler. In addition, all our intercoolers have an anti-corrosion coating with heat conduction properties. This guarantees optimum cooling with a significant increase in performance. Installation is carried out by replacing the OEM intercooler and is easy to perform. All our products are subject to constant quality control. Now available with T\u00dcV parts certificate for many vehicles.<\/p>\n<p>The WAGNERTUNING Competition intercooler kit for the VAG 2.0TFSI \/ TSI engine is suitable for the following vehicles:<\/p>\n<p>Audi A3 8P 1.8 TFSI 118KW\/160PS (2007-2012)<br \/>\nAudi A3 8P 2.0 TFSI 147KW\/200PS (2005-2012)<br \/>\nAudi S3 8P 195KW\/265PS (2006-2012)<br \/>\nAudi TT 8J 1.8 TSI 118KW\/160PS (2008-2014)<br \/>\nAudi TT 8J 2.0 TFSI 147-155KW\/200-211PS (2006-2014) (not MKB. CETA; CESA)<br \/>\nAudi TTS 8J 200KW\/272PS (2008-2014) (not MKB. CETA; CESA)<\/p>\n<p>Volkswagen Golf 5 GTI (incl.ED 30) 147-169KW\/200-230PS (2004-2008)<br \/>\nVolkswagen Golf 6 GTI (incl. ED 35) (Convertible) 155-173KW\/211-235PS (2009-2013)<br \/>\nVolkswagen Golf 6 R (incl. convertible) 199KW\/270PS (2009-2013)<br \/>\nVolkswagen Scirocco 3 2.0 TSI 147-162KW\/200-220PS (2008-2015)<br \/>\nVolkswagen Scirocco 3 R 195-206KW\/265-280PS (2009-2015)<br \/>\nVolkswagen EOS 2.0 TFSI 147KW\/200PS (2006-2009)<br \/>\nVolkswagen EOS 2.0 TFSI 155KW\/211PS (2009-2014)<br \/>\nVolkswagen Jetta 5 2.0 TFSI 147KW\/200PS (2005-2010)<br \/>\nVolkswagen Jetta 6 2.0 TSI 155KW\/211PS (2010-2014)<br \/>\nVolkswagen Passat B6 1.8 TSI 118KW\/160PS (2007-2010)<br \/>\nVolkswagen Passat B6 2.0 TSI 147KW\/200PS (2005-2010)<br \/>\nVolkswagen Passat B7 1.8 TSI 118KW\/160PS (2010-2012)<br \/>\nVolkswagen Passat B7 2.0 TSI 155KW\/211PS (2010-2014)<br \/>\nVolkswagen Passat CC 1.8 TSI 118KW\/160PS (2008-2012)<br \/>\nVolkswagen Passat CC 2.0 TFSI 147KW\/200PS (2008-2010)<br \/>\nVolkswagen Passat CC 2.0 TSI 155KW\/211PS (2010-2014)<br \/>\nVolkswagen Beetle 2.0 TSI 147-162KW\/200-220PS (2011-)<\/p>\n<p>Skoda Octavia 1Z 1.8 TSI 118KW\/160PS (2008-2013)<br \/>\nSkoda Octavia 1Z MK2 RS 147KW\/200PS (2005-2009)<br \/>\nSkoda Octavia 1Z MK2 RS 155KW\/211PS (2009-2013)<br \/>\nSkoda Suberb 3T 2.0 TSI 147KW\/200PS (2010-2013)<\/p>\n<p>Seat Leon 1P 1.8 TFSI 118KW\/160PS (2009-2012)*<br \/>\nSeat Leon 1P 2.0 TFSI 136KW\/185PS (2005-2006)*<br \/>\nSeat Leon 1P FR 147KW\/200PS (2006-2009)*<br \/>\nSeat Leon 1P FR 155KW\/211PS (2009-2012)*<br \/>\nSeat Leon 1P Cupra 177KW\/241PS (2007-2011)*<br \/>\nSeat Leon 1P Cupra R 195KW\/265PS (2009-2012)*<br \/>\nSeat Leon 1P Copa Edition 210KW\/286PS (2008)*<br \/>\nSeat Leon 1P Cupra R310 LE 228KW\/310PS (2009-2012)*<br \/>\nSeat Leon 1P Cupra R310 WCE 228KW\/310PS (2009-2012)*<\/p>\n<p>* slight modifications to the vehicle required<\/p>\n<p>Scope of delivery:<br \/>\n1 intercooler<br \/>\n2 silicone hoses<br \/>\n4 hose clamps<br \/>\n1 aluminum adapter<br \/>\n1 Assembly instructions<br \/>\n1 T\u00dcV parts certificate<\/p>","protected":false},"excerpt":{"rendered":"<p>The Competition intercooler has the following net dimensions (610mm x 440mm x 65mm \/ 17.45L) and thus offers a 10% larger flow area and 50% more charge air volume compared to the original Audi S3 intercooler. The newly developed competition high-performance mesh ensures sufficient airflow to the adjacent components, such as the water cooler, and is also very light (S3 OEM 8kg\/ WAGNERTUNING 9.2kg) ... <a title=\"WAGNER Competition intercooler kit VAG 2.0 TFSI \/ TSI\" class=\"read-more\" href=\"https:\/\/siemoneit.de\/en\/store\/wagner-competition-intercooler-kit-vag-20-tfsi-tsi\/\" aria-label=\"Read more about WAGNER Competition Intercooler Kit VAG 2.0 TFSI \/ TSI\">Read more<\/a><\/p>","protected":false},"featured_media":1492,"template":"","meta":{"_acf_changed":false},"product_brand":[],"product_cat":[171,177],"product_tag":[],"class_list":{"0":"post-3424","1":"product","2":"type-product","3":"status-publish","4":"has-post-thumbnail","6":"product_cat-ladeluftkuehler","7":"product_cat-tuning","9":"first","10":"instock","11":"taxable","12":"shipping-taxable","13":"product-type-simple"},"acf":[],"yoast_head":"<!-- This site is optimized with the Yoast SEO plugin v27.4 - https:\/\/yoast.com\/product\/yoast-seo-wordpress\/ -->\n<title>WAGNER Competition Ladeluftk\u00fchler Kit VAG 2,0 TFSI \/ TSI - Siemoneit GmbH<\/title>\n<meta name=\"robots\" content=\"index, follow, max-snippet:-1, max-image-preview:large, max-video-preview:-1\" \/>\n<link rel=\"canonical\" href=\"https:\/\/siemoneit.de\/en\/store\/wagner-competition-intercooler-kit-vag-20-tfsi-tsi\/\" \/>\n<meta property=\"og:locale\" content=\"en_US\" \/>\n<meta property=\"og:type\" content=\"article\" \/>\n<meta property=\"og:title\" content=\"WAGNER Competition Ladeluftk\u00fchler Kit VAG 2,0 TFSI \/ TSI - Siemoneit GmbH\" \/>\n<meta property=\"og:description\" content=\"Der Competition Ladeluftk\u00fchler hat folgende Netzabma\u00dfe (610mm x 440mm x 65mm \/ 17.45L) und bietet damit eine 10% gr\u00f6\u00dfere Anstr\u00f6mfl\u00e4che sowie 50% mehr Ladeluftvolumen gegen\u00fcber dem originalen Audi S3 Ladeluftk\u00fchler. Das neuentwickelte Competition-Hochleistungsnetz gew\u00e4hrt den angrenzenden Bauteilen, wie z.B. dem Wasserk\u00fchler, noch gen\u00fcgend Luftstrom und ist zudem noch sehr leicht (S3 OEM 8kg\/ WAGNERTUNING 9,2kg) ... Read more\" \/>\n<meta property=\"og:url\" content=\"https:\/\/siemoneit.de\/en\/store\/wagner-competition-intercooler-kit-vag-20-tfsi-tsi\/\" \/>\n<meta property=\"og:site_name\" content=\"Siemoneit GmbH\" \/>\n<meta property=\"article:publisher\" content=\"https:\/\/www.facebook.com\/siemoneit.racing\" \/>\n<meta property=\"article:modified_time\" content=\"2023-06-24T18:14:32+00:00\" \/>\n<meta property=\"og:image\" content=\"https:\/\/siemoneit.de\/wp-content\/uploads\/2023\/05\/9472_67361.jpeg\" \/>\n\t<meta property=\"og:image:width\" content=\"600\" \/>\n\t<meta property=\"og:image:height\" content=\"400\" \/>\n\t<meta property=\"og:image:type\" content=\"image\/jpeg\" \/>\n<meta name=\"twitter:card\" content=\"summary_large_image\" \/>\n<meta name=\"twitter:label1\" content=\"Est. reading time\" \/>\n\t<meta name=\"twitter:data1\" content=\"2 minutes\" \/>\n<script type=\"application\/ld+json\" class=\"yoast-schema-graph\">{\"@context\":\"https:\\\/\\\/schema.org\",\"@graph\":[{\"@type\":\"WebPage\",\"@id\":\"https:\\\/\\\/siemoneit.de\\\/shop\\\/wagner-competition-ladeluftkuehler-kit-vag-20-tfsi-tsi\\\/\",\"url\":\"https:\\\/\\\/siemoneit.de\\\/shop\\\/wagner-competition-ladeluftkuehler-kit-vag-20-tfsi-tsi\\\/\",\"name\":\"WAGNER Competition Ladeluftk\u00fchler Kit VAG 2,0 TFSI \\\/ TSI - Siemoneit GmbH\",\"isPartOf\":{\"@id\":\"https:\\\/\\\/siemoneit.de\\\/#website\"},\"primaryImageOfPage\":{\"@id\":\"https:\\\/\\\/siemoneit.de\\\/shop\\\/wagner-competition-ladeluftkuehler-kit-vag-20-tfsi-tsi\\\/#primaryimage\"},\"image\":{\"@id\":\"https:\\\/\\\/siemoneit.de\\\/shop\\\/wagner-competition-ladeluftkuehler-kit-vag-20-tfsi-tsi\\\/#primaryimage\"},\"thumbnailUrl\":\"https:\\\/\\\/siemoneit.de\\\/wp-content\\\/uploads\\\/2023\\\/05\\\/9472_67361.jpeg\",\"datePublished\":\"2023-06-24T15:12:26+00:00\",\"dateModified\":\"2023-06-24T18:14:32+00:00\",\"breadcrumb\":{\"@id\":\"https:\\\/\\\/siemoneit.de\\\/shop\\\/wagner-competition-ladeluftkuehler-kit-vag-20-tfsi-tsi\\\/#breadcrumb\"},\"inLanguage\":\"en-US\",\"potentialAction\":[{\"@type\":\"ReadAction\",\"target\":[\"https:\\\/\\\/siemoneit.de\\\/shop\\\/wagner-competition-ladeluftkuehler-kit-vag-20-tfsi-tsi\\\/\"]}]},{\"@type\":\"ImageObject\",\"inLanguage\":\"en-US\",\"@id\":\"https:\\\/\\\/siemoneit.de\\\/shop\\\/wagner-competition-ladeluftkuehler-kit-vag-20-tfsi-tsi\\\/#primaryimage\",\"url\":\"https:\\\/\\\/siemoneit.de\\\/wp-content\\\/uploads\\\/2023\\\/05\\\/9472_67361.jpeg\",\"contentUrl\":\"https:\\\/\\\/siemoneit.de\\\/wp-content\\\/uploads\\\/2023\\\/05\\\/9472_67361.jpeg\",\"width\":600,\"height\":400},{\"@type\":\"BreadcrumbList\",\"@id\":\"https:\\\/\\\/siemoneit.de\\\/shop\\\/wagner-competition-ladeluftkuehler-kit-vag-20-tfsi-tsi\\\/#breadcrumb\",\"itemListElement\":[{\"@type\":\"ListItem\",\"position\":1,\"name\":\"Startseite\",\"item\":\"https:\\\/\\\/siemoneit.de\\\/\"},{\"@type\":\"ListItem\",\"position\":2,\"name\":\"Shop\",\"item\":\"https:\\\/\\\/siemoneit.de\\\/shop\\\/\"},{\"@type\":\"ListItem\",\"position\":3,\"name\":\"WAGNER Competition Ladeluftk\u00fchler Kit VAG 2,0 TFSI \\\/ TSI\"}]},{\"@type\":\"WebSite\",\"@id\":\"https:\\\/\\\/siemoneit.de\\\/#website\",\"url\":\"https:\\\/\\\/siemoneit.de\\\/\",\"name\":\"Siemoneit GmbH\",\"description\":\"\",\"publisher\":{\"@id\":\"https:\\\/\\\/siemoneit.de\\\/#organization\"},\"potentialAction\":[{\"@type\":\"SearchAction\",\"target\":{\"@type\":\"EntryPoint\",\"urlTemplate\":\"https:\\\/\\\/siemoneit.de\\\/?s={search_term_string}\"},\"query-input\":{\"@type\":\"PropertyValueSpecification\",\"valueRequired\":true,\"valueName\":\"search_term_string\"}}],\"inLanguage\":\"en-US\"},{\"@type\":\"Organization\",\"@id\":\"https:\\\/\\\/siemoneit.de\\\/#organization\",\"name\":\"Siemoneit GmbH\",\"url\":\"https:\\\/\\\/siemoneit.de\\\/\",\"logo\":{\"@type\":\"ImageObject\",\"inLanguage\":\"en-US\",\"@id\":\"https:\\\/\\\/siemoneit.de\\\/#\\\/schema\\\/logo\\\/image\\\/\",\"url\":\"https:\\\/\\\/siemoneit.de\\\/wp-content\\\/uploads\\\/2023\\\/04\\\/images-removebg-preview.png\",\"contentUrl\":\"https:\\\/\\\/siemoneit.de\\\/wp-content\\\/uploads\\\/2023\\\/04\\\/images-removebg-preview.png\",\"width\":225,\"height\":225,\"caption\":\"Siemoneit GmbH\"},\"image\":{\"@id\":\"https:\\\/\\\/siemoneit.de\\\/#\\\/schema\\\/logo\\\/image\\\/\"},\"sameAs\":[\"https:\\\/\\\/www.facebook.com\\\/siemoneit.racing\",\"https:\\\/\\\/www.instagram.com\\\/siemoneit_racing\\\/\"]}]}<\/script>\n<!-- \/ Yoast SEO plugin. -->","yoast_head_json":{"title":"WAGNER Competition intercooler kit VAG 2.0 TFSI \/ TSI - Siemoneit GmbH","robots":{"index":"index","follow":"follow","max-snippet":"max-snippet:-1","max-image-preview":"max-image-preview:large","max-video-preview":"max-video-preview:-1"},"canonical":"https:\/\/siemoneit.de\/en\/store\/wagner-competition-intercooler-kit-vag-20-tfsi-tsi\/","og_locale":"en_US","og_type":"article","og_title":"WAGNER Competition Ladeluftk\u00fchler Kit VAG 2,0 TFSI \/ TSI - Siemoneit GmbH","og_description":"Der Competition Ladeluftk\u00fchler hat folgende Netzabma\u00dfe (610mm x 440mm x 65mm \/ 17.45L) und bietet damit eine 10% gr\u00f6\u00dfere Anstr\u00f6mfl\u00e4che sowie 50% mehr Ladeluftvolumen gegen\u00fcber dem originalen Audi S3 Ladeluftk\u00fchler. Das neuentwickelte Competition-Hochleistungsnetz gew\u00e4hrt den angrenzenden Bauteilen, wie z.B. dem Wasserk\u00fchler, noch gen\u00fcgend Luftstrom und ist zudem noch sehr leicht (S3 OEM 8kg\/ WAGNERTUNING 9,2kg) ... Read more","og_url":"https:\/\/siemoneit.de\/en\/store\/wagner-competition-intercooler-kit-vag-20-tfsi-tsi\/","og_site_name":"Siemoneit GmbH","article_publisher":"https:\/\/www.facebook.com\/siemoneit.racing","article_modified_time":"2023-06-24T18:14:32+00:00","og_image":[{"width":600,"height":400,"url":"https:\/\/siemoneit.de\/wp-content\/uploads\/2023\/05\/9472_67361.jpeg","type":"image\/jpeg"}],"twitter_card":"summary_large_image","twitter_misc":{"Est. reading time":"2 minutes"},"schema":{"@context":"https:\/\/schema.org","@graph":[{"@type":"WebPage","@id":"https:\/\/siemoneit.de\/shop\/wagner-competition-ladeluftkuehler-kit-vag-20-tfsi-tsi\/","url":"https:\/\/siemoneit.de\/shop\/wagner-competition-ladeluftkuehler-kit-vag-20-tfsi-tsi\/","name":"WAGNER Competition intercooler kit VAG 2.0 TFSI \/ TSI - Siemoneit GmbH","isPartOf":{"@id":"https:\/\/siemoneit.de\/#website"},"primaryImageOfPage":{"@id":"https:\/\/siemoneit.de\/shop\/wagner-competition-ladeluftkuehler-kit-vag-20-tfsi-tsi\/#primaryimage"},"image":{"@id":"https:\/\/siemoneit.de\/shop\/wagner-competition-ladeluftkuehler-kit-vag-20-tfsi-tsi\/#primaryimage"},"thumbnailUrl":"https:\/\/siemoneit.de\/wp-content\/uploads\/2023\/05\/9472_67361.jpeg","datePublished":"2023-06-24T15:12:26+00:00","dateModified":"2023-06-24T18:14:32+00:00","breadcrumb":{"@id":"https:\/\/siemoneit.de\/shop\/wagner-competition-ladeluftkuehler-kit-vag-20-tfsi-tsi\/#breadcrumb"},"inLanguage":"en-US","potentialAction":[{"@type":"ReadAction","target":["https:\/\/siemoneit.de\/shop\/wagner-competition-ladeluftkuehler-kit-vag-20-tfsi-tsi\/"]}]},{"@type":"ImageObject","inLanguage":"en-US","@id":"https:\/\/siemoneit.de\/shop\/wagner-competition-ladeluftkuehler-kit-vag-20-tfsi-tsi\/#primaryimage","url":"https:\/\/siemoneit.de\/wp-content\/uploads\/2023\/05\/9472_67361.jpeg","contentUrl":"https:\/\/siemoneit.de\/wp-content\/uploads\/2023\/05\/9472_67361.jpeg","width":600,"height":400},{"@type":"BreadcrumbList","@id":"https:\/\/siemoneit.de\/shop\/wagner-competition-ladeluftkuehler-kit-vag-20-tfsi-tsi\/#breadcrumb","itemListElement":[{"@type":"ListItem","position":1,"name":"Startseite","item":"https:\/\/siemoneit.de\/"},{"@type":"ListItem","position":2,"name":"Shop","item":"https:\/\/siemoneit.de\/shop\/"},{"@type":"ListItem","position":3,"name":"WAGNER Competition Ladeluftk\u00fchler Kit VAG 2,0 TFSI \/ TSI"}]},{"@type":"WebSite","@id":"https:\/\/siemoneit.de\/#website","url":"https:\/\/siemoneit.de\/","name":"Siemoneit GmbH","description":"","publisher":{"@id":"https:\/\/siemoneit.de\/#organization"},"potentialAction":[{"@type":"SearchAction","target":{"@type":"EntryPoint","urlTemplate":"https:\/\/siemoneit.de\/?s={search_term_string}"},"query-input":{"@type":"PropertyValueSpecification","valueRequired":true,"valueName":"search_term_string"}}],"inLanguage":"en-US"},{"@type":"Organization","@id":"https:\/\/siemoneit.de\/#organization","name":"Siemoneit GmbH","url":"https:\/\/siemoneit.de\/","logo":{"@type":"ImageObject","inLanguage":"en-US","@id":"https:\/\/siemoneit.de\/#\/schema\/logo\/image\/","url":"https:\/\/siemoneit.de\/wp-content\/uploads\/2023\/04\/images-removebg-preview.png","contentUrl":"https:\/\/siemoneit.de\/wp-content\/uploads\/2023\/04\/images-removebg-preview.png","width":225,"height":225,"caption":"Siemoneit GmbH"},"image":{"@id":"https:\/\/siemoneit.de\/#\/schema\/logo\/image\/"},"sameAs":["https:\/\/www.facebook.com\/siemoneit.racing","https:\/\/www.instagram.com\/siemoneit_racing\/"]}]}},"_links":{"self":[{"href":"https:\/\/siemoneit.de\/en\/wp-json\/wp\/v2\/product\/3424","targetHints":{"allow":["GET"]}}],"collection":[{"href":"https:\/\/siemoneit.de\/en\/wp-json\/wp\/v2\/product"}],"about":[{"href":"https:\/\/siemoneit.de\/en\/wp-json\/wp\/v2\/types\/product"}],"wp:featuredmedia":[{"embeddable":true,"href":"https:\/\/siemoneit.de\/en\/wp-json\/wp\/v2\/media\/1492"}],"wp:attachment":[{"href":"https:\/\/siemoneit.de\/en\/wp-json\/wp\/v2\/media?parent=3424"}],"wp:term":[{"taxonomy":"product_brand","embeddable":true,"href":"https:\/\/siemoneit.de\/en\/wp-json\/wp\/v2\/product_brand?post=3424"},{"taxonomy":"product_cat","embeddable":true,"href":"https:\/\/siemoneit.de\/en\/wp-json\/wp\/v2\/product_cat?post=3424"},{"taxonomy":"product_tag","embeddable":true,"href":"https:\/\/siemoneit.de\/en\/wp-json\/wp\/v2\/product_tag?post=3424"}],"curies":[{"name":"wp","href":"https:\/\/api.w.org\/{rel}","templated":true}]}}