{"id":3422,"date":"2023-06-24T17:12:26","date_gmt":"2023-06-24T15:12:26","guid":{"rendered":"https:\/\/siemoneit.de\/produkt\/wagner-competition-ladeluftkuehler-kit-vag-18-20tsi\/"},"modified":"2023-06-24T20:14:32","modified_gmt":"2023-06-24T18:14:32","slug":"wagner-competition-intercooler-kit-vag-18-20tsi","status":"publish","type":"product","link":"https:\/\/siemoneit.de\/en\/store\/wagner-competition-intercooler-kit-vag-18-20tsi\/","title":{"rendered":"WAGNER Competition intercooler kit VAG 1.8-2.0TSI"},"content":{"rendered":"<p>Added performance at the highest level<\/p>\n<p>The Competition intercooler has the following net dimensions (640mm x 410mm x 65mm) and therefore has an external charge air volume of 17 liters (OEM 9 liters). The newly developed competition high-performance mesh (tube fin) ensures sufficient airflow to the adjacent components, such as the water cooler, and is also very light. As a result, the intercooler has a total weight of just 8.4 kg. The cast aluminium end boxes were created in CAD and optimized with the help of CFD simulations for the best possible internal airflow. An air duct integrated in the end box enables a homogeneous filling of the competition high-performance mesh. The inlets and outlets of the intercooler have been enlarged to \u00d8 70mm, which is why this kit comes with reinforced silicone hoses. Overall, this intercooler has far less back pressure than the standard intercooler. In addition, all our intercoolers have an anti-corrosion coating with heat conduction properties. This guarantees long-lasting and optimum cooling with a significant increase in performance. Installation is carried out by replacing the OEM charge air cooler and is easy to perform. All our products are subject to constant quality control.<\/p>\n<p>The WAGNERTUNING Competition intercooler kit for the VAG 1.8TSI - 2.0TSI engine is suitable for the following vehicles:<\/p>\n<p>- VW Golf 7 GTI 2.0 TSI 162KW\/220PS 169KW\/230PS<br \/>\n- VW Golf 7 R 2.0 TSI 221KW\/300PS<br \/>\n- Skoda Superb 3V 2,0TSI 162KW\/220PS<br \/>\n- Skoda Superb 3V 2,0TSI 206KW\/280PS<\/p>\n<p>With further modifications (see notes) to the vehicle, also suitable for:<br \/>\n- Audi A3 8V 1,8TSI 132KW\/180PS*<br \/>\n- Audi S3 8V 2.0TSI 221KW\/300PS*<br \/>\n- Audi TT 8S 2.0TFSI 169KW \/ 230PS*<br \/>\n- Audi TTS 8S 2.0TSI 228KW\/310PS*<br \/>\n- Seat Leon 5F Cupra 2.0TSI 206KW\/280PS*<br \/>\n- Skoda Octavia 5E 1,8TSI 132KW\/180PS*<br \/>\n- Skoda Octavia 5E RS 2.0TSI 162KW\/220PS*<\/p>\n<p>Scope of delivery:<br \/>\n1 intercooler<br \/>\n2 silicone hoses<br \/>\n2 hose clamps<br \/>\n1 Fastening material<br \/>\n1 Assembly instructions<\/p>\n<p>Not permitted in the STVO area.<\/p>","protected":false},"excerpt":{"rendered":"<p>More power at the highest level The Competition intercooler has the following net dimensions (640mm x 410mm x 65mm) and therefore has an external charge air volume of 17 liters (OEM 9 liters). The newly developed competition high-performance mesh (tube fin) ensures sufficient airflow to the adjacent components, such as the water cooler, and is also very light. As a result, the intercooler has a total weight of just ... <a title=\"WAGNER Competition intercooler kit VAG 1.8-2.0TSI\" class=\"read-more\" href=\"https:\/\/siemoneit.de\/en\/store\/wagner-competition-intercooler-kit-vag-18-20tsi\/\" aria-label=\"Read more about WAGNER Competition intercooler kit VAG 1.8-2.0TSI\">Read more<\/a><\/p>","protected":false},"featured_media":1496,"template":"","meta":{"_acf_changed":false},"product_brand":[],"product_cat":[171,177],"product_tag":[],"class_list":{"0":"post-3422","1":"product","2":"type-product","3":"status-publish","4":"has-post-thumbnail","6":"product_cat-ladeluftkuehler","7":"product_cat-tuning","9":"first","10":"instock","11":"taxable","12":"shipping-taxable","13":"product-type-simple"},"acf":[],"yoast_head":"<!-- This site is optimized with the Yoast SEO plugin v27.4 - https:\/\/yoast.com\/product\/yoast-seo-wordpress\/ -->\n<title>WAGNER Competition Ladeluftk\u00fchler Kit VAG 1,8-2,0TSI - Siemoneit GmbH<\/title>\n<meta name=\"robots\" content=\"index, follow, max-snippet:-1, max-image-preview:large, max-video-preview:-1\" \/>\n<link rel=\"canonical\" href=\"https:\/\/siemoneit.de\/en\/store\/wagner-competition-intercooler-kit-vag-18-20tsi\/\" \/>\n<meta property=\"og:locale\" content=\"en_US\" \/>\n<meta property=\"og:type\" content=\"article\" \/>\n<meta property=\"og:title\" content=\"WAGNER Competition Ladeluftk\u00fchler Kit VAG 1,8-2,0TSI - Siemoneit GmbH\" \/>\n<meta property=\"og:description\" content=\"Mehrleistung auf h\u00f6chstem Niveau Der Competition Ladeluftk\u00fchler hat folgende Netzabma\u00dfe (640mm x 410mm x 65mm) und besitzt somit 17 Liter \u00e4u\u00dferes Ladeluftvolumen (OEM 9 Liter). Das neuentwickelte Competition-Hochleistungsnetz (Tube Fin) gew\u00e4hrt den angrenzenden Bauteilen, wie z.B. dem Wasserk\u00fchler, noch gen\u00fcgend Luftstrom und ist zudem noch sehr leicht. Der Ladeluftk\u00fchler besitzt dadurch ein Gesamtgewicht von nur ... Read more\" \/>\n<meta property=\"og:url\" content=\"https:\/\/siemoneit.de\/en\/store\/wagner-competition-intercooler-kit-vag-18-20tsi\/\" \/>\n<meta property=\"og:site_name\" content=\"Siemoneit GmbH\" \/>\n<meta property=\"article:publisher\" content=\"https:\/\/www.facebook.com\/siemoneit.racing\" \/>\n<meta property=\"article:modified_time\" content=\"2023-06-24T18:14:32+00:00\" \/>\n<meta property=\"og:image\" content=\"https:\/\/siemoneit.de\/wp-content\/uploads\/2023\/05\/9470_96395.jpeg\" \/>\n\t<meta property=\"og:image:width\" content=\"600\" \/>\n\t<meta property=\"og:image:height\" content=\"464\" \/>\n\t<meta property=\"og:image:type\" content=\"image\/jpeg\" \/>\n<meta name=\"twitter:card\" content=\"summary_large_image\" \/>\n<meta name=\"twitter:label1\" content=\"Est. reading time\" \/>\n\t<meta name=\"twitter:data1\" content=\"2 minutes\" \/>\n<script type=\"application\/ld+json\" class=\"yoast-schema-graph\">{\"@context\":\"https:\\\/\\\/schema.org\",\"@graph\":[{\"@type\":\"WebPage\",\"@id\":\"https:\\\/\\\/siemoneit.de\\\/shop\\\/wagner-competition-ladeluftkuehler-kit-vag-18-20tsi\\\/\",\"url\":\"https:\\\/\\\/siemoneit.de\\\/shop\\\/wagner-competition-ladeluftkuehler-kit-vag-18-20tsi\\\/\",\"name\":\"WAGNER Competition Ladeluftk\u00fchler Kit VAG 1,8-2,0TSI - Siemoneit GmbH\",\"isPartOf\":{\"@id\":\"https:\\\/\\\/siemoneit.de\\\/#website\"},\"primaryImageOfPage\":{\"@id\":\"https:\\\/\\\/siemoneit.de\\\/shop\\\/wagner-competition-ladeluftkuehler-kit-vag-18-20tsi\\\/#primaryimage\"},\"image\":{\"@id\":\"https:\\\/\\\/siemoneit.de\\\/shop\\\/wagner-competition-ladeluftkuehler-kit-vag-18-20tsi\\\/#primaryimage\"},\"thumbnailUrl\":\"https:\\\/\\\/siemoneit.de\\\/wp-content\\\/uploads\\\/2023\\\/05\\\/9470_96395.jpeg\",\"datePublished\":\"2023-06-24T15:12:26+00:00\",\"dateModified\":\"2023-06-24T18:14:32+00:00\",\"breadcrumb\":{\"@id\":\"https:\\\/\\\/siemoneit.de\\\/shop\\\/wagner-competition-ladeluftkuehler-kit-vag-18-20tsi\\\/#breadcrumb\"},\"inLanguage\":\"en-US\",\"potentialAction\":[{\"@type\":\"ReadAction\",\"target\":[\"https:\\\/\\\/siemoneit.de\\\/shop\\\/wagner-competition-ladeluftkuehler-kit-vag-18-20tsi\\\/\"]}]},{\"@type\":\"ImageObject\",\"inLanguage\":\"en-US\",\"@id\":\"https:\\\/\\\/siemoneit.de\\\/shop\\\/wagner-competition-ladeluftkuehler-kit-vag-18-20tsi\\\/#primaryimage\",\"url\":\"https:\\\/\\\/siemoneit.de\\\/wp-content\\\/uploads\\\/2023\\\/05\\\/9470_96395.jpeg\",\"contentUrl\":\"https:\\\/\\\/siemoneit.de\\\/wp-content\\\/uploads\\\/2023\\\/05\\\/9470_96395.jpeg\",\"width\":600,\"height\":464},{\"@type\":\"BreadcrumbList\",\"@id\":\"https:\\\/\\\/siemoneit.de\\\/shop\\\/wagner-competition-ladeluftkuehler-kit-vag-18-20tsi\\\/#breadcrumb\",\"itemListElement\":[{\"@type\":\"ListItem\",\"position\":1,\"name\":\"Startseite\",\"item\":\"https:\\\/\\\/siemoneit.de\\\/\"},{\"@type\":\"ListItem\",\"position\":2,\"name\":\"Shop\",\"item\":\"https:\\\/\\\/siemoneit.de\\\/shop\\\/\"},{\"@type\":\"ListItem\",\"position\":3,\"name\":\"WAGNER Competition Ladeluftk\u00fchler Kit VAG 1,8-2,0TSI\"}]},{\"@type\":\"WebSite\",\"@id\":\"https:\\\/\\\/siemoneit.de\\\/#website\",\"url\":\"https:\\\/\\\/siemoneit.de\\\/\",\"name\":\"Siemoneit GmbH\",\"description\":\"\",\"publisher\":{\"@id\":\"https:\\\/\\\/siemoneit.de\\\/#organization\"},\"potentialAction\":[{\"@type\":\"SearchAction\",\"target\":{\"@type\":\"EntryPoint\",\"urlTemplate\":\"https:\\\/\\\/siemoneit.de\\\/?s={search_term_string}\"},\"query-input\":{\"@type\":\"PropertyValueSpecification\",\"valueRequired\":true,\"valueName\":\"search_term_string\"}}],\"inLanguage\":\"en-US\"},{\"@type\":\"Organization\",\"@id\":\"https:\\\/\\\/siemoneit.de\\\/#organization\",\"name\":\"Siemoneit GmbH\",\"url\":\"https:\\\/\\\/siemoneit.de\\\/\",\"logo\":{\"@type\":\"ImageObject\",\"inLanguage\":\"en-US\",\"@id\":\"https:\\\/\\\/siemoneit.de\\\/#\\\/schema\\\/logo\\\/image\\\/\",\"url\":\"https:\\\/\\\/siemoneit.de\\\/wp-content\\\/uploads\\\/2023\\\/04\\\/images-removebg-preview.png\",\"contentUrl\":\"https:\\\/\\\/siemoneit.de\\\/wp-content\\\/uploads\\\/2023\\\/04\\\/images-removebg-preview.png\",\"width\":225,\"height\":225,\"caption\":\"Siemoneit GmbH\"},\"image\":{\"@id\":\"https:\\\/\\\/siemoneit.de\\\/#\\\/schema\\\/logo\\\/image\\\/\"},\"sameAs\":[\"https:\\\/\\\/www.facebook.com\\\/siemoneit.racing\",\"https:\\\/\\\/www.instagram.com\\\/siemoneit_racing\\\/\"]}]}<\/script>\n<!-- \/ Yoast SEO plugin. -->","yoast_head_json":{"title":"WAGNER Competition intercooler kit VAG 1.8-2.0TSI - Siemoneit GmbH","robots":{"index":"index","follow":"follow","max-snippet":"max-snippet:-1","max-image-preview":"max-image-preview:large","max-video-preview":"max-video-preview:-1"},"canonical":"https:\/\/siemoneit.de\/en\/store\/wagner-competition-intercooler-kit-vag-18-20tsi\/","og_locale":"en_US","og_type":"article","og_title":"WAGNER Competition Ladeluftk\u00fchler Kit VAG 1,8-2,0TSI - Siemoneit GmbH","og_description":"Mehrleistung auf h\u00f6chstem Niveau Der Competition Ladeluftk\u00fchler hat folgende Netzabma\u00dfe (640mm x 410mm x 65mm) und besitzt somit 17 Liter \u00e4u\u00dferes Ladeluftvolumen (OEM 9 Liter). Das neuentwickelte Competition-Hochleistungsnetz (Tube Fin) gew\u00e4hrt den angrenzenden Bauteilen, wie z.B. dem Wasserk\u00fchler, noch gen\u00fcgend Luftstrom und ist zudem noch sehr leicht. Der Ladeluftk\u00fchler besitzt dadurch ein Gesamtgewicht von nur ... Read more","og_url":"https:\/\/siemoneit.de\/en\/store\/wagner-competition-intercooler-kit-vag-18-20tsi\/","og_site_name":"Siemoneit GmbH","article_publisher":"https:\/\/www.facebook.com\/siemoneit.racing","article_modified_time":"2023-06-24T18:14:32+00:00","og_image":[{"width":600,"height":464,"url":"https:\/\/siemoneit.de\/wp-content\/uploads\/2023\/05\/9470_96395.jpeg","type":"image\/jpeg"}],"twitter_card":"summary_large_image","twitter_misc":{"Est. reading time":"2 minutes"},"schema":{"@context":"https:\/\/schema.org","@graph":[{"@type":"WebPage","@id":"https:\/\/siemoneit.de\/shop\/wagner-competition-ladeluftkuehler-kit-vag-18-20tsi\/","url":"https:\/\/siemoneit.de\/shop\/wagner-competition-ladeluftkuehler-kit-vag-18-20tsi\/","name":"WAGNER Competition intercooler kit VAG 1.8-2.0TSI - Siemoneit GmbH","isPartOf":{"@id":"https:\/\/siemoneit.de\/#website"},"primaryImageOfPage":{"@id":"https:\/\/siemoneit.de\/shop\/wagner-competition-ladeluftkuehler-kit-vag-18-20tsi\/#primaryimage"},"image":{"@id":"https:\/\/siemoneit.de\/shop\/wagner-competition-ladeluftkuehler-kit-vag-18-20tsi\/#primaryimage"},"thumbnailUrl":"https:\/\/siemoneit.de\/wp-content\/uploads\/2023\/05\/9470_96395.jpeg","datePublished":"2023-06-24T15:12:26+00:00","dateModified":"2023-06-24T18:14:32+00:00","breadcrumb":{"@id":"https:\/\/siemoneit.de\/shop\/wagner-competition-ladeluftkuehler-kit-vag-18-20tsi\/#breadcrumb"},"inLanguage":"en-US","potentialAction":[{"@type":"ReadAction","target":["https:\/\/siemoneit.de\/shop\/wagner-competition-ladeluftkuehler-kit-vag-18-20tsi\/"]}]},{"@type":"ImageObject","inLanguage":"en-US","@id":"https:\/\/siemoneit.de\/shop\/wagner-competition-ladeluftkuehler-kit-vag-18-20tsi\/#primaryimage","url":"https:\/\/siemoneit.de\/wp-content\/uploads\/2023\/05\/9470_96395.jpeg","contentUrl":"https:\/\/siemoneit.de\/wp-content\/uploads\/2023\/05\/9470_96395.jpeg","width":600,"height":464},{"@type":"BreadcrumbList","@id":"https:\/\/siemoneit.de\/shop\/wagner-competition-ladeluftkuehler-kit-vag-18-20tsi\/#breadcrumb","itemListElement":[{"@type":"ListItem","position":1,"name":"Startseite","item":"https:\/\/siemoneit.de\/"},{"@type":"ListItem","position":2,"name":"Shop","item":"https:\/\/siemoneit.de\/shop\/"},{"@type":"ListItem","position":3,"name":"WAGNER Competition Ladeluftk\u00fchler Kit VAG 1,8-2,0TSI"}]},{"@type":"WebSite","@id":"https:\/\/siemoneit.de\/#website","url":"https:\/\/siemoneit.de\/","name":"Siemoneit GmbH","description":"","publisher":{"@id":"https:\/\/siemoneit.de\/#organization"},"potentialAction":[{"@type":"SearchAction","target":{"@type":"EntryPoint","urlTemplate":"https:\/\/siemoneit.de\/?s={search_term_string}"},"query-input":{"@type":"PropertyValueSpecification","valueRequired":true,"valueName":"search_term_string"}}],"inLanguage":"en-US"},{"@type":"Organization","@id":"https:\/\/siemoneit.de\/#organization","name":"Siemoneit GmbH","url":"https:\/\/siemoneit.de\/","logo":{"@type":"ImageObject","inLanguage":"en-US","@id":"https:\/\/siemoneit.de\/#\/schema\/logo\/image\/","url":"https:\/\/siemoneit.de\/wp-content\/uploads\/2023\/04\/images-removebg-preview.png","contentUrl":"https:\/\/siemoneit.de\/wp-content\/uploads\/2023\/04\/images-removebg-preview.png","width":225,"height":225,"caption":"Siemoneit GmbH"},"image":{"@id":"https:\/\/siemoneit.de\/#\/schema\/logo\/image\/"},"sameAs":["https:\/\/www.facebook.com\/siemoneit.racing","https:\/\/www.instagram.com\/siemoneit_racing\/"]}]}},"_links":{"self":[{"href":"https:\/\/siemoneit.de\/en\/wp-json\/wp\/v2\/product\/3422","targetHints":{"allow":["GET"]}}],"collection":[{"href":"https:\/\/siemoneit.de\/en\/wp-json\/wp\/v2\/product"}],"about":[{"href":"https:\/\/siemoneit.de\/en\/wp-json\/wp\/v2\/types\/product"}],"wp:featuredmedia":[{"embeddable":true,"href":"https:\/\/siemoneit.de\/en\/wp-json\/wp\/v2\/media\/1496"}],"wp:attachment":[{"href":"https:\/\/siemoneit.de\/en\/wp-json\/wp\/v2\/media?parent=3422"}],"wp:term":[{"taxonomy":"product_brand","embeddable":true,"href":"https:\/\/siemoneit.de\/en\/wp-json\/wp\/v2\/product_brand?post=3422"},{"taxonomy":"product_cat","embeddable":true,"href":"https:\/\/siemoneit.de\/en\/wp-json\/wp\/v2\/product_cat?post=3422"},{"taxonomy":"product_tag","embeddable":true,"href":"https:\/\/siemoneit.de\/en\/wp-json\/wp\/v2\/product_tag?post=3422"}],"curies":[{"name":"wp","href":"https:\/\/api.w.org\/{rel}","templated":true}]}}