{"id":3411,"date":"2023-06-24T17:12:24","date_gmt":"2023-06-24T15:12:24","guid":{"rendered":"https:\/\/siemoneit.de\/produkt\/gfb-dvt9351-blow-off-upgrade-valve-fuer-vag-1-4-1-8-und-2-0-tsi-und-tfsi\/"},"modified":"2023-06-24T20:14:33","modified_gmt":"2023-06-24T18:14:33","slug":"gfb-dvt9351-blow-off-upgrade-valve-for-vag-1-4-1-8-and-2-0-tsi-and-tfsi","status":"publish","type":"product","link":"https:\/\/siemoneit.de\/en\/store\/gfb-dvt9351-blow-off-upgrade-valve-for-vag-1-4-1-8-and-2-0-tsi-and-tfsi\/","title":{"rendered":"GFB DV+T9351, Blow Off Upgrade Valve for VAG 1.4, 1.8 and 2.0 TSI and TFSI"},"content":{"rendered":"<p>GFB from Australia is the manufacturer of ultimate turbo performance products.<\/p>\n<p>The GFB Blow Off Valve DV+T9351 made of CNC-milled aluminum is fitted to the original BlowOff and improves performance by providing unprecedented tightness.<br \/>\nSuitable for VAG 1.8 and 2.0 TFSI as well as some 1.4 TFSI engines. The 1.4 TSI with 2 fastening screws require the DV+T9355!<\/p>\n<p>We recommend this valve for every performance upgrade. Even with standard performance, this valve is a \"must have\"!<\/p>\n<p>This valve fits for:<br \/>\nAudi A3\/S3\/RS3 8P (2003-2013)<br \/>\nAudi A1\/S1<br \/>\nAudi A4 B7 (2005-2008)<br \/>\nAudi TT 8J incl. TTS\/TTRS (2006-2013)<br \/>\nVW Golf 5 GTI\/Rabbit (2003-2008)<br \/>\nVW Golf 6 GTI (2008-2013)<br \/>\nVW Golf 6 R (2008-2013)<br \/>\nVW Golf 7 GTI (not R, use T9359 for this)<br \/>\nVW Scirocco R<br \/>\nVW Jetta GLI MkV (2005-2010)<br \/>\nVW Passat B6 (2005-2011)<br \/>\nVW Polo 6R incl. WRC<\/p>\n<p>Please ask if you can also use it in your car!<\/p>","protected":false},"excerpt":{"rendered":"<p>GFB from Australia is the manufacturer of ultimate turbo performance products. The GFB Blow Off Valve DV+T9351 made of CNC milled aluminum is placed on the original BlowOff and improves the performance by an unprecedented tightness. Suitable for VAG 1.8 and 2.0 TFSI as well as some 1.4 TFSI engines. The 1.4 TSI with 2 fastening screws require ... <a title=\"GFB DV+T9351, Blow Off Upgrade Valve for VAG 1.4, 1.8 and 2.0 TSI and TFSI\" class=\"read-more\" href=\"https:\/\/siemoneit.de\/en\/store\/gfb-dvt9351-blow-off-upgrade-valve-for-vag-1-4-1-8-and-2-0-tsi-and-tfsi\/\" aria-label=\"Read more about GFB DV+T9351, Blow Off Upgrade Valve for VAG 1.4, 1.8 and 2.0 TSI and TFSI\">Read more<\/a><\/p>","protected":false},"featured_media":1524,"template":"","meta":{"_acf_changed":false},"product_brand":[],"product_cat":[177,176],"product_tag":[],"class_list":{"0":"post-3411","1":"product","2":"type-product","3":"status-publish","4":"has-post-thumbnail","6":"product_cat-tuning","7":"product_cat-turbozubehoer","9":"first","10":"instock","11":"taxable","12":"shipping-taxable","13":"product-type-simple"},"acf":[],"yoast_head":"<!-- This site is optimized with the Yoast SEO plugin v27.4 - https:\/\/yoast.com\/product\/yoast-seo-wordpress\/ -->\n<title>GFB DV+T9351, Blow Off Upgrade Valve f\u00fcr VAG 1.4, 1.8 und 2.0 TSI und TFSI - Siemoneit GmbH<\/title>\n<meta name=\"robots\" content=\"index, follow, max-snippet:-1, max-image-preview:large, max-video-preview:-1\" \/>\n<link rel=\"canonical\" href=\"https:\/\/siemoneit.de\/en\/store\/gfb-dvt9351-blow-off-upgrade-valve-for-vag-1-4-1-8-and-2-0-tsi-and-tfsi\/\" \/>\n<meta property=\"og:locale\" content=\"en_US\" \/>\n<meta property=\"og:type\" content=\"article\" \/>\n<meta property=\"og:title\" content=\"GFB DV+T9351, Blow Off Upgrade Valve f\u00fcr VAG 1.4, 1.8 und 2.0 TSI und TFSI - Siemoneit GmbH\" \/>\n<meta property=\"og:description\" content=\"GFB aus Australien ist der Hersteller f\u00fcr ultimative Turbo Performance Produkte. Das GFB Blow Off Ventil DV+T9351 aus CNC gefr\u00e4stem Aluminium wird an das Original BlowOff gesetzt und verbessert die Performance durch eine bisher unerreichte Dichtigkeit. Verwendbar f\u00fcr VAG 1.8 und 2.0 TFSI sowie einigen 1.4 TFSI Motoren. Die 1.4 TSI mit 2 Befestigungsschrauben ben\u00f6tigen ... Read more\" \/>\n<meta property=\"og:url\" content=\"https:\/\/siemoneit.de\/en\/store\/gfb-dvt9351-blow-off-upgrade-valve-for-vag-1-4-1-8-and-2-0-tsi-and-tfsi\/\" \/>\n<meta property=\"og:site_name\" content=\"Siemoneit GmbH\" \/>\n<meta property=\"article:publisher\" content=\"https:\/\/www.facebook.com\/siemoneit.racing\" \/>\n<meta property=\"article:modified_time\" content=\"2023-06-24T18:14:33+00:00\" \/>\n<meta property=\"og:image\" content=\"https:\/\/siemoneit.de\/wp-content\/uploads\/2023\/05\/9458_product_28162.jpg\" \/>\n\t<meta property=\"og:image:width\" content=\"335\" \/>\n\t<meta property=\"og:image:height\" content=\"335\" \/>\n\t<meta property=\"og:image:type\" content=\"image\/jpeg\" \/>\n<meta name=\"twitter:card\" content=\"summary_large_image\" \/>\n<meta name=\"twitter:label1\" content=\"Est. reading time\" \/>\n\t<meta name=\"twitter:data1\" content=\"1 minute\" \/>\n<script type=\"application\/ld+json\" class=\"yoast-schema-graph\">{\"@context\":\"https:\\\/\\\/schema.org\",\"@graph\":[{\"@type\":\"WebPage\",\"@id\":\"https:\\\/\\\/siemoneit.de\\\/shop\\\/gfb-dvt9351-blow-off-upgrade-valve-fuer-vag-1-4-1-8-und-2-0-tsi-und-tfsi\\\/\",\"url\":\"https:\\\/\\\/siemoneit.de\\\/shop\\\/gfb-dvt9351-blow-off-upgrade-valve-fuer-vag-1-4-1-8-und-2-0-tsi-und-tfsi\\\/\",\"name\":\"GFB DV+T9351, Blow Off Upgrade Valve f\u00fcr VAG 1.4, 1.8 und 2.0 TSI und TFSI - Siemoneit GmbH\",\"isPartOf\":{\"@id\":\"https:\\\/\\\/siemoneit.de\\\/#website\"},\"primaryImageOfPage\":{\"@id\":\"https:\\\/\\\/siemoneit.de\\\/shop\\\/gfb-dvt9351-blow-off-upgrade-valve-fuer-vag-1-4-1-8-und-2-0-tsi-und-tfsi\\\/#primaryimage\"},\"image\":{\"@id\":\"https:\\\/\\\/siemoneit.de\\\/shop\\\/gfb-dvt9351-blow-off-upgrade-valve-fuer-vag-1-4-1-8-und-2-0-tsi-und-tfsi\\\/#primaryimage\"},\"thumbnailUrl\":\"https:\\\/\\\/siemoneit.de\\\/wp-content\\\/uploads\\\/2023\\\/05\\\/9458_product_28162.jpg\",\"datePublished\":\"2023-06-24T15:12:24+00:00\",\"dateModified\":\"2023-06-24T18:14:33+00:00\",\"breadcrumb\":{\"@id\":\"https:\\\/\\\/siemoneit.de\\\/shop\\\/gfb-dvt9351-blow-off-upgrade-valve-fuer-vag-1-4-1-8-und-2-0-tsi-und-tfsi\\\/#breadcrumb\"},\"inLanguage\":\"en-US\",\"potentialAction\":[{\"@type\":\"ReadAction\",\"target\":[\"https:\\\/\\\/siemoneit.de\\\/shop\\\/gfb-dvt9351-blow-off-upgrade-valve-fuer-vag-1-4-1-8-und-2-0-tsi-und-tfsi\\\/\"]}]},{\"@type\":\"ImageObject\",\"inLanguage\":\"en-US\",\"@id\":\"https:\\\/\\\/siemoneit.de\\\/shop\\\/gfb-dvt9351-blow-off-upgrade-valve-fuer-vag-1-4-1-8-und-2-0-tsi-und-tfsi\\\/#primaryimage\",\"url\":\"https:\\\/\\\/siemoneit.de\\\/wp-content\\\/uploads\\\/2023\\\/05\\\/9458_product_28162.jpg\",\"contentUrl\":\"https:\\\/\\\/siemoneit.de\\\/wp-content\\\/uploads\\\/2023\\\/05\\\/9458_product_28162.jpg\",\"width\":335,\"height\":335},{\"@type\":\"BreadcrumbList\",\"@id\":\"https:\\\/\\\/siemoneit.de\\\/shop\\\/gfb-dvt9351-blow-off-upgrade-valve-fuer-vag-1-4-1-8-und-2-0-tsi-und-tfsi\\\/#breadcrumb\",\"itemListElement\":[{\"@type\":\"ListItem\",\"position\":1,\"name\":\"Startseite\",\"item\":\"https:\\\/\\\/siemoneit.de\\\/\"},{\"@type\":\"ListItem\",\"position\":2,\"name\":\"Shop\",\"item\":\"https:\\\/\\\/siemoneit.de\\\/shop\\\/\"},{\"@type\":\"ListItem\",\"position\":3,\"name\":\"GFB DV+T9351, Blow Off Upgrade Valve f\u00fcr VAG 1.4, 1.8 und 2.0 TSI und TFSI\"}]},{\"@type\":\"WebSite\",\"@id\":\"https:\\\/\\\/siemoneit.de\\\/#website\",\"url\":\"https:\\\/\\\/siemoneit.de\\\/\",\"name\":\"Siemoneit GmbH\",\"description\":\"\",\"publisher\":{\"@id\":\"https:\\\/\\\/siemoneit.de\\\/#organization\"},\"potentialAction\":[{\"@type\":\"SearchAction\",\"target\":{\"@type\":\"EntryPoint\",\"urlTemplate\":\"https:\\\/\\\/siemoneit.de\\\/?s={search_term_string}\"},\"query-input\":{\"@type\":\"PropertyValueSpecification\",\"valueRequired\":true,\"valueName\":\"search_term_string\"}}],\"inLanguage\":\"en-US\"},{\"@type\":\"Organization\",\"@id\":\"https:\\\/\\\/siemoneit.de\\\/#organization\",\"name\":\"Siemoneit GmbH\",\"url\":\"https:\\\/\\\/siemoneit.de\\\/\",\"logo\":{\"@type\":\"ImageObject\",\"inLanguage\":\"en-US\",\"@id\":\"https:\\\/\\\/siemoneit.de\\\/#\\\/schema\\\/logo\\\/image\\\/\",\"url\":\"https:\\\/\\\/siemoneit.de\\\/wp-content\\\/uploads\\\/2023\\\/04\\\/images-removebg-preview.png\",\"contentUrl\":\"https:\\\/\\\/siemoneit.de\\\/wp-content\\\/uploads\\\/2023\\\/04\\\/images-removebg-preview.png\",\"width\":225,\"height\":225,\"caption\":\"Siemoneit GmbH\"},\"image\":{\"@id\":\"https:\\\/\\\/siemoneit.de\\\/#\\\/schema\\\/logo\\\/image\\\/\"},\"sameAs\":[\"https:\\\/\\\/www.facebook.com\\\/siemoneit.racing\",\"https:\\\/\\\/www.instagram.com\\\/siemoneit_racing\\\/\"]}]}<\/script>\n<!-- \/ Yoast SEO plugin. -->","yoast_head_json":{"title":"GFB DV+T9351, Blow Off Upgrade Valve for VAG 1.4, 1.8 and 2.0 TSI and TFSI - Siemoneit GmbH","robots":{"index":"index","follow":"follow","max-snippet":"max-snippet:-1","max-image-preview":"max-image-preview:large","max-video-preview":"max-video-preview:-1"},"canonical":"https:\/\/siemoneit.de\/en\/store\/gfb-dvt9351-blow-off-upgrade-valve-for-vag-1-4-1-8-and-2-0-tsi-and-tfsi\/","og_locale":"en_US","og_type":"article","og_title":"GFB DV+T9351, Blow Off Upgrade Valve f\u00fcr VAG 1.4, 1.8 und 2.0 TSI und TFSI - Siemoneit GmbH","og_description":"GFB aus Australien ist der Hersteller f\u00fcr ultimative Turbo Performance Produkte. Das GFB Blow Off Ventil DV+T9351 aus CNC gefr\u00e4stem Aluminium wird an das Original BlowOff gesetzt und verbessert die Performance durch eine bisher unerreichte Dichtigkeit. Verwendbar f\u00fcr VAG 1.8 und 2.0 TFSI sowie einigen 1.4 TFSI Motoren. Die 1.4 TSI mit 2 Befestigungsschrauben ben\u00f6tigen ... Read more","og_url":"https:\/\/siemoneit.de\/en\/store\/gfb-dvt9351-blow-off-upgrade-valve-for-vag-1-4-1-8-and-2-0-tsi-and-tfsi\/","og_site_name":"Siemoneit GmbH","article_publisher":"https:\/\/www.facebook.com\/siemoneit.racing","article_modified_time":"2023-06-24T18:14:33+00:00","og_image":[{"width":335,"height":335,"url":"https:\/\/siemoneit.de\/wp-content\/uploads\/2023\/05\/9458_product_28162.jpg","type":"image\/jpeg"}],"twitter_card":"summary_large_image","twitter_misc":{"Est. reading time":"1 minute"},"schema":{"@context":"https:\/\/schema.org","@graph":[{"@type":"WebPage","@id":"https:\/\/siemoneit.de\/shop\/gfb-dvt9351-blow-off-upgrade-valve-fuer-vag-1-4-1-8-und-2-0-tsi-und-tfsi\/","url":"https:\/\/siemoneit.de\/shop\/gfb-dvt9351-blow-off-upgrade-valve-fuer-vag-1-4-1-8-und-2-0-tsi-und-tfsi\/","name":"GFB DV+T9351, Blow Off Upgrade Valve for VAG 1.4, 1.8 and 2.0 TSI and TFSI - Siemoneit GmbH","isPartOf":{"@id":"https:\/\/siemoneit.de\/#website"},"primaryImageOfPage":{"@id":"https:\/\/siemoneit.de\/shop\/gfb-dvt9351-blow-off-upgrade-valve-fuer-vag-1-4-1-8-und-2-0-tsi-und-tfsi\/#primaryimage"},"image":{"@id":"https:\/\/siemoneit.de\/shop\/gfb-dvt9351-blow-off-upgrade-valve-fuer-vag-1-4-1-8-und-2-0-tsi-und-tfsi\/#primaryimage"},"thumbnailUrl":"https:\/\/siemoneit.de\/wp-content\/uploads\/2023\/05\/9458_product_28162.jpg","datePublished":"2023-06-24T15:12:24+00:00","dateModified":"2023-06-24T18:14:33+00:00","breadcrumb":{"@id":"https:\/\/siemoneit.de\/shop\/gfb-dvt9351-blow-off-upgrade-valve-fuer-vag-1-4-1-8-und-2-0-tsi-und-tfsi\/#breadcrumb"},"inLanguage":"en-US","potentialAction":[{"@type":"ReadAction","target":["https:\/\/siemoneit.de\/shop\/gfb-dvt9351-blow-off-upgrade-valve-fuer-vag-1-4-1-8-und-2-0-tsi-und-tfsi\/"]}]},{"@type":"ImageObject","inLanguage":"en-US","@id":"https:\/\/siemoneit.de\/shop\/gfb-dvt9351-blow-off-upgrade-valve-fuer-vag-1-4-1-8-und-2-0-tsi-und-tfsi\/#primaryimage","url":"https:\/\/siemoneit.de\/wp-content\/uploads\/2023\/05\/9458_product_28162.jpg","contentUrl":"https:\/\/siemoneit.de\/wp-content\/uploads\/2023\/05\/9458_product_28162.jpg","width":335,"height":335},{"@type":"BreadcrumbList","@id":"https:\/\/siemoneit.de\/shop\/gfb-dvt9351-blow-off-upgrade-valve-fuer-vag-1-4-1-8-und-2-0-tsi-und-tfsi\/#breadcrumb","itemListElement":[{"@type":"ListItem","position":1,"name":"Startseite","item":"https:\/\/siemoneit.de\/"},{"@type":"ListItem","position":2,"name":"Shop","item":"https:\/\/siemoneit.de\/shop\/"},{"@type":"ListItem","position":3,"name":"GFB DV+T9351, Blow Off Upgrade Valve f\u00fcr VAG 1.4, 1.8 und 2.0 TSI und TFSI"}]},{"@type":"WebSite","@id":"https:\/\/siemoneit.de\/#website","url":"https:\/\/siemoneit.de\/","name":"Siemoneit GmbH","description":"","publisher":{"@id":"https:\/\/siemoneit.de\/#organization"},"potentialAction":[{"@type":"SearchAction","target":{"@type":"EntryPoint","urlTemplate":"https:\/\/siemoneit.de\/?s={search_term_string}"},"query-input":{"@type":"PropertyValueSpecification","valueRequired":true,"valueName":"search_term_string"}}],"inLanguage":"en-US"},{"@type":"Organization","@id":"https:\/\/siemoneit.de\/#organization","name":"Siemoneit GmbH","url":"https:\/\/siemoneit.de\/","logo":{"@type":"ImageObject","inLanguage":"en-US","@id":"https:\/\/siemoneit.de\/#\/schema\/logo\/image\/","url":"https:\/\/siemoneit.de\/wp-content\/uploads\/2023\/04\/images-removebg-preview.png","contentUrl":"https:\/\/siemoneit.de\/wp-content\/uploads\/2023\/04\/images-removebg-preview.png","width":225,"height":225,"caption":"Siemoneit GmbH"},"image":{"@id":"https:\/\/siemoneit.de\/#\/schema\/logo\/image\/"},"sameAs":["https:\/\/www.facebook.com\/siemoneit.racing","https:\/\/www.instagram.com\/siemoneit_racing\/"]}]}},"_links":{"self":[{"href":"https:\/\/siemoneit.de\/en\/wp-json\/wp\/v2\/product\/3411","targetHints":{"allow":["GET"]}}],"collection":[{"href":"https:\/\/siemoneit.de\/en\/wp-json\/wp\/v2\/product"}],"about":[{"href":"https:\/\/siemoneit.de\/en\/wp-json\/wp\/v2\/types\/product"}],"wp:featuredmedia":[{"embeddable":true,"href":"https:\/\/siemoneit.de\/en\/wp-json\/wp\/v2\/media\/1524"}],"wp:attachment":[{"href":"https:\/\/siemoneit.de\/en\/wp-json\/wp\/v2\/media?parent=3411"}],"wp:term":[{"taxonomy":"product_brand","embeddable":true,"href":"https:\/\/siemoneit.de\/en\/wp-json\/wp\/v2\/product_brand?post=3411"},{"taxonomy":"product_cat","embeddable":true,"href":"https:\/\/siemoneit.de\/en\/wp-json\/wp\/v2\/product_cat?post=3411"},{"taxonomy":"product_tag","embeddable":true,"href":"https:\/\/siemoneit.de\/en\/wp-json\/wp\/v2\/product_tag?post=3411"}],"curies":[{"name":"wp","href":"https:\/\/api.w.org\/{rel}","templated":true}]}}