{"id":927,"date":"2023-04-28T18:40:56","date_gmt":"2023-04-28T16:40:56","guid":{"rendered":"https:\/\/siemoneit.de\/?page_id=927"},"modified":"2025-07-10T17:45:03","modified_gmt":"2025-07-10T15:45:03","slug":"guarantees","status":"publish","type":"page","link":"https:\/\/siemoneit.de\/en\/guarantees\/","title":{"rendered":"Guarantees"},"content":{"rendered":"<h2>FULL TUNING GUARANTEES<\/h2>\n<p>As soon as the engine electronics are modified by a tuner, or as soon as elementary modifications are made to the mechanics, the vehicle manufacturer's factory warranty expires. In cooperation with renowned external insurers, we offer very high-quality and reliable warranty options.<\/p>\n<p>Different warranty models allow you to tailor exactly the type of warranty you need for your requirements. With SIEMONEIT RACING performance upgrades and your individual warranty, you are always on the safe side - regardless of whether it is a new or used vehicle.<\/p>\n<p>You can get a tuning guarantee from as little as 199 euros \/ year.<\/p>\n<p>Ask for your individual guarantee!<\/p>\n<p><img decoding=\"async\" src=\"https:\/\/siemoneit.de\/wp-content\/uploads\/2023\/04\/Download.png\" sizes=\"(max-width: 474px) 100vw, 474px\" srcset=\"https:\/\/siemoneit.de\/wp-content\/uploads\/2023\/04\/Download.png 474w, https:\/\/siemoneit.de\/wp-content\/uploads\/2023\/04\/Download-300x67.png 300w, https:\/\/siemoneit.de\/wp-content\/uploads\/2023\/04\/Download-260x58.png 260w, https:\/\/siemoneit.de\/wp-content\/uploads\/2023\/04\/Download-50x11.png 50w, https:\/\/siemoneit.de\/wp-content\/uploads\/2023\/04\/Download-150x34.png 150w\" alt=\"\" width=\"474\" height=\"106\" \/><\/p>","protected":false},"excerpt":{"rendered":"<p>FULL VALUE TUNING WARRANTIES As soon as the engine electronics are modified by a tuner, or as soon as elementary modifications are made to the mechanics, the vehicle manufacturer's factory warranty expires. In cooperation with renowned external insurers, we offer very high-quality and reliable warranty options. Different warranty models allow you to tailor exactly the type of warranty you need to meet your requirements. <a title=\"Guarantees\" class=\"read-more\" href=\"https:\/\/siemoneit.de\/en\/guarantees\/\" aria-label=\"Read more about Guarantees\">Read more<\/a><\/p>","protected":false},"author":1,"featured_media":972,"parent":0,"menu_order":0,"comment_status":"closed","ping_status":"closed","template":"leistungen-template.php","meta":{"_acf_changed":false,"footnotes":""},"class_list":["post-927","page","type-page","status-publish","has-post-thumbnail"],"acf":[],"yoast_head":"<!-- This site is optimized with the Yoast SEO plugin v27.4 - https:\/\/yoast.com\/product\/yoast-seo-wordpress\/ -->\n<title>Garantien - Siemoneit GmbH<\/title>\n<meta name=\"robots\" content=\"index, follow, max-snippet:-1, max-image-preview:large, max-video-preview:-1\" \/>\n<link rel=\"canonical\" href=\"https:\/\/siemoneit.de\/en\/guarantees\/\" \/>\n<meta property=\"og:locale\" content=\"en_US\" \/>\n<meta property=\"og:type\" content=\"article\" \/>\n<meta property=\"og:title\" content=\"Garantien - Siemoneit GmbH\" \/>\n<meta property=\"og:description\" content=\"VOLLWERTIGE TUNINGGARANTIEN Sobald die Motorenelektronik von einem Tuner ver\u00e4ndert wird, oder sobald elementare Eingriffe an der Mechanik vorgenommen werden, erlischt die Werksgarantie des Fahrzeugherstellers. In Zusammenarbeit mit rennomierten externen Versicherern bieten wir sehr hochwertige und zuverl\u00e4ssige Garantieoptionen. Unterschiedliche Garantiemodelle lassen es Ihnen frei, sich genau die Art von Garantie ma\u00dfzuschneidern, die f\u00fcr Ihre Bed\u00fcrfnisse erforderlich ... Read more\" \/>\n<meta property=\"og:url\" content=\"https:\/\/siemoneit.de\/en\/guarantees\/\" \/>\n<meta property=\"og:site_name\" content=\"Siemoneit GmbH\" \/>\n<meta property=\"article:publisher\" content=\"https:\/\/www.facebook.com\/siemoneit.racing\" \/>\n<meta property=\"article:modified_time\" content=\"2025-07-10T15:45:03+00:00\" \/>\n<meta property=\"og:image\" content=\"https:\/\/siemoneit.de\/wp-content\/uploads\/2023\/04\/154781970523_sr_website_00001.jpg\" \/>\n\t<meta property=\"og:image:width\" content=\"1920\" \/>\n\t<meta property=\"og:image:height\" content=\"914\" \/>\n\t<meta property=\"og:image:type\" content=\"image\/jpeg\" \/>\n<meta name=\"twitter:card\" content=\"summary_large_image\" \/>\n<meta name=\"twitter:label1\" content=\"Est. reading time\" \/>\n\t<meta name=\"twitter:data1\" content=\"1 minute\" \/>\n<script type=\"application\/ld+json\" class=\"yoast-schema-graph\">{\"@context\":\"https:\\\/\\\/schema.org\",\"@graph\":[{\"@type\":\"WebPage\",\"@id\":\"https:\\\/\\\/siemoneit.de\\\/garantien\\\/\",\"url\":\"https:\\\/\\\/siemoneit.de\\\/garantien\\\/\",\"name\":\"Garantien - Siemoneit GmbH\",\"isPartOf\":{\"@id\":\"https:\\\/\\\/siemoneit.de\\\/#website\"},\"primaryImageOfPage\":{\"@id\":\"https:\\\/\\\/siemoneit.de\\\/garantien\\\/#primaryimage\"},\"image\":{\"@id\":\"https:\\\/\\\/siemoneit.de\\\/garantien\\\/#primaryimage\"},\"thumbnailUrl\":\"https:\\\/\\\/siemoneit.de\\\/wp-content\\\/uploads\\\/2023\\\/04\\\/154781970523_sr_website_00001.jpg\",\"datePublished\":\"2023-04-28T16:40:56+00:00\",\"dateModified\":\"2025-07-10T15:45:03+00:00\",\"breadcrumb\":{\"@id\":\"https:\\\/\\\/siemoneit.de\\\/garantien\\\/#breadcrumb\"},\"inLanguage\":\"en-US\",\"potentialAction\":[{\"@type\":\"ReadAction\",\"target\":[\"https:\\\/\\\/siemoneit.de\\\/garantien\\\/\"]}]},{\"@type\":\"ImageObject\",\"inLanguage\":\"en-US\",\"@id\":\"https:\\\/\\\/siemoneit.de\\\/garantien\\\/#primaryimage\",\"url\":\"https:\\\/\\\/siemoneit.de\\\/wp-content\\\/uploads\\\/2023\\\/04\\\/154781970523_sr_website_00001.jpg\",\"contentUrl\":\"https:\\\/\\\/siemoneit.de\\\/wp-content\\\/uploads\\\/2023\\\/04\\\/154781970523_sr_website_00001.jpg\",\"width\":1920,\"height\":914},{\"@type\":\"BreadcrumbList\",\"@id\":\"https:\\\/\\\/siemoneit.de\\\/garantien\\\/#breadcrumb\",\"itemListElement\":[{\"@type\":\"ListItem\",\"position\":1,\"name\":\"Startseite\",\"item\":\"https:\\\/\\\/siemoneit.de\\\/\"},{\"@type\":\"ListItem\",\"position\":2,\"name\":\"Garantien\"}]},{\"@type\":\"WebSite\",\"@id\":\"https:\\\/\\\/siemoneit.de\\\/#website\",\"url\":\"https:\\\/\\\/siemoneit.de\\\/\",\"name\":\"Siemoneit GmbH\",\"description\":\"\",\"publisher\":{\"@id\":\"https:\\\/\\\/siemoneit.de\\\/#organization\"},\"potentialAction\":[{\"@type\":\"SearchAction\",\"target\":{\"@type\":\"EntryPoint\",\"urlTemplate\":\"https:\\\/\\\/siemoneit.de\\\/?s={search_term_string}\"},\"query-input\":{\"@type\":\"PropertyValueSpecification\",\"valueRequired\":true,\"valueName\":\"search_term_string\"}}],\"inLanguage\":\"en-US\"},{\"@type\":\"Organization\",\"@id\":\"https:\\\/\\\/siemoneit.de\\\/#organization\",\"name\":\"Siemoneit GmbH\",\"url\":\"https:\\\/\\\/siemoneit.de\\\/\",\"logo\":{\"@type\":\"ImageObject\",\"inLanguage\":\"en-US\",\"@id\":\"https:\\\/\\\/siemoneit.de\\\/#\\\/schema\\\/logo\\\/image\\\/\",\"url\":\"https:\\\/\\\/siemoneit.de\\\/wp-content\\\/uploads\\\/2023\\\/04\\\/images-removebg-preview.png\",\"contentUrl\":\"https:\\\/\\\/siemoneit.de\\\/wp-content\\\/uploads\\\/2023\\\/04\\\/images-removebg-preview.png\",\"width\":225,\"height\":225,\"caption\":\"Siemoneit GmbH\"},\"image\":{\"@id\":\"https:\\\/\\\/siemoneit.de\\\/#\\\/schema\\\/logo\\\/image\\\/\"},\"sameAs\":[\"https:\\\/\\\/www.facebook.com\\\/siemoneit.racing\",\"https:\\\/\\\/www.instagram.com\\\/siemoneit_racing\\\/\"]}]}<\/script>\n<!-- \/ Yoast SEO plugin. -->","yoast_head_json":{"title":"Guarantees - Siemoneit GmbH","robots":{"index":"index","follow":"follow","max-snippet":"max-snippet:-1","max-image-preview":"max-image-preview:large","max-video-preview":"max-video-preview:-1"},"canonical":"https:\/\/siemoneit.de\/en\/guarantees\/","og_locale":"en_US","og_type":"article","og_title":"Garantien - Siemoneit GmbH","og_description":"VOLLWERTIGE TUNINGGARANTIEN Sobald die Motorenelektronik von einem Tuner ver\u00e4ndert wird, oder sobald elementare Eingriffe an der Mechanik vorgenommen werden, erlischt die Werksgarantie des Fahrzeugherstellers. In Zusammenarbeit mit rennomierten externen Versicherern bieten wir sehr hochwertige und zuverl\u00e4ssige Garantieoptionen. Unterschiedliche Garantiemodelle lassen es Ihnen frei, sich genau die Art von Garantie ma\u00dfzuschneidern, die f\u00fcr Ihre Bed\u00fcrfnisse erforderlich ... Read more","og_url":"https:\/\/siemoneit.de\/en\/guarantees\/","og_site_name":"Siemoneit GmbH","article_publisher":"https:\/\/www.facebook.com\/siemoneit.racing","article_modified_time":"2025-07-10T15:45:03+00:00","og_image":[{"width":1920,"height":914,"url":"https:\/\/siemoneit.de\/wp-content\/uploads\/2023\/04\/154781970523_sr_website_00001.jpg","type":"image\/jpeg"}],"twitter_card":"summary_large_image","twitter_misc":{"Est. reading time":"1 minute"},"schema":{"@context":"https:\/\/schema.org","@graph":[{"@type":"WebPage","@id":"https:\/\/siemoneit.de\/garantien\/","url":"https:\/\/siemoneit.de\/garantien\/","name":"Guarantees - Siemoneit GmbH","isPartOf":{"@id":"https:\/\/siemoneit.de\/#website"},"primaryImageOfPage":{"@id":"https:\/\/siemoneit.de\/garantien\/#primaryimage"},"image":{"@id":"https:\/\/siemoneit.de\/garantien\/#primaryimage"},"thumbnailUrl":"https:\/\/siemoneit.de\/wp-content\/uploads\/2023\/04\/154781970523_sr_website_00001.jpg","datePublished":"2023-04-28T16:40:56+00:00","dateModified":"2025-07-10T15:45:03+00:00","breadcrumb":{"@id":"https:\/\/siemoneit.de\/garantien\/#breadcrumb"},"inLanguage":"en-US","potentialAction":[{"@type":"ReadAction","target":["https:\/\/siemoneit.de\/garantien\/"]}]},{"@type":"ImageObject","inLanguage":"en-US","@id":"https:\/\/siemoneit.de\/garantien\/#primaryimage","url":"https:\/\/siemoneit.de\/wp-content\/uploads\/2023\/04\/154781970523_sr_website_00001.jpg","contentUrl":"https:\/\/siemoneit.de\/wp-content\/uploads\/2023\/04\/154781970523_sr_website_00001.jpg","width":1920,"height":914},{"@type":"BreadcrumbList","@id":"https:\/\/siemoneit.de\/garantien\/#breadcrumb","itemListElement":[{"@type":"ListItem","position":1,"name":"Startseite","item":"https:\/\/siemoneit.de\/"},{"@type":"ListItem","position":2,"name":"Garantien"}]},{"@type":"WebSite","@id":"https:\/\/siemoneit.de\/#website","url":"https:\/\/siemoneit.de\/","name":"Siemoneit GmbH","description":"","publisher":{"@id":"https:\/\/siemoneit.de\/#organization"},"potentialAction":[{"@type":"SearchAction","target":{"@type":"EntryPoint","urlTemplate":"https:\/\/siemoneit.de\/?s={search_term_string}"},"query-input":{"@type":"PropertyValueSpecification","valueRequired":true,"valueName":"search_term_string"}}],"inLanguage":"en-US"},{"@type":"Organization","@id":"https:\/\/siemoneit.de\/#organization","name":"Siemoneit GmbH","url":"https:\/\/siemoneit.de\/","logo":{"@type":"ImageObject","inLanguage":"en-US","@id":"https:\/\/siemoneit.de\/#\/schema\/logo\/image\/","url":"https:\/\/siemoneit.de\/wp-content\/uploads\/2023\/04\/images-removebg-preview.png","contentUrl":"https:\/\/siemoneit.de\/wp-content\/uploads\/2023\/04\/images-removebg-preview.png","width":225,"height":225,"caption":"Siemoneit GmbH"},"image":{"@id":"https:\/\/siemoneit.de\/#\/schema\/logo\/image\/"},"sameAs":["https:\/\/www.facebook.com\/siemoneit.racing","https:\/\/www.instagram.com\/siemoneit_racing\/"]}]}},"_links":{"self":[{"href":"https:\/\/siemoneit.de\/en\/wp-json\/wp\/v2\/pages\/927","targetHints":{"allow":["GET"]}}],"collection":[{"href":"https:\/\/siemoneit.de\/en\/wp-json\/wp\/v2\/pages"}],"about":[{"href":"https:\/\/siemoneit.de\/en\/wp-json\/wp\/v2\/types\/page"}],"author":[{"embeddable":true,"href":"https:\/\/siemoneit.de\/en\/wp-json\/wp\/v2\/users\/1"}],"replies":[{"embeddable":true,"href":"https:\/\/siemoneit.de\/en\/wp-json\/wp\/v2\/comments?post=927"}],"version-history":[{"count":2,"href":"https:\/\/siemoneit.de\/en\/wp-json\/wp\/v2\/pages\/927\/revisions"}],"predecessor-version":[{"id":6362,"href":"https:\/\/siemoneit.de\/en\/wp-json\/wp\/v2\/pages\/927\/revisions\/6362"}],"wp:featuredmedia":[{"embeddable":true,"href":"https:\/\/siemoneit.de\/en\/wp-json\/wp\/v2\/media\/972"}],"wp:attachment":[{"href":"https:\/\/siemoneit.de\/en\/wp-json\/wp\/v2\/media?parent=927"}],"curies":[{"name":"wp","href":"https:\/\/api.w.org\/{rel}","templated":true}]}}