{"id":3820,"date":"2023-07-01T12:17:22","date_gmt":"2023-07-01T10:17:22","guid":{"rendered":"https:\/\/siemoneit.de\/?page_id=3820"},"modified":"2025-11-29T12:56:36","modified_gmt":"2025-11-29T11:56:36","slug":"leasing-return","status":"publish","type":"page","link":"https:\/\/siemoneit.de\/en\/vehicle-preparation\/leasing-return\/","title":{"rendered":"Leasing return"},"content":{"rendered":"\t\t<div data-elementor-type=\"wp-page\" data-elementor-id=\"3820\" class=\"elementor elementor-3820\" data-elementor-post-type=\"page\">\n\t\t\t\t<div class=\"elementor-element elementor-element-3972d3f6 main_image e-flex e-con-boxed e-con e-parent\" data-id=\"3972d3f6\" data-element_type=\"container\" data-e-type=\"container\" data-settings=\"{&quot;background_background&quot;:&quot;classic&quot;}\">\n\t\t\t\t\t<div class=\"e-con-inner\">\n\t\t<div class=\"elementor-element elementor-element-3463a6e5 e-con-full e-flex e-con e-child\" data-id=\"3463a6e5\" data-element_type=\"container\" data-e-type=\"container\" data-settings=\"{&quot;background_background&quot;:&quot;classic&quot;}\">\n\t\t\t\t<div class=\"elementor-element elementor-element-449ae30e elementor-widget__width-inherit elementor-widget elementor-widget-heading\" data-id=\"449ae30e\" data-element_type=\"widget\" data-e-type=\"widget\" data-settings=\"{&quot;motion_fx_motion_fx_scrolling&quot;:&quot;yes&quot;,&quot;motion_fx_devices&quot;:[&quot;desktop&quot;,&quot;tablet&quot;,&quot;mobile&quot;]}\" data-widget_type=\"heading.default\">\n\t\t\t\t<div class=\"elementor-widget-container\">\n\t\t\t\t\t<h1 class=\"elementor-heading-title elementor-size-default\">Leasing R\u00fcckgabe<\/h1>\t\t\t\t<\/div>\n\t\t\t\t<\/div>\n\t\t\t\t<div class=\"elementor-element elementor-element-2e39a103 elementor-widget elementor-widget-heading\" data-id=\"2e39a103\" data-element_type=\"widget\" data-e-type=\"widget\" data-widget_type=\"heading.default\">\n\t\t\t\t<div class=\"elementor-widget-container\">\n\t\t\t\t\t<h2 class=\"elementor-heading-title elementor-size-default\">Vermeiden Sie unn\u00f6tige Kosten!<\/h2>\t\t\t\t<\/div>\n\t\t\t\t<\/div>\n\t\t\t\t<\/div>\n\t\t\t\t\t<\/div>\n\t\t\t\t<\/div>\n\t\t<div class=\"elementor-element elementor-element-6d9d6976 e-flex e-con-boxed e-con e-parent\" data-id=\"6d9d6976\" data-element_type=\"container\" data-e-type=\"container\">\n\t\t\t\t\t<div class=\"e-con-inner\">\n\t\t\t\t<div class=\"elementor-element elementor-element-5d976193 elementor-widget__width-inherit elementor-widget elementor-widget-heading\" data-id=\"5d976193\" data-element_type=\"widget\" data-e-type=\"widget\" data-settings=\"{&quot;motion_fx_motion_fx_scrolling&quot;:&quot;yes&quot;,&quot;motion_fx_devices&quot;:[&quot;desktop&quot;,&quot;tablet&quot;,&quot;mobile&quot;]}\" data-widget_type=\"heading.default\">\n\t\t\t\t<div class=\"elementor-widget-container\">\n\t\t\t\t\t<h1 class=\"elementor-heading-title elementor-size-default\">Das All-In Fahrzeugaufbereitungspaket\nf\u00fcr Ihre Leasing R\u00fcckgabe<\/h1>\t\t\t\t<\/div>\n\t\t\t\t<\/div>\n\t\t\t\t<div class=\"elementor-element elementor-element-143e7444 elementor-widget elementor-widget-text-editor\" data-id=\"143e7444\" data-element_type=\"widget\" data-e-type=\"widget\" data-widget_type=\"text-editor.default\">\n\t\t\t\t<div class=\"elementor-widget-container\">\n\t\t\t\t\t\t\t\t\t<p>Eine Investition, die bares Geld spart<\/p>\t\t\t\t\t\t\t\t<\/div>\n\t\t\t\t<\/div>\n\t\t\t\t<div class=\"elementor-element elementor-element-5ed1b65 elementor-widget-divider--view-line elementor-widget elementor-widget-divider\" data-id=\"5ed1b65\" data-element_type=\"widget\" data-e-type=\"widget\" data-widget_type=\"divider.default\">\n\t\t\t\t<div class=\"elementor-widget-container\">\n\t\t\t\t\t\t\t<div class=\"elementor-divider\">\n\t\t\t<span class=\"elementor-divider-separator\">\n\t\t\t\t\t\t<\/span>\n\t\t<\/div>\n\t\t\t\t\t\t<\/div>\n\t\t\t\t<\/div>\n\t\t\t\t<div class=\"elementor-element elementor-element-26ac47e0 elementor-widget elementor-widget-text-editor\" data-id=\"26ac47e0\" data-element_type=\"widget\" data-e-type=\"widget\" data-widget_type=\"text-editor.default\">\n\t\t\t\t<div class=\"elementor-widget-container\">\n\t\t\t\t\t\t\t\t\t<div class=\"wpb_text_column wpb_content_element \"><div class=\"wpb_wrapper\"><p>Die R\u00fcckgabe Ihres Leasingautos kann sich schnell zu einer wahren Kostenfalle entwickeln, denn nicht selten nutzen H\u00e4ndler die Gelegenheit zus\u00e4tzlich Kasse zu machen, indem Sie den Zustand und die Sauberkeit des Wagens bem\u00e4ngeln und Ihnen die Instandsetzung mit horrenden Betr\u00e4gen in Rechnung stellen.<\/p><p>Lassen Sie es gar nicht erst darauf ankommen. Wir k\u00fcmmern uns um die professionelle Fahrzeugaufbereitung und lassen den Wagen in neuem Glanz erstrahlen. Der H\u00e4ndler bekommt ihn im bestm\u00f6glichen Zustand zur\u00fcck. Grund zur Beanstandung wird es keinen geben. Dank der Glanzliebe-Profis.<\/p><p><em>Die Preise richten sich nach Fahrzeugtyp und -zustand. Kontaktieren Sie uns f\u00fcr ein individuelles Angebot.<\/em><\/p><\/div><\/div>\t\t\t\t\t\t\t\t<\/div>\n\t\t\t\t<\/div>\n\t\t\t\t<div class=\"elementor-element elementor-element-49ad4cb7 elementor-widget elementor-widget-button\" data-id=\"49ad4cb7\" data-element_type=\"widget\" data-e-type=\"widget\" data-widget_type=\"button.default\">\n\t\t\t\t<div class=\"elementor-widget-container\">\n\t\t\t\t\t\t\t\t\t<div class=\"elementor-button-wrapper\">\n\t\t\t\t\t<a class=\"elementor-button elementor-button-link elementor-size-sm\" href=\"https:\/\/siemoneit.de\/kontakt\/\">\n\t\t\t\t\t\t<span class=\"elementor-button-content-wrapper\">\n\t\t\t\t\t\t\t\t\t<span class=\"elementor-button-text\">Zum Kontaktformular<\/span>\n\t\t\t\t\t<\/span>\n\t\t\t\t\t<\/a>\n\t\t\t\t<\/div>\n\t\t\t\t\t\t\t\t<\/div>\n\t\t\t\t<\/div>\n\t\t\t\t\t<\/div>\n\t\t\t\t<\/div>\n\t\t\t\t<\/div>\n\t\t","protected":false},"excerpt":{"rendered":"<p>Leasing return Avoid unnecessary costs! The all-in vehicle reconditioning package for your leasing return An investment that saves you money Returning your leased car can quickly turn into a real cost trap, as dealers often take the opportunity to make extra money by complaining about the condition and cleanliness of the car and giving you the ... <a title=\"Leasing return\" class=\"read-more\" href=\"https:\/\/siemoneit.de\/en\/vehicle-preparation\/leasing-return\/\" aria-label=\"Read more about Leasing return\">Read more<\/a><\/p>","protected":false},"author":1,"featured_media":0,"parent":178,"menu_order":0,"comment_status":"closed","ping_status":"closed","template":"elementor_header_footer","meta":{"_acf_changed":false,"footnotes":""},"class_list":["post-3820","page","type-page","status-publish"],"acf":[],"yoast_head":"<!-- This site is optimized with the Yoast SEO plugin v27.4 - https:\/\/yoast.com\/product\/yoast-seo-wordpress\/ -->\n<title>Leasing R\u00fcckgabe - Siemoneit GmbH<\/title>\n<meta name=\"robots\" content=\"index, follow, max-snippet:-1, max-image-preview:large, max-video-preview:-1\" \/>\n<link rel=\"canonical\" href=\"https:\/\/siemoneit.de\/en\/vehicle-preparation\/leasing-return\/\" \/>\n<meta property=\"og:locale\" content=\"en_US\" \/>\n<meta property=\"og:type\" content=\"article\" \/>\n<meta property=\"og:title\" content=\"Leasing R\u00fcckgabe - Siemoneit GmbH\" \/>\n<meta property=\"og:description\" content=\"Leasing R\u00fcckgabe Vermeiden Sie unn\u00f6tige Kosten! Das All-In Fahrzeugaufbereitungspaket f\u00fcr Ihre Leasing R\u00fcckgabe Eine Investition, die bares Geld spart Die R\u00fcckgabe Ihres Leasingautos kann sich schnell zu einer wahren Kostenfalle entwickeln, denn nicht selten nutzen H\u00e4ndler die Gelegenheit zus\u00e4tzlich Kasse zu machen, indem Sie den Zustand und die Sauberkeit des Wagens bem\u00e4ngeln und Ihnen die ... Read more\" \/>\n<meta property=\"og:url\" content=\"https:\/\/siemoneit.de\/en\/vehicle-preparation\/leasing-return\/\" \/>\n<meta property=\"og:site_name\" content=\"Siemoneit GmbH\" \/>\n<meta property=\"article:publisher\" content=\"https:\/\/www.facebook.com\/siemoneit.racing\" \/>\n<meta property=\"article:modified_time\" content=\"2025-11-29T11:56:36+00:00\" \/>\n<meta name=\"twitter:card\" content=\"summary_large_image\" \/>\n<meta name=\"twitter:label1\" content=\"Est. reading time\" \/>\n\t<meta name=\"twitter:data1\" content=\"1 minute\" \/>\n<script type=\"application\/ld+json\" class=\"yoast-schema-graph\">{\"@context\":\"https:\\\/\\\/schema.org\",\"@graph\":[{\"@type\":\"WebPage\",\"@id\":\"https:\\\/\\\/siemoneit.de\\\/de\\\/fahrzeugaufbereitung\\\/leasing-rueckgabe\\\/\",\"url\":\"https:\\\/\\\/siemoneit.de\\\/de\\\/fahrzeugaufbereitung\\\/leasing-rueckgabe\\\/\",\"name\":\"Leasing R\u00fcckgabe - Siemoneit GmbH\",\"isPartOf\":{\"@id\":\"https:\\\/\\\/siemoneit.de\\\/#website\"},\"datePublished\":\"2023-07-01T10:17:22+00:00\",\"dateModified\":\"2025-11-29T11:56:36+00:00\",\"breadcrumb\":{\"@id\":\"https:\\\/\\\/siemoneit.de\\\/de\\\/fahrzeugaufbereitung\\\/leasing-rueckgabe\\\/#breadcrumb\"},\"inLanguage\":\"en-US\",\"potentialAction\":[{\"@type\":\"ReadAction\",\"target\":[\"https:\\\/\\\/siemoneit.de\\\/de\\\/fahrzeugaufbereitung\\\/leasing-rueckgabe\\\/\"]}]},{\"@type\":\"BreadcrumbList\",\"@id\":\"https:\\\/\\\/siemoneit.de\\\/de\\\/fahrzeugaufbereitung\\\/leasing-rueckgabe\\\/#breadcrumb\",\"itemListElement\":[{\"@type\":\"ListItem\",\"position\":1,\"name\":\"Startseite\",\"item\":\"https:\\\/\\\/siemoneit.de\\\/\"},{\"@type\":\"ListItem\",\"position\":2,\"name\":\"Glanzliebe Fahrzeugaufbereitung\",\"item\":\"https:\\\/\\\/siemoneit.de\\\/fahrzeugaufbereitung\\\/\"},{\"@type\":\"ListItem\",\"position\":3,\"name\":\"Leasing R\u00fcckgabe\"}]},{\"@type\":\"WebSite\",\"@id\":\"https:\\\/\\\/siemoneit.de\\\/#website\",\"url\":\"https:\\\/\\\/siemoneit.de\\\/\",\"name\":\"Siemoneit GmbH\",\"description\":\"\",\"publisher\":{\"@id\":\"https:\\\/\\\/siemoneit.de\\\/#organization\"},\"potentialAction\":[{\"@type\":\"SearchAction\",\"target\":{\"@type\":\"EntryPoint\",\"urlTemplate\":\"https:\\\/\\\/siemoneit.de\\\/?s={search_term_string}\"},\"query-input\":{\"@type\":\"PropertyValueSpecification\",\"valueRequired\":true,\"valueName\":\"search_term_string\"}}],\"inLanguage\":\"en-US\"},{\"@type\":\"Organization\",\"@id\":\"https:\\\/\\\/siemoneit.de\\\/#organization\",\"name\":\"Siemoneit GmbH\",\"url\":\"https:\\\/\\\/siemoneit.de\\\/\",\"logo\":{\"@type\":\"ImageObject\",\"inLanguage\":\"en-US\",\"@id\":\"https:\\\/\\\/siemoneit.de\\\/#\\\/schema\\\/logo\\\/image\\\/\",\"url\":\"https:\\\/\\\/siemoneit.de\\\/wp-content\\\/uploads\\\/2023\\\/04\\\/images-removebg-preview.png\",\"contentUrl\":\"https:\\\/\\\/siemoneit.de\\\/wp-content\\\/uploads\\\/2023\\\/04\\\/images-removebg-preview.png\",\"width\":225,\"height\":225,\"caption\":\"Siemoneit GmbH\"},\"image\":{\"@id\":\"https:\\\/\\\/siemoneit.de\\\/#\\\/schema\\\/logo\\\/image\\\/\"},\"sameAs\":[\"https:\\\/\\\/www.facebook.com\\\/siemoneit.racing\",\"https:\\\/\\\/www.instagram.com\\\/siemoneit_racing\\\/\"]}]}<\/script>\n<!-- \/ Yoast SEO plugin. -->","yoast_head_json":{"title":"Leasing return - Siemoneit GmbH","robots":{"index":"index","follow":"follow","max-snippet":"max-snippet:-1","max-image-preview":"max-image-preview:large","max-video-preview":"max-video-preview:-1"},"canonical":"https:\/\/siemoneit.de\/en\/vehicle-preparation\/leasing-return\/","og_locale":"en_US","og_type":"article","og_title":"Leasing R\u00fcckgabe - Siemoneit GmbH","og_description":"Leasing R\u00fcckgabe Vermeiden Sie unn\u00f6tige Kosten! Das All-In Fahrzeugaufbereitungspaket f\u00fcr Ihre Leasing R\u00fcckgabe Eine Investition, die bares Geld spart Die R\u00fcckgabe Ihres Leasingautos kann sich schnell zu einer wahren Kostenfalle entwickeln, denn nicht selten nutzen H\u00e4ndler die Gelegenheit zus\u00e4tzlich Kasse zu machen, indem Sie den Zustand und die Sauberkeit des Wagens bem\u00e4ngeln und Ihnen die ... Read more","og_url":"https:\/\/siemoneit.de\/en\/vehicle-preparation\/leasing-return\/","og_site_name":"Siemoneit GmbH","article_publisher":"https:\/\/www.facebook.com\/siemoneit.racing","article_modified_time":"2025-11-29T11:56:36+00:00","twitter_card":"summary_large_image","twitter_misc":{"Est. reading time":"1 minute"},"schema":{"@context":"https:\/\/schema.org","@graph":[{"@type":"WebPage","@id":"https:\/\/siemoneit.de\/de\/fahrzeugaufbereitung\/leasing-rueckgabe\/","url":"https:\/\/siemoneit.de\/de\/fahrzeugaufbereitung\/leasing-rueckgabe\/","name":"Leasing return - Siemoneit GmbH","isPartOf":{"@id":"https:\/\/siemoneit.de\/#website"},"datePublished":"2023-07-01T10:17:22+00:00","dateModified":"2025-11-29T11:56:36+00:00","breadcrumb":{"@id":"https:\/\/siemoneit.de\/de\/fahrzeugaufbereitung\/leasing-rueckgabe\/#breadcrumb"},"inLanguage":"en-US","potentialAction":[{"@type":"ReadAction","target":["https:\/\/siemoneit.de\/de\/fahrzeugaufbereitung\/leasing-rueckgabe\/"]}]},{"@type":"BreadcrumbList","@id":"https:\/\/siemoneit.de\/de\/fahrzeugaufbereitung\/leasing-rueckgabe\/#breadcrumb","itemListElement":[{"@type":"ListItem","position":1,"name":"Startseite","item":"https:\/\/siemoneit.de\/"},{"@type":"ListItem","position":2,"name":"Glanzliebe Fahrzeugaufbereitung","item":"https:\/\/siemoneit.de\/fahrzeugaufbereitung\/"},{"@type":"ListItem","position":3,"name":"Leasing R\u00fcckgabe"}]},{"@type":"WebSite","@id":"https:\/\/siemoneit.de\/#website","url":"https:\/\/siemoneit.de\/","name":"Siemoneit GmbH","description":"","publisher":{"@id":"https:\/\/siemoneit.de\/#organization"},"potentialAction":[{"@type":"SearchAction","target":{"@type":"EntryPoint","urlTemplate":"https:\/\/siemoneit.de\/?s={search_term_string}"},"query-input":{"@type":"PropertyValueSpecification","valueRequired":true,"valueName":"search_term_string"}}],"inLanguage":"en-US"},{"@type":"Organization","@id":"https:\/\/siemoneit.de\/#organization","name":"Siemoneit GmbH","url":"https:\/\/siemoneit.de\/","logo":{"@type":"ImageObject","inLanguage":"en-US","@id":"https:\/\/siemoneit.de\/#\/schema\/logo\/image\/","url":"https:\/\/siemoneit.de\/wp-content\/uploads\/2023\/04\/images-removebg-preview.png","contentUrl":"https:\/\/siemoneit.de\/wp-content\/uploads\/2023\/04\/images-removebg-preview.png","width":225,"height":225,"caption":"Siemoneit GmbH"},"image":{"@id":"https:\/\/siemoneit.de\/#\/schema\/logo\/image\/"},"sameAs":["https:\/\/www.facebook.com\/siemoneit.racing","https:\/\/www.instagram.com\/siemoneit_racing\/"]}]}},"_links":{"self":[{"href":"https:\/\/siemoneit.de\/en\/wp-json\/wp\/v2\/pages\/3820","targetHints":{"allow":["GET"]}}],"collection":[{"href":"https:\/\/siemoneit.de\/en\/wp-json\/wp\/v2\/pages"}],"about":[{"href":"https:\/\/siemoneit.de\/en\/wp-json\/wp\/v2\/types\/page"}],"author":[{"embeddable":true,"href":"https:\/\/siemoneit.de\/en\/wp-json\/wp\/v2\/users\/1"}],"replies":[{"embeddable":true,"href":"https:\/\/siemoneit.de\/en\/wp-json\/wp\/v2\/comments?post=3820"}],"version-history":[{"count":6,"href":"https:\/\/siemoneit.de\/en\/wp-json\/wp\/v2\/pages\/3820\/revisions"}],"predecessor-version":[{"id":6450,"href":"https:\/\/siemoneit.de\/en\/wp-json\/wp\/v2\/pages\/3820\/revisions\/6450"}],"up":[{"embeddable":true,"href":"https:\/\/siemoneit.de\/en\/wp-json\/wp\/v2\/pages\/178"}],"wp:attachment":[{"href":"https:\/\/siemoneit.de\/en\/wp-json\/wp\/v2\/media?parent=3820"}],"curies":[{"name":"wp","href":"https:\/\/api.w.org\/{rel}","templated":true}]}}