{"id":3446,"date":"2023-06-24T17:12:30","date_gmt":"2023-06-24T15:12:30","guid":{"rendered":"https:\/\/siemoneit.de\/produkt\/ripjaw-v1-fuer-mercedes-ewg-abgasanlage-handgefertigt\/"},"modified":"2025-03-14T19:07:13","modified_gmt":"2025-03-14T18:07:13","slug":"ripjaw-v1-%ce%b3%ce%b9%ce%b1-%cf%83%cf%8d%cf%83%cf%84%ce%b7%ce%bc%ce%b1-%ce%b5%ce%be%ce%ac%cf%84%ce%bc%ce%b9%cf%83%ce%b7%cf%82-mercedes-ewg-%cf%87%ce%b5%ce%b9%cf%81%ce%bf%cf%80%ce%bf%ce%af%ce%b7%cf%84","status":"publish","type":"product","link":"https:\/\/siemoneit.de\/el\/%ce%ba%ce%b1%cf%84%ce%ac%cf%83%cf%84%ce%b7%ce%bc%ce%b1\/ripjaw-v1-%ce%b3%ce%b9%ce%b1-%cf%83%cf%8d%cf%83%cf%84%ce%b7%ce%bc%ce%b1-%ce%b5%ce%be%ce%ac%cf%84%ce%bc%ce%b9%cf%83%ce%b7%cf%82-mercedes-ewg-%cf%87%ce%b5%ce%b9%cf%81%ce%bf%cf%80%ce%bf%ce%af%ce%b7%cf%84\/","title":{"rendered":"RIPJAW V1 \u03b3\u03b9\u03b1 Mercedes (\u03c3\u03cd\u03c3\u03c4\u03b7\u03bc\u03b1 \u03b5\u03be\u03ac\u03c4\u03bc\u03b9\u03c3\u03b7\u03c2 EEC) \u03c7\u03b5\u03b9\u03c1\u03bf\u03c0\u03bf\u03af\u03b7\u03c4\u03bf"},"content":{"rendered":"<p>\u03a4\u03bf \u03b4\u03b9\u03ba\u03cc \u03bc\u03b1\u03c2 \u03c3\u03cd\u03c3\u03c4\u03b7\u03bc\u03b1 \u03b5\u03be\u03ac\u03c4\u03bc\u03b9\u03c3\u03b7\u03c2 \u03bc\u03b5 \u03ad\u03b3\u03ba\u03c1\u03b9\u03c3\u03b7 \u03c4\u03cd\u03c0\u03bf\u03c5 EEC\/COC\/ECE \u03b3\u03b9\u03b1 Mercedes \u03c7\u03c9\u03c1\u03af\u03c2 \u03b5\u03c1\u03b3\u03bf\u03c3\u03c4\u03b1\u03c3\u03b9\u03b1\u03ba\u03cc \u03c3\u03cd\u03c3\u03c4\u03b7\u03bc\u03b1 \u03b5\u03bb\u03ad\u03b3\u03c7\u03bf\u03c5 \u03c0\u03c4\u03b5\u03c1\u03c5\u03b3\u03af\u03c9\u03bd.<br \/>\n\u03a4\u03bf Ripjaw CAN \u03b5\u03bb\u03ad\u03b3\u03c7\u03b5\u03c4\u03b1\u03b9 \u03b1\u03c0\u03cc \u03c0\u03c4\u03b5\u03c1\u03cd\u03b3\u03b9\u03b1 \u03ba\u03b1\u03b9 \u03c0\u03c1\u03bf\u03c3\u03c6\u03ad\u03c1\u03b5\u03b9 \u03ad\u03bd\u03b1\u03bd \u03bc\u03bf\u03bd\u03b1\u03b4\u03b9\u03ba\u03cc \u03ae\u03c7\u03bf.<br \/>\n(\u03a0\u03b1\u03c1\u03b5\u03bc\u03c0\u03b9\u03c0\u03c4\u03cc\u03bd\u03c4\u03c9\u03c2, \u03bf\u03b9 \u03b5\u03b3\u03ba\u03c1\u03af\u03c3\u03b5\u03b9\u03c2 \u03b3\u03b9\u03b1 \u03c4\u03b1 \u03c3\u03c5\u03c3\u03c4\u03ae\u03bc\u03b1\u03c4\u03b1 \u03b5\u03be\u03ac\u03c4\u03bc\u03b9\u03c3\u03b7\u03c2 \u03b9\u03c3\u03c7\u03cd\u03bf\u03c5\u03bd \u03b5\u03c0\u03af\u03c3\u03b7\u03c2 \u03c3\u03c4\u03b7\u03bd \u0395\u039b\u0392\u0395\u03a4\u0399\u0391)<\/p>\n<p>\u039a\u03b1\u03c4\u03ac\u03bb\u03bb\u03b7\u03bb\u03bf \u03b3\u03b9\u03b1:<\/p>\n<p>MERCEDES-BENZ AMG GLE 43 -166- 2996cc 276821 287KW\/390PS- e1*2007\/46*0598*25-...<br \/>\nMERCEDES-BENZ AMG GLE 43 -166- 2996cc 276821 270KW\/367PS- e1*2007\/46*0598*25-...<br \/>\nMERCEDES-BENZ GLE 450 4MATIC -166- 2996cc 276821 270KW\/367PS- e1*2007\/46*0598*25-...<br \/>\nMERCEDES-BENZ S400 4MATIC -221- 2996cc 276824 270KW\/367PS- e1*2001\/116*0335*41-...<br \/>\nMERCEDES-BENZ SL 400 -230- 2996cc 276825 270KW\/367PS- e1*98\/14*0169*26-...<br \/>\nMERCEDES-BENZ AMG SLC 43 -172- 2996cc 276822 270KW\/367PS- e1*2007\/46*0548*14-...<br \/>\nMERCEDES-BENZ AMG SLC 43 -172- 2996cc 276822 287KW\/390PS- e1*2007\/46*0548*14-...<br \/>\nMERCEDES-BENZ E 400 -212- 2996cc 276823 245KW\/333PS- e1*2001\/116*0501*29-...<br \/>\nMERCEDES-BENZ AMG E43 4MATIC -212- 2996cc 276823 295KW\/401PS- e1*2001\/116*0501*29-...<br \/>\nMERCEDES-BENZ C 400 4MATIC -204K- 2996cc 276823 245KW\/333PS- e1*2001\/116*0457*40-...<br \/>\nMERCEDES-BENZ C 400 4MATIC -204- 2996cc 276823 245KW\/333PS- e1*2001\/116*0431*48-...<br \/>\nMERCEDES-BENZ C 450 4MATIC -204K- 2996cc 276823 270KW\/367PS- e1*2001\/116*0457*40-...<br \/>\nMERCEDES-BENZ C 450 4MATIC -204- 2996cc 276823 270KW\/367PS- e1*2001\/116*0431*48-...<br \/>\nMERCEDES-BENZ AMG C43 -204K- 2996 ccm 276823 270KW\/367PS- e1*2001\/116*0457*40-...<br \/>\nMERCEDES-BENZ AMG C43 -204 - 2996cc 276823 287KW\/390PS- e1*2001\/116*0431*48-...<br \/>\nMERCEDES-BENZ AMG GLC 43 4MATIC -204K- 2996cc 276823 270KW\/367PS- e1*2001\/116*0480*23-...<br \/>\nMERCEDES-BENZ GLE 400 4MATIC -166- 2996cc 276823 245KW\/333PS- e1*2007\/116*0598*25-...<\/p>\n<p>\u0397 \u03b5\u03b9\u03ba\u03cc\u03bd\u03b1 \u03c4\u03bf\u03c5 \u03c0\u03c1\u03bf\u03ca\u03cc\u03bd\u03c4\u03bf\u03c2 \u03b5\u03bd\u03b4\u03ad\u03c7\u03b5\u03c4\u03b1\u03b9 \u03bd\u03b1 \u03b4\u03b9\u03b1\u03c6\u03ad\u03c1\u03b5\u03b9.<\/p>","protected":false},"excerpt":{"rendered":"<p>\u03a4\u03bf \u03b4\u03b9\u03ba\u03cc \u03bc\u03b1\u03c2 \u03c3\u03cd\u03c3\u03c4\u03b7\u03bc\u03b1 \u03b5\u03be\u03ac\u03c4\u03bc\u03b9\u03c3\u03b7\u03c2 \u03bc\u03b5 \u03ad\u03b3\u03ba\u03c1\u03b9\u03c3\u03b7 \u03c4\u03cd\u03c0\u03bf\u03c5 EEC\/COC\/ECE \u03b3\u03b9\u03b1 Mercedes \u03c7\u03c9\u03c1\u03af\u03c2 \u03b5\u03c1\u03b3\u03bf\u03c3\u03c4\u03b1\u03c3\u03b9\u03b1\u03ba\u03cc \u03c3\u03cd\u03c3\u03c4\u03b7\u03bc\u03b1 \u03b5\u03bb\u03ad\u03b3\u03c7\u03bf\u03c5 \u03c0\u03c4\u03b5\u03c1\u03c5\u03b3\u03af\u03c9\u03bd. \u03a4\u03bf Ripjaw CAN \u03b5\u03bb\u03ad\u03b3\u03c7\u03b5\u03c4\u03b1\u03b9 \u03b1\u03c0\u03cc \u03c0\u03c4\u03b5\u03c1\u03cd\u03b3\u03b9\u03b1 \u03ba\u03b1\u03b9 \u03c0\u03c1\u03bf\u03c3\u03c6\u03ad\u03c1\u03b5\u03b9 \u03ad\u03bd\u03b1\u03bd \u03bc\u03bf\u03bd\u03b1\u03b4\u03b9\u03ba\u03cc \u03ae\u03c7\u03bf. (\u039f\u03b9 \u03b5\u03b3\u03ba\u03c1\u03af\u03c3\u03b5\u03b9\u03c2 \u03b3\u03b9\u03b1 \u03c4\u03b1 \u03c3\u03c5\u03c3\u03c4\u03ae\u03bc\u03b1\u03c4\u03b1 \u03b5\u03be\u03ac\u03c4\u03bc\u03b9\u03c3\u03b7\u03c2 \u03b9\u03c3\u03c7\u03cd\u03bf\u03c5\u03bd \u03b5\u03c0\u03af\u03c3\u03b7\u03c2 \u03c3\u03c4\u03b7\u03bd \u0395\u039b\u0392\u0395\u03a4\u0399\u0391) \u039a\u03b1\u03c4\u03ac\u03bb\u03bb\u03b7\u03bb\u03bf \u03b3\u03b9\u03b1: - \u03a4\u03bf \u03c3\u03cd\u03c3\u03c4\u03b7\u03bc\u03b1 \u03b5\u03be\u03ac\u03c4\u03bc\u03b9\u03c3\u03b7\u03c2 \u03b5\u03af\u03bd\u03b1\u03b9 \u03ba\u03b1\u03c4\u03ac\u03bb\u03bb\u03b7\u03bb\u03bf \u03b3\u03b9\u03b1: MERCEDES-BENZ AMG GLE 43 -166- 2996cc 276821 287KW\/390PS- e1*2007\/46*0598*25-... MERCEDES-BENZ AMG GLE 43 -166- 2996cc 276821 270KW\/367PS- e1*2007\/46*0598*25-... MERCEDES-BENZ GLE 450 ... <a title=\"RIPJAW V1 \u03b3\u03b9\u03b1 Mercedes (\u03c3\u03cd\u03c3\u03c4\u03b7\u03bc\u03b1 \u03b5\u03be\u03ac\u03c4\u03bc\u03b9\u03c3\u03b7\u03c2 EEC) \u03c7\u03b5\u03b9\u03c1\u03bf\u03c0\u03bf\u03af\u03b7\u03c4\u03bf\" class=\"read-more\" href=\"https:\/\/siemoneit.de\/el\/%ce%ba%ce%b1%cf%84%ce%ac%cf%83%cf%84%ce%b7%ce%bc%ce%b1\/ripjaw-v1-%ce%b3%ce%b9%ce%b1-%cf%83%cf%8d%cf%83%cf%84%ce%b7%ce%bc%ce%b1-%ce%b5%ce%be%ce%ac%cf%84%ce%bc%ce%b9%cf%83%ce%b7%cf%82-mercedes-ewg-%cf%87%ce%b5%ce%b9%cf%81%ce%bf%cf%80%ce%bf%ce%af%ce%b7%cf%84\/\" aria-label=\"\u0394\u03b9\u03b1\u03b2\u03ac\u03c3\u03c4\u03b5 \u03c0\u03b5\u03c1\u03b9\u03c3\u03c3\u03cc\u03c4\u03b5\u03c1\u03b1 \u03b3\u03b9\u03b1 \u03c4\u03bf \u03c7\u03b5\u03b9\u03c1\u03bf\u03c0\u03bf\u03af\u03b7\u03c4\u03bf RIPJAW V1 \u03b3\u03b9\u03b1 Mercedes (\u03c3\u03cd\u03c3\u03c4\u03b7\u03bc\u03b1 \u03b5\u03be\u03ac\u03c4\u03bc\u03b9\u03c3\u03b7\u03c2 EEC)\">\u03a0\u03b5\u03c1\u03b9\u03c3\u03c3\u03cc\u03c4\u03b5\u03c1\u03b1<\/a><\/p>","protected":false},"featured_media":1382,"template":"","meta":{"_acf_changed":false},"product_brand":[],"product_cat":[166,177],"product_tag":[],"class_list":{"0":"post-3446","1":"product","2":"type-product","3":"status-publish","4":"has-post-thumbnail","6":"product_cat-abgasanlage","7":"product_cat-tuning","9":"first","10":"instock","11":"taxable","12":"shipping-taxable","13":"product-type-variable","14":"has-default-attributes"},"acf":[],"yoast_head":"<!-- This site is optimized with the Yoast SEO plugin v27.4 - https:\/\/yoast.com\/product\/yoast-seo-wordpress\/ -->\n<title>RIPJAW V1 f\u00fcr Mercedes (EWG- Abgasanlage) handgefertigt - Siemoneit GmbH<\/title>\n<meta name=\"robots\" content=\"index, follow, max-snippet:-1, max-image-preview:large, max-video-preview:-1\" \/>\n<link rel=\"canonical\" href=\"https:\/\/siemoneit.de\/el\/\u03ba\u03b1\u03c4\u03ac\u03c3\u03c4\u03b7\u03bc\u03b1\/ripjaw-v1-\u03b3\u03b9\u03b1-\u03c3\u03cd\u03c3\u03c4\u03b7\u03bc\u03b1-\u03b5\u03be\u03ac\u03c4\u03bc\u03b9\u03c3\u03b7\u03c2-mercedes-ewg-\u03c7\u03b5\u03b9\u03c1\u03bf\u03c0\u03bf\u03af\u03b7\u03c4\/\" \/>\n<meta property=\"og:locale\" content=\"el_GR\" \/>\n<meta property=\"og:type\" content=\"article\" \/>\n<meta property=\"og:title\" content=\"RIPJAW V1 f\u00fcr Mercedes (EWG- Abgasanlage) handgefertigt - Siemoneit GmbH\" \/>\n<meta property=\"og:description\" content=\"Unsere Abgasanlage mit EWG\/COC\/ECE Betriebserlaubnis f\u00fcr Mercedes ohne werksseitige Klappensteuerung. Die Ripjaw CAN ist klappengesteuert und bietet einen einzigartigen Sound. (Die Zulassungen f\u00fcr die Abgasanlagen sind \u00fcbrigens auch in der SCHWEIZ g\u00fcltig) Passend f\u00fcr: MERCEDES-BENZ AMG GLE 43 -166- 2996ccm 276821 287KW\/390PS- e1*2007\/46*0598*25-.. MERCEDES-BENZ AMG GLE 43 -166- 2996ccm 276821 270KW\/367PS- e1*2007\/46*0598*25-.. MERCEDES-BENZ GLE 450 ... \u03a0\u03b5\u03c1\u03b9\u03c3\u03c3\u03cc\u03c4\u03b5\u03c1\u03b1\" \/>\n<meta property=\"og:url\" content=\"https:\/\/siemoneit.de\/el\/\u03ba\u03b1\u03c4\u03ac\u03c3\u03c4\u03b7\u03bc\u03b1\/ripjaw-v1-\u03b3\u03b9\u03b1-\u03c3\u03cd\u03c3\u03c4\u03b7\u03bc\u03b1-\u03b5\u03be\u03ac\u03c4\u03bc\u03b9\u03c3\u03b7\u03c2-mercedes-ewg-\u03c7\u03b5\u03b9\u03c1\u03bf\u03c0\u03bf\u03af\u03b7\u03c4\/\" \/>\n<meta property=\"og:site_name\" content=\"Siemoneit GmbH\" \/>\n<meta property=\"article:publisher\" content=\"https:\/\/www.facebook.com\/siemoneit.racing\" \/>\n<meta property=\"article:modified_time\" content=\"2025-03-14T18:07:13+00:00\" \/>\n<meta property=\"og:image\" content=\"https:\/\/siemoneit.de\/wp-content\/uploads\/2023\/05\/17063_29689.jpg\" \/>\n\t<meta property=\"og:image:width\" content=\"900\" \/>\n\t<meta property=\"og:image:height\" content=\"675\" \/>\n\t<meta property=\"og:image:type\" content=\"image\/jpeg\" \/>\n<meta name=\"twitter:card\" content=\"summary_large_image\" \/>\n<meta name=\"twitter:label1\" content=\"\u0395\u03ba\u03c4\u03b9\u03bc\u03ce\u03bc\u03b5\u03bd\u03bf\u03c2 \u03c7\u03c1\u03cc\u03bd\u03bf\u03c2 \u03b1\u03bd\u03ac\u03b3\u03bd\u03c9\u03c3\u03b7\u03c2\" \/>\n\t<meta name=\"twitter:data1\" content=\"1 \u03bb\u03b5\u03c0\u03c4\u03cc\" \/>\n<script type=\"application\/ld+json\" class=\"yoast-schema-graph\">{\"@context\":\"https:\\\/\\\/schema.org\",\"@graph\":[{\"@type\":\"WebPage\",\"@id\":\"https:\\\/\\\/siemoneit.de\\\/shop\\\/ripjaw-v1-fuer-mercedes-ewg-abgasanlage-handgefertigt\\\/\",\"url\":\"https:\\\/\\\/siemoneit.de\\\/shop\\\/ripjaw-v1-fuer-mercedes-ewg-abgasanlage-handgefertigt\\\/\",\"name\":\"RIPJAW V1 f\u00fcr Mercedes (EWG- Abgasanlage) handgefertigt - Siemoneit GmbH\",\"isPartOf\":{\"@id\":\"https:\\\/\\\/siemoneit.de\\\/#website\"},\"primaryImageOfPage\":{\"@id\":\"https:\\\/\\\/siemoneit.de\\\/shop\\\/ripjaw-v1-fuer-mercedes-ewg-abgasanlage-handgefertigt\\\/#primaryimage\"},\"image\":{\"@id\":\"https:\\\/\\\/siemoneit.de\\\/shop\\\/ripjaw-v1-fuer-mercedes-ewg-abgasanlage-handgefertigt\\\/#primaryimage\"},\"thumbnailUrl\":\"https:\\\/\\\/siemoneit.de\\\/wp-content\\\/uploads\\\/2023\\\/05\\\/17063_29689.jpg\",\"datePublished\":\"2023-06-24T15:12:30+00:00\",\"dateModified\":\"2025-03-14T18:07:13+00:00\",\"breadcrumb\":{\"@id\":\"https:\\\/\\\/siemoneit.de\\\/shop\\\/ripjaw-v1-fuer-mercedes-ewg-abgasanlage-handgefertigt\\\/#breadcrumb\"},\"inLanguage\":\"el\",\"potentialAction\":[{\"@type\":\"ReadAction\",\"target\":[\"https:\\\/\\\/siemoneit.de\\\/shop\\\/ripjaw-v1-fuer-mercedes-ewg-abgasanlage-handgefertigt\\\/\"]}]},{\"@type\":\"ImageObject\",\"inLanguage\":\"el\",\"@id\":\"https:\\\/\\\/siemoneit.de\\\/shop\\\/ripjaw-v1-fuer-mercedes-ewg-abgasanlage-handgefertigt\\\/#primaryimage\",\"url\":\"https:\\\/\\\/siemoneit.de\\\/wp-content\\\/uploads\\\/2023\\\/05\\\/17063_29689.jpg\",\"contentUrl\":\"https:\\\/\\\/siemoneit.de\\\/wp-content\\\/uploads\\\/2023\\\/05\\\/17063_29689.jpg\",\"width\":900,\"height\":675},{\"@type\":\"BreadcrumbList\",\"@id\":\"https:\\\/\\\/siemoneit.de\\\/shop\\\/ripjaw-v1-fuer-mercedes-ewg-abgasanlage-handgefertigt\\\/#breadcrumb\",\"itemListElement\":[{\"@type\":\"ListItem\",\"position\":1,\"name\":\"Startseite\",\"item\":\"https:\\\/\\\/siemoneit.de\\\/\"},{\"@type\":\"ListItem\",\"position\":2,\"name\":\"Shop\",\"item\":\"https:\\\/\\\/siemoneit.de\\\/shop\\\/\"},{\"@type\":\"ListItem\",\"position\":3,\"name\":\"RIPJAW V1 f\u00fcr Mercedes (EWG- Abgasanlage) handgefertigt\"}]},{\"@type\":\"WebSite\",\"@id\":\"https:\\\/\\\/siemoneit.de\\\/#website\",\"url\":\"https:\\\/\\\/siemoneit.de\\\/\",\"name\":\"Siemoneit GmbH\",\"description\":\"\",\"publisher\":{\"@id\":\"https:\\\/\\\/siemoneit.de\\\/#organization\"},\"potentialAction\":[{\"@type\":\"SearchAction\",\"target\":{\"@type\":\"EntryPoint\",\"urlTemplate\":\"https:\\\/\\\/siemoneit.de\\\/?s={search_term_string}\"},\"query-input\":{\"@type\":\"PropertyValueSpecification\",\"valueRequired\":true,\"valueName\":\"search_term_string\"}}],\"inLanguage\":\"el\"},{\"@type\":\"Organization\",\"@id\":\"https:\\\/\\\/siemoneit.de\\\/#organization\",\"name\":\"Siemoneit GmbH\",\"url\":\"https:\\\/\\\/siemoneit.de\\\/\",\"logo\":{\"@type\":\"ImageObject\",\"inLanguage\":\"el\",\"@id\":\"https:\\\/\\\/siemoneit.de\\\/#\\\/schema\\\/logo\\\/image\\\/\",\"url\":\"https:\\\/\\\/siemoneit.de\\\/wp-content\\\/uploads\\\/2023\\\/04\\\/images-removebg-preview.png\",\"contentUrl\":\"https:\\\/\\\/siemoneit.de\\\/wp-content\\\/uploads\\\/2023\\\/04\\\/images-removebg-preview.png\",\"width\":225,\"height\":225,\"caption\":\"Siemoneit GmbH\"},\"image\":{\"@id\":\"https:\\\/\\\/siemoneit.de\\\/#\\\/schema\\\/logo\\\/image\\\/\"},\"sameAs\":[\"https:\\\/\\\/www.facebook.com\\\/siemoneit.racing\",\"https:\\\/\\\/www.instagram.com\\\/siemoneit_racing\\\/\"]}]}<\/script>\n<!-- \/ Yoast SEO plugin. -->","yoast_head_json":{"title":"RIPJAW V1 \u03b3\u03b9\u03b1 Mercedes (\u03c3\u03cd\u03c3\u03c4\u03b7\u03bc\u03b1 \u03b5\u03be\u03ac\u03c4\u03bc\u03b9\u03c3\u03b7\u03c2 EEC) \u03c7\u03b5\u03b9\u03c1\u03bf\u03c0\u03bf\u03af\u03b7\u03c4\u03bf - Siemoneit GmbH","robots":{"index":"index","follow":"follow","max-snippet":"max-snippet:-1","max-image-preview":"max-image-preview:large","max-video-preview":"max-video-preview:-1"},"canonical":"https:\/\/siemoneit.de\/el\/\u03ba\u03b1\u03c4\u03ac\u03c3\u03c4\u03b7\u03bc\u03b1\/ripjaw-v1-\u03b3\u03b9\u03b1-\u03c3\u03cd\u03c3\u03c4\u03b7\u03bc\u03b1-\u03b5\u03be\u03ac\u03c4\u03bc\u03b9\u03c3\u03b7\u03c2-mercedes-ewg-\u03c7\u03b5\u03b9\u03c1\u03bf\u03c0\u03bf\u03af\u03b7\u03c4\/","og_locale":"el_GR","og_type":"article","og_title":"RIPJAW V1 f\u00fcr Mercedes (EWG- Abgasanlage) handgefertigt - Siemoneit GmbH","og_description":"Unsere Abgasanlage mit EWG\/COC\/ECE Betriebserlaubnis f\u00fcr Mercedes ohne werksseitige Klappensteuerung. Die Ripjaw CAN ist klappengesteuert und bietet einen einzigartigen Sound. (Die Zulassungen f\u00fcr die Abgasanlagen sind \u00fcbrigens auch in der SCHWEIZ g\u00fcltig) Passend f\u00fcr: MERCEDES-BENZ AMG GLE 43 -166- 2996ccm 276821 287KW\/390PS- e1*2007\/46*0598*25-.. MERCEDES-BENZ AMG GLE 43 -166- 2996ccm 276821 270KW\/367PS- e1*2007\/46*0598*25-.. MERCEDES-BENZ GLE 450 ... \u03a0\u03b5\u03c1\u03b9\u03c3\u03c3\u03cc\u03c4\u03b5\u03c1\u03b1","og_url":"https:\/\/siemoneit.de\/el\/\u03ba\u03b1\u03c4\u03ac\u03c3\u03c4\u03b7\u03bc\u03b1\/ripjaw-v1-\u03b3\u03b9\u03b1-\u03c3\u03cd\u03c3\u03c4\u03b7\u03bc\u03b1-\u03b5\u03be\u03ac\u03c4\u03bc\u03b9\u03c3\u03b7\u03c2-mercedes-ewg-\u03c7\u03b5\u03b9\u03c1\u03bf\u03c0\u03bf\u03af\u03b7\u03c4\/","og_site_name":"Siemoneit GmbH","article_publisher":"https:\/\/www.facebook.com\/siemoneit.racing","article_modified_time":"2025-03-14T18:07:13+00:00","og_image":[{"width":900,"height":675,"url":"https:\/\/siemoneit.de\/wp-content\/uploads\/2023\/05\/17063_29689.jpg","type":"image\/jpeg"}],"twitter_card":"summary_large_image","twitter_misc":{"\u0395\u03ba\u03c4\u03b9\u03bc\u03ce\u03bc\u03b5\u03bd\u03bf\u03c2 \u03c7\u03c1\u03cc\u03bd\u03bf\u03c2 \u03b1\u03bd\u03ac\u03b3\u03bd\u03c9\u03c3\u03b7\u03c2":"1 \u03bb\u03b5\u03c0\u03c4\u03cc"},"schema":{"@context":"https:\/\/schema.org","@graph":[{"@type":"WebPage","@id":"https:\/\/siemoneit.de\/shop\/ripjaw-v1-fuer-mercedes-ewg-abgasanlage-handgefertigt\/","url":"https:\/\/siemoneit.de\/shop\/ripjaw-v1-fuer-mercedes-ewg-abgasanlage-handgefertigt\/","name":"RIPJAW V1 \u03b3\u03b9\u03b1 Mercedes (\u03c3\u03cd\u03c3\u03c4\u03b7\u03bc\u03b1 \u03b5\u03be\u03ac\u03c4\u03bc\u03b9\u03c3\u03b7\u03c2 EEC) \u03c7\u03b5\u03b9\u03c1\u03bf\u03c0\u03bf\u03af\u03b7\u03c4\u03bf - Siemoneit GmbH","isPartOf":{"@id":"https:\/\/siemoneit.de\/#website"},"primaryImageOfPage":{"@id":"https:\/\/siemoneit.de\/shop\/ripjaw-v1-fuer-mercedes-ewg-abgasanlage-handgefertigt\/#primaryimage"},"image":{"@id":"https:\/\/siemoneit.de\/shop\/ripjaw-v1-fuer-mercedes-ewg-abgasanlage-handgefertigt\/#primaryimage"},"thumbnailUrl":"https:\/\/siemoneit.de\/wp-content\/uploads\/2023\/05\/17063_29689.jpg","datePublished":"2023-06-24T15:12:30+00:00","dateModified":"2025-03-14T18:07:13+00:00","breadcrumb":{"@id":"https:\/\/siemoneit.de\/shop\/ripjaw-v1-fuer-mercedes-ewg-abgasanlage-handgefertigt\/#breadcrumb"},"inLanguage":"el","potentialAction":[{"@type":"ReadAction","target":["https:\/\/siemoneit.de\/shop\/ripjaw-v1-fuer-mercedes-ewg-abgasanlage-handgefertigt\/"]}]},{"@type":"ImageObject","inLanguage":"el","@id":"https:\/\/siemoneit.de\/shop\/ripjaw-v1-fuer-mercedes-ewg-abgasanlage-handgefertigt\/#primaryimage","url":"https:\/\/siemoneit.de\/wp-content\/uploads\/2023\/05\/17063_29689.jpg","contentUrl":"https:\/\/siemoneit.de\/wp-content\/uploads\/2023\/05\/17063_29689.jpg","width":900,"height":675},{"@type":"BreadcrumbList","@id":"https:\/\/siemoneit.de\/shop\/ripjaw-v1-fuer-mercedes-ewg-abgasanlage-handgefertigt\/#breadcrumb","itemListElement":[{"@type":"ListItem","position":1,"name":"Startseite","item":"https:\/\/siemoneit.de\/"},{"@type":"ListItem","position":2,"name":"Shop","item":"https:\/\/siemoneit.de\/shop\/"},{"@type":"ListItem","position":3,"name":"RIPJAW V1 f\u00fcr Mercedes (EWG- Abgasanlage) handgefertigt"}]},{"@type":"WebSite","@id":"https:\/\/siemoneit.de\/#website","url":"https:\/\/siemoneit.de\/","name":"Siemoneit GmbH","description":"","publisher":{"@id":"https:\/\/siemoneit.de\/#organization"},"potentialAction":[{"@type":"SearchAction","target":{"@type":"EntryPoint","urlTemplate":"https:\/\/siemoneit.de\/?s={search_term_string}"},"query-input":{"@type":"PropertyValueSpecification","valueRequired":true,"valueName":"search_term_string"}}],"inLanguage":"el"},{"@type":"Organization","@id":"https:\/\/siemoneit.de\/#organization","name":"Siemoneit GmbH","url":"https:\/\/siemoneit.de\/","logo":{"@type":"ImageObject","inLanguage":"el","@id":"https:\/\/siemoneit.de\/#\/schema\/logo\/image\/","url":"https:\/\/siemoneit.de\/wp-content\/uploads\/2023\/04\/images-removebg-preview.png","contentUrl":"https:\/\/siemoneit.de\/wp-content\/uploads\/2023\/04\/images-removebg-preview.png","width":225,"height":225,"caption":"Siemoneit GmbH"},"image":{"@id":"https:\/\/siemoneit.de\/#\/schema\/logo\/image\/"},"sameAs":["https:\/\/www.facebook.com\/siemoneit.racing","https:\/\/www.instagram.com\/siemoneit_racing\/"]}]}},"_links":{"self":[{"href":"https:\/\/siemoneit.de\/el\/wp-json\/wp\/v2\/product\/3446","targetHints":{"allow":["GET"]}}],"collection":[{"href":"https:\/\/siemoneit.de\/el\/wp-json\/wp\/v2\/product"}],"about":[{"href":"https:\/\/siemoneit.de\/el\/wp-json\/wp\/v2\/types\/product"}],"wp:featuredmedia":[{"embeddable":true,"href":"https:\/\/siemoneit.de\/el\/wp-json\/wp\/v2\/media\/1382"}],"wp:attachment":[{"href":"https:\/\/siemoneit.de\/el\/wp-json\/wp\/v2\/media?parent=3446"}],"wp:term":[{"taxonomy":"product_brand","embeddable":true,"href":"https:\/\/siemoneit.de\/el\/wp-json\/wp\/v2\/product_brand?post=3446"},{"taxonomy":"product_cat","embeddable":true,"href":"https:\/\/siemoneit.de\/el\/wp-json\/wp\/v2\/product_cat?post=3446"},{"taxonomy":"product_tag","embeddable":true,"href":"https:\/\/siemoneit.de\/el\/wp-json\/wp\/v2\/product_tag?post=3446"}],"curies":[{"name":"wp","href":"https:\/\/api.w.org\/{rel}","templated":true}]}}