{"id":3424,"date":"2023-06-24T17:12:26","date_gmt":"2023-06-24T15:12:26","guid":{"rendered":"https:\/\/siemoneit.de\/produkt\/wagner-competition-ladeluftkuehler-kit-vag-20-tfsi-tsi\/"},"modified":"2023-06-24T20:14:32","modified_gmt":"2023-06-24T18:14:32","slug":"wagner-competition-intercooler-kit-vag-20-tfsi-tsi","status":"publish","type":"product","link":"https:\/\/siemoneit.de\/el\/%ce%ba%ce%b1%cf%84%ce%ac%cf%83%cf%84%ce%b7%ce%bc%ce%b1\/wagner-competition-intercooler-kit-vag-20-tfsi-tsi\/","title":{"rendered":"WAGNER Competition intercooler kit VAG 2.0 TFSI \/ TSI"},"content":{"rendered":"<p>\u03a4\u03bf intercooler Competition \u03ad\u03c7\u03b5\u03b9 \u03c4\u03b9\u03c2 \u03b1\u03ba\u03cc\u03bb\u03bf\u03c5\u03b8\u03b5\u03c2 \u03ba\u03b1\u03b8\u03b1\u03c1\u03ad\u03c2 \u03b4\u03b9\u03b1\u03c3\u03c4\u03ac\u03c3\u03b5\u03b9\u03c2 (610mm x 440mm x 65mm \/ 17.45L) \u03ba\u03b1\u03b9 \u03c0\u03c1\u03bf\u03c3\u03c6\u03ad\u03c1\u03b5\u03b9 \u03ad\u03c4\u03c3\u03b9 \u03bc\u03b5\u03b3\u03b1\u03bb\u03cd\u03c4\u03b5\u03c1\u03b7 \u03b5\u03c0\u03b9\u03c6\u03ac\u03bd\u03b5\u03b9\u03b1 \u03c1\u03bf\u03ae\u03c2 \u03ba\u03b1\u03c4\u03ac 10% \u03ba\u03b1\u03b9 \u03bc\u03b5\u03b3\u03b1\u03bb\u03cd\u03c4\u03b5\u03c1\u03bf \u03cc\u03b3\u03ba\u03bf \u03b1\u03ad\u03c1\u03b1 \u03c6\u03cc\u03c1\u03c4\u03b9\u03c3\u03b7\u03c2 \u03ba\u03b1\u03c4\u03ac 50% \u03c3\u03b5 \u03c3\u03cd\u03b3\u03ba\u03c1\u03b9\u03c3\u03b7 \u03bc\u03b5 \u03c4\u03bf \u03b1\u03c1\u03c7\u03b9\u03ba\u03cc intercooler Audi S3. \u03a4\u03bf \u03bd\u03b5\u03bf\u03b1\u03bd\u03b1\u03c0\u03c4\u03c5\u03b3\u03bc\u03ad\u03bd\u03bf \u03c0\u03bb\u03ad\u03b3\u03bc\u03b1 \u03c5\u03c8\u03b7\u03bb\u03ae\u03c2 \u03b1\u03c0\u03cc\u03b4\u03bf\u03c3\u03b7\u03c2 \u03b1\u03bd\u03c4\u03b1\u03b3\u03c9\u03bd\u03b9\u03c3\u03bc\u03bf\u03cd \u03b5\u03be\u03b1\u03c3\u03c6\u03b1\u03bb\u03af\u03b6\u03b5\u03b9 \u03b5\u03c0\u03b1\u03c1\u03ba\u03ae \u03c1\u03bf\u03ae \u03b1\u03ad\u03c1\u03b1 \u03c0\u03c1\u03bf\u03c2 \u03c4\u03b1 \u03b3\u03b5\u03b9\u03c4\u03bf\u03bd\u03b9\u03ba\u03ac \u03b5\u03be\u03b1\u03c1\u03c4\u03ae\u03bc\u03b1\u03c4\u03b1, \u03cc\u03c0\u03c9\u03c2 \u03c4\u03bf \u03c8\u03c5\u03b3\u03b5\u03af\u03bf \u03bd\u03b5\u03c1\u03bf\u03cd, \u03ba\u03b1\u03b9 \u03b5\u03af\u03bd\u03b1\u03b9 \u03b5\u03c0\u03af\u03c3\u03b7\u03c2 \u03c0\u03bf\u03bb\u03cd \u03b5\u03bb\u03b1\u03c6\u03c1\u03cd (\u039f\u0395\u039c S3 8kg\/ WAGNERTUNING 9,2kg). \u0391\u03bd\u03b1\u03c0\u03c4\u03c5\u03b3\u03bc\u03ad\u03bd\u03b1 \u03bc\u03b5 CAD \u03b1\u03ba\u03c1\u03b1\u03af\u03b1 \u03ba\u03bf\u03c5\u03c4\u03b9\u03ac \u03b5\u03bb\u03b5\u03cd\u03b8\u03b5\u03c1\u03b7\u03c2 \u03bc\u03bf\u03c1\u03c6\u03ae\u03c2 \u03b1\u03c0\u03cc \u03c7\u03c5\u03c4\u03cc \u03b1\u03bb\u03bf\u03c5\u03bc\u03af\u03bd\u03b9\u03bf \u03b3\u03b9\u03b1 \u03c4\u03b7\u03bd \u03ba\u03b1\u03bb\u03cd\u03c4\u03b5\u03c1\u03b7 \u03b4\u03c5\u03bd\u03b1\u03c4\u03ae \u03b5\u03c3\u03c9\u03c4\u03b5\u03c1\u03b9\u03ba\u03ae \u03c1\u03bf\u03ae \u03b1\u03ad\u03c1\u03b1. \u0397 \u03b5\u03af\u03c3\u03bf\u03b4\u03bf\u03c2 \u03ba\u03b1\u03b9 \u03b7 \u03ad\u03be\u03bf\u03b4\u03bf\u03c2 \u03ad\u03c7\u03bf\u03c5\u03bd \u03b4\u03b9\u03b5\u03c5\u03c1\u03c5\u03bd\u03b8\u03b5\u03af (\u00d8 67mm), \u03bf\u03c0\u03cc\u03c4\u03b5 \u03b1\u03c5\u03c4\u03cc \u03c4\u03bf \u03ba\u03b9\u03c4 \u03c3\u03c5\u03bd\u03bf\u03b4\u03b5\u03cd\u03b5\u03c4\u03b1\u03b9 \u03b1\u03c0\u03cc \u03c4\u03b1\u03b9\u03c1\u03b9\u03b1\u03c3\u03c4\u03bf\u03cd\u03c2 \u03c3\u03c9\u03bb\u03ae\u03bd\u03b5\u03c2 \u03c3\u03b9\u03bb\u03b9\u03ba\u03cc\u03bd\u03b7\u03c2. \u03a3\u03c5\u03bd\u03bf\u03bb\u03b9\u03ba\u03ac, \u03b1\u03c5\u03c4\u03cc \u03c4\u03bf intercooler \u03ad\u03c7\u03b5\u03b9 \u03c0\u03bf\u03bb\u03cd \u03bc\u03b9\u03ba\u03c1\u03cc\u03c4\u03b5\u03c1\u03b7 \u03b1\u03bd\u03c4\u03af\u03b8\u03bb\u03b9\u03c8\u03b7 \u03b1\u03c0\u03cc \u03c4\u03bf \u03c3\u03c4\u03ac\u03bd\u03c4\u03b1\u03c1 \u03c8\u03c5\u03b3\u03b5\u03af\u03bf. \u0395\u03c0\u03b9\u03c0\u03bb\u03ad\u03bf\u03bd, \u03cc\u03bb\u03b1 \u03c4\u03b1 intercooler \u03bc\u03b1\u03c2 \u03b4\u03b9\u03b1\u03b8\u03ad\u03c4\u03bf\u03c5\u03bd \u03b1\u03bd\u03c4\u03b9\u03b4\u03b9\u03b1\u03b2\u03c1\u03c9\u03c4\u03b9\u03ba\u03ae \u03b5\u03c0\u03af\u03c3\u03c4\u03c1\u03c9\u03c3\u03b7 \u03bc\u03b5 \u03b9\u03b4\u03b9\u03cc\u03c4\u03b7\u03c4\u03b5\u03c2 \u03b1\u03b3\u03c9\u03b3\u03b9\u03bc\u03cc\u03c4\u03b7\u03c4\u03b1\u03c2 \u03c4\u03b7\u03c2 \u03b8\u03b5\u03c1\u03bc\u03cc\u03c4\u03b7\u03c4\u03b1\u03c2. \u0391\u03c5\u03c4\u03cc \u03b5\u03b3\u03b3\u03c5\u03ac\u03c4\u03b1\u03b9 \u03b2\u03ad\u03bb\u03c4\u03b9\u03c3\u03c4\u03b7 \u03c8\u03cd\u03be\u03b7 \u03bc\u03b5 \u03c3\u03b7\u03bc\u03b1\u03bd\u03c4\u03b9\u03ba\u03ae \u03b1\u03cd\u03be\u03b7\u03c3\u03b7 \u03c4\u03b7\u03c2 \u03b1\u03c0\u03cc\u03b4\u03bf\u03c3\u03b7\u03c2. \u0397 \u03b5\u03b3\u03ba\u03b1\u03c4\u03ac\u03c3\u03c4\u03b1\u03c3\u03b7 \u03c0\u03c1\u03b1\u03b3\u03bc\u03b1\u03c4\u03bf\u03c0\u03bf\u03b9\u03b5\u03af\u03c4\u03b1\u03b9 \u03bc\u03b5 \u03c4\u03b7\u03bd \u03b1\u03bd\u03c4\u03b9\u03ba\u03b1\u03c4\u03ac\u03c3\u03c4\u03b1\u03c3\u03b7 \u03c4\u03bf\u03c5 \u039f\u0395\u039c intercooler \u03ba\u03b1\u03b9 \u03b5\u03af\u03bd\u03b1\u03b9 \u03b5\u03cd\u03ba\u03bf\u03bb\u03b7 \u03c3\u03c4\u03b7\u03bd \u03b5\u03ba\u03c4\u03ad\u03bb\u03b5\u03c3\u03b7. \u038c\u03bb\u03b1 \u03c4\u03b1 \u03c0\u03c1\u03bf\u03ca\u03cc\u03bd\u03c4\u03b1 \u03bc\u03b1\u03c2 \u03c5\u03c0\u03cc\u03ba\u03b5\u03b9\u03bd\u03c4\u03b1\u03b9 \u03c3\u03b5 \u03c3\u03c5\u03bd\u03b5\u03c7\u03ae \u03c0\u03bf\u03b9\u03bf\u03c4\u03b9\u03ba\u03cc \u03ad\u03bb\u03b5\u03b3\u03c7\u03bf. \u0394\u03b9\u03b1\u03c4\u03af\u03b8\u03b5\u03c4\u03b1\u03b9 \u03c4\u03ce\u03c1\u03b1 \u03bc\u03b5 \u03c0\u03b9\u03c3\u03c4\u03bf\u03c0\u03bf\u03b9\u03b7\u03c4\u03b9\u03ba\u03cc \u03b1\u03bd\u03c4\u03b1\u03bb\u03bb\u03b1\u03ba\u03c4\u03b9\u03ba\u03ce\u03bd T\u00dcV \u03b3\u03b9\u03b1 \u03c0\u03bf\u03bb\u03bb\u03ac \u03bf\u03c7\u03ae\u03bc\u03b1\u03c4\u03b1.<\/p>\n<p>\u03a4\u03bf \u03ba\u03b9\u03c4 intercooler \u03c4\u03b7\u03c2 WAGNERTUNING Competition \u03b3\u03b9\u03b1 \u03c4\u03bf\u03bd \u03ba\u03b9\u03bd\u03b7\u03c4\u03ae\u03c1\u03b1 VAG 2.0TFSI \/ TSI \u03b5\u03af\u03bd\u03b1\u03b9 \u03ba\u03b1\u03c4\u03ac\u03bb\u03bb\u03b7\u03bb\u03bf \u03b3\u03b9\u03b1 \u03c4\u03b1 \u03b1\u03ba\u03cc\u03bb\u03bf\u03c5\u03b8\u03b1 \u03bf\u03c7\u03ae\u03bc\u03b1\u03c4\u03b1:<\/p>\n<p>Audi A3 8P 1.8 TFSI 118KW\/160PS (2007-2012)<br \/>\nAudi A3 8P 2.0 TFSI 147KW\/200PS (2005-2012)<br \/>\nAudi S3 8P 195KW\/265PS (2006-2012)<br \/>\nAudi TT 8J 1.8 TSI 118KW\/160PS (2008-2014)<br \/>\nAudi TT 8J 2.0 TFSI 147-155KW\/200-211PS (2006-2014) (\u03cc\u03c7\u03b9 MKB. CETA; CESA)<br \/>\nAudi TTS 8J 200KW\/272PS (2008-2014) (\u03cc\u03c7\u03b9 MKB. CETA; CESA)<\/p>\n<p>Volkswagen Golf 5 GTI (\u03bc\u03b5 ED 30) 147-169KW\/200-230PS (2004-2008)<br \/>\nVolkswagen Golf 6 GTI (\u03bc\u03b5 ED 35) (Cabrio) 155-173KW\/211-235PS (2009-2013)<br \/>\nVolkswagen Golf 6 R (\u03bc\u03b5 \u03ba\u03b1\u03bc\u03c0\u03c1\u03b9\u03bf\u03bb\u03ad) 199KW\/270PS (2009-2013)<br \/>\nVolkswagen Scirocco 3 2.0 TSI 147-162KW\/200-220PS (2008-2015)<br \/>\nVolkswagen Scirocco 3 R 195-206KW\/265-280PS (2009-2015)<br \/>\nVolkswagen EOS 2.0 TFSI 147KW\/200PS (2006-2009)<br \/>\nVolkswagen EOS 2.0 TFSI 155KW\/211PS (2009-2014)<br \/>\nVolkswagen Jetta 5 2.0 TFSI 147KW\/200PS (2005-2010)<br \/>\nVolkswagen Jetta 6 2.0 TSI 155KW\/211PS (2010-2014)<br \/>\nVolkswagen Passat B6 1.8 TSI 118KW\/160PS (2007-2010)<br \/>\nVolkswagen Passat B6 2.0 TSI 147KW\/200PS (2005-2010)<br \/>\nVolkswagen Passat B7 1.8 TSI 118KW\/160PS (2010-2012)<br \/>\nVolkswagen Passat B7 2.0 TSI 155KW\/211PS (2010-2014)<br \/>\nVolkswagen Passat CC 1.8 TSI 118KW\/160PS (2008-2012)<br \/>\nVolkswagen Passat CC 2.0 TFSI 147KW\/200PS (2008-2010)<br \/>\nVolkswagen Passat CC 2.0 TSI 155KW\/211PS (2010-2014)<br \/>\nVolkswagen Beetle 2.0 TSI 147-162KW\/200-220PS (2011-)<\/p>\n<p>Skoda Octavia 1Z 1.8 TSI 118KW\/160PS (2008-2013)<br \/>\nSkoda Octavia 1Z MK2 RS 147KW\/200PS (2005-2009)<br \/>\nSkoda Octavia 1Z MK2 RS 155KW\/211PS (2009-2013)<br \/>\nSkoda Suberb 3T 2.0 TSI 147KW\/200PS (2010-2013)<\/p>\n<p>Seat Leon 1P 1.8 TFSI 118KW\/160PS (2009-2012)*<br \/>\nSeat Leon 1P 2.0 TFSI 136KW\/185PS (2005-2006)*<br \/>\nSeat Leon 1P FR 147KW\/200PS (2006-2009)*<br \/>\nSeat Leon 1P FR 155KW\/211PS (2009-2012)*<br \/>\nSeat Leon 1P Cupra 177KW\/241PS (2007-2011)*<br \/>\nSeat Leon 1P Cupra R 195KW\/265PS (2009-2012)*<br \/>\nSeat Leon 1P Copa Edition 210KW\/286PS (2008)*<br \/>\nSeat Leon 1P Cupra R310 LE 228KW\/310PS (2009-2012)*<br \/>\nSeat Leon 1P Cupra R310 WCE 228KW\/310PS (2009-2012)*<\/p>\n<p>* \u0391\u03c0\u03b1\u03b9\u03c4\u03bf\u03cd\u03bd\u03c4\u03b1\u03b9 \u03bc\u03b9\u03ba\u03c1\u03ad\u03c2 \u03c4\u03c1\u03bf\u03c0\u03bf\u03c0\u03bf\u03b9\u03ae\u03c3\u03b5\u03b9\u03c2 \u03c3\u03c4\u03bf \u03cc\u03c7\u03b7\u03bc\u03b1<\/p>\n<p>\u03a0\u03b5\u03b4\u03af\u03bf \u03b5\u03c6\u03b1\u03c1\u03bc\u03bf\u03b3\u03ae\u03c2 \u03c4\u03b7\u03c2 \u03c0\u03b1\u03c1\u03ac\u03b4\u03bf\u03c3\u03b7\u03c2:<br \/>\n1 intercooler<br \/>\n2 \u03c3\u03c9\u03bb\u03ae\u03bd\u03b5\u03c2 \u03c3\u03b9\u03bb\u03b9\u03ba\u03cc\u03bd\u03b7\u03c2<br \/>\n4 \u03c3\u03c6\u03b9\u03b3\u03ba\u03c4\u03ae\u03c1\u03b5\u03c2 \u03c3\u03c9\u03bb\u03ae\u03bd\u03c9\u03bd<br \/>\n1 \u03c0\u03c1\u03bf\u03c3\u03b1\u03c1\u03bc\u03bf\u03b3\u03ad\u03b1\u03c2 \u03b1\u03bb\u03bf\u03c5\u03bc\u03b9\u03bd\u03af\u03bf\u03c5<br \/>\n1 \u039f\u03b4\u03b7\u03b3\u03af\u03b5\u03c2 \u03c3\u03c5\u03bd\u03b1\u03c1\u03bc\u03bf\u03bb\u03cc\u03b3\u03b7\u03c3\u03b7\u03c2<br \/>\n1 \u03c0\u03b9\u03c3\u03c4\u03bf\u03c0\u03bf\u03b9\u03b7\u03c4\u03b9\u03ba\u03cc \u03b1\u03bd\u03c4\u03b1\u03bb\u03bb\u03b1\u03ba\u03c4\u03b9\u03ba\u03ce\u03bd T\u00dcV<\/p>","protected":false},"excerpt":{"rendered":"<p>\u03a4\u03bf intercooler Competition \u03ad\u03c7\u03b5\u03b9 \u03c4\u03b9\u03c2 \u03b1\u03ba\u03cc\u03bb\u03bf\u03c5\u03b8\u03b5\u03c2 \u03ba\u03b1\u03b8\u03b1\u03c1\u03ad\u03c2 \u03b4\u03b9\u03b1\u03c3\u03c4\u03ac\u03c3\u03b5\u03b9\u03c2 (610mm x 440mm x 65mm \/ 17.45L) \u03ba\u03b1\u03b9 \u03c0\u03c1\u03bf\u03c3\u03c6\u03ad\u03c1\u03b5\u03b9 \u03ad\u03c4\u03c3\u03b9 \u03bc\u03b5\u03b3\u03b1\u03bb\u03cd\u03c4\u03b5\u03c1\u03b7 \u03b5\u03c0\u03b9\u03c6\u03ac\u03bd\u03b5\u03b9\u03b1 \u03c1\u03bf\u03ae\u03c2 \u03ba\u03b1\u03c4\u03ac 10% \u03ba\u03b1\u03b9 \u03bc\u03b5\u03b3\u03b1\u03bb\u03cd\u03c4\u03b5\u03c1\u03bf \u03cc\u03b3\u03ba\u03bf \u03b1\u03ad\u03c1\u03b1 \u03c6\u03cc\u03c1\u03c4\u03b9\u03c3\u03b7\u03c2 \u03ba\u03b1\u03c4\u03ac 50% \u03c3\u03b5 \u03c3\u03cd\u03b3\u03ba\u03c1\u03b9\u03c3\u03b7 \u03bc\u03b5 \u03c4\u03bf \u03b1\u03c1\u03c7\u03b9\u03ba\u03cc intercooler Audi S3. \u03a4\u03bf \u03bd\u03b5\u03bf\u03b1\u03bd\u03b1\u03c0\u03c4\u03c5\u03b3\u03bc\u03ad\u03bd\u03bf \u03c0\u03bb\u03ad\u03b3\u03bc\u03b1 \u03c5\u03c8\u03b7\u03bb\u03ae\u03c2 \u03b1\u03c0\u03cc\u03b4\u03bf\u03c3\u03b7\u03c2 \u03b1\u03bd\u03c4\u03b1\u03b3\u03c9\u03bd\u03b9\u03c3\u03bc\u03bf\u03cd \u03b5\u03be\u03b1\u03c3\u03c6\u03b1\u03bb\u03af\u03b6\u03b5\u03b9 \u03b5\u03c0\u03b1\u03c1\u03ba\u03ae \u03c1\u03bf\u03ae \u03b1\u03ad\u03c1\u03b1 \u03c0\u03c1\u03bf\u03c2 \u03c4\u03b1 \u03b3\u03b5\u03b9\u03c4\u03bf\u03bd\u03b9\u03ba\u03ac \u03b5\u03be\u03b1\u03c1\u03c4\u03ae\u03bc\u03b1\u03c4\u03b1, \u03cc\u03c0\u03c9\u03c2 \u03c4\u03bf \u03c8\u03c5\u03b3\u03b5\u03af\u03bf \u03bd\u03b5\u03c1\u03bf\u03cd, \u03ba\u03b1\u03b9 \u03b5\u03af\u03bd\u03b1\u03b9 \u03b5\u03c0\u03af\u03c3\u03b7\u03c2 \u03c0\u03bf\u03bb\u03cd \u03b5\u03bb\u03b1\u03c6\u03c1\u03cd (\u039f\u0395\u039c S3 8kg\/ WAGNERTUNING 9,2kg) ... <a title=\"WAGNER Competition intercooler kit VAG 2.0 TFSI \/ TSI\" class=\"read-more\" href=\"https:\/\/siemoneit.de\/el\/%ce%ba%ce%b1%cf%84%ce%ac%cf%83%cf%84%ce%b7%ce%bc%ce%b1\/wagner-competition-intercooler-kit-vag-20-tfsi-tsi\/\" aria-label=\"\u0394\u03b9\u03b1\u03b2\u03ac\u03c3\u03c4\u03b5 \u03c0\u03b5\u03c1\u03b9\u03c3\u03c3\u03cc\u03c4\u03b5\u03c1\u03b1 \u03b3\u03b9\u03b1 \u03c4\u03bf \u03ba\u03b9\u03c4 Intercooler Competition \u03c4\u03b7\u03c2 WAGNER VAG 2.0 TFSI \/ TSI\">\u03a0\u03b5\u03c1\u03b9\u03c3\u03c3\u03cc\u03c4\u03b5\u03c1\u03b1<\/a><\/p>","protected":false},"featured_media":1492,"template":"","meta":{"_acf_changed":false},"product_brand":[],"product_cat":[171,177],"product_tag":[],"class_list":{"0":"post-3424","1":"product","2":"type-product","3":"status-publish","4":"has-post-thumbnail","6":"product_cat-ladeluftkuehler","7":"product_cat-tuning","9":"first","10":"instock","11":"taxable","12":"shipping-taxable","13":"product-type-simple"},"acf":[],"yoast_head":"<!-- This site is optimized with the Yoast SEO plugin v27.4 - https:\/\/yoast.com\/product\/yoast-seo-wordpress\/ -->\n<title>WAGNER Competition Ladeluftk\u00fchler Kit VAG 2,0 TFSI \/ TSI - Siemoneit GmbH<\/title>\n<meta name=\"robots\" content=\"index, follow, max-snippet:-1, max-image-preview:large, max-video-preview:-1\" \/>\n<link rel=\"canonical\" href=\"https:\/\/siemoneit.de\/el\/\u03ba\u03b1\u03c4\u03ac\u03c3\u03c4\u03b7\u03bc\u03b1\/wagner-competition-intercooler-kit-vag-20-tfsi-tsi\/\" \/>\n<meta property=\"og:locale\" content=\"el_GR\" \/>\n<meta property=\"og:type\" content=\"article\" \/>\n<meta property=\"og:title\" content=\"WAGNER Competition Ladeluftk\u00fchler Kit VAG 2,0 TFSI \/ TSI - Siemoneit GmbH\" \/>\n<meta property=\"og:description\" content=\"Der Competition Ladeluftk\u00fchler hat folgende Netzabma\u00dfe (610mm x 440mm x 65mm \/ 17.45L) und bietet damit eine 10% gr\u00f6\u00dfere Anstr\u00f6mfl\u00e4che sowie 50% mehr Ladeluftvolumen gegen\u00fcber dem originalen Audi S3 Ladeluftk\u00fchler. Das neuentwickelte Competition-Hochleistungsnetz gew\u00e4hrt den angrenzenden Bauteilen, wie z.B. dem Wasserk\u00fchler, noch gen\u00fcgend Luftstrom und ist zudem noch sehr leicht (S3 OEM 8kg\/ WAGNERTUNING 9,2kg) ... \u03a0\u03b5\u03c1\u03b9\u03c3\u03c3\u03cc\u03c4\u03b5\u03c1\u03b1\" \/>\n<meta property=\"og:url\" content=\"https:\/\/siemoneit.de\/el\/\u03ba\u03b1\u03c4\u03ac\u03c3\u03c4\u03b7\u03bc\u03b1\/wagner-competition-intercooler-kit-vag-20-tfsi-tsi\/\" \/>\n<meta property=\"og:site_name\" content=\"Siemoneit GmbH\" \/>\n<meta property=\"article:publisher\" content=\"https:\/\/www.facebook.com\/siemoneit.racing\" \/>\n<meta property=\"article:modified_time\" content=\"2023-06-24T18:14:32+00:00\" \/>\n<meta property=\"og:image\" content=\"https:\/\/siemoneit.de\/wp-content\/uploads\/2023\/05\/9472_67361.jpeg\" \/>\n\t<meta property=\"og:image:width\" content=\"600\" \/>\n\t<meta property=\"og:image:height\" content=\"400\" \/>\n\t<meta property=\"og:image:type\" content=\"image\/jpeg\" \/>\n<meta name=\"twitter:card\" content=\"summary_large_image\" \/>\n<meta name=\"twitter:label1\" content=\"\u0395\u03ba\u03c4\u03b9\u03bc\u03ce\u03bc\u03b5\u03bd\u03bf\u03c2 \u03c7\u03c1\u03cc\u03bd\u03bf\u03c2 \u03b1\u03bd\u03ac\u03b3\u03bd\u03c9\u03c3\u03b7\u03c2\" \/>\n\t<meta name=\"twitter:data1\" content=\"2 \u03bb\u03b5\u03c0\u03c4\u03ac\" \/>\n<script type=\"application\/ld+json\" class=\"yoast-schema-graph\">{\"@context\":\"https:\\\/\\\/schema.org\",\"@graph\":[{\"@type\":\"WebPage\",\"@id\":\"https:\\\/\\\/siemoneit.de\\\/shop\\\/wagner-competition-ladeluftkuehler-kit-vag-20-tfsi-tsi\\\/\",\"url\":\"https:\\\/\\\/siemoneit.de\\\/shop\\\/wagner-competition-ladeluftkuehler-kit-vag-20-tfsi-tsi\\\/\",\"name\":\"WAGNER Competition Ladeluftk\u00fchler Kit VAG 2,0 TFSI \\\/ TSI - Siemoneit GmbH\",\"isPartOf\":{\"@id\":\"https:\\\/\\\/siemoneit.de\\\/#website\"},\"primaryImageOfPage\":{\"@id\":\"https:\\\/\\\/siemoneit.de\\\/shop\\\/wagner-competition-ladeluftkuehler-kit-vag-20-tfsi-tsi\\\/#primaryimage\"},\"image\":{\"@id\":\"https:\\\/\\\/siemoneit.de\\\/shop\\\/wagner-competition-ladeluftkuehler-kit-vag-20-tfsi-tsi\\\/#primaryimage\"},\"thumbnailUrl\":\"https:\\\/\\\/siemoneit.de\\\/wp-content\\\/uploads\\\/2023\\\/05\\\/9472_67361.jpeg\",\"datePublished\":\"2023-06-24T15:12:26+00:00\",\"dateModified\":\"2023-06-24T18:14:32+00:00\",\"breadcrumb\":{\"@id\":\"https:\\\/\\\/siemoneit.de\\\/shop\\\/wagner-competition-ladeluftkuehler-kit-vag-20-tfsi-tsi\\\/#breadcrumb\"},\"inLanguage\":\"el\",\"potentialAction\":[{\"@type\":\"ReadAction\",\"target\":[\"https:\\\/\\\/siemoneit.de\\\/shop\\\/wagner-competition-ladeluftkuehler-kit-vag-20-tfsi-tsi\\\/\"]}]},{\"@type\":\"ImageObject\",\"inLanguage\":\"el\",\"@id\":\"https:\\\/\\\/siemoneit.de\\\/shop\\\/wagner-competition-ladeluftkuehler-kit-vag-20-tfsi-tsi\\\/#primaryimage\",\"url\":\"https:\\\/\\\/siemoneit.de\\\/wp-content\\\/uploads\\\/2023\\\/05\\\/9472_67361.jpeg\",\"contentUrl\":\"https:\\\/\\\/siemoneit.de\\\/wp-content\\\/uploads\\\/2023\\\/05\\\/9472_67361.jpeg\",\"width\":600,\"height\":400},{\"@type\":\"BreadcrumbList\",\"@id\":\"https:\\\/\\\/siemoneit.de\\\/shop\\\/wagner-competition-ladeluftkuehler-kit-vag-20-tfsi-tsi\\\/#breadcrumb\",\"itemListElement\":[{\"@type\":\"ListItem\",\"position\":1,\"name\":\"Startseite\",\"item\":\"https:\\\/\\\/siemoneit.de\\\/\"},{\"@type\":\"ListItem\",\"position\":2,\"name\":\"Shop\",\"item\":\"https:\\\/\\\/siemoneit.de\\\/shop\\\/\"},{\"@type\":\"ListItem\",\"position\":3,\"name\":\"WAGNER Competition Ladeluftk\u00fchler Kit VAG 2,0 TFSI \\\/ TSI\"}]},{\"@type\":\"WebSite\",\"@id\":\"https:\\\/\\\/siemoneit.de\\\/#website\",\"url\":\"https:\\\/\\\/siemoneit.de\\\/\",\"name\":\"Siemoneit GmbH\",\"description\":\"\",\"publisher\":{\"@id\":\"https:\\\/\\\/siemoneit.de\\\/#organization\"},\"potentialAction\":[{\"@type\":\"SearchAction\",\"target\":{\"@type\":\"EntryPoint\",\"urlTemplate\":\"https:\\\/\\\/siemoneit.de\\\/?s={search_term_string}\"},\"query-input\":{\"@type\":\"PropertyValueSpecification\",\"valueRequired\":true,\"valueName\":\"search_term_string\"}}],\"inLanguage\":\"el\"},{\"@type\":\"Organization\",\"@id\":\"https:\\\/\\\/siemoneit.de\\\/#organization\",\"name\":\"Siemoneit GmbH\",\"url\":\"https:\\\/\\\/siemoneit.de\\\/\",\"logo\":{\"@type\":\"ImageObject\",\"inLanguage\":\"el\",\"@id\":\"https:\\\/\\\/siemoneit.de\\\/#\\\/schema\\\/logo\\\/image\\\/\",\"url\":\"https:\\\/\\\/siemoneit.de\\\/wp-content\\\/uploads\\\/2023\\\/04\\\/images-removebg-preview.png\",\"contentUrl\":\"https:\\\/\\\/siemoneit.de\\\/wp-content\\\/uploads\\\/2023\\\/04\\\/images-removebg-preview.png\",\"width\":225,\"height\":225,\"caption\":\"Siemoneit GmbH\"},\"image\":{\"@id\":\"https:\\\/\\\/siemoneit.de\\\/#\\\/schema\\\/logo\\\/image\\\/\"},\"sameAs\":[\"https:\\\/\\\/www.facebook.com\\\/siemoneit.racing\",\"https:\\\/\\\/www.instagram.com\\\/siemoneit_racing\\\/\"]}]}<\/script>\n<!-- \/ Yoast SEO plugin. -->","yoast_head_json":{"title":"WAGNER Competition intercooler kit VAG 2.0 TFSI \/ TSI - Siemoneit GmbH","robots":{"index":"index","follow":"follow","max-snippet":"max-snippet:-1","max-image-preview":"max-image-preview:large","max-video-preview":"max-video-preview:-1"},"canonical":"https:\/\/siemoneit.de\/el\/\u03ba\u03b1\u03c4\u03ac\u03c3\u03c4\u03b7\u03bc\u03b1\/wagner-competition-intercooler-kit-vag-20-tfsi-tsi\/","og_locale":"el_GR","og_type":"article","og_title":"WAGNER Competition Ladeluftk\u00fchler Kit VAG 2,0 TFSI \/ TSI - Siemoneit GmbH","og_description":"Der Competition Ladeluftk\u00fchler hat folgende Netzabma\u00dfe (610mm x 440mm x 65mm \/ 17.45L) und bietet damit eine 10% gr\u00f6\u00dfere Anstr\u00f6mfl\u00e4che sowie 50% mehr Ladeluftvolumen gegen\u00fcber dem originalen Audi S3 Ladeluftk\u00fchler. Das neuentwickelte Competition-Hochleistungsnetz gew\u00e4hrt den angrenzenden Bauteilen, wie z.B. dem Wasserk\u00fchler, noch gen\u00fcgend Luftstrom und ist zudem noch sehr leicht (S3 OEM 8kg\/ WAGNERTUNING 9,2kg) ... \u03a0\u03b5\u03c1\u03b9\u03c3\u03c3\u03cc\u03c4\u03b5\u03c1\u03b1","og_url":"https:\/\/siemoneit.de\/el\/\u03ba\u03b1\u03c4\u03ac\u03c3\u03c4\u03b7\u03bc\u03b1\/wagner-competition-intercooler-kit-vag-20-tfsi-tsi\/","og_site_name":"Siemoneit GmbH","article_publisher":"https:\/\/www.facebook.com\/siemoneit.racing","article_modified_time":"2023-06-24T18:14:32+00:00","og_image":[{"width":600,"height":400,"url":"https:\/\/siemoneit.de\/wp-content\/uploads\/2023\/05\/9472_67361.jpeg","type":"image\/jpeg"}],"twitter_card":"summary_large_image","twitter_misc":{"\u0395\u03ba\u03c4\u03b9\u03bc\u03ce\u03bc\u03b5\u03bd\u03bf\u03c2 \u03c7\u03c1\u03cc\u03bd\u03bf\u03c2 \u03b1\u03bd\u03ac\u03b3\u03bd\u03c9\u03c3\u03b7\u03c2":"2 \u03bb\u03b5\u03c0\u03c4\u03ac"},"schema":{"@context":"https:\/\/schema.org","@graph":[{"@type":"WebPage","@id":"https:\/\/siemoneit.de\/shop\/wagner-competition-ladeluftkuehler-kit-vag-20-tfsi-tsi\/","url":"https:\/\/siemoneit.de\/shop\/wagner-competition-ladeluftkuehler-kit-vag-20-tfsi-tsi\/","name":"WAGNER Competition intercooler kit VAG 2.0 TFSI \/ TSI - Siemoneit GmbH","isPartOf":{"@id":"https:\/\/siemoneit.de\/#website"},"primaryImageOfPage":{"@id":"https:\/\/siemoneit.de\/shop\/wagner-competition-ladeluftkuehler-kit-vag-20-tfsi-tsi\/#primaryimage"},"image":{"@id":"https:\/\/siemoneit.de\/shop\/wagner-competition-ladeluftkuehler-kit-vag-20-tfsi-tsi\/#primaryimage"},"thumbnailUrl":"https:\/\/siemoneit.de\/wp-content\/uploads\/2023\/05\/9472_67361.jpeg","datePublished":"2023-06-24T15:12:26+00:00","dateModified":"2023-06-24T18:14:32+00:00","breadcrumb":{"@id":"https:\/\/siemoneit.de\/shop\/wagner-competition-ladeluftkuehler-kit-vag-20-tfsi-tsi\/#breadcrumb"},"inLanguage":"el","potentialAction":[{"@type":"ReadAction","target":["https:\/\/siemoneit.de\/shop\/wagner-competition-ladeluftkuehler-kit-vag-20-tfsi-tsi\/"]}]},{"@type":"ImageObject","inLanguage":"el","@id":"https:\/\/siemoneit.de\/shop\/wagner-competition-ladeluftkuehler-kit-vag-20-tfsi-tsi\/#primaryimage","url":"https:\/\/siemoneit.de\/wp-content\/uploads\/2023\/05\/9472_67361.jpeg","contentUrl":"https:\/\/siemoneit.de\/wp-content\/uploads\/2023\/05\/9472_67361.jpeg","width":600,"height":400},{"@type":"BreadcrumbList","@id":"https:\/\/siemoneit.de\/shop\/wagner-competition-ladeluftkuehler-kit-vag-20-tfsi-tsi\/#breadcrumb","itemListElement":[{"@type":"ListItem","position":1,"name":"Startseite","item":"https:\/\/siemoneit.de\/"},{"@type":"ListItem","position":2,"name":"Shop","item":"https:\/\/siemoneit.de\/shop\/"},{"@type":"ListItem","position":3,"name":"WAGNER Competition Ladeluftk\u00fchler Kit VAG 2,0 TFSI \/ TSI"}]},{"@type":"WebSite","@id":"https:\/\/siemoneit.de\/#website","url":"https:\/\/siemoneit.de\/","name":"Siemoneit GmbH","description":"","publisher":{"@id":"https:\/\/siemoneit.de\/#organization"},"potentialAction":[{"@type":"SearchAction","target":{"@type":"EntryPoint","urlTemplate":"https:\/\/siemoneit.de\/?s={search_term_string}"},"query-input":{"@type":"PropertyValueSpecification","valueRequired":true,"valueName":"search_term_string"}}],"inLanguage":"el"},{"@type":"Organization","@id":"https:\/\/siemoneit.de\/#organization","name":"Siemoneit GmbH","url":"https:\/\/siemoneit.de\/","logo":{"@type":"ImageObject","inLanguage":"el","@id":"https:\/\/siemoneit.de\/#\/schema\/logo\/image\/","url":"https:\/\/siemoneit.de\/wp-content\/uploads\/2023\/04\/images-removebg-preview.png","contentUrl":"https:\/\/siemoneit.de\/wp-content\/uploads\/2023\/04\/images-removebg-preview.png","width":225,"height":225,"caption":"Siemoneit GmbH"},"image":{"@id":"https:\/\/siemoneit.de\/#\/schema\/logo\/image\/"},"sameAs":["https:\/\/www.facebook.com\/siemoneit.racing","https:\/\/www.instagram.com\/siemoneit_racing\/"]}]}},"_links":{"self":[{"href":"https:\/\/siemoneit.de\/el\/wp-json\/wp\/v2\/product\/3424","targetHints":{"allow":["GET"]}}],"collection":[{"href":"https:\/\/siemoneit.de\/el\/wp-json\/wp\/v2\/product"}],"about":[{"href":"https:\/\/siemoneit.de\/el\/wp-json\/wp\/v2\/types\/product"}],"wp:featuredmedia":[{"embeddable":true,"href":"https:\/\/siemoneit.de\/el\/wp-json\/wp\/v2\/media\/1492"}],"wp:attachment":[{"href":"https:\/\/siemoneit.de\/el\/wp-json\/wp\/v2\/media?parent=3424"}],"wp:term":[{"taxonomy":"product_brand","embeddable":true,"href":"https:\/\/siemoneit.de\/el\/wp-json\/wp\/v2\/product_brand?post=3424"},{"taxonomy":"product_cat","embeddable":true,"href":"https:\/\/siemoneit.de\/el\/wp-json\/wp\/v2\/product_cat?post=3424"},{"taxonomy":"product_tag","embeddable":true,"href":"https:\/\/siemoneit.de\/el\/wp-json\/wp\/v2\/product_tag?post=3424"}],"curies":[{"name":"wp","href":"https:\/\/api.w.org\/{rel}","templated":true}]}}