{"id":3411,"date":"2023-06-24T17:12:24","date_gmt":"2023-06-24T15:12:24","guid":{"rendered":"https:\/\/siemoneit.de\/produkt\/gfb-dvt9351-blow-off-upgrade-valve-fuer-vag-1-4-1-8-und-2-0-tsi-und-tfsi\/"},"modified":"2023-06-24T20:14:33","modified_gmt":"2023-06-24T18:14:33","slug":"gfb-dvt9351-%ce%b2%ce%b1%ce%bb%ce%b2%ce%af%ce%b4%ce%b1-%ce%b1%ce%bd%ce%b1%ce%b2%ce%ac%ce%b8%ce%bc%ce%b9%cf%83%ce%b7%cf%82-%ce%b5%ce%ba%cf%84%cf%8c%ce%bd%cf%89%cf%83%ce%b7%cf%82-%ce%b3%ce%b9%ce%b1-vag","status":"publish","type":"product","link":"https:\/\/siemoneit.de\/el\/%ce%ba%ce%b1%cf%84%ce%ac%cf%83%cf%84%ce%b7%ce%bc%ce%b1\/gfb-dvt9351-%ce%b2%ce%b1%ce%bb%ce%b2%ce%af%ce%b4%ce%b1-%ce%b1%ce%bd%ce%b1%ce%b2%ce%ac%ce%b8%ce%bc%ce%b9%cf%83%ce%b7%cf%82-%ce%b5%ce%ba%cf%84%cf%8c%ce%bd%cf%89%cf%83%ce%b7%cf%82-%ce%b3%ce%b9%ce%b1-vag\/","title":{"rendered":"GFB DV+T9351, \u0392\u03b1\u03bb\u03b2\u03af\u03b4\u03b1 \u03b1\u03bd\u03b1\u03b2\u03ac\u03b8\u03bc\u03b9\u03c3\u03b7\u03c2 Blow Off \u03b3\u03b9\u03b1 VAG 1.4, 1.8 \u03ba\u03b1\u03b9 2.0 TSI \u03ba\u03b1\u03b9 TFSI"},"content":{"rendered":"<p>\u0397 GFB \u03b1\u03c0\u03cc \u03c4\u03b7\u03bd \u0391\u03c5\u03c3\u03c4\u03c1\u03b1\u03bb\u03af\u03b1 \u03b5\u03af\u03bd\u03b1\u03b9 \u03bf \u03ba\u03b1\u03c4\u03b1\u03c3\u03ba\u03b5\u03c5\u03b1\u03c3\u03c4\u03ae\u03c2 \u03c0\u03c1\u03bf\u03ca\u03cc\u03bd\u03c4\u03c9\u03bd \u03b1\u03c0\u03cc\u03bb\u03c5\u03c4\u03b7\u03c2 \u03b1\u03c0\u03cc\u03b4\u03bf\u03c3\u03b7\u03c2 turbo.<\/p>\n<p>\u0397 \u03b2\u03b1\u03bb\u03b2\u03af\u03b4\u03b1 \u03b5\u03ba\u03c4\u03cc\u03bd\u03c9\u03c3\u03b7\u03c2 GFB DV+T9351 \u03b1\u03c0\u03cc \u03b1\u03bb\u03bf\u03c5\u03bc\u03af\u03bd\u03b9\u03bf \u03c6\u03c1\u03b5\u03b6\u03b1\u03c1\u03b9\u03c3\u03bc\u03ad\u03bd\u03bf \u03bc\u03b5 CNC \u03c4\u03bf\u03c0\u03bf\u03b8\u03b5\u03c4\u03b5\u03af\u03c4\u03b1\u03b9 \u03c3\u03c4\u03b7\u03bd \u03b1\u03c1\u03c7\u03b9\u03ba\u03ae \u03b2\u03b1\u03bb\u03b2\u03af\u03b4\u03b1 \u03b5\u03ba\u03c4\u03cc\u03bd\u03c9\u03c3\u03b7\u03c2 \u03ba\u03b1\u03b9 \u03b2\u03b5\u03bb\u03c4\u03b9\u03ce\u03bd\u03b5\u03b9 \u03c4\u03b7\u03bd \u03b1\u03c0\u03cc\u03b4\u03bf\u03c3\u03b7 \u03c0\u03b1\u03c1\u03ad\u03c7\u03bf\u03bd\u03c4\u03b1\u03c2 \u03c0\u03c1\u03c9\u03c4\u03bf\u03c6\u03b1\u03bd\u03ae \u03c3\u03c4\u03b5\u03b3\u03b1\u03bd\u03cc\u03c4\u03b7\u03c4\u03b1.<br \/>\n\u039a\u03b1\u03c4\u03ac\u03bb\u03bb\u03b7\u03bb\u03bf \u03b3\u03b9\u03b1 \u03c4\u03bf\u03c5\u03c2 \u03ba\u03b9\u03bd\u03b7\u03c4\u03ae\u03c1\u03b5\u03c2 VAG 1.8 \u03ba\u03b1\u03b9 2.0 TFSI \u03ba\u03b1\u03b8\u03ce\u03c2 \u03ba\u03b1\u03b9 \u03b3\u03b9\u03b1 \u03bf\u03c1\u03b9\u03c3\u03bc\u03ad\u03bd\u03bf\u03c5\u03c2 \u03ba\u03b9\u03bd\u03b7\u03c4\u03ae\u03c1\u03b5\u03c2 1.4 TFSI. \u0393\u03b9\u03b1 \u03c4\u03bf\u03c5\u03c2 \u03ba\u03b9\u03bd\u03b7\u03c4\u03ae\u03c1\u03b5\u03c2 1.4 TSI \u03bc\u03b5 2 \u03b2\u03af\u03b4\u03b5\u03c2 \u03c3\u03c4\u03b5\u03c1\u03ad\u03c9\u03c3\u03b7\u03c2 \u03b1\u03c0\u03b1\u03b9\u03c4\u03b5\u03af\u03c4\u03b1\u03b9 \u03c4\u03bf DV+T9355!<\/p>\n<p>\u03a3\u03c5\u03bd\u03b9\u03c3\u03c4\u03bf\u03cd\u03bc\u03b5 \u03b1\u03c5\u03c4\u03ae \u03c4\u03b7 \u03b2\u03b1\u03bb\u03b2\u03af\u03b4\u03b1 \u03b3\u03b9\u03b1 \u03ba\u03ac\u03b8\u03b5 \u03b1\u03bd\u03b1\u03b2\u03ac\u03b8\u03bc\u03b9\u03c3\u03b7 \u03b5\u03c0\u03b9\u03b4\u03cc\u03c3\u03b5\u03c9\u03bd. \u0391\u03ba\u03cc\u03bc\u03b1 \u03ba\u03b1\u03b9 \u03bc\u03b5 \u03c4\u03c5\u03c0\u03b9\u03ba\u03ad\u03c2 \u03b5\u03c0\u03b9\u03b4\u03cc\u03c3\u03b5\u03b9\u03c2, \u03b1\u03c5\u03c4\u03ae \u03b7 \u03b2\u03b1\u03bb\u03b2\u03af\u03b4\u03b1 \u03b5\u03af\u03bd\u03b1\u03b9 \u03ad\u03bd\u03b1 \"must have\"!<\/p>\n<p>\u0391\u03c5\u03c4\u03ae \u03b7 \u03b2\u03b1\u03bb\u03b2\u03af\u03b4\u03b1 \u03c4\u03b1\u03b9\u03c1\u03b9\u03ac\u03b6\u03b5\u03b9 \u03b3\u03b9\u03b1:<br \/>\nAudi A3\/S3\/RS3 8P (2003-2013)<br \/>\nAudi A1\/S1<br \/>\nAudi A4 B7 (2005-2008)<br \/>\nAudi TT 8J \u03bc\u03b5 TTS\/TTRS (2006-2013)<br \/>\nVW Golf 5 GTI\/Rabbit (2003-2008)<br \/>\nVW Golf 6 GTI (2008-2013)<br \/>\nVW Golf 6 R (2008-2013)<br \/>\nVW Golf 7 GTI (\u03cc\u03c7\u03b9 R, \u03c7\u03c1\u03b7\u03c3\u03b9\u03bc\u03bf\u03c0\u03bf\u03b9\u03ae\u03c3\u03c4\u03b5 \u03c4\u03bf T9359 \u03b3\u03b9\u03b1 \u03b1\u03c5\u03c4\u03cc)<br \/>\nVW Scirocco R<br \/>\nVW Jetta GLI MkV (2005-2010)<br \/>\nVW Passat B6 (2005-2011)<br \/>\nVW Polo 6R \u03c3\u03c5\u03bc\u03c0\u03b5\u03c1\u03b9\u03bb\u03b1\u03bc\u03b2\u03b1\u03bd\u03bf\u03bc\u03ad\u03bd\u03bf\u03c5 \u03c4\u03bf\u03c5 WRC<\/p>\n<p>\u0395\u03bd\u03b7\u03bc\u03b5\u03c1\u03c9\u03b8\u03b5\u03af\u03c4\u03b5 \u03b1\u03bd \u03bc\u03c0\u03bf\u03c1\u03b5\u03af\u03c4\u03b5 \u03bd\u03b1 \u03c4\u03bf \u03c7\u03c1\u03b7\u03c3\u03b9\u03bc\u03bf\u03c0\u03bf\u03b9\u03ae\u03c3\u03b5\u03c4\u03b5 \u03ba\u03b1\u03b9 \u03c3\u03c4\u03bf \u03b1\u03c5\u03c4\u03bf\u03ba\u03af\u03bd\u03b7\u03c4\u03cc \u03c3\u03b1\u03c2!<\/p>","protected":false},"excerpt":{"rendered":"<p>\u0397 GFB \u03b1\u03c0\u03cc \u03c4\u03b7\u03bd \u0391\u03c5\u03c3\u03c4\u03c1\u03b1\u03bb\u03af\u03b1 \u03b5\u03af\u03bd\u03b1\u03b9 \u03bf \u03ba\u03b1\u03c4\u03b1\u03c3\u03ba\u03b5\u03c5\u03b1\u03c3\u03c4\u03ae\u03c2 \u03c0\u03c1\u03bf\u03ca\u03cc\u03bd\u03c4\u03c9\u03bd \u03b1\u03c0\u03cc\u03bb\u03c5\u03c4\u03b7\u03c2 \u03b1\u03c0\u03cc\u03b4\u03bf\u03c3\u03b7\u03c2 turbo. \u0397 \u03b2\u03b1\u03bb\u03b2\u03af\u03b4\u03b1 Blow Off \u03c4\u03b7\u03c2 GFB DV+T9351 \u03b1\u03c0\u03cc \u03c6\u03c1\u03b5\u03b6\u03b1\u03c1\u03b9\u03c3\u03bc\u03ad\u03bd\u03bf \u03b1\u03bb\u03bf\u03c5\u03bc\u03af\u03bd\u03b9\u03bf CNC \u03c4\u03bf\u03c0\u03bf\u03b8\u03b5\u03c4\u03b5\u03af\u03c4\u03b1\u03b9 \u03c3\u03c4\u03b7\u03bd \u03b1\u03c1\u03c7\u03b9\u03ba\u03ae \u03b2\u03b1\u03bb\u03b2\u03af\u03b4\u03b1 BlowOff \u03ba\u03b1\u03b9 \u03b2\u03b5\u03bb\u03c4\u03b9\u03ce\u03bd\u03b5\u03b9 \u03c4\u03b7\u03bd \u03b1\u03c0\u03cc\u03b4\u03bf\u03c3\u03b7 \u03bc\u03b5 \u03c0\u03c1\u03c9\u03c4\u03bf\u03c6\u03b1\u03bd\u03ae \u03c3\u03c4\u03b5\u03b3\u03b1\u03bd\u03cc\u03c4\u03b7\u03c4\u03b1. \u039a\u03b1\u03c4\u03ac\u03bb\u03bb\u03b7\u03bb\u03b7 \u03b3\u03b9\u03b1 \u03c4\u03bf\u03c5\u03c2 \u03ba\u03b9\u03bd\u03b7\u03c4\u03ae\u03c1\u03b5\u03c2 VAG 1.8 \u03ba\u03b1\u03b9 2.0 TFSI \u03ba\u03b1\u03b8\u03ce\u03c2 \u03ba\u03b1\u03b9 \u03b3\u03b9\u03b1 \u03bf\u03c1\u03b9\u03c3\u03bc\u03ad\u03bd\u03bf\u03c5\u03c2 \u03ba\u03b9\u03bd\u03b7\u03c4\u03ae\u03c1\u03b5\u03c2 1.4 TFSI. \u039f 1.4 TSI \u03bc\u03b5 2 \u03b2\u03af\u03b4\u03b5\u03c2 \u03c3\u03c4\u03b5\u03c1\u03ad\u03c9\u03c3\u03b7\u03c2 \u03b1\u03c0\u03b1\u03b9\u03c4\u03b5\u03af ... <a title=\"GFB DV+T9351, \u0392\u03b1\u03bb\u03b2\u03af\u03b4\u03b1 \u03b1\u03bd\u03b1\u03b2\u03ac\u03b8\u03bc\u03b9\u03c3\u03b7\u03c2 Blow Off \u03b3\u03b9\u03b1 VAG 1.4, 1.8 \u03ba\u03b1\u03b9 2.0 TSI \u03ba\u03b1\u03b9 TFSI\" class=\"read-more\" href=\"https:\/\/siemoneit.de\/el\/%ce%ba%ce%b1%cf%84%ce%ac%cf%83%cf%84%ce%b7%ce%bc%ce%b1\/gfb-dvt9351-%ce%b2%ce%b1%ce%bb%ce%b2%ce%af%ce%b4%ce%b1-%ce%b1%ce%bd%ce%b1%ce%b2%ce%ac%ce%b8%ce%bc%ce%b9%cf%83%ce%b7%cf%82-%ce%b5%ce%ba%cf%84%cf%8c%ce%bd%cf%89%cf%83%ce%b7%cf%82-%ce%b3%ce%b9%ce%b1-vag\/\" aria-label=\"\u0394\u03b9\u03b1\u03b2\u03ac\u03c3\u03c4\u03b5 \u03c0\u03b5\u03c1\u03b9\u03c3\u03c3\u03cc\u03c4\u03b5\u03c1\u03b1 \u03b3\u03b9\u03b1 GFB DV+T9351, \u0392\u03b1\u03bb\u03b2\u03af\u03b4\u03b1 \u03b1\u03bd\u03b1\u03b2\u03ac\u03b8\u03bc\u03b9\u03c3\u03b7\u03c2 Blow Off \u03b3\u03b9\u03b1 VAG 1.4, 1.8 \u03ba\u03b1\u03b9 2.0 TSI \u03ba\u03b1\u03b9 TFSI\">\u03a0\u03b5\u03c1\u03b9\u03c3\u03c3\u03cc\u03c4\u03b5\u03c1\u03b1<\/a><\/p>","protected":false},"featured_media":1524,"template":"","meta":{"_acf_changed":false},"product_brand":[],"product_cat":[177,176],"product_tag":[],"class_list":{"0":"post-3411","1":"product","2":"type-product","3":"status-publish","4":"has-post-thumbnail","6":"product_cat-tuning","7":"product_cat-turbozubehoer","9":"first","10":"instock","11":"taxable","12":"shipping-taxable","13":"product-type-simple"},"acf":[],"yoast_head":"<!-- This site is optimized with the Yoast SEO plugin v27.4 - https:\/\/yoast.com\/product\/yoast-seo-wordpress\/ -->\n<title>GFB DV+T9351, Blow Off Upgrade Valve f\u00fcr VAG 1.4, 1.8 und 2.0 TSI und TFSI - Siemoneit GmbH<\/title>\n<meta name=\"robots\" content=\"index, follow, max-snippet:-1, max-image-preview:large, max-video-preview:-1\" \/>\n<link rel=\"canonical\" href=\"https:\/\/siemoneit.de\/el\/\u03ba\u03b1\u03c4\u03ac\u03c3\u03c4\u03b7\u03bc\u03b1\/gfb-dvt9351-\u03b2\u03b1\u03bb\u03b2\u03af\u03b4\u03b1-\u03b1\u03bd\u03b1\u03b2\u03ac\u03b8\u03bc\u03b9\u03c3\u03b7\u03c2-\u03b5\u03ba\u03c4\u03cc\u03bd\u03c9\u03c3\u03b7\u03c2-\u03b3\u03b9\u03b1-vag\/\" \/>\n<meta property=\"og:locale\" content=\"el_GR\" \/>\n<meta property=\"og:type\" content=\"article\" \/>\n<meta property=\"og:title\" content=\"GFB DV+T9351, Blow Off Upgrade Valve f\u00fcr VAG 1.4, 1.8 und 2.0 TSI und TFSI - Siemoneit GmbH\" \/>\n<meta property=\"og:description\" content=\"GFB aus Australien ist der Hersteller f\u00fcr ultimative Turbo Performance Produkte. Das GFB Blow Off Ventil DV+T9351 aus CNC gefr\u00e4stem Aluminium wird an das Original BlowOff gesetzt und verbessert die Performance durch eine bisher unerreichte Dichtigkeit. Verwendbar f\u00fcr VAG 1.8 und 2.0 TFSI sowie einigen 1.4 TFSI Motoren. Die 1.4 TSI mit 2 Befestigungsschrauben ben\u00f6tigen ... \u03a0\u03b5\u03c1\u03b9\u03c3\u03c3\u03cc\u03c4\u03b5\u03c1\u03b1\" \/>\n<meta property=\"og:url\" content=\"https:\/\/siemoneit.de\/el\/\u03ba\u03b1\u03c4\u03ac\u03c3\u03c4\u03b7\u03bc\u03b1\/gfb-dvt9351-\u03b2\u03b1\u03bb\u03b2\u03af\u03b4\u03b1-\u03b1\u03bd\u03b1\u03b2\u03ac\u03b8\u03bc\u03b9\u03c3\u03b7\u03c2-\u03b5\u03ba\u03c4\u03cc\u03bd\u03c9\u03c3\u03b7\u03c2-\u03b3\u03b9\u03b1-vag\/\" \/>\n<meta property=\"og:site_name\" content=\"Siemoneit GmbH\" \/>\n<meta property=\"article:publisher\" content=\"https:\/\/www.facebook.com\/siemoneit.racing\" \/>\n<meta property=\"article:modified_time\" content=\"2023-06-24T18:14:33+00:00\" \/>\n<meta property=\"og:image\" content=\"https:\/\/siemoneit.de\/wp-content\/uploads\/2023\/05\/9458_product_28162.jpg\" \/>\n\t<meta property=\"og:image:width\" content=\"335\" \/>\n\t<meta property=\"og:image:height\" content=\"335\" \/>\n\t<meta property=\"og:image:type\" content=\"image\/jpeg\" \/>\n<meta name=\"twitter:card\" content=\"summary_large_image\" \/>\n<meta name=\"twitter:label1\" content=\"\u0395\u03ba\u03c4\u03b9\u03bc\u03ce\u03bc\u03b5\u03bd\u03bf\u03c2 \u03c7\u03c1\u03cc\u03bd\u03bf\u03c2 \u03b1\u03bd\u03ac\u03b3\u03bd\u03c9\u03c3\u03b7\u03c2\" \/>\n\t<meta name=\"twitter:data1\" content=\"1 \u03bb\u03b5\u03c0\u03c4\u03cc\" \/>\n<script type=\"application\/ld+json\" class=\"yoast-schema-graph\">{\"@context\":\"https:\\\/\\\/schema.org\",\"@graph\":[{\"@type\":\"WebPage\",\"@id\":\"https:\\\/\\\/siemoneit.de\\\/shop\\\/gfb-dvt9351-blow-off-upgrade-valve-fuer-vag-1-4-1-8-und-2-0-tsi-und-tfsi\\\/\",\"url\":\"https:\\\/\\\/siemoneit.de\\\/shop\\\/gfb-dvt9351-blow-off-upgrade-valve-fuer-vag-1-4-1-8-und-2-0-tsi-und-tfsi\\\/\",\"name\":\"GFB DV+T9351, Blow Off Upgrade Valve f\u00fcr VAG 1.4, 1.8 und 2.0 TSI und TFSI - Siemoneit GmbH\",\"isPartOf\":{\"@id\":\"https:\\\/\\\/siemoneit.de\\\/#website\"},\"primaryImageOfPage\":{\"@id\":\"https:\\\/\\\/siemoneit.de\\\/shop\\\/gfb-dvt9351-blow-off-upgrade-valve-fuer-vag-1-4-1-8-und-2-0-tsi-und-tfsi\\\/#primaryimage\"},\"image\":{\"@id\":\"https:\\\/\\\/siemoneit.de\\\/shop\\\/gfb-dvt9351-blow-off-upgrade-valve-fuer-vag-1-4-1-8-und-2-0-tsi-und-tfsi\\\/#primaryimage\"},\"thumbnailUrl\":\"https:\\\/\\\/siemoneit.de\\\/wp-content\\\/uploads\\\/2023\\\/05\\\/9458_product_28162.jpg\",\"datePublished\":\"2023-06-24T15:12:24+00:00\",\"dateModified\":\"2023-06-24T18:14:33+00:00\",\"breadcrumb\":{\"@id\":\"https:\\\/\\\/siemoneit.de\\\/shop\\\/gfb-dvt9351-blow-off-upgrade-valve-fuer-vag-1-4-1-8-und-2-0-tsi-und-tfsi\\\/#breadcrumb\"},\"inLanguage\":\"el\",\"potentialAction\":[{\"@type\":\"ReadAction\",\"target\":[\"https:\\\/\\\/siemoneit.de\\\/shop\\\/gfb-dvt9351-blow-off-upgrade-valve-fuer-vag-1-4-1-8-und-2-0-tsi-und-tfsi\\\/\"]}]},{\"@type\":\"ImageObject\",\"inLanguage\":\"el\",\"@id\":\"https:\\\/\\\/siemoneit.de\\\/shop\\\/gfb-dvt9351-blow-off-upgrade-valve-fuer-vag-1-4-1-8-und-2-0-tsi-und-tfsi\\\/#primaryimage\",\"url\":\"https:\\\/\\\/siemoneit.de\\\/wp-content\\\/uploads\\\/2023\\\/05\\\/9458_product_28162.jpg\",\"contentUrl\":\"https:\\\/\\\/siemoneit.de\\\/wp-content\\\/uploads\\\/2023\\\/05\\\/9458_product_28162.jpg\",\"width\":335,\"height\":335},{\"@type\":\"BreadcrumbList\",\"@id\":\"https:\\\/\\\/siemoneit.de\\\/shop\\\/gfb-dvt9351-blow-off-upgrade-valve-fuer-vag-1-4-1-8-und-2-0-tsi-und-tfsi\\\/#breadcrumb\",\"itemListElement\":[{\"@type\":\"ListItem\",\"position\":1,\"name\":\"Startseite\",\"item\":\"https:\\\/\\\/siemoneit.de\\\/\"},{\"@type\":\"ListItem\",\"position\":2,\"name\":\"Shop\",\"item\":\"https:\\\/\\\/siemoneit.de\\\/shop\\\/\"},{\"@type\":\"ListItem\",\"position\":3,\"name\":\"GFB DV+T9351, Blow Off Upgrade Valve f\u00fcr VAG 1.4, 1.8 und 2.0 TSI und TFSI\"}]},{\"@type\":\"WebSite\",\"@id\":\"https:\\\/\\\/siemoneit.de\\\/#website\",\"url\":\"https:\\\/\\\/siemoneit.de\\\/\",\"name\":\"Siemoneit GmbH\",\"description\":\"\",\"publisher\":{\"@id\":\"https:\\\/\\\/siemoneit.de\\\/#organization\"},\"potentialAction\":[{\"@type\":\"SearchAction\",\"target\":{\"@type\":\"EntryPoint\",\"urlTemplate\":\"https:\\\/\\\/siemoneit.de\\\/?s={search_term_string}\"},\"query-input\":{\"@type\":\"PropertyValueSpecification\",\"valueRequired\":true,\"valueName\":\"search_term_string\"}}],\"inLanguage\":\"el\"},{\"@type\":\"Organization\",\"@id\":\"https:\\\/\\\/siemoneit.de\\\/#organization\",\"name\":\"Siemoneit GmbH\",\"url\":\"https:\\\/\\\/siemoneit.de\\\/\",\"logo\":{\"@type\":\"ImageObject\",\"inLanguage\":\"el\",\"@id\":\"https:\\\/\\\/siemoneit.de\\\/#\\\/schema\\\/logo\\\/image\\\/\",\"url\":\"https:\\\/\\\/siemoneit.de\\\/wp-content\\\/uploads\\\/2023\\\/04\\\/images-removebg-preview.png\",\"contentUrl\":\"https:\\\/\\\/siemoneit.de\\\/wp-content\\\/uploads\\\/2023\\\/04\\\/images-removebg-preview.png\",\"width\":225,\"height\":225,\"caption\":\"Siemoneit GmbH\"},\"image\":{\"@id\":\"https:\\\/\\\/siemoneit.de\\\/#\\\/schema\\\/logo\\\/image\\\/\"},\"sameAs\":[\"https:\\\/\\\/www.facebook.com\\\/siemoneit.racing\",\"https:\\\/\\\/www.instagram.com\\\/siemoneit_racing\\\/\"]}]}<\/script>\n<!-- \/ Yoast SEO plugin. -->","yoast_head_json":{"title":"GFB DV+T9351, \u0392\u03b1\u03bb\u03b2\u03af\u03b4\u03b1 \u03b1\u03bd\u03b1\u03b2\u03ac\u03b8\u03bc\u03b9\u03c3\u03b7\u03c2 Blow Off \u03b3\u03b9\u03b1 VAG 1.4, 1.8 \u03ba\u03b1\u03b9 2.0 TSI \u03ba\u03b1\u03b9 TFSI - Siemoneit GmbH","robots":{"index":"index","follow":"follow","max-snippet":"max-snippet:-1","max-image-preview":"max-image-preview:large","max-video-preview":"max-video-preview:-1"},"canonical":"https:\/\/siemoneit.de\/el\/\u03ba\u03b1\u03c4\u03ac\u03c3\u03c4\u03b7\u03bc\u03b1\/gfb-dvt9351-\u03b2\u03b1\u03bb\u03b2\u03af\u03b4\u03b1-\u03b1\u03bd\u03b1\u03b2\u03ac\u03b8\u03bc\u03b9\u03c3\u03b7\u03c2-\u03b5\u03ba\u03c4\u03cc\u03bd\u03c9\u03c3\u03b7\u03c2-\u03b3\u03b9\u03b1-vag\/","og_locale":"el_GR","og_type":"article","og_title":"GFB DV+T9351, Blow Off Upgrade Valve f\u00fcr VAG 1.4, 1.8 und 2.0 TSI und TFSI - Siemoneit GmbH","og_description":"GFB aus Australien ist der Hersteller f\u00fcr ultimative Turbo Performance Produkte. Das GFB Blow Off Ventil DV+T9351 aus CNC gefr\u00e4stem Aluminium wird an das Original BlowOff gesetzt und verbessert die Performance durch eine bisher unerreichte Dichtigkeit. Verwendbar f\u00fcr VAG 1.8 und 2.0 TFSI sowie einigen 1.4 TFSI Motoren. Die 1.4 TSI mit 2 Befestigungsschrauben ben\u00f6tigen ... \u03a0\u03b5\u03c1\u03b9\u03c3\u03c3\u03cc\u03c4\u03b5\u03c1\u03b1","og_url":"https:\/\/siemoneit.de\/el\/\u03ba\u03b1\u03c4\u03ac\u03c3\u03c4\u03b7\u03bc\u03b1\/gfb-dvt9351-\u03b2\u03b1\u03bb\u03b2\u03af\u03b4\u03b1-\u03b1\u03bd\u03b1\u03b2\u03ac\u03b8\u03bc\u03b9\u03c3\u03b7\u03c2-\u03b5\u03ba\u03c4\u03cc\u03bd\u03c9\u03c3\u03b7\u03c2-\u03b3\u03b9\u03b1-vag\/","og_site_name":"Siemoneit GmbH","article_publisher":"https:\/\/www.facebook.com\/siemoneit.racing","article_modified_time":"2023-06-24T18:14:33+00:00","og_image":[{"width":335,"height":335,"url":"https:\/\/siemoneit.de\/wp-content\/uploads\/2023\/05\/9458_product_28162.jpg","type":"image\/jpeg"}],"twitter_card":"summary_large_image","twitter_misc":{"\u0395\u03ba\u03c4\u03b9\u03bc\u03ce\u03bc\u03b5\u03bd\u03bf\u03c2 \u03c7\u03c1\u03cc\u03bd\u03bf\u03c2 \u03b1\u03bd\u03ac\u03b3\u03bd\u03c9\u03c3\u03b7\u03c2":"1 \u03bb\u03b5\u03c0\u03c4\u03cc"},"schema":{"@context":"https:\/\/schema.org","@graph":[{"@type":"WebPage","@id":"https:\/\/siemoneit.de\/shop\/gfb-dvt9351-blow-off-upgrade-valve-fuer-vag-1-4-1-8-und-2-0-tsi-und-tfsi\/","url":"https:\/\/siemoneit.de\/shop\/gfb-dvt9351-blow-off-upgrade-valve-fuer-vag-1-4-1-8-und-2-0-tsi-und-tfsi\/","name":"GFB DV+T9351, \u0392\u03b1\u03bb\u03b2\u03af\u03b4\u03b1 \u03b1\u03bd\u03b1\u03b2\u03ac\u03b8\u03bc\u03b9\u03c3\u03b7\u03c2 Blow Off \u03b3\u03b9\u03b1 VAG 1.4, 1.8 \u03ba\u03b1\u03b9 2.0 TSI \u03ba\u03b1\u03b9 TFSI - Siemoneit GmbH","isPartOf":{"@id":"https:\/\/siemoneit.de\/#website"},"primaryImageOfPage":{"@id":"https:\/\/siemoneit.de\/shop\/gfb-dvt9351-blow-off-upgrade-valve-fuer-vag-1-4-1-8-und-2-0-tsi-und-tfsi\/#primaryimage"},"image":{"@id":"https:\/\/siemoneit.de\/shop\/gfb-dvt9351-blow-off-upgrade-valve-fuer-vag-1-4-1-8-und-2-0-tsi-und-tfsi\/#primaryimage"},"thumbnailUrl":"https:\/\/siemoneit.de\/wp-content\/uploads\/2023\/05\/9458_product_28162.jpg","datePublished":"2023-06-24T15:12:24+00:00","dateModified":"2023-06-24T18:14:33+00:00","breadcrumb":{"@id":"https:\/\/siemoneit.de\/shop\/gfb-dvt9351-blow-off-upgrade-valve-fuer-vag-1-4-1-8-und-2-0-tsi-und-tfsi\/#breadcrumb"},"inLanguage":"el","potentialAction":[{"@type":"ReadAction","target":["https:\/\/siemoneit.de\/shop\/gfb-dvt9351-blow-off-upgrade-valve-fuer-vag-1-4-1-8-und-2-0-tsi-und-tfsi\/"]}]},{"@type":"ImageObject","inLanguage":"el","@id":"https:\/\/siemoneit.de\/shop\/gfb-dvt9351-blow-off-upgrade-valve-fuer-vag-1-4-1-8-und-2-0-tsi-und-tfsi\/#primaryimage","url":"https:\/\/siemoneit.de\/wp-content\/uploads\/2023\/05\/9458_product_28162.jpg","contentUrl":"https:\/\/siemoneit.de\/wp-content\/uploads\/2023\/05\/9458_product_28162.jpg","width":335,"height":335},{"@type":"BreadcrumbList","@id":"https:\/\/siemoneit.de\/shop\/gfb-dvt9351-blow-off-upgrade-valve-fuer-vag-1-4-1-8-und-2-0-tsi-und-tfsi\/#breadcrumb","itemListElement":[{"@type":"ListItem","position":1,"name":"Startseite","item":"https:\/\/siemoneit.de\/"},{"@type":"ListItem","position":2,"name":"Shop","item":"https:\/\/siemoneit.de\/shop\/"},{"@type":"ListItem","position":3,"name":"GFB DV+T9351, Blow Off Upgrade Valve f\u00fcr VAG 1.4, 1.8 und 2.0 TSI und TFSI"}]},{"@type":"WebSite","@id":"https:\/\/siemoneit.de\/#website","url":"https:\/\/siemoneit.de\/","name":"Siemoneit GmbH","description":"","publisher":{"@id":"https:\/\/siemoneit.de\/#organization"},"potentialAction":[{"@type":"SearchAction","target":{"@type":"EntryPoint","urlTemplate":"https:\/\/siemoneit.de\/?s={search_term_string}"},"query-input":{"@type":"PropertyValueSpecification","valueRequired":true,"valueName":"search_term_string"}}],"inLanguage":"el"},{"@type":"Organization","@id":"https:\/\/siemoneit.de\/#organization","name":"Siemoneit GmbH","url":"https:\/\/siemoneit.de\/","logo":{"@type":"ImageObject","inLanguage":"el","@id":"https:\/\/siemoneit.de\/#\/schema\/logo\/image\/","url":"https:\/\/siemoneit.de\/wp-content\/uploads\/2023\/04\/images-removebg-preview.png","contentUrl":"https:\/\/siemoneit.de\/wp-content\/uploads\/2023\/04\/images-removebg-preview.png","width":225,"height":225,"caption":"Siemoneit GmbH"},"image":{"@id":"https:\/\/siemoneit.de\/#\/schema\/logo\/image\/"},"sameAs":["https:\/\/www.facebook.com\/siemoneit.racing","https:\/\/www.instagram.com\/siemoneit_racing\/"]}]}},"_links":{"self":[{"href":"https:\/\/siemoneit.de\/el\/wp-json\/wp\/v2\/product\/3411","targetHints":{"allow":["GET"]}}],"collection":[{"href":"https:\/\/siemoneit.de\/el\/wp-json\/wp\/v2\/product"}],"about":[{"href":"https:\/\/siemoneit.de\/el\/wp-json\/wp\/v2\/types\/product"}],"wp:featuredmedia":[{"embeddable":true,"href":"https:\/\/siemoneit.de\/el\/wp-json\/wp\/v2\/media\/1524"}],"wp:attachment":[{"href":"https:\/\/siemoneit.de\/el\/wp-json\/wp\/v2\/media?parent=3411"}],"wp:term":[{"taxonomy":"product_brand","embeddable":true,"href":"https:\/\/siemoneit.de\/el\/wp-json\/wp\/v2\/product_brand?post=3411"},{"taxonomy":"product_cat","embeddable":true,"href":"https:\/\/siemoneit.de\/el\/wp-json\/wp\/v2\/product_cat?post=3411"},{"taxonomy":"product_tag","embeddable":true,"href":"https:\/\/siemoneit.de\/el\/wp-json\/wp\/v2\/product_tag?post=3411"}],"curies":[{"name":"wp","href":"https:\/\/api.w.org\/{rel}","templated":true}]}}