{"id":626,"date":"2023-04-05T18:35:10","date_gmt":"2023-04-05T16:35:10","guid":{"rendered":"https:\/\/siemoneit.de\/?page_id=626"},"modified":"2025-07-10T17:39:55","modified_gmt":"2025-07-10T15:39:55","slug":"%cf%80%ce%b1%cf%81%ce%b1%ce%b3%cf%89%ce%b3%ce%ae-%cf%87%ce%b5%ce%af%ce%bb%ce%bf%cf%85%cf%82","status":"publish","type":"page","link":"https:\/\/siemoneit.de\/el\/%cf%80%ce%b1%cf%81%ce%b1%ce%b3%cf%89%ce%b3%ce%ae-%cf%87%ce%b5%ce%af%ce%bb%ce%bf%cf%85%cf%82\/","title":{"rendered":"\u03a0\u03b1\u03c1\u03b1\u03b3\u03c9\u03b3\u03ae \u03c7\u03b5\u03af\u03bb\u03bf\u03c5\u03c2"},"content":{"rendered":"<h2>\u0394\u0399\u0391\u039c\u038c\u03a1\u03a6\u03a9\u03a3\u0397 \u03a1\u039f\u0389\u03a3 \/ \u03a3\u03a6\u03a5\u03a1\u0397\u039b\u0391\u03a4\u0397\u039c\u0388\u039d\u039f\u0399 \u03a4\u03a1\u039f\u03a7\u039f\u038a<\/h2>\n<p>\u0393\u03b9\u03b1 \u03bd\u03b1 \u03b4\u03b9\u03b5\u03c5\u03c1\u03cd\u03bd\u03bf\u03c5\u03bc\u03b5 \u03c4\u03bf \u03c7\u03b1\u03c1\u03c4\u03bf\u03c6\u03c5\u03bb\u03ac\u03ba\u03b9\u03cc \u03bc\u03b1\u03c2, \u03b1\u03c0\u03bf\u03c6\u03b1\u03c3\u03af\u03c3\u03b1\u03bc\u03b5 \u03bd\u03b1 \u03c0\u03c1\u03bf\u03c3\u03c6\u03ad\u03c1\u03bf\u03c5\u03bc\u03b5 \u03c4\u03b9\u03c2 \u03b4\u03b9\u03ba\u03ad\u03c2 \u03bc\u03b1\u03c2 \u03b6\u03ac\u03bd\u03c4\u03b5\u03c2 \u03c4\u03bf 2018. \u03a3\u03c7\u03b5\u03b4\u03b9\u03ac\u03c3\u03b1\u03bc\u03b5 \u03ba\u03b1\u03b9 \u03c0\u03b1\u03c1\u03b1\u03b3\u03ac\u03b3\u03b1\u03bc\u03b5 \u03c4\u03bf \u03c0\u03c1\u03ce\u03c4\u03bf \u03c3\u03c7\u03ad\u03b4\u03b9\u03bf \u03b6\u03ac\u03bd\u03c4\u03b1\u03c2 VADER \u03c7\u03c9\u03c1\u03af\u03c2 \u03ac\u03bb\u03bb\u03b7 \u03ba\u03b1\u03b8\u03c5\u03c3\u03c4\u03ad\u03c1\u03b7\u03c3\u03b7. \u0394\u03af\u03bd\u03bf\u03c5\u03bc\u03b5 \u03bc\u03b5\u03b3\u03ac\u03bb\u03b7 \u03c3\u03b7\u03bc\u03b1\u03c3\u03af\u03b1 \u03c3\u03c4\u03b7\u03bd \u03c5\u03c8\u03b7\u03bb\u03ae \u03c0\u03bf\u03b9\u03cc\u03c4\u03b7\u03c4\u03b1 \u03ba\u03b1\u03b9 \u03c4\u03b7\u03bd \u03ba\u03b1\u03bb\u03ae \u03c0\u03bf\u03b9\u03cc\u03c4\u03b7\u03c4\u03b1 \u03ba\u03b1\u03c4\u03b1\u03c3\u03ba\u03b5\u03c5\u03ae\u03c2. \u03a9\u03c2 \u03b5\u03ba \u03c4\u03bf\u03cd\u03c4\u03bf\u03c5, \u03b5\u03c0\u03b9\u03bb\u03ad\u03be\u03b1\u03bc\u03b5 \u03c4\u03b7 \u03b4\u03b9\u03b1\u03b4\u03b9\u03ba\u03b1\u03c3\u03af\u03b1 \u03bc\u03bf\u03c1\u03c6\u03bf\u03c0\u03bf\u03af\u03b7\u03c3\u03b7\u03c2 \u03c1\u03bf\u03ae\u03c2 \u03c5\u03c8\u03b7\u03bb\u03ae\u03c2 \u03c0\u03bf\u03b9\u03cc\u03c4\u03b7\u03c4\u03b1\u03c2. \u0391\u03c5\u03c4\u03cc \u03ba\u03b1\u03b8\u03b9\u03c3\u03c4\u03ac \u03b4\u03c5\u03bd\u03b1\u03c4\u03ae \u03c4\u03b7\u03bd \u03b5\u03c0\u03af\u03c4\u03b5\u03c5\u03be\u03b7 \u03c5\u03c8\u03b7\u03bb\u03ae\u03c2 \u03b1\u03bd\u03c4\u03bf\u03c7\u03ae\u03c2 \u03bc\u03b5 \u03c7\u03b1\u03bc\u03b7\u03bb\u03cc \u03b2\u03ac\u03c1\u03bf\u03c2. \u039f\u03b9 \u03b6\u03ac\u03bd\u03c4\u03b5\u03c2 \u03bc\u03b1\u03c2 \u03b4\u03bf\u03ba\u03b9\u03bc\u03ac\u03b6\u03bf\u03bd\u03c4\u03b1\u03b9 \u03b1\u03c0\u03bf\u03ba\u03bb\u03b5\u03b9\u03c3\u03c4\u03b9\u03ba\u03ac \u03c3\u03b5 \u03b3\u03b5\u03c1\u03bc\u03b1\u03bd\u03bf\u03b1\u03c5\u03c3\u03c4\u03c1\u03b9\u03b1\u03ba\u03ac \u03b9\u03b4\u03c1\u03cd\u03bc\u03b1\u03c4\u03b1 \u03c0\u03c1\u03bf\u03ba\u03b5\u03b9\u03bc\u03ad\u03bd\u03bf\u03c5 \u03bd\u03b1 \u03c0\u03bb\u03b7\u03c1\u03bf\u03cd\u03bd \u03c4\u03b1 \u03b1\u03c0\u03b1\u03b9\u03c4\u03bf\u03cd\u03bc\u03b5\u03bd\u03b1 \u03ba\u03c1\u03b9\u03c4\u03ae\u03c1\u03b9\u03b1. \u039f\u03b9 \u03b6\u03ac\u03bd\u03c4\u03b5\u03c2 \u03bc\u03b1\u03c2 \u03c0\u03b1\u03c1\u03ad\u03c7\u03bf\u03bd\u03c4\u03b1\u03b9 \u03c6\u03c5\u03c3\u03b9\u03ba\u03ac \u03bc\u03b5 \u03c4\u03bf \u03b1\u03c0\u03b1\u03c1\u03b1\u03af\u03c4\u03b7\u03c4\u03bf \u03c0\u03b9\u03c3\u03c4\u03bf\u03c0\u03bf\u03b9\u03b7\u03c4\u03b9\u03ba\u03cc T\u00dcV.<\/p>\n<p>\u03a6\u03c5\u03c3\u03b9\u03ba\u03ac \u03c0\u03c1\u03bf\u03c3\u03c6\u03ad\u03c1\u03bf\u03c5\u03bc\u03b5 \u03b5\u03c0\u03af\u03c3\u03b7\u03c2 \u03c4\u03b7\u03bd \u03c0\u03c1\u03ce\u03c4\u03b7 \u03bc\u03b1\u03c2 \u03b6\u03ac\u03bd\u03c4\u03b1 VADER \u03c9\u03c2 \u03c3\u03c6\u03c5\u03c1\u03ae\u03bb\u03b1\u03c4\u03b7 \u03b6\u03ac\u03bd\u03c4\u03b1 \u03c5\u03c8\u03b7\u03bb\u03ae\u03c2 \u03c0\u03bf\u03b9\u03cc\u03c4\u03b7\u03c4\u03b1\u03c2. \u0391\u03c5\u03c4\u03cc \u03ba\u03b1\u03b8\u03b9\u03c3\u03c4\u03ac \u03c4\u03b7 \u03b6\u03ac\u03bd\u03c4\u03b1 \u03b5\u03bb\u03b1\u03c6\u03c1\u03cd\u03c4\u03b5\u03c1\u03b7 \u03ba\u03b1\u03b9 \u03b9\u03c3\u03c7\u03c5\u03c1\u03cc\u03c4\u03b5\u03c1\u03b7 \u03b1\u03c0\u03cc \u03cc,\u03c4\u03b9 \u03bc\u03b5 \u03ac\u03bb\u03bb\u03b5\u03c2 \u03bc\u03b5\u03b8\u03cc\u03b4\u03bf\u03c5\u03c2 \u03c0\u03b1\u03c1\u03b1\u03b3\u03c9\u03b3\u03ae\u03c2. \u039f\u03b9 \u03c3\u03c6\u03c5\u03c1\u03ae\u03bb\u03b1\u03c4\u03b5\u03c2 \u03b6\u03ac\u03bd\u03c4\u03b5\u03c2 \u03ba\u03b1\u03c4\u03b1\u03c3\u03ba\u03b5\u03c5\u03ac\u03b6\u03bf\u03bd\u03c4\u03b1\u03b9 \u03ba\u03b1\u03b9 \u03b2\u03ac\u03c6\u03bf\u03bd\u03c4\u03b1\u03b9 \u03b1\u03c0\u03bf\u03ba\u03bb\u03b5\u03b9\u03c3\u03c4\u03b9\u03ba\u03ac \u03c3\u03c4\u03b7 \u0393\u03b5\u03c1\u03bc\u03b1\u03bd\u03af\u03b1 (MADE IN GERMANY). \u0397 \u03b4\u03b5\u03cd\u03c4\u03b5\u03c1\u03b7 \u03b6\u03ac\u03bd\u03c4\u03b1 \u03bc\u03b1\u03c2 FALCON \u03b8\u03b1 \u03b4\u03b9\u03b1\u03c4\u03af\u03b8\u03b5\u03c4\u03b1\u03b9 \u03b1\u03c0\u03bf\u03ba\u03bb\u03b5\u03b9\u03c3\u03c4\u03b9\u03ba\u03ac \u03c9\u03c2 \u03c3\u03c6\u03c5\u03c1\u03ae\u03bb\u03b1\u03c4\u03b7 \u03b6\u03ac\u03bd\u03c4\u03b1. \u0397 \u03b6\u03ac\u03bd\u03c4\u03b1 \u03b5\u03af\u03bd\u03b1\u03b9 \u03b1\u03bc\u03c6\u03af\u03b4\u03c1\u03bf\u03bc\u03b7 \u03ba\u03b1\u03b9 \u03c0\u03c1\u03bf\u03c3\u03c6\u03ad\u03c1\u03b5\u03b9 \u03b5\u03c0\u03af\u03c3\u03b7\u03c2 \u03ad\u03bd\u03b1 \u03b5\u03c5\u03c1\u03cd \u03c6\u03ac\u03c3\u03bc\u03b1 \u03b5\u03c0\u03b9\u03bb\u03bf\u03b3\u03ce\u03bd \u03c0\u03c1\u03bf\u03c3\u03b1\u03c1\u03bc\u03bf\u03b3\u03ae\u03c2. \u039c\u03b5 \u03c4\u03b9\u03c2 \u03c3\u03c6\u03c5\u03c1\u03ae\u03bb\u03b1\u03c4\u03b5\u03c2 \u03b6\u03ac\u03bd\u03c4\u03b5\u03c2, \u03b3\u03b9\u03b1 \u03c0\u03b1\u03c1\u03ac\u03b4\u03b5\u03b9\u03b3\u03bc\u03b1, \u03bc\u03c0\u03bf\u03c1\u03b5\u03af\u03c4\u03b5 \u03bd\u03b1 \u03b5\u03c0\u03b9\u03bb\u03ad\u03be\u03b5\u03c4\u03b5 \u03b5\u03bb\u03b5\u03cd\u03b8\u03b5\u03c1\u03b1 \u03bc\u03b5\u03c4\u03b1\u03be\u03cd offset, \u03ba\u03cd\u03ba\u03bb\u03bf\u03c5 \u03bc\u03c0\u03bf\u03c5\u03bb\u03bf\u03bd\u03b9\u03ce\u03bd, \u03bc\u03b5\u03b3\u03ad\u03b8\u03bf\u03c5\u03c2 \u03b6\u03ac\u03bd\u03c4\u03b1\u03c2\/\u03c0\u03bb\u03ac\u03c4\u03bf\u03c5\u03c2 \u03b6\u03ac\u03bd\u03c4\u03b1\u03c2 \u03ae \u03b1\u03ba\u03cc\u03bc\u03b7 \u03ba\u03b1\u03b9 \u03c4\u03bf \u03b5\u03c0\u03b9\u03b8\u03c5\u03bc\u03b7\u03c4\u03cc \u03c7\u03c1\u03ce\u03bc\u03b1, \u03b5\u03c0\u03b9\u03c4\u03c1\u03ad\u03c0\u03bf\u03bd\u03c4\u03ac\u03c2 \u03c3\u03b1\u03c2 \u03bd\u03b1 \u03c0\u03c1\u03bf\u03c3\u03b1\u03c1\u03bc\u03cc\u03c3\u03b5\u03c4\u03b5 \u03c4\u03b7 \u03b6\u03ac\u03bd\u03c4\u03b1 \u03c3\u03c4\u03bf \u03cc\u03c7\u03b7\u03bc\u03ac \u03c3\u03b1\u03c2.<\/p>","protected":false},"excerpt":{"rendered":"<p>FLOW FORMING \/ FORGED WHEELS \u0393\u03b9\u03b1 \u03bd\u03b1 \u03b4\u03b9\u03b5\u03c5\u03c1\u03cd\u03bd\u03bf\u03c5\u03bc\u03b5 \u03c4\u03bf \u03c7\u03b1\u03c1\u03c4\u03bf\u03c6\u03c5\u03bb\u03ac\u03ba\u03b9\u03cc \u03bc\u03b1\u03c2, \u03b1\u03c0\u03bf\u03c6\u03b1\u03c3\u03af\u03c3\u03b1\u03bc\u03b5 \u03bd\u03b1 \u03c0\u03c1\u03bf\u03c3\u03c6\u03ad\u03c1\u03bf\u03c5\u03bc\u03b5 \u03c4\u03b9\u03c2 \u03b4\u03b9\u03ba\u03ad\u03c2 \u03bc\u03b1\u03c2 \u03b6\u03ac\u03bd\u03c4\u03b5\u03c2 \u03c4\u03bf 2018. \u03a3\u03c7\u03b5\u03b4\u03b9\u03ac\u03c3\u03b1\u03bc\u03b5 \u03ba\u03b1\u03b9 \u03c0\u03b1\u03c1\u03b1\u03b3\u03ac\u03b3\u03b1\u03bc\u03b5 \u03c4\u03bf \u03c0\u03c1\u03ce\u03c4\u03bf \u03c3\u03c7\u03ad\u03b4\u03b9\u03bf \u03b6\u03ac\u03bd\u03c4\u03b1\u03c2 VADER \u03c7\u03c9\u03c1\u03af\u03c2 \u03ac\u03bb\u03bb\u03b7 \u03ba\u03b1\u03b8\u03c5\u03c3\u03c4\u03ad\u03c1\u03b7\u03c3\u03b7. \u0394\u03af\u03bd\u03bf\u03c5\u03bc\u03b5 \u03bc\u03b5\u03b3\u03ac\u03bb\u03b7 \u03c3\u03b7\u03bc\u03b1\u03c3\u03af\u03b1 \u03c3\u03c4\u03b7\u03bd \u03c5\u03c8\u03b7\u03bb\u03ae \u03c0\u03bf\u03b9\u03cc\u03c4\u03b7\u03c4\u03b1 \u03ba\u03b1\u03b9 \u03c4\u03b7\u03bd \u03ba\u03b1\u03bb\u03ae \u03c0\u03bf\u03b9\u03cc\u03c4\u03b7\u03c4\u03b1 \u03ba\u03b1\u03c4\u03b1\u03c3\u03ba\u03b5\u03c5\u03ae\u03c2. \u03a9\u03c2 \u03b5\u03ba \u03c4\u03bf\u03cd\u03c4\u03bf\u03c5, \u03b5\u03c0\u03b9\u03bb\u03ad\u03be\u03b1\u03bc\u03b5 \u03c4\u03b7 \u03b4\u03b9\u03b1\u03b4\u03b9\u03ba\u03b1\u03c3\u03af\u03b1 \u03bc\u03bf\u03c1\u03c6\u03bf\u03c0\u03bf\u03af\u03b7\u03c3\u03b7\u03c2 \u03c1\u03bf\u03ae\u03c2 \u03c5\u03c8\u03b7\u03bb\u03ae\u03c2 \u03c0\u03bf\u03b9\u03cc\u03c4\u03b7\u03c4\u03b1\u03c2. \u0391\u03c5\u03c4\u03cc ... <a title=\"\u03a0\u03b1\u03c1\u03b1\u03b3\u03c9\u03b3\u03ae \u03c7\u03b5\u03af\u03bb\u03bf\u03c5\u03c2\" class=\"read-more\" href=\"https:\/\/siemoneit.de\/el\/%cf%80%ce%b1%cf%81%ce%b1%ce%b3%cf%89%ce%b3%ce%ae-%cf%87%ce%b5%ce%af%ce%bb%ce%bf%cf%85%cf%82\/\" aria-label=\"\u0394\u03b9\u03b1\u03b2\u03ac\u03c3\u03c4\u03b5 \u03c0\u03b5\u03c1\u03b9\u03c3\u03c3\u03cc\u03c4\u03b5\u03c1\u03b1 \u03b3\u03b9\u03b1 \u03c4\u03b7\u03bd \u03c0\u03b1\u03c1\u03b1\u03b3\u03c9\u03b3\u03ae Rim\">\u03a0\u03b5\u03c1\u03b9\u03c3\u03c3\u03cc\u03c4\u03b5\u03c1\u03b1<\/a><\/p>","protected":false},"author":1,"featured_media":859,"parent":0,"menu_order":0,"comment_status":"closed","ping_status":"closed","template":"leistungen-template.php","meta":{"_acf_changed":false,"footnotes":""},"class_list":["post-626","page","type-page","status-publish","has-post-thumbnail"],"acf":[],"yoast_head":"<!-- This site is optimized with the Yoast SEO plugin v27.4 - https:\/\/yoast.com\/product\/yoast-seo-wordpress\/ -->\n<title>Felgenherstellung - Siemoneit GmbH<\/title>\n<meta name=\"robots\" content=\"index, follow, max-snippet:-1, max-image-preview:large, max-video-preview:-1\" \/>\n<link rel=\"canonical\" href=\"https:\/\/siemoneit.de\/el\/\u03c0\u03b1\u03c1\u03b1\u03b3\u03c9\u03b3\u03ae-\u03c7\u03b5\u03af\u03bb\u03bf\u03c5\u03c2\/\" \/>\n<meta property=\"og:locale\" content=\"el_GR\" \/>\n<meta property=\"og:type\" content=\"article\" \/>\n<meta property=\"og:title\" content=\"Felgenherstellung - Siemoneit GmbH\" \/>\n<meta property=\"og:description\" content=\"FLOW FORMING- \/ SCHMIEDER\u00c4DER Um unser Portfolio zu erweitern, haben wir uns 2018 dazu entschlossen, eigene Felgen anzubieten. Das erste Felgendesign VADER haben wir kurzerhand entworfen und fertigen lassen. Wir legen einen gro\u00dfen Wert auf eine hohe Qualit\u00e4t und eine gute Verarbeitung. Wir haben uns deswegen f\u00fcr das hochwertige Flow Form- Verfahren entschieden. Dadurch ist ... \u03a0\u03b5\u03c1\u03b9\u03c3\u03c3\u03cc\u03c4\u03b5\u03c1\u03b1\" \/>\n<meta property=\"og:url\" content=\"https:\/\/siemoneit.de\/el\/\u03c0\u03b1\u03c1\u03b1\u03b3\u03c9\u03b3\u03ae-\u03c7\u03b5\u03af\u03bb\u03bf\u03c5\u03c2\/\" \/>\n<meta property=\"og:site_name\" content=\"Siemoneit GmbH\" \/>\n<meta property=\"article:publisher\" content=\"https:\/\/www.facebook.com\/siemoneit.racing\" \/>\n<meta property=\"article:modified_time\" content=\"2025-07-10T15:39:55+00:00\" \/>\n<meta property=\"og:image\" content=\"https:\/\/siemoneit.de\/wp-content\/uploads\/2023\/04\/1606294877919_1855-1980_dwg_sim2.jpg\" \/>\n\t<meta property=\"og:image:width\" content=\"1259\" \/>\n\t<meta property=\"og:image:height\" content=\"798\" \/>\n\t<meta property=\"og:image:type\" content=\"image\/jpeg\" \/>\n<meta name=\"twitter:card\" content=\"summary_large_image\" \/>\n<meta name=\"twitter:label1\" content=\"\u0395\u03ba\u03c4\u03b9\u03bc\u03ce\u03bc\u03b5\u03bd\u03bf\u03c2 \u03c7\u03c1\u03cc\u03bd\u03bf\u03c2 \u03b1\u03bd\u03ac\u03b3\u03bd\u03c9\u03c3\u03b7\u03c2\" \/>\n\t<meta name=\"twitter:data1\" content=\"2 \u03bb\u03b5\u03c0\u03c4\u03ac\" \/>\n<script type=\"application\/ld+json\" class=\"yoast-schema-graph\">{\"@context\":\"https:\\\/\\\/schema.org\",\"@graph\":[{\"@type\":\"WebPage\",\"@id\":\"https:\\\/\\\/siemoneit.de\\\/felgenherstellung\\\/\",\"url\":\"https:\\\/\\\/siemoneit.de\\\/felgenherstellung\\\/\",\"name\":\"Felgenherstellung - Siemoneit GmbH\",\"isPartOf\":{\"@id\":\"https:\\\/\\\/siemoneit.de\\\/#website\"},\"primaryImageOfPage\":{\"@id\":\"https:\\\/\\\/siemoneit.de\\\/felgenherstellung\\\/#primaryimage\"},\"image\":{\"@id\":\"https:\\\/\\\/siemoneit.de\\\/felgenherstellung\\\/#primaryimage\"},\"thumbnailUrl\":\"https:\\\/\\\/siemoneit.de\\\/wp-content\\\/uploads\\\/2023\\\/04\\\/1606294877919_1855-1980_dwg_sim2.jpg\",\"datePublished\":\"2023-04-05T16:35:10+00:00\",\"dateModified\":\"2025-07-10T15:39:55+00:00\",\"breadcrumb\":{\"@id\":\"https:\\\/\\\/siemoneit.de\\\/felgenherstellung\\\/#breadcrumb\"},\"inLanguage\":\"el\",\"potentialAction\":[{\"@type\":\"ReadAction\",\"target\":[\"https:\\\/\\\/siemoneit.de\\\/felgenherstellung\\\/\"]}]},{\"@type\":\"ImageObject\",\"inLanguage\":\"el\",\"@id\":\"https:\\\/\\\/siemoneit.de\\\/felgenherstellung\\\/#primaryimage\",\"url\":\"https:\\\/\\\/siemoneit.de\\\/wp-content\\\/uploads\\\/2023\\\/04\\\/1606294877919_1855-1980_dwg_sim2.jpg\",\"contentUrl\":\"https:\\\/\\\/siemoneit.de\\\/wp-content\\\/uploads\\\/2023\\\/04\\\/1606294877919_1855-1980_dwg_sim2.jpg\",\"width\":1259,\"height\":798},{\"@type\":\"BreadcrumbList\",\"@id\":\"https:\\\/\\\/siemoneit.de\\\/felgenherstellung\\\/#breadcrumb\",\"itemListElement\":[{\"@type\":\"ListItem\",\"position\":1,\"name\":\"Startseite\",\"item\":\"https:\\\/\\\/siemoneit.de\\\/\"},{\"@type\":\"ListItem\",\"position\":2,\"name\":\"Felgenherstellung\"}]},{\"@type\":\"WebSite\",\"@id\":\"https:\\\/\\\/siemoneit.de\\\/#website\",\"url\":\"https:\\\/\\\/siemoneit.de\\\/\",\"name\":\"Siemoneit GmbH\",\"description\":\"\",\"publisher\":{\"@id\":\"https:\\\/\\\/siemoneit.de\\\/#organization\"},\"potentialAction\":[{\"@type\":\"SearchAction\",\"target\":{\"@type\":\"EntryPoint\",\"urlTemplate\":\"https:\\\/\\\/siemoneit.de\\\/?s={search_term_string}\"},\"query-input\":{\"@type\":\"PropertyValueSpecification\",\"valueRequired\":true,\"valueName\":\"search_term_string\"}}],\"inLanguage\":\"el\"},{\"@type\":\"Organization\",\"@id\":\"https:\\\/\\\/siemoneit.de\\\/#organization\",\"name\":\"Siemoneit GmbH\",\"url\":\"https:\\\/\\\/siemoneit.de\\\/\",\"logo\":{\"@type\":\"ImageObject\",\"inLanguage\":\"el\",\"@id\":\"https:\\\/\\\/siemoneit.de\\\/#\\\/schema\\\/logo\\\/image\\\/\",\"url\":\"https:\\\/\\\/siemoneit.de\\\/wp-content\\\/uploads\\\/2023\\\/04\\\/images-removebg-preview.png\",\"contentUrl\":\"https:\\\/\\\/siemoneit.de\\\/wp-content\\\/uploads\\\/2023\\\/04\\\/images-removebg-preview.png\",\"width\":225,\"height\":225,\"caption\":\"Siemoneit GmbH\"},\"image\":{\"@id\":\"https:\\\/\\\/siemoneit.de\\\/#\\\/schema\\\/logo\\\/image\\\/\"},\"sameAs\":[\"https:\\\/\\\/www.facebook.com\\\/siemoneit.racing\",\"https:\\\/\\\/www.instagram.com\\\/siemoneit_racing\\\/\"]}]}<\/script>\n<!-- \/ Yoast SEO plugin. -->","yoast_head_json":{"title":"\u03a0\u03b1\u03c1\u03b1\u03b3\u03c9\u03b3\u03ae \u03c7\u03b5\u03af\u03bb\u03bf\u03c5\u03c2 - Siemoneit GmbH","robots":{"index":"index","follow":"follow","max-snippet":"max-snippet:-1","max-image-preview":"max-image-preview:large","max-video-preview":"max-video-preview:-1"},"canonical":"https:\/\/siemoneit.de\/el\/\u03c0\u03b1\u03c1\u03b1\u03b3\u03c9\u03b3\u03ae-\u03c7\u03b5\u03af\u03bb\u03bf\u03c5\u03c2\/","og_locale":"el_GR","og_type":"article","og_title":"Felgenherstellung - Siemoneit GmbH","og_description":"FLOW FORMING- \/ SCHMIEDER\u00c4DER Um unser Portfolio zu erweitern, haben wir uns 2018 dazu entschlossen, eigene Felgen anzubieten. Das erste Felgendesign VADER haben wir kurzerhand entworfen und fertigen lassen. Wir legen einen gro\u00dfen Wert auf eine hohe Qualit\u00e4t und eine gute Verarbeitung. Wir haben uns deswegen f\u00fcr das hochwertige Flow Form- Verfahren entschieden. Dadurch ist ... \u03a0\u03b5\u03c1\u03b9\u03c3\u03c3\u03cc\u03c4\u03b5\u03c1\u03b1","og_url":"https:\/\/siemoneit.de\/el\/\u03c0\u03b1\u03c1\u03b1\u03b3\u03c9\u03b3\u03ae-\u03c7\u03b5\u03af\u03bb\u03bf\u03c5\u03c2\/","og_site_name":"Siemoneit GmbH","article_publisher":"https:\/\/www.facebook.com\/siemoneit.racing","article_modified_time":"2025-07-10T15:39:55+00:00","og_image":[{"width":1259,"height":798,"url":"https:\/\/siemoneit.de\/wp-content\/uploads\/2023\/04\/1606294877919_1855-1980_dwg_sim2.jpg","type":"image\/jpeg"}],"twitter_card":"summary_large_image","twitter_misc":{"\u0395\u03ba\u03c4\u03b9\u03bc\u03ce\u03bc\u03b5\u03bd\u03bf\u03c2 \u03c7\u03c1\u03cc\u03bd\u03bf\u03c2 \u03b1\u03bd\u03ac\u03b3\u03bd\u03c9\u03c3\u03b7\u03c2":"2 \u03bb\u03b5\u03c0\u03c4\u03ac"},"schema":{"@context":"https:\/\/schema.org","@graph":[{"@type":"WebPage","@id":"https:\/\/siemoneit.de\/felgenherstellung\/","url":"https:\/\/siemoneit.de\/felgenherstellung\/","name":"\u03a0\u03b1\u03c1\u03b1\u03b3\u03c9\u03b3\u03ae \u03c7\u03b5\u03af\u03bb\u03bf\u03c5\u03c2 - Siemoneit GmbH","isPartOf":{"@id":"https:\/\/siemoneit.de\/#website"},"primaryImageOfPage":{"@id":"https:\/\/siemoneit.de\/felgenherstellung\/#primaryimage"},"image":{"@id":"https:\/\/siemoneit.de\/felgenherstellung\/#primaryimage"},"thumbnailUrl":"https:\/\/siemoneit.de\/wp-content\/uploads\/2023\/04\/1606294877919_1855-1980_dwg_sim2.jpg","datePublished":"2023-04-05T16:35:10+00:00","dateModified":"2025-07-10T15:39:55+00:00","breadcrumb":{"@id":"https:\/\/siemoneit.de\/felgenherstellung\/#breadcrumb"},"inLanguage":"el","potentialAction":[{"@type":"ReadAction","target":["https:\/\/siemoneit.de\/felgenherstellung\/"]}]},{"@type":"ImageObject","inLanguage":"el","@id":"https:\/\/siemoneit.de\/felgenherstellung\/#primaryimage","url":"https:\/\/siemoneit.de\/wp-content\/uploads\/2023\/04\/1606294877919_1855-1980_dwg_sim2.jpg","contentUrl":"https:\/\/siemoneit.de\/wp-content\/uploads\/2023\/04\/1606294877919_1855-1980_dwg_sim2.jpg","width":1259,"height":798},{"@type":"BreadcrumbList","@id":"https:\/\/siemoneit.de\/felgenherstellung\/#breadcrumb","itemListElement":[{"@type":"ListItem","position":1,"name":"Startseite","item":"https:\/\/siemoneit.de\/"},{"@type":"ListItem","position":2,"name":"Felgenherstellung"}]},{"@type":"WebSite","@id":"https:\/\/siemoneit.de\/#website","url":"https:\/\/siemoneit.de\/","name":"Siemoneit GmbH","description":"","publisher":{"@id":"https:\/\/siemoneit.de\/#organization"},"potentialAction":[{"@type":"SearchAction","target":{"@type":"EntryPoint","urlTemplate":"https:\/\/siemoneit.de\/?s={search_term_string}"},"query-input":{"@type":"PropertyValueSpecification","valueRequired":true,"valueName":"search_term_string"}}],"inLanguage":"el"},{"@type":"Organization","@id":"https:\/\/siemoneit.de\/#organization","name":"Siemoneit GmbH","url":"https:\/\/siemoneit.de\/","logo":{"@type":"ImageObject","inLanguage":"el","@id":"https:\/\/siemoneit.de\/#\/schema\/logo\/image\/","url":"https:\/\/siemoneit.de\/wp-content\/uploads\/2023\/04\/images-removebg-preview.png","contentUrl":"https:\/\/siemoneit.de\/wp-content\/uploads\/2023\/04\/images-removebg-preview.png","width":225,"height":225,"caption":"Siemoneit GmbH"},"image":{"@id":"https:\/\/siemoneit.de\/#\/schema\/logo\/image\/"},"sameAs":["https:\/\/www.facebook.com\/siemoneit.racing","https:\/\/www.instagram.com\/siemoneit_racing\/"]}]}},"_links":{"self":[{"href":"https:\/\/siemoneit.de\/el\/wp-json\/wp\/v2\/pages\/626","targetHints":{"allow":["GET"]}}],"collection":[{"href":"https:\/\/siemoneit.de\/el\/wp-json\/wp\/v2\/pages"}],"about":[{"href":"https:\/\/siemoneit.de\/el\/wp-json\/wp\/v2\/types\/page"}],"author":[{"embeddable":true,"href":"https:\/\/siemoneit.de\/el\/wp-json\/wp\/v2\/users\/1"}],"replies":[{"embeddable":true,"href":"https:\/\/siemoneit.de\/el\/wp-json\/wp\/v2\/comments?post=626"}],"version-history":[{"count":2,"href":"https:\/\/siemoneit.de\/el\/wp-json\/wp\/v2\/pages\/626\/revisions"}],"predecessor-version":[{"id":6354,"href":"https:\/\/siemoneit.de\/el\/wp-json\/wp\/v2\/pages\/626\/revisions\/6354"}],"wp:featuredmedia":[{"embeddable":true,"href":"https:\/\/siemoneit.de\/el\/wp-json\/wp\/v2\/media\/859"}],"wp:attachment":[{"href":"https:\/\/siemoneit.de\/el\/wp-json\/wp\/v2\/media?parent=626"}],"curies":[{"name":"wp","href":"https:\/\/api.w.org\/{rel}","templated":true}]}}