{"id":3453,"date":"2023-06-24T17:12:31","date_gmt":"2023-06-24T15:12:31","guid":{"rendered":"https:\/\/siemoneit.de\/produkt\/turboinlet-fuer-ea888-gen-3\/"},"modified":"2023-06-24T20:14:30","modified_gmt":"2023-06-24T18:14:30","slug":"turboinlet-fuer-ea888-gen-3","status":"publish","type":"product","link":"https:\/\/siemoneit.de\/de\/shop\/turboinlet-fuer-ea888-gen-3\/","title":{"rendered":"Turboinlet f\u00fcr EA888 GEN.3"},"content":{"rendered":"<p>Unser neues vollaluminium Turboinlet ist auf optimale Performance ausgelegt und passend f\u00fcr nahezu alle Ansaugungen der VAG 1.8l &#8211; 2.0l TSI\/TFSI E6 (EA888 G3) Motoren.<br \/>\nWir haben den Flow der angesaugten Frischluft durch das unauff\u00e4llige Turboinlet stark optimiert, sodass ein verbessertes Ansprechverhalten resultiert.<br \/>\nDas Inlet weist nun keine l\u00e4stigen Str\u00f6mungskanten mehr auf!<\/p>\n<p>Die Montage ist leicht gehalten und sollte in etwa 30 min beanspruchen. Die Oberfl\u00e4che ist entweder &#8222;Crocodile-Coated&#8220;, also mit Kr\u00e4usellack beschichtet, oder hat eine normale Gussoberfl\u00e4che.<\/p>\n<p>Passt auch bei:<br \/>\n&#8211; Golf 7 GTI \/ R<br \/>\n&#8211; Audi S3 8V<br \/>\n&#8211; Seat Cupra 5F<br \/>\n&#8211; Seat Leon 5F 1.8 TSI<br \/>\n&#8211; Skoda Oktavia RS 2.0 TSI<br \/>\n&#8211; Audi TTS 8S<br \/>\n&#8211; Audi TT 8S 2.0 TSI<br \/>\nund viele weitere mit EA888 Gen3-Motor<\/p>\n","protected":false},"excerpt":{"rendered":"<p>Unser neues vollaluminium Turboinlet ist auf optimale Performance ausgelegt und passend f\u00fcr nahezu alle Ansaugungen der VAG 1.8l &#8211; 2.0l TSI\/TFSI E6 (EA888 G3) Motoren. Wir haben den Flow der angesaugten Frischluft durch das unauff\u00e4llige Turboinlet stark optimiert, sodass ein verbessertes Ansprechverhalten resultiert. Das Inlet weist nun keine l\u00e4stigen Str\u00f6mungskanten mehr auf! Die Montage ist &#8230; <a title=\"Turboinlet f\u00fcr EA888 GEN.3\" class=\"read-more\" href=\"https:\/\/siemoneit.de\/de\/shop\/turboinlet-fuer-ea888-gen-3\/\" aria-label=\"Mehr Informationen \u00fcber Turboinlet f\u00fcr EA888 GEN.3\">Weiterlesen<\/a><\/p>\n","protected":false},"featured_media":1344,"template":"","meta":{"_acf_changed":false},"product_brand":[],"product_cat":[177,176],"product_tag":[],"class_list":{"0":"post-3453","1":"product","2":"type-product","3":"status-publish","4":"has-post-thumbnail","6":"product_cat-tuning","7":"product_cat-turbozubehoer","9":"first","10":"instock","11":"taxable","12":"shipping-taxable","13":"product-type-simple"},"acf":[],"yoast_head":"<!-- This site is optimized with the Yoast SEO plugin v26.6 - https:\/\/yoast.com\/wordpress\/plugins\/seo\/ -->\n<title>Turboinlet f\u00fcr EA888 GEN.3 - Siemoneit GmbH<\/title>\n<meta name=\"robots\" content=\"index, follow, max-snippet:-1, max-image-preview:large, max-video-preview:-1\" \/>\n<link rel=\"canonical\" href=\"https:\/\/siemoneit.de\/de\/shop\/turboinlet-fuer-ea888-gen-3\/\" \/>\n<meta property=\"og:locale\" content=\"de_DE\" \/>\n<meta property=\"og:type\" content=\"article\" \/>\n<meta property=\"og:title\" content=\"Turboinlet f\u00fcr EA888 GEN.3 - Siemoneit GmbH\" \/>\n<meta property=\"og:description\" content=\"Unser neues vollaluminium Turboinlet ist auf optimale Performance ausgelegt und passend f\u00fcr nahezu alle Ansaugungen der VAG 1.8l &#8211; 2.0l TSI\/TFSI E6 (EA888 G3) Motoren. Wir haben den Flow der angesaugten Frischluft durch das unauff\u00e4llige Turboinlet stark optimiert, sodass ein verbessertes Ansprechverhalten resultiert. Das Inlet weist nun keine l\u00e4stigen Str\u00f6mungskanten mehr auf! Die Montage ist ... Weiterlesen\" \/>\n<meta property=\"og:url\" content=\"https:\/\/siemoneit.de\/de\/shop\/turboinlet-fuer-ea888-gen-3\/\" \/>\n<meta property=\"og:site_name\" content=\"Siemoneit GmbH\" \/>\n<meta property=\"article:publisher\" content=\"https:\/\/www.facebook.com\/siemoneit.racing\" \/>\n<meta property=\"article:modified_time\" content=\"2023-06-24T18:14:30+00:00\" \/>\n<meta property=\"og:image\" content=\"https:\/\/siemoneit.de\/wp-content\/uploads\/2023\/05\/17499_43991.jpg\" \/>\n\t<meta property=\"og:image:width\" content=\"900\" \/>\n\t<meta property=\"og:image:height\" content=\"600\" \/>\n\t<meta property=\"og:image:type\" content=\"image\/jpeg\" \/>\n<meta name=\"twitter:card\" content=\"summary_large_image\" \/>\n<meta name=\"twitter:label1\" content=\"Gesch\u00e4tzte Lesezeit\" \/>\n\t<meta name=\"twitter:data1\" content=\"1\u00a0Minute\" \/>\n<script type=\"application\/ld+json\" class=\"yoast-schema-graph\">{\"@context\":\"https:\/\/schema.org\",\"@graph\":[{\"@type\":\"WebPage\",\"@id\":\"https:\/\/siemoneit.de\/shop\/turboinlet-fuer-ea888-gen-3\/\",\"url\":\"https:\/\/siemoneit.de\/shop\/turboinlet-fuer-ea888-gen-3\/\",\"name\":\"Turboinlet f\u00fcr EA888 GEN.3 - Siemoneit GmbH\",\"isPartOf\":{\"@id\":\"https:\/\/siemoneit.de\/#website\"},\"primaryImageOfPage\":{\"@id\":\"https:\/\/siemoneit.de\/shop\/turboinlet-fuer-ea888-gen-3\/#primaryimage\"},\"image\":{\"@id\":\"https:\/\/siemoneit.de\/shop\/turboinlet-fuer-ea888-gen-3\/#primaryimage\"},\"thumbnailUrl\":\"https:\/\/siemoneit.de\/wp-content\/uploads\/2023\/05\/17499_43991.jpg\",\"datePublished\":\"2023-06-24T15:12:31+00:00\",\"dateModified\":\"2023-06-24T18:14:30+00:00\",\"breadcrumb\":{\"@id\":\"https:\/\/siemoneit.de\/shop\/turboinlet-fuer-ea888-gen-3\/#breadcrumb\"},\"inLanguage\":\"de\",\"potentialAction\":[{\"@type\":\"ReadAction\",\"target\":[\"https:\/\/siemoneit.de\/shop\/turboinlet-fuer-ea888-gen-3\/\"]}]},{\"@type\":\"ImageObject\",\"inLanguage\":\"de\",\"@id\":\"https:\/\/siemoneit.de\/shop\/turboinlet-fuer-ea888-gen-3\/#primaryimage\",\"url\":\"https:\/\/siemoneit.de\/wp-content\/uploads\/2023\/05\/17499_43991.jpg\",\"contentUrl\":\"https:\/\/siemoneit.de\/wp-content\/uploads\/2023\/05\/17499_43991.jpg\",\"width\":900,\"height\":600},{\"@type\":\"BreadcrumbList\",\"@id\":\"https:\/\/siemoneit.de\/shop\/turboinlet-fuer-ea888-gen-3\/#breadcrumb\",\"itemListElement\":[{\"@type\":\"ListItem\",\"position\":1,\"name\":\"Startseite\",\"item\":\"https:\/\/siemoneit.de\/\"},{\"@type\":\"ListItem\",\"position\":2,\"name\":\"Shop\",\"item\":\"https:\/\/siemoneit.de\/shop\/\"},{\"@type\":\"ListItem\",\"position\":3,\"name\":\"Turboinlet f\u00fcr EA888 GEN.3\"}]},{\"@type\":\"WebSite\",\"@id\":\"https:\/\/siemoneit.de\/#website\",\"url\":\"https:\/\/siemoneit.de\/\",\"name\":\"Siemoneit GmbH\",\"description\":\"\",\"publisher\":{\"@id\":\"https:\/\/siemoneit.de\/#organization\"},\"potentialAction\":[{\"@type\":\"SearchAction\",\"target\":{\"@type\":\"EntryPoint\",\"urlTemplate\":\"https:\/\/siemoneit.de\/?s={search_term_string}\"},\"query-input\":{\"@type\":\"PropertyValueSpecification\",\"valueRequired\":true,\"valueName\":\"search_term_string\"}}],\"inLanguage\":\"de\"},{\"@type\":\"Organization\",\"@id\":\"https:\/\/siemoneit.de\/#organization\",\"name\":\"Siemoneit GmbH\",\"url\":\"https:\/\/siemoneit.de\/\",\"logo\":{\"@type\":\"ImageObject\",\"inLanguage\":\"de\",\"@id\":\"https:\/\/siemoneit.de\/#\/schema\/logo\/image\/\",\"url\":\"https:\/\/siemoneit.de\/wp-content\/uploads\/2023\/04\/images-removebg-preview.png\",\"contentUrl\":\"https:\/\/siemoneit.de\/wp-content\/uploads\/2023\/04\/images-removebg-preview.png\",\"width\":225,\"height\":225,\"caption\":\"Siemoneit GmbH\"},\"image\":{\"@id\":\"https:\/\/siemoneit.de\/#\/schema\/logo\/image\/\"},\"sameAs\":[\"https:\/\/www.facebook.com\/siemoneit.racing\",\"https:\/\/www.instagram.com\/siemoneit_racing\/\"]}]}<\/script>\n<!-- \/ Yoast SEO plugin. -->","yoast_head_json":{"title":"Turboinlet f\u00fcr EA888 GEN.3 - Siemoneit GmbH","robots":{"index":"index","follow":"follow","max-snippet":"max-snippet:-1","max-image-preview":"max-image-preview:large","max-video-preview":"max-video-preview:-1"},"canonical":"https:\/\/siemoneit.de\/de\/shop\/turboinlet-fuer-ea888-gen-3\/","og_locale":"de_DE","og_type":"article","og_title":"Turboinlet f\u00fcr EA888 GEN.3 - Siemoneit GmbH","og_description":"Unser neues vollaluminium Turboinlet ist auf optimale Performance ausgelegt und passend f\u00fcr nahezu alle Ansaugungen der VAG 1.8l &#8211; 2.0l TSI\/TFSI E6 (EA888 G3) Motoren. Wir haben den Flow der angesaugten Frischluft durch das unauff\u00e4llige Turboinlet stark optimiert, sodass ein verbessertes Ansprechverhalten resultiert. Das Inlet weist nun keine l\u00e4stigen Str\u00f6mungskanten mehr auf! Die Montage ist ... Weiterlesen","og_url":"https:\/\/siemoneit.de\/de\/shop\/turboinlet-fuer-ea888-gen-3\/","og_site_name":"Siemoneit GmbH","article_publisher":"https:\/\/www.facebook.com\/siemoneit.racing","article_modified_time":"2023-06-24T18:14:30+00:00","og_image":[{"width":900,"height":600,"url":"https:\/\/siemoneit.de\/wp-content\/uploads\/2023\/05\/17499_43991.jpg","type":"image\/jpeg"}],"twitter_card":"summary_large_image","twitter_misc":{"Gesch\u00e4tzte Lesezeit":"1\u00a0Minute"},"schema":{"@context":"https:\/\/schema.org","@graph":[{"@type":"WebPage","@id":"https:\/\/siemoneit.de\/shop\/turboinlet-fuer-ea888-gen-3\/","url":"https:\/\/siemoneit.de\/shop\/turboinlet-fuer-ea888-gen-3\/","name":"Turboinlet f\u00fcr EA888 GEN.3 - Siemoneit GmbH","isPartOf":{"@id":"https:\/\/siemoneit.de\/#website"},"primaryImageOfPage":{"@id":"https:\/\/siemoneit.de\/shop\/turboinlet-fuer-ea888-gen-3\/#primaryimage"},"image":{"@id":"https:\/\/siemoneit.de\/shop\/turboinlet-fuer-ea888-gen-3\/#primaryimage"},"thumbnailUrl":"https:\/\/siemoneit.de\/wp-content\/uploads\/2023\/05\/17499_43991.jpg","datePublished":"2023-06-24T15:12:31+00:00","dateModified":"2023-06-24T18:14:30+00:00","breadcrumb":{"@id":"https:\/\/siemoneit.de\/shop\/turboinlet-fuer-ea888-gen-3\/#breadcrumb"},"inLanguage":"de","potentialAction":[{"@type":"ReadAction","target":["https:\/\/siemoneit.de\/shop\/turboinlet-fuer-ea888-gen-3\/"]}]},{"@type":"ImageObject","inLanguage":"de","@id":"https:\/\/siemoneit.de\/shop\/turboinlet-fuer-ea888-gen-3\/#primaryimage","url":"https:\/\/siemoneit.de\/wp-content\/uploads\/2023\/05\/17499_43991.jpg","contentUrl":"https:\/\/siemoneit.de\/wp-content\/uploads\/2023\/05\/17499_43991.jpg","width":900,"height":600},{"@type":"BreadcrumbList","@id":"https:\/\/siemoneit.de\/shop\/turboinlet-fuer-ea888-gen-3\/#breadcrumb","itemListElement":[{"@type":"ListItem","position":1,"name":"Startseite","item":"https:\/\/siemoneit.de\/"},{"@type":"ListItem","position":2,"name":"Shop","item":"https:\/\/siemoneit.de\/shop\/"},{"@type":"ListItem","position":3,"name":"Turboinlet f\u00fcr EA888 GEN.3"}]},{"@type":"WebSite","@id":"https:\/\/siemoneit.de\/#website","url":"https:\/\/siemoneit.de\/","name":"Siemoneit GmbH","description":"","publisher":{"@id":"https:\/\/siemoneit.de\/#organization"},"potentialAction":[{"@type":"SearchAction","target":{"@type":"EntryPoint","urlTemplate":"https:\/\/siemoneit.de\/?s={search_term_string}"},"query-input":{"@type":"PropertyValueSpecification","valueRequired":true,"valueName":"search_term_string"}}],"inLanguage":"de"},{"@type":"Organization","@id":"https:\/\/siemoneit.de\/#organization","name":"Siemoneit GmbH","url":"https:\/\/siemoneit.de\/","logo":{"@type":"ImageObject","inLanguage":"de","@id":"https:\/\/siemoneit.de\/#\/schema\/logo\/image\/","url":"https:\/\/siemoneit.de\/wp-content\/uploads\/2023\/04\/images-removebg-preview.png","contentUrl":"https:\/\/siemoneit.de\/wp-content\/uploads\/2023\/04\/images-removebg-preview.png","width":225,"height":225,"caption":"Siemoneit GmbH"},"image":{"@id":"https:\/\/siemoneit.de\/#\/schema\/logo\/image\/"},"sameAs":["https:\/\/www.facebook.com\/siemoneit.racing","https:\/\/www.instagram.com\/siemoneit_racing\/"]}]}},"_links":{"self":[{"href":"https:\/\/siemoneit.de\/de\/wp-json\/wp\/v2\/product\/3453","targetHints":{"allow":["GET"]}}],"collection":[{"href":"https:\/\/siemoneit.de\/de\/wp-json\/wp\/v2\/product"}],"about":[{"href":"https:\/\/siemoneit.de\/de\/wp-json\/wp\/v2\/types\/product"}],"wp:featuredmedia":[{"embeddable":true,"href":"https:\/\/siemoneit.de\/de\/wp-json\/wp\/v2\/media\/1344"}],"wp:attachment":[{"href":"https:\/\/siemoneit.de\/de\/wp-json\/wp\/v2\/media?parent=3453"}],"wp:term":[{"taxonomy":"product_brand","embeddable":true,"href":"https:\/\/siemoneit.de\/de\/wp-json\/wp\/v2\/product_brand?post=3453"},{"taxonomy":"product_cat","embeddable":true,"href":"https:\/\/siemoneit.de\/de\/wp-json\/wp\/v2\/product_cat?post=3453"},{"taxonomy":"product_tag","embeddable":true,"href":"https:\/\/siemoneit.de\/de\/wp-json\/wp\/v2\/product_tag?post=3453"}],"curies":[{"name":"wp","href":"https:\/\/api.w.org\/{rel}","templated":true}]}}