{"id":3441,"date":"2023-06-24T17:12:29","date_gmt":"2023-06-24T15:12:29","guid":{"rendered":"https:\/\/siemoneit.de\/produkt\/polo-gti-stage-3-clubsport-umbau\/"},"modified":"2023-06-24T20:14:30","modified_gmt":"2023-06-24T18:14:30","slug":"polo-gti-stage-3-clubsport-umbau","status":"publish","type":"product","link":"https:\/\/siemoneit.de\/de\/shop\/polo-gti-stage-3-clubsport-umbau\/","title":{"rendered":"Polo GTI Stage 3+ Clubsport Umbau"},"content":{"rendered":"<p>Der VW Polo GTI ist mit seinem 200 PS starken Vierzylinder schon von Haus alles andere als ein untermotorisierter Kleinwagen. Mit unserem Tuning mutiert der kleine Wolfsburger aber vollends zum angriffslustigen Giftzwerg. Wir haben zahlreiche Serienkomponenten durch Eigenentwicklungen ausgetauscht und so die Leistung auf 320 PS gehievt. Dazu installierten wir unter anderem einen gr\u00f6\u00dferen Turbolader, einen neuen Luftladek\u00fchler und \u00fcberarbeiteten das Serien-Luftleitsystem. Auf Abgasseite wurden eine Downpipe mit HJS-Euro 6-Katalysatoren verbaut, kombiniert mit der hauseigenen, klappengesteuerten Sportauspuffanlage &#8222;RipJaw&#8220;. Mit der Leistungssteigerung &#8222;Stage 3+&#8220; kommt der frontgetriebene VW Polo GTI &#8222;AW&#8220; auf 320 PS, ein maximales Drehmoment von 500 Newtonmeter und sprintet so innerhalb von 5,2 Sekunden aus dem Stand auf Tempo 100 \u2013 eine halbe Sekunde schneller als das Serienmodell. Dar\u00fcber hinaus profitiert auch die H\u00f6chstgeschwindigkeit des VW Polo GTI von den Tuningma\u00dfnahmen: Statt maximal 240 km\/h schafft der Giftzwert bis zu 256 km\/h.<\/p>\n<p>Zur Verbesserung der Stra\u00dfenlage kommt ein Clubsport-Fahrwerk aus dem Hause KW Suspensions zum Einsatz. Auch im Interieur finden sich zahlreiche Komponenten aus dem Motorsport wieder: Unter anderem sollen ein individuell von Wiechers Sport gefertigter \u00dcberrollb\u00fcgel sowie Recaro-Sportsitze und H-Gurte von Sabelt die Sicherheit der Insassen erh\u00f6hen und auch in der Schaltzentrale des Giftzwergs eine ordentliche Portion Racing-Charme verspr\u00fchen.<\/p>\n","protected":false},"excerpt":{"rendered":"<p>Der VW Polo GTI ist mit seinem 200 PS starken Vierzylinder schon von Haus alles andere als ein untermotorisierter Kleinwagen. Mit unserem Tuning mutiert der kleine Wolfsburger aber vollends zum angriffslustigen Giftzwerg. Wir haben zahlreiche Serienkomponenten durch Eigenentwicklungen ausgetauscht und so die Leistung auf 320 PS gehievt. Dazu installierten wir unter anderem einen gr\u00f6\u00dferen Turbolader, &#8230; <a title=\"Polo GTI Stage 3+ Clubsport Umbau\" class=\"read-more\" href=\"https:\/\/siemoneit.de\/de\/shop\/polo-gti-stage-3-clubsport-umbau\/\" aria-label=\"Mehr Informationen \u00fcber Polo GTI Stage 3+ Clubsport Umbau\">Weiterlesen<\/a><\/p>\n","protected":false},"featured_media":1420,"template":"","meta":{"_acf_changed":false},"product_brand":[],"product_cat":[177,175],"product_tag":[],"class_list":{"0":"post-3441","1":"product","2":"type-product","3":"status-publish","4":"has-post-thumbnail","6":"product_cat-tuning","7":"product_cat-turbokits-umbauten","9":"first","10":"instock","11":"taxable","12":"shipping-taxable","13":"product-type-simple"},"acf":[],"yoast_head":"<!-- This site is optimized with the Yoast SEO plugin v27.4 - https:\/\/yoast.com\/product\/yoast-seo-wordpress\/ -->\n<title>Polo GTI Stage 3+ Clubsport Umbau - Siemoneit GmbH<\/title>\n<meta name=\"robots\" content=\"index, follow, max-snippet:-1, max-image-preview:large, max-video-preview:-1\" \/>\n<link rel=\"canonical\" href=\"https:\/\/siemoneit.de\/de\/shop\/polo-gti-stage-3-clubsport-umbau\/\" \/>\n<meta property=\"og:locale\" content=\"de_DE\" \/>\n<meta property=\"og:type\" content=\"article\" \/>\n<meta property=\"og:title\" content=\"Polo GTI Stage 3+ Clubsport Umbau - Siemoneit GmbH\" \/>\n<meta property=\"og:description\" content=\"Der VW Polo GTI ist mit seinem 200 PS starken Vierzylinder schon von Haus alles andere als ein untermotorisierter Kleinwagen. Mit unserem Tuning mutiert der kleine Wolfsburger aber vollends zum angriffslustigen Giftzwerg. Wir haben zahlreiche Serienkomponenten durch Eigenentwicklungen ausgetauscht und so die Leistung auf 320 PS gehievt. Dazu installierten wir unter anderem einen gr\u00f6\u00dferen Turbolader, ... Weiterlesen\" \/>\n<meta property=\"og:url\" content=\"https:\/\/siemoneit.de\/de\/shop\/polo-gti-stage-3-clubsport-umbau\/\" \/>\n<meta property=\"og:site_name\" content=\"Siemoneit GmbH\" \/>\n<meta property=\"article:publisher\" content=\"https:\/\/www.facebook.com\/siemoneit.racing\" \/>\n<meta property=\"article:modified_time\" content=\"2023-06-24T18:14:30+00:00\" \/>\n<meta property=\"og:image\" content=\"https:\/\/siemoneit.de\/wp-content\/uploads\/2023\/05\/17045_17934.jpg\" \/>\n\t<meta property=\"og:image:width\" content=\"900\" \/>\n\t<meta property=\"og:image:height\" content=\"600\" \/>\n\t<meta property=\"og:image:type\" content=\"image\/jpeg\" \/>\n<meta name=\"twitter:card\" content=\"summary_large_image\" \/>\n<meta name=\"twitter:label1\" content=\"Gesch\u00e4tzte Lesezeit\" \/>\n\t<meta name=\"twitter:data1\" content=\"1\u00a0Minute\" \/>\n<script type=\"application\/ld+json\" class=\"yoast-schema-graph\">{\"@context\":\"https:\\\/\\\/schema.org\",\"@graph\":[{\"@type\":\"WebPage\",\"@id\":\"https:\\\/\\\/siemoneit.de\\\/shop\\\/polo-gti-stage-3-clubsport-umbau\\\/\",\"url\":\"https:\\\/\\\/siemoneit.de\\\/shop\\\/polo-gti-stage-3-clubsport-umbau\\\/\",\"name\":\"Polo GTI Stage 3+ Clubsport Umbau - Siemoneit GmbH\",\"isPartOf\":{\"@id\":\"https:\\\/\\\/siemoneit.de\\\/#website\"},\"primaryImageOfPage\":{\"@id\":\"https:\\\/\\\/siemoneit.de\\\/shop\\\/polo-gti-stage-3-clubsport-umbau\\\/#primaryimage\"},\"image\":{\"@id\":\"https:\\\/\\\/siemoneit.de\\\/shop\\\/polo-gti-stage-3-clubsport-umbau\\\/#primaryimage\"},\"thumbnailUrl\":\"https:\\\/\\\/siemoneit.de\\\/wp-content\\\/uploads\\\/2023\\\/05\\\/17045_17934.jpg\",\"datePublished\":\"2023-06-24T15:12:29+00:00\",\"dateModified\":\"2023-06-24T18:14:30+00:00\",\"breadcrumb\":{\"@id\":\"https:\\\/\\\/siemoneit.de\\\/shop\\\/polo-gti-stage-3-clubsport-umbau\\\/#breadcrumb\"},\"inLanguage\":\"de\",\"potentialAction\":[{\"@type\":\"ReadAction\",\"target\":[\"https:\\\/\\\/siemoneit.de\\\/shop\\\/polo-gti-stage-3-clubsport-umbau\\\/\"]}]},{\"@type\":\"ImageObject\",\"inLanguage\":\"de\",\"@id\":\"https:\\\/\\\/siemoneit.de\\\/shop\\\/polo-gti-stage-3-clubsport-umbau\\\/#primaryimage\",\"url\":\"https:\\\/\\\/siemoneit.de\\\/wp-content\\\/uploads\\\/2023\\\/05\\\/17045_17934.jpg\",\"contentUrl\":\"https:\\\/\\\/siemoneit.de\\\/wp-content\\\/uploads\\\/2023\\\/05\\\/17045_17934.jpg\",\"width\":900,\"height\":600},{\"@type\":\"BreadcrumbList\",\"@id\":\"https:\\\/\\\/siemoneit.de\\\/shop\\\/polo-gti-stage-3-clubsport-umbau\\\/#breadcrumb\",\"itemListElement\":[{\"@type\":\"ListItem\",\"position\":1,\"name\":\"Startseite\",\"item\":\"https:\\\/\\\/siemoneit.de\\\/\"},{\"@type\":\"ListItem\",\"position\":2,\"name\":\"Shop\",\"item\":\"https:\\\/\\\/siemoneit.de\\\/shop\\\/\"},{\"@type\":\"ListItem\",\"position\":3,\"name\":\"Polo GTI Stage 3+ Clubsport Umbau\"}]},{\"@type\":\"WebSite\",\"@id\":\"https:\\\/\\\/siemoneit.de\\\/#website\",\"url\":\"https:\\\/\\\/siemoneit.de\\\/\",\"name\":\"Siemoneit GmbH\",\"description\":\"\",\"publisher\":{\"@id\":\"https:\\\/\\\/siemoneit.de\\\/#organization\"},\"potentialAction\":[{\"@type\":\"SearchAction\",\"target\":{\"@type\":\"EntryPoint\",\"urlTemplate\":\"https:\\\/\\\/siemoneit.de\\\/?s={search_term_string}\"},\"query-input\":{\"@type\":\"PropertyValueSpecification\",\"valueRequired\":true,\"valueName\":\"search_term_string\"}}],\"inLanguage\":\"de\"},{\"@type\":\"Organization\",\"@id\":\"https:\\\/\\\/siemoneit.de\\\/#organization\",\"name\":\"Siemoneit GmbH\",\"url\":\"https:\\\/\\\/siemoneit.de\\\/\",\"logo\":{\"@type\":\"ImageObject\",\"inLanguage\":\"de\",\"@id\":\"https:\\\/\\\/siemoneit.de\\\/#\\\/schema\\\/logo\\\/image\\\/\",\"url\":\"https:\\\/\\\/siemoneit.de\\\/wp-content\\\/uploads\\\/2023\\\/04\\\/images-removebg-preview.png\",\"contentUrl\":\"https:\\\/\\\/siemoneit.de\\\/wp-content\\\/uploads\\\/2023\\\/04\\\/images-removebg-preview.png\",\"width\":225,\"height\":225,\"caption\":\"Siemoneit GmbH\"},\"image\":{\"@id\":\"https:\\\/\\\/siemoneit.de\\\/#\\\/schema\\\/logo\\\/image\\\/\"},\"sameAs\":[\"https:\\\/\\\/www.facebook.com\\\/siemoneit.racing\",\"https:\\\/\\\/www.instagram.com\\\/siemoneit_racing\\\/\"]}]}<\/script>\n<!-- \/ Yoast SEO plugin. -->","yoast_head_json":{"title":"Polo GTI Stage 3+ Clubsport Umbau - Siemoneit GmbH","robots":{"index":"index","follow":"follow","max-snippet":"max-snippet:-1","max-image-preview":"max-image-preview:large","max-video-preview":"max-video-preview:-1"},"canonical":"https:\/\/siemoneit.de\/de\/shop\/polo-gti-stage-3-clubsport-umbau\/","og_locale":"de_DE","og_type":"article","og_title":"Polo GTI Stage 3+ Clubsport Umbau - Siemoneit GmbH","og_description":"Der VW Polo GTI ist mit seinem 200 PS starken Vierzylinder schon von Haus alles andere als ein untermotorisierter Kleinwagen. Mit unserem Tuning mutiert der kleine Wolfsburger aber vollends zum angriffslustigen Giftzwerg. Wir haben zahlreiche Serienkomponenten durch Eigenentwicklungen ausgetauscht und so die Leistung auf 320 PS gehievt. Dazu installierten wir unter anderem einen gr\u00f6\u00dferen Turbolader, ... Weiterlesen","og_url":"https:\/\/siemoneit.de\/de\/shop\/polo-gti-stage-3-clubsport-umbau\/","og_site_name":"Siemoneit GmbH","article_publisher":"https:\/\/www.facebook.com\/siemoneit.racing","article_modified_time":"2023-06-24T18:14:30+00:00","og_image":[{"width":900,"height":600,"url":"https:\/\/siemoneit.de\/wp-content\/uploads\/2023\/05\/17045_17934.jpg","type":"image\/jpeg"}],"twitter_card":"summary_large_image","twitter_misc":{"Gesch\u00e4tzte Lesezeit":"1\u00a0Minute"},"schema":{"@context":"https:\/\/schema.org","@graph":[{"@type":"WebPage","@id":"https:\/\/siemoneit.de\/shop\/polo-gti-stage-3-clubsport-umbau\/","url":"https:\/\/siemoneit.de\/shop\/polo-gti-stage-3-clubsport-umbau\/","name":"Polo GTI Stage 3+ Clubsport Umbau - Siemoneit GmbH","isPartOf":{"@id":"https:\/\/siemoneit.de\/#website"},"primaryImageOfPage":{"@id":"https:\/\/siemoneit.de\/shop\/polo-gti-stage-3-clubsport-umbau\/#primaryimage"},"image":{"@id":"https:\/\/siemoneit.de\/shop\/polo-gti-stage-3-clubsport-umbau\/#primaryimage"},"thumbnailUrl":"https:\/\/siemoneit.de\/wp-content\/uploads\/2023\/05\/17045_17934.jpg","datePublished":"2023-06-24T15:12:29+00:00","dateModified":"2023-06-24T18:14:30+00:00","breadcrumb":{"@id":"https:\/\/siemoneit.de\/shop\/polo-gti-stage-3-clubsport-umbau\/#breadcrumb"},"inLanguage":"de","potentialAction":[{"@type":"ReadAction","target":["https:\/\/siemoneit.de\/shop\/polo-gti-stage-3-clubsport-umbau\/"]}]},{"@type":"ImageObject","inLanguage":"de","@id":"https:\/\/siemoneit.de\/shop\/polo-gti-stage-3-clubsport-umbau\/#primaryimage","url":"https:\/\/siemoneit.de\/wp-content\/uploads\/2023\/05\/17045_17934.jpg","contentUrl":"https:\/\/siemoneit.de\/wp-content\/uploads\/2023\/05\/17045_17934.jpg","width":900,"height":600},{"@type":"BreadcrumbList","@id":"https:\/\/siemoneit.de\/shop\/polo-gti-stage-3-clubsport-umbau\/#breadcrumb","itemListElement":[{"@type":"ListItem","position":1,"name":"Startseite","item":"https:\/\/siemoneit.de\/"},{"@type":"ListItem","position":2,"name":"Shop","item":"https:\/\/siemoneit.de\/shop\/"},{"@type":"ListItem","position":3,"name":"Polo GTI Stage 3+ Clubsport Umbau"}]},{"@type":"WebSite","@id":"https:\/\/siemoneit.de\/#website","url":"https:\/\/siemoneit.de\/","name":"Siemoneit GmbH","description":"","publisher":{"@id":"https:\/\/siemoneit.de\/#organization"},"potentialAction":[{"@type":"SearchAction","target":{"@type":"EntryPoint","urlTemplate":"https:\/\/siemoneit.de\/?s={search_term_string}"},"query-input":{"@type":"PropertyValueSpecification","valueRequired":true,"valueName":"search_term_string"}}],"inLanguage":"de"},{"@type":"Organization","@id":"https:\/\/siemoneit.de\/#organization","name":"Siemoneit GmbH","url":"https:\/\/siemoneit.de\/","logo":{"@type":"ImageObject","inLanguage":"de","@id":"https:\/\/siemoneit.de\/#\/schema\/logo\/image\/","url":"https:\/\/siemoneit.de\/wp-content\/uploads\/2023\/04\/images-removebg-preview.png","contentUrl":"https:\/\/siemoneit.de\/wp-content\/uploads\/2023\/04\/images-removebg-preview.png","width":225,"height":225,"caption":"Siemoneit GmbH"},"image":{"@id":"https:\/\/siemoneit.de\/#\/schema\/logo\/image\/"},"sameAs":["https:\/\/www.facebook.com\/siemoneit.racing","https:\/\/www.instagram.com\/siemoneit_racing\/"]}]}},"_links":{"self":[{"href":"https:\/\/siemoneit.de\/de\/wp-json\/wp\/v2\/product\/3441","targetHints":{"allow":["GET"]}}],"collection":[{"href":"https:\/\/siemoneit.de\/de\/wp-json\/wp\/v2\/product"}],"about":[{"href":"https:\/\/siemoneit.de\/de\/wp-json\/wp\/v2\/types\/product"}],"wp:featuredmedia":[{"embeddable":true,"href":"https:\/\/siemoneit.de\/de\/wp-json\/wp\/v2\/media\/1420"}],"wp:attachment":[{"href":"https:\/\/siemoneit.de\/de\/wp-json\/wp\/v2\/media?parent=3441"}],"wp:term":[{"taxonomy":"product_brand","embeddable":true,"href":"https:\/\/siemoneit.de\/de\/wp-json\/wp\/v2\/product_brand?post=3441"},{"taxonomy":"product_cat","embeddable":true,"href":"https:\/\/siemoneit.de\/de\/wp-json\/wp\/v2\/product_cat?post=3441"},{"taxonomy":"product_tag","embeddable":true,"href":"https:\/\/siemoneit.de\/de\/wp-json\/wp\/v2\/product_tag?post=3441"}],"curies":[{"name":"wp","href":"https:\/\/api.w.org\/{rel}","templated":true}]}}