{"id":3424,"date":"2023-06-24T17:12:26","date_gmt":"2023-06-24T15:12:26","guid":{"rendered":"https:\/\/siemoneit.de\/produkt\/wagner-competition-ladeluftkuehler-kit-vag-20-tfsi-tsi\/"},"modified":"2023-06-24T20:14:32","modified_gmt":"2023-06-24T18:14:32","slug":"wagner-competition-ladeluftkuehler-kit-vag-20-tfsi-tsi","status":"publish","type":"product","link":"https:\/\/siemoneit.de\/de\/shop\/wagner-competition-ladeluftkuehler-kit-vag-20-tfsi-tsi\/","title":{"rendered":"WAGNER Competition Ladeluftk\u00fchler Kit VAG 2,0 TFSI \/ TSI"},"content":{"rendered":"<p>Der Competition Ladeluftk\u00fchler hat folgende Netzabma\u00dfe (610mm x 440mm x 65mm \/ 17.45L) und bietet damit eine 10% gr\u00f6\u00dfere Anstr\u00f6mfl\u00e4che sowie 50% mehr Ladeluftvolumen gegen\u00fcber dem originalen Audi S3 Ladeluftk\u00fchler. Das neuentwickelte Competition-Hochleistungsnetz gew\u00e4hrt den angrenzenden Bauteilen, wie z.B. dem Wasserk\u00fchler, noch gen\u00fcgend Luftstrom und ist zudem noch sehr leicht (S3 OEM 8kg\/ WAGNERTUNING 9,2kg) . Im CAD entwickelte Freiform-Endk\u00e4sten aus Aluminiumguss f\u00fcr bestm\u00f6glichen internen Luftstrom. Der Ein- bzw. Auslass wurden vergr\u00f6\u00dfert (\u00d8 67mm), daher kommt dieses Kit mit passenden Silkonschl\u00e4uchen. Insgesamt hat dieser Ladeluftk\u00fchler weit aus weniger Gegendruck als der Serienk\u00fchler. Zus\u00e4tzlich haben alle unsere Ladeluftk\u00fchler ein Anti-Korrosions-Beschichtung mit W\u00e4rmeleiteigenschaften. Dies garantiert eine optimale K\u00fchlung mit deutlichem Leistungsanstieg. Die Montage erfolgt durch Austausch des OEM Ladeluftk\u00fchlers und ist einfach durchzuf\u00fchren. Alle unsere Produkte unterstehen einer stetigen qualitativen \u00dcberwachung. Ab jetzt mit T\u00dcV Teilegutachten f\u00fcr viele Fahrzeuge erh\u00e4ltlich.<\/p>\n<p>Das WAGNERTUNING Competition Ladeluftk\u00fchler Kit f\u00fcr den VAG 2,0TFSI \/ TSI Motor ist passend f\u00fcr folgende Fahrzeuge:<\/p>\n<p>\u0095 Audi A3 8P 1,8 TFSI 118KW\/160PS (2007-2012)<br \/>\n\u0095 Audi A3 8P 2,0 TFSI 147KW\/200PS (2005-2012)<br \/>\n\u0095 Audi S3 8P 195KW\/265PS (2006-2012)<br \/>\n\u0095 Audi TT 8J 1,8 TSI 118KW\/160PS (2008-2014)<br \/>\n\u0095 Audi TT 8J 2,0 TFSI 147-155KW\/200-211PS (2006-2014) (nicht MKB. CETA; CESA)<br \/>\n\u0095 Audi TTS 8J 200KW\/272PS (2008-2014) (nicht MKB. CETA; CESA)<\/p>\n<p>\u0095 Volkswagen Golf 5 GTI (inkl.ED 30) 147-169KW\/200-230PS (2004-2008)<br \/>\n\u0095 Volkswagen Golf 6 GTI (inkl. ED 35) (Cabrio) 155-173KW\/211-235PS (2009-2013)<br \/>\n\u0095 Volkswagen Golf 6 R (inkl. Cabrio) 199KW\/270PS (2009-2013)<br \/>\n\u0095 Volkswagen Scirocco 3 2,0 TSI 147-162KW\/200-220PS (2008-2015)<br \/>\n\u0095 Volkswagen Scirocco 3 R 195-206KW\/265-280PS (2009-2015)<br \/>\n\u0095 Volkswagen EOS 2,0 TFSI 147KW\/200PS (2006-2009)<br \/>\n\u0095 Volkswagen EOS 2,0 TFSI 155KW\/211PS (2009-2014)<br \/>\n\u0095 Volkswagen Jetta 5 2,0 TFSI 147KW\/200PS (2005-2010)<br \/>\n\u0095 Volkswagen Jetta 6 2,0 TSI 155KW\/211PS (2010-2014)<br \/>\n\u0095 Volkswagen Passat B6 1,8 TSI 118KW\/160PS (2007-2010)<br \/>\n\u0095 Volkswagen Passat B6 2,0 TSI 147KW\/200PS (2005-2010)<br \/>\n\u0095 Volkswagen Passat B7 1,8 TSI 118KW\/160PS (2010-2012)<br \/>\n\u0095 Volkswagen Passat B7 2,0 TSI 155KW\/211PS (2010-2014)<br \/>\n\u0095 Volkswagen Passat CC 1,8 TSI 118KW\/160PS (2008-2012)<br \/>\n\u0095 Volkswagen Passat CC 2,0 TFSI 147KW\/200PS (2008-2010)<br \/>\n\u0095 Volkswagen Passat CC 2,0 TSI 155KW\/211PS (2010-2014)<br \/>\n\u0095 Volkswagen Beetle 2,0 TSI 147-162KW\/200-220PS (2011-)<\/p>\n<p>\u0095 Skoda Octavia 1Z 1,8 TSI 118KW\/160PS (2008-2013)<br \/>\n\u0095 Skoda Octavia 1Z MK2 RS 147KW\/200PS (2005-2009)<br \/>\n\u0095 Skoda Octavia 1Z MK2 RS 155KW\/211PS (2009-2013)<br \/>\n\u0095 Skoda Suberb 3T 2,0 TSI 147KW\/200PS (2010-2013)<\/p>\n<p>\u0095 Seat Leon 1P 1,8 TFSI 118KW\/160PS (2009-2012)*<br \/>\n\u0095 Seat Leon 1P 2,0 TFSI 136KW\/185PS (2005-2006)*<br \/>\n\u0095 Seat Leon 1P FR 147KW\/200PS (2006-2009)*<br \/>\n\u0095 Seat Leon 1P FR 155KW\/211PS (2009-2012)*<br \/>\n\u0095 Seat Leon 1P Cupra 177KW\/241PS (2007-2011)*<br \/>\n\u0095 Seat Leon 1P Cupra R 195KW\/265PS (2009-2012)*<br \/>\n\u0095 Seat Leon 1P Copa Edition 210KW\/286PS (2008)*<br \/>\n\u0095 Seat Leon 1P Cupra R310 LE 228KW\/310PS (2009-2012)*<br \/>\n\u0095 Seat Leon 1P Cupra R310 WCE 228KW\/310PS (2009-2012)*<\/p>\n<p>* leichte Modifikationen am Fahrzeug n\u00f6tig<\/p>\n<p>Lieferumfang:<br \/>\n1 Ladeluftk\u00fchler<br \/>\n2 Silikonschl\u00e4uche<br \/>\n4 Schlauchschellen<br \/>\n1 Aluminium Adapter<br \/>\n1 Montageanleitung<br \/>\n1 T\u00dcV Teilegutachten<\/p>\n","protected":false},"excerpt":{"rendered":"<p>Der Competition Ladeluftk\u00fchler hat folgende Netzabma\u00dfe (610mm x 440mm x 65mm \/ 17.45L) und bietet damit eine 10% gr\u00f6\u00dfere Anstr\u00f6mfl\u00e4che sowie 50% mehr Ladeluftvolumen gegen\u00fcber dem originalen Audi S3 Ladeluftk\u00fchler. Das neuentwickelte Competition-Hochleistungsnetz gew\u00e4hrt den angrenzenden Bauteilen, wie z.B. dem Wasserk\u00fchler, noch gen\u00fcgend Luftstrom und ist zudem noch sehr leicht (S3 OEM 8kg\/ WAGNERTUNING 9,2kg) &#8230; <a title=\"WAGNER Competition Ladeluftk\u00fchler Kit VAG 2,0 TFSI \/ TSI\" class=\"read-more\" href=\"https:\/\/siemoneit.de\/de\/shop\/wagner-competition-ladeluftkuehler-kit-vag-20-tfsi-tsi\/\" aria-label=\"Mehr Informationen \u00fcber WAGNER Competition Ladeluftk\u00fchler Kit VAG 2,0 TFSI \/ TSI\">Weiterlesen<\/a><\/p>\n","protected":false},"featured_media":1492,"template":"","meta":{"_acf_changed":false},"product_brand":[],"product_cat":[171,177],"product_tag":[],"class_list":{"0":"post-3424","1":"product","2":"type-product","3":"status-publish","4":"has-post-thumbnail","6":"product_cat-ladeluftkuehler","7":"product_cat-tuning","9":"first","10":"instock","11":"taxable","12":"shipping-taxable","13":"product-type-simple"},"acf":[],"yoast_head":"<!-- This site is optimized with the Yoast SEO plugin v27.4 - https:\/\/yoast.com\/product\/yoast-seo-wordpress\/ -->\n<title>WAGNER Competition Ladeluftk\u00fchler Kit VAG 2,0 TFSI \/ TSI - Siemoneit GmbH<\/title>\n<meta name=\"robots\" content=\"index, follow, max-snippet:-1, max-image-preview:large, max-video-preview:-1\" \/>\n<link rel=\"canonical\" href=\"https:\/\/siemoneit.de\/de\/shop\/wagner-competition-ladeluftkuehler-kit-vag-20-tfsi-tsi\/\" \/>\n<meta property=\"og:locale\" content=\"de_DE\" \/>\n<meta property=\"og:type\" content=\"article\" \/>\n<meta property=\"og:title\" content=\"WAGNER Competition Ladeluftk\u00fchler Kit VAG 2,0 TFSI \/ TSI - Siemoneit GmbH\" \/>\n<meta property=\"og:description\" content=\"Der Competition Ladeluftk\u00fchler hat folgende Netzabma\u00dfe (610mm x 440mm x 65mm \/ 17.45L) und bietet damit eine 10% gr\u00f6\u00dfere Anstr\u00f6mfl\u00e4che sowie 50% mehr Ladeluftvolumen gegen\u00fcber dem originalen Audi S3 Ladeluftk\u00fchler. Das neuentwickelte Competition-Hochleistungsnetz gew\u00e4hrt den angrenzenden Bauteilen, wie z.B. dem Wasserk\u00fchler, noch gen\u00fcgend Luftstrom und ist zudem noch sehr leicht (S3 OEM 8kg\/ WAGNERTUNING 9,2kg) ... Weiterlesen\" \/>\n<meta property=\"og:url\" content=\"https:\/\/siemoneit.de\/de\/shop\/wagner-competition-ladeluftkuehler-kit-vag-20-tfsi-tsi\/\" \/>\n<meta property=\"og:site_name\" content=\"Siemoneit GmbH\" \/>\n<meta property=\"article:publisher\" content=\"https:\/\/www.facebook.com\/siemoneit.racing\" \/>\n<meta property=\"article:modified_time\" content=\"2023-06-24T18:14:32+00:00\" \/>\n<meta property=\"og:image\" content=\"https:\/\/siemoneit.de\/wp-content\/uploads\/2023\/05\/9472_67361.jpeg\" \/>\n\t<meta property=\"og:image:width\" content=\"600\" \/>\n\t<meta property=\"og:image:height\" content=\"400\" \/>\n\t<meta property=\"og:image:type\" content=\"image\/jpeg\" \/>\n<meta name=\"twitter:card\" content=\"summary_large_image\" \/>\n<meta name=\"twitter:label1\" content=\"Gesch\u00e4tzte Lesezeit\" \/>\n\t<meta name=\"twitter:data1\" content=\"2\u00a0Minuten\" \/>\n<script type=\"application\/ld+json\" class=\"yoast-schema-graph\">{\"@context\":\"https:\\\/\\\/schema.org\",\"@graph\":[{\"@type\":\"WebPage\",\"@id\":\"https:\\\/\\\/siemoneit.de\\\/shop\\\/wagner-competition-ladeluftkuehler-kit-vag-20-tfsi-tsi\\\/\",\"url\":\"https:\\\/\\\/siemoneit.de\\\/shop\\\/wagner-competition-ladeluftkuehler-kit-vag-20-tfsi-tsi\\\/\",\"name\":\"WAGNER Competition Ladeluftk\u00fchler Kit VAG 2,0 TFSI \\\/ TSI - Siemoneit GmbH\",\"isPartOf\":{\"@id\":\"https:\\\/\\\/siemoneit.de\\\/#website\"},\"primaryImageOfPage\":{\"@id\":\"https:\\\/\\\/siemoneit.de\\\/shop\\\/wagner-competition-ladeluftkuehler-kit-vag-20-tfsi-tsi\\\/#primaryimage\"},\"image\":{\"@id\":\"https:\\\/\\\/siemoneit.de\\\/shop\\\/wagner-competition-ladeluftkuehler-kit-vag-20-tfsi-tsi\\\/#primaryimage\"},\"thumbnailUrl\":\"https:\\\/\\\/siemoneit.de\\\/wp-content\\\/uploads\\\/2023\\\/05\\\/9472_67361.jpeg\",\"datePublished\":\"2023-06-24T15:12:26+00:00\",\"dateModified\":\"2023-06-24T18:14:32+00:00\",\"breadcrumb\":{\"@id\":\"https:\\\/\\\/siemoneit.de\\\/shop\\\/wagner-competition-ladeluftkuehler-kit-vag-20-tfsi-tsi\\\/#breadcrumb\"},\"inLanguage\":\"de\",\"potentialAction\":[{\"@type\":\"ReadAction\",\"target\":[\"https:\\\/\\\/siemoneit.de\\\/shop\\\/wagner-competition-ladeluftkuehler-kit-vag-20-tfsi-tsi\\\/\"]}]},{\"@type\":\"ImageObject\",\"inLanguage\":\"de\",\"@id\":\"https:\\\/\\\/siemoneit.de\\\/shop\\\/wagner-competition-ladeluftkuehler-kit-vag-20-tfsi-tsi\\\/#primaryimage\",\"url\":\"https:\\\/\\\/siemoneit.de\\\/wp-content\\\/uploads\\\/2023\\\/05\\\/9472_67361.jpeg\",\"contentUrl\":\"https:\\\/\\\/siemoneit.de\\\/wp-content\\\/uploads\\\/2023\\\/05\\\/9472_67361.jpeg\",\"width\":600,\"height\":400},{\"@type\":\"BreadcrumbList\",\"@id\":\"https:\\\/\\\/siemoneit.de\\\/shop\\\/wagner-competition-ladeluftkuehler-kit-vag-20-tfsi-tsi\\\/#breadcrumb\",\"itemListElement\":[{\"@type\":\"ListItem\",\"position\":1,\"name\":\"Startseite\",\"item\":\"https:\\\/\\\/siemoneit.de\\\/\"},{\"@type\":\"ListItem\",\"position\":2,\"name\":\"Shop\",\"item\":\"https:\\\/\\\/siemoneit.de\\\/shop\\\/\"},{\"@type\":\"ListItem\",\"position\":3,\"name\":\"WAGNER Competition Ladeluftk\u00fchler Kit VAG 2,0 TFSI \\\/ TSI\"}]},{\"@type\":\"WebSite\",\"@id\":\"https:\\\/\\\/siemoneit.de\\\/#website\",\"url\":\"https:\\\/\\\/siemoneit.de\\\/\",\"name\":\"Siemoneit GmbH\",\"description\":\"\",\"publisher\":{\"@id\":\"https:\\\/\\\/siemoneit.de\\\/#organization\"},\"potentialAction\":[{\"@type\":\"SearchAction\",\"target\":{\"@type\":\"EntryPoint\",\"urlTemplate\":\"https:\\\/\\\/siemoneit.de\\\/?s={search_term_string}\"},\"query-input\":{\"@type\":\"PropertyValueSpecification\",\"valueRequired\":true,\"valueName\":\"search_term_string\"}}],\"inLanguage\":\"de\"},{\"@type\":\"Organization\",\"@id\":\"https:\\\/\\\/siemoneit.de\\\/#organization\",\"name\":\"Siemoneit GmbH\",\"url\":\"https:\\\/\\\/siemoneit.de\\\/\",\"logo\":{\"@type\":\"ImageObject\",\"inLanguage\":\"de\",\"@id\":\"https:\\\/\\\/siemoneit.de\\\/#\\\/schema\\\/logo\\\/image\\\/\",\"url\":\"https:\\\/\\\/siemoneit.de\\\/wp-content\\\/uploads\\\/2023\\\/04\\\/images-removebg-preview.png\",\"contentUrl\":\"https:\\\/\\\/siemoneit.de\\\/wp-content\\\/uploads\\\/2023\\\/04\\\/images-removebg-preview.png\",\"width\":225,\"height\":225,\"caption\":\"Siemoneit GmbH\"},\"image\":{\"@id\":\"https:\\\/\\\/siemoneit.de\\\/#\\\/schema\\\/logo\\\/image\\\/\"},\"sameAs\":[\"https:\\\/\\\/www.facebook.com\\\/siemoneit.racing\",\"https:\\\/\\\/www.instagram.com\\\/siemoneit_racing\\\/\"]}]}<\/script>\n<!-- \/ Yoast SEO plugin. -->","yoast_head_json":{"title":"WAGNER Competition Ladeluftk\u00fchler Kit VAG 2,0 TFSI \/ TSI - Siemoneit GmbH","robots":{"index":"index","follow":"follow","max-snippet":"max-snippet:-1","max-image-preview":"max-image-preview:large","max-video-preview":"max-video-preview:-1"},"canonical":"https:\/\/siemoneit.de\/de\/shop\/wagner-competition-ladeluftkuehler-kit-vag-20-tfsi-tsi\/","og_locale":"de_DE","og_type":"article","og_title":"WAGNER Competition Ladeluftk\u00fchler Kit VAG 2,0 TFSI \/ TSI - Siemoneit GmbH","og_description":"Der Competition Ladeluftk\u00fchler hat folgende Netzabma\u00dfe (610mm x 440mm x 65mm \/ 17.45L) und bietet damit eine 10% gr\u00f6\u00dfere Anstr\u00f6mfl\u00e4che sowie 50% mehr Ladeluftvolumen gegen\u00fcber dem originalen Audi S3 Ladeluftk\u00fchler. Das neuentwickelte Competition-Hochleistungsnetz gew\u00e4hrt den angrenzenden Bauteilen, wie z.B. dem Wasserk\u00fchler, noch gen\u00fcgend Luftstrom und ist zudem noch sehr leicht (S3 OEM 8kg\/ WAGNERTUNING 9,2kg) ... Weiterlesen","og_url":"https:\/\/siemoneit.de\/de\/shop\/wagner-competition-ladeluftkuehler-kit-vag-20-tfsi-tsi\/","og_site_name":"Siemoneit GmbH","article_publisher":"https:\/\/www.facebook.com\/siemoneit.racing","article_modified_time":"2023-06-24T18:14:32+00:00","og_image":[{"width":600,"height":400,"url":"https:\/\/siemoneit.de\/wp-content\/uploads\/2023\/05\/9472_67361.jpeg","type":"image\/jpeg"}],"twitter_card":"summary_large_image","twitter_misc":{"Gesch\u00e4tzte Lesezeit":"2\u00a0Minuten"},"schema":{"@context":"https:\/\/schema.org","@graph":[{"@type":"WebPage","@id":"https:\/\/siemoneit.de\/shop\/wagner-competition-ladeluftkuehler-kit-vag-20-tfsi-tsi\/","url":"https:\/\/siemoneit.de\/shop\/wagner-competition-ladeluftkuehler-kit-vag-20-tfsi-tsi\/","name":"WAGNER Competition Ladeluftk\u00fchler Kit VAG 2,0 TFSI \/ TSI - Siemoneit GmbH","isPartOf":{"@id":"https:\/\/siemoneit.de\/#website"},"primaryImageOfPage":{"@id":"https:\/\/siemoneit.de\/shop\/wagner-competition-ladeluftkuehler-kit-vag-20-tfsi-tsi\/#primaryimage"},"image":{"@id":"https:\/\/siemoneit.de\/shop\/wagner-competition-ladeluftkuehler-kit-vag-20-tfsi-tsi\/#primaryimage"},"thumbnailUrl":"https:\/\/siemoneit.de\/wp-content\/uploads\/2023\/05\/9472_67361.jpeg","datePublished":"2023-06-24T15:12:26+00:00","dateModified":"2023-06-24T18:14:32+00:00","breadcrumb":{"@id":"https:\/\/siemoneit.de\/shop\/wagner-competition-ladeluftkuehler-kit-vag-20-tfsi-tsi\/#breadcrumb"},"inLanguage":"de","potentialAction":[{"@type":"ReadAction","target":["https:\/\/siemoneit.de\/shop\/wagner-competition-ladeluftkuehler-kit-vag-20-tfsi-tsi\/"]}]},{"@type":"ImageObject","inLanguage":"de","@id":"https:\/\/siemoneit.de\/shop\/wagner-competition-ladeluftkuehler-kit-vag-20-tfsi-tsi\/#primaryimage","url":"https:\/\/siemoneit.de\/wp-content\/uploads\/2023\/05\/9472_67361.jpeg","contentUrl":"https:\/\/siemoneit.de\/wp-content\/uploads\/2023\/05\/9472_67361.jpeg","width":600,"height":400},{"@type":"BreadcrumbList","@id":"https:\/\/siemoneit.de\/shop\/wagner-competition-ladeluftkuehler-kit-vag-20-tfsi-tsi\/#breadcrumb","itemListElement":[{"@type":"ListItem","position":1,"name":"Startseite","item":"https:\/\/siemoneit.de\/"},{"@type":"ListItem","position":2,"name":"Shop","item":"https:\/\/siemoneit.de\/shop\/"},{"@type":"ListItem","position":3,"name":"WAGNER Competition Ladeluftk\u00fchler Kit VAG 2,0 TFSI \/ TSI"}]},{"@type":"WebSite","@id":"https:\/\/siemoneit.de\/#website","url":"https:\/\/siemoneit.de\/","name":"Siemoneit GmbH","description":"","publisher":{"@id":"https:\/\/siemoneit.de\/#organization"},"potentialAction":[{"@type":"SearchAction","target":{"@type":"EntryPoint","urlTemplate":"https:\/\/siemoneit.de\/?s={search_term_string}"},"query-input":{"@type":"PropertyValueSpecification","valueRequired":true,"valueName":"search_term_string"}}],"inLanguage":"de"},{"@type":"Organization","@id":"https:\/\/siemoneit.de\/#organization","name":"Siemoneit GmbH","url":"https:\/\/siemoneit.de\/","logo":{"@type":"ImageObject","inLanguage":"de","@id":"https:\/\/siemoneit.de\/#\/schema\/logo\/image\/","url":"https:\/\/siemoneit.de\/wp-content\/uploads\/2023\/04\/images-removebg-preview.png","contentUrl":"https:\/\/siemoneit.de\/wp-content\/uploads\/2023\/04\/images-removebg-preview.png","width":225,"height":225,"caption":"Siemoneit GmbH"},"image":{"@id":"https:\/\/siemoneit.de\/#\/schema\/logo\/image\/"},"sameAs":["https:\/\/www.facebook.com\/siemoneit.racing","https:\/\/www.instagram.com\/siemoneit_racing\/"]}]}},"_links":{"self":[{"href":"https:\/\/siemoneit.de\/de\/wp-json\/wp\/v2\/product\/3424","targetHints":{"allow":["GET"]}}],"collection":[{"href":"https:\/\/siemoneit.de\/de\/wp-json\/wp\/v2\/product"}],"about":[{"href":"https:\/\/siemoneit.de\/de\/wp-json\/wp\/v2\/types\/product"}],"wp:featuredmedia":[{"embeddable":true,"href":"https:\/\/siemoneit.de\/de\/wp-json\/wp\/v2\/media\/1492"}],"wp:attachment":[{"href":"https:\/\/siemoneit.de\/de\/wp-json\/wp\/v2\/media?parent=3424"}],"wp:term":[{"taxonomy":"product_brand","embeddable":true,"href":"https:\/\/siemoneit.de\/de\/wp-json\/wp\/v2\/product_brand?post=3424"},{"taxonomy":"product_cat","embeddable":true,"href":"https:\/\/siemoneit.de\/de\/wp-json\/wp\/v2\/product_cat?post=3424"},{"taxonomy":"product_tag","embeddable":true,"href":"https:\/\/siemoneit.de\/de\/wp-json\/wp\/v2\/product_tag?post=3424"}],"curies":[{"name":"wp","href":"https:\/\/api.w.org\/{rel}","templated":true}]}}