{"id":3408,"date":"2023-06-24T17:12:24","date_gmt":"2023-06-24T15:12:24","guid":{"rendered":"https:\/\/siemoneit.de\/produkt\/gfb-dvt9301-blow-off-valve-fuer-vag-1-8t\/"},"modified":"2023-06-24T20:14:33","modified_gmt":"2023-06-24T18:14:33","slug":"gfb-dvt9301-blow-off-valve-fuer-vag-1-8t","status":"publish","type":"product","link":"https:\/\/siemoneit.de\/de\/shop\/gfb-dvt9301-blow-off-valve-fuer-vag-1-8t\/","title":{"rendered":"GFB DV+T9301 Blow Off Valve f\u00fcr VAG 1.8T"},"content":{"rendered":"<p>GFB aus Australien ist der Hersteller f\u00fcr ultimative Turbo Performance Produkte.<br \/>\nDas GFB Blow Off Ventil DV + (T9301) aus CNC gefr\u00e4stem Aluminium, hat 25mm Schlauchanschl\u00fcsse und der Vakuum Anschluss ist in 4 Positionen einstellbar.<br \/>\nDie Federvorspannung des beschichteten Aluminiumkolbens ist einstellbar, somit ist das GFB Blow Off Ventil f\u00fcr viele Fahrzeuge z.B Porsche, Audi, VW, Ford, Saab, Volvo&#8230;passend.<\/p>\n<p>Bitte fragen Sie an, ob sie es auch in ihrem Wagen verwenden k\u00f6nnen!<\/p>\n","protected":false},"excerpt":{"rendered":"<p>GFB aus Australien ist der Hersteller f\u00fcr ultimative Turbo Performance Produkte. Das GFB Blow Off Ventil DV + (T9301) aus CNC gefr\u00e4stem Aluminium, hat 25mm Schlauchanschl\u00fcsse und der Vakuum Anschluss ist in 4 Positionen einstellbar. Die Federvorspannung des beschichteten Aluminiumkolbens ist einstellbar, somit ist das GFB Blow Off Ventil f\u00fcr viele Fahrzeuge z.B Porsche, Audi, &#8230; <a title=\"GFB DV+T9301 Blow Off Valve f\u00fcr VAG 1.8T\" class=\"read-more\" href=\"https:\/\/siemoneit.de\/de\/shop\/gfb-dvt9301-blow-off-valve-fuer-vag-1-8t\/\" aria-label=\"Mehr Informationen \u00fcber GFB DV+T9301 Blow Off Valve f\u00fcr VAG 1.8T\">Weiterlesen<\/a><\/p>\n","protected":false},"featured_media":1533,"template":"","meta":{"_acf_changed":false},"product_brand":[],"product_cat":[177,176],"product_tag":[],"class_list":{"0":"post-3408","1":"product","2":"type-product","3":"status-publish","4":"has-post-thumbnail","6":"product_cat-tuning","7":"product_cat-turbozubehoer","9":"first","10":"instock","11":"taxable","12":"shipping-taxable","13":"product-type-simple"},"acf":[],"yoast_head":"<!-- This site is optimized with the Yoast SEO plugin v27.4 - https:\/\/yoast.com\/product\/yoast-seo-wordpress\/ -->\n<title>GFB DV+T9301 Blow Off Valve f\u00fcr VAG 1.8T - Siemoneit GmbH<\/title>\n<meta name=\"robots\" content=\"index, follow, max-snippet:-1, max-image-preview:large, max-video-preview:-1\" \/>\n<link rel=\"canonical\" href=\"https:\/\/siemoneit.de\/de\/shop\/gfb-dvt9301-blow-off-valve-fuer-vag-1-8t\/\" \/>\n<meta property=\"og:locale\" content=\"de_DE\" \/>\n<meta property=\"og:type\" content=\"article\" \/>\n<meta property=\"og:title\" content=\"GFB DV+T9301 Blow Off Valve f\u00fcr VAG 1.8T - Siemoneit GmbH\" \/>\n<meta property=\"og:description\" content=\"GFB aus Australien ist der Hersteller f\u00fcr ultimative Turbo Performance Produkte. Das GFB Blow Off Ventil DV + (T9301) aus CNC gefr\u00e4stem Aluminium, hat 25mm Schlauchanschl\u00fcsse und der Vakuum Anschluss ist in 4 Positionen einstellbar. Die Federvorspannung des beschichteten Aluminiumkolbens ist einstellbar, somit ist das GFB Blow Off Ventil f\u00fcr viele Fahrzeuge z.B Porsche, Audi, ... Weiterlesen\" \/>\n<meta property=\"og:url\" content=\"https:\/\/siemoneit.de\/de\/shop\/gfb-dvt9301-blow-off-valve-fuer-vag-1-8t\/\" \/>\n<meta property=\"og:site_name\" content=\"Siemoneit GmbH\" \/>\n<meta property=\"article:publisher\" content=\"https:\/\/www.facebook.com\/siemoneit.racing\" \/>\n<meta property=\"article:modified_time\" content=\"2023-06-24T18:14:33+00:00\" \/>\n<meta property=\"og:image\" content=\"https:\/\/siemoneit.de\/wp-content\/uploads\/2023\/05\/9455_64800.jpg\" \/>\n\t<meta property=\"og:image:width\" content=\"586\" \/>\n\t<meta property=\"og:image:height\" content=\"439\" \/>\n\t<meta property=\"og:image:type\" content=\"image\/jpeg\" \/>\n<meta name=\"twitter:card\" content=\"summary_large_image\" \/>\n<script type=\"application\/ld+json\" class=\"yoast-schema-graph\">{\"@context\":\"https:\\\/\\\/schema.org\",\"@graph\":[{\"@type\":\"WebPage\",\"@id\":\"https:\\\/\\\/siemoneit.de\\\/shop\\\/gfb-dvt9301-blow-off-valve-fuer-vag-1-8t\\\/\",\"url\":\"https:\\\/\\\/siemoneit.de\\\/shop\\\/gfb-dvt9301-blow-off-valve-fuer-vag-1-8t\\\/\",\"name\":\"GFB DV+T9301 Blow Off Valve f\u00fcr VAG 1.8T - Siemoneit GmbH\",\"isPartOf\":{\"@id\":\"https:\\\/\\\/siemoneit.de\\\/#website\"},\"primaryImageOfPage\":{\"@id\":\"https:\\\/\\\/siemoneit.de\\\/shop\\\/gfb-dvt9301-blow-off-valve-fuer-vag-1-8t\\\/#primaryimage\"},\"image\":{\"@id\":\"https:\\\/\\\/siemoneit.de\\\/shop\\\/gfb-dvt9301-blow-off-valve-fuer-vag-1-8t\\\/#primaryimage\"},\"thumbnailUrl\":\"https:\\\/\\\/siemoneit.de\\\/wp-content\\\/uploads\\\/2023\\\/05\\\/9455_64800.jpg\",\"datePublished\":\"2023-06-24T15:12:24+00:00\",\"dateModified\":\"2023-06-24T18:14:33+00:00\",\"breadcrumb\":{\"@id\":\"https:\\\/\\\/siemoneit.de\\\/shop\\\/gfb-dvt9301-blow-off-valve-fuer-vag-1-8t\\\/#breadcrumb\"},\"inLanguage\":\"de\",\"potentialAction\":[{\"@type\":\"ReadAction\",\"target\":[\"https:\\\/\\\/siemoneit.de\\\/shop\\\/gfb-dvt9301-blow-off-valve-fuer-vag-1-8t\\\/\"]}]},{\"@type\":\"ImageObject\",\"inLanguage\":\"de\",\"@id\":\"https:\\\/\\\/siemoneit.de\\\/shop\\\/gfb-dvt9301-blow-off-valve-fuer-vag-1-8t\\\/#primaryimage\",\"url\":\"https:\\\/\\\/siemoneit.de\\\/wp-content\\\/uploads\\\/2023\\\/05\\\/9455_64800.jpg\",\"contentUrl\":\"https:\\\/\\\/siemoneit.de\\\/wp-content\\\/uploads\\\/2023\\\/05\\\/9455_64800.jpg\",\"width\":586,\"height\":439},{\"@type\":\"BreadcrumbList\",\"@id\":\"https:\\\/\\\/siemoneit.de\\\/shop\\\/gfb-dvt9301-blow-off-valve-fuer-vag-1-8t\\\/#breadcrumb\",\"itemListElement\":[{\"@type\":\"ListItem\",\"position\":1,\"name\":\"Startseite\",\"item\":\"https:\\\/\\\/siemoneit.de\\\/\"},{\"@type\":\"ListItem\",\"position\":2,\"name\":\"Shop\",\"item\":\"https:\\\/\\\/siemoneit.de\\\/shop\\\/\"},{\"@type\":\"ListItem\",\"position\":3,\"name\":\"GFB DV+T9301 Blow Off Valve f\u00fcr VAG 1.8T\"}]},{\"@type\":\"WebSite\",\"@id\":\"https:\\\/\\\/siemoneit.de\\\/#website\",\"url\":\"https:\\\/\\\/siemoneit.de\\\/\",\"name\":\"Siemoneit GmbH\",\"description\":\"\",\"publisher\":{\"@id\":\"https:\\\/\\\/siemoneit.de\\\/#organization\"},\"potentialAction\":[{\"@type\":\"SearchAction\",\"target\":{\"@type\":\"EntryPoint\",\"urlTemplate\":\"https:\\\/\\\/siemoneit.de\\\/?s={search_term_string}\"},\"query-input\":{\"@type\":\"PropertyValueSpecification\",\"valueRequired\":true,\"valueName\":\"search_term_string\"}}],\"inLanguage\":\"de\"},{\"@type\":\"Organization\",\"@id\":\"https:\\\/\\\/siemoneit.de\\\/#organization\",\"name\":\"Siemoneit GmbH\",\"url\":\"https:\\\/\\\/siemoneit.de\\\/\",\"logo\":{\"@type\":\"ImageObject\",\"inLanguage\":\"de\",\"@id\":\"https:\\\/\\\/siemoneit.de\\\/#\\\/schema\\\/logo\\\/image\\\/\",\"url\":\"https:\\\/\\\/siemoneit.de\\\/wp-content\\\/uploads\\\/2023\\\/04\\\/images-removebg-preview.png\",\"contentUrl\":\"https:\\\/\\\/siemoneit.de\\\/wp-content\\\/uploads\\\/2023\\\/04\\\/images-removebg-preview.png\",\"width\":225,\"height\":225,\"caption\":\"Siemoneit GmbH\"},\"image\":{\"@id\":\"https:\\\/\\\/siemoneit.de\\\/#\\\/schema\\\/logo\\\/image\\\/\"},\"sameAs\":[\"https:\\\/\\\/www.facebook.com\\\/siemoneit.racing\",\"https:\\\/\\\/www.instagram.com\\\/siemoneit_racing\\\/\"]}]}<\/script>\n<!-- \/ Yoast SEO plugin. -->","yoast_head_json":{"title":"GFB DV+T9301 Blow Off Valve f\u00fcr VAG 1.8T - Siemoneit GmbH","robots":{"index":"index","follow":"follow","max-snippet":"max-snippet:-1","max-image-preview":"max-image-preview:large","max-video-preview":"max-video-preview:-1"},"canonical":"https:\/\/siemoneit.de\/de\/shop\/gfb-dvt9301-blow-off-valve-fuer-vag-1-8t\/","og_locale":"de_DE","og_type":"article","og_title":"GFB DV+T9301 Blow Off Valve f\u00fcr VAG 1.8T - Siemoneit GmbH","og_description":"GFB aus Australien ist der Hersteller f\u00fcr ultimative Turbo Performance Produkte. Das GFB Blow Off Ventil DV + (T9301) aus CNC gefr\u00e4stem Aluminium, hat 25mm Schlauchanschl\u00fcsse und der Vakuum Anschluss ist in 4 Positionen einstellbar. Die Federvorspannung des beschichteten Aluminiumkolbens ist einstellbar, somit ist das GFB Blow Off Ventil f\u00fcr viele Fahrzeuge z.B Porsche, Audi, ... Weiterlesen","og_url":"https:\/\/siemoneit.de\/de\/shop\/gfb-dvt9301-blow-off-valve-fuer-vag-1-8t\/","og_site_name":"Siemoneit GmbH","article_publisher":"https:\/\/www.facebook.com\/siemoneit.racing","article_modified_time":"2023-06-24T18:14:33+00:00","og_image":[{"width":586,"height":439,"url":"https:\/\/siemoneit.de\/wp-content\/uploads\/2023\/05\/9455_64800.jpg","type":"image\/jpeg"}],"twitter_card":"summary_large_image","schema":{"@context":"https:\/\/schema.org","@graph":[{"@type":"WebPage","@id":"https:\/\/siemoneit.de\/shop\/gfb-dvt9301-blow-off-valve-fuer-vag-1-8t\/","url":"https:\/\/siemoneit.de\/shop\/gfb-dvt9301-blow-off-valve-fuer-vag-1-8t\/","name":"GFB DV+T9301 Blow Off Valve f\u00fcr VAG 1.8T - Siemoneit GmbH","isPartOf":{"@id":"https:\/\/siemoneit.de\/#website"},"primaryImageOfPage":{"@id":"https:\/\/siemoneit.de\/shop\/gfb-dvt9301-blow-off-valve-fuer-vag-1-8t\/#primaryimage"},"image":{"@id":"https:\/\/siemoneit.de\/shop\/gfb-dvt9301-blow-off-valve-fuer-vag-1-8t\/#primaryimage"},"thumbnailUrl":"https:\/\/siemoneit.de\/wp-content\/uploads\/2023\/05\/9455_64800.jpg","datePublished":"2023-06-24T15:12:24+00:00","dateModified":"2023-06-24T18:14:33+00:00","breadcrumb":{"@id":"https:\/\/siemoneit.de\/shop\/gfb-dvt9301-blow-off-valve-fuer-vag-1-8t\/#breadcrumb"},"inLanguage":"de","potentialAction":[{"@type":"ReadAction","target":["https:\/\/siemoneit.de\/shop\/gfb-dvt9301-blow-off-valve-fuer-vag-1-8t\/"]}]},{"@type":"ImageObject","inLanguage":"de","@id":"https:\/\/siemoneit.de\/shop\/gfb-dvt9301-blow-off-valve-fuer-vag-1-8t\/#primaryimage","url":"https:\/\/siemoneit.de\/wp-content\/uploads\/2023\/05\/9455_64800.jpg","contentUrl":"https:\/\/siemoneit.de\/wp-content\/uploads\/2023\/05\/9455_64800.jpg","width":586,"height":439},{"@type":"BreadcrumbList","@id":"https:\/\/siemoneit.de\/shop\/gfb-dvt9301-blow-off-valve-fuer-vag-1-8t\/#breadcrumb","itemListElement":[{"@type":"ListItem","position":1,"name":"Startseite","item":"https:\/\/siemoneit.de\/"},{"@type":"ListItem","position":2,"name":"Shop","item":"https:\/\/siemoneit.de\/shop\/"},{"@type":"ListItem","position":3,"name":"GFB DV+T9301 Blow Off Valve f\u00fcr VAG 1.8T"}]},{"@type":"WebSite","@id":"https:\/\/siemoneit.de\/#website","url":"https:\/\/siemoneit.de\/","name":"Siemoneit GmbH","description":"","publisher":{"@id":"https:\/\/siemoneit.de\/#organization"},"potentialAction":[{"@type":"SearchAction","target":{"@type":"EntryPoint","urlTemplate":"https:\/\/siemoneit.de\/?s={search_term_string}"},"query-input":{"@type":"PropertyValueSpecification","valueRequired":true,"valueName":"search_term_string"}}],"inLanguage":"de"},{"@type":"Organization","@id":"https:\/\/siemoneit.de\/#organization","name":"Siemoneit GmbH","url":"https:\/\/siemoneit.de\/","logo":{"@type":"ImageObject","inLanguage":"de","@id":"https:\/\/siemoneit.de\/#\/schema\/logo\/image\/","url":"https:\/\/siemoneit.de\/wp-content\/uploads\/2023\/04\/images-removebg-preview.png","contentUrl":"https:\/\/siemoneit.de\/wp-content\/uploads\/2023\/04\/images-removebg-preview.png","width":225,"height":225,"caption":"Siemoneit GmbH"},"image":{"@id":"https:\/\/siemoneit.de\/#\/schema\/logo\/image\/"},"sameAs":["https:\/\/www.facebook.com\/siemoneit.racing","https:\/\/www.instagram.com\/siemoneit_racing\/"]}]}},"_links":{"self":[{"href":"https:\/\/siemoneit.de\/de\/wp-json\/wp\/v2\/product\/3408","targetHints":{"allow":["GET"]}}],"collection":[{"href":"https:\/\/siemoneit.de\/de\/wp-json\/wp\/v2\/product"}],"about":[{"href":"https:\/\/siemoneit.de\/de\/wp-json\/wp\/v2\/types\/product"}],"wp:featuredmedia":[{"embeddable":true,"href":"https:\/\/siemoneit.de\/de\/wp-json\/wp\/v2\/media\/1533"}],"wp:attachment":[{"href":"https:\/\/siemoneit.de\/de\/wp-json\/wp\/v2\/media?parent=3408"}],"wp:term":[{"taxonomy":"product_brand","embeddable":true,"href":"https:\/\/siemoneit.de\/de\/wp-json\/wp\/v2\/product_brand?post=3408"},{"taxonomy":"product_cat","embeddable":true,"href":"https:\/\/siemoneit.de\/de\/wp-json\/wp\/v2\/product_cat?post=3408"},{"taxonomy":"product_tag","embeddable":true,"href":"https:\/\/siemoneit.de\/de\/wp-json\/wp\/v2\/product_tag?post=3408"}],"curies":[{"name":"wp","href":"https:\/\/api.w.org\/{rel}","templated":true}]}}