{"id":925,"date":"2023-04-28T18:40:45","date_gmt":"2023-04-28T16:40:45","guid":{"rendered":"https:\/\/siemoneit.de\/?page_id=925"},"modified":"2023-06-25T23:47:20","modified_gmt":"2023-06-25T21:47:20","slug":"qualitaet","status":"publish","type":"page","link":"https:\/\/siemoneit.de\/de\/qualitaet\/","title":{"rendered":"Qualit\u00e4t"},"content":{"rendered":"\t\t<div data-elementor-type=\"wp-page\" data-elementor-id=\"925\" class=\"elementor elementor-925\" data-elementor-post-type=\"page\">\n\t\t\t\t<div class=\"elementor-element elementor-element-34cb305 main_image e-flex e-con-boxed e-con e-parent\" data-id=\"34cb305\" data-element_type=\"container\" data-e-type=\"container\">\n\t\t\t\t\t<div class=\"e-con-inner\">\n\t\t<div class=\"elementor-element elementor-element-50bdd6e e-con-full e-flex e-con e-child\" data-id=\"50bdd6e\" data-element_type=\"container\" data-e-type=\"container\" data-settings=\"{&quot;background_background&quot;:&quot;classic&quot;}\">\n\t\t\t\t<div class=\"elementor-element elementor-element-1060a6a elementor-widget__width-inherit elementor-widget elementor-widget-heading\" data-id=\"1060a6a\" data-element_type=\"widget\" data-e-type=\"widget\" data-settings=\"{&quot;motion_fx_motion_fx_scrolling&quot;:&quot;yes&quot;,&quot;motion_fx_devices&quot;:[&quot;desktop&quot;,&quot;tablet&quot;,&quot;mobile&quot;]}\" data-widget_type=\"heading.default\">\n\t\t\t\t<div class=\"elementor-widget-container\">\n\t\t\t\t\t<h1 class=\"elementor-heading-title elementor-size-default\">Tuningqualit\u00e4t<\/h1>\t\t\t\t<\/div>\n\t\t\t\t<\/div>\n\t\t\t\t<\/div>\n\t\t\t\t\t<\/div>\n\t\t\t\t<\/div>\n\t\t<div class=\"elementor-element elementor-element-7bd6d14 e-flex e-con-boxed e-con e-parent\" data-id=\"7bd6d14\" data-element_type=\"container\" data-e-type=\"container\" data-settings=\"{&quot;background_background&quot;:&quot;classic&quot;}\">\n\t\t\t\t\t<div class=\"e-con-inner\">\n\t\t<div class=\"elementor-element elementor-element-0a0c6b3 e-transform e-flex e-con-boxed e-con e-child\" data-id=\"0a0c6b3\" data-element_type=\"container\" data-e-type=\"container\" data-settings=\"{&quot;_transform_translateX_effect&quot;:{&quot;unit&quot;:&quot;px&quot;,&quot;size&quot;:&quot;&quot;,&quot;sizes&quot;:[]},&quot;_transform_translateX_effect_tablet&quot;:{&quot;unit&quot;:&quot;px&quot;,&quot;size&quot;:&quot;&quot;,&quot;sizes&quot;:[]},&quot;_transform_translateX_effect_mobile&quot;:{&quot;unit&quot;:&quot;px&quot;,&quot;size&quot;:&quot;&quot;,&quot;sizes&quot;:[]},&quot;_transform_translateY_effect&quot;:{&quot;unit&quot;:&quot;px&quot;,&quot;size&quot;:&quot;&quot;,&quot;sizes&quot;:[]},&quot;_transform_translateY_effect_tablet&quot;:{&quot;unit&quot;:&quot;px&quot;,&quot;size&quot;:&quot;&quot;,&quot;sizes&quot;:[]},&quot;_transform_translateY_effect_mobile&quot;:{&quot;unit&quot;:&quot;px&quot;,&quot;size&quot;:&quot;&quot;,&quot;sizes&quot;:[]}}\">\n\t\t\t\t\t<div class=\"e-con-inner\">\n\t\t\t\t<div class=\"elementor-element elementor-element-ed5bbd5 elementor-widget__width-initial elementor-widget-mobile__width-auto elementor-widget-divider--view-line elementor-widget elementor-widget-divider\" data-id=\"ed5bbd5\" data-element_type=\"widget\" data-e-type=\"widget\" data-widget_type=\"divider.default\">\n\t\t\t\t<div class=\"elementor-widget-container\">\n\t\t\t\t\t\t\t<div class=\"elementor-divider\">\n\t\t\t<span class=\"elementor-divider-separator\">\n\t\t\t\t\t\t<\/span>\n\t\t<\/div>\n\t\t\t\t\t\t<\/div>\n\t\t\t\t<\/div>\n\t\t\t\t<div class=\"elementor-element elementor-element-868aeb2 elementor-widget__width-initial elementor-widget-mobile__width-auto elementor-widget-divider--view-line elementor-widget elementor-widget-divider\" data-id=\"868aeb2\" data-element_type=\"widget\" data-e-type=\"widget\" data-widget_type=\"divider.default\">\n\t\t\t\t<div class=\"elementor-widget-container\">\n\t\t\t\t\t\t\t<div class=\"elementor-divider\">\n\t\t\t<span class=\"elementor-divider-separator\">\n\t\t\t\t\t\t<\/span>\n\t\t<\/div>\n\t\t\t\t\t\t<\/div>\n\t\t\t\t<\/div>\n\t\t\t\t<div class=\"elementor-element elementor-element-e917d27 elementor-widget__width-auto elementor-widget-mobile__width-inherit elementor-widget elementor-widget-heading\" data-id=\"e917d27\" data-element_type=\"widget\" data-e-type=\"widget\" data-widget_type=\"heading.default\">\n\t\t\t\t<div class=\"elementor-widget-container\">\n\t\t\t\t\t<h2 class=\"elementor-heading-title elementor-size-default\">TUNING - STRICTLY MADE IN GERMANY<\/h2>\t\t\t\t<\/div>\n\t\t\t\t<\/div>\n\t\t\t\t<div class=\"elementor-element elementor-element-0f482c1 elementor-widget__width-inherit elementor-widget elementor-widget-text-editor\" data-id=\"0f482c1\" data-element_type=\"widget\" data-e-type=\"widget\" data-widget_type=\"text-editor.default\">\n\t\t\t\t<div class=\"elementor-widget-container\">\n\t\t\t\t\t\t\t\t\t<div>Die Vergangenheit hat gezeigt, dass unsere Produkte auf dem Markt sehr gro\u00dfes Ansehen und einen ausgezeichneten Status haben. Dies liegt daran, das wir alle unsere Hardwareprodukte von streng ausgew\u00e4hlten Partnern der Automotivbranche in Deutschland und nur in Deutschland herstellen lassen. Wir greifen bei unseren Produkten nicht auf asiatische Unternehmen zur\u00fcck um unseren Gewinn zu maximieren, sondern arbeiten mit ma\u00dfgeblich mit zertifizierten Profis zusammen. Dadurch erreichen unsere Produkte von vorne herein einen un\u00fcbertrefflichen Qualit\u00e4tsstandard.<\/div><div>\u00a0<\/div><div>Deutsche Unternehmen kennen alle Richtlinien und Normen, die f\u00fcr Sicherheit und Haltbarkeit erforderlich sind. Ebenso ist diesen bekannt welche Gesetze und Ma\u00dfgaben der T\u00dcV hat. Kalkulatorisch macht es keinen Sinn ein billiges Plagiat oder ein schlechtes Produkt ohne Richtlinien einzukaufen. Gr\u00f6\u00dftenteils ist es zwar so da\u00df anfangs in der Anschaffung die Kosten niedriger sind &#8211; schnell aber explodieren dann die Kosten f\u00fcr Anpassungsarbeiten und Nachbesserungen \/ Reklamationen. Unsere ISO-Verifizierung, die wir alle zwei Jahre erneuern lassen, stellt gleichbleibende Qualit\u00e4t durch ein gesetzlich gepr\u00fcftes Qualit\u00e4tsmanagement sicher.<\/div>\t\t\t\t\t\t\t\t<\/div>\n\t\t\t\t<\/div>\n\t\t\t\t<div class=\"elementor-element elementor-element-fbdb326 elementor-widget__width-inherit elementor-widget elementor-widget-image\" data-id=\"fbdb326\" data-element_type=\"widget\" data-e-type=\"widget\" data-widget_type=\"image.default\">\n\t\t\t\t<div class=\"elementor-widget-container\">\n\t\t\t\t\t\t\t\t\t\t\t\t\t\t\t<img decoding=\"async\" width=\"1024\" height=\"293\" src=\"https:\/\/siemoneit.de\/wp-content\/uploads\/2023\/04\/made-in-germany-600-RGB-1024x293.jpg\" class=\"attachment-large size-large wp-image-274\" alt=\"\" srcset=\"https:\/\/siemoneit.de\/wp-content\/uploads\/2023\/04\/made-in-germany-600-RGB-1024x293.jpg 1024w, https:\/\/siemoneit.de\/wp-content\/uploads\/2023\/04\/made-in-germany-600-RGB-scaled-600x172.jpg 600w, https:\/\/siemoneit.de\/wp-content\/uploads\/2023\/04\/made-in-germany-600-RGB-300x86.jpg 300w, https:\/\/siemoneit.de\/wp-content\/uploads\/2023\/04\/made-in-germany-600-RGB-768x220.jpg 768w, https:\/\/siemoneit.de\/wp-content\/uploads\/2023\/04\/made-in-germany-600-RGB-1536x439.jpg 1536w, https:\/\/siemoneit.de\/wp-content\/uploads\/2023\/04\/made-in-germany-600-RGB-scaled.jpg 2048w, https:\/\/siemoneit.de\/wp-content\/uploads\/2023\/04\/made-in-germany-600-RGB-260x74.jpg 260w, https:\/\/siemoneit.de\/wp-content\/uploads\/2023\/04\/made-in-germany-600-RGB-50x14.jpg 50w, https:\/\/siemoneit.de\/wp-content\/uploads\/2023\/04\/made-in-germany-600-RGB-150x43.jpg 150w\" sizes=\"(max-width: 1024px) 100vw, 1024px\" \/>\t\t\t\t\t\t\t\t\t\t\t\t\t\t\t<\/div>\n\t\t\t\t<\/div>\n\t\t\t\t\t<\/div>\n\t\t\t\t<\/div>\n\t\t\t\t\t<\/div>\n\t\t\t\t<\/div>\n\t\t\t\t<\/div>\n\t\t","protected":false},"excerpt":{"rendered":"<p>Tuningqualit\u00e4t TUNING &#8211; STRICTLY MADE IN GERMANY Die Vergangenheit hat gezeigt, dass unsere Produkte auf dem Markt sehr gro\u00dfes Ansehen und einen ausgezeichneten Status haben. Dies liegt daran, das wir alle unsere Hardwareprodukte von streng ausgew\u00e4hlten Partnern der Automotivbranche in Deutschland und nur in Deutschland herstellen lassen. Wir greifen bei unseren Produkten nicht auf asiatische &#8230; <a title=\"Qualit\u00e4t\" class=\"read-more\" href=\"https:\/\/siemoneit.de\/de\/qualitaet\/\" aria-label=\"Mehr Informationen \u00fcber Qualit\u00e4t\">Weiterlesen<\/a><\/p>\n","protected":false},"author":1,"featured_media":0,"parent":0,"menu_order":0,"comment_status":"closed","ping_status":"closed","template":"","meta":{"_acf_changed":false,"footnotes":""},"class_list":["post-925","page","type-page","status-publish"],"acf":[],"yoast_head":"<!-- This site is optimized with the Yoast SEO plugin v27.4 - https:\/\/yoast.com\/product\/yoast-seo-wordpress\/ -->\n<title>Qualit\u00e4t - Siemoneit GmbH<\/title>\n<meta name=\"robots\" content=\"index, follow, max-snippet:-1, max-image-preview:large, max-video-preview:-1\" \/>\n<link rel=\"canonical\" href=\"https:\/\/siemoneit.de\/de\/qualitaet\/\" \/>\n<meta property=\"og:locale\" content=\"de_DE\" \/>\n<meta property=\"og:type\" content=\"article\" \/>\n<meta property=\"og:title\" content=\"Qualit\u00e4t - Siemoneit GmbH\" \/>\n<meta property=\"og:description\" content=\"Tuningqualit\u00e4t TUNING &#8211; STRICTLY MADE IN GERMANY Die Vergangenheit hat gezeigt, dass unsere Produkte auf dem Markt sehr gro\u00dfes Ansehen und einen ausgezeichneten Status haben. Dies liegt daran, das wir alle unsere Hardwareprodukte von streng ausgew\u00e4hlten Partnern der Automotivbranche in Deutschland und nur in Deutschland herstellen lassen. Wir greifen bei unseren Produkten nicht auf asiatische ... Weiterlesen\" \/>\n<meta property=\"og:url\" content=\"https:\/\/siemoneit.de\/de\/qualitaet\/\" \/>\n<meta property=\"og:site_name\" content=\"Siemoneit GmbH\" \/>\n<meta property=\"article:publisher\" content=\"https:\/\/www.facebook.com\/siemoneit.racing\" \/>\n<meta property=\"article:modified_time\" content=\"2023-06-25T21:47:20+00:00\" \/>\n<meta property=\"og:image\" content=\"https:\/\/siemoneit.de\/wp-content\/uploads\/2023\/04\/made-in-germany-600-RGB-1024x293.jpg\" \/>\n<meta name=\"twitter:card\" content=\"summary_large_image\" \/>\n<meta name=\"twitter:label1\" content=\"Gesch\u00e4tzte Lesezeit\" \/>\n\t<meta name=\"twitter:data1\" content=\"2\u00a0Minuten\" \/>\n<script type=\"application\/ld+json\" class=\"yoast-schema-graph\">{\"@context\":\"https:\\\/\\\/schema.org\",\"@graph\":[{\"@type\":\"WebPage\",\"@id\":\"https:\\\/\\\/siemoneit.de\\\/qualitaet\\\/\",\"url\":\"https:\\\/\\\/siemoneit.de\\\/qualitaet\\\/\",\"name\":\"Qualit\u00e4t - Siemoneit GmbH\",\"isPartOf\":{\"@id\":\"https:\\\/\\\/siemoneit.de\\\/#website\"},\"primaryImageOfPage\":{\"@id\":\"https:\\\/\\\/siemoneit.de\\\/qualitaet\\\/#primaryimage\"},\"image\":{\"@id\":\"https:\\\/\\\/siemoneit.de\\\/qualitaet\\\/#primaryimage\"},\"thumbnailUrl\":\"https:\\\/\\\/siemoneit.de\\\/wp-content\\\/uploads\\\/2023\\\/04\\\/made-in-germany-600-RGB-1024x293.jpg\",\"datePublished\":\"2023-04-28T16:40:45+00:00\",\"dateModified\":\"2023-06-25T21:47:20+00:00\",\"breadcrumb\":{\"@id\":\"https:\\\/\\\/siemoneit.de\\\/qualitaet\\\/#breadcrumb\"},\"inLanguage\":\"de\",\"potentialAction\":[{\"@type\":\"ReadAction\",\"target\":[\"https:\\\/\\\/siemoneit.de\\\/qualitaet\\\/\"]}]},{\"@type\":\"ImageObject\",\"inLanguage\":\"de\",\"@id\":\"https:\\\/\\\/siemoneit.de\\\/qualitaet\\\/#primaryimage\",\"url\":\"https:\\\/\\\/siemoneit.de\\\/wp-content\\\/uploads\\\/2023\\\/04\\\/made-in-germany-600-RGB-1024x293.jpg\",\"contentUrl\":\"https:\\\/\\\/siemoneit.de\\\/wp-content\\\/uploads\\\/2023\\\/04\\\/made-in-germany-600-RGB-1024x293.jpg\"},{\"@type\":\"BreadcrumbList\",\"@id\":\"https:\\\/\\\/siemoneit.de\\\/qualitaet\\\/#breadcrumb\",\"itemListElement\":[{\"@type\":\"ListItem\",\"position\":1,\"name\":\"Startseite\",\"item\":\"https:\\\/\\\/siemoneit.de\\\/\"},{\"@type\":\"ListItem\",\"position\":2,\"name\":\"Qualit\u00e4t\"}]},{\"@type\":\"WebSite\",\"@id\":\"https:\\\/\\\/siemoneit.de\\\/#website\",\"url\":\"https:\\\/\\\/siemoneit.de\\\/\",\"name\":\"Siemoneit GmbH\",\"description\":\"\",\"publisher\":{\"@id\":\"https:\\\/\\\/siemoneit.de\\\/#organization\"},\"potentialAction\":[{\"@type\":\"SearchAction\",\"target\":{\"@type\":\"EntryPoint\",\"urlTemplate\":\"https:\\\/\\\/siemoneit.de\\\/?s={search_term_string}\"},\"query-input\":{\"@type\":\"PropertyValueSpecification\",\"valueRequired\":true,\"valueName\":\"search_term_string\"}}],\"inLanguage\":\"de\"},{\"@type\":\"Organization\",\"@id\":\"https:\\\/\\\/siemoneit.de\\\/#organization\",\"name\":\"Siemoneit GmbH\",\"url\":\"https:\\\/\\\/siemoneit.de\\\/\",\"logo\":{\"@type\":\"ImageObject\",\"inLanguage\":\"de\",\"@id\":\"https:\\\/\\\/siemoneit.de\\\/#\\\/schema\\\/logo\\\/image\\\/\",\"url\":\"https:\\\/\\\/siemoneit.de\\\/wp-content\\\/uploads\\\/2023\\\/04\\\/images-removebg-preview.png\",\"contentUrl\":\"https:\\\/\\\/siemoneit.de\\\/wp-content\\\/uploads\\\/2023\\\/04\\\/images-removebg-preview.png\",\"width\":225,\"height\":225,\"caption\":\"Siemoneit GmbH\"},\"image\":{\"@id\":\"https:\\\/\\\/siemoneit.de\\\/#\\\/schema\\\/logo\\\/image\\\/\"},\"sameAs\":[\"https:\\\/\\\/www.facebook.com\\\/siemoneit.racing\",\"https:\\\/\\\/www.instagram.com\\\/siemoneit_racing\\\/\"]}]}<\/script>\n<!-- \/ Yoast SEO plugin. -->","yoast_head_json":{"title":"Qualit\u00e4t - Siemoneit GmbH","robots":{"index":"index","follow":"follow","max-snippet":"max-snippet:-1","max-image-preview":"max-image-preview:large","max-video-preview":"max-video-preview:-1"},"canonical":"https:\/\/siemoneit.de\/de\/qualitaet\/","og_locale":"de_DE","og_type":"article","og_title":"Qualit\u00e4t - Siemoneit GmbH","og_description":"Tuningqualit\u00e4t TUNING &#8211; STRICTLY MADE IN GERMANY Die Vergangenheit hat gezeigt, dass unsere Produkte auf dem Markt sehr gro\u00dfes Ansehen und einen ausgezeichneten Status haben. Dies liegt daran, das wir alle unsere Hardwareprodukte von streng ausgew\u00e4hlten Partnern der Automotivbranche in Deutschland und nur in Deutschland herstellen lassen. Wir greifen bei unseren Produkten nicht auf asiatische ... Weiterlesen","og_url":"https:\/\/siemoneit.de\/de\/qualitaet\/","og_site_name":"Siemoneit GmbH","article_publisher":"https:\/\/www.facebook.com\/siemoneit.racing","article_modified_time":"2023-06-25T21:47:20+00:00","og_image":[{"url":"https:\/\/siemoneit.de\/wp-content\/uploads\/2023\/04\/made-in-germany-600-RGB-1024x293.jpg","type":"","width":"","height":""}],"twitter_card":"summary_large_image","twitter_misc":{"Gesch\u00e4tzte Lesezeit":"2\u00a0Minuten"},"schema":{"@context":"https:\/\/schema.org","@graph":[{"@type":"WebPage","@id":"https:\/\/siemoneit.de\/qualitaet\/","url":"https:\/\/siemoneit.de\/qualitaet\/","name":"Qualit\u00e4t - Siemoneit GmbH","isPartOf":{"@id":"https:\/\/siemoneit.de\/#website"},"primaryImageOfPage":{"@id":"https:\/\/siemoneit.de\/qualitaet\/#primaryimage"},"image":{"@id":"https:\/\/siemoneit.de\/qualitaet\/#primaryimage"},"thumbnailUrl":"https:\/\/siemoneit.de\/wp-content\/uploads\/2023\/04\/made-in-germany-600-RGB-1024x293.jpg","datePublished":"2023-04-28T16:40:45+00:00","dateModified":"2023-06-25T21:47:20+00:00","breadcrumb":{"@id":"https:\/\/siemoneit.de\/qualitaet\/#breadcrumb"},"inLanguage":"de","potentialAction":[{"@type":"ReadAction","target":["https:\/\/siemoneit.de\/qualitaet\/"]}]},{"@type":"ImageObject","inLanguage":"de","@id":"https:\/\/siemoneit.de\/qualitaet\/#primaryimage","url":"https:\/\/siemoneit.de\/wp-content\/uploads\/2023\/04\/made-in-germany-600-RGB-1024x293.jpg","contentUrl":"https:\/\/siemoneit.de\/wp-content\/uploads\/2023\/04\/made-in-germany-600-RGB-1024x293.jpg"},{"@type":"BreadcrumbList","@id":"https:\/\/siemoneit.de\/qualitaet\/#breadcrumb","itemListElement":[{"@type":"ListItem","position":1,"name":"Startseite","item":"https:\/\/siemoneit.de\/"},{"@type":"ListItem","position":2,"name":"Qualit\u00e4t"}]},{"@type":"WebSite","@id":"https:\/\/siemoneit.de\/#website","url":"https:\/\/siemoneit.de\/","name":"Siemoneit GmbH","description":"","publisher":{"@id":"https:\/\/siemoneit.de\/#organization"},"potentialAction":[{"@type":"SearchAction","target":{"@type":"EntryPoint","urlTemplate":"https:\/\/siemoneit.de\/?s={search_term_string}"},"query-input":{"@type":"PropertyValueSpecification","valueRequired":true,"valueName":"search_term_string"}}],"inLanguage":"de"},{"@type":"Organization","@id":"https:\/\/siemoneit.de\/#organization","name":"Siemoneit GmbH","url":"https:\/\/siemoneit.de\/","logo":{"@type":"ImageObject","inLanguage":"de","@id":"https:\/\/siemoneit.de\/#\/schema\/logo\/image\/","url":"https:\/\/siemoneit.de\/wp-content\/uploads\/2023\/04\/images-removebg-preview.png","contentUrl":"https:\/\/siemoneit.de\/wp-content\/uploads\/2023\/04\/images-removebg-preview.png","width":225,"height":225,"caption":"Siemoneit GmbH"},"image":{"@id":"https:\/\/siemoneit.de\/#\/schema\/logo\/image\/"},"sameAs":["https:\/\/www.facebook.com\/siemoneit.racing","https:\/\/www.instagram.com\/siemoneit_racing\/"]}]}},"_links":{"self":[{"href":"https:\/\/siemoneit.de\/de\/wp-json\/wp\/v2\/pages\/925","targetHints":{"allow":["GET"]}}],"collection":[{"href":"https:\/\/siemoneit.de\/de\/wp-json\/wp\/v2\/pages"}],"about":[{"href":"https:\/\/siemoneit.de\/de\/wp-json\/wp\/v2\/types\/page"}],"author":[{"embeddable":true,"href":"https:\/\/siemoneit.de\/de\/wp-json\/wp\/v2\/users\/1"}],"replies":[{"embeddable":true,"href":"https:\/\/siemoneit.de\/de\/wp-json\/wp\/v2\/comments?post=925"}],"version-history":[{"count":0,"href":"https:\/\/siemoneit.de\/de\/wp-json\/wp\/v2\/pages\/925\/revisions"}],"wp:attachment":[{"href":"https:\/\/siemoneit.de\/de\/wp-json\/wp\/v2\/media?parent=925"}],"curies":[{"name":"wp","href":"https:\/\/api.w.org\/{rel}","templated":true}]}}