{"id":644,"date":"2023-04-05T18:43:07","date_gmt":"2023-04-05T16:43:07","guid":{"rendered":"https:\/\/siemoneit.de\/?page_id=644"},"modified":"2025-07-10T17:43:06","modified_gmt":"2025-07-10T15:43:06","slug":"testfahrzeug-gesucht","status":"publish","type":"page","link":"https:\/\/siemoneit.de\/de\/testfahrzeug-gesucht\/","title":{"rendered":"TESTFAHRZEUG GESUCHT"},"content":{"rendered":"<h2>Wir suchen ihr Auto<\/h2>\n<p>Es ist selbstverst\u00e4ndlich, dass wir nicht jedes Fahrzeug mit jedem Motor einer Plattform kaufen, beschaffen oder auf die Schnelle herbekommen k\u00f6nnen. \u00dcblicherweise haben wir hierf\u00fcr Partner, beispielsweise Autoh\u00e4user, die uns bei der Beschaffung diverser f\u00fcr uns interessanter Modelle unter die Arme greifen und uns diese zur Verf\u00fcgung stellen. So k\u00f6nnen wir sehr schnell reagieren und anschlie\u00dfend ein qualitativ hochwertiges und legales Tuning anbieten. Relativ h\u00e4ufig und unmittelbar nach der Auslieferung eines neuen Modells \/ neue Motorplattform. Um hier weiterhin up-to-date zu bleiben bieten wir nun seit 2018 die M\u00f6glichkeit unsere Kunden in der Entwicklung mit einzubinden. Oftmals will der Kunde direkt nach Einkauf des Fahrzeugs doch tunen, doch was ver\u00e4ndern und doch seiner Individualt\u00e4t freien Lauf lassen. Oder wir haben schlicht und ergreifend an einem \u00e4lteren Modell, oder noch aktuellen Modell keine Erfahrungen gesammelt und suchen deshalb dieses Fahrzeug.<\/p>\n<p>DANN KOMMEN SIE INS SPIEL!<\/p>\n<p>Wir bieten die M\u00f6glichkeit an Ihrem Fahrzeug das Tuning oder die Hardware zu entwickeln. Ihre Vorteile sind, dass Sie hierf\u00fcr keinerlei Kosten haben, nichts bezahlen m\u00fcssen und zuletzt die gleiche Garantie gew\u00e4hrleistet wird, wie bei unseren Serien. Hierbei kann es sich um Chiptuning oder um Hardware handeln. Selbstverst\u00e4ndlich liefern wir das Auto mit allen Dokumenten ab, die das Tuning legal machen, Eintragungen oder Gutachten.<\/p>\n<p>Was passiert mit Ihrem Fahrzeug?<br \/>\nKeine Angst. Oftmals lesen wir das Original aus dem Fahrzeug aus und haben damit dann die M\u00f6glichkeit die ersten Einblicke in die Elektronik zu bekommen, dann bereiten wir die Daten intern vor. Ebenso f\u00fchren wir Messungen auf dem Pr\u00fcfstand durch, die Messungen sind f\u00fcr Sie ebenfalls kostenlos und diese bekommen Sie nat\u00fcrlich in Papierform mit. Wenn es notwenig ist, dass wir das Steuerger\u00e4t beschreiben oder wenn der Prozess mehrere Tage dauert, dann stimmen wir das nat\u00fcrlich mit Ihnen pers\u00f6nlich ab. Als Gegenleistung ist das Tuning dann ebenfalls kostenlos. Bei Hardwarepromotion besprechen wir m\u00f6gliche Kosten mit Ihnen ab, grunds\u00e4tzlich versuchen wir jedoch die Kosten f\u00fcr den Kunden auf ein Mindestma\u00df zu reduzieren. Bei diesen Eingriffen handelt es sich ausschlie\u00dflich um Feinabstimmungen. Wir machen mit Ihrem Fahrzeug keine Experimente und Ihr Fahrzeug ist auch nicht unser Versuchskaninchen. Alles ist sicher und wird f\u00fcr Sie kein Risiko darstellen. Klingt das gut? Dann nehmen Sie Kontakt mit uns auf, wenn Ihr Fahrzeug hier in der Liste zu finden ist.<\/p>\n<p>Ebenso suchen wir st\u00e4ndig Fahrzeuge f\u00fcr die Entwicklung von Tuningteilen, wie z.B. Abgasanlagen.<\/p>\n<p><strong>&#8211;&gt; AKTUELL SUCHEN WIR :<\/strong><\/p>\n<p>&#8211; keine<\/p>\n","protected":false},"excerpt":{"rendered":"<p>Wir suchen ihr Auto Es ist selbstverst\u00e4ndlich, dass wir nicht jedes Fahrzeug mit jedem Motor einer Plattform kaufen, beschaffen oder auf die Schnelle herbekommen k\u00f6nnen. \u00dcblicherweise haben wir hierf\u00fcr Partner, beispielsweise Autoh\u00e4user, die uns bei der Beschaffung diverser f\u00fcr uns interessanter Modelle unter die Arme greifen und uns diese zur Verf\u00fcgung stellen. So k\u00f6nnen wir &#8230; <a title=\"TESTFAHRZEUG GESUCHT\" class=\"read-more\" href=\"https:\/\/siemoneit.de\/de\/testfahrzeug-gesucht\/\" aria-label=\"Mehr Informationen \u00fcber TESTFAHRZEUG GESUCHT\">Weiterlesen<\/a><\/p>\n","protected":false},"author":1,"featured_media":844,"parent":0,"menu_order":0,"comment_status":"closed","ping_status":"closed","template":"leistungen-template.php","meta":{"_acf_changed":false,"footnotes":""},"class_list":["post-644","page","type-page","status-publish","has-post-thumbnail"],"acf":[],"yoast_head":"<!-- This site is optimized with the Yoast SEO plugin v27.4 - https:\/\/yoast.com\/product\/yoast-seo-wordpress\/ -->\n<title>TESTFAHRZEUG GESUCHT - Siemoneit GmbH<\/title>\n<meta name=\"robots\" content=\"index, follow, max-snippet:-1, max-image-preview:large, max-video-preview:-1\" \/>\n<link rel=\"canonical\" href=\"https:\/\/siemoneit.de\/de\/testfahrzeug-gesucht\/\" \/>\n<meta property=\"og:locale\" content=\"de_DE\" \/>\n<meta property=\"og:type\" content=\"article\" \/>\n<meta property=\"og:title\" content=\"TESTFAHRZEUG GESUCHT - Siemoneit GmbH\" \/>\n<meta property=\"og:description\" content=\"Wir suchen ihr Auto Es ist selbstverst\u00e4ndlich, dass wir nicht jedes Fahrzeug mit jedem Motor einer Plattform kaufen, beschaffen oder auf die Schnelle herbekommen k\u00f6nnen. \u00dcblicherweise haben wir hierf\u00fcr Partner, beispielsweise Autoh\u00e4user, die uns bei der Beschaffung diverser f\u00fcr uns interessanter Modelle unter die Arme greifen und uns diese zur Verf\u00fcgung stellen. So k\u00f6nnen wir ... Weiterlesen\" \/>\n<meta property=\"og:url\" content=\"https:\/\/siemoneit.de\/de\/testfahrzeug-gesucht\/\" \/>\n<meta property=\"og:site_name\" content=\"Siemoneit GmbH\" \/>\n<meta property=\"article:publisher\" content=\"https:\/\/www.facebook.com\/siemoneit.racing\" \/>\n<meta property=\"article:modified_time\" content=\"2025-07-10T15:43:06+00:00\" \/>\n<meta property=\"og:image\" content=\"https:\/\/siemoneit.de\/wp-content\/uploads\/2023\/04\/1547816592909_sr_website_00020.jpg\" \/>\n\t<meta property=\"og:image:width\" content=\"1920\" \/>\n\t<meta property=\"og:image:height\" content=\"914\" \/>\n\t<meta property=\"og:image:type\" content=\"image\/jpeg\" \/>\n<meta name=\"twitter:card\" content=\"summary_large_image\" \/>\n<meta name=\"twitter:label1\" content=\"Gesch\u00e4tzte Lesezeit\" \/>\n\t<meta name=\"twitter:data1\" content=\"3\u00a0Minuten\" \/>\n<script type=\"application\/ld+json\" class=\"yoast-schema-graph\">{\"@context\":\"https:\\\/\\\/schema.org\",\"@graph\":[{\"@type\":\"WebPage\",\"@id\":\"https:\\\/\\\/siemoneit.de\\\/testfahrzeug-gesucht\\\/\",\"url\":\"https:\\\/\\\/siemoneit.de\\\/testfahrzeug-gesucht\\\/\",\"name\":\"TESTFAHRZEUG GESUCHT - Siemoneit GmbH\",\"isPartOf\":{\"@id\":\"https:\\\/\\\/siemoneit.de\\\/#website\"},\"primaryImageOfPage\":{\"@id\":\"https:\\\/\\\/siemoneit.de\\\/testfahrzeug-gesucht\\\/#primaryimage\"},\"image\":{\"@id\":\"https:\\\/\\\/siemoneit.de\\\/testfahrzeug-gesucht\\\/#primaryimage\"},\"thumbnailUrl\":\"https:\\\/\\\/siemoneit.de\\\/wp-content\\\/uploads\\\/2023\\\/04\\\/1547816592909_sr_website_00020.jpg\",\"datePublished\":\"2023-04-05T16:43:07+00:00\",\"dateModified\":\"2025-07-10T15:43:06+00:00\",\"breadcrumb\":{\"@id\":\"https:\\\/\\\/siemoneit.de\\\/testfahrzeug-gesucht\\\/#breadcrumb\"},\"inLanguage\":\"de\",\"potentialAction\":[{\"@type\":\"ReadAction\",\"target\":[\"https:\\\/\\\/siemoneit.de\\\/testfahrzeug-gesucht\\\/\"]}]},{\"@type\":\"ImageObject\",\"inLanguage\":\"de\",\"@id\":\"https:\\\/\\\/siemoneit.de\\\/testfahrzeug-gesucht\\\/#primaryimage\",\"url\":\"https:\\\/\\\/siemoneit.de\\\/wp-content\\\/uploads\\\/2023\\\/04\\\/1547816592909_sr_website_00020.jpg\",\"contentUrl\":\"https:\\\/\\\/siemoneit.de\\\/wp-content\\\/uploads\\\/2023\\\/04\\\/1547816592909_sr_website_00020.jpg\",\"width\":1920,\"height\":914},{\"@type\":\"BreadcrumbList\",\"@id\":\"https:\\\/\\\/siemoneit.de\\\/testfahrzeug-gesucht\\\/#breadcrumb\",\"itemListElement\":[{\"@type\":\"ListItem\",\"position\":1,\"name\":\"Startseite\",\"item\":\"https:\\\/\\\/siemoneit.de\\\/\"},{\"@type\":\"ListItem\",\"position\":2,\"name\":\"TESTFAHRZEUG GESUCHT\"}]},{\"@type\":\"WebSite\",\"@id\":\"https:\\\/\\\/siemoneit.de\\\/#website\",\"url\":\"https:\\\/\\\/siemoneit.de\\\/\",\"name\":\"Siemoneit GmbH\",\"description\":\"\",\"publisher\":{\"@id\":\"https:\\\/\\\/siemoneit.de\\\/#organization\"},\"potentialAction\":[{\"@type\":\"SearchAction\",\"target\":{\"@type\":\"EntryPoint\",\"urlTemplate\":\"https:\\\/\\\/siemoneit.de\\\/?s={search_term_string}\"},\"query-input\":{\"@type\":\"PropertyValueSpecification\",\"valueRequired\":true,\"valueName\":\"search_term_string\"}}],\"inLanguage\":\"de\"},{\"@type\":\"Organization\",\"@id\":\"https:\\\/\\\/siemoneit.de\\\/#organization\",\"name\":\"Siemoneit GmbH\",\"url\":\"https:\\\/\\\/siemoneit.de\\\/\",\"logo\":{\"@type\":\"ImageObject\",\"inLanguage\":\"de\",\"@id\":\"https:\\\/\\\/siemoneit.de\\\/#\\\/schema\\\/logo\\\/image\\\/\",\"url\":\"https:\\\/\\\/siemoneit.de\\\/wp-content\\\/uploads\\\/2023\\\/04\\\/images-removebg-preview.png\",\"contentUrl\":\"https:\\\/\\\/siemoneit.de\\\/wp-content\\\/uploads\\\/2023\\\/04\\\/images-removebg-preview.png\",\"width\":225,\"height\":225,\"caption\":\"Siemoneit GmbH\"},\"image\":{\"@id\":\"https:\\\/\\\/siemoneit.de\\\/#\\\/schema\\\/logo\\\/image\\\/\"},\"sameAs\":[\"https:\\\/\\\/www.facebook.com\\\/siemoneit.racing\",\"https:\\\/\\\/www.instagram.com\\\/siemoneit_racing\\\/\"]}]}<\/script>\n<!-- \/ Yoast SEO plugin. -->","yoast_head_json":{"title":"TESTFAHRZEUG GESUCHT - Siemoneit GmbH","robots":{"index":"index","follow":"follow","max-snippet":"max-snippet:-1","max-image-preview":"max-image-preview:large","max-video-preview":"max-video-preview:-1"},"canonical":"https:\/\/siemoneit.de\/de\/testfahrzeug-gesucht\/","og_locale":"de_DE","og_type":"article","og_title":"TESTFAHRZEUG GESUCHT - Siemoneit GmbH","og_description":"Wir suchen ihr Auto Es ist selbstverst\u00e4ndlich, dass wir nicht jedes Fahrzeug mit jedem Motor einer Plattform kaufen, beschaffen oder auf die Schnelle herbekommen k\u00f6nnen. \u00dcblicherweise haben wir hierf\u00fcr Partner, beispielsweise Autoh\u00e4user, die uns bei der Beschaffung diverser f\u00fcr uns interessanter Modelle unter die Arme greifen und uns diese zur Verf\u00fcgung stellen. So k\u00f6nnen wir ... Weiterlesen","og_url":"https:\/\/siemoneit.de\/de\/testfahrzeug-gesucht\/","og_site_name":"Siemoneit GmbH","article_publisher":"https:\/\/www.facebook.com\/siemoneit.racing","article_modified_time":"2025-07-10T15:43:06+00:00","og_image":[{"width":1920,"height":914,"url":"https:\/\/siemoneit.de\/wp-content\/uploads\/2023\/04\/1547816592909_sr_website_00020.jpg","type":"image\/jpeg"}],"twitter_card":"summary_large_image","twitter_misc":{"Gesch\u00e4tzte Lesezeit":"3\u00a0Minuten"},"schema":{"@context":"https:\/\/schema.org","@graph":[{"@type":"WebPage","@id":"https:\/\/siemoneit.de\/testfahrzeug-gesucht\/","url":"https:\/\/siemoneit.de\/testfahrzeug-gesucht\/","name":"TESTFAHRZEUG GESUCHT - Siemoneit GmbH","isPartOf":{"@id":"https:\/\/siemoneit.de\/#website"},"primaryImageOfPage":{"@id":"https:\/\/siemoneit.de\/testfahrzeug-gesucht\/#primaryimage"},"image":{"@id":"https:\/\/siemoneit.de\/testfahrzeug-gesucht\/#primaryimage"},"thumbnailUrl":"https:\/\/siemoneit.de\/wp-content\/uploads\/2023\/04\/1547816592909_sr_website_00020.jpg","datePublished":"2023-04-05T16:43:07+00:00","dateModified":"2025-07-10T15:43:06+00:00","breadcrumb":{"@id":"https:\/\/siemoneit.de\/testfahrzeug-gesucht\/#breadcrumb"},"inLanguage":"de","potentialAction":[{"@type":"ReadAction","target":["https:\/\/siemoneit.de\/testfahrzeug-gesucht\/"]}]},{"@type":"ImageObject","inLanguage":"de","@id":"https:\/\/siemoneit.de\/testfahrzeug-gesucht\/#primaryimage","url":"https:\/\/siemoneit.de\/wp-content\/uploads\/2023\/04\/1547816592909_sr_website_00020.jpg","contentUrl":"https:\/\/siemoneit.de\/wp-content\/uploads\/2023\/04\/1547816592909_sr_website_00020.jpg","width":1920,"height":914},{"@type":"BreadcrumbList","@id":"https:\/\/siemoneit.de\/testfahrzeug-gesucht\/#breadcrumb","itemListElement":[{"@type":"ListItem","position":1,"name":"Startseite","item":"https:\/\/siemoneit.de\/"},{"@type":"ListItem","position":2,"name":"TESTFAHRZEUG GESUCHT"}]},{"@type":"WebSite","@id":"https:\/\/siemoneit.de\/#website","url":"https:\/\/siemoneit.de\/","name":"Siemoneit GmbH","description":"","publisher":{"@id":"https:\/\/siemoneit.de\/#organization"},"potentialAction":[{"@type":"SearchAction","target":{"@type":"EntryPoint","urlTemplate":"https:\/\/siemoneit.de\/?s={search_term_string}"},"query-input":{"@type":"PropertyValueSpecification","valueRequired":true,"valueName":"search_term_string"}}],"inLanguage":"de"},{"@type":"Organization","@id":"https:\/\/siemoneit.de\/#organization","name":"Siemoneit GmbH","url":"https:\/\/siemoneit.de\/","logo":{"@type":"ImageObject","inLanguage":"de","@id":"https:\/\/siemoneit.de\/#\/schema\/logo\/image\/","url":"https:\/\/siemoneit.de\/wp-content\/uploads\/2023\/04\/images-removebg-preview.png","contentUrl":"https:\/\/siemoneit.de\/wp-content\/uploads\/2023\/04\/images-removebg-preview.png","width":225,"height":225,"caption":"Siemoneit GmbH"},"image":{"@id":"https:\/\/siemoneit.de\/#\/schema\/logo\/image\/"},"sameAs":["https:\/\/www.facebook.com\/siemoneit.racing","https:\/\/www.instagram.com\/siemoneit_racing\/"]}]}},"_links":{"self":[{"href":"https:\/\/siemoneit.de\/de\/wp-json\/wp\/v2\/pages\/644","targetHints":{"allow":["GET"]}}],"collection":[{"href":"https:\/\/siemoneit.de\/de\/wp-json\/wp\/v2\/pages"}],"about":[{"href":"https:\/\/siemoneit.de\/de\/wp-json\/wp\/v2\/types\/page"}],"author":[{"embeddable":true,"href":"https:\/\/siemoneit.de\/de\/wp-json\/wp\/v2\/users\/1"}],"replies":[{"embeddable":true,"href":"https:\/\/siemoneit.de\/de\/wp-json\/wp\/v2\/comments?post=644"}],"version-history":[{"count":2,"href":"https:\/\/siemoneit.de\/de\/wp-json\/wp\/v2\/pages\/644\/revisions"}],"predecessor-version":[{"id":6360,"href":"https:\/\/siemoneit.de\/de\/wp-json\/wp\/v2\/pages\/644\/revisions\/6360"}],"wp:featuredmedia":[{"embeddable":true,"href":"https:\/\/siemoneit.de\/de\/wp-json\/wp\/v2\/media\/844"}],"wp:attachment":[{"href":"https:\/\/siemoneit.de\/de\/wp-json\/wp\/v2\/media?parent=644"}],"curies":[{"name":"wp","href":"https:\/\/api.w.org\/{rel}","templated":true}]}}