{"id":632,"date":"2023-04-05T18:37:25","date_gmt":"2023-04-05T16:37:25","guid":{"rendered":"https:\/\/siemoneit.de\/?page_id=632"},"modified":"2025-07-10T17:40:51","modified_gmt":"2025-07-10T15:40:51","slug":"fahrwerkstechnik","status":"publish","type":"page","link":"https:\/\/siemoneit.de\/de\/fahrwerkstechnik\/","title":{"rendered":"Fahrwerkstechnik"},"content":{"rendered":"<h2>Fahrwekstechnik von KW Suspensions<\/h2>\n<p>Als KW Suspensions Sales and Service Point stehen wir Ihnen auch im Bereich der Fahrwerkstechnik als kompetenter Partner zur Seite.<\/p>\n<p>Unser Fachpersonal wurde durch KW Suspensions speziell geschult und verf\u00fcgt zus\u00e4tzlich \u00fcber die notwendige Rennsporterfahrung. Wir helfen Ihnen bei der Auswahl des richtigen Fahrwerks, passend zu Ihrem Fahrzeug und Ihren Anspr\u00fcchen. Gern montieren wir es f\u00fcr Sie und stellen es richtig ein, sodass Sie den vollen Fahrspa\u00df auf der Stra\u00dfe erleben k\u00f6nnen.<\/p>\n<p>Je nach gew\u00fcnschtem Einsatzbereich bieten wir Ihnen die Auswahl zwischen Gewindefedern und -fahrwerken mit unterschiedlichen D\u00e4mpfungsvariaten.<\/p>\n<ul>\n<li>KW Variante 1 &#8211; 4<\/li>\n<li>KW Street Comfort<\/li>\n<li>KW DDC &#8211; Dynamic Damping Control (Gewindefahrwerk mit elektronischer D\u00e4mpferregelung)<\/li>\n<li>KW HLS &#8211; Hydraulic Lift System (Liftsystem zum Anheben und Absenken von tiefergelegten Fahrzeugen)<\/li>\n<li>KW Clubsport Gewindefahrwerk<\/li>\n<li>KW Competition Gewindefahrwerk<\/li>\n<li>KW Gewindefedern<\/li>\n<\/ul>\n<p>Egal, ob f\u00fcr den knallharten Rennsporteinsatz oder den allt\u00e4glichen Stra\u00dfengebrauch, wir bieten Ihnen High-Performance-Fahrwerke f\u00fcr Sportlichkeit, mehr Fahrkomfort und Fahrzeugoptik.<\/p>\n","protected":false},"excerpt":{"rendered":"<p>Fahrwekstechnik von KW Suspensions Als KW Suspensions Sales and Service Point stehen wir Ihnen auch im Bereich der Fahrwerkstechnik als kompetenter Partner zur Seite. Unser Fachpersonal wurde durch KW Suspensions speziell geschult und verf\u00fcgt zus\u00e4tzlich \u00fcber die notwendige Rennsporterfahrung. Wir helfen Ihnen bei der Auswahl des richtigen Fahrwerks, passend zu Ihrem Fahrzeug und Ihren Anspr\u00fcchen. &#8230; <a title=\"Fahrwerkstechnik\" class=\"read-more\" href=\"https:\/\/siemoneit.de\/de\/fahrwerkstechnik\/\" aria-label=\"Mehr Informationen \u00fcber Fahrwerkstechnik\">Weiterlesen<\/a><\/p>\n","protected":false},"author":1,"featured_media":855,"parent":0,"menu_order":0,"comment_status":"closed","ping_status":"closed","template":"leistungen-template.php","meta":{"_acf_changed":false,"footnotes":""},"class_list":["post-632","page","type-page","status-publish","has-post-thumbnail"],"acf":[],"yoast_head":"<!-- This site is optimized with the Yoast SEO plugin v27.4 - https:\/\/yoast.com\/product\/yoast-seo-wordpress\/ -->\n<title>Fahrwerkstechnik - Siemoneit GmbH<\/title>\n<meta name=\"robots\" content=\"index, follow, max-snippet:-1, max-image-preview:large, max-video-preview:-1\" \/>\n<link rel=\"canonical\" href=\"https:\/\/siemoneit.de\/de\/fahrwerkstechnik\/\" \/>\n<meta property=\"og:locale\" content=\"de_DE\" \/>\n<meta property=\"og:type\" content=\"article\" \/>\n<meta property=\"og:title\" content=\"Fahrwerkstechnik - Siemoneit GmbH\" \/>\n<meta property=\"og:description\" content=\"Fahrwekstechnik von KW Suspensions Als KW Suspensions Sales and Service Point stehen wir Ihnen auch im Bereich der Fahrwerkstechnik als kompetenter Partner zur Seite. Unser Fachpersonal wurde durch KW Suspensions speziell geschult und verf\u00fcgt zus\u00e4tzlich \u00fcber die notwendige Rennsporterfahrung. Wir helfen Ihnen bei der Auswahl des richtigen Fahrwerks, passend zu Ihrem Fahrzeug und Ihren Anspr\u00fcchen. ... Weiterlesen\" \/>\n<meta property=\"og:url\" content=\"https:\/\/siemoneit.de\/de\/fahrwerkstechnik\/\" \/>\n<meta property=\"og:site_name\" content=\"Siemoneit GmbH\" \/>\n<meta property=\"article:publisher\" content=\"https:\/\/www.facebook.com\/siemoneit.racing\" \/>\n<meta property=\"article:modified_time\" content=\"2025-07-10T15:40:51+00:00\" \/>\n<meta property=\"og:image\" content=\"https:\/\/siemoneit.de\/wp-content\/uploads\/2023\/04\/1570471378913_kwwebsite.jpg\" \/>\n\t<meta property=\"og:image:width\" content=\"1001\" \/>\n\t<meta property=\"og:image:height\" content=\"914\" \/>\n\t<meta property=\"og:image:type\" content=\"image\/jpeg\" \/>\n<meta name=\"twitter:card\" content=\"summary_large_image\" \/>\n<meta name=\"twitter:label1\" content=\"Gesch\u00e4tzte Lesezeit\" \/>\n\t<meta name=\"twitter:data1\" content=\"2\u00a0Minuten\" \/>\n<script type=\"application\/ld+json\" class=\"yoast-schema-graph\">{\"@context\":\"https:\\\/\\\/schema.org\",\"@graph\":[{\"@type\":\"WebPage\",\"@id\":\"https:\\\/\\\/siemoneit.de\\\/fahrwerkstechnik\\\/\",\"url\":\"https:\\\/\\\/siemoneit.de\\\/fahrwerkstechnik\\\/\",\"name\":\"Fahrwerkstechnik - Siemoneit GmbH\",\"isPartOf\":{\"@id\":\"https:\\\/\\\/siemoneit.de\\\/#website\"},\"primaryImageOfPage\":{\"@id\":\"https:\\\/\\\/siemoneit.de\\\/fahrwerkstechnik\\\/#primaryimage\"},\"image\":{\"@id\":\"https:\\\/\\\/siemoneit.de\\\/fahrwerkstechnik\\\/#primaryimage\"},\"thumbnailUrl\":\"https:\\\/\\\/siemoneit.de\\\/wp-content\\\/uploads\\\/2023\\\/04\\\/1570471378913_kwwebsite.jpg\",\"datePublished\":\"2023-04-05T16:37:25+00:00\",\"dateModified\":\"2025-07-10T15:40:51+00:00\",\"breadcrumb\":{\"@id\":\"https:\\\/\\\/siemoneit.de\\\/fahrwerkstechnik\\\/#breadcrumb\"},\"inLanguage\":\"de\",\"potentialAction\":[{\"@type\":\"ReadAction\",\"target\":[\"https:\\\/\\\/siemoneit.de\\\/fahrwerkstechnik\\\/\"]}]},{\"@type\":\"ImageObject\",\"inLanguage\":\"de\",\"@id\":\"https:\\\/\\\/siemoneit.de\\\/fahrwerkstechnik\\\/#primaryimage\",\"url\":\"https:\\\/\\\/siemoneit.de\\\/wp-content\\\/uploads\\\/2023\\\/04\\\/1570471378913_kwwebsite.jpg\",\"contentUrl\":\"https:\\\/\\\/siemoneit.de\\\/wp-content\\\/uploads\\\/2023\\\/04\\\/1570471378913_kwwebsite.jpg\",\"width\":1001,\"height\":914},{\"@type\":\"BreadcrumbList\",\"@id\":\"https:\\\/\\\/siemoneit.de\\\/fahrwerkstechnik\\\/#breadcrumb\",\"itemListElement\":[{\"@type\":\"ListItem\",\"position\":1,\"name\":\"Startseite\",\"item\":\"https:\\\/\\\/siemoneit.de\\\/\"},{\"@type\":\"ListItem\",\"position\":2,\"name\":\"Fahrwerkstechnik\"}]},{\"@type\":\"WebSite\",\"@id\":\"https:\\\/\\\/siemoneit.de\\\/#website\",\"url\":\"https:\\\/\\\/siemoneit.de\\\/\",\"name\":\"Siemoneit GmbH\",\"description\":\"\",\"publisher\":{\"@id\":\"https:\\\/\\\/siemoneit.de\\\/#organization\"},\"potentialAction\":[{\"@type\":\"SearchAction\",\"target\":{\"@type\":\"EntryPoint\",\"urlTemplate\":\"https:\\\/\\\/siemoneit.de\\\/?s={search_term_string}\"},\"query-input\":{\"@type\":\"PropertyValueSpecification\",\"valueRequired\":true,\"valueName\":\"search_term_string\"}}],\"inLanguage\":\"de\"},{\"@type\":\"Organization\",\"@id\":\"https:\\\/\\\/siemoneit.de\\\/#organization\",\"name\":\"Siemoneit GmbH\",\"url\":\"https:\\\/\\\/siemoneit.de\\\/\",\"logo\":{\"@type\":\"ImageObject\",\"inLanguage\":\"de\",\"@id\":\"https:\\\/\\\/siemoneit.de\\\/#\\\/schema\\\/logo\\\/image\\\/\",\"url\":\"https:\\\/\\\/siemoneit.de\\\/wp-content\\\/uploads\\\/2023\\\/04\\\/images-removebg-preview.png\",\"contentUrl\":\"https:\\\/\\\/siemoneit.de\\\/wp-content\\\/uploads\\\/2023\\\/04\\\/images-removebg-preview.png\",\"width\":225,\"height\":225,\"caption\":\"Siemoneit GmbH\"},\"image\":{\"@id\":\"https:\\\/\\\/siemoneit.de\\\/#\\\/schema\\\/logo\\\/image\\\/\"},\"sameAs\":[\"https:\\\/\\\/www.facebook.com\\\/siemoneit.racing\",\"https:\\\/\\\/www.instagram.com\\\/siemoneit_racing\\\/\"]}]}<\/script>\n<!-- \/ Yoast SEO plugin. -->","yoast_head_json":{"title":"Fahrwerkstechnik - Siemoneit GmbH","robots":{"index":"index","follow":"follow","max-snippet":"max-snippet:-1","max-image-preview":"max-image-preview:large","max-video-preview":"max-video-preview:-1"},"canonical":"https:\/\/siemoneit.de\/de\/fahrwerkstechnik\/","og_locale":"de_DE","og_type":"article","og_title":"Fahrwerkstechnik - Siemoneit GmbH","og_description":"Fahrwekstechnik von KW Suspensions Als KW Suspensions Sales and Service Point stehen wir Ihnen auch im Bereich der Fahrwerkstechnik als kompetenter Partner zur Seite. Unser Fachpersonal wurde durch KW Suspensions speziell geschult und verf\u00fcgt zus\u00e4tzlich \u00fcber die notwendige Rennsporterfahrung. Wir helfen Ihnen bei der Auswahl des richtigen Fahrwerks, passend zu Ihrem Fahrzeug und Ihren Anspr\u00fcchen. ... Weiterlesen","og_url":"https:\/\/siemoneit.de\/de\/fahrwerkstechnik\/","og_site_name":"Siemoneit GmbH","article_publisher":"https:\/\/www.facebook.com\/siemoneit.racing","article_modified_time":"2025-07-10T15:40:51+00:00","og_image":[{"width":1001,"height":914,"url":"https:\/\/siemoneit.de\/wp-content\/uploads\/2023\/04\/1570471378913_kwwebsite.jpg","type":"image\/jpeg"}],"twitter_card":"summary_large_image","twitter_misc":{"Gesch\u00e4tzte Lesezeit":"2\u00a0Minuten"},"schema":{"@context":"https:\/\/schema.org","@graph":[{"@type":"WebPage","@id":"https:\/\/siemoneit.de\/fahrwerkstechnik\/","url":"https:\/\/siemoneit.de\/fahrwerkstechnik\/","name":"Fahrwerkstechnik - Siemoneit GmbH","isPartOf":{"@id":"https:\/\/siemoneit.de\/#website"},"primaryImageOfPage":{"@id":"https:\/\/siemoneit.de\/fahrwerkstechnik\/#primaryimage"},"image":{"@id":"https:\/\/siemoneit.de\/fahrwerkstechnik\/#primaryimage"},"thumbnailUrl":"https:\/\/siemoneit.de\/wp-content\/uploads\/2023\/04\/1570471378913_kwwebsite.jpg","datePublished":"2023-04-05T16:37:25+00:00","dateModified":"2025-07-10T15:40:51+00:00","breadcrumb":{"@id":"https:\/\/siemoneit.de\/fahrwerkstechnik\/#breadcrumb"},"inLanguage":"de","potentialAction":[{"@type":"ReadAction","target":["https:\/\/siemoneit.de\/fahrwerkstechnik\/"]}]},{"@type":"ImageObject","inLanguage":"de","@id":"https:\/\/siemoneit.de\/fahrwerkstechnik\/#primaryimage","url":"https:\/\/siemoneit.de\/wp-content\/uploads\/2023\/04\/1570471378913_kwwebsite.jpg","contentUrl":"https:\/\/siemoneit.de\/wp-content\/uploads\/2023\/04\/1570471378913_kwwebsite.jpg","width":1001,"height":914},{"@type":"BreadcrumbList","@id":"https:\/\/siemoneit.de\/fahrwerkstechnik\/#breadcrumb","itemListElement":[{"@type":"ListItem","position":1,"name":"Startseite","item":"https:\/\/siemoneit.de\/"},{"@type":"ListItem","position":2,"name":"Fahrwerkstechnik"}]},{"@type":"WebSite","@id":"https:\/\/siemoneit.de\/#website","url":"https:\/\/siemoneit.de\/","name":"Siemoneit GmbH","description":"","publisher":{"@id":"https:\/\/siemoneit.de\/#organization"},"potentialAction":[{"@type":"SearchAction","target":{"@type":"EntryPoint","urlTemplate":"https:\/\/siemoneit.de\/?s={search_term_string}"},"query-input":{"@type":"PropertyValueSpecification","valueRequired":true,"valueName":"search_term_string"}}],"inLanguage":"de"},{"@type":"Organization","@id":"https:\/\/siemoneit.de\/#organization","name":"Siemoneit GmbH","url":"https:\/\/siemoneit.de\/","logo":{"@type":"ImageObject","inLanguage":"de","@id":"https:\/\/siemoneit.de\/#\/schema\/logo\/image\/","url":"https:\/\/siemoneit.de\/wp-content\/uploads\/2023\/04\/images-removebg-preview.png","contentUrl":"https:\/\/siemoneit.de\/wp-content\/uploads\/2023\/04\/images-removebg-preview.png","width":225,"height":225,"caption":"Siemoneit GmbH"},"image":{"@id":"https:\/\/siemoneit.de\/#\/schema\/logo\/image\/"},"sameAs":["https:\/\/www.facebook.com\/siemoneit.racing","https:\/\/www.instagram.com\/siemoneit_racing\/"]}]}},"_links":{"self":[{"href":"https:\/\/siemoneit.de\/de\/wp-json\/wp\/v2\/pages\/632","targetHints":{"allow":["GET"]}}],"collection":[{"href":"https:\/\/siemoneit.de\/de\/wp-json\/wp\/v2\/pages"}],"about":[{"href":"https:\/\/siemoneit.de\/de\/wp-json\/wp\/v2\/types\/page"}],"author":[{"embeddable":true,"href":"https:\/\/siemoneit.de\/de\/wp-json\/wp\/v2\/users\/1"}],"replies":[{"embeddable":true,"href":"https:\/\/siemoneit.de\/de\/wp-json\/wp\/v2\/comments?post=632"}],"version-history":[{"count":2,"href":"https:\/\/siemoneit.de\/de\/wp-json\/wp\/v2\/pages\/632\/revisions"}],"predecessor-version":[{"id":6356,"href":"https:\/\/siemoneit.de\/de\/wp-json\/wp\/v2\/pages\/632\/revisions\/6356"}],"wp:featuredmedia":[{"embeddable":true,"href":"https:\/\/siemoneit.de\/de\/wp-json\/wp\/v2\/media\/855"}],"wp:attachment":[{"href":"https:\/\/siemoneit.de\/de\/wp-json\/wp\/v2\/media?parent=632"}],"curies":[{"name":"wp","href":"https:\/\/api.w.org\/{rel}","templated":true}]}}