{"id":621,"date":"2023-04-05T18:32:26","date_gmt":"2023-04-05T16:32:26","guid":{"rendered":"https:\/\/siemoneit.de\/?page_id=621"},"modified":"2025-07-10T17:39:02","modified_gmt":"2025-07-10T15:39:02","slug":"abgassystem","status":"publish","type":"page","link":"https:\/\/siemoneit.de\/de\/abgassystem\/","title":{"rendered":"Abgassystem"},"content":{"rendered":"<h2>SIEMONEIT EXHAUSTS<\/h2>\n<p>Lange haben wir uns mit diesem Thema ausseinander gesetzt. Lange haben wir Partner gesucht, die all unsere W\u00fcnsche umsetzen k\u00f6nnen. Selbst die Prototypen wurden in Bayern entwickelt und gefertigt und anschlie\u00dfend zu Partnern weltweit in die Produktion gegeben. Das ist nun vorbei. SIEMONEIT GmbH investierte 2013 in modernste Schwei\u00dftechnik und Maschinen der Blech und Metallbearbeitung um alles von Flansch, D\u00e4mpfer bis Endrohr bei uns im Haus in Stade herzustellen. Nun beginnen wir bei der Analyse des Originalsystems, Messungen der Abgastemperatur und Gegendruck, Heatspots \/ Verengungen und Lautst\u00e4rke &#8211; alles wird bei uns in Daten erfasst. Aufgrund dieser Daten wird dann das SIEMONEIT EXHAUSTS Abgassystem entwickelt und am Fahrzeug gebaut. Wir fertigen aus Thyssen Krupp Edelstahl der G\u00fcte 1.4201 und 1.4828. Wir verwenden W2 Argon und nur die besten Materialien f\u00fcr Schwei\u00dfdraht und nahezu alles wird bei uns auf Wunsch formiert. SIEMONEIT GmbH stellt D\u00e4mpfer, Werkzeug und Endrohre auch f\u00fcr andere Tuningunternehmen her, auch \u00fcbernehmen wir Serienfertigungen f\u00fcr andere Unternehmen auf Wunsch. Kein Fahrzeug, kein Modell und kein Motor ist f\u00fcr uns eine Einschr\u00e4nkung. Wir produzieren Abgasanlagen f\u00fcr Ihren Oldtimer (auch H-Zulassung) oder f\u00fcr Ihren Neuwagen &#8211; gleich von welchem Hersteller. Wir beachten dabei alle gesetzlichen Richtlinen und k\u00f6nnen aufgrund unserer T\u00dcV-Verifizierung auch f\u00fcr alles, was sich im legalen Rahmen bewegt die erforderlichen T\u00dcV Unterlagen anbieten und auch die vollst\u00e4ndige Eintragung und Protokollierungen \u00fcbernehmen. Wir produzieren Abgasanlagen mit Klappensteuerung mit Funkfernbedienung, mit integrierter Elektronik oder in Kombination mit den vom Fahrzeug vorgegebenen Daten sowie Sonder-Abgasanlagen f\u00fcr den Motorsport.<\/p>\n<p>Haben Sie ein au\u00dfergew\u00f6hnliches Auto und brauchen hierf\u00fcr eine Abgasanlage &#8211; hier sind Sie richtig.<br \/>\nFordern Sie uns heraus !<\/p>\n    <div class=\"products\">\n                    <div class=\"car-parts-grid homepage\">\n                                    <div class=\"car-part\">\n                        <a class=\"full_link\" href=\"https:\/\/siemoneit.de\/de\/shop\/ripjaw-v2-ewg-abgasanlage-fuer-opf-fahrzeuge\/\">\n                            <div>\n                                                                    <div class=\"pr_image_con\">\n\t\t\t\t\t\t\t\t\t\t<img decoding=\"async\" src=\"https:\/\/siemoneit.de\/wp-content\/uploads\/2023\/05\/18075_product_72833.jpg\" alt=\"Ripjaw V2 EWG Abgasanlage (f\u00fcr OPF- Fahrzeuge)\" \/>\n\t\t\t\t\t\t\t\t\t<\/div>\n                                \t\t\t\t\t\t\t\t\t\t\t\t\t\t\t\t\t<p class=\"car-part-category\">Abgasanlage<\/p>\n\t\t\t\t\t\t\t\t                                <h3 class=\"car-part-title\">Ripjaw V2 EWG Abgasanlage (f\u00fcr OPF- Fahrzeuge)<\/h3>\n                            <\/div>\n                                                            <p class=\"car-part-price\">\u20ac 2.780,00<span class=\"mwst\"> inkl. MwSt. 19%<\/span><\/p>\n                                                    <\/a>\n                    <\/div>\n                                    <div class=\"car-part\">\n                        <a class=\"full_link\" href=\"https:\/\/siemoneit.de\/de\/shop\/abgasanlage-ripjaw-fuer-audi-rsq3\/\">\n                            <div>\n                                                                    <div class=\"pr_image_con\">\n\t\t\t\t\t\t\t\t\t\t<img decoding=\"async\" src=\"https:\/\/siemoneit.de\/wp-content\/uploads\/2023\/05\/clone_clone_clone_clone_clone_16339_20170717_171512.jpg\" alt=\"Abgasanlage \u201eRIPJAW\u201c f\u00fcr Audi RSQ3\" \/>\n\t\t\t\t\t\t\t\t\t<\/div>\n                                \t\t\t\t\t\t\t\t\t\t\t\t\t\t\t\t\t<p class=\"car-part-category\">Abgasanlage<\/p>\n\t\t\t\t\t\t\t\t                                <h3 class=\"car-part-title\">Abgasanlage \u201eRIPJAW\u201c f\u00fcr Audi RSQ3<\/h3>\n                            <\/div>\n                                                            <p class=\"car-part-price\">\u20ac 2.980,00<span class=\"mwst\"> inkl. MwSt. 19%<\/span><\/p>\n                                                    <\/a>\n                    <\/div>\n                                    <div class=\"car-part\">\n                        <a class=\"full_link\" href=\"https:\/\/siemoneit.de\/de\/shop\/ripjaw-v1-fuer-mercedes-ewg-abgasanlage-handgefertigt\/\">\n                            <div>\n                                                                    <div class=\"pr_image_con\">\n\t\t\t\t\t\t\t\t\t\t<img decoding=\"async\" src=\"https:\/\/siemoneit.de\/wp-content\/uploads\/2023\/05\/17063_29689.jpg\" alt=\"RIPJAW V1 f\u00fcr Mercedes (EWG- Abgasanlage) handgefertigt\" \/>\n\t\t\t\t\t\t\t\t\t<\/div>\n                                \t\t\t\t\t\t\t\t\t\t\t\t\t\t\t\t\t<p class=\"car-part-category\">Abgasanlage<\/p>\n\t\t\t\t\t\t\t\t                                <h3 class=\"car-part-title\">RIPJAW V1 f\u00fcr Mercedes (EWG- Abgasanlage) handgefertigt<\/h3>\n                            <\/div>\n                                                            <p class=\"car-part-price\">\u20ac 3.499,00<span class=\"mwst\"> inkl. MwSt. 19%<\/span><\/p>\n                                                    <\/a>\n                    <\/div>\n                                    <div class=\"car-part\">\n                        <a class=\"full_link\" href=\"https:\/\/siemoneit.de\/de\/shop\/carnage-ewg-abgasanlage-fuer-die-2-0l-millermotoren\/\">\n                            <div>\n                                                                    <div class=\"pr_image_con\">\n\t\t\t\t\t\t\t\t\t\t<img decoding=\"async\" src=\"https:\/\/siemoneit.de\/wp-content\/uploads\/2023\/05\/17059_product_40482.jpg\" alt=\"CARNAGE (EWG- Abgasanlage) f\u00fcr die 2.0l Millermotoren\" \/>\n\t\t\t\t\t\t\t\t\t<\/div>\n                                \t\t\t\t\t\t\t\t\t\t\t\t\t\t\t\t\t<p class=\"car-part-category\">Abgasanlage<\/p>\n\t\t\t\t\t\t\t\t                                <h3 class=\"car-part-title\">CARNAGE (EWG- Abgasanlage) f\u00fcr die 2.0l Millermotoren<\/h3>\n                            <\/div>\n                                                            <p class=\"car-part-price\">\u20ac 1.499,00<span class=\"mwst\"> inkl. MwSt. 19%<\/span><\/p>\n                                                    <\/a>\n                    <\/div>\n                            <\/div>\n            <\/div>\n    \n","protected":false},"excerpt":{"rendered":"<p>SIEMONEIT EXHAUSTS Lange haben wir uns mit diesem Thema ausseinander gesetzt. Lange haben wir Partner gesucht, die all unsere W\u00fcnsche umsetzen k\u00f6nnen. Selbst die Prototypen wurden in Bayern entwickelt und gefertigt und anschlie\u00dfend zu Partnern weltweit in die Produktion gegeben. Das ist nun vorbei. SIEMONEIT GmbH investierte 2013 in modernste Schwei\u00dftechnik und Maschinen der Blech &#8230; <a title=\"CARNAGE (EWG- Abgasanlage) f\u00fcr die 2.0l Millermotoren\" class=\"read-more\" href=\"https:\/\/siemoneit.de\/de\/shop\/carnage-ewg-abgasanlage-fuer-die-2-0l-millermotoren\/\" aria-label=\"Mehr Informationen \u00fcber CARNAGE (EWG- Abgasanlage) f\u00fcr die 2.0l Millermotoren\">Weiterlesen<\/a><\/p>\n","protected":false},"author":1,"featured_media":863,"parent":0,"menu_order":0,"comment_status":"closed","ping_status":"closed","template":"leistungen-template.php","meta":{"_acf_changed":false,"footnotes":""},"class_list":["post-621","page","type-page","status-publish","has-post-thumbnail","hentry"],"acf":[],"yoast_head":"<!-- This site is optimized with the Yoast SEO plugin v27.4 - https:\/\/yoast.com\/product\/yoast-seo-wordpress\/ -->\n<title>Abgassystem - Siemoneit GmbH<\/title>\n<meta name=\"robots\" content=\"index, follow, max-snippet:-1, max-image-preview:large, max-video-preview:-1\" \/>\n<link rel=\"canonical\" href=\"https:\/\/siemoneit.de\/de\/abgassystem\/\" \/>\n<meta property=\"og:locale\" content=\"de_DE\" \/>\n<meta property=\"og:type\" content=\"article\" \/>\n<meta property=\"og:title\" content=\"Abgassystem - Siemoneit GmbH\" \/>\n<meta property=\"og:description\" content=\"SIEMONEIT EXHAUSTS Lange haben wir uns mit diesem Thema ausseinander gesetzt. Lange haben wir Partner gesucht, die all unsere W\u00fcnsche umsetzen k\u00f6nnen. Selbst die Prototypen wurden in Bayern entwickelt und gefertigt und anschlie\u00dfend zu Partnern weltweit in die Produktion gegeben. Das ist nun vorbei. SIEMONEIT GmbH investierte 2013 in modernste Schwei\u00dftechnik und Maschinen der Blech ... Weiterlesen\" \/>\n<meta property=\"og:url\" content=\"https:\/\/siemoneit.de\/de\/abgassystem\/\" \/>\n<meta property=\"og:site_name\" content=\"Siemoneit GmbH\" \/>\n<meta property=\"article:publisher\" content=\"https:\/\/www.facebook.com\/siemoneit.racing\" \/>\n<meta property=\"article:modified_time\" content=\"2025-07-10T15:39:02+00:00\" \/>\n<meta property=\"og:image\" content=\"https:\/\/siemoneit.de\/wp-content\/uploads\/2023\/04\/15465418819_DB_02333-Bearbeitet.jpg\" \/>\n\t<meta property=\"og:image:width\" content=\"1371\" \/>\n\t<meta property=\"og:image:height\" content=\"914\" \/>\n\t<meta property=\"og:image:type\" content=\"image\/jpeg\" \/>\n<meta name=\"twitter:card\" content=\"summary_large_image\" \/>\n<meta name=\"twitter:label1\" content=\"Gesch\u00e4tzte Lesezeit\" \/>\n\t<meta name=\"twitter:data1\" content=\"2\u00a0Minuten\" \/>\n<script type=\"application\/ld+json\" class=\"yoast-schema-graph\">{\"@context\":\"https:\\\/\\\/schema.org\",\"@graph\":[{\"@type\":\"WebPage\",\"@id\":\"https:\\\/\\\/siemoneit.de\\\/abgassystem\\\/\",\"url\":\"https:\\\/\\\/siemoneit.de\\\/abgassystem\\\/\",\"name\":\"Abgassystem - Siemoneit GmbH\",\"isPartOf\":{\"@id\":\"https:\\\/\\\/siemoneit.de\\\/#website\"},\"primaryImageOfPage\":{\"@id\":\"https:\\\/\\\/siemoneit.de\\\/abgassystem\\\/#primaryimage\"},\"image\":{\"@id\":\"https:\\\/\\\/siemoneit.de\\\/abgassystem\\\/#primaryimage\"},\"thumbnailUrl\":\"https:\\\/\\\/siemoneit.de\\\/wp-content\\\/uploads\\\/2023\\\/04\\\/15465418819_DB_02333-Bearbeitet.jpg\",\"datePublished\":\"2023-04-05T16:32:26+00:00\",\"dateModified\":\"2025-07-10T15:39:02+00:00\",\"breadcrumb\":{\"@id\":\"https:\\\/\\\/siemoneit.de\\\/abgassystem\\\/#breadcrumb\"},\"inLanguage\":\"de\",\"potentialAction\":[{\"@type\":\"ReadAction\",\"target\":[\"https:\\\/\\\/siemoneit.de\\\/abgassystem\\\/\"]}]},{\"@type\":\"ImageObject\",\"inLanguage\":\"de\",\"@id\":\"https:\\\/\\\/siemoneit.de\\\/abgassystem\\\/#primaryimage\",\"url\":\"https:\\\/\\\/siemoneit.de\\\/wp-content\\\/uploads\\\/2023\\\/04\\\/15465418819_DB_02333-Bearbeitet.jpg\",\"contentUrl\":\"https:\\\/\\\/siemoneit.de\\\/wp-content\\\/uploads\\\/2023\\\/04\\\/15465418819_DB_02333-Bearbeitet.jpg\",\"width\":1371,\"height\":914},{\"@type\":\"BreadcrumbList\",\"@id\":\"https:\\\/\\\/siemoneit.de\\\/abgassystem\\\/#breadcrumb\",\"itemListElement\":[{\"@type\":\"ListItem\",\"position\":1,\"name\":\"Startseite\",\"item\":\"https:\\\/\\\/siemoneit.de\\\/\"},{\"@type\":\"ListItem\",\"position\":2,\"name\":\"Abgassystem\"}]},{\"@type\":\"WebSite\",\"@id\":\"https:\\\/\\\/siemoneit.de\\\/#website\",\"url\":\"https:\\\/\\\/siemoneit.de\\\/\",\"name\":\"Siemoneit GmbH\",\"description\":\"\",\"publisher\":{\"@id\":\"https:\\\/\\\/siemoneit.de\\\/#organization\"},\"potentialAction\":[{\"@type\":\"SearchAction\",\"target\":{\"@type\":\"EntryPoint\",\"urlTemplate\":\"https:\\\/\\\/siemoneit.de\\\/?s={search_term_string}\"},\"query-input\":{\"@type\":\"PropertyValueSpecification\",\"valueRequired\":true,\"valueName\":\"search_term_string\"}}],\"inLanguage\":\"de\"},{\"@type\":\"Organization\",\"@id\":\"https:\\\/\\\/siemoneit.de\\\/#organization\",\"name\":\"Siemoneit GmbH\",\"url\":\"https:\\\/\\\/siemoneit.de\\\/\",\"logo\":{\"@type\":\"ImageObject\",\"inLanguage\":\"de\",\"@id\":\"https:\\\/\\\/siemoneit.de\\\/#\\\/schema\\\/logo\\\/image\\\/\",\"url\":\"https:\\\/\\\/siemoneit.de\\\/wp-content\\\/uploads\\\/2023\\\/04\\\/images-removebg-preview.png\",\"contentUrl\":\"https:\\\/\\\/siemoneit.de\\\/wp-content\\\/uploads\\\/2023\\\/04\\\/images-removebg-preview.png\",\"width\":225,\"height\":225,\"caption\":\"Siemoneit GmbH\"},\"image\":{\"@id\":\"https:\\\/\\\/siemoneit.de\\\/#\\\/schema\\\/logo\\\/image\\\/\"},\"sameAs\":[\"https:\\\/\\\/www.facebook.com\\\/siemoneit.racing\",\"https:\\\/\\\/www.instagram.com\\\/siemoneit_racing\\\/\"]}]}<\/script>\n<!-- \/ Yoast SEO plugin. -->","yoast_head_json":{"title":"Abgassystem - Siemoneit GmbH","robots":{"index":"index","follow":"follow","max-snippet":"max-snippet:-1","max-image-preview":"max-image-preview:large","max-video-preview":"max-video-preview:-1"},"canonical":"https:\/\/siemoneit.de\/de\/abgassystem\/","og_locale":"de_DE","og_type":"article","og_title":"Abgassystem - Siemoneit GmbH","og_description":"SIEMONEIT EXHAUSTS Lange haben wir uns mit diesem Thema ausseinander gesetzt. Lange haben wir Partner gesucht, die all unsere W\u00fcnsche umsetzen k\u00f6nnen. Selbst die Prototypen wurden in Bayern entwickelt und gefertigt und anschlie\u00dfend zu Partnern weltweit in die Produktion gegeben. Das ist nun vorbei. SIEMONEIT GmbH investierte 2013 in modernste Schwei\u00dftechnik und Maschinen der Blech ... Weiterlesen","og_url":"https:\/\/siemoneit.de\/de\/abgassystem\/","og_site_name":"Siemoneit GmbH","article_publisher":"https:\/\/www.facebook.com\/siemoneit.racing","article_modified_time":"2025-07-10T15:39:02+00:00","og_image":[{"width":1371,"height":914,"url":"https:\/\/siemoneit.de\/wp-content\/uploads\/2023\/04\/15465418819_DB_02333-Bearbeitet.jpg","type":"image\/jpeg"}],"twitter_card":"summary_large_image","twitter_misc":{"Gesch\u00e4tzte Lesezeit":"2\u00a0Minuten"},"schema":{"@context":"https:\/\/schema.org","@graph":[{"@type":"WebPage","@id":"https:\/\/siemoneit.de\/abgassystem\/","url":"https:\/\/siemoneit.de\/abgassystem\/","name":"Abgassystem - Siemoneit GmbH","isPartOf":{"@id":"https:\/\/siemoneit.de\/#website"},"primaryImageOfPage":{"@id":"https:\/\/siemoneit.de\/abgassystem\/#primaryimage"},"image":{"@id":"https:\/\/siemoneit.de\/abgassystem\/#primaryimage"},"thumbnailUrl":"https:\/\/siemoneit.de\/wp-content\/uploads\/2023\/04\/15465418819_DB_02333-Bearbeitet.jpg","datePublished":"2023-04-05T16:32:26+00:00","dateModified":"2025-07-10T15:39:02+00:00","breadcrumb":{"@id":"https:\/\/siemoneit.de\/abgassystem\/#breadcrumb"},"inLanguage":"de","potentialAction":[{"@type":"ReadAction","target":["https:\/\/siemoneit.de\/abgassystem\/"]}]},{"@type":"ImageObject","inLanguage":"de","@id":"https:\/\/siemoneit.de\/abgassystem\/#primaryimage","url":"https:\/\/siemoneit.de\/wp-content\/uploads\/2023\/04\/15465418819_DB_02333-Bearbeitet.jpg","contentUrl":"https:\/\/siemoneit.de\/wp-content\/uploads\/2023\/04\/15465418819_DB_02333-Bearbeitet.jpg","width":1371,"height":914},{"@type":"BreadcrumbList","@id":"https:\/\/siemoneit.de\/abgassystem\/#breadcrumb","itemListElement":[{"@type":"ListItem","position":1,"name":"Startseite","item":"https:\/\/siemoneit.de\/"},{"@type":"ListItem","position":2,"name":"Abgassystem"}]},{"@type":"WebSite","@id":"https:\/\/siemoneit.de\/#website","url":"https:\/\/siemoneit.de\/","name":"Siemoneit GmbH","description":"","publisher":{"@id":"https:\/\/siemoneit.de\/#organization"},"potentialAction":[{"@type":"SearchAction","target":{"@type":"EntryPoint","urlTemplate":"https:\/\/siemoneit.de\/?s={search_term_string}"},"query-input":{"@type":"PropertyValueSpecification","valueRequired":true,"valueName":"search_term_string"}}],"inLanguage":"de"},{"@type":"Organization","@id":"https:\/\/siemoneit.de\/#organization","name":"Siemoneit GmbH","url":"https:\/\/siemoneit.de\/","logo":{"@type":"ImageObject","inLanguage":"de","@id":"https:\/\/siemoneit.de\/#\/schema\/logo\/image\/","url":"https:\/\/siemoneit.de\/wp-content\/uploads\/2023\/04\/images-removebg-preview.png","contentUrl":"https:\/\/siemoneit.de\/wp-content\/uploads\/2023\/04\/images-removebg-preview.png","width":225,"height":225,"caption":"Siemoneit GmbH"},"image":{"@id":"https:\/\/siemoneit.de\/#\/schema\/logo\/image\/"},"sameAs":["https:\/\/www.facebook.com\/siemoneit.racing","https:\/\/www.instagram.com\/siemoneit_racing\/"]}]}},"_links":{"self":[{"href":"https:\/\/siemoneit.de\/de\/wp-json\/wp\/v2\/pages\/621","targetHints":{"allow":["GET"]}}],"collection":[{"href":"https:\/\/siemoneit.de\/de\/wp-json\/wp\/v2\/pages"}],"about":[{"href":"https:\/\/siemoneit.de\/de\/wp-json\/wp\/v2\/types\/page"}],"author":[{"embeddable":true,"href":"https:\/\/siemoneit.de\/de\/wp-json\/wp\/v2\/users\/1"}],"replies":[{"embeddable":true,"href":"https:\/\/siemoneit.de\/de\/wp-json\/wp\/v2\/comments?post=621"}],"version-history":[{"count":2,"href":"https:\/\/siemoneit.de\/de\/wp-json\/wp\/v2\/pages\/621\/revisions"}],"predecessor-version":[{"id":6352,"href":"https:\/\/siemoneit.de\/de\/wp-json\/wp\/v2\/pages\/621\/revisions\/6352"}],"wp:featuredmedia":[{"embeddable":true,"href":"https:\/\/siemoneit.de\/de\/wp-json\/wp\/v2\/media\/863"}],"wp:attachment":[{"href":"https:\/\/siemoneit.de\/de\/wp-json\/wp\/v2\/media?parent=621"}],"curies":[{"name":"wp","href":"https:\/\/api.w.org\/{rel}","templated":true}]}}