{"id":614,"date":"2023-04-05T18:27:28","date_gmt":"2023-04-05T16:27:28","guid":{"rendered":"https:\/\/siemoneit.de\/?page_id=614"},"modified":"2026-04-17T16:54:24","modified_gmt":"2026-04-17T14:54:24","slug":"leistungspruefstand","status":"publish","type":"page","link":"https:\/\/siemoneit.de\/de\/leistungspruefstand\/","title":{"rendered":"Pr\u00fcfstand"},"content":{"rendered":"<h2>DYNOJET 424X LC\u00b2 LINX GEN8 ALLRAD<\/h2>\n<p>SIEMONEIT RACING hat sich 2011 f\u00fcr den Dynojet entschieden und investierte in Pr\u00e4zision, Professionalit\u00e4t und Ehrlichkeit gegen\u00fcber unserem Kunden. Wir betreuen und beraten Sie nun durch ausgezeichnete Schulungen und kompetentes Personal. Bei uns stimmen die Messungen und Ihr Ergebnis ist ehrlich! Machen Sie einen Termin auf unseren Dynojet 424xLC2 Linx Allrad Leistungspr\u00fcfstand mit 43kW Hochleistungsgebl\u00e4se! Wir verf\u00fcgen \u00fcber 2x 17,5kW Hauptgebl\u00e4se Front und 2x 4kW Seitengebl\u00e4se (z.B. Alfa 4C oder Porsche Turbo, Audi R8, usw.). Unser Pr\u00fcfstand wird zweimal j\u00e4hrlich gewartet und neu kalibriert. So k\u00f6nnen wir stets gleichbleibend genaue Messungen garantieren.<\/p>\n<p><em><strong>PREISE f\u00fcr unsere Kunden 249\u20ac<br \/>\n<\/strong><\/em><em style=\"color: var( --e-global-color-primary ); font-family: var( --e-global-typography-text-font-family ), Sans-serif; font-size: var( --e-global-typography-text-font-size ); font-weight: var( --e-global-typography-text-font-weight ); background-color: var( --e-global-color-secondary );\"><strong>PREISE f\u00fcr Fahrzeuge mit Fremdtuning 299\u20ac<br \/>\nPREISE f\u00fcr Sonderfahrzeuge (z.B. mit Heckmotor) 349\u20ac<\/strong><\/em><\/p>\n<p>* LINK m\u00fcssen z.B. folgende Fahrzeuge dringend gemessen werden, anders ist die Messung auch auf anderen Pr\u00fcfst\u00e4nden unbrauchbar oder gef\u00e4hrlich f\u00fcr den Antriebsstrang :<\/p>\n<ul>\n<li>Alle BMW M-GmbH Modelle<\/li>\n<li>Alle Mercedes-Benz 4MATIC-Modelle<\/li>\n<li>Alle Porsche Panamera und Cayenne<\/li>\n<li>Alle Alfa Romeo 4C mit TCT Getriebe oder DNA<\/li>\n<\/ul>\n<p>Gruppenpreise bitte separat anfragen.<br \/>\nSelbstverst\u00e4ndlich steht der Pr\u00fcfstand und dessen Technik auch anderen Tunern, Gutachtern sowie Betrieben mit Applikateuren f\u00fcr Tages- oder Stundenmiete zur Verf\u00fcgung. Preise hierzu auf Anfrage!<\/p>\n","protected":false},"excerpt":{"rendered":"<p>DYNOJET 424X LC\u00b2 LINX GEN8 ALLRAD SIEMONEIT RACING hat sich 2011 f\u00fcr den Dynojet entschieden und investierte in Pr\u00e4zision, Professionalit\u00e4t und Ehrlichkeit gegen\u00fcber unserem Kunden. Wir betreuen und beraten Sie nun durch ausgezeichnete Schulungen und kompetentes Personal. Bei uns stimmen die Messungen und Ihr Ergebnis ist ehrlich! Machen Sie einen Termin auf unseren Dynojet 424xLC2 &#8230; <a title=\"Pr\u00fcfstand\" class=\"read-more\" href=\"https:\/\/siemoneit.de\/de\/leistungspruefstand\/\" aria-label=\"Mehr Informationen \u00fcber Pr\u00fcfstand\">Weiterlesen<\/a><\/p>\n","protected":false},"author":1,"featured_media":871,"parent":0,"menu_order":0,"comment_status":"closed","ping_status":"closed","template":"leistungen-template.php","meta":{"_acf_changed":false,"footnotes":""},"class_list":["post-614","page","type-page","status-publish","has-post-thumbnail"],"acf":[],"yoast_head":"<!-- This site is optimized with the Yoast SEO plugin v27.4 - https:\/\/yoast.com\/product\/yoast-seo-wordpress\/ -->\n<title>Pr\u00fcfstand - Siemoneit GmbH<\/title>\n<meta name=\"robots\" content=\"index, follow, max-snippet:-1, max-image-preview:large, max-video-preview:-1\" \/>\n<link rel=\"canonical\" href=\"https:\/\/siemoneit.de\/de\/leistungspruefstand\/\" \/>\n<meta property=\"og:locale\" content=\"de_DE\" \/>\n<meta property=\"og:type\" content=\"article\" \/>\n<meta property=\"og:title\" content=\"Pr\u00fcfstand - Siemoneit GmbH\" \/>\n<meta property=\"og:description\" content=\"DYNOJET 424X LC\u00b2 LINX GEN8 ALLRAD SIEMONEIT RACING hat sich 2011 f\u00fcr den Dynojet entschieden und investierte in Pr\u00e4zision, Professionalit\u00e4t und Ehrlichkeit gegen\u00fcber unserem Kunden. Wir betreuen und beraten Sie nun durch ausgezeichnete Schulungen und kompetentes Personal. Bei uns stimmen die Messungen und Ihr Ergebnis ist ehrlich! Machen Sie einen Termin auf unseren Dynojet 424xLC2 ... Weiterlesen\" \/>\n<meta property=\"og:url\" content=\"https:\/\/siemoneit.de\/de\/leistungspruefstand\/\" \/>\n<meta property=\"og:site_name\" content=\"Siemoneit GmbH\" \/>\n<meta property=\"article:publisher\" content=\"https:\/\/www.facebook.com\/siemoneit.racing\" \/>\n<meta property=\"article:modified_time\" content=\"2026-04-17T14:54:24+00:00\" \/>\n<meta property=\"og:image\" content=\"https:\/\/siemoneit.de\/wp-content\/uploads\/2023\/04\/15464222177_DB_02098-Bearbeitet.jpg\" \/>\n\t<meta property=\"og:image:width\" content=\"1371\" \/>\n\t<meta property=\"og:image:height\" content=\"914\" \/>\n\t<meta property=\"og:image:type\" content=\"image\/jpeg\" \/>\n<meta name=\"twitter:card\" content=\"summary_large_image\" \/>\n<meta name=\"twitter:label1\" content=\"Gesch\u00e4tzte Lesezeit\" \/>\n\t<meta name=\"twitter:data1\" content=\"2\u00a0Minuten\" \/>\n<script type=\"application\/ld+json\" class=\"yoast-schema-graph\">{\"@context\":\"https:\\\/\\\/schema.org\",\"@graph\":[{\"@type\":\"WebPage\",\"@id\":\"https:\\\/\\\/siemoneit.de\\\/leistungspruefstand\\\/\",\"url\":\"https:\\\/\\\/siemoneit.de\\\/leistungspruefstand\\\/\",\"name\":\"Pr\u00fcfstand - Siemoneit GmbH\",\"isPartOf\":{\"@id\":\"https:\\\/\\\/siemoneit.de\\\/#website\"},\"primaryImageOfPage\":{\"@id\":\"https:\\\/\\\/siemoneit.de\\\/leistungspruefstand\\\/#primaryimage\"},\"image\":{\"@id\":\"https:\\\/\\\/siemoneit.de\\\/leistungspruefstand\\\/#primaryimage\"},\"thumbnailUrl\":\"https:\\\/\\\/siemoneit.de\\\/wp-content\\\/uploads\\\/2023\\\/04\\\/15464222177_DB_02098-Bearbeitet.jpg\",\"datePublished\":\"2023-04-05T16:27:28+00:00\",\"dateModified\":\"2026-04-17T14:54:24+00:00\",\"breadcrumb\":{\"@id\":\"https:\\\/\\\/siemoneit.de\\\/leistungspruefstand\\\/#breadcrumb\"},\"inLanguage\":\"de\",\"potentialAction\":[{\"@type\":\"ReadAction\",\"target\":[\"https:\\\/\\\/siemoneit.de\\\/leistungspruefstand\\\/\"]}]},{\"@type\":\"ImageObject\",\"inLanguage\":\"de\",\"@id\":\"https:\\\/\\\/siemoneit.de\\\/leistungspruefstand\\\/#primaryimage\",\"url\":\"https:\\\/\\\/siemoneit.de\\\/wp-content\\\/uploads\\\/2023\\\/04\\\/15464222177_DB_02098-Bearbeitet.jpg\",\"contentUrl\":\"https:\\\/\\\/siemoneit.de\\\/wp-content\\\/uploads\\\/2023\\\/04\\\/15464222177_DB_02098-Bearbeitet.jpg\",\"width\":1371,\"height\":914},{\"@type\":\"BreadcrumbList\",\"@id\":\"https:\\\/\\\/siemoneit.de\\\/leistungspruefstand\\\/#breadcrumb\",\"itemListElement\":[{\"@type\":\"ListItem\",\"position\":1,\"name\":\"Startseite\",\"item\":\"https:\\\/\\\/siemoneit.de\\\/\"},{\"@type\":\"ListItem\",\"position\":2,\"name\":\"Pr\u00fcfstand\"}]},{\"@type\":\"WebSite\",\"@id\":\"https:\\\/\\\/siemoneit.de\\\/#website\",\"url\":\"https:\\\/\\\/siemoneit.de\\\/\",\"name\":\"Siemoneit GmbH\",\"description\":\"\",\"publisher\":{\"@id\":\"https:\\\/\\\/siemoneit.de\\\/#organization\"},\"potentialAction\":[{\"@type\":\"SearchAction\",\"target\":{\"@type\":\"EntryPoint\",\"urlTemplate\":\"https:\\\/\\\/siemoneit.de\\\/?s={search_term_string}\"},\"query-input\":{\"@type\":\"PropertyValueSpecification\",\"valueRequired\":true,\"valueName\":\"search_term_string\"}}],\"inLanguage\":\"de\"},{\"@type\":\"Organization\",\"@id\":\"https:\\\/\\\/siemoneit.de\\\/#organization\",\"name\":\"Siemoneit GmbH\",\"url\":\"https:\\\/\\\/siemoneit.de\\\/\",\"logo\":{\"@type\":\"ImageObject\",\"inLanguage\":\"de\",\"@id\":\"https:\\\/\\\/siemoneit.de\\\/#\\\/schema\\\/logo\\\/image\\\/\",\"url\":\"https:\\\/\\\/siemoneit.de\\\/wp-content\\\/uploads\\\/2023\\\/04\\\/images-removebg-preview.png\",\"contentUrl\":\"https:\\\/\\\/siemoneit.de\\\/wp-content\\\/uploads\\\/2023\\\/04\\\/images-removebg-preview.png\",\"width\":225,\"height\":225,\"caption\":\"Siemoneit GmbH\"},\"image\":{\"@id\":\"https:\\\/\\\/siemoneit.de\\\/#\\\/schema\\\/logo\\\/image\\\/\"},\"sameAs\":[\"https:\\\/\\\/www.facebook.com\\\/siemoneit.racing\",\"https:\\\/\\\/www.instagram.com\\\/siemoneit_racing\\\/\"]}]}<\/script>\n<!-- \/ Yoast SEO plugin. -->","yoast_head_json":{"title":"Pr\u00fcfstand - Siemoneit GmbH","robots":{"index":"index","follow":"follow","max-snippet":"max-snippet:-1","max-image-preview":"max-image-preview:large","max-video-preview":"max-video-preview:-1"},"canonical":"https:\/\/siemoneit.de\/de\/leistungspruefstand\/","og_locale":"de_DE","og_type":"article","og_title":"Pr\u00fcfstand - Siemoneit GmbH","og_description":"DYNOJET 424X LC\u00b2 LINX GEN8 ALLRAD SIEMONEIT RACING hat sich 2011 f\u00fcr den Dynojet entschieden und investierte in Pr\u00e4zision, Professionalit\u00e4t und Ehrlichkeit gegen\u00fcber unserem Kunden. Wir betreuen und beraten Sie nun durch ausgezeichnete Schulungen und kompetentes Personal. Bei uns stimmen die Messungen und Ihr Ergebnis ist ehrlich! Machen Sie einen Termin auf unseren Dynojet 424xLC2 ... Weiterlesen","og_url":"https:\/\/siemoneit.de\/de\/leistungspruefstand\/","og_site_name":"Siemoneit GmbH","article_publisher":"https:\/\/www.facebook.com\/siemoneit.racing","article_modified_time":"2026-04-17T14:54:24+00:00","og_image":[{"width":1371,"height":914,"url":"https:\/\/siemoneit.de\/wp-content\/uploads\/2023\/04\/15464222177_DB_02098-Bearbeitet.jpg","type":"image\/jpeg"}],"twitter_card":"summary_large_image","twitter_misc":{"Gesch\u00e4tzte Lesezeit":"2\u00a0Minuten"},"schema":{"@context":"https:\/\/schema.org","@graph":[{"@type":"WebPage","@id":"https:\/\/siemoneit.de\/leistungspruefstand\/","url":"https:\/\/siemoneit.de\/leistungspruefstand\/","name":"Pr\u00fcfstand - Siemoneit GmbH","isPartOf":{"@id":"https:\/\/siemoneit.de\/#website"},"primaryImageOfPage":{"@id":"https:\/\/siemoneit.de\/leistungspruefstand\/#primaryimage"},"image":{"@id":"https:\/\/siemoneit.de\/leistungspruefstand\/#primaryimage"},"thumbnailUrl":"https:\/\/siemoneit.de\/wp-content\/uploads\/2023\/04\/15464222177_DB_02098-Bearbeitet.jpg","datePublished":"2023-04-05T16:27:28+00:00","dateModified":"2026-04-17T14:54:24+00:00","breadcrumb":{"@id":"https:\/\/siemoneit.de\/leistungspruefstand\/#breadcrumb"},"inLanguage":"de","potentialAction":[{"@type":"ReadAction","target":["https:\/\/siemoneit.de\/leistungspruefstand\/"]}]},{"@type":"ImageObject","inLanguage":"de","@id":"https:\/\/siemoneit.de\/leistungspruefstand\/#primaryimage","url":"https:\/\/siemoneit.de\/wp-content\/uploads\/2023\/04\/15464222177_DB_02098-Bearbeitet.jpg","contentUrl":"https:\/\/siemoneit.de\/wp-content\/uploads\/2023\/04\/15464222177_DB_02098-Bearbeitet.jpg","width":1371,"height":914},{"@type":"BreadcrumbList","@id":"https:\/\/siemoneit.de\/leistungspruefstand\/#breadcrumb","itemListElement":[{"@type":"ListItem","position":1,"name":"Startseite","item":"https:\/\/siemoneit.de\/"},{"@type":"ListItem","position":2,"name":"Pr\u00fcfstand"}]},{"@type":"WebSite","@id":"https:\/\/siemoneit.de\/#website","url":"https:\/\/siemoneit.de\/","name":"Siemoneit GmbH","description":"","publisher":{"@id":"https:\/\/siemoneit.de\/#organization"},"potentialAction":[{"@type":"SearchAction","target":{"@type":"EntryPoint","urlTemplate":"https:\/\/siemoneit.de\/?s={search_term_string}"},"query-input":{"@type":"PropertyValueSpecification","valueRequired":true,"valueName":"search_term_string"}}],"inLanguage":"de"},{"@type":"Organization","@id":"https:\/\/siemoneit.de\/#organization","name":"Siemoneit GmbH","url":"https:\/\/siemoneit.de\/","logo":{"@type":"ImageObject","inLanguage":"de","@id":"https:\/\/siemoneit.de\/#\/schema\/logo\/image\/","url":"https:\/\/siemoneit.de\/wp-content\/uploads\/2023\/04\/images-removebg-preview.png","contentUrl":"https:\/\/siemoneit.de\/wp-content\/uploads\/2023\/04\/images-removebg-preview.png","width":225,"height":225,"caption":"Siemoneit GmbH"},"image":{"@id":"https:\/\/siemoneit.de\/#\/schema\/logo\/image\/"},"sameAs":["https:\/\/www.facebook.com\/siemoneit.racing","https:\/\/www.instagram.com\/siemoneit_racing\/"]}]}},"_links":{"self":[{"href":"https:\/\/siemoneit.de\/de\/wp-json\/wp\/v2\/pages\/614","targetHints":{"allow":["GET"]}}],"collection":[{"href":"https:\/\/siemoneit.de\/de\/wp-json\/wp\/v2\/pages"}],"about":[{"href":"https:\/\/siemoneit.de\/de\/wp-json\/wp\/v2\/types\/page"}],"author":[{"embeddable":true,"href":"https:\/\/siemoneit.de\/de\/wp-json\/wp\/v2\/users\/1"}],"replies":[{"embeddable":true,"href":"https:\/\/siemoneit.de\/de\/wp-json\/wp\/v2\/comments?post=614"}],"version-history":[{"count":5,"href":"https:\/\/siemoneit.de\/de\/wp-json\/wp\/v2\/pages\/614\/revisions"}],"predecessor-version":[{"id":6490,"href":"https:\/\/siemoneit.de\/de\/wp-json\/wp\/v2\/pages\/614\/revisions\/6490"}],"wp:featuredmedia":[{"embeddable":true,"href":"https:\/\/siemoneit.de\/de\/wp-json\/wp\/v2\/media\/871"}],"wp:attachment":[{"href":"https:\/\/siemoneit.de\/de\/wp-json\/wp\/v2\/media?parent=614"}],"curies":[{"name":"wp","href":"https:\/\/api.w.org\/{rel}","templated":true}]}}