{"id":25,"date":"2023-04-03T10:31:49","date_gmt":"2023-04-03T08:31:49","guid":{"rendered":"https:\/\/siemoneit.de\/?page_id=25"},"modified":"2025-07-10T17:48:28","modified_gmt":"2025-07-10T15:48:28","slug":"rezensionen","status":"publish","type":"page","link":"https:\/\/siemoneit.de\/de\/rezensionen\/","title":{"rendered":"Rezensionen"},"content":{"rendered":"<h2>Warum uns w\u00e4hlen<\/h2>\n<p>Es ist sehr wichtig f\u00fcr andere zu lesen, welche Erfahrungen man mit uns gemacht hat. Gleichzeitig k\u00f6nnen wir bei Kritik auch konstuktiv damit umgehen und versuchen, wenn Mal etwas nicht optimal gelaufen ist unsere Prozesse zu verbessern. Wir werden uns alles zu Herzen nehmen, was wir ehrlich gesagt oder geschrieben bekommen und versuchen im Rahmen unseres m\u00f6glichen eine Verbesserung oder eine \u00c4nderung herbei zu f\u00fchren. Wir freuen uns auch \u00fcber Ihre Rezension, wenn Sie vor langer Zeit bei uns waren, auch das kann unseren Kunden helfen eine Entscheidung zu treffen! Viel Freude beim Schreiben Ihrer eigenen Rezension. Die Rezensionen werden vor der Ver\u00f6ffentlichung bei uns auf die Echtheit gepr\u00fcft. Es werden nur Rezensionen ver\u00f6ffentlicht, die seri\u00f6s und angemessen geschrieben sind und nur von Kunden, die wirklich Kontakt mit uns hatten.<\/p>\n<div data-src=\"https:\/\/cdn.trustindex.io\/loader.js?7e3cd1a16ee8923bd66680e4c8f\"><\/div>\n","protected":false},"excerpt":{"rendered":"<p>Warum uns w\u00e4hlen Es ist sehr wichtig f\u00fcr andere zu lesen, welche Erfahrungen man mit uns gemacht hat. Gleichzeitig k\u00f6nnen wir bei Kritik auch konstuktiv damit umgehen und versuchen, wenn Mal etwas nicht optimal gelaufen ist unsere Prozesse zu verbessern. Wir werden uns alles zu Herzen nehmen, was wir ehrlich gesagt oder geschrieben bekommen und &#8230; <a title=\"Rezensionen\" class=\"read-more\" href=\"https:\/\/siemoneit.de\/de\/rezensionen\/\" aria-label=\"Mehr Informationen \u00fcber Rezensionen\">Weiterlesen<\/a><\/p>\n","protected":false},"author":1,"featured_media":1196,"parent":0,"menu_order":0,"comment_status":"open","ping_status":"closed","template":"leistungen-template.php","meta":{"_acf_changed":false,"footnotes":""},"class_list":["post-25","page","type-page","status-publish","has-post-thumbnail"],"acf":[],"yoast_head":"<!-- This site is optimized with the Yoast SEO plugin v27.4 - https:\/\/yoast.com\/product\/yoast-seo-wordpress\/ -->\n<title>Rezensionen - Siemoneit GmbH<\/title>\n<meta name=\"robots\" content=\"index, follow, max-snippet:-1, max-image-preview:large, max-video-preview:-1\" \/>\n<link rel=\"canonical\" href=\"https:\/\/siemoneit.de\/de\/rezensionen\/\" \/>\n<meta property=\"og:locale\" content=\"de_DE\" \/>\n<meta property=\"og:type\" content=\"article\" \/>\n<meta property=\"og:title\" content=\"Rezensionen - Siemoneit GmbH\" \/>\n<meta property=\"og:description\" content=\"Warum uns w\u00e4hlen Es ist sehr wichtig f\u00fcr andere zu lesen, welche Erfahrungen man mit uns gemacht hat. Gleichzeitig k\u00f6nnen wir bei Kritik auch konstuktiv damit umgehen und versuchen, wenn Mal etwas nicht optimal gelaufen ist unsere Prozesse zu verbessern. Wir werden uns alles zu Herzen nehmen, was wir ehrlich gesagt oder geschrieben bekommen und ... Weiterlesen\" \/>\n<meta property=\"og:url\" content=\"https:\/\/siemoneit.de\/de\/rezensionen\/\" \/>\n<meta property=\"og:site_name\" content=\"Siemoneit GmbH\" \/>\n<meta property=\"article:publisher\" content=\"https:\/\/www.facebook.com\/siemoneit.racing\" \/>\n<meta property=\"article:modified_time\" content=\"2025-07-10T15:48:28+00:00\" \/>\n<meta property=\"og:image\" content=\"https:\/\/siemoneit.de\/wp-content\/uploads\/2023\/05\/154781379734_sr_website_00013.jpg\" \/>\n\t<meta property=\"og:image:width\" content=\"1920\" \/>\n\t<meta property=\"og:image:height\" content=\"914\" \/>\n\t<meta property=\"og:image:type\" content=\"image\/jpeg\" \/>\n<meta name=\"twitter:card\" content=\"summary_large_image\" \/>\n<meta name=\"twitter:label1\" content=\"Gesch\u00e4tzte Lesezeit\" \/>\n\t<meta name=\"twitter:data1\" content=\"1\u00a0Minute\" \/>\n<script type=\"application\/ld+json\" class=\"yoast-schema-graph\">{\"@context\":\"https:\\\/\\\/schema.org\",\"@graph\":[{\"@type\":\"WebPage\",\"@id\":\"https:\\\/\\\/siemoneit.de\\\/rezensionen\\\/\",\"url\":\"https:\\\/\\\/siemoneit.de\\\/rezensionen\\\/\",\"name\":\"Rezensionen - Siemoneit GmbH\",\"isPartOf\":{\"@id\":\"https:\\\/\\\/siemoneit.de\\\/#website\"},\"primaryImageOfPage\":{\"@id\":\"https:\\\/\\\/siemoneit.de\\\/rezensionen\\\/#primaryimage\"},\"image\":{\"@id\":\"https:\\\/\\\/siemoneit.de\\\/rezensionen\\\/#primaryimage\"},\"thumbnailUrl\":\"https:\\\/\\\/siemoneit.de\\\/wp-content\\\/uploads\\\/2023\\\/05\\\/154781379734_sr_website_00013.jpg\",\"datePublished\":\"2023-04-03T08:31:49+00:00\",\"dateModified\":\"2025-07-10T15:48:28+00:00\",\"breadcrumb\":{\"@id\":\"https:\\\/\\\/siemoneit.de\\\/rezensionen\\\/#breadcrumb\"},\"inLanguage\":\"de\",\"potentialAction\":[{\"@type\":\"ReadAction\",\"target\":[\"https:\\\/\\\/siemoneit.de\\\/rezensionen\\\/\"]}]},{\"@type\":\"ImageObject\",\"inLanguage\":\"de\",\"@id\":\"https:\\\/\\\/siemoneit.de\\\/rezensionen\\\/#primaryimage\",\"url\":\"https:\\\/\\\/siemoneit.de\\\/wp-content\\\/uploads\\\/2023\\\/05\\\/154781379734_sr_website_00013.jpg\",\"contentUrl\":\"https:\\\/\\\/siemoneit.de\\\/wp-content\\\/uploads\\\/2023\\\/05\\\/154781379734_sr_website_00013.jpg\",\"width\":1920,\"height\":914},{\"@type\":\"BreadcrumbList\",\"@id\":\"https:\\\/\\\/siemoneit.de\\\/rezensionen\\\/#breadcrumb\",\"itemListElement\":[{\"@type\":\"ListItem\",\"position\":1,\"name\":\"Startseite\",\"item\":\"https:\\\/\\\/siemoneit.de\\\/\"},{\"@type\":\"ListItem\",\"position\":2,\"name\":\"Rezensionen\"}]},{\"@type\":\"WebSite\",\"@id\":\"https:\\\/\\\/siemoneit.de\\\/#website\",\"url\":\"https:\\\/\\\/siemoneit.de\\\/\",\"name\":\"Siemoneit GmbH\",\"description\":\"\",\"publisher\":{\"@id\":\"https:\\\/\\\/siemoneit.de\\\/#organization\"},\"potentialAction\":[{\"@type\":\"SearchAction\",\"target\":{\"@type\":\"EntryPoint\",\"urlTemplate\":\"https:\\\/\\\/siemoneit.de\\\/?s={search_term_string}\"},\"query-input\":{\"@type\":\"PropertyValueSpecification\",\"valueRequired\":true,\"valueName\":\"search_term_string\"}}],\"inLanguage\":\"de\"},{\"@type\":\"Organization\",\"@id\":\"https:\\\/\\\/siemoneit.de\\\/#organization\",\"name\":\"Siemoneit GmbH\",\"url\":\"https:\\\/\\\/siemoneit.de\\\/\",\"logo\":{\"@type\":\"ImageObject\",\"inLanguage\":\"de\",\"@id\":\"https:\\\/\\\/siemoneit.de\\\/#\\\/schema\\\/logo\\\/image\\\/\",\"url\":\"https:\\\/\\\/siemoneit.de\\\/wp-content\\\/uploads\\\/2023\\\/04\\\/images-removebg-preview.png\",\"contentUrl\":\"https:\\\/\\\/siemoneit.de\\\/wp-content\\\/uploads\\\/2023\\\/04\\\/images-removebg-preview.png\",\"width\":225,\"height\":225,\"caption\":\"Siemoneit GmbH\"},\"image\":{\"@id\":\"https:\\\/\\\/siemoneit.de\\\/#\\\/schema\\\/logo\\\/image\\\/\"},\"sameAs\":[\"https:\\\/\\\/www.facebook.com\\\/siemoneit.racing\",\"https:\\\/\\\/www.instagram.com\\\/siemoneit_racing\\\/\"]}]}<\/script>\n<!-- \/ Yoast SEO plugin. -->","yoast_head_json":{"title":"Rezensionen - Siemoneit GmbH","robots":{"index":"index","follow":"follow","max-snippet":"max-snippet:-1","max-image-preview":"max-image-preview:large","max-video-preview":"max-video-preview:-1"},"canonical":"https:\/\/siemoneit.de\/de\/rezensionen\/","og_locale":"de_DE","og_type":"article","og_title":"Rezensionen - Siemoneit GmbH","og_description":"Warum uns w\u00e4hlen Es ist sehr wichtig f\u00fcr andere zu lesen, welche Erfahrungen man mit uns gemacht hat. Gleichzeitig k\u00f6nnen wir bei Kritik auch konstuktiv damit umgehen und versuchen, wenn Mal etwas nicht optimal gelaufen ist unsere Prozesse zu verbessern. Wir werden uns alles zu Herzen nehmen, was wir ehrlich gesagt oder geschrieben bekommen und ... Weiterlesen","og_url":"https:\/\/siemoneit.de\/de\/rezensionen\/","og_site_name":"Siemoneit GmbH","article_publisher":"https:\/\/www.facebook.com\/siemoneit.racing","article_modified_time":"2025-07-10T15:48:28+00:00","og_image":[{"width":1920,"height":914,"url":"https:\/\/siemoneit.de\/wp-content\/uploads\/2023\/05\/154781379734_sr_website_00013.jpg","type":"image\/jpeg"}],"twitter_card":"summary_large_image","twitter_misc":{"Gesch\u00e4tzte Lesezeit":"1\u00a0Minute"},"schema":{"@context":"https:\/\/schema.org","@graph":[{"@type":"WebPage","@id":"https:\/\/siemoneit.de\/rezensionen\/","url":"https:\/\/siemoneit.de\/rezensionen\/","name":"Rezensionen - Siemoneit GmbH","isPartOf":{"@id":"https:\/\/siemoneit.de\/#website"},"primaryImageOfPage":{"@id":"https:\/\/siemoneit.de\/rezensionen\/#primaryimage"},"image":{"@id":"https:\/\/siemoneit.de\/rezensionen\/#primaryimage"},"thumbnailUrl":"https:\/\/siemoneit.de\/wp-content\/uploads\/2023\/05\/154781379734_sr_website_00013.jpg","datePublished":"2023-04-03T08:31:49+00:00","dateModified":"2025-07-10T15:48:28+00:00","breadcrumb":{"@id":"https:\/\/siemoneit.de\/rezensionen\/#breadcrumb"},"inLanguage":"de","potentialAction":[{"@type":"ReadAction","target":["https:\/\/siemoneit.de\/rezensionen\/"]}]},{"@type":"ImageObject","inLanguage":"de","@id":"https:\/\/siemoneit.de\/rezensionen\/#primaryimage","url":"https:\/\/siemoneit.de\/wp-content\/uploads\/2023\/05\/154781379734_sr_website_00013.jpg","contentUrl":"https:\/\/siemoneit.de\/wp-content\/uploads\/2023\/05\/154781379734_sr_website_00013.jpg","width":1920,"height":914},{"@type":"BreadcrumbList","@id":"https:\/\/siemoneit.de\/rezensionen\/#breadcrumb","itemListElement":[{"@type":"ListItem","position":1,"name":"Startseite","item":"https:\/\/siemoneit.de\/"},{"@type":"ListItem","position":2,"name":"Rezensionen"}]},{"@type":"WebSite","@id":"https:\/\/siemoneit.de\/#website","url":"https:\/\/siemoneit.de\/","name":"Siemoneit GmbH","description":"","publisher":{"@id":"https:\/\/siemoneit.de\/#organization"},"potentialAction":[{"@type":"SearchAction","target":{"@type":"EntryPoint","urlTemplate":"https:\/\/siemoneit.de\/?s={search_term_string}"},"query-input":{"@type":"PropertyValueSpecification","valueRequired":true,"valueName":"search_term_string"}}],"inLanguage":"de"},{"@type":"Organization","@id":"https:\/\/siemoneit.de\/#organization","name":"Siemoneit GmbH","url":"https:\/\/siemoneit.de\/","logo":{"@type":"ImageObject","inLanguage":"de","@id":"https:\/\/siemoneit.de\/#\/schema\/logo\/image\/","url":"https:\/\/siemoneit.de\/wp-content\/uploads\/2023\/04\/images-removebg-preview.png","contentUrl":"https:\/\/siemoneit.de\/wp-content\/uploads\/2023\/04\/images-removebg-preview.png","width":225,"height":225,"caption":"Siemoneit GmbH"},"image":{"@id":"https:\/\/siemoneit.de\/#\/schema\/logo\/image\/"},"sameAs":["https:\/\/www.facebook.com\/siemoneit.racing","https:\/\/www.instagram.com\/siemoneit_racing\/"]}]}},"_links":{"self":[{"href":"https:\/\/siemoneit.de\/de\/wp-json\/wp\/v2\/pages\/25","targetHints":{"allow":["GET"]}}],"collection":[{"href":"https:\/\/siemoneit.de\/de\/wp-json\/wp\/v2\/pages"}],"about":[{"href":"https:\/\/siemoneit.de\/de\/wp-json\/wp\/v2\/types\/page"}],"author":[{"embeddable":true,"href":"https:\/\/siemoneit.de\/de\/wp-json\/wp\/v2\/users\/1"}],"replies":[{"embeddable":true,"href":"https:\/\/siemoneit.de\/de\/wp-json\/wp\/v2\/comments?post=25"}],"version-history":[{"count":2,"href":"https:\/\/siemoneit.de\/de\/wp-json\/wp\/v2\/pages\/25\/revisions"}],"predecessor-version":[{"id":6366,"href":"https:\/\/siemoneit.de\/de\/wp-json\/wp\/v2\/pages\/25\/revisions\/6366"}],"wp:featuredmedia":[{"embeddable":true,"href":"https:\/\/siemoneit.de\/de\/wp-json\/wp\/v2\/media\/1196"}],"wp:attachment":[{"href":"https:\/\/siemoneit.de\/de\/wp-json\/wp\/v2\/media?parent=25"}],"curies":[{"name":"wp","href":"https:\/\/api.w.org\/{rel}","templated":true}]}}